{"id":4290,"date":"2026-02-17T17:12:32","date_gmt":"2026-02-17T16:12:32","guid":{"rendered":"https:\/\/reseau-amylose.org\/soins\/?page_id=4290"},"modified":"2026-02-17T17:38:35","modified_gmt":"2026-02-17T16:38:35","slug":"reseau-amylose-national-quebec","status":"publish","type":"page","link":"https:\/\/reseau-amylose.org\/soins\/reseau-amylose-national-quebec\/","title":{"rendered":"R\u00e9seau Amylose Qu\u00e9bec"},"content":{"rendered":"\t\t<div data-elementor-type=\"wp-page\" data-elementor-id=\"4290\" class=\"elementor elementor-4290\" data-elementor-post-type=\"page\">\n\t\t\t\t\t\t<section class=\"elementor-section elementor-top-section elementor-element elementor-element-5a8cb1b elementor-section-boxed elementor-section-height-default elementor-section-height-default\" data-id=\"5a8cb1b\" data-element_type=\"section\" data-settings=\"{&quot;background_background&quot;:&quot;classic&quot;}\">\n\t\t\t\t\t\t<div class=\"elementor-container elementor-column-gap-default\">\n\t\t\t\t\t<div class=\"elementor-column elementor-col-100 elementor-top-column elementor-element elementor-element-6523bfc\" data-id=\"6523bfc\" data-element_type=\"column\">\n\t\t\t<div class=\"elementor-widget-wrap elementor-element-populated\">\n\t\t\t\t\t\t<div class=\"elementor-element elementor-element-7b56e2c elementor-widget elementor-widget-heading\" data-id=\"7b56e2c\" data-element_type=\"widget\" data-widget_type=\"heading.default\">\n\t\t\t\t<div class=\"elementor-widget-container\">\n\t\t\t\t\t<h1 class=\"elementor-heading-title elementor-size-default\">R\u00e9seau Amylose national Qu\u00e9bec<\/h1>\t\t\t\t<\/div>\n\t\t\t\t<\/div>\n\t\t\t\t\t<\/div>\n\t\t<\/div>\n\t\t\t\t\t<\/div>\n\t\t<\/section>\n\t\t\t\t<section class=\"elementor-section elementor-top-section elementor-element elementor-element-103ac70 elementor-section-boxed elementor-section-height-default elementor-section-height-default\" data-id=\"103ac70\" data-element_type=\"section\">\n\t\t\t\t\t\t<div class=\"elementor-container elementor-column-gap-default\">\n\t\t\t\t\t<div class=\"elementor-column elementor-col-100 elementor-top-column elementor-element elementor-element-b05e9fc\" data-id=\"b05e9fc\" data-element_type=\"column\">\n\t\t\t<div class=\"elementor-widget-wrap elementor-element-populated\">\n\t\t\t\t\t\t<div class=\"elementor-element elementor-element-2a5aeed elementor-widget elementor-widget-text-editor\" data-id=\"2a5aeed\" data-element_type=\"widget\" data-widget_type=\"text-editor.default\">\n\t\t\t\t<div class=\"elementor-widget-container\">\n\t\t\t\t\t\t\t\t\t<h1 style=\"text-align: center\"><em>Page en construction<\/em><\/h1>\t\t\t\t\t\t\t\t<\/div>\n\t\t\t\t<\/div>\n\t\t\t\t\t<\/div>\n\t\t<\/div>\n\t\t\t\t\t<\/div>\n\t\t<\/section>\n\t\t\t\t<\/div>\n\t\t","protected":false},"excerpt":{"rendered":"<p>R\u00e9seau Amylose national Qu\u00e9bec Page en construction<\/p>\n","protected":false},"author":2,"featured_media":0,"parent":0,"menu_order":0,"comment_status":"closed","ping_status":"closed","template":"","meta":{"_monsterinsights_skip_tracking":false,"_monsterinsights_sitenote_active":false,"_monsterinsights_sitenote_note":"","_monsterinsights_sitenote_category":0,"footnotes":""},"categories":[],"tags":[],"class_list":["post-4290","page","type-page","status-publish","hentry"],"yoast_head":"<!-- This site is optimized with the Yoast SEO plugin v25.5 - https:\/\/yoast.com\/wordpress\/plugins\/seo\/ -->\n<title>R\u00e9seau Amylose Qu\u00e9bec - R\u00e9seau Amylose - r\u00e9seau de soins<\/title>\n<meta name=\"description\" content=\"Patient, proche, professionnel, trouvez une structure\/un professionnel expert de l&#039;amylose proche de chez vous, t\u00e9l\u00e9chargez la fiche...\" \/>\n<meta name=\"robots\" content=\"index, follow, max-snippet:-1, max-image-preview:large, max-video-preview:-1\" \/>\n<link rel=\"canonical\" href=\"https:\/\/reseau-amylose.org\/soins\/reseau-amylose-national-quebec\/\" \/>\n<meta property=\"og:locale\" content=\"fr_FR\" \/>\n<meta property=\"og:type\" content=\"article\" \/>\n<meta property=\"og:title\" content=\"R\u00e9seau Amylose Qu\u00e9bec - R\u00e9seau Amylose - r\u00e9seau de soins\" \/>\n<meta property=\"og:description\" content=\"Patient, proche, professionnel, trouvez une structure\/un professionnel expert de l&#039;amylose proche de chez vous, t\u00e9l\u00e9chargez la fiche...\" \/>\n<meta property=\"og:url\" content=\"https:\/\/reseau-amylose.org\/soins\/reseau-amylose-national-quebec\/\" \/>\n<meta property=\"og:site_name\" content=\"R\u00e9seau Amylose - r\u00e9seau de soins\" \/>\n<meta property=\"article:modified_time\" content=\"2026-02-17T16:38:35+00:00\" \/>\n<meta name=\"twitter:card\" content=\"summary_large_image\" \/>\n<script type=\"application\/ld+json\" class=\"yoast-schema-graph\">{\"@context\":\"https:\/\/schema.org\",\"@graph\":[{\"@type\":\"WebPage\",\"@id\":\"https:\/\/reseau-amylose.org\/soins\/reseau-amylose-national-quebec\/\",\"url\":\"https:\/\/reseau-amylose.org\/soins\/reseau-amylose-national-quebec\/\",\"name\":\"R\u00e9seau Amylose Qu\u00e9bec - R\u00e9seau Amylose - r\u00e9seau de soins\",\"isPartOf\":{\"@id\":\"http:\/\/reseau-amylose.org\/soins\/#website\"},\"datePublished\":\"2026-02-17T16:12:32+00:00\",\"dateModified\":\"2026-02-17T16:38:35+00:00\",\"description\":\"Patient, proche, professionnel, trouvez une structure\/un professionnel expert de l'amylose proche de chez vous, t\u00e9l\u00e9chargez la fiche...\",\"breadcrumb\":{\"@id\":\"https:\/\/reseau-amylose.org\/soins\/reseau-amylose-national-quebec\/#breadcrumb\"},\"inLanguage\":\"fr-FR\",\"potentialAction\":[{\"@type\":\"ReadAction\",\"target\":[\"https:\/\/reseau-amylose.org\/soins\/reseau-amylose-national-quebec\/\"]}]},{\"@type\":\"BreadcrumbList\",\"@id\":\"https:\/\/reseau-amylose.org\/soins\/reseau-amylose-national-quebec\/#breadcrumb\",\"itemListElement\":[{\"@type\":\"ListItem\",\"position\":1,\"name\":\"Accueil\",\"item\":\"http:\/\/reseau-amylose.org\/soins\/\"},{\"@type\":\"ListItem\",\"position\":2,\"name\":\"R\u00e9seau Amylose Qu\u00e9bec\"}]},{\"@type\":\"WebSite\",\"@id\":\"http:\/\/reseau-amylose.org\/soins\/#website\",\"url\":\"http:\/\/reseau-amylose.org\/soins\/\",\"name\":\"R\u00e9seau Amylose - r\u00e9seau de soins\",\"description\":\"Centre de r\u00e9f\u00e9rence des amyloses cardiaques\",\"potentialAction\":[{\"@type\":\"SearchAction\",\"target\":{\"@type\":\"EntryPoint\",\"urlTemplate\":\"http:\/\/reseau-amylose.org\/soins\/?s={search_term_string}\"},\"query-input\":{\"@type\":\"PropertyValueSpecification\",\"valueRequired\":true,\"valueName\":\"search_term_string\"}}],\"inLanguage\":\"fr-FR\"}]}<\/script>\n<!-- \/ Yoast SEO plugin. -->","yoast_head_json":{"title":"R\u00e9seau Amylose Qu\u00e9bec - R\u00e9seau Amylose - r\u00e9seau de soins","description":"Patient, proche, professionnel, trouvez une structure\/un professionnel expert de l'amylose proche de chez vous, t\u00e9l\u00e9chargez la fiche...","robots":{"index":"index","follow":"follow","max-snippet":"max-snippet:-1","max-image-preview":"max-image-preview:large","max-video-preview":"max-video-preview:-1"},"canonical":"https:\/\/reseau-amylose.org\/soins\/reseau-amylose-national-quebec\/","og_locale":"fr_FR","og_type":"article","og_title":"R\u00e9seau Amylose Qu\u00e9bec - R\u00e9seau Amylose - r\u00e9seau de soins","og_description":"Patient, proche, professionnel, trouvez une structure\/un professionnel expert de l'amylose proche de chez vous, t\u00e9l\u00e9chargez la fiche...","og_url":"https:\/\/reseau-amylose.org\/soins\/reseau-amylose-national-quebec\/","og_site_name":"R\u00e9seau Amylose - r\u00e9seau de soins","article_modified_time":"2026-02-17T16:38:35+00:00","twitter_card":"summary_large_image","schema":{"@context":"https:\/\/schema.org","@graph":[{"@type":"WebPage","@id":"https:\/\/reseau-amylose.org\/soins\/reseau-amylose-national-quebec\/","url":"https:\/\/reseau-amylose.org\/soins\/reseau-amylose-national-quebec\/","name":"R\u00e9seau Amylose Qu\u00e9bec - R\u00e9seau Amylose - r\u00e9seau de soins","isPartOf":{"@id":"http:\/\/reseau-amylose.org\/soins\/#website"},"datePublished":"2026-02-17T16:12:32+00:00","dateModified":"2026-02-17T16:38:35+00:00","description":"Patient, proche, professionnel, trouvez une structure\/un professionnel expert de l'amylose proche de chez vous, t\u00e9l\u00e9chargez la fiche...","breadcrumb":{"@id":"https:\/\/reseau-amylose.org\/soins\/reseau-amylose-national-quebec\/#breadcrumb"},"inLanguage":"fr-FR","potentialAction":[{"@type":"ReadAction","target":["https:\/\/reseau-amylose.org\/soins\/reseau-amylose-national-quebec\/"]}]},{"@type":"BreadcrumbList","@id":"https:\/\/reseau-amylose.org\/soins\/reseau-amylose-national-quebec\/#breadcrumb","itemListElement":[{"@type":"ListItem","position":1,"name":"Accueil","item":"http:\/\/reseau-amylose.org\/soins\/"},{"@type":"ListItem","position":2,"name":"R\u00e9seau Amylose Qu\u00e9bec"}]},{"@type":"WebSite","@id":"http:\/\/reseau-amylose.org\/soins\/#website","url":"http:\/\/reseau-amylose.org\/soins\/","name":"R\u00e9seau Amylose - r\u00e9seau de soins","description":"Centre de r\u00e9f\u00e9rence des amyloses cardiaques","potentialAction":[{"@type":"SearchAction","target":{"@type":"EntryPoint","urlTemplate":"http:\/\/reseau-amylose.org\/soins\/?s={search_term_string}"},"query-input":{"@type":"PropertyValueSpecification","valueRequired":true,"valueName":"search_term_string"}}],"inLanguage":"fr-FR"}]}},"_links":{"self":[{"href":"https:\/\/reseau-amylose.org\/soins\/wp-json\/wp\/v2\/pages\/4290","targetHints":{"allow":["GET"]}}],"collection":[{"href":"https:\/\/reseau-amylose.org\/soins\/wp-json\/wp\/v2\/pages"}],"about":[{"href":"https:\/\/reseau-amylose.org\/soins\/wp-json\/wp\/v2\/types\/page"}],"author":[{"embeddable":true,"href":"https:\/\/reseau-amylose.org\/soins\/wp-json\/wp\/v2\/users\/2"}],"replies":[{"embeddable":true,"href":"https:\/\/reseau-amylose.org\/soins\/wp-json\/wp\/v2\/comments?post=4290"}],"version-history":[{"count":4,"href":"https:\/\/reseau-amylose.org\/soins\/wp-json\/wp\/v2\/pages\/4290\/revisions"}],"predecessor-version":[{"id":4295,"href":"https:\/\/reseau-amylose.org\/soins\/wp-json\/wp\/v2\/pages\/4290\/revisions\/4295"}],"wp:attachment":[{"href":"https:\/\/reseau-amylose.org\/soins\/wp-json\/wp\/v2\/media?parent=4290"}],"wp:term":[{"taxonomy":"category","embeddable":true,"href":"https:\/\/reseau-amylose.org\/soins\/wp-json\/wp\/v2\/categories?post=4290"},{"taxonomy":"post_tag","embeddable":true,"href":"https:\/\/reseau-amylose.org\/soins\/wp-json\/wp\/v2\/tags?post=4290"}],"curies":[{"name":"wp","href":"https:\/\/api.w.org\/{rel}","templated":true}]}}