{"id":4020,"date":"2024-11-21T19:16:24","date_gmt":"2024-11-21T18:16:24","guid":{"rendered":"https:\/\/reseau-amylose.org\/soins\/?page_id=4020"},"modified":"2024-11-22T11:18:59","modified_gmt":"2024-11-22T10:18:59","slug":"pourquoi-le-conseil-genetique","status":"publish","type":"page","link":"https:\/\/reseau-amylose.org\/soins\/pourquoi-le-conseil-genetique\/","title":{"rendered":"Pourquoi le conseil g\u00e9n\u00e9tique ?"},"content":{"rendered":"\t\t<div data-elementor-type=\"wp-page\" data-elementor-id=\"4020\" class=\"elementor elementor-4020\" data-elementor-post-type=\"page\">\n\t\t\t\t\t\t<section class=\"elementor-section elementor-top-section elementor-element elementor-element-9a789bd elementor-section-boxed elementor-section-height-default elementor-section-height-default\" data-id=\"9a789bd\" data-element_type=\"section\" data-settings=\"{&quot;background_background&quot;:&quot;classic&quot;}\">\n\t\t\t\t\t\t<div class=\"elementor-container elementor-column-gap-default\">\n\t\t\t\t\t<div class=\"elementor-column elementor-col-100 elementor-top-column elementor-element elementor-element-d436c96\" data-id=\"d436c96\" data-element_type=\"column\">\n\t\t\t<div class=\"elementor-widget-wrap elementor-element-populated\">\n\t\t\t\t\t\t<div class=\"elementor-element elementor-element-8758218 elementor-widget elementor-widget-heading\" data-id=\"8758218\" data-element_type=\"widget\" data-widget_type=\"heading.default\">\n\t\t\t\t<div class=\"elementor-widget-container\">\n\t\t\t\t\t<h1 class=\"elementor-heading-title elementor-size-default\">Pourquoi le conseil g\u00e9n\u00e9tique?<\/h1>\t\t\t\t<\/div>\n\t\t\t\t<\/div>\n\t\t\t\t\t<\/div>\n\t\t<\/div>\n\t\t\t\t\t<\/div>\n\t\t<\/section>\n\t\t\t\t<section class=\"elementor-section elementor-top-section elementor-element elementor-element-8c1cb9d elementor-section-boxed elementor-section-height-default elementor-section-height-default\" data-id=\"8c1cb9d\" data-element_type=\"section\">\n\t\t\t\t\t\t<div class=\"elementor-container elementor-column-gap-default\">\n\t\t\t\t\t<div class=\"elementor-column elementor-col-100 elementor-top-column elementor-element elementor-element-fa9f3f7\" data-id=\"fa9f3f7\" data-element_type=\"column\">\n\t\t\t<div class=\"elementor-widget-wrap elementor-element-populated\">\n\t\t\t\t\t\t<div class=\"elementor-element elementor-element-24cd4a3 elementor-widget elementor-widget-text-editor\" data-id=\"24cd4a3\" data-element_type=\"widget\" data-widget_type=\"text-editor.default\">\n\t\t\t\t<div class=\"elementor-widget-container\">\n\t\t\t\t\t\t\t\t\t<p>Pourquoi le conseil g\u00e9n\u00e9tique ? Le conseil g\u00e9n\u00e9tique joue un r\u00f4le crucial dans le diagnostic de l&rsquo;amylose \u00e0 transthyr\u00e9tine, en permettant de comprendre ses m\u00e9canismes, de pr\u00e9venir les complications et d&rsquo;accompagner les familles concern\u00e9es.<\/p>\t\t\t\t\t\t\t\t<\/div>\n\t\t\t\t<\/div>\n\t\t\t\t<div class=\"elementor-element elementor-element-52765d1 elementor-widget elementor-widget-heading\" data-id=\"52765d1\" data-element_type=\"widget\" data-widget_type=\"heading.default\">\n\t\t\t\t<div class=\"elementor-widget-container\">\n\t\t\t\t\t<h2 class=\"elementor-heading-title elementor-size-default\">Pourquoi le conseil g\u00e9n\u00e9tique ? Diagnostic et pr\u00e9vention des formes h\u00e9r\u00e9ditaires d\u2019ATTR<\/h2>\t\t\t\t<\/div>\n\t\t\t\t<\/div>\n\t\t\t\t<div class=\"elementor-element elementor-element-640728f elementor-widget elementor-widget-text-editor\" data-id=\"640728f\" data-element_type=\"widget\" data-widget_type=\"text-editor.default\">\n\t\t\t\t<div class=\"elementor-widget-container\">\n\t\t\t\t\t\t\t\t\t<p>Le diagnostic g\u00e9n\u00e9tique de l\u2019amylose \u00e0 transthyr\u00e9tine (ATTR) permet d\u2019identifier les mutations sp\u00e9cifiques du g\u00e8ne TTR, \u00e0 l\u2019origine de cette maladie h\u00e9r\u00e9ditaire. Cela est particuli\u00e8rement pertinent pour les personnes ayant des ant\u00e9c\u00e9dents familiaux de la maladie. En d\u00e9tectant ces mutations pr\u00e9cocement, il devient possible de surveiller les organes cibles (c\u0153ur, nerfs) avant l\u2019apparition des sympt\u00f4mes, offrant ainsi des opportunit\u00e9s de pr\u00e9vention.<\/p><p>Pourquoi le conseil g\u00e9n\u00e9tique quand on veut un enfant ? Le conseil g\u00e9n\u00e9tique aide les couples concern\u00e9s \u00e0 \u00e9valuer le risque de transmettre la maladie \u00e0 leurs enfants et, si n\u00e9cessaire, \u00e0 envisager des solutions comme le diagnostic pr\u00e9implantatoire pour \u00e9viter la transmission.<\/p>\t\t\t\t\t\t\t\t<\/div>\n\t\t\t\t<\/div>\n\t\t\t\t\t<\/div>\n\t\t<\/div>\n\t\t\t\t\t<\/div>\n\t\t<\/section>\n\t\t\t\t<section class=\"elementor-section elementor-top-section elementor-element elementor-element-6ae3781 elementor-section-boxed elementor-section-height-default elementor-section-height-default\" data-id=\"6ae3781\" data-element_type=\"section\">\n\t\t\t\t\t\t<div class=\"elementor-container elementor-column-gap-default\">\n\t\t\t\t\t<div class=\"elementor-column elementor-col-33 elementor-top-column elementor-element elementor-element-d5d07f7\" data-id=\"d5d07f7\" data-element_type=\"column\">\n\t\t\t<div class=\"elementor-widget-wrap\">\n\t\t\t\t\t\t\t<\/div>\n\t\t<\/div>\n\t\t\t\t<div class=\"elementor-column elementor-col-66 elementor-top-column elementor-element elementor-element-ad53fa3\" data-id=\"ad53fa3\" data-element_type=\"column\">\n\t\t\t<div class=\"elementor-widget-wrap elementor-element-populated\">\n\t\t\t\t\t\t<div class=\"elementor-element elementor-element-30be5ef elementor-widget elementor-widget-heading\" data-id=\"30be5ef\" data-element_type=\"widget\" data-widget_type=\"heading.default\">\n\t\t\t\t<div class=\"elementor-widget-container\">\n\t\t\t\t\t<h3 class=\"elementor-heading-title elementor-size-default\">Le test g\u00e9n\u00e9tique pour diagnostiquer l\u2019amylose cardiaque ou neurologique<\/h3>\t\t\t\t<\/div>\n\t\t\t\t<\/div>\n\t\t\t\t<div class=\"elementor-element elementor-element-949ba80 elementor-widget elementor-widget-heading\" data-id=\"949ba80\" data-element_type=\"widget\" data-widget_type=\"heading.default\">\n\t\t\t\t<div class=\"elementor-widget-container\">\n\t\t\t\t\t<h4 class=\"elementor-heading-title elementor-size-default\">Pr Thibaud DAMY<\/h4>\t\t\t\t<\/div>\n\t\t\t\t<\/div>\n\t\t\t\t<div class=\"elementor-element elementor-element-318bcca elementor-widget elementor-widget-video\" data-id=\"318bcca\" data-element_type=\"widget\" data-settings=\"{&quot;youtube_url&quot;:&quot;https:\\\/\\\/www.youtube.com\\\/watch?time_continue=3&amp;v=q268yzIURhc&amp;embeds_referring_euri=https%3A%2F%2Freseau-amylose.org%2F&amp;embeds_referring_origin=https%3A%2F%2Freseau-amylose.org&amp;source_ve_path=Mjg2NjY&quot;,&quot;video_type&quot;:&quot;youtube&quot;,&quot;controls&quot;:&quot;yes&quot;}\" data-widget_type=\"video.default\">\n\t\t\t\t<div class=\"elementor-widget-container\">\n\t\t\t\t\t\t\t<div class=\"elementor-wrapper elementor-open-inline\">\n\t\t\t<div class=\"elementor-video\"><\/div>\t\t<\/div>\n\t\t\t\t\t\t<\/div>\n\t\t\t\t<\/div>\n\t\t\t\t\t<\/div>\n\t\t<\/div>\n\t\t\t\t\t<\/div>\n\t\t<\/section>\n\t\t\t\t<section class=\"elementor-section elementor-top-section elementor-element elementor-element-a5ef841 elementor-section-boxed elementor-section-height-default elementor-section-height-default\" data-id=\"a5ef841\" data-element_type=\"section\">\n\t\t\t\t\t\t<div class=\"elementor-container elementor-column-gap-default\">\n\t\t\t\t\t<div class=\"elementor-column elementor-col-100 elementor-top-column elementor-element elementor-element-f8f7f43\" data-id=\"f8f7f43\" data-element_type=\"column\">\n\t\t\t<div class=\"elementor-widget-wrap elementor-element-populated\">\n\t\t\t\t\t\t<div class=\"elementor-element elementor-element-e8b77dc elementor-widget elementor-widget-heading\" data-id=\"e8b77dc\" data-element_type=\"widget\" data-widget_type=\"heading.default\">\n\t\t\t\t<div class=\"elementor-widget-container\">\n\t\t\t\t\t<h2 class=\"elementor-heading-title elementor-size-default\">Accompagnement des patients et des familles<\/h2>\t\t\t\t<\/div>\n\t\t\t\t<\/div>\n\t\t\t\t<div class=\"elementor-element elementor-element-66ba930 elementor-widget elementor-widget-text-editor\" data-id=\"66ba930\" data-element_type=\"widget\" data-widget_type=\"text-editor.default\">\n\t\t\t\t<div class=\"elementor-widget-container\">\n\t\t\t\t\t\t\t\t\t<p>Face \u00e0 une maladie complexe comme l\u2019amylose \u00e0 transthyr\u00e9tine, le conseil g\u00e9n\u00e9tique joue un r\u00f4le central dans l\u2019information et le soutien des patients et de leurs proches. Il explique la transmission autosomique dominante de la mutation TTR et les manifestations possibles de la maladie. En compl\u00e9ment, il aide \u00e0 g\u00e9rer l\u2019impact \u00e9motionnel et psychologique d\u2019un diagnostic positif. Les conseillers en g\u00e9n\u00e9tiques accompagnent \u00e9galement les familles dans leurs d\u00e9cisions m\u00e9dicales, comme le choix d\u2019un traitement ou le diagnostic d\u2019autres membres \u00e0 risque, tout en favorisant une communication familiale adapt\u00e9e.<\/p>\t\t\t\t\t\t\t\t<\/div>\n\t\t\t\t<\/div>\n\t\t\t\t\t<\/div>\n\t\t<\/div>\n\t\t\t\t\t<\/div>\n\t\t<\/section>\n\t\t\t\t<section class=\"elementor-section elementor-top-section elementor-element elementor-element-291142e elementor-section-boxed elementor-section-height-default elementor-section-height-default\" data-id=\"291142e\" data-element_type=\"section\">\n\t\t\t\t\t\t<div class=\"elementor-container elementor-column-gap-default\">\n\t\t\t\t\t<div class=\"elementor-column elementor-col-100 elementor-top-column elementor-element elementor-element-91c9756\" data-id=\"91c9756\" data-element_type=\"column\">\n\t\t\t<div class=\"elementor-widget-wrap elementor-element-populated\">\n\t\t\t\t\t\t<div class=\"elementor-element elementor-element-fb1ef3e elementor-widget elementor-widget-heading\" data-id=\"fb1ef3e\" data-element_type=\"widget\" data-widget_type=\"heading.default\">\n\t\t\t\t<div class=\"elementor-widget-container\">\n\t\t\t\t\t<h2 class=\"elementor-heading-title elementor-size-default\">Enjeux \u00e9thiques et soci\u00e9taux li\u00e9s \u00e0 l\u2019ATTR<\/h2>\t\t\t\t<\/div>\n\t\t\t\t<\/div>\n\t\t\t\t<div class=\"elementor-element elementor-element-19cfb57 elementor-widget elementor-widget-text-editor\" data-id=\"19cfb57\" data-element_type=\"widget\" data-widget_type=\"text-editor.default\">\n\t\t\t\t<div class=\"elementor-widget-container\">\n\t\t\t\t\t\t\t\t\t<p>Les tests g\u00e9n\u00e9tiques pour l\u2019ATTR soul\u00e8vent des questions \u00e9thiques importantes, notamment sur le consentement \u00e9clair\u00e9 et la gestion des informations g\u00e9n\u00e9tiques. Il est crucial de respecter le droit des patients \u00e0 d\u00e9cider s\u2019ils souhaitent conna\u00eetre ou non leur statut g\u00e9n\u00e9tique. De plus, cette connaissance peut avoir des r\u00e9percussions sur les dynamiques familiales, notamment lorsqu\u2019un r\u00e9sultat positif affecte plusieurs g\u00e9n\u00e9rations. Enfin, il est important d\u2019assurer une \u00e9quit\u00e9 dans l\u2019acc\u00e8s aux tests et aux soins, afin que toutes les familles concern\u00e9es, ind\u00e9pendamment de leur localisation ou de leur situation financi\u00e8re, puissent b\u00e9n\u00e9ficier d\u2019un suivi adapt\u00e9.<\/p>\t\t\t\t\t\t\t\t<\/div>\n\t\t\t\t<\/div>\n\t\t\t\t<div class=\"elementor-element elementor-element-a466a44 elementor-widget elementor-widget-text-editor\" data-id=\"a466a44\" data-element_type=\"widget\" data-widget_type=\"text-editor.default\">\n\t\t\t\t<div class=\"elementor-widget-container\">\n\t\t\t\t\t\t\t\t\t<p>Le conseil g\u00e9n\u00e9tique est une ressource incontournable pour les familles touch\u00e9es par l&rsquo;amylose \u00e0 transthyr\u00e9tine. Il permet de pr\u00e9venir les complications graves, d&rsquo;accompagner les patients dans leurs choix et de r\u00e9pondre aux nombreux d\u00e9fis \u00e9thiques li\u00e9s \u00e0 cette maladie. En sensibilisant davantage \u00e0 son r\u00f4le, nous pouvons non seulement am\u00e9liorer la prise en charge de l\u2019ATTR, mais aussi offrir un soutien essentiel aux familles dans leur parcours.<\/p>\t\t\t\t\t\t\t\t<\/div>\n\t\t\t\t<\/div>\n\t\t\t\t<div class=\"elementor-element elementor-element-556d9af elementor-widget elementor-widget-heading\" data-id=\"556d9af\" data-element_type=\"widget\" data-widget_type=\"heading.default\">\n\t\t\t\t<div class=\"elementor-widget-container\">\n\t\t\t\t\t<h2 class=\"elementor-heading-title elementor-size-default\">Pour connaitre les \u00e9tapes du conseil g\u00e9n\u00e9tique : <\/h2>\t\t\t\t<\/div>\n\t\t\t\t<\/div>\n\t\t\t\t<div class=\"elementor-element elementor-element-dcb8935 elementor-align-center elementor-widget elementor-widget-button\" data-id=\"dcb8935\" data-element_type=\"widget\" data-widget_type=\"button.default\">\n\t\t\t\t<div class=\"elementor-widget-container\">\n\t\t\t\t\t\t\t\t\t<div class=\"elementor-button-wrapper\">\n\t\t\t\t\t<a class=\"elementor-button elementor-button-link elementor-size-sm\" href=\"https:\/\/reseau-amylose.org\/jesuissoignant\/aspects-genetiques\/\" target=\"_blank\">\n\t\t\t\t\t\t<span class=\"elementor-button-content-wrapper\">\n\t\t\t\t\t\t\t\t\t<span class=\"elementor-button-text\">Cliquez ici<\/span>\n\t\t\t\t\t<\/span>\n\t\t\t\t\t<\/a>\n\t\t\t\t<\/div>\n\t\t\t\t\t\t\t\t<\/div>\n\t\t\t\t<\/div>\n\t\t\t\t\t<\/div>\n\t\t<\/div>\n\t\t\t\t\t<\/div>\n\t\t<\/section>\n\t\t\t\t<\/div>\n\t\t","protected":false},"excerpt":{"rendered":"<p>Pourquoi le conseil g\u00e9n\u00e9tique? Pourquoi le conseil g\u00e9n\u00e9tique ? Le conseil g\u00e9n\u00e9tique joue un r\u00f4le crucial dans le diagnostic de l&rsquo;amylose \u00e0 transthyr\u00e9tine, en permettant de comprendre ses m\u00e9canismes, de pr\u00e9venir les complications et d&rsquo;accompagner les familles concern\u00e9es. Pourquoi le conseil g\u00e9n\u00e9tique ? Diagnostic et pr\u00e9vention des formes h\u00e9r\u00e9ditaires d\u2019ATTR Le diagnostic g\u00e9n\u00e9tique de l\u2019amylose [&hellip;]<\/p>\n","protected":false},"author":2,"featured_media":0,"parent":0,"menu_order":0,"comment_status":"closed","ping_status":"closed","template":"","meta":{"_monsterinsights_skip_tracking":false,"_monsterinsights_sitenote_active":false,"_monsterinsights_sitenote_note":"","_monsterinsights_sitenote_category":0,"footnotes":""},"categories":[],"tags":[],"class_list":["post-4020","page","type-page","status-publish","hentry"],"yoast_head":"<!-- This site is optimized with the Yoast SEO plugin v25.5 - https:\/\/yoast.com\/wordpress\/plugins\/seo\/ -->\n<title>Pourquoi le conseil g\u00e9n\u00e9tique ? - R\u00e9seau Amylose - r\u00e9seau de soins<\/title>\n<meta name=\"description\" content=\"am\u00e9liorer le diagnostic pr\u00e9coce, identifier les porteurs, informer, soutenir...- Pourquoi le conseil g\u00e9n\u00e9tique d&#039;amylose \u00e0 transthyr\u00e9tine ?\" \/>\n<meta name=\"robots\" content=\"index, follow, max-snippet:-1, max-image-preview:large, max-video-preview:-1\" \/>\n<link rel=\"canonical\" href=\"https:\/\/reseau-amylose.org\/soins\/pourquoi-le-conseil-genetique\/\" \/>\n<meta property=\"og:locale\" content=\"fr_FR\" \/>\n<meta property=\"og:type\" content=\"article\" \/>\n<meta property=\"og:title\" content=\"Pourquoi le conseil g\u00e9n\u00e9tique ? - R\u00e9seau Amylose - r\u00e9seau de soins\" \/>\n<meta property=\"og:description\" content=\"am\u00e9liorer le diagnostic pr\u00e9coce, identifier les porteurs, informer, soutenir...- Pourquoi le conseil g\u00e9n\u00e9tique d&#039;amylose \u00e0 transthyr\u00e9tine ?\" \/>\n<meta property=\"og:url\" content=\"https:\/\/reseau-amylose.org\/soins\/pourquoi-le-conseil-genetique\/\" \/>\n<meta property=\"og:site_name\" content=\"R\u00e9seau Amylose - r\u00e9seau de soins\" \/>\n<meta property=\"article:modified_time\" content=\"2024-11-22T10:18:59+00:00\" \/>\n<meta name=\"twitter:card\" content=\"summary_large_image\" \/>\n<meta name=\"twitter:label1\" content=\"Dur\u00e9e de lecture estim\u00e9e\" \/>\n\t<meta name=\"twitter:data1\" content=\"3 minutes\" \/>\n<script type=\"application\/ld+json\" class=\"yoast-schema-graph\">{\"@context\":\"https:\/\/schema.org\",\"@graph\":[{\"@type\":\"WebPage\",\"@id\":\"https:\/\/reseau-amylose.org\/soins\/pourquoi-le-conseil-genetique\/\",\"url\":\"https:\/\/reseau-amylose.org\/soins\/pourquoi-le-conseil-genetique\/\",\"name\":\"Pourquoi le conseil g\u00e9n\u00e9tique ? - R\u00e9seau Amylose - r\u00e9seau de soins\",\"isPartOf\":{\"@id\":\"http:\/\/reseau-amylose.org\/soins\/#website\"},\"datePublished\":\"2024-11-21T18:16:24+00:00\",\"dateModified\":\"2024-11-22T10:18:59+00:00\",\"description\":\"am\u00e9liorer le diagnostic pr\u00e9coce, identifier les porteurs, informer, soutenir...- Pourquoi le conseil g\u00e9n\u00e9tique d'amylose \u00e0 transthyr\u00e9tine ?\",\"breadcrumb\":{\"@id\":\"https:\/\/reseau-amylose.org\/soins\/pourquoi-le-conseil-genetique\/#breadcrumb\"},\"inLanguage\":\"fr-FR\",\"potentialAction\":[{\"@type\":\"ReadAction\",\"target\":[\"https:\/\/reseau-amylose.org\/soins\/pourquoi-le-conseil-genetique\/\"]}]},{\"@type\":\"BreadcrumbList\",\"@id\":\"https:\/\/reseau-amylose.org\/soins\/pourquoi-le-conseil-genetique\/#breadcrumb\",\"itemListElement\":[{\"@type\":\"ListItem\",\"position\":1,\"name\":\"Accueil\",\"item\":\"http:\/\/reseau-amylose.org\/soins\/\"},{\"@type\":\"ListItem\",\"position\":2,\"name\":\"Pourquoi le conseil g\u00e9n\u00e9tique ?\"}]},{\"@type\":\"WebSite\",\"@id\":\"http:\/\/reseau-amylose.org\/soins\/#website\",\"url\":\"http:\/\/reseau-amylose.org\/soins\/\",\"name\":\"R\u00e9seau Amylose - r\u00e9seau de soins\",\"description\":\"Centre de r\u00e9f\u00e9rence des amyloses cardiaques\",\"potentialAction\":[{\"@type\":\"SearchAction\",\"target\":{\"@type\":\"EntryPoint\",\"urlTemplate\":\"http:\/\/reseau-amylose.org\/soins\/?s={search_term_string}\"},\"query-input\":{\"@type\":\"PropertyValueSpecification\",\"valueRequired\":true,\"valueName\":\"search_term_string\"}}],\"inLanguage\":\"fr-FR\"}]}<\/script>\n<!-- \/ Yoast SEO plugin. -->","yoast_head_json":{"title":"Pourquoi le conseil g\u00e9n\u00e9tique ? - R\u00e9seau Amylose - r\u00e9seau de soins","description":"am\u00e9liorer le diagnostic pr\u00e9coce, identifier les porteurs, informer, soutenir...- Pourquoi le conseil g\u00e9n\u00e9tique d'amylose \u00e0 transthyr\u00e9tine ?","robots":{"index":"index","follow":"follow","max-snippet":"max-snippet:-1","max-image-preview":"max-image-preview:large","max-video-preview":"max-video-preview:-1"},"canonical":"https:\/\/reseau-amylose.org\/soins\/pourquoi-le-conseil-genetique\/","og_locale":"fr_FR","og_type":"article","og_title":"Pourquoi le conseil g\u00e9n\u00e9tique ? - R\u00e9seau Amylose - r\u00e9seau de soins","og_description":"am\u00e9liorer le diagnostic pr\u00e9coce, identifier les porteurs, informer, soutenir...- Pourquoi le conseil g\u00e9n\u00e9tique d'amylose \u00e0 transthyr\u00e9tine ?","og_url":"https:\/\/reseau-amylose.org\/soins\/pourquoi-le-conseil-genetique\/","og_site_name":"R\u00e9seau Amylose - r\u00e9seau de soins","article_modified_time":"2024-11-22T10:18:59+00:00","twitter_card":"summary_large_image","twitter_misc":{"Dur\u00e9e de lecture estim\u00e9e":"3 minutes"},"schema":{"@context":"https:\/\/schema.org","@graph":[{"@type":"WebPage","@id":"https:\/\/reseau-amylose.org\/soins\/pourquoi-le-conseil-genetique\/","url":"https:\/\/reseau-amylose.org\/soins\/pourquoi-le-conseil-genetique\/","name":"Pourquoi le conseil g\u00e9n\u00e9tique ? - R\u00e9seau Amylose - r\u00e9seau de soins","isPartOf":{"@id":"http:\/\/reseau-amylose.org\/soins\/#website"},"datePublished":"2024-11-21T18:16:24+00:00","dateModified":"2024-11-22T10:18:59+00:00","description":"am\u00e9liorer le diagnostic pr\u00e9coce, identifier les porteurs, informer, soutenir...- Pourquoi le conseil g\u00e9n\u00e9tique d'amylose \u00e0 transthyr\u00e9tine ?","breadcrumb":{"@id":"https:\/\/reseau-amylose.org\/soins\/pourquoi-le-conseil-genetique\/#breadcrumb"},"inLanguage":"fr-FR","potentialAction":[{"@type":"ReadAction","target":["https:\/\/reseau-amylose.org\/soins\/pourquoi-le-conseil-genetique\/"]}]},{"@type":"BreadcrumbList","@id":"https:\/\/reseau-amylose.org\/soins\/pourquoi-le-conseil-genetique\/#breadcrumb","itemListElement":[{"@type":"ListItem","position":1,"name":"Accueil","item":"http:\/\/reseau-amylose.org\/soins\/"},{"@type":"ListItem","position":2,"name":"Pourquoi le conseil g\u00e9n\u00e9tique ?"}]},{"@type":"WebSite","@id":"http:\/\/reseau-amylose.org\/soins\/#website","url":"http:\/\/reseau-amylose.org\/soins\/","name":"R\u00e9seau Amylose - r\u00e9seau de soins","description":"Centre de r\u00e9f\u00e9rence des amyloses cardiaques","potentialAction":[{"@type":"SearchAction","target":{"@type":"EntryPoint","urlTemplate":"http:\/\/reseau-amylose.org\/soins\/?s={search_term_string}"},"query-input":{"@type":"PropertyValueSpecification","valueRequired":true,"valueName":"search_term_string"}}],"inLanguage":"fr-FR"}]}},"_links":{"self":[{"href":"https:\/\/reseau-amylose.org\/soins\/wp-json\/wp\/v2\/pages\/4020","targetHints":{"allow":["GET"]}}],"collection":[{"href":"https:\/\/reseau-amylose.org\/soins\/wp-json\/wp\/v2\/pages"}],"about":[{"href":"https:\/\/reseau-amylose.org\/soins\/wp-json\/wp\/v2\/types\/page"}],"author":[{"embeddable":true,"href":"https:\/\/reseau-amylose.org\/soins\/wp-json\/wp\/v2\/users\/2"}],"replies":[{"embeddable":true,"href":"https:\/\/reseau-amylose.org\/soins\/wp-json\/wp\/v2\/comments?post=4020"}],"version-history":[{"count":7,"href":"https:\/\/reseau-amylose.org\/soins\/wp-json\/wp\/v2\/pages\/4020\/revisions"}],"predecessor-version":[{"id":4057,"href":"https:\/\/reseau-amylose.org\/soins\/wp-json\/wp\/v2\/pages\/4020\/revisions\/4057"}],"wp:attachment":[{"href":"https:\/\/reseau-amylose.org\/soins\/wp-json\/wp\/v2\/media?parent=4020"}],"wp:term":[{"taxonomy":"category","embeddable":true,"href":"https:\/\/reseau-amylose.org\/soins\/wp-json\/wp\/v2\/categories?post=4020"},{"taxonomy":"post_tag","embeddable":true,"href":"https:\/\/reseau-amylose.org\/soins\/wp-json\/wp\/v2\/tags?post=4020"}],"curies":[{"name":"wp","href":"https:\/\/api.w.org\/{rel}","templated":true}]}}