{"id":106,"date":"2018-12-05T13:22:48","date_gmt":"2018-12-05T13:22:48","guid":{"rendered":"http:\/\/soins.reseau-amylose.org\/?page_id=106"},"modified":"2024-02-16T10:38:49","modified_gmt":"2024-02-16T09:38:49","slug":"contactez-le-reseau-amylose-mondor","status":"publish","type":"page","link":"https:\/\/reseau-amylose.org\/soins\/espace-reseau-amylose\/contactez-le-reseau-amylose-mondor\/","title":{"rendered":"Contactez le R\u00e9seau Amylose Mondor"},"content":{"rendered":"\t\t<div data-elementor-type=\"wp-post\" data-elementor-id=\"106\" class=\"elementor elementor-106\" data-elementor-post-type=\"page\">\n\t\t\t\t\t\t<section class=\"elementor-section elementor-top-section elementor-element elementor-element-6679c0c5 elementor-section-content-middle elementor-section-boxed elementor-section-height-default elementor-section-height-default\" data-id=\"6679c0c5\" data-element_type=\"section\" data-settings=\"{&quot;background_background&quot;:&quot;classic&quot;}\">\n\t\t\t\t\t\t<div class=\"elementor-container elementor-column-gap-no\">\n\t\t\t\t\t<div class=\"elementor-column elementor-col-100 elementor-top-column elementor-element elementor-element-18eb1be2\" data-id=\"18eb1be2\" data-element_type=\"column\">\n\t\t\t<div class=\"elementor-widget-wrap elementor-element-populated\">\n\t\t\t\t\t\t<div class=\"elementor-element elementor-element-ffaf251 elementor-widget elementor-widget-heading\" data-id=\"ffaf251\" data-element_type=\"widget\" data-widget_type=\"heading.default\">\n\t\t\t\t<div class=\"elementor-widget-container\">\n\t\t\t\t\t<h1 class=\"elementor-heading-title elementor-size-default\">Contactez  le R\u00e9seau Amylose Mondor<\/h1>\t\t\t\t<\/div>\n\t\t\t\t<\/div>\n\t\t\t\t<div class=\"elementor-element elementor-element-7cfe4cf9 elementor-widget-divider--view-line elementor-widget elementor-widget-divider\" data-id=\"7cfe4cf9\" data-element_type=\"widget\" data-widget_type=\"divider.default\">\n\t\t\t\t<div class=\"elementor-widget-container\">\n\t\t\t\t\t\t\t<div class=\"elementor-divider\">\n\t\t\t<span class=\"elementor-divider-separator\">\n\t\t\t\t\t\t<\/span>\n\t\t<\/div>\n\t\t\t\t\t\t<\/div>\n\t\t\t\t<\/div>\n\t\t\t\t<div class=\"elementor-element elementor-element-134e0ab2 elementor-widget elementor-widget-heading\" data-id=\"134e0ab2\" data-element_type=\"widget\" data-widget_type=\"heading.default\">\n\t\t\t\t<div class=\"elementor-widget-container\">\n\t\t\t\t\t<h6 class=\"elementor-heading-title elementor-size-default\"><h2 class=\"elementor-heading-title elementor-size-large elementor-inline-editing pen\" data-elementor-setting-key=\"title\" data-pen-placeholder=\"\u00c9crivez ici...\">Nos coordonn\u00e9es<\/h2><\/h6>\t\t\t\t<\/div>\n\t\t\t\t<\/div>\n\t\t\t\t\t<\/div>\n\t\t<\/div>\n\t\t\t\t\t<\/div>\n\t\t<\/section>\n\t\t\t\t<section class=\"elementor-section elementor-top-section elementor-element elementor-element-1f52387 elementor-section-boxed elementor-section-height-default elementor-section-height-default\" data-id=\"1f52387\" data-element_type=\"section\">\n\t\t\t\t\t\t<div class=\"elementor-container elementor-column-gap-default\">\n\t\t\t\t\t<div class=\"elementor-column elementor-col-100 elementor-top-column elementor-element elementor-element-1eff4418\" data-id=\"1eff4418\" data-element_type=\"column\">\n\t\t\t<div class=\"elementor-widget-wrap elementor-element-populated\">\n\t\t\t\t\t\t<div class=\"elementor-element elementor-element-d7c1a23 elementor-widget elementor-widget-heading\" data-id=\"d7c1a23\" data-element_type=\"widget\" data-widget_type=\"heading.default\">\n\t\t\t\t<div class=\"elementor-widget-container\">\n\t\t\t\t\t<h2 class=\"elementor-heading-title elementor-size-default\">Adresse postale et t\u00e9l\u00e9phone du r\u00e9seau amylose mondor<\/h2>\t\t\t\t<\/div>\n\t\t\t\t<\/div>\n\t\t\t\t<div class=\"elementor-element elementor-element-31622989 elementor-widget elementor-widget-text-editor\" data-id=\"31622989\" data-element_type=\"widget\" data-widget_type=\"text-editor.default\">\n\t\t\t\t<div class=\"elementor-widget-container\">\n\t\t\t\t\t\t\t\t\t<table><tbody><tr><td colspan=\"2\" rowspan=\"1\"><h5><strong>Adresse<br \/><\/strong>R\u00e9seau Amylose \u2013 CHU Henri-Mondor<br \/>F\u00e9d\u00e9ration de Cardiologie \u2013 12\u00e8me \u00e9tage<br \/>51, avenue du Mar\u00e9chal de Lattre de Tassigny<br \/>94000 CRETEIL<\/h5><\/td><\/tr><tr><td colspan=\"2\" rowspan=\"1\" valign=\"top\"><h5><strong>Messagerie : <br \/><\/strong><a href=\"mailto:amylose.mondor@gmail.com\">amylose.mondor@gmail.com<\/a><\/h5><\/td><\/tr><tr><td colspan=\"2\" rowspan=\"1\" valign=\"top\"><h5><strong>T\u00e9l\u00e9phone : <\/strong>01 49 81 22 53<br \/>(Mme Isabelle Vallat, secr\u00e9taire du R\u00e9seau Amylose)<\/h5><\/td><\/tr><\/tbody><\/table>\t\t\t\t\t\t\t\t<\/div>\n\t\t\t\t<\/div>\n\t\t\t\t<div class=\"elementor-element elementor-element-a828436 elementor-widget elementor-widget-heading\" data-id=\"a828436\" data-element_type=\"widget\" data-widget_type=\"heading.default\">\n\t\t\t\t<div class=\"elementor-widget-container\">\n\t\t\t\t\t<h2 class=\"elementor-heading-title elementor-size-default\">Les assistantes \u00e0 votre \u00e9coute<\/h2>\t\t\t\t<\/div>\n\t\t\t\t<\/div>\n\t\t\t\t\t<\/div>\n\t\t<\/div>\n\t\t\t\t\t<\/div>\n\t\t<\/section>\n\t\t\t\t<section class=\"elementor-section elementor-top-section elementor-element elementor-element-6298fa8 elementor-section-boxed elementor-section-height-default elementor-section-height-default\" data-id=\"6298fa8\" data-element_type=\"section\">\n\t\t\t\t\t\t<div class=\"elementor-container elementor-column-gap-default\">\n\t\t\t\t\t<div class=\"elementor-column elementor-col-50 elementor-top-column elementor-element elementor-element-089e5a5\" data-id=\"089e5a5\" data-element_type=\"column\">\n\t\t\t<div class=\"elementor-widget-wrap elementor-element-populated\">\n\t\t\t\t\t\t<div class=\"elementor-element elementor-element-7ba4e07 elementor-widget elementor-widget-heading\" data-id=\"7ba4e07\" data-element_type=\"widget\" data-widget_type=\"heading.default\">\n\t\t\t\t<div class=\"elementor-widget-container\">\n\t\t\t\t\t<h3 class=\"elementor-heading-title elementor-size-default\">Carole HENRION et Isabelle VALLAT<\/h3>\t\t\t\t<\/div>\n\t\t\t\t<\/div>\n\t\t\t\t<div class=\"elementor-element elementor-element-ef40074 elementor-widget elementor-widget-video\" data-id=\"ef40074\" data-element_type=\"widget\" data-settings=\"{&quot;youtube_url&quot;:&quot;https:\\\/\\\/www.youtube.com\\\/watch?v=6ZuLMTWrRkw&amp;list=PLgcbJqP0xnzhFqwERU2_B1ltwSIBhKV0t&amp;index=18&quot;,&quot;video_type&quot;:&quot;youtube&quot;,&quot;controls&quot;:&quot;yes&quot;}\" data-widget_type=\"video.default\">\n\t\t\t\t<div class=\"elementor-widget-container\">\n\t\t\t\t\t\t\t<div class=\"elementor-wrapper elementor-open-inline\">\n\t\t\t<div class=\"elementor-video\"><\/div>\t\t<\/div>\n\t\t\t\t\t\t<\/div>\n\t\t\t\t<\/div>\n\t\t\t\t\t<\/div>\n\t\t<\/div>\n\t\t\t\t<div class=\"elementor-column elementor-col-50 elementor-top-column elementor-element elementor-element-e53836a\" data-id=\"e53836a\" data-element_type=\"column\">\n\t\t\t<div class=\"elementor-widget-wrap\">\n\t\t\t\t\t\t\t<\/div>\n\t\t<\/div>\n\t\t\t\t\t<\/div>\n\t\t<\/section>\n\t\t\t\t<\/div>\n\t\t","protected":false},"excerpt":{"rendered":"<p>Contactez le R\u00e9seau Amylose Mondor Nos coordonn\u00e9es Adresse postale et t\u00e9l\u00e9phone du r\u00e9seau amylose mondor Adresse R\u00e9seau Amylose \u2013 CHU Henri-Mondor F\u00e9d\u00e9ration de Cardiologie \u2013 12\u00e8me \u00e9tage 51, avenue du Mar\u00e9chal de Lattre de Tassigny 94000 CRETEIL Messagerie : amylose.mondor@gmail.com T\u00e9l\u00e9phone : 01 49 81 22 53 (Mme Isabelle Vallat, secr\u00e9taire du R\u00e9seau Amylose) Les [&hellip;]<\/p>\n","protected":false},"author":1,"featured_media":0,"parent":90,"menu_order":2,"comment_status":"closed","ping_status":"closed","template":"","meta":{"_monsterinsights_skip_tracking":false,"_monsterinsights_sitenote_active":false,"_monsterinsights_sitenote_note":"","_monsterinsights_sitenote_category":0,"footnotes":""},"categories":[],"tags":[],"class_list":["post-106","page","type-page","status-publish","hentry"],"yoast_head":"<!-- This site is optimized with the Yoast SEO plugin v25.5 - https:\/\/yoast.com\/wordpress\/plugins\/seo\/ -->\n<title>Contactez le R\u00e9seau Amylose Mondor<\/title>\n<meta name=\"description\" content=\"Centre de R\u00e9f\u00e9rence des Amyloses Cardiaques - H\u00f4pital Henri Mondor - Adresse, messagerie, t\u00e9l\u00e9phone. Contactez le R\u00e9seau Amylose Mondor\" \/>\n<meta name=\"robots\" content=\"index, follow, max-snippet:-1, max-image-preview:large, max-video-preview:-1\" \/>\n<link rel=\"canonical\" href=\"https:\/\/reseau-amylose.org\/soins\/espace-reseau-amylose\/contactez-le-reseau-amylose-mondor\/\" \/>\n<meta property=\"og:locale\" content=\"fr_FR\" \/>\n<meta property=\"og:type\" content=\"article\" \/>\n<meta property=\"og:title\" content=\"Contactez le R\u00e9seau Amylose Mondor\" \/>\n<meta property=\"og:description\" content=\"Centre de R\u00e9f\u00e9rence des Amyloses Cardiaques - H\u00f4pital Henri Mondor - Adresse, messagerie, t\u00e9l\u00e9phone. Contactez le R\u00e9seau Amylose Mondor\" \/>\n<meta property=\"og:url\" content=\"https:\/\/reseau-amylose.org\/soins\/espace-reseau-amylose\/contactez-le-reseau-amylose-mondor\/\" \/>\n<meta property=\"og:site_name\" content=\"R\u00e9seau Amylose - r\u00e9seau de soins\" \/>\n<meta property=\"article:modified_time\" content=\"2024-02-16T09:38:49+00:00\" \/>\n<meta name=\"twitter:card\" content=\"summary_large_image\" \/>\n<meta name=\"twitter:label1\" content=\"Dur\u00e9e de lecture estim\u00e9e\" \/>\n\t<meta name=\"twitter:data1\" content=\"1 minute\" \/>\n<script type=\"application\/ld+json\" class=\"yoast-schema-graph\">{\"@context\":\"https:\/\/schema.org\",\"@graph\":[{\"@type\":\"WebPage\",\"@id\":\"https:\/\/reseau-amylose.org\/soins\/espace-reseau-amylose\/contactez-le-reseau-amylose-mondor\/\",\"url\":\"https:\/\/reseau-amylose.org\/soins\/espace-reseau-amylose\/contactez-le-reseau-amylose-mondor\/\",\"name\":\"Contactez le R\u00e9seau Amylose Mondor\",\"isPartOf\":{\"@id\":\"https:\/\/reseau-amylose.org\/soins\/#website\"},\"datePublished\":\"2018-12-05T13:22:48+00:00\",\"dateModified\":\"2024-02-16T09:38:49+00:00\",\"description\":\"Centre de R\u00e9f\u00e9rence des Amyloses Cardiaques - H\u00f4pital Henri Mondor - Adresse, messagerie, t\u00e9l\u00e9phone. Contactez le R\u00e9seau Amylose Mondor\",\"breadcrumb\":{\"@id\":\"https:\/\/reseau-amylose.org\/soins\/espace-reseau-amylose\/contactez-le-reseau-amylose-mondor\/#breadcrumb\"},\"inLanguage\":\"fr-FR\",\"potentialAction\":[{\"@type\":\"ReadAction\",\"target\":[\"https:\/\/reseau-amylose.org\/soins\/espace-reseau-amylose\/contactez-le-reseau-amylose-mondor\/\"]}]},{\"@type\":\"BreadcrumbList\",\"@id\":\"https:\/\/reseau-amylose.org\/soins\/espace-reseau-amylose\/contactez-le-reseau-amylose-mondor\/#breadcrumb\",\"itemListElement\":[{\"@type\":\"ListItem\",\"position\":1,\"name\":\"Accueil\",\"item\":\"https:\/\/reseau-amylose.org\/soins\/\"},{\"@type\":\"ListItem\",\"position\":2,\"name\":\"RESEAU AMYLOSE MONDOR\",\"item\":\"https:\/\/reseau-amylose.org\/soins\/espace-reseau-amylose\/\"},{\"@type\":\"ListItem\",\"position\":3,\"name\":\"Contactez le R\u00e9seau Amylose Mondor\"}]},{\"@type\":\"WebSite\",\"@id\":\"https:\/\/reseau-amylose.org\/soins\/#website\",\"url\":\"https:\/\/reseau-amylose.org\/soins\/\",\"name\":\"R\u00e9seau Amylose - r\u00e9seau de soins\",\"description\":\"Centre de r\u00e9f\u00e9rence des amyloses cardiaques\",\"potentialAction\":[{\"@type\":\"SearchAction\",\"target\":{\"@type\":\"EntryPoint\",\"urlTemplate\":\"https:\/\/reseau-amylose.org\/soins\/?s={search_term_string}\"},\"query-input\":{\"@type\":\"PropertyValueSpecification\",\"valueRequired\":true,\"valueName\":\"search_term_string\"}}],\"inLanguage\":\"fr-FR\"}]}<\/script>\n<!-- \/ Yoast SEO plugin. -->","yoast_head_json":{"title":"Contactez le R\u00e9seau Amylose Mondor","description":"Centre de R\u00e9f\u00e9rence des Amyloses Cardiaques - H\u00f4pital Henri Mondor - Adresse, messagerie, t\u00e9l\u00e9phone. Contactez le R\u00e9seau Amylose Mondor","robots":{"index":"index","follow":"follow","max-snippet":"max-snippet:-1","max-image-preview":"max-image-preview:large","max-video-preview":"max-video-preview:-1"},"canonical":"https:\/\/reseau-amylose.org\/soins\/espace-reseau-amylose\/contactez-le-reseau-amylose-mondor\/","og_locale":"fr_FR","og_type":"article","og_title":"Contactez le R\u00e9seau Amylose Mondor","og_description":"Centre de R\u00e9f\u00e9rence des Amyloses Cardiaques - H\u00f4pital Henri Mondor - Adresse, messagerie, t\u00e9l\u00e9phone. Contactez le R\u00e9seau Amylose Mondor","og_url":"https:\/\/reseau-amylose.org\/soins\/espace-reseau-amylose\/contactez-le-reseau-amylose-mondor\/","og_site_name":"R\u00e9seau Amylose - r\u00e9seau de soins","article_modified_time":"2024-02-16T09:38:49+00:00","twitter_card":"summary_large_image","twitter_misc":{"Dur\u00e9e de lecture estim\u00e9e":"1 minute"},"schema":{"@context":"https:\/\/schema.org","@graph":[{"@type":"WebPage","@id":"https:\/\/reseau-amylose.org\/soins\/espace-reseau-amylose\/contactez-le-reseau-amylose-mondor\/","url":"https:\/\/reseau-amylose.org\/soins\/espace-reseau-amylose\/contactez-le-reseau-amylose-mondor\/","name":"Contactez le R\u00e9seau Amylose Mondor","isPartOf":{"@id":"https:\/\/reseau-amylose.org\/soins\/#website"},"datePublished":"2018-12-05T13:22:48+00:00","dateModified":"2024-02-16T09:38:49+00:00","description":"Centre de R\u00e9f\u00e9rence des Amyloses Cardiaques - H\u00f4pital Henri Mondor - Adresse, messagerie, t\u00e9l\u00e9phone. Contactez le R\u00e9seau Amylose Mondor","breadcrumb":{"@id":"https:\/\/reseau-amylose.org\/soins\/espace-reseau-amylose\/contactez-le-reseau-amylose-mondor\/#breadcrumb"},"inLanguage":"fr-FR","potentialAction":[{"@type":"ReadAction","target":["https:\/\/reseau-amylose.org\/soins\/espace-reseau-amylose\/contactez-le-reseau-amylose-mondor\/"]}]},{"@type":"BreadcrumbList","@id":"https:\/\/reseau-amylose.org\/soins\/espace-reseau-amylose\/contactez-le-reseau-amylose-mondor\/#breadcrumb","itemListElement":[{"@type":"ListItem","position":1,"name":"Accueil","item":"https:\/\/reseau-amylose.org\/soins\/"},{"@type":"ListItem","position":2,"name":"RESEAU AMYLOSE MONDOR","item":"https:\/\/reseau-amylose.org\/soins\/espace-reseau-amylose\/"},{"@type":"ListItem","position":3,"name":"Contactez le R\u00e9seau Amylose Mondor"}]},{"@type":"WebSite","@id":"https:\/\/reseau-amylose.org\/soins\/#website","url":"https:\/\/reseau-amylose.org\/soins\/","name":"R\u00e9seau Amylose - r\u00e9seau de soins","description":"Centre de r\u00e9f\u00e9rence des amyloses cardiaques","potentialAction":[{"@type":"SearchAction","target":{"@type":"EntryPoint","urlTemplate":"https:\/\/reseau-amylose.org\/soins\/?s={search_term_string}"},"query-input":{"@type":"PropertyValueSpecification","valueRequired":true,"valueName":"search_term_string"}}],"inLanguage":"fr-FR"}]}},"_links":{"self":[{"href":"https:\/\/reseau-amylose.org\/soins\/wp-json\/wp\/v2\/pages\/106","targetHints":{"allow":["GET"]}}],"collection":[{"href":"https:\/\/reseau-amylose.org\/soins\/wp-json\/wp\/v2\/pages"}],"about":[{"href":"https:\/\/reseau-amylose.org\/soins\/wp-json\/wp\/v2\/types\/page"}],"author":[{"embeddable":true,"href":"https:\/\/reseau-amylose.org\/soins\/wp-json\/wp\/v2\/users\/1"}],"replies":[{"embeddable":true,"href":"https:\/\/reseau-amylose.org\/soins\/wp-json\/wp\/v2\/comments?post=106"}],"version-history":[{"count":9,"href":"https:\/\/reseau-amylose.org\/soins\/wp-json\/wp\/v2\/pages\/106\/revisions"}],"predecessor-version":[{"id":3694,"href":"https:\/\/reseau-amylose.org\/soins\/wp-json\/wp\/v2\/pages\/106\/revisions\/3694"}],"up":[{"embeddable":true,"href":"https:\/\/reseau-amylose.org\/soins\/wp-json\/wp\/v2\/pages\/90"}],"wp:attachment":[{"href":"https:\/\/reseau-amylose.org\/soins\/wp-json\/wp\/v2\/media?parent=106"}],"wp:term":[{"taxonomy":"category","embeddable":true,"href":"https:\/\/reseau-amylose.org\/soins\/wp-json\/wp\/v2\/categories?post=106"},{"taxonomy":"post_tag","embeddable":true,"href":"https:\/\/reseau-amylose.org\/soins\/wp-json\/wp\/v2\/tags?post=106"}],"curies":[{"name":"wp","href":"https:\/\/api.w.org\/{rel}","templated":true}]}}