{"id":102,"date":"2018-12-05T13:21:58","date_gmt":"2018-12-05T13:21:58","guid":{"rendered":"http:\/\/soins.reseau-amylose.org\/?page_id=102"},"modified":"2018-12-05T13:21:58","modified_gmt":"2018-12-05T13:21:58","slug":"reseau-amylose-mondor-et-centre-de-reference-national-des-amyloses-cardiaques","status":"publish","type":"page","link":"https:\/\/reseau-amylose.org\/soins\/reseau-amylose-mondor-et-centre-de-reference-national-des-amyloses-cardiaques\/","title":{"rendered":"Centre de R\u00e9f\u00e9rence National des Amyloses Cardiaques"},"content":{"rendered":"","protected":false},"excerpt":{"rendered":"","protected":false},"author":1,"featured_media":0,"parent":0,"menu_order":2,"comment_status":"closed","ping_status":"closed","template":"","meta":{"_monsterinsights_skip_tracking":false,"_monsterinsights_sitenote_active":false,"_monsterinsights_sitenote_note":"","_monsterinsights_sitenote_category":0,"footnotes":""},"categories":[],"tags":[],"class_list":["post-102","page","type-page","status-publish","hentry"],"yoast_head":"<!-- This site is optimized with the Yoast SEO plugin v25.5 - https:\/\/yoast.com\/wordpress\/plugins\/seo\/ -->\n<title>Centre de R\u00e9f\u00e9rence National des Amyloses Cardiaques - R\u00e9seau Amylose - r\u00e9seau de soins<\/title>\n<meta name=\"robots\" content=\"index, follow, max-snippet:-1, max-image-preview:large, max-video-preview:-1\" \/>\n<link rel=\"canonical\" href=\"https:\/\/reseau-amylose.org\/soins\/reseau-amylose-mondor-et-centre-de-reference-national-des-amyloses-cardiaques\/\" \/>\n<meta property=\"og:locale\" content=\"fr_FR\" \/>\n<meta property=\"og:type\" content=\"article\" \/>\n<meta property=\"og:title\" content=\"Centre de R\u00e9f\u00e9rence National des Amyloses Cardiaques - R\u00e9seau Amylose - r\u00e9seau de soins\" \/>\n<meta property=\"og:url\" content=\"https:\/\/reseau-amylose.org\/soins\/reseau-amylose-mondor-et-centre-de-reference-national-des-amyloses-cardiaques\/\" \/>\n<meta property=\"og:site_name\" content=\"R\u00e9seau Amylose - r\u00e9seau de soins\" \/>\n<meta name=\"twitter:card\" content=\"summary_large_image\" \/>\n<script type=\"application\/ld+json\" class=\"yoast-schema-graph\">{\"@context\":\"https:\/\/schema.org\",\"@graph\":[{\"@type\":\"WebPage\",\"@id\":\"https:\/\/reseau-amylose.org\/soins\/reseau-amylose-mondor-et-centre-de-reference-national-des-amyloses-cardiaques\/\",\"url\":\"https:\/\/reseau-amylose.org\/soins\/reseau-amylose-mondor-et-centre-de-reference-national-des-amyloses-cardiaques\/\",\"name\":\"Centre de R\u00e9f\u00e9rence National des Amyloses Cardiaques - R\u00e9seau Amylose - r\u00e9seau de soins\",\"isPartOf\":{\"@id\":\"http:\/\/reseau-amylose.org\/soins\/#website\"},\"datePublished\":\"2018-12-05T13:21:58+00:00\",\"breadcrumb\":{\"@id\":\"https:\/\/reseau-amylose.org\/soins\/reseau-amylose-mondor-et-centre-de-reference-national-des-amyloses-cardiaques\/#breadcrumb\"},\"inLanguage\":\"fr-FR\",\"potentialAction\":[{\"@type\":\"ReadAction\",\"target\":[\"https:\/\/reseau-amylose.org\/soins\/reseau-amylose-mondor-et-centre-de-reference-national-des-amyloses-cardiaques\/\"]}]},{\"@type\":\"BreadcrumbList\",\"@id\":\"https:\/\/reseau-amylose.org\/soins\/reseau-amylose-mondor-et-centre-de-reference-national-des-amyloses-cardiaques\/#breadcrumb\",\"itemListElement\":[{\"@type\":\"ListItem\",\"position\":1,\"name\":\"Accueil\",\"item\":\"http:\/\/reseau-amylose.org\/soins\/\"},{\"@type\":\"ListItem\",\"position\":2,\"name\":\"Centre de R\u00e9f\u00e9rence National des Amyloses Cardiaques\"}]},{\"@type\":\"WebSite\",\"@id\":\"http:\/\/reseau-amylose.org\/soins\/#website\",\"url\":\"http:\/\/reseau-amylose.org\/soins\/\",\"name\":\"R\u00e9seau Amylose - r\u00e9seau de soins\",\"description\":\"Centre de r\u00e9f\u00e9rence des amyloses cardiaques\",\"potentialAction\":[{\"@type\":\"SearchAction\",\"target\":{\"@type\":\"EntryPoint\",\"urlTemplate\":\"http:\/\/reseau-amylose.org\/soins\/?s={search_term_string}\"},\"query-input\":{\"@type\":\"PropertyValueSpecification\",\"valueRequired\":true,\"valueName\":\"search_term_string\"}}],\"inLanguage\":\"fr-FR\"}]}<\/script>\n<!-- \/ Yoast SEO plugin. -->","yoast_head_json":{"title":"Centre de R\u00e9f\u00e9rence National des Amyloses Cardiaques - R\u00e9seau Amylose - r\u00e9seau de soins","robots":{"index":"index","follow":"follow","max-snippet":"max-snippet:-1","max-image-preview":"max-image-preview:large","max-video-preview":"max-video-preview:-1"},"canonical":"https:\/\/reseau-amylose.org\/soins\/reseau-amylose-mondor-et-centre-de-reference-national-des-amyloses-cardiaques\/","og_locale":"fr_FR","og_type":"article","og_title":"Centre de R\u00e9f\u00e9rence National des Amyloses Cardiaques - R\u00e9seau Amylose - r\u00e9seau de soins","og_url":"https:\/\/reseau-amylose.org\/soins\/reseau-amylose-mondor-et-centre-de-reference-national-des-amyloses-cardiaques\/","og_site_name":"R\u00e9seau Amylose - r\u00e9seau de soins","twitter_card":"summary_large_image","schema":{"@context":"https:\/\/schema.org","@graph":[{"@type":"WebPage","@id":"https:\/\/reseau-amylose.org\/soins\/reseau-amylose-mondor-et-centre-de-reference-national-des-amyloses-cardiaques\/","url":"https:\/\/reseau-amylose.org\/soins\/reseau-amylose-mondor-et-centre-de-reference-national-des-amyloses-cardiaques\/","name":"Centre de R\u00e9f\u00e9rence National des Amyloses Cardiaques - R\u00e9seau Amylose - r\u00e9seau de soins","isPartOf":{"@id":"http:\/\/reseau-amylose.org\/soins\/#website"},"datePublished":"2018-12-05T13:21:58+00:00","breadcrumb":{"@id":"https:\/\/reseau-amylose.org\/soins\/reseau-amylose-mondor-et-centre-de-reference-national-des-amyloses-cardiaques\/#breadcrumb"},"inLanguage":"fr-FR","potentialAction":[{"@type":"ReadAction","target":["https:\/\/reseau-amylose.org\/soins\/reseau-amylose-mondor-et-centre-de-reference-national-des-amyloses-cardiaques\/"]}]},{"@type":"BreadcrumbList","@id":"https:\/\/reseau-amylose.org\/soins\/reseau-amylose-mondor-et-centre-de-reference-national-des-amyloses-cardiaques\/#breadcrumb","itemListElement":[{"@type":"ListItem","position":1,"name":"Accueil","item":"http:\/\/reseau-amylose.org\/soins\/"},{"@type":"ListItem","position":2,"name":"Centre de R\u00e9f\u00e9rence National des Amyloses Cardiaques"}]},{"@type":"WebSite","@id":"http:\/\/reseau-amylose.org\/soins\/#website","url":"http:\/\/reseau-amylose.org\/soins\/","name":"R\u00e9seau Amylose - r\u00e9seau de soins","description":"Centre de r\u00e9f\u00e9rence des amyloses cardiaques","potentialAction":[{"@type":"SearchAction","target":{"@type":"EntryPoint","urlTemplate":"http:\/\/reseau-amylose.org\/soins\/?s={search_term_string}"},"query-input":{"@type":"PropertyValueSpecification","valueRequired":true,"valueName":"search_term_string"}}],"inLanguage":"fr-FR"}]}},"_links":{"self":[{"href":"https:\/\/reseau-amylose.org\/soins\/wp-json\/wp\/v2\/pages\/102","targetHints":{"allow":["GET"]}}],"collection":[{"href":"https:\/\/reseau-amylose.org\/soins\/wp-json\/wp\/v2\/pages"}],"about":[{"href":"https:\/\/reseau-amylose.org\/soins\/wp-json\/wp\/v2\/types\/page"}],"author":[{"embeddable":true,"href":"https:\/\/reseau-amylose.org\/soins\/wp-json\/wp\/v2\/users\/1"}],"replies":[{"embeddable":true,"href":"https:\/\/reseau-amylose.org\/soins\/wp-json\/wp\/v2\/comments?post=102"}],"version-history":[{"count":0,"href":"https:\/\/reseau-amylose.org\/soins\/wp-json\/wp\/v2\/pages\/102\/revisions"}],"wp:attachment":[{"href":"https:\/\/reseau-amylose.org\/soins\/wp-json\/wp\/v2\/media?parent=102"}],"wp:term":[{"taxonomy":"category","embeddable":true,"href":"https:\/\/reseau-amylose.org\/soins\/wp-json\/wp\/v2\/categories?post=102"},{"taxonomy":"post_tag","embeddable":true,"href":"https:\/\/reseau-amylose.org\/soins\/wp-json\/wp\/v2\/tags?post=102"}],"curies":[{"name":"wp","href":"https:\/\/api.w.org\/{rel}","templated":true}]}}