{"id":79,"date":"2018-12-05T10:37:47","date_gmt":"2018-12-05T10:37:47","guid":{"rendered":"http:\/\/recherche.reseau-amylose.org\/?page_id=35"},"modified":"2022-04-15T06:21:25","modified_gmt":"2022-04-15T04:21:25","slug":"les-differents-types-de-recherche","status":"publish","type":"page","link":"https:\/\/reseau-amylose.org\/rechercheamylose\/la-recherche-clinique-pour-les-patients\/les-differents-types-de-recherche\/","title":{"rendered":"Les diff\u00e9rents types de recherche"},"content":{"rendered":"\t\t<div data-elementor-type=\"wp-post\" data-elementor-id=\"79\" class=\"elementor elementor-79\" data-elementor-post-type=\"page\">\n\t\t\t\t\t\t<section class=\"elementor-section elementor-top-section elementor-element elementor-element-b011888 elementor-section-content-middle elementor-section-boxed elementor-section-height-default elementor-section-height-default\" data-id=\"b011888\" data-element_type=\"section\" data-settings=\"{&quot;background_background&quot;:&quot;classic&quot;}\">\n\t\t\t\t\t\t<div class=\"elementor-container elementor-column-gap-no\">\n\t\t\t\t\t<div class=\"elementor-column elementor-col-100 elementor-top-column elementor-element elementor-element-1bf6a517\" data-id=\"1bf6a517\" data-element_type=\"column\">\n\t\t\t<div class=\"elementor-widget-wrap elementor-element-populated\">\n\t\t\t\t\t\t<div class=\"elementor-element elementor-element-a6936fe elementor-widget-divider--view-line elementor-widget elementor-widget-divider\" data-id=\"a6936fe\" data-element_type=\"widget\" data-widget_type=\"divider.default\">\n\t\t\t\t<div class=\"elementor-widget-container\">\n\t\t\t\t\t\t\t<div class=\"elementor-divider\">\n\t\t\t<span class=\"elementor-divider-separator\">\n\t\t\t\t\t\t<\/span>\n\t\t<\/div>\n\t\t\t\t\t\t<\/div>\n\t\t\t\t<\/div>\n\t\t\t\t<div class=\"elementor-element elementor-element-1d915f5a elementor-widget elementor-widget-heading\" data-id=\"1d915f5a\" data-element_type=\"widget\" data-widget_type=\"heading.default\">\n\t\t\t\t<div class=\"elementor-widget-container\">\n\t\t\t\t\t<h6 class=\"elementor-heading-title elementor-size-default\"><h2 class=\"elementor-heading-title elementor-size-large elementor-inline-editing pen\" data-elementor-setting-key=\"title\" data-pen-placeholder=\"\u00c9crivez ici...\">Qu\u2019est-ce que la recherche Clinique ? <\/h2><\/h6>\t\t\t\t<\/div>\n\t\t\t\t<\/div>\n\t\t\t\t\t<\/div>\n\t\t<\/div>\n\t\t\t\t\t<\/div>\n\t\t<\/section>\n\t\t\t\t<section class=\"elementor-section elementor-top-section elementor-element elementor-element-380f40fa elementor-section-boxed elementor-section-height-default elementor-section-height-default\" data-id=\"380f40fa\" data-element_type=\"section\">\n\t\t\t\t\t\t<div class=\"elementor-container elementor-column-gap-default\">\n\t\t\t\t\t<div class=\"elementor-column elementor-col-100 elementor-top-column elementor-element elementor-element-46d8385\" data-id=\"46d8385\" data-element_type=\"column\">\n\t\t\t<div class=\"elementor-widget-wrap elementor-element-populated\">\n\t\t\t\t\t\t<div class=\"elementor-element elementor-element-68e9f553 elementor-widget elementor-widget-text-editor\" data-id=\"68e9f553\" data-element_type=\"widget\" data-widget_type=\"text-editor.default\">\n\t\t\t\t<div class=\"elementor-widget-container\">\n\t\t\t\t\t\t\t\t\t<h5>Le centre de r\u00e9f\u00e9rence g\u00e8re plusieurs protocoles de recherche d\u00e9di\u00e9s aux patients atteints de diff\u00e9rentes maladies cardiaques comme <strong>les cardiomyopathies dilat\u00e9es<\/strong>,<strong> les cardiopathies hypertensives, les amyloses<\/strong> (TTR s\u00e9nile, TTR mut\u00e9e, AL, AA\u2026). Il peut s\u2019agir:\u00a0<\/h5><h5><span style=\"text-decoration: underline\"><strong>D\u2019un registre ou observatoire:<\/strong><\/span> ces \u00e9tudes consistent \u00e0 recueillir les donn\u00e9es issues de diff\u00e9rents examens r\u00e9alis\u00e9s afin d\u2019avoir une meilleure compr\u00e9hension des m\u00e9canismes et l\u2019\u00e9volution de la maladie, mais \u00e9galement de la prise en charge et de la qualit\u00e9 de vie des patients. Pour ces \u00e9tudes il n\u2019y a aucune modification de traitement (pas de m\u00e9dicament exp\u00e9rimental) ou de prise en charge.\u00a0\u00a0<\/h5><h5><span style=\"text-decoration: underline\"><strong>D\u2019un essai th\u00e9rapeutique<\/strong>:<\/span> ces protocoles de recherche ont pour objectif de v\u00e9rifier l\u2019efficacit\u00e9 et la tol\u00e9rance d\u2019un nouveau m\u00e9dicament sur une population cibl\u00e9e avant sa mise sur le march\u00e9 et son utilisation par une population \u00e9largie. Tous les essais cliniques sont soumis \u00e0 des crit\u00e8res de s\u00e9lection pour limiter les risques: \u00e2ge, maladie, ant\u00e9c\u00e9dents.\u00a0<\/h5><h5><span style=\"text-decoration: underline\"><strong>Des pr\u00e9l\u00e8vements biologiques<\/strong>:<\/span> ces pr\u00e9l\u00e8vements biologiques sont r\u00e9alis\u00e9s \u00e0 des fins de recherche scientifique afin de mieux connaitre la maladie (expression des g\u00e8nes, modification de l\u2019ADN\u2026)\u00a0<\/h5><h5>Quelle que soit la recherche, la participation repose sur le volontariat, aucune recherche ne sera entreprise sans votre accord pr\u00e9alable. Votre d\u00e9cision n\u2019affectera en rien votre prise en charge m\u00e9dicale.<\/h5>\t\t\t\t\t\t\t\t<\/div>\n\t\t\t\t<\/div>\n\t\t\t\t\t<\/div>\n\t\t<\/div>\n\t\t\t\t\t<\/div>\n\t\t<\/section>\n\t\t\t\t<section class=\"elementor-section elementor-top-section elementor-element elementor-element-2e0e21bd elementor-section-boxed elementor-section-height-default elementor-section-height-default\" data-id=\"2e0e21bd\" data-element_type=\"section\">\n\t\t\t\t\t\t<div class=\"elementor-container elementor-column-gap-default\">\n\t\t\t\t\t<div class=\"elementor-column elementor-col-100 elementor-top-column elementor-element elementor-element-1cfff841\" data-id=\"1cfff841\" data-element_type=\"column\">\n\t\t\t<div class=\"elementor-widget-wrap elementor-element-populated\">\n\t\t\t\t\t\t<div class=\"elementor-element elementor-element-3d7d019c elementor-widget elementor-widget-image\" data-id=\"3d7d019c\" data-element_type=\"widget\" data-widget_type=\"image.default\">\n\t\t\t\t<div class=\"elementor-widget-container\">\n\t\t\t\t\t\t\t\t\t\t\t\t\t\t\t\t<a href=\"http:\/\/www.reseau-amylose.org\/recherche\/wp-content\/uploads\/2019\/01\/rch1.png\" data-elementor-open-lightbox=\"yes\" data-e-action-hash=\"#elementor-action%3Aaction%3Dlightbox%26settings%3DeyJpZCI6IjYxMiIsInVybCI6ZmFsc2V9\">\n\t\t\t\t\t\t\t<img decoding=\"async\" src=\"http:\/\/www.reseau-amylose.org\/recherche\/wp-content\/uploads\/2019\/01\/rch1.png\" title=\"\" alt=\"\" loading=\"lazy\" \/>\t\t\t\t\t\t\t\t<\/a>\n\t\t\t\t\t\t\t\t\t\t\t\t\t\t\t<\/div>\n\t\t\t\t<\/div>\n\t\t\t\t\t<\/div>\n\t\t<\/div>\n\t\t\t\t\t<\/div>\n\t\t<\/section>\n\t\t\t\t<\/div>\n\t\t","protected":false},"excerpt":{"rendered":"<p>Qu\u2019est-ce que la recherche Clinique ? Le centre de r\u00e9f\u00e9rence g\u00e8re plusieurs protocoles de recherche d\u00e9di\u00e9s aux patients atteints de diff\u00e9rentes maladies cardiaques comme les cardiomyopathies dilat\u00e9es, les cardiopathies hypertensives, les amyloses (TTR s\u00e9nile, TTR mut\u00e9e, AL, AA\u2026). Il peut s\u2019agir:&nbsp; D\u2019un registre ou observatoire: ces \u00e9tudes consistent \u00e0 recueillir les donn\u00e9es issues de diff\u00e9rents [&hellip;]<\/p>\n","protected":false},"author":1,"featured_media":0,"parent":75,"menu_order":2,"comment_status":"closed","ping_status":"closed","template":"","meta":{"_monsterinsights_skip_tracking":false,"_monsterinsights_sitenote_active":false,"_monsterinsights_sitenote_note":"","_monsterinsights_sitenote_category":0,"footnotes":""},"categories":[],"tags":[],"class_list":["post-79","page","type-page","status-publish","hentry"],"yoast_head":"<!-- This site is optimized with the Yoast SEO plugin v25.5 - https:\/\/yoast.com\/wordpress\/plugins\/seo\/ -->\n<title>Les diff\u00e9rents types de recherche - R\u00e9seau Amylose Recherche<\/title>\n<meta name=\"robots\" content=\"index, follow, max-snippet:-1, max-image-preview:large, max-video-preview:-1\" \/>\n<link rel=\"canonical\" href=\"https:\/\/reseau-amylose.org\/rechercheamylose\/la-recherche-clinique-pour-les-patients\/les-differents-types-de-recherche\/\" \/>\n<meta property=\"og:locale\" content=\"fr_FR\" \/>\n<meta property=\"og:type\" content=\"article\" \/>\n<meta property=\"og:title\" content=\"Les diff\u00e9rents types de recherche - R\u00e9seau Amylose Recherche\" \/>\n<meta property=\"og:description\" content=\"Qu\u2019est-ce que la recherche Clinique ? Le centre de r\u00e9f\u00e9rence g\u00e8re plusieurs protocoles de recherche d\u00e9di\u00e9s aux patients atteints de diff\u00e9rentes maladies cardiaques comme les cardiomyopathies dilat\u00e9es, les cardiopathies hypertensives, les amyloses (TTR s\u00e9nile, TTR mut\u00e9e, AL, AA\u2026). Il peut s\u2019agir:&nbsp; D\u2019un registre ou observatoire: ces \u00e9tudes consistent \u00e0 recueillir les donn\u00e9es issues de diff\u00e9rents [&hellip;]\" \/>\n<meta property=\"og:url\" content=\"https:\/\/reseau-amylose.org\/rechercheamylose\/la-recherche-clinique-pour-les-patients\/les-differents-types-de-recherche\/\" \/>\n<meta property=\"og:site_name\" content=\"R\u00e9seau Amylose Recherche\" \/>\n<meta property=\"article:modified_time\" content=\"2022-04-15T04:21:25+00:00\" \/>\n<meta property=\"og:image\" content=\"http:\/\/www.reseau-amylose.org\/recherche\/wp-content\/uploads\/2019\/01\/rch1.png\" \/>\n<meta name=\"twitter:card\" content=\"summary_large_image\" \/>\n<meta name=\"twitter:label1\" content=\"Dur\u00e9e de lecture estim\u00e9e\" \/>\n\t<meta name=\"twitter:data1\" content=\"2 minutes\" \/>\n<script type=\"application\/ld+json\" class=\"yoast-schema-graph\">{\"@context\":\"https:\/\/schema.org\",\"@graph\":[{\"@type\":\"WebPage\",\"@id\":\"https:\/\/reseau-amylose.org\/rechercheamylose\/la-recherche-clinique-pour-les-patients\/les-differents-types-de-recherche\/\",\"url\":\"https:\/\/reseau-amylose.org\/rechercheamylose\/la-recherche-clinique-pour-les-patients\/les-differents-types-de-recherche\/\",\"name\":\"Les diff\u00e9rents types de recherche - R\u00e9seau Amylose Recherche\",\"isPartOf\":{\"@id\":\"https:\/\/reseau-amylose.org\/rechercheamylose\/#website\"},\"primaryImageOfPage\":{\"@id\":\"https:\/\/reseau-amylose.org\/rechercheamylose\/la-recherche-clinique-pour-les-patients\/les-differents-types-de-recherche\/#primaryimage\"},\"image\":{\"@id\":\"https:\/\/reseau-amylose.org\/rechercheamylose\/la-recherche-clinique-pour-les-patients\/les-differents-types-de-recherche\/#primaryimage\"},\"thumbnailUrl\":\"http:\/\/www.reseau-amylose.org\/recherche\/wp-content\/uploads\/2019\/01\/rch1.png\",\"datePublished\":\"2018-12-05T10:37:47+00:00\",\"dateModified\":\"2022-04-15T04:21:25+00:00\",\"breadcrumb\":{\"@id\":\"https:\/\/reseau-amylose.org\/rechercheamylose\/la-recherche-clinique-pour-les-patients\/les-differents-types-de-recherche\/#breadcrumb\"},\"inLanguage\":\"fr-FR\",\"potentialAction\":[{\"@type\":\"ReadAction\",\"target\":[\"https:\/\/reseau-amylose.org\/rechercheamylose\/la-recherche-clinique-pour-les-patients\/les-differents-types-de-recherche\/\"]}]},{\"@type\":\"ImageObject\",\"inLanguage\":\"fr-FR\",\"@id\":\"https:\/\/reseau-amylose.org\/rechercheamylose\/la-recherche-clinique-pour-les-patients\/les-differents-types-de-recherche\/#primaryimage\",\"url\":\"http:\/\/www.reseau-amylose.org\/recherche\/wp-content\/uploads\/2019\/01\/rch1.png\",\"contentUrl\":\"http:\/\/www.reseau-amylose.org\/recherche\/wp-content\/uploads\/2019\/01\/rch1.png\"},{\"@type\":\"BreadcrumbList\",\"@id\":\"https:\/\/reseau-amylose.org\/rechercheamylose\/la-recherche-clinique-pour-les-patients\/les-differents-types-de-recherche\/#breadcrumb\",\"itemListElement\":[{\"@type\":\"ListItem\",\"position\":1,\"name\":\"Accueil\",\"item\":\"https:\/\/reseau-amylose.org\/rechercheamylose\/\"},{\"@type\":\"ListItem\",\"position\":2,\"name\":\"Recherche pour les patients\",\"item\":\"https:\/\/reseau-amylose.org\/rechercheamylose\/la-recherche-clinique-pour-les-patients\/\"},{\"@type\":\"ListItem\",\"position\":3,\"name\":\"Les diff\u00e9rents types de recherche\"}]},{\"@type\":\"WebSite\",\"@id\":\"https:\/\/reseau-amylose.org\/rechercheamylose\/#website\",\"url\":\"https:\/\/reseau-amylose.org\/rechercheamylose\/\",\"name\":\"R\u00e9seau Amylose Recherche\",\"description\":\"Centre de r\u00e9f\u00e9rence des amyloses cardiaques\",\"potentialAction\":[{\"@type\":\"SearchAction\",\"target\":{\"@type\":\"EntryPoint\",\"urlTemplate\":\"https:\/\/reseau-amylose.org\/rechercheamylose\/?s={search_term_string}\"},\"query-input\":{\"@type\":\"PropertyValueSpecification\",\"valueRequired\":true,\"valueName\":\"search_term_string\"}}],\"inLanguage\":\"fr-FR\"}]}<\/script>\n<!-- \/ Yoast SEO plugin. -->","yoast_head_json":{"title":"Les diff\u00e9rents types de recherche - R\u00e9seau Amylose Recherche","robots":{"index":"index","follow":"follow","max-snippet":"max-snippet:-1","max-image-preview":"max-image-preview:large","max-video-preview":"max-video-preview:-1"},"canonical":"https:\/\/reseau-amylose.org\/rechercheamylose\/la-recherche-clinique-pour-les-patients\/les-differents-types-de-recherche\/","og_locale":"fr_FR","og_type":"article","og_title":"Les diff\u00e9rents types de recherche - R\u00e9seau Amylose Recherche","og_description":"Qu\u2019est-ce que la recherche Clinique ? Le centre de r\u00e9f\u00e9rence g\u00e8re plusieurs protocoles de recherche d\u00e9di\u00e9s aux patients atteints de diff\u00e9rentes maladies cardiaques comme les cardiomyopathies dilat\u00e9es, les cardiopathies hypertensives, les amyloses (TTR s\u00e9nile, TTR mut\u00e9e, AL, AA\u2026). Il peut s\u2019agir:&nbsp; D\u2019un registre ou observatoire: ces \u00e9tudes consistent \u00e0 recueillir les donn\u00e9es issues de diff\u00e9rents [&hellip;]","og_url":"https:\/\/reseau-amylose.org\/rechercheamylose\/la-recherche-clinique-pour-les-patients\/les-differents-types-de-recherche\/","og_site_name":"R\u00e9seau Amylose Recherche","article_modified_time":"2022-04-15T04:21:25+00:00","og_image":[{"url":"http:\/\/www.reseau-amylose.org\/recherche\/wp-content\/uploads\/2019\/01\/rch1.png","type":"","width":"","height":""}],"twitter_card":"summary_large_image","twitter_misc":{"Dur\u00e9e de lecture estim\u00e9e":"2 minutes"},"schema":{"@context":"https:\/\/schema.org","@graph":[{"@type":"WebPage","@id":"https:\/\/reseau-amylose.org\/rechercheamylose\/la-recherche-clinique-pour-les-patients\/les-differents-types-de-recherche\/","url":"https:\/\/reseau-amylose.org\/rechercheamylose\/la-recherche-clinique-pour-les-patients\/les-differents-types-de-recherche\/","name":"Les diff\u00e9rents types de recherche - R\u00e9seau Amylose Recherche","isPartOf":{"@id":"https:\/\/reseau-amylose.org\/rechercheamylose\/#website"},"primaryImageOfPage":{"@id":"https:\/\/reseau-amylose.org\/rechercheamylose\/la-recherche-clinique-pour-les-patients\/les-differents-types-de-recherche\/#primaryimage"},"image":{"@id":"https:\/\/reseau-amylose.org\/rechercheamylose\/la-recherche-clinique-pour-les-patients\/les-differents-types-de-recherche\/#primaryimage"},"thumbnailUrl":"http:\/\/www.reseau-amylose.org\/recherche\/wp-content\/uploads\/2019\/01\/rch1.png","datePublished":"2018-12-05T10:37:47+00:00","dateModified":"2022-04-15T04:21:25+00:00","breadcrumb":{"@id":"https:\/\/reseau-amylose.org\/rechercheamylose\/la-recherche-clinique-pour-les-patients\/les-differents-types-de-recherche\/#breadcrumb"},"inLanguage":"fr-FR","potentialAction":[{"@type":"ReadAction","target":["https:\/\/reseau-amylose.org\/rechercheamylose\/la-recherche-clinique-pour-les-patients\/les-differents-types-de-recherche\/"]}]},{"@type":"ImageObject","inLanguage":"fr-FR","@id":"https:\/\/reseau-amylose.org\/rechercheamylose\/la-recherche-clinique-pour-les-patients\/les-differents-types-de-recherche\/#primaryimage","url":"http:\/\/www.reseau-amylose.org\/recherche\/wp-content\/uploads\/2019\/01\/rch1.png","contentUrl":"http:\/\/www.reseau-amylose.org\/recherche\/wp-content\/uploads\/2019\/01\/rch1.png"},{"@type":"BreadcrumbList","@id":"https:\/\/reseau-amylose.org\/rechercheamylose\/la-recherche-clinique-pour-les-patients\/les-differents-types-de-recherche\/#breadcrumb","itemListElement":[{"@type":"ListItem","position":1,"name":"Accueil","item":"https:\/\/reseau-amylose.org\/rechercheamylose\/"},{"@type":"ListItem","position":2,"name":"Recherche pour les patients","item":"https:\/\/reseau-amylose.org\/rechercheamylose\/la-recherche-clinique-pour-les-patients\/"},{"@type":"ListItem","position":3,"name":"Les diff\u00e9rents types de recherche"}]},{"@type":"WebSite","@id":"https:\/\/reseau-amylose.org\/rechercheamylose\/#website","url":"https:\/\/reseau-amylose.org\/rechercheamylose\/","name":"R\u00e9seau Amylose Recherche","description":"Centre de r\u00e9f\u00e9rence des amyloses cardiaques","potentialAction":[{"@type":"SearchAction","target":{"@type":"EntryPoint","urlTemplate":"https:\/\/reseau-amylose.org\/rechercheamylose\/?s={search_term_string}"},"query-input":{"@type":"PropertyValueSpecification","valueRequired":true,"valueName":"search_term_string"}}],"inLanguage":"fr-FR"}]}},"_links":{"self":[{"href":"https:\/\/reseau-amylose.org\/rechercheamylose\/wp-json\/wp\/v2\/pages\/79","targetHints":{"allow":["GET"]}}],"collection":[{"href":"https:\/\/reseau-amylose.org\/rechercheamylose\/wp-json\/wp\/v2\/pages"}],"about":[{"href":"https:\/\/reseau-amylose.org\/rechercheamylose\/wp-json\/wp\/v2\/types\/page"}],"author":[{"embeddable":true,"href":"https:\/\/reseau-amylose.org\/rechercheamylose\/wp-json\/wp\/v2\/users\/1"}],"replies":[{"embeddable":true,"href":"https:\/\/reseau-amylose.org\/rechercheamylose\/wp-json\/wp\/v2\/comments?post=79"}],"version-history":[{"count":10,"href":"https:\/\/reseau-amylose.org\/rechercheamylose\/wp-json\/wp\/v2\/pages\/79\/revisions"}],"predecessor-version":[{"id":3347,"href":"https:\/\/reseau-amylose.org\/rechercheamylose\/wp-json\/wp\/v2\/pages\/79\/revisions\/3347"}],"up":[{"embeddable":true,"href":"https:\/\/reseau-amylose.org\/rechercheamylose\/wp-json\/wp\/v2\/pages\/75"}],"wp:attachment":[{"href":"https:\/\/reseau-amylose.org\/rechercheamylose\/wp-json\/wp\/v2\/media?parent=79"}],"wp:term":[{"taxonomy":"category","embeddable":true,"href":"https:\/\/reseau-amylose.org\/rechercheamylose\/wp-json\/wp\/v2\/categories?post=79"},{"taxonomy":"post_tag","embeddable":true,"href":"https:\/\/reseau-amylose.org\/rechercheamylose\/wp-json\/wp\/v2\/tags?post=79"}],"curies":[{"name":"wp","href":"https:\/\/api.w.org\/{rel}","templated":true}]}}