{"id":76,"date":"2018-12-05T10:32:08","date_gmt":"2018-12-05T10:32:08","guid":{"rendered":"http:\/\/recherche.reseau-amylose.org\/?page_id=27"},"modified":"2022-07-18T14:08:58","modified_gmt":"2022-07-18T12:08:58","slug":"la-recherche-clinique-pour-les-soignants","status":"publish","type":"page","link":"https:\/\/reseau-amylose.org\/rechercheamylose\/la-recherche-clinique-pour-les-soignants\/","title":{"rendered":"Recherche pour les soignants"},"content":{"rendered":"","protected":false},"excerpt":{"rendered":"","protected":false},"author":1,"featured_media":0,"parent":0,"menu_order":2,"comment_status":"closed","ping_status":"closed","template":"","meta":{"_monsterinsights_skip_tracking":false,"_monsterinsights_sitenote_active":false,"_monsterinsights_sitenote_note":"","_monsterinsights_sitenote_category":0,"footnotes":""},"categories":[],"tags":[],"class_list":["post-76","page","type-page","status-publish","hentry"],"yoast_head":"<!-- This site is optimized with the Yoast SEO plugin v25.5 - https:\/\/yoast.com\/wordpress\/plugins\/seo\/ -->\n<title>Recherche pour les soignants - R\u00e9seau Amylose Recherche<\/title>\n<meta name=\"robots\" content=\"index, follow, max-snippet:-1, max-image-preview:large, max-video-preview:-1\" \/>\n<link rel=\"canonical\" href=\"https:\/\/reseau-amylose.org\/rechercheamylose\/la-recherche-clinique-pour-les-soignants\/\" \/>\n<meta property=\"og:locale\" content=\"fr_FR\" \/>\n<meta property=\"og:type\" content=\"article\" \/>\n<meta property=\"og:title\" content=\"Recherche pour les soignants - R\u00e9seau Amylose Recherche\" \/>\n<meta property=\"og:url\" content=\"https:\/\/reseau-amylose.org\/rechercheamylose\/la-recherche-clinique-pour-les-soignants\/\" \/>\n<meta property=\"og:site_name\" content=\"R\u00e9seau Amylose Recherche\" \/>\n<meta property=\"article:modified_time\" content=\"2022-07-18T12:08:58+00:00\" \/>\n<meta name=\"twitter:card\" content=\"summary_large_image\" \/>\n<script type=\"application\/ld+json\" class=\"yoast-schema-graph\">{\"@context\":\"https:\/\/schema.org\",\"@graph\":[{\"@type\":\"WebPage\",\"@id\":\"https:\/\/reseau-amylose.org\/rechercheamylose\/la-recherche-clinique-pour-les-soignants\/\",\"url\":\"https:\/\/reseau-amylose.org\/rechercheamylose\/la-recherche-clinique-pour-les-soignants\/\",\"name\":\"Recherche pour les soignants - R\u00e9seau Amylose Recherche\",\"isPartOf\":{\"@id\":\"https:\/\/reseau-amylose.org\/rechercheamylose\/#website\"},\"datePublished\":\"2018-12-05T10:32:08+00:00\",\"dateModified\":\"2022-07-18T12:08:58+00:00\",\"breadcrumb\":{\"@id\":\"https:\/\/reseau-amylose.org\/rechercheamylose\/la-recherche-clinique-pour-les-soignants\/#breadcrumb\"},\"inLanguage\":\"fr-FR\",\"potentialAction\":[{\"@type\":\"ReadAction\",\"target\":[\"https:\/\/reseau-amylose.org\/rechercheamylose\/la-recherche-clinique-pour-les-soignants\/\"]}]},{\"@type\":\"BreadcrumbList\",\"@id\":\"https:\/\/reseau-amylose.org\/rechercheamylose\/la-recherche-clinique-pour-les-soignants\/#breadcrumb\",\"itemListElement\":[{\"@type\":\"ListItem\",\"position\":1,\"name\":\"Accueil\",\"item\":\"https:\/\/reseau-amylose.org\/rechercheamylose\/\"},{\"@type\":\"ListItem\",\"position\":2,\"name\":\"Recherche pour les soignants\"}]},{\"@type\":\"WebSite\",\"@id\":\"https:\/\/reseau-amylose.org\/rechercheamylose\/#website\",\"url\":\"https:\/\/reseau-amylose.org\/rechercheamylose\/\",\"name\":\"R\u00e9seau Amylose Recherche\",\"description\":\"Centre de r\u00e9f\u00e9rence des amyloses cardiaques\",\"potentialAction\":[{\"@type\":\"SearchAction\",\"target\":{\"@type\":\"EntryPoint\",\"urlTemplate\":\"https:\/\/reseau-amylose.org\/rechercheamylose\/?s={search_term_string}\"},\"query-input\":{\"@type\":\"PropertyValueSpecification\",\"valueRequired\":true,\"valueName\":\"search_term_string\"}}],\"inLanguage\":\"fr-FR\"}]}<\/script>\n<!-- \/ Yoast SEO plugin. -->","yoast_head_json":{"title":"Recherche pour les soignants - R\u00e9seau Amylose Recherche","robots":{"index":"index","follow":"follow","max-snippet":"max-snippet:-1","max-image-preview":"max-image-preview:large","max-video-preview":"max-video-preview:-1"},"canonical":"https:\/\/reseau-amylose.org\/rechercheamylose\/la-recherche-clinique-pour-les-soignants\/","og_locale":"fr_FR","og_type":"article","og_title":"Recherche pour les soignants - R\u00e9seau Amylose Recherche","og_url":"https:\/\/reseau-amylose.org\/rechercheamylose\/la-recherche-clinique-pour-les-soignants\/","og_site_name":"R\u00e9seau Amylose Recherche","article_modified_time":"2022-07-18T12:08:58+00:00","twitter_card":"summary_large_image","schema":{"@context":"https:\/\/schema.org","@graph":[{"@type":"WebPage","@id":"https:\/\/reseau-amylose.org\/rechercheamylose\/la-recherche-clinique-pour-les-soignants\/","url":"https:\/\/reseau-amylose.org\/rechercheamylose\/la-recherche-clinique-pour-les-soignants\/","name":"Recherche pour les soignants - R\u00e9seau Amylose Recherche","isPartOf":{"@id":"https:\/\/reseau-amylose.org\/rechercheamylose\/#website"},"datePublished":"2018-12-05T10:32:08+00:00","dateModified":"2022-07-18T12:08:58+00:00","breadcrumb":{"@id":"https:\/\/reseau-amylose.org\/rechercheamylose\/la-recherche-clinique-pour-les-soignants\/#breadcrumb"},"inLanguage":"fr-FR","potentialAction":[{"@type":"ReadAction","target":["https:\/\/reseau-amylose.org\/rechercheamylose\/la-recherche-clinique-pour-les-soignants\/"]}]},{"@type":"BreadcrumbList","@id":"https:\/\/reseau-amylose.org\/rechercheamylose\/la-recherche-clinique-pour-les-soignants\/#breadcrumb","itemListElement":[{"@type":"ListItem","position":1,"name":"Accueil","item":"https:\/\/reseau-amylose.org\/rechercheamylose\/"},{"@type":"ListItem","position":2,"name":"Recherche pour les soignants"}]},{"@type":"WebSite","@id":"https:\/\/reseau-amylose.org\/rechercheamylose\/#website","url":"https:\/\/reseau-amylose.org\/rechercheamylose\/","name":"R\u00e9seau Amylose Recherche","description":"Centre de r\u00e9f\u00e9rence des amyloses cardiaques","potentialAction":[{"@type":"SearchAction","target":{"@type":"EntryPoint","urlTemplate":"https:\/\/reseau-amylose.org\/rechercheamylose\/?s={search_term_string}"},"query-input":{"@type":"PropertyValueSpecification","valueRequired":true,"valueName":"search_term_string"}}],"inLanguage":"fr-FR"}]}},"_links":{"self":[{"href":"https:\/\/reseau-amylose.org\/rechercheamylose\/wp-json\/wp\/v2\/pages\/76","targetHints":{"allow":["GET"]}}],"collection":[{"href":"https:\/\/reseau-amylose.org\/rechercheamylose\/wp-json\/wp\/v2\/pages"}],"about":[{"href":"https:\/\/reseau-amylose.org\/rechercheamylose\/wp-json\/wp\/v2\/types\/page"}],"author":[{"embeddable":true,"href":"https:\/\/reseau-amylose.org\/rechercheamylose\/wp-json\/wp\/v2\/users\/1"}],"replies":[{"embeddable":true,"href":"https:\/\/reseau-amylose.org\/rechercheamylose\/wp-json\/wp\/v2\/comments?post=76"}],"version-history":[{"count":2,"href":"https:\/\/reseau-amylose.org\/rechercheamylose\/wp-json\/wp\/v2\/pages\/76\/revisions"}],"predecessor-version":[{"id":3448,"href":"https:\/\/reseau-amylose.org\/rechercheamylose\/wp-json\/wp\/v2\/pages\/76\/revisions\/3448"}],"wp:attachment":[{"href":"https:\/\/reseau-amylose.org\/rechercheamylose\/wp-json\/wp\/v2\/media?parent=76"}],"wp:term":[{"taxonomy":"category","embeddable":true,"href":"https:\/\/reseau-amylose.org\/rechercheamylose\/wp-json\/wp\/v2\/categories?post=76"},{"taxonomy":"post_tag","embeddable":true,"href":"https:\/\/reseau-amylose.org\/rechercheamylose\/wp-json\/wp\/v2\/tags?post=76"}],"curies":[{"name":"wp","href":"https:\/\/api.w.org\/{rel}","templated":true}]}}