{"id":5950,"date":"2023-12-19T10:49:23","date_gmt":"2023-12-19T09:49:23","guid":{"rendered":"https:\/\/reseau-amylose.org\/jesuissoignant\/?page_id=5950"},"modified":"2026-02-06T11:53:03","modified_gmt":"2026-02-06T10:53:03","slug":"les-posters-du-reseau-amylose","status":"publish","type":"page","link":"https:\/\/reseau-amylose.org\/jesuissoignant\/les-posters-du-reseau-amylose\/","title":{"rendered":"Posters du R\u00e9seau Amylose"},"content":{"rendered":"\t\t<div data-elementor-type=\"wp-page\" data-elementor-id=\"5950\" class=\"elementor elementor-5950\" data-elementor-post-type=\"page\">\n\t\t\t\t\t\t<section class=\"elementor-section elementor-top-section elementor-element elementor-element-5e9009b4 elementor-section-content-middle elementor-section-boxed elementor-section-height-default elementor-section-height-default\" data-id=\"5e9009b4\" data-element_type=\"section\" data-settings=\"{&quot;background_background&quot;:&quot;classic&quot;}\">\n\t\t\t\t\t\t<div class=\"elementor-container elementor-column-gap-no\">\n\t\t\t\t\t<div class=\"elementor-column elementor-col-100 elementor-top-column elementor-element elementor-element-299baa22\" data-id=\"299baa22\" data-element_type=\"column\">\n\t\t\t<div class=\"elementor-widget-wrap elementor-element-populated\">\n\t\t\t\t\t\t<div class=\"elementor-element elementor-element-1979e757 elementor-widget-divider--view-line elementor-widget elementor-widget-divider\" data-id=\"1979e757\" data-element_type=\"widget\" data-widget_type=\"divider.default\">\n\t\t\t\t<div class=\"elementor-widget-container\">\n\t\t\t\t\t\t\t<div class=\"elementor-divider\">\n\t\t\t<span class=\"elementor-divider-separator\">\n\t\t\t\t\t\t<\/span>\n\t\t<\/div>\n\t\t\t\t\t\t<\/div>\n\t\t\t\t<\/div>\n\t\t\t\t\t<\/div>\n\t\t<\/div>\n\t\t\t\t\t<\/div>\n\t\t<\/section>\n\t\t\t\t<section class=\"elementor-section elementor-top-section elementor-element elementor-element-f905746 elementor-section-boxed elementor-section-height-default elementor-section-height-default\" data-id=\"f905746\" data-element_type=\"section\">\n\t\t\t\t\t\t<div class=\"elementor-container elementor-column-gap-default\">\n\t\t\t\t\t<div class=\"elementor-column elementor-col-100 elementor-top-column elementor-element elementor-element-3784e23\" data-id=\"3784e23\" data-element_type=\"column\">\n\t\t\t<div class=\"elementor-widget-wrap elementor-element-populated\">\n\t\t\t\t\t\t<div class=\"elementor-element elementor-element-a370efa elementor-widget elementor-widget-text-editor\" data-id=\"a370efa\" data-element_type=\"widget\" data-widget_type=\"text-editor.default\">\n\t\t\t\t<div class=\"elementor-widget-container\">\n\t\t\t\t\t\t\t\t\t<h6><span style=\"color: #000000\">Les experts du R\u00e9seau Amylose ont mis au point diff\u00e9rents posters sur les amyloses.\u00a0<\/span><\/h6><h6><span style=\"color: #000000\">Vous pouvez t\u00e9l\u00e9charger les posters en cliquant sur les images ci-dessous. Cependant, ils sont en version basse d\u00e9finition.\u00a0<\/span><\/h6>\t\t\t\t\t\t\t\t<\/div>\n\t\t\t\t<\/div>\n\t\t\t\t\t<\/div>\n\t\t<\/div>\n\t\t\t\t\t<\/div>\n\t\t<\/section>\n\t\t\t\t<section class=\"elementor-section elementor-top-section elementor-element elementor-element-da9ab3f elementor-section-boxed elementor-section-height-default elementor-section-height-default\" data-id=\"da9ab3f\" data-element_type=\"section\">\n\t\t\t\t\t\t<div class=\"elementor-container elementor-column-gap-default\">\n\t\t\t\t\t<div class=\"elementor-column elementor-col-50 elementor-top-column elementor-element elementor-element-850aba4\" data-id=\"850aba4\" data-element_type=\"column\">\n\t\t\t<div class=\"elementor-widget-wrap elementor-element-populated\">\n\t\t\t\t\t\t<div class=\"elementor-element elementor-element-e0c883c elementor-widget elementor-widget-image\" data-id=\"e0c883c\" data-element_type=\"widget\" data-widget_type=\"image.default\">\n\t\t\t\t<div class=\"elementor-widget-container\">\n\t\t\t\t\t\t\t\t\t\t\t\t\t\t\t\t<a href=\"https:\/\/reseau-amylose.org\/jesuissoignant\/wp-content\/uploads\/sites\/5\/2026\/02\/Affiche-CARDIOVILLE-10-11-23_compressed-1.pdf\" target=\"_blank\">\n\t\t\t\t\t\t\t<img fetchpriority=\"high\" decoding=\"async\" width=\"725\" height=\"1024\" src=\"https:\/\/reseau-amylose.org\/jesuissoignant\/wp-content\/uploads\/sites\/5\/2026\/02\/Quand-penser-a-lamylose-image-725x1024.jpg\" class=\"attachment-large size-large wp-image-7682\" alt=\"quand-penser-a-l-amylose\" srcset=\"https:\/\/reseau-amylose.org\/jesuissoignant\/wp-content\/uploads\/sites\/5\/2026\/02\/Quand-penser-a-lamylose-image-725x1024.jpg 725w, https:\/\/reseau-amylose.org\/jesuissoignant\/wp-content\/uploads\/sites\/5\/2026\/02\/Quand-penser-a-lamylose-image-212x300.jpg 212w, https:\/\/reseau-amylose.org\/jesuissoignant\/wp-content\/uploads\/sites\/5\/2026\/02\/Quand-penser-a-lamylose-image-768x1085.jpg 768w, https:\/\/reseau-amylose.org\/jesuissoignant\/wp-content\/uploads\/sites\/5\/2026\/02\/Quand-penser-a-lamylose-image.jpg 800w\" sizes=\"(max-width: 725px) 100vw, 725px\" \/>\t\t\t\t\t\t\t\t<\/a>\n\t\t\t\t\t\t\t\t\t\t\t\t\t\t\t<\/div>\n\t\t\t\t<\/div>\n\t\t\t\t\t<\/div>\n\t\t<\/div>\n\t\t\t\t<div class=\"elementor-column elementor-col-50 elementor-top-column elementor-element elementor-element-28f7061\" data-id=\"28f7061\" data-element_type=\"column\">\n\t\t\t<div class=\"elementor-widget-wrap elementor-element-populated\">\n\t\t\t\t\t\t<div class=\"elementor-element elementor-element-02a3c5f elementor-widget elementor-widget-image\" data-id=\"02a3c5f\" data-element_type=\"widget\" data-widget_type=\"image.default\">\n\t\t\t\t<div class=\"elementor-widget-container\">\n\t\t\t\t\t\t\t\t\t\t\t\t\t\t\t\t<a href=\"https:\/\/reseau-amylose.org\/jesuissoignant\/wp-content\/uploads\/sites\/5\/2026\/02\/Affiche-scintigraphie-26-10-2023_compressed-1.pdf\" target=\"_blank\">\n\t\t\t\t\t\t\t<img decoding=\"async\" width=\"721\" height=\"1024\" src=\"https:\/\/reseau-amylose.org\/jesuissoignant\/wp-content\/uploads\/sites\/5\/2026\/02\/scintigraphie-osseuse-image-721x1024.jpg\" class=\"attachment-large size-large wp-image-7681\" alt=\"scintigraphie-osseuse-amylose-cardiaque\" srcset=\"https:\/\/reseau-amylose.org\/jesuissoignant\/wp-content\/uploads\/sites\/5\/2026\/02\/scintigraphie-osseuse-image-721x1024.jpg 721w, https:\/\/reseau-amylose.org\/jesuissoignant\/wp-content\/uploads\/sites\/5\/2026\/02\/scintigraphie-osseuse-image-211x300.jpg 211w, https:\/\/reseau-amylose.org\/jesuissoignant\/wp-content\/uploads\/sites\/5\/2026\/02\/scintigraphie-osseuse-image-768x1091.jpg 768w, https:\/\/reseau-amylose.org\/jesuissoignant\/wp-content\/uploads\/sites\/5\/2026\/02\/scintigraphie-osseuse-image.jpg 800w\" sizes=\"(max-width: 721px) 100vw, 721px\" \/>\t\t\t\t\t\t\t\t<\/a>\n\t\t\t\t\t\t\t\t\t\t\t\t\t\t\t<\/div>\n\t\t\t\t<\/div>\n\t\t\t\t\t<\/div>\n\t\t<\/div>\n\t\t\t\t\t<\/div>\n\t\t<\/section>\n\t\t\t\t<section class=\"elementor-section elementor-top-section elementor-element elementor-element-59d5a10 elementor-section-boxed elementor-section-height-default elementor-section-height-default\" data-id=\"59d5a10\" data-element_type=\"section\">\n\t\t\t\t\t\t<div class=\"elementor-container elementor-column-gap-default\">\n\t\t\t\t\t<div class=\"elementor-column elementor-col-25 elementor-top-column elementor-element elementor-element-7f0cf18\" data-id=\"7f0cf18\" data-element_type=\"column\">\n\t\t\t<div class=\"elementor-widget-wrap\">\n\t\t\t\t\t\t\t<\/div>\n\t\t<\/div>\n\t\t\t\t<div class=\"elementor-column elementor-col-50 elementor-top-column elementor-element elementor-element-216c0f1\" data-id=\"216c0f1\" data-element_type=\"column\">\n\t\t\t<div class=\"elementor-widget-wrap elementor-element-populated\">\n\t\t\t\t\t\t<div class=\"elementor-element elementor-element-a6e7458 elementor-widget elementor-widget-image\" data-id=\"a6e7458\" data-element_type=\"widget\" data-widget_type=\"image.default\">\n\t\t\t\t<div class=\"elementor-widget-container\">\n\t\t\t\t\t\t\t\t\t\t\t\t\t\t\t\t<a href=\"https:\/\/reseau-amylose.org\/jesuissoignant\/wp-content\/uploads\/sites\/5\/2026\/02\/Affiche-Echo-26-10-2023_compressed-1.pdf\" target=\"_blank\">\n\t\t\t\t\t\t\t<img decoding=\"async\" width=\"720\" height=\"1024\" src=\"https:\/\/reseau-amylose.org\/jesuissoignant\/wp-content\/uploads\/sites\/5\/2026\/02\/echo-amylose-image-720x1024.jpg\" class=\"attachment-large size-large wp-image-7680\" alt=\"echocardiographie-amylose\" srcset=\"https:\/\/reseau-amylose.org\/jesuissoignant\/wp-content\/uploads\/sites\/5\/2026\/02\/echo-amylose-image-720x1024.jpg 720w, https:\/\/reseau-amylose.org\/jesuissoignant\/wp-content\/uploads\/sites\/5\/2026\/02\/echo-amylose-image-211x300.jpg 211w, https:\/\/reseau-amylose.org\/jesuissoignant\/wp-content\/uploads\/sites\/5\/2026\/02\/echo-amylose-image-768x1092.jpg 768w, https:\/\/reseau-amylose.org\/jesuissoignant\/wp-content\/uploads\/sites\/5\/2026\/02\/echo-amylose-image.jpg 800w\" sizes=\"(max-width: 720px) 100vw, 720px\" \/>\t\t\t\t\t\t\t\t<\/a>\n\t\t\t\t\t\t\t\t\t\t\t\t\t\t\t<\/div>\n\t\t\t\t<\/div>\n\t\t\t\t\t<\/div>\n\t\t<\/div>\n\t\t\t\t<div class=\"elementor-column elementor-col-25 elementor-top-column elementor-element elementor-element-694aa89\" data-id=\"694aa89\" data-element_type=\"column\">\n\t\t\t<div class=\"elementor-widget-wrap\">\n\t\t\t\t\t\t\t<\/div>\n\t\t<\/div>\n\t\t\t\t\t<\/div>\n\t\t<\/section>\n\t\t\t\t<section class=\"elementor-section elementor-top-section elementor-element elementor-element-4eb5201 elementor-section-boxed elementor-section-height-default elementor-section-height-default\" data-id=\"4eb5201\" data-element_type=\"section\">\n\t\t\t\t\t\t<div class=\"elementor-container elementor-column-gap-default\">\n\t\t\t\t\t<div class=\"elementor-column elementor-col-100 elementor-top-column elementor-element elementor-element-a49e95d\" data-id=\"a49e95d\" data-element_type=\"column\">\n\t\t\t<div class=\"elementor-widget-wrap elementor-element-populated\">\n\t\t\t\t\t\t<div class=\"elementor-element elementor-element-fbca0d1 elementor-widget elementor-widget-text-editor\" data-id=\"fbca0d1\" data-element_type=\"widget\" data-widget_type=\"text-editor.default\">\n\t\t\t\t<div class=\"elementor-widget-container\">\n\t\t\t\t\t\t\t\t\t<h6><span style=\"color: #000000\">Si vous souhaitez des posters imprim\u00e9s au format A1 et en haute d\u00e9finition, ou les posters version informatique HD, vous pouvez nous contacter par mail :\u00a0<\/span><\/h6>\t\t\t\t\t\t\t\t<\/div>\n\t\t\t\t<\/div>\n\t\t\t\t<div class=\"elementor-element elementor-element-63530bc elementor-align-center elementor-widget elementor-widget-button\" data-id=\"63530bc\" data-element_type=\"widget\" data-widget_type=\"button.default\">\n\t\t\t\t<div class=\"elementor-widget-container\">\n\t\t\t\t\t\t\t\t\t<div class=\"elementor-button-wrapper\">\n\t\t\t\t\t<a class=\"elementor-button elementor-button-link elementor-size-md\" href=\"https:\/\/reseau-amylose.org\/envoyer-un-message\/\">\n\t\t\t\t\t\t<span class=\"elementor-button-content-wrapper\">\n\t\t\t\t\t\t\t\t\t<span class=\"elementor-button-text\">CLIQUEZ ICI<\/span>\n\t\t\t\t\t<\/span>\n\t\t\t\t\t<\/a>\n\t\t\t\t<\/div>\n\t\t\t\t\t\t\t\t<\/div>\n\t\t\t\t<\/div>\n\t\t\t\t\t<\/div>\n\t\t<\/div>\n\t\t\t\t\t<\/div>\n\t\t<\/section>\n\t\t\t\t<\/div>\n\t\t","protected":false},"excerpt":{"rendered":"<p>Les experts du R\u00e9seau Amylose ont mis au point diff\u00e9rents posters sur les amyloses.\u00a0 Vous pouvez t\u00e9l\u00e9charger les posters en cliquant sur les images ci-dessous. Cependant, ils sont en version basse d\u00e9finition.\u00a0 Si vous souhaitez des posters imprim\u00e9s au format A1 et en haute d\u00e9finition, ou les posters version informatique HD, vous pouvez nous contacter [&hellip;]<\/p>\n","protected":false},"author":2,"featured_media":0,"parent":0,"menu_order":0,"comment_status":"closed","ping_status":"closed","template":"","meta":{"_monsterinsights_skip_tracking":false,"_monsterinsights_sitenote_active":false,"_monsterinsights_sitenote_note":"","_monsterinsights_sitenote_category":0,"footnotes":""},"categories":[],"tags":[],"class_list":["post-5950","page","type-page","status-publish","hentry"],"yoast_head":"<!-- This site is optimized with the Yoast SEO plugin v25.5 - https:\/\/yoast.com\/wordpress\/plugins\/seo\/ -->\n<title>Posters du R\u00e9seau Amylose - R\u00e9seau Amylose<\/title>\n<meta name=\"robots\" content=\"index, follow, max-snippet:-1, max-image-preview:large, max-video-preview:-1\" \/>\n<link rel=\"canonical\" href=\"https:\/\/reseau-amylose.org\/jesuissoignant\/les-posters-du-reseau-amylose\/\" \/>\n<meta property=\"og:locale\" content=\"fr_FR\" \/>\n<meta property=\"og:type\" content=\"article\" \/>\n<meta property=\"og:title\" content=\"Posters du R\u00e9seau Amylose - R\u00e9seau Amylose\" \/>\n<meta property=\"og:description\" content=\"Les experts du R\u00e9seau Amylose ont mis au point diff\u00e9rents posters sur les amyloses.\u00a0 Vous pouvez t\u00e9l\u00e9charger les posters en cliquant sur les images ci-dessous. Cependant, ils sont en version basse d\u00e9finition.\u00a0 Si vous souhaitez des posters imprim\u00e9s au format A1 et en haute d\u00e9finition, ou les posters version informatique HD, vous pouvez nous contacter [&hellip;]\" \/>\n<meta property=\"og:url\" content=\"https:\/\/reseau-amylose.org\/jesuissoignant\/les-posters-du-reseau-amylose\/\" \/>\n<meta property=\"og:site_name\" content=\"R\u00e9seau Amylose\" \/>\n<meta property=\"article:modified_time\" content=\"2026-02-06T10:53:03+00:00\" \/>\n<meta property=\"og:image\" content=\"https:\/\/reseau-amylose.org\/jesuissoignant\/wp-content\/uploads\/sites\/5\/2026\/02\/Quand-penser-a-lamylose-image-725x1024.jpg\" \/>\n<meta name=\"twitter:card\" content=\"summary_large_image\" \/>\n<meta name=\"twitter:label1\" content=\"Dur\u00e9e de lecture estim\u00e9e\" \/>\n\t<meta name=\"twitter:data1\" content=\"1 minute\" \/>\n<script type=\"application\/ld+json\" class=\"yoast-schema-graph\">{\"@context\":\"https:\/\/schema.org\",\"@graph\":[{\"@type\":\"WebPage\",\"@id\":\"https:\/\/reseau-amylose.org\/jesuissoignant\/les-posters-du-reseau-amylose\/\",\"url\":\"https:\/\/reseau-amylose.org\/jesuissoignant\/les-posters-du-reseau-amylose\/\",\"name\":\"Posters du R\u00e9seau Amylose - R\u00e9seau Amylose\",\"isPartOf\":{\"@id\":\"https:\/\/reseau-amylose.org\/jesuissoignant\/#website\"},\"primaryImageOfPage\":{\"@id\":\"https:\/\/reseau-amylose.org\/jesuissoignant\/les-posters-du-reseau-amylose\/#primaryimage\"},\"image\":{\"@id\":\"https:\/\/reseau-amylose.org\/jesuissoignant\/les-posters-du-reseau-amylose\/#primaryimage\"},\"thumbnailUrl\":\"https:\/\/reseau-amylose.org\/jesuissoignant\/wp-content\/uploads\/sites\/5\/2026\/02\/Quand-penser-a-lamylose-image-725x1024.jpg\",\"datePublished\":\"2023-12-19T09:49:23+00:00\",\"dateModified\":\"2026-02-06T10:53:03+00:00\",\"breadcrumb\":{\"@id\":\"https:\/\/reseau-amylose.org\/jesuissoignant\/les-posters-du-reseau-amylose\/#breadcrumb\"},\"inLanguage\":\"fr-FR\",\"potentialAction\":[{\"@type\":\"ReadAction\",\"target\":[\"https:\/\/reseau-amylose.org\/jesuissoignant\/les-posters-du-reseau-amylose\/\"]}]},{\"@type\":\"ImageObject\",\"inLanguage\":\"fr-FR\",\"@id\":\"https:\/\/reseau-amylose.org\/jesuissoignant\/les-posters-du-reseau-amylose\/#primaryimage\",\"url\":\"https:\/\/reseau-amylose.org\/jesuissoignant\/wp-content\/uploads\/sites\/5\/2026\/02\/Quand-penser-a-lamylose-image.jpg\",\"contentUrl\":\"https:\/\/reseau-amylose.org\/jesuissoignant\/wp-content\/uploads\/sites\/5\/2026\/02\/Quand-penser-a-lamylose-image.jpg\",\"width\":800,\"height\":1130,\"caption\":\"quand-penser-a-l-amylose\"},{\"@type\":\"BreadcrumbList\",\"@id\":\"https:\/\/reseau-amylose.org\/jesuissoignant\/les-posters-du-reseau-amylose\/#breadcrumb\",\"itemListElement\":[{\"@type\":\"ListItem\",\"position\":1,\"name\":\"Accueil\",\"item\":\"https:\/\/reseau-amylose.org\/jesuissoignant\/\"},{\"@type\":\"ListItem\",\"position\":2,\"name\":\"Posters du R\u00e9seau Amylose\"}]},{\"@type\":\"WebSite\",\"@id\":\"https:\/\/reseau-amylose.org\/jesuissoignant\/#website\",\"url\":\"https:\/\/reseau-amylose.org\/jesuissoignant\/\",\"name\":\"R\u00e9seau Amylose\",\"description\":\"Centre de r\u00e9f\u00e9rence des amyloses cardiaques espace soignant\",\"potentialAction\":[{\"@type\":\"SearchAction\",\"target\":{\"@type\":\"EntryPoint\",\"urlTemplate\":\"https:\/\/reseau-amylose.org\/jesuissoignant\/?s={search_term_string}\"},\"query-input\":{\"@type\":\"PropertyValueSpecification\",\"valueRequired\":true,\"valueName\":\"search_term_string\"}}],\"inLanguage\":\"fr-FR\"}]}<\/script>\n<!-- \/ Yoast SEO plugin. -->","yoast_head_json":{"title":"Posters du R\u00e9seau Amylose - R\u00e9seau Amylose","robots":{"index":"index","follow":"follow","max-snippet":"max-snippet:-1","max-image-preview":"max-image-preview:large","max-video-preview":"max-video-preview:-1"},"canonical":"https:\/\/reseau-amylose.org\/jesuissoignant\/les-posters-du-reseau-amylose\/","og_locale":"fr_FR","og_type":"article","og_title":"Posters du R\u00e9seau Amylose - R\u00e9seau Amylose","og_description":"Les experts du R\u00e9seau Amylose ont mis au point diff\u00e9rents posters sur les amyloses.\u00a0 Vous pouvez t\u00e9l\u00e9charger les posters en cliquant sur les images ci-dessous. Cependant, ils sont en version basse d\u00e9finition.\u00a0 Si vous souhaitez des posters imprim\u00e9s au format A1 et en haute d\u00e9finition, ou les posters version informatique HD, vous pouvez nous contacter [&hellip;]","og_url":"https:\/\/reseau-amylose.org\/jesuissoignant\/les-posters-du-reseau-amylose\/","og_site_name":"R\u00e9seau Amylose","article_modified_time":"2026-02-06T10:53:03+00:00","og_image":[{"url":"https:\/\/reseau-amylose.org\/jesuissoignant\/wp-content\/uploads\/sites\/5\/2026\/02\/Quand-penser-a-lamylose-image-725x1024.jpg","type":"","width":"","height":""}],"twitter_card":"summary_large_image","twitter_misc":{"Dur\u00e9e de lecture estim\u00e9e":"1 minute"},"schema":{"@context":"https:\/\/schema.org","@graph":[{"@type":"WebPage","@id":"https:\/\/reseau-amylose.org\/jesuissoignant\/les-posters-du-reseau-amylose\/","url":"https:\/\/reseau-amylose.org\/jesuissoignant\/les-posters-du-reseau-amylose\/","name":"Posters du R\u00e9seau Amylose - R\u00e9seau Amylose","isPartOf":{"@id":"https:\/\/reseau-amylose.org\/jesuissoignant\/#website"},"primaryImageOfPage":{"@id":"https:\/\/reseau-amylose.org\/jesuissoignant\/les-posters-du-reseau-amylose\/#primaryimage"},"image":{"@id":"https:\/\/reseau-amylose.org\/jesuissoignant\/les-posters-du-reseau-amylose\/#primaryimage"},"thumbnailUrl":"https:\/\/reseau-amylose.org\/jesuissoignant\/wp-content\/uploads\/sites\/5\/2026\/02\/Quand-penser-a-lamylose-image-725x1024.jpg","datePublished":"2023-12-19T09:49:23+00:00","dateModified":"2026-02-06T10:53:03+00:00","breadcrumb":{"@id":"https:\/\/reseau-amylose.org\/jesuissoignant\/les-posters-du-reseau-amylose\/#breadcrumb"},"inLanguage":"fr-FR","potentialAction":[{"@type":"ReadAction","target":["https:\/\/reseau-amylose.org\/jesuissoignant\/les-posters-du-reseau-amylose\/"]}]},{"@type":"ImageObject","inLanguage":"fr-FR","@id":"https:\/\/reseau-amylose.org\/jesuissoignant\/les-posters-du-reseau-amylose\/#primaryimage","url":"https:\/\/reseau-amylose.org\/jesuissoignant\/wp-content\/uploads\/sites\/5\/2026\/02\/Quand-penser-a-lamylose-image.jpg","contentUrl":"https:\/\/reseau-amylose.org\/jesuissoignant\/wp-content\/uploads\/sites\/5\/2026\/02\/Quand-penser-a-lamylose-image.jpg","width":800,"height":1130,"caption":"quand-penser-a-l-amylose"},{"@type":"BreadcrumbList","@id":"https:\/\/reseau-amylose.org\/jesuissoignant\/les-posters-du-reseau-amylose\/#breadcrumb","itemListElement":[{"@type":"ListItem","position":1,"name":"Accueil","item":"https:\/\/reseau-amylose.org\/jesuissoignant\/"},{"@type":"ListItem","position":2,"name":"Posters du R\u00e9seau Amylose"}]},{"@type":"WebSite","@id":"https:\/\/reseau-amylose.org\/jesuissoignant\/#website","url":"https:\/\/reseau-amylose.org\/jesuissoignant\/","name":"R\u00e9seau Amylose","description":"Centre de r\u00e9f\u00e9rence des amyloses cardiaques espace soignant","potentialAction":[{"@type":"SearchAction","target":{"@type":"EntryPoint","urlTemplate":"https:\/\/reseau-amylose.org\/jesuissoignant\/?s={search_term_string}"},"query-input":{"@type":"PropertyValueSpecification","valueRequired":true,"valueName":"search_term_string"}}],"inLanguage":"fr-FR"}]}},"_links":{"self":[{"href":"https:\/\/reseau-amylose.org\/jesuissoignant\/wp-json\/wp\/v2\/pages\/5950","targetHints":{"allow":["GET"]}}],"collection":[{"href":"https:\/\/reseau-amylose.org\/jesuissoignant\/wp-json\/wp\/v2\/pages"}],"about":[{"href":"https:\/\/reseau-amylose.org\/jesuissoignant\/wp-json\/wp\/v2\/types\/page"}],"author":[{"embeddable":true,"href":"https:\/\/reseau-amylose.org\/jesuissoignant\/wp-json\/wp\/v2\/users\/2"}],"replies":[{"embeddable":true,"href":"https:\/\/reseau-amylose.org\/jesuissoignant\/wp-json\/wp\/v2\/comments?post=5950"}],"version-history":[{"count":29,"href":"https:\/\/reseau-amylose.org\/jesuissoignant\/wp-json\/wp\/v2\/pages\/5950\/revisions"}],"predecessor-version":[{"id":7685,"href":"https:\/\/reseau-amylose.org\/jesuissoignant\/wp-json\/wp\/v2\/pages\/5950\/revisions\/7685"}],"wp:attachment":[{"href":"https:\/\/reseau-amylose.org\/jesuissoignant\/wp-json\/wp\/v2\/media?parent=5950"}],"wp:term":[{"taxonomy":"category","embeddable":true,"href":"https:\/\/reseau-amylose.org\/jesuissoignant\/wp-json\/wp\/v2\/categories?post=5950"},{"taxonomy":"post_tag","embeddable":true,"href":"https:\/\/reseau-amylose.org\/jesuissoignant\/wp-json\/wp\/v2\/tags?post=5950"}],"curies":[{"name":"wp","href":"https:\/\/api.w.org\/{rel}","templated":true}]}}