{"id":5525,"date":"2022-07-18T11:10:51","date_gmt":"2022-07-18T09:10:51","guid":{"rendered":"https:\/\/reseau-amylose.org\/jesuissoignant\/?page_id=5525"},"modified":"2022-07-18T11:38:20","modified_gmt":"2022-07-18T09:38:20","slug":"pour-le-medecin-generaliste","status":"publish","type":"page","link":"https:\/\/reseau-amylose.org\/jesuissoignant\/pour-le-medecin-generaliste\/","title":{"rendered":"Pour le M\u00e9decin G\u00e9n\u00e9raliste"},"content":{"rendered":"\t\t<div data-elementor-type=\"wp-page\" data-elementor-id=\"5525\" class=\"elementor elementor-5525\" data-elementor-post-type=\"page\">\n\t\t\t\t\t\t<section class=\"elementor-section elementor-top-section elementor-element elementor-element-39559bc7 elementor-section-content-middle elementor-section-boxed elementor-section-height-default elementor-section-height-default\" data-id=\"39559bc7\" data-element_type=\"section\" data-settings=\"{&quot;background_background&quot;:&quot;classic&quot;}\">\n\t\t\t\t\t\t<div class=\"elementor-container elementor-column-gap-no\">\n\t\t\t\t\t<div class=\"elementor-column elementor-col-100 elementor-top-column elementor-element elementor-element-3749cbbb\" data-id=\"3749cbbb\" data-element_type=\"column\">\n\t\t\t<div class=\"elementor-widget-wrap elementor-element-populated\">\n\t\t\t\t\t\t<div class=\"elementor-element elementor-element-625be1a4 elementor-widget-divider--view-line elementor-widget elementor-widget-divider\" data-id=\"625be1a4\" data-element_type=\"widget\" data-widget_type=\"divider.default\">\n\t\t\t\t<div class=\"elementor-widget-container\">\n\t\t\t\t\t\t\t<div class=\"elementor-divider\">\n\t\t\t<span class=\"elementor-divider-separator\">\n\t\t\t\t\t\t<\/span>\n\t\t<\/div>\n\t\t\t\t\t\t<\/div>\n\t\t\t\t<\/div>\n\t\t\t\t\t<\/div>\n\t\t<\/div>\n\t\t\t\t\t<\/div>\n\t\t<\/section>\n\t\t\t\t<section class=\"elementor-section elementor-top-section elementor-element elementor-element-cda7b3b elementor-section-boxed elementor-section-height-default elementor-section-height-default\" data-id=\"cda7b3b\" data-element_type=\"section\">\n\t\t\t\t\t\t<div class=\"elementor-container elementor-column-gap-default\">\n\t\t\t\t\t<div class=\"elementor-column elementor-col-100 elementor-top-column elementor-element elementor-element-4da1970\" data-id=\"4da1970\" data-element_type=\"column\">\n\t\t\t<div class=\"elementor-widget-wrap elementor-element-populated\">\n\t\t\t\t\t\t<div class=\"elementor-element elementor-element-3c44ae6 elementor-widget elementor-widget-text-editor\" data-id=\"3c44ae6\" data-element_type=\"widget\" data-widget_type=\"text-editor.default\">\n\t\t\t\t<div class=\"elementor-widget-container\">\n\t\t\t\t\t\t\t\t\t<h6><span style=\"color: #000000\">Les amyloses cardiaques sont des maladies rares et syst\u00e9miques, entrainant le d\u00e9p\u00f4t de fibrilles amylo\u00efdes dans les organes atteints. Ces organes sont principalement le c\u0153ur, mais \u00e9galement les t\u00e9guments, les reins, le syst\u00e8me nerveux p\u00e9riph\u00e9rique et v\u00e9g\u00e9tatif, tractus gastro-intestinal et le syst\u00e8me ORL. Cette maladie atteint quasi exclusivement les adultes. <\/span><\/h6><h6><span style=\"color: #000000\">Il existe trois formes d\u2019amyloses cardiaques : AL (\u00e0 chaines l\u00e9g\u00e8res d\u2019immunoglobuline), ATTR sauvage (\u00e0 transthyr\u00e9tine sauvage &#8211; ATTRwt, \u00e9galement appel\u00e9e amylose s\u00e9nile), et ATTRv (transthyr\u00e9tine mut\u00e9e &#8211; ATTRv). <\/span><\/h6><h6><span style=\"color: #000000\">Les sympt\u00f4mes peuvent \u00eatre cardiaques et extracardiaques et sont variables d\u2019une forme \u00e0 l\u2019autre et d\u2019un individu \u00e0 l\u2019autre, rendant le diagnostic difficile du fait de l\u2019h\u00e9t\u00e9rog\u00e9n\u00e9it\u00e9 des ph\u00e9notypes. <\/span><\/h6>\t\t\t\t\t\t\t\t<\/div>\n\t\t\t\t<\/div>\n\t\t\t\t\t<\/div>\n\t\t<\/div>\n\t\t\t\t\t<\/div>\n\t\t<\/section>\n\t\t\t\t<section class=\"elementor-section elementor-top-section elementor-element elementor-element-a09abeb elementor-section-boxed elementor-section-height-default elementor-section-height-default\" data-id=\"a09abeb\" data-element_type=\"section\">\n\t\t\t\t\t\t<div class=\"elementor-container elementor-column-gap-default\">\n\t\t\t\t\t<div class=\"elementor-column elementor-col-100 elementor-top-column elementor-element elementor-element-84276ca\" data-id=\"84276ca\" data-element_type=\"column\">\n\t\t\t<div class=\"elementor-widget-wrap elementor-element-populated\">\n\t\t\t\t\t\t<div class=\"elementor-element elementor-element-74a62bc elementor-widget elementor-widget-heading\" data-id=\"74a62bc\" data-element_type=\"widget\" data-widget_type=\"heading.default\">\n\t\t\t\t<div class=\"elementor-widget-container\">\n\t\t\t\t\t<h5 class=\"elementor-heading-title elementor-size-default\">Manifestations cardiaques :<\/h5>\t\t\t\t<\/div>\n\t\t\t\t<\/div>\n\t\t\t\t<div class=\"elementor-element elementor-element-31eeb6a elementor-widget elementor-widget-text-editor\" data-id=\"31eeb6a\" data-element_type=\"widget\" data-widget_type=\"text-editor.default\">\n\t\t\t\t<div class=\"elementor-widget-container\">\n\t\t\t\t\t\t\t\t\t<h6><span style=\"color: #000000\">L\u2019infiltration amylo\u00efde cardiaque peut toucher toutes les tuniques cardiaques : myocarde, endocarde (valves), p\u00e9ricarde, et tissu \u00e9lectrique. Ce processus infiltratif est dynamique, et rapidement \u00e9volutif en absence de traitement. <\/span><\/h6><h6><span style=\"color: #000000\">Le ph\u00e9notype cardiaque d\u00e9pend du degr\u00e9 d\u2019infiltration de ces tuniques cardiaques : \u00e9paississement des parois du c\u0153ur, troubles conductifs ou rythmiques, alt\u00e9ration des fonctions diastolique et systolique. <\/span><\/h6><h6><span style=\"color: #000000\">L\u2019errance diagnostic est li\u00e9e au fait que les amyloses cardiaques ont les ph\u00e9notypes des syndromes cardiaques suivants : cardiomyopathie hypertrophique (3), insuffisance cardiaque \u00e0 fraction d\u2019\u00e9jection du ventricule gauche pr\u00e9serv\u00e9e, insuffisance cardiaque \u00e0 fraction d\u2019\u00e9jection du ventricule gauche alt\u00e9r\u00e9e avec hypertrophie myocardique, hypertrophie ventriculaire gauche avec BSA3 ou BAV2-3 ou fibrillation atriale ou flutter, r\u00e9tr\u00e9cissement aortique calcifi\u00e9 avec hypertrophie ventriculaire gauche ou bas d\u00e9bit, bas gradient. <\/span><\/h6><h6><span style=\"color: #000000\">Les sympt\u00f4mes communs aux diff\u00e9rentes formes d\u2019amylose cardiaque, sont ceux de l\u2019insuffisance cardiaque (l\u2019essoufflement, la prise de poids, les \u0153d\u00e8mes et la fatigue (EPOF)) et des troubles du rythme et de la conduction (palpitations, vertige, syncope).<\/span><\/h6>\t\t\t\t\t\t\t\t<\/div>\n\t\t\t\t<\/div>\n\t\t\t\t\t<\/div>\n\t\t<\/div>\n\t\t\t\t\t<\/div>\n\t\t<\/section>\n\t\t\t\t<section class=\"elementor-section elementor-top-section elementor-element elementor-element-f1ee522 elementor-section-boxed elementor-section-height-default elementor-section-height-default\" data-id=\"f1ee522\" data-element_type=\"section\">\n\t\t\t\t\t\t<div class=\"elementor-container elementor-column-gap-default\">\n\t\t\t\t\t<div class=\"elementor-column elementor-col-100 elementor-top-column elementor-element elementor-element-7ed02fe\" data-id=\"7ed02fe\" data-element_type=\"column\">\n\t\t\t<div class=\"elementor-widget-wrap elementor-element-populated\">\n\t\t\t\t\t\t<div class=\"elementor-element elementor-element-7803576 elementor-widget elementor-widget-heading\" data-id=\"7803576\" data-element_type=\"widget\" data-widget_type=\"heading.default\">\n\t\t\t\t<div class=\"elementor-widget-container\">\n\t\t\t\t\t<h5 class=\"elementor-heading-title elementor-size-default\">Manifestations extracardiaques :<\/h5>\t\t\t\t<\/div>\n\t\t\t\t<\/div>\n\t\t\t\t<div class=\"elementor-element elementor-element-8986f32 elementor-widget elementor-widget-text-editor\" data-id=\"8986f32\" data-element_type=\"widget\" data-widget_type=\"text-editor.default\">\n\t\t\t\t<div class=\"elementor-widget-container\">\n\t\t\t\t\t\t\t\t\t<h6><span style=\"color: #000000\">L\u2019infiltration amylo\u00efde peut toucher de nombreux organes. Ces atteintes peuvent pr\u00e9c\u00e9der l\u2019atteinte cardiaque et servir \u00ab red flag \u00bb. <\/span><\/h6><h6><span style=\"color: #000000\">\u00a0 \u00a0 \u00a0&#8211; Atteintes t\u00e9gumentaires : infiltration des canaux carpiens, canal lombaire, canal cervical, maladie de Dupuytren <\/span><\/h6><h6><span style=\"color: #000000\">\u00a0 \u00a0 \u00a0&#8211; Atteintes ORL : surdit\u00e9, dysphagie, macroglossie, dysphonie <\/span><\/h6><h6><span style=\"color: #000000\">\u00a0 \u00a0 \u00a0&#8211; Atteintes dysautonomiques : hypotension art\u00e9rielle, gastropar\u00e9sie, diarrh\u00e9es, constipation, dysfonction urinaire. <\/span><\/h6><h6><span style=\"color: #000000\">\u00a0 \u00a0 \u00a0&#8211; Neuropathie p\u00e9riph\u00e9rique <\/span><\/h6><h6><span style=\"color: #000000\">\u00a0 \u00a0 \u00a0&#8211; Syndrome n\u00e9phrotique <\/span><\/h6><h6><span style=\"color: #000000\">\u00a0 \u00a0 \u00a0&#8211; Alt\u00e9ration de l\u2019\u00e9tat g\u00e9n\u00e9ral, d\u00e9nutrition (perte de poids), fatigue. <\/span><\/h6><h6><span style=\"color: #000000\">\u00a0 \u00a0 \u00a0&#8211; Autres : atteinte h\u00e9patique (h\u00e9patom\u00e9galie, cholestase et cytolyse), atteinte pulmonaire, prostate\u2026<\/span><\/h6>\t\t\t\t\t\t\t\t<\/div>\n\t\t\t\t<\/div>\n\t\t\t\t\t<\/div>\n\t\t<\/div>\n\t\t\t\t\t<\/div>\n\t\t<\/section>\n\t\t\t\t<section class=\"elementor-section elementor-top-section elementor-element elementor-element-2fd40fe elementor-section-boxed elementor-section-height-default elementor-section-height-default\" data-id=\"2fd40fe\" data-element_type=\"section\">\n\t\t\t\t\t\t<div class=\"elementor-container elementor-column-gap-default\">\n\t\t\t\t\t<div class=\"elementor-column elementor-col-100 elementor-top-column elementor-element elementor-element-262e50c\" data-id=\"262e50c\" data-element_type=\"column\">\n\t\t\t<div class=\"elementor-widget-wrap elementor-element-populated\">\n\t\t\t\t\t\t<div class=\"elementor-element elementor-element-01ee1d7 elementor-widget elementor-widget-heading\" data-id=\"01ee1d7\" data-element_type=\"widget\" data-widget_type=\"heading.default\">\n\t\t\t\t<div class=\"elementor-widget-container\">\n\t\t\t\t\t<h5 class=\"elementor-heading-title elementor-size-default\">Conduite \u00e0 tenir par le m\u00e9decin traitant :<\/h5>\t\t\t\t<\/div>\n\t\t\t\t<\/div>\n\t\t\t\t<div class=\"elementor-element elementor-element-83538a9 elementor-widget elementor-widget-text-editor\" data-id=\"83538a9\" data-element_type=\"widget\" data-widget_type=\"text-editor.default\">\n\t\t\t\t<div class=\"elementor-widget-container\">\n\t\t\t\t\t\t\t\t\t<h6><span style=\"color: #000000\">La prise en charge des amyloses cardiaques est une urgence car il s\u2019agit d\u2019une pathologie \u00e0 \u00e9volution rapide et encore plus particuli\u00e8rement dans le cas des amyloses AL. <\/span><\/h6><h6><span style=\"color: #000000\">En cas de suspicion d\u2019amylose cardiaque, le m\u00e9decin traitant ou le cardiologue adressera son patient \u00e0 un des centres de r\u00e9f\u00e9rence ou de comp\u00e9tence de la fili\u00e8re Cardiogen (voir liste en annexe 2 du PNDS ci-dessous).<\/span><\/h6>\t\t\t\t\t\t\t\t<\/div>\n\t\t\t\t<\/div>\n\t\t\t\t\t<\/div>\n\t\t<\/div>\n\t\t\t\t\t<\/div>\n\t\t<\/section>\n\t\t\t\t<section class=\"elementor-section elementor-top-section elementor-element elementor-element-d12ba5e elementor-section-boxed elementor-section-height-default elementor-section-height-default\" data-id=\"d12ba5e\" data-element_type=\"section\">\n\t\t\t\t\t\t<div class=\"elementor-container elementor-column-gap-default\">\n\t\t\t\t\t<div class=\"elementor-column elementor-col-100 elementor-top-column elementor-element elementor-element-33af32b\" data-id=\"33af32b\" data-element_type=\"column\">\n\t\t\t<div class=\"elementor-widget-wrap elementor-element-populated\">\n\t\t\t\t\t\t<div class=\"elementor-element elementor-element-9ec751d elementor-widget elementor-widget-text-editor\" data-id=\"9ec751d\" data-element_type=\"widget\" data-widget_type=\"text-editor.default\">\n\t\t\t\t<div class=\"elementor-widget-container\">\n\t\t\t\t\t\t\t\t\t<h4><span style=\"text-decoration: underline\"><strong><span style=\"color: #000000;text-decoration: underline\">Protocole National de Diagnostic et de Soins<\/span><\/strong><\/span><\/h4><h6><span style=\"color: #000000\">T\u00e9l\u00e9chargez ci-dessous la synth\u00e8se de ce document \u00e0 destination du m\u00e9decin traitant :\u00a0<\/span><\/h6>\t\t\t\t\t\t\t\t<\/div>\n\t\t\t\t<\/div>\n\t\t\t\t\t<\/div>\n\t\t<\/div>\n\t\t\t\t\t<\/div>\n\t\t<\/section>\n\t\t\t\t<section class=\"elementor-section elementor-top-section elementor-element elementor-element-019b238 elementor-section-boxed elementor-section-height-default elementor-section-height-default\" data-id=\"019b238\" data-element_type=\"section\">\n\t\t\t\t\t\t<div class=\"elementor-container elementor-column-gap-default\">\n\t\t\t\t\t<div class=\"elementor-column elementor-col-16 elementor-top-column elementor-element elementor-element-36abf86\" data-id=\"36abf86\" data-element_type=\"column\">\n\t\t\t<div class=\"elementor-widget-wrap\">\n\t\t\t\t\t\t\t<\/div>\n\t\t<\/div>\n\t\t\t\t<div class=\"elementor-column elementor-col-66 elementor-top-column elementor-element elementor-element-d038f82\" data-id=\"d038f82\" data-element_type=\"column\">\n\t\t\t<div class=\"elementor-widget-wrap elementor-element-populated\">\n\t\t\t\t\t\t<div class=\"elementor-element elementor-element-a2e3123 elementor-cta--skin-cover elementor-animated-content elementor-bg-transform elementor-bg-transform-zoom-in elementor-widget elementor-widget-call-to-action\" data-id=\"a2e3123\" data-element_type=\"widget\" data-widget_type=\"call-to-action.default\">\n\t\t\t\t<div class=\"elementor-widget-container\">\n\t\t\t\t\t\t\t<a class=\"elementor-cta\" href=\"https:\/\/www.has-sante.fr\/upload\/docs\/application\/pdf\/2021-12\/synthese_mg_amylose_cardiaque.pdf\" target=\"_blank\">\n\t\t\t\t\t<div class=\"elementor-cta__bg-wrapper\">\n\t\t\t\t<div class=\"elementor-cta__bg elementor-bg\" style=\"background-image: url(https:\/\/reseau-amylose.org\/jesuissoignant\/wp-content\/uploads\/sites\/5\/2022\/07\/Capture-de\u0301cran-2022-07-18-a\u0300-11.31.46-1024x501.png);\" role=\"img\" aria-label=\"Capture d\u2019e\u0301cran 2022-07-18 a\u0300 11.31.46\"><\/div>\n\t\t\t\t<div class=\"elementor-cta__bg-overlay\"><\/div>\n\t\t\t<\/div>\n\t\t\t\t\t\t\t<div class=\"elementor-cta__content\">\n\t\t\t\t\n\t\t\t\t\n\t\t\t\t\n\t\t\t\t\t\t\t\t\t<div class=\"elementor-cta__button-wrapper elementor-cta__content-item elementor-content-item elementor-animated-item--grow\">\n\t\t\t\t\t<span class=\"elementor-cta__button elementor-button elementor-size-lg\">\n\t\t\t\t\t\tCliquez ici\t\t\t\t\t<\/span>\n\t\t\t\t\t<\/div>\n\t\t\t\t\t\t\t<\/div>\n\t\t\t\t\t\t<\/a>\n\t\t\t\t\t\t<\/div>\n\t\t\t\t<\/div>\n\t\t\t\t\t<\/div>\n\t\t<\/div>\n\t\t\t\t<div class=\"elementor-column elementor-col-16 elementor-top-column elementor-element elementor-element-1293ed5\" data-id=\"1293ed5\" data-element_type=\"column\">\n\t\t\t<div class=\"elementor-widget-wrap\">\n\t\t\t\t\t\t\t<\/div>\n\t\t<\/div>\n\t\t\t\t\t<\/div>\n\t\t<\/section>\n\t\t\t\t<section class=\"elementor-section elementor-top-section elementor-element elementor-element-aa649b4 elementor-section-boxed elementor-section-height-default elementor-section-height-default\" data-id=\"aa649b4\" data-element_type=\"section\">\n\t\t\t\t\t\t<div class=\"elementor-container elementor-column-gap-default\">\n\t\t\t\t\t<div class=\"elementor-column elementor-col-33 elementor-top-column elementor-element elementor-element-c6073e4\" data-id=\"c6073e4\" data-element_type=\"column\">\n\t\t\t<div class=\"elementor-widget-wrap\">\n\t\t\t\t\t\t\t<\/div>\n\t\t<\/div>\n\t\t\t\t<div class=\"elementor-column elementor-col-66 elementor-top-column elementor-element elementor-element-06f1cb7\" data-id=\"06f1cb7\" data-element_type=\"column\">\n\t\t\t<div class=\"elementor-widget-wrap elementor-element-populated\">\n\t\t\t\t\t\t<div class=\"elementor-element elementor-element-129d67c elementor-align-center elementor-widget elementor-widget-button\" data-id=\"129d67c\" data-element_type=\"widget\" data-widget_type=\"button.default\">\n\t\t\t\t<div class=\"elementor-widget-container\">\n\t\t\t\t\t\t\t\t\t<div class=\"elementor-button-wrapper\">\n\t\t\t\t\t<a class=\"elementor-button elementor-button-link elementor-size-md\" href=\"https:\/\/www.has-sante.fr\/upload\/docs\/application\/pdf\/2021-12\/pnds_amyloses_cardiaques_v20_version_finale_31082021.pdf\" target=\"_blank\">\n\t\t\t\t\t\t<span class=\"elementor-button-content-wrapper\">\n\t\t\t\t\t\t\t\t\t<span class=\"elementor-button-text\">T\u00e9l\u00e9chargez le Protocole National de Diagnostic et de Soins dans son int\u00e9gralit\u00e9 ICI<\/span>\n\t\t\t\t\t<\/span>\n\t\t\t\t\t<\/a>\n\t\t\t\t<\/div>\n\t\t\t\t\t\t\t\t<\/div>\n\t\t\t\t<\/div>\n\t\t\t\t\t<\/div>\n\t\t<\/div>\n\t\t\t\t\t<\/div>\n\t\t<\/section>\n\t\t\t\t<\/div>\n\t\t","protected":false},"excerpt":{"rendered":"<p>Les amyloses cardiaques sont des maladies rares et syst\u00e9miques, entrainant le d\u00e9p\u00f4t de fibrilles amylo\u00efdes dans les organes atteints. Ces organes sont principalement le c\u0153ur, mais \u00e9galement les t\u00e9guments, les reins, le syst\u00e8me nerveux p\u00e9riph\u00e9rique et v\u00e9g\u00e9tatif, tractus gastro-intestinal et le syst\u00e8me ORL. Cette maladie atteint quasi exclusivement les adultes. Il existe trois formes d\u2019amyloses [&hellip;]<\/p>\n","protected":false},"author":2,"featured_media":0,"parent":0,"menu_order":0,"comment_status":"closed","ping_status":"closed","template":"","meta":{"_monsterinsights_skip_tracking":false,"_monsterinsights_sitenote_active":false,"_monsterinsights_sitenote_note":"","_monsterinsights_sitenote_category":0,"footnotes":""},"categories":[],"tags":[],"class_list":["post-5525","page","type-page","status-publish","hentry"],"yoast_head":"<!-- This site is optimized with the Yoast SEO plugin v25.5 - https:\/\/yoast.com\/wordpress\/plugins\/seo\/ -->\n<title>Pour le M\u00e9decin G\u00e9n\u00e9raliste - R\u00e9seau Amylose<\/title>\n<meta name=\"description\" content=\"Amylose : manifestations cardiaques, manifestations extracardiaques, conduite \u00e0 tenir, prise en charge - t\u00e9l\u00e9chargez le PNDS\" \/>\n<meta name=\"robots\" content=\"index, follow, max-snippet:-1, max-image-preview:large, max-video-preview:-1\" \/>\n<link rel=\"canonical\" href=\"https:\/\/reseau-amylose.org\/jesuissoignant\/pour-le-medecin-generaliste\/\" \/>\n<meta property=\"og:locale\" content=\"fr_FR\" \/>\n<meta property=\"og:type\" content=\"article\" \/>\n<meta property=\"og:title\" content=\"Pour le M\u00e9decin G\u00e9n\u00e9raliste - R\u00e9seau Amylose\" \/>\n<meta property=\"og:description\" content=\"Amylose : manifestations cardiaques, manifestations extracardiaques, conduite \u00e0 tenir, prise en charge - t\u00e9l\u00e9chargez le PNDS\" \/>\n<meta property=\"og:url\" content=\"https:\/\/reseau-amylose.org\/jesuissoignant\/pour-le-medecin-generaliste\/\" \/>\n<meta property=\"og:site_name\" content=\"R\u00e9seau Amylose\" \/>\n<meta property=\"article:modified_time\" content=\"2022-07-18T09:38:20+00:00\" \/>\n<meta name=\"twitter:card\" content=\"summary_large_image\" \/>\n<meta name=\"twitter:label1\" content=\"Dur\u00e9e de lecture estim\u00e9e\" \/>\n\t<meta name=\"twitter:data1\" content=\"3 minutes\" \/>\n<script type=\"application\/ld+json\" class=\"yoast-schema-graph\">{\"@context\":\"https:\/\/schema.org\",\"@graph\":[{\"@type\":\"WebPage\",\"@id\":\"https:\/\/reseau-amylose.org\/jesuissoignant\/pour-le-medecin-generaliste\/\",\"url\":\"https:\/\/reseau-amylose.org\/jesuissoignant\/pour-le-medecin-generaliste\/\",\"name\":\"Pour le M\u00e9decin G\u00e9n\u00e9raliste - R\u00e9seau Amylose\",\"isPartOf\":{\"@id\":\"https:\/\/reseau-amylose.org\/jesuissoignant\/#website\"},\"datePublished\":\"2022-07-18T09:10:51+00:00\",\"dateModified\":\"2022-07-18T09:38:20+00:00\",\"description\":\"Amylose : manifestations cardiaques, manifestations extracardiaques, conduite \u00e0 tenir, prise en charge - t\u00e9l\u00e9chargez le PNDS\",\"breadcrumb\":{\"@id\":\"https:\/\/reseau-amylose.org\/jesuissoignant\/pour-le-medecin-generaliste\/#breadcrumb\"},\"inLanguage\":\"fr-FR\",\"potentialAction\":[{\"@type\":\"ReadAction\",\"target\":[\"https:\/\/reseau-amylose.org\/jesuissoignant\/pour-le-medecin-generaliste\/\"]}]},{\"@type\":\"BreadcrumbList\",\"@id\":\"https:\/\/reseau-amylose.org\/jesuissoignant\/pour-le-medecin-generaliste\/#breadcrumb\",\"itemListElement\":[{\"@type\":\"ListItem\",\"position\":1,\"name\":\"Accueil\",\"item\":\"https:\/\/reseau-amylose.org\/jesuissoignant\/\"},{\"@type\":\"ListItem\",\"position\":2,\"name\":\"Pour le M\u00e9decin G\u00e9n\u00e9raliste\"}]},{\"@type\":\"WebSite\",\"@id\":\"https:\/\/reseau-amylose.org\/jesuissoignant\/#website\",\"url\":\"https:\/\/reseau-amylose.org\/jesuissoignant\/\",\"name\":\"R\u00e9seau Amylose\",\"description\":\"Centre de r\u00e9f\u00e9rence des amyloses cardiaques espace soignant\",\"potentialAction\":[{\"@type\":\"SearchAction\",\"target\":{\"@type\":\"EntryPoint\",\"urlTemplate\":\"https:\/\/reseau-amylose.org\/jesuissoignant\/?s={search_term_string}\"},\"query-input\":{\"@type\":\"PropertyValueSpecification\",\"valueRequired\":true,\"valueName\":\"search_term_string\"}}],\"inLanguage\":\"fr-FR\"}]}<\/script>\n<!-- \/ Yoast SEO plugin. -->","yoast_head_json":{"title":"Pour le M\u00e9decin G\u00e9n\u00e9raliste - R\u00e9seau Amylose","description":"Amylose : manifestations cardiaques, manifestations extracardiaques, conduite \u00e0 tenir, prise en charge - t\u00e9l\u00e9chargez le PNDS","robots":{"index":"index","follow":"follow","max-snippet":"max-snippet:-1","max-image-preview":"max-image-preview:large","max-video-preview":"max-video-preview:-1"},"canonical":"https:\/\/reseau-amylose.org\/jesuissoignant\/pour-le-medecin-generaliste\/","og_locale":"fr_FR","og_type":"article","og_title":"Pour le M\u00e9decin G\u00e9n\u00e9raliste - R\u00e9seau Amylose","og_description":"Amylose : manifestations cardiaques, manifestations extracardiaques, conduite \u00e0 tenir, prise en charge - t\u00e9l\u00e9chargez le PNDS","og_url":"https:\/\/reseau-amylose.org\/jesuissoignant\/pour-le-medecin-generaliste\/","og_site_name":"R\u00e9seau Amylose","article_modified_time":"2022-07-18T09:38:20+00:00","twitter_card":"summary_large_image","twitter_misc":{"Dur\u00e9e de lecture estim\u00e9e":"3 minutes"},"schema":{"@context":"https:\/\/schema.org","@graph":[{"@type":"WebPage","@id":"https:\/\/reseau-amylose.org\/jesuissoignant\/pour-le-medecin-generaliste\/","url":"https:\/\/reseau-amylose.org\/jesuissoignant\/pour-le-medecin-generaliste\/","name":"Pour le M\u00e9decin G\u00e9n\u00e9raliste - R\u00e9seau Amylose","isPartOf":{"@id":"https:\/\/reseau-amylose.org\/jesuissoignant\/#website"},"datePublished":"2022-07-18T09:10:51+00:00","dateModified":"2022-07-18T09:38:20+00:00","description":"Amylose : manifestations cardiaques, manifestations extracardiaques, conduite \u00e0 tenir, prise en charge - t\u00e9l\u00e9chargez le PNDS","breadcrumb":{"@id":"https:\/\/reseau-amylose.org\/jesuissoignant\/pour-le-medecin-generaliste\/#breadcrumb"},"inLanguage":"fr-FR","potentialAction":[{"@type":"ReadAction","target":["https:\/\/reseau-amylose.org\/jesuissoignant\/pour-le-medecin-generaliste\/"]}]},{"@type":"BreadcrumbList","@id":"https:\/\/reseau-amylose.org\/jesuissoignant\/pour-le-medecin-generaliste\/#breadcrumb","itemListElement":[{"@type":"ListItem","position":1,"name":"Accueil","item":"https:\/\/reseau-amylose.org\/jesuissoignant\/"},{"@type":"ListItem","position":2,"name":"Pour le M\u00e9decin G\u00e9n\u00e9raliste"}]},{"@type":"WebSite","@id":"https:\/\/reseau-amylose.org\/jesuissoignant\/#website","url":"https:\/\/reseau-amylose.org\/jesuissoignant\/","name":"R\u00e9seau Amylose","description":"Centre de r\u00e9f\u00e9rence des amyloses cardiaques espace soignant","potentialAction":[{"@type":"SearchAction","target":{"@type":"EntryPoint","urlTemplate":"https:\/\/reseau-amylose.org\/jesuissoignant\/?s={search_term_string}"},"query-input":{"@type":"PropertyValueSpecification","valueRequired":true,"valueName":"search_term_string"}}],"inLanguage":"fr-FR"}]}},"_links":{"self":[{"href":"https:\/\/reseau-amylose.org\/jesuissoignant\/wp-json\/wp\/v2\/pages\/5525","targetHints":{"allow":["GET"]}}],"collection":[{"href":"https:\/\/reseau-amylose.org\/jesuissoignant\/wp-json\/wp\/v2\/pages"}],"about":[{"href":"https:\/\/reseau-amylose.org\/jesuissoignant\/wp-json\/wp\/v2\/types\/page"}],"author":[{"embeddable":true,"href":"https:\/\/reseau-amylose.org\/jesuissoignant\/wp-json\/wp\/v2\/users\/2"}],"replies":[{"embeddable":true,"href":"https:\/\/reseau-amylose.org\/jesuissoignant\/wp-json\/wp\/v2\/comments?post=5525"}],"version-history":[{"count":16,"href":"https:\/\/reseau-amylose.org\/jesuissoignant\/wp-json\/wp\/v2\/pages\/5525\/revisions"}],"predecessor-version":[{"id":5545,"href":"https:\/\/reseau-amylose.org\/jesuissoignant\/wp-json\/wp\/v2\/pages\/5525\/revisions\/5545"}],"wp:attachment":[{"href":"https:\/\/reseau-amylose.org\/jesuissoignant\/wp-json\/wp\/v2\/media?parent=5525"}],"wp:term":[{"taxonomy":"category","embeddable":true,"href":"https:\/\/reseau-amylose.org\/jesuissoignant\/wp-json\/wp\/v2\/categories?post=5525"},{"taxonomy":"post_tag","embeddable":true,"href":"https:\/\/reseau-amylose.org\/jesuissoignant\/wp-json\/wp\/v2\/tags?post=5525"}],"curies":[{"name":"wp","href":"https:\/\/api.w.org\/{rel}","templated":true}]}}