{"id":3545,"date":"2021-04-14T12:06:43","date_gmt":"2021-04-14T12:06:43","guid":{"rendered":"https:\/\/www.reseau-amylose.org\/jesuissoignant\/?page_id=3545"},"modified":"2024-02-23T11:23:18","modified_gmt":"2024-02-23T10:23:18","slug":"examens-complementaires-electrocardiogramme-2","status":"publish","type":"page","link":"https:\/\/reseau-amylose.org\/jesuissoignant\/examens-complementaires-electrocardiogramme-2\/","title":{"rendered":"L&rsquo;\u00e9lectrocardiogramme"},"content":{"rendered":"\t\t<div data-elementor-type=\"wp-page\" data-elementor-id=\"3545\" class=\"elementor elementor-3545\" data-elementor-post-type=\"page\">\n\t\t\t\t\t\t<section class=\"elementor-section elementor-top-section elementor-element elementor-element-20d33faa elementor-section-content-middle elementor-section-boxed elementor-section-height-default elementor-section-height-default\" data-id=\"20d33faa\" data-element_type=\"section\" data-settings=\"{&quot;background_background&quot;:&quot;classic&quot;}\">\n\t\t\t\t\t\t<div class=\"elementor-container elementor-column-gap-no\">\n\t\t\t\t\t<div class=\"elementor-column elementor-col-100 elementor-top-column elementor-element elementor-element-6960c3e1\" data-id=\"6960c3e1\" data-element_type=\"column\">\n\t\t\t<div class=\"elementor-widget-wrap elementor-element-populated\">\n\t\t\t\t\t\t<div class=\"elementor-element elementor-element-b9e2902 elementor-widget elementor-widget-heading\" data-id=\"b9e2902\" data-element_type=\"widget\" data-widget_type=\"heading.default\">\n\t\t\t\t<div class=\"elementor-widget-container\">\n\t\t\t\t\t<h1 class=\"elementor-heading-title elementor-size-default\">L'Electrocardiogramme de l'amylose cardiaque<\/h1>\t\t\t\t<\/div>\n\t\t\t\t<\/div>\n\t\t\t\t<div class=\"elementor-element elementor-element-49f2f728 elementor-widget-divider--view-line elementor-widget elementor-widget-divider\" data-id=\"49f2f728\" data-element_type=\"widget\" data-widget_type=\"divider.default\">\n\t\t\t\t<div class=\"elementor-widget-container\">\n\t\t\t\t\t\t\t<div class=\"elementor-divider\">\n\t\t\t<span class=\"elementor-divider-separator\">\n\t\t\t\t\t\t<\/span>\n\t\t<\/div>\n\t\t\t\t\t\t<\/div>\n\t\t\t\t<\/div>\n\t\t\t\t<div class=\"elementor-element elementor-element-37c053b elementor-widget elementor-widget-heading\" data-id=\"37c053b\" data-element_type=\"widget\" data-widget_type=\"heading.default\">\n\t\t\t\t<div class=\"elementor-widget-container\">\n\t\t\t\t\t<h2 class=\"elementor-heading-title elementor-size-default\">Les examens compl\u00e9mentaires \npour l'amylose cardiaque<\/h2>\t\t\t\t<\/div>\n\t\t\t\t<\/div>\n\t\t\t\t\t<\/div>\n\t\t<\/div>\n\t\t\t\t\t<\/div>\n\t\t<\/section>\n\t\t\t\t<section class=\"elementor-section elementor-top-section elementor-element elementor-element-1587cfde elementor-section-boxed elementor-section-height-default elementor-section-height-default\" data-id=\"1587cfde\" data-element_type=\"section\">\n\t\t\t\t\t\t<div class=\"elementor-container elementor-column-gap-default\">\n\t\t\t\t\t<div class=\"elementor-column elementor-col-100 elementor-top-column elementor-element elementor-element-295f50d\" data-id=\"295f50d\" data-element_type=\"column\">\n\t\t\t<div class=\"elementor-widget-wrap elementor-element-populated\">\n\t\t\t\t\t\t<div class=\"elementor-element elementor-element-6e51c267 elementor-widget elementor-widget-text-editor\" data-id=\"6e51c267\" data-element_type=\"widget\" data-widget_type=\"text-editor.default\">\n\t\t\t\t<div class=\"elementor-widget-container\">\n\t\t\t\t\t\t\t\t\t<p>Les examens compl\u00e9mentaires pour l&rsquo;amylose cardiaque permettent de suspecter l\u2019amylose. Seul le diagnostic anatomopathologique permet de l\u2019affirmer. L\u2019\u00e9chocardiographie, l\u2019IRM et la scintigraphie sont compl\u00e9mentaires dans l\u2019approche diagnostic toutefois ces examens ne permettent pas de distinguer avec certitude les diff\u00e9rentes formes d\u2019amylose [<a href=\"http:\/\/www.reseau-amylose-chu-mondor.org\/images\/Fichier_PDF\/Prsentation_cliniques_et_imageriques_des_amyloses_cardiaques.pdf\"> Pr\u00e9sentation clinique des amyloses cardiaques]<\/a><\/p><p>L&rsquo;\u00e9lectrocardiogramme de l&rsquo;amylose cardiaque est un de ces examens compl\u00e9mentaires, une aide au diagnostic de l&rsquo;amylose cardiaque.\u00a0<\/p>\t\t\t\t\t\t\t\t<\/div>\n\t\t\t\t<\/div>\n\t\t\t\t\t<\/div>\n\t\t<\/div>\n\t\t\t\t\t<\/div>\n\t\t<\/section>\n\t\t\t\t<section class=\"elementor-section elementor-top-section elementor-element elementor-element-47ab1bc8 elementor-section-boxed elementor-section-height-default elementor-section-height-default\" data-id=\"47ab1bc8\" data-element_type=\"section\">\n\t\t\t\t\t\t<div class=\"elementor-container elementor-column-gap-default\">\n\t\t\t\t\t<div class=\"elementor-column elementor-col-100 elementor-top-column elementor-element elementor-element-3439debc\" data-id=\"3439debc\" data-element_type=\"column\">\n\t\t\t<div class=\"elementor-widget-wrap elementor-element-populated\">\n\t\t\t\t\t\t<div class=\"elementor-element elementor-element-a60cd19 elementor-widget elementor-widget-heading\" data-id=\"a60cd19\" data-element_type=\"widget\" data-widget_type=\"heading.default\">\n\t\t\t\t<div class=\"elementor-widget-container\">\n\t\t\t\t\t<h2 class=\"elementor-heading-title elementor-size-default\">L'\u00e9lectrocardiogramme de l'amylose cardiaque<\/h2>\t\t\t\t<\/div>\n\t\t\t\t<\/div>\n\t\t\t\t<div class=\"elementor-element elementor-element-5c402603 elementor-widget elementor-widget-text-editor\" data-id=\"5c402603\" data-element_type=\"widget\" data-widget_type=\"text-editor.default\">\n\t\t\t\t<div class=\"elementor-widget-container\">\n\t\t\t\t\t\t\t\t\t<p>Un microvoltage des QRS, des pseudo-ondes Q, des QRS fragment\u00e9s et des troubles de la conduction \u00e0 l\u2019\u00e9tage auriculo-ventriculaires (BAV) sont classiquement d\u00e9crits dans les amyloses. Ces anomalies peuvent orienter le diagnostic surtout quand elles s\u2019associent \u00e0 une hypertrophie myocardique importante \u00e0 l\u2019\u00e9chocardiographie qui contraste avec le microvoltage et\/ou l\u2019absence d\u2019hypertrophie myocardique \u00e9lectrique (Indice de Sokolov &lt;35mm).<\/p>\t\t\t\t\t\t\t\t<\/div>\n\t\t\t\t<\/div>\n\t\t\t\t\t<\/div>\n\t\t<\/div>\n\t\t\t\t\t<\/div>\n\t\t<\/section>\n\t\t\t\t<section class=\"elementor-section elementor-top-section elementor-element elementor-element-3fa1004 elementor-section-boxed elementor-section-height-default elementor-section-height-default\" data-id=\"3fa1004\" data-element_type=\"section\">\n\t\t\t\t\t\t<div class=\"elementor-container elementor-column-gap-default\">\n\t\t\t\t\t<div class=\"elementor-column elementor-col-16 elementor-top-column elementor-element elementor-element-e61f58c\" data-id=\"e61f58c\" data-element_type=\"column\">\n\t\t\t<div class=\"elementor-widget-wrap\">\n\t\t\t\t\t\t\t<\/div>\n\t\t<\/div>\n\t\t\t\t<div class=\"elementor-column elementor-col-66 elementor-top-column elementor-element elementor-element-2d35a73\" data-id=\"2d35a73\" data-element_type=\"column\">\n\t\t\t<div class=\"elementor-widget-wrap elementor-element-populated\">\n\t\t\t\t\t\t<div class=\"elementor-element elementor-element-3964080 elementor-widget elementor-widget-heading\" data-id=\"3964080\" data-element_type=\"widget\" data-widget_type=\"heading.default\">\n\t\t\t\t<div class=\"elementor-widget-container\">\n\t\t\t\t\t<h3 class=\"elementor-heading-title elementor-size-default\">Les anomalies du rythme cardiaque dans les amyloses<\/h3>\t\t\t\t<\/div>\n\t\t\t\t<\/div>\n\t\t\t\t<div class=\"elementor-element elementor-element-8301c47 elementor-widget elementor-widget-heading\" data-id=\"8301c47\" data-element_type=\"widget\" data-widget_type=\"heading.default\">\n\t\t\t\t<div class=\"elementor-widget-container\">\n\t\t\t\t\t<h4 class=\"elementor-heading-title elementor-size-default\">Vincent ALGALARRONDO<\/h4>\t\t\t\t<\/div>\n\t\t\t\t<\/div>\n\t\t\t\t<div class=\"elementor-element elementor-element-a108e4f elementor-widget elementor-widget-video\" data-id=\"a108e4f\" data-element_type=\"widget\" data-settings=\"{&quot;youtube_url&quot;:&quot;https:\\\/\\\/www.youtube.com\\\/watch?v=BoQ3poI2ZGU&amp;ab_channel=R%C3%A9seauAmylose&quot;,&quot;video_type&quot;:&quot;youtube&quot;,&quot;controls&quot;:&quot;yes&quot;}\" data-widget_type=\"video.default\">\n\t\t\t\t<div class=\"elementor-widget-container\">\n\t\t\t\t\t\t\t<div class=\"elementor-wrapper elementor-open-inline\">\n\t\t\t<div class=\"elementor-video\"><\/div>\t\t<\/div>\n\t\t\t\t\t\t<\/div>\n\t\t\t\t<\/div>\n\t\t\t\t\t<\/div>\n\t\t<\/div>\n\t\t\t\t<div class=\"elementor-column elementor-col-16 elementor-top-column elementor-element elementor-element-e6aacf7\" data-id=\"e6aacf7\" data-element_type=\"column\">\n\t\t\t<div class=\"elementor-widget-wrap\">\n\t\t\t\t\t\t\t<\/div>\n\t\t<\/div>\n\t\t\t\t\t<\/div>\n\t\t<\/section>\n\t\t\t\t<section class=\"elementor-section elementor-top-section elementor-element elementor-element-3e4c7da5 elementor-section-boxed elementor-section-height-default elementor-section-height-default\" data-id=\"3e4c7da5\" data-element_type=\"section\">\n\t\t\t\t\t\t<div class=\"elementor-container elementor-column-gap-default\">\n\t\t\t\t\t<div class=\"elementor-column elementor-col-100 elementor-top-column elementor-element elementor-element-61687acb\" data-id=\"61687acb\" data-element_type=\"column\">\n\t\t\t<div class=\"elementor-widget-wrap\">\n\t\t\t\t\t\t\t<\/div>\n\t\t<\/div>\n\t\t\t\t\t<\/div>\n\t\t<\/section>\n\t\t\t\t<\/div>\n\t\t","protected":false},"excerpt":{"rendered":"<p>L&rsquo;Electrocardiogramme de l&rsquo;amylose cardiaque Les examens compl\u00e9mentaires pour l&rsquo;amylose cardiaque Les examens compl\u00e9mentaires pour l&rsquo;amylose cardiaque permettent de suspecter l\u2019amylose. Seul le diagnostic anatomopathologique permet de l\u2019affirmer. L\u2019\u00e9chocardiographie, l\u2019IRM et la scintigraphie sont compl\u00e9mentaires dans l\u2019approche diagnostic toutefois ces examens ne permettent pas de distinguer avec certitude les diff\u00e9rentes formes d\u2019amylose [ Pr\u00e9sentation clinique des [&hellip;]<\/p>\n","protected":false},"author":1,"featured_media":0,"parent":0,"menu_order":0,"comment_status":"closed","ping_status":"closed","template":"","meta":{"_monsterinsights_skip_tracking":false,"_monsterinsights_sitenote_active":false,"_monsterinsights_sitenote_note":"","_monsterinsights_sitenote_category":0,"footnotes":""},"categories":[],"tags":[],"class_list":["post-3545","page","type-page","status-publish","hentry"],"yoast_head":"<!-- This site is optimized with the Yoast SEO plugin v25.5 - https:\/\/yoast.com\/wordpress\/plugins\/seo\/ -->\n<title>L&#039;\u00e9lectrocardiogramme - R\u00e9seau Amylose<\/title>\n<meta name=\"robots\" content=\"index, follow, max-snippet:-1, max-image-preview:large, max-video-preview:-1\" \/>\n<link rel=\"canonical\" href=\"http:\/\/reseau-amylose.org\/jesuissoignant\/examens-complementaires-electrocardiogramme-2\/\" \/>\n<meta property=\"og:locale\" content=\"fr_FR\" \/>\n<meta property=\"og:type\" content=\"article\" \/>\n<meta property=\"og:title\" content=\"L&#039;\u00e9lectrocardiogramme - R\u00e9seau Amylose\" \/>\n<meta property=\"og:description\" content=\"L&rsquo;Electrocardiogramme de l&rsquo;amylose cardiaque Les examens compl\u00e9mentaires pour l&rsquo;amylose cardiaque Les examens compl\u00e9mentaires pour l&rsquo;amylose cardiaque permettent de suspecter l\u2019amylose. Seul le diagnostic anatomopathologique permet de l\u2019affirmer. L\u2019\u00e9chocardiographie, l\u2019IRM et la scintigraphie sont compl\u00e9mentaires dans l\u2019approche diagnostic toutefois ces examens ne permettent pas de distinguer avec certitude les diff\u00e9rentes formes d\u2019amylose [ Pr\u00e9sentation clinique des [&hellip;]\" \/>\n<meta property=\"og:url\" content=\"http:\/\/reseau-amylose.org\/jesuissoignant\/examens-complementaires-electrocardiogramme-2\/\" \/>\n<meta property=\"og:site_name\" content=\"R\u00e9seau Amylose\" \/>\n<meta property=\"article:modified_time\" content=\"2024-02-23T10:23:18+00:00\" \/>\n<meta name=\"twitter:card\" content=\"summary_large_image\" \/>\n<meta name=\"twitter:label1\" content=\"Dur\u00e9e de lecture estim\u00e9e\" \/>\n\t<meta name=\"twitter:data1\" content=\"1 minute\" \/>\n<script type=\"application\/ld+json\" class=\"yoast-schema-graph\">{\"@context\":\"https:\/\/schema.org\",\"@graph\":[{\"@type\":\"WebPage\",\"@id\":\"http:\/\/reseau-amylose.org\/jesuissoignant\/examens-complementaires-electrocardiogramme-2\/\",\"url\":\"http:\/\/reseau-amylose.org\/jesuissoignant\/examens-complementaires-electrocardiogramme-2\/\",\"name\":\"L'\u00e9lectrocardiogramme - R\u00e9seau Amylose\",\"isPartOf\":{\"@id\":\"https:\/\/reseau-amylose.org\/jesuissoignant\/#website\"},\"datePublished\":\"2021-04-14T12:06:43+00:00\",\"dateModified\":\"2024-02-23T10:23:18+00:00\",\"breadcrumb\":{\"@id\":\"http:\/\/reseau-amylose.org\/jesuissoignant\/examens-complementaires-electrocardiogramme-2\/#breadcrumb\"},\"inLanguage\":\"fr-FR\",\"potentialAction\":[{\"@type\":\"ReadAction\",\"target\":[\"http:\/\/reseau-amylose.org\/jesuissoignant\/examens-complementaires-electrocardiogramme-2\/\"]}]},{\"@type\":\"BreadcrumbList\",\"@id\":\"http:\/\/reseau-amylose.org\/jesuissoignant\/examens-complementaires-electrocardiogramme-2\/#breadcrumb\",\"itemListElement\":[{\"@type\":\"ListItem\",\"position\":1,\"name\":\"Accueil\",\"item\":\"https:\/\/reseau-amylose.org\/jesuissoignant\/\"},{\"@type\":\"ListItem\",\"position\":2,\"name\":\"L&rsquo;\u00e9lectrocardiogramme\"}]},{\"@type\":\"WebSite\",\"@id\":\"https:\/\/reseau-amylose.org\/jesuissoignant\/#website\",\"url\":\"https:\/\/reseau-amylose.org\/jesuissoignant\/\",\"name\":\"R\u00e9seau Amylose\",\"description\":\"Centre de r\u00e9f\u00e9rence des amyloses cardiaques espace soignant\",\"potentialAction\":[{\"@type\":\"SearchAction\",\"target\":{\"@type\":\"EntryPoint\",\"urlTemplate\":\"https:\/\/reseau-amylose.org\/jesuissoignant\/?s={search_term_string}\"},\"query-input\":{\"@type\":\"PropertyValueSpecification\",\"valueRequired\":true,\"valueName\":\"search_term_string\"}}],\"inLanguage\":\"fr-FR\"}]}<\/script>\n<!-- \/ Yoast SEO plugin. -->","yoast_head_json":{"title":"L'\u00e9lectrocardiogramme - R\u00e9seau Amylose","robots":{"index":"index","follow":"follow","max-snippet":"max-snippet:-1","max-image-preview":"max-image-preview:large","max-video-preview":"max-video-preview:-1"},"canonical":"http:\/\/reseau-amylose.org\/jesuissoignant\/examens-complementaires-electrocardiogramme-2\/","og_locale":"fr_FR","og_type":"article","og_title":"L'\u00e9lectrocardiogramme - R\u00e9seau Amylose","og_description":"L&rsquo;Electrocardiogramme de l&rsquo;amylose cardiaque Les examens compl\u00e9mentaires pour l&rsquo;amylose cardiaque Les examens compl\u00e9mentaires pour l&rsquo;amylose cardiaque permettent de suspecter l\u2019amylose. Seul le diagnostic anatomopathologique permet de l\u2019affirmer. L\u2019\u00e9chocardiographie, l\u2019IRM et la scintigraphie sont compl\u00e9mentaires dans l\u2019approche diagnostic toutefois ces examens ne permettent pas de distinguer avec certitude les diff\u00e9rentes formes d\u2019amylose [ Pr\u00e9sentation clinique des [&hellip;]","og_url":"http:\/\/reseau-amylose.org\/jesuissoignant\/examens-complementaires-electrocardiogramme-2\/","og_site_name":"R\u00e9seau Amylose","article_modified_time":"2024-02-23T10:23:18+00:00","twitter_card":"summary_large_image","twitter_misc":{"Dur\u00e9e de lecture estim\u00e9e":"1 minute"},"schema":{"@context":"https:\/\/schema.org","@graph":[{"@type":"WebPage","@id":"http:\/\/reseau-amylose.org\/jesuissoignant\/examens-complementaires-electrocardiogramme-2\/","url":"http:\/\/reseau-amylose.org\/jesuissoignant\/examens-complementaires-electrocardiogramme-2\/","name":"L'\u00e9lectrocardiogramme - R\u00e9seau Amylose","isPartOf":{"@id":"https:\/\/reseau-amylose.org\/jesuissoignant\/#website"},"datePublished":"2021-04-14T12:06:43+00:00","dateModified":"2024-02-23T10:23:18+00:00","breadcrumb":{"@id":"http:\/\/reseau-amylose.org\/jesuissoignant\/examens-complementaires-electrocardiogramme-2\/#breadcrumb"},"inLanguage":"fr-FR","potentialAction":[{"@type":"ReadAction","target":["http:\/\/reseau-amylose.org\/jesuissoignant\/examens-complementaires-electrocardiogramme-2\/"]}]},{"@type":"BreadcrumbList","@id":"http:\/\/reseau-amylose.org\/jesuissoignant\/examens-complementaires-electrocardiogramme-2\/#breadcrumb","itemListElement":[{"@type":"ListItem","position":1,"name":"Accueil","item":"https:\/\/reseau-amylose.org\/jesuissoignant\/"},{"@type":"ListItem","position":2,"name":"L&rsquo;\u00e9lectrocardiogramme"}]},{"@type":"WebSite","@id":"https:\/\/reseau-amylose.org\/jesuissoignant\/#website","url":"https:\/\/reseau-amylose.org\/jesuissoignant\/","name":"R\u00e9seau Amylose","description":"Centre de r\u00e9f\u00e9rence des amyloses cardiaques espace soignant","potentialAction":[{"@type":"SearchAction","target":{"@type":"EntryPoint","urlTemplate":"https:\/\/reseau-amylose.org\/jesuissoignant\/?s={search_term_string}"},"query-input":{"@type":"PropertyValueSpecification","valueRequired":true,"valueName":"search_term_string"}}],"inLanguage":"fr-FR"}]}},"_links":{"self":[{"href":"https:\/\/reseau-amylose.org\/jesuissoignant\/wp-json\/wp\/v2\/pages\/3545","targetHints":{"allow":["GET"]}}],"collection":[{"href":"https:\/\/reseau-amylose.org\/jesuissoignant\/wp-json\/wp\/v2\/pages"}],"about":[{"href":"https:\/\/reseau-amylose.org\/jesuissoignant\/wp-json\/wp\/v2\/types\/page"}],"author":[{"embeddable":true,"href":"https:\/\/reseau-amylose.org\/jesuissoignant\/wp-json\/wp\/v2\/users\/1"}],"replies":[{"embeddable":true,"href":"https:\/\/reseau-amylose.org\/jesuissoignant\/wp-json\/wp\/v2\/comments?post=3545"}],"version-history":[{"count":16,"href":"https:\/\/reseau-amylose.org\/jesuissoignant\/wp-json\/wp\/v2\/pages\/3545\/revisions"}],"predecessor-version":[{"id":6310,"href":"https:\/\/reseau-amylose.org\/jesuissoignant\/wp-json\/wp\/v2\/pages\/3545\/revisions\/6310"}],"wp:attachment":[{"href":"https:\/\/reseau-amylose.org\/jesuissoignant\/wp-json\/wp\/v2\/media?parent=3545"}],"wp:term":[{"taxonomy":"category","embeddable":true,"href":"https:\/\/reseau-amylose.org\/jesuissoignant\/wp-json\/wp\/v2\/categories?post=3545"},{"taxonomy":"post_tag","embeddable":true,"href":"https:\/\/reseau-amylose.org\/jesuissoignant\/wp-json\/wp\/v2\/tags?post=3545"}],"curies":[{"name":"wp","href":"https:\/\/api.w.org\/{rel}","templated":true}]}}