{"id":2822,"date":"2021-02-17T13:28:49","date_gmt":"2021-02-17T13:28:49","guid":{"rendered":"https:\/\/www.reseau-amylose.org\/jesuissoignant\/?page_id=2822"},"modified":"2021-02-17T13:28:49","modified_gmt":"2021-02-17T13:28:49","slug":"autres-specialites","status":"publish","type":"page","link":"https:\/\/reseau-amylose.org\/jesuissoignant\/autres-specialites\/","title":{"rendered":"Autres sp\u00e9cialit\u00e9s"},"content":{"rendered":"","protected":false},"excerpt":{"rendered":"","protected":false},"author":1,"featured_media":0,"parent":0,"menu_order":0,"comment_status":"closed","ping_status":"closed","template":"","meta":{"_monsterinsights_skip_tracking":false,"_monsterinsights_sitenote_active":false,"_monsterinsights_sitenote_note":"","_monsterinsights_sitenote_category":0,"footnotes":""},"categories":[],"tags":[],"class_list":["post-2822","page","type-page","status-publish","hentry"],"yoast_head":"<!-- This site is optimized with the Yoast SEO plugin v25.5 - https:\/\/yoast.com\/wordpress\/plugins\/seo\/ -->\n<title>Autres sp\u00e9cialit\u00e9s - R\u00e9seau Amylose<\/title>\n<meta name=\"robots\" content=\"index, follow, max-snippet:-1, max-image-preview:large, max-video-preview:-1\" \/>\n<link rel=\"canonical\" href=\"https:\/\/reseau-amylose.org\/jesuissoignant\/autres-specialites\/\" \/>\n<meta property=\"og:locale\" content=\"fr_FR\" \/>\n<meta property=\"og:type\" content=\"article\" \/>\n<meta property=\"og:title\" content=\"Autres sp\u00e9cialit\u00e9s - R\u00e9seau Amylose\" \/>\n<meta property=\"og:url\" content=\"https:\/\/reseau-amylose.org\/jesuissoignant\/autres-specialites\/\" \/>\n<meta property=\"og:site_name\" content=\"R\u00e9seau Amylose\" \/>\n<meta name=\"twitter:card\" content=\"summary_large_image\" \/>\n<script type=\"application\/ld+json\" class=\"yoast-schema-graph\">{\"@context\":\"https:\/\/schema.org\",\"@graph\":[{\"@type\":\"WebPage\",\"@id\":\"https:\/\/reseau-amylose.org\/jesuissoignant\/autres-specialites\/\",\"url\":\"https:\/\/reseau-amylose.org\/jesuissoignant\/autres-specialites\/\",\"name\":\"Autres sp\u00e9cialit\u00e9s - R\u00e9seau Amylose\",\"isPartOf\":{\"@id\":\"https:\/\/reseau-amylose.org\/jesuissoignant\/#website\"},\"datePublished\":\"2021-02-17T13:28:49+00:00\",\"breadcrumb\":{\"@id\":\"https:\/\/reseau-amylose.org\/jesuissoignant\/autres-specialites\/#breadcrumb\"},\"inLanguage\":\"fr-FR\",\"potentialAction\":[{\"@type\":\"ReadAction\",\"target\":[\"https:\/\/reseau-amylose.org\/jesuissoignant\/autres-specialites\/\"]}]},{\"@type\":\"BreadcrumbList\",\"@id\":\"https:\/\/reseau-amylose.org\/jesuissoignant\/autres-specialites\/#breadcrumb\",\"itemListElement\":[{\"@type\":\"ListItem\",\"position\":1,\"name\":\"Accueil\",\"item\":\"https:\/\/reseau-amylose.org\/jesuissoignant\/\"},{\"@type\":\"ListItem\",\"position\":2,\"name\":\"Autres sp\u00e9cialit\u00e9s\"}]},{\"@type\":\"WebSite\",\"@id\":\"https:\/\/reseau-amylose.org\/jesuissoignant\/#website\",\"url\":\"https:\/\/reseau-amylose.org\/jesuissoignant\/\",\"name\":\"R\u00e9seau Amylose\",\"description\":\"Centre de r\u00e9f\u00e9rence des amyloses cardiaques espace soignant\",\"potentialAction\":[{\"@type\":\"SearchAction\",\"target\":{\"@type\":\"EntryPoint\",\"urlTemplate\":\"https:\/\/reseau-amylose.org\/jesuissoignant\/?s={search_term_string}\"},\"query-input\":{\"@type\":\"PropertyValueSpecification\",\"valueRequired\":true,\"valueName\":\"search_term_string\"}}],\"inLanguage\":\"fr-FR\"}]}<\/script>\n<!-- \/ Yoast SEO plugin. -->","yoast_head_json":{"title":"Autres sp\u00e9cialit\u00e9s - R\u00e9seau Amylose","robots":{"index":"index","follow":"follow","max-snippet":"max-snippet:-1","max-image-preview":"max-image-preview:large","max-video-preview":"max-video-preview:-1"},"canonical":"https:\/\/reseau-amylose.org\/jesuissoignant\/autres-specialites\/","og_locale":"fr_FR","og_type":"article","og_title":"Autres sp\u00e9cialit\u00e9s - R\u00e9seau Amylose","og_url":"https:\/\/reseau-amylose.org\/jesuissoignant\/autres-specialites\/","og_site_name":"R\u00e9seau Amylose","twitter_card":"summary_large_image","schema":{"@context":"https:\/\/schema.org","@graph":[{"@type":"WebPage","@id":"https:\/\/reseau-amylose.org\/jesuissoignant\/autres-specialites\/","url":"https:\/\/reseau-amylose.org\/jesuissoignant\/autres-specialites\/","name":"Autres sp\u00e9cialit\u00e9s - R\u00e9seau Amylose","isPartOf":{"@id":"https:\/\/reseau-amylose.org\/jesuissoignant\/#website"},"datePublished":"2021-02-17T13:28:49+00:00","breadcrumb":{"@id":"https:\/\/reseau-amylose.org\/jesuissoignant\/autres-specialites\/#breadcrumb"},"inLanguage":"fr-FR","potentialAction":[{"@type":"ReadAction","target":["https:\/\/reseau-amylose.org\/jesuissoignant\/autres-specialites\/"]}]},{"@type":"BreadcrumbList","@id":"https:\/\/reseau-amylose.org\/jesuissoignant\/autres-specialites\/#breadcrumb","itemListElement":[{"@type":"ListItem","position":1,"name":"Accueil","item":"https:\/\/reseau-amylose.org\/jesuissoignant\/"},{"@type":"ListItem","position":2,"name":"Autres sp\u00e9cialit\u00e9s"}]},{"@type":"WebSite","@id":"https:\/\/reseau-amylose.org\/jesuissoignant\/#website","url":"https:\/\/reseau-amylose.org\/jesuissoignant\/","name":"R\u00e9seau Amylose","description":"Centre de r\u00e9f\u00e9rence des amyloses cardiaques espace soignant","potentialAction":[{"@type":"SearchAction","target":{"@type":"EntryPoint","urlTemplate":"https:\/\/reseau-amylose.org\/jesuissoignant\/?s={search_term_string}"},"query-input":{"@type":"PropertyValueSpecification","valueRequired":true,"valueName":"search_term_string"}}],"inLanguage":"fr-FR"}]}},"_links":{"self":[{"href":"https:\/\/reseau-amylose.org\/jesuissoignant\/wp-json\/wp\/v2\/pages\/2822","targetHints":{"allow":["GET"]}}],"collection":[{"href":"https:\/\/reseau-amylose.org\/jesuissoignant\/wp-json\/wp\/v2\/pages"}],"about":[{"href":"https:\/\/reseau-amylose.org\/jesuissoignant\/wp-json\/wp\/v2\/types\/page"}],"author":[{"embeddable":true,"href":"https:\/\/reseau-amylose.org\/jesuissoignant\/wp-json\/wp\/v2\/users\/1"}],"replies":[{"embeddable":true,"href":"https:\/\/reseau-amylose.org\/jesuissoignant\/wp-json\/wp\/v2\/comments?post=2822"}],"version-history":[{"count":0,"href":"https:\/\/reseau-amylose.org\/jesuissoignant\/wp-json\/wp\/v2\/pages\/2822\/revisions"}],"wp:attachment":[{"href":"https:\/\/reseau-amylose.org\/jesuissoignant\/wp-json\/wp\/v2\/media?parent=2822"}],"wp:term":[{"taxonomy":"category","embeddable":true,"href":"https:\/\/reseau-amylose.org\/jesuissoignant\/wp-json\/wp\/v2\/categories?post=2822"},{"taxonomy":"post_tag","embeddable":true,"href":"https:\/\/reseau-amylose.org\/jesuissoignant\/wp-json\/wp\/v2\/tags?post=2822"}],"curies":[{"name":"wp","href":"https:\/\/api.w.org\/{rel}","templated":true}]}}