{"id":2716,"date":"2020-12-04T12:59:22","date_gmt":"2020-12-04T12:59:22","guid":{"rendered":"https:\/\/www.reseau-amylose.org\/jesuissoignant\/?page_id=2716"},"modified":"2022-07-08T10:31:45","modified_gmt":"2022-07-08T08:31:45","slug":"la-bibliose-2","status":"publish","type":"page","link":"https:\/\/reseau-amylose.org\/jesuissoignant\/la-bibliose-2\/","title":{"rendered":"La Bibli&rsquo;OSE"},"content":{"rendered":"\t\t<div data-elementor-type=\"wp-page\" data-elementor-id=\"2716\" class=\"elementor elementor-2716\" data-elementor-post-type=\"page\">\n\t\t\t\t\t\t<section class=\"elementor-section elementor-top-section elementor-element elementor-element-7c59324d elementor-section-content-middle elementor-section-boxed elementor-section-height-default elementor-section-height-default\" data-id=\"7c59324d\" data-element_type=\"section\" data-settings=\"{&quot;background_background&quot;:&quot;classic&quot;}\">\n\t\t\t\t\t\t<div class=\"elementor-container elementor-column-gap-no\">\n\t\t\t\t\t<div class=\"elementor-column elementor-col-100 elementor-top-column elementor-element elementor-element-789328b3\" data-id=\"789328b3\" data-element_type=\"column\">\n\t\t\t<div class=\"elementor-widget-wrap elementor-element-populated\">\n\t\t\t\t\t\t<div class=\"elementor-element elementor-element-64aecb8b elementor-widget-divider--view-line elementor-widget elementor-widget-divider\" data-id=\"64aecb8b\" data-element_type=\"widget\" data-widget_type=\"divider.default\">\n\t\t\t\t<div class=\"elementor-widget-container\">\n\t\t\t\t\t\t\t<div class=\"elementor-divider\">\n\t\t\t<span class=\"elementor-divider-separator\">\n\t\t\t\t\t\t<\/span>\n\t\t<\/div>\n\t\t\t\t\t\t<\/div>\n\t\t\t\t<\/div>\n\t\t\t\t\t<\/div>\n\t\t<\/div>\n\t\t\t\t\t<\/div>\n\t\t<\/section>\n\t\t\t\t<section class=\"elementor-section elementor-top-section elementor-element elementor-element-584b202 elementor-section-boxed elementor-section-height-default elementor-section-height-default\" data-id=\"584b202\" data-element_type=\"section\">\n\t\t\t\t\t\t<div class=\"elementor-container elementor-column-gap-default\">\n\t\t\t\t\t<div class=\"elementor-column elementor-col-100 elementor-top-column elementor-element elementor-element-85d5281\" data-id=\"85d5281\" data-element_type=\"column\">\n\t\t\t<div class=\"elementor-widget-wrap elementor-element-populated\">\n\t\t\t\t\t\t<div class=\"elementor-element elementor-element-bbc482c elementor-widget elementor-widget-text-editor\" data-id=\"bbc482c\" data-element_type=\"widget\" data-widget_type=\"text-editor.default\">\n\t\t\t\t<div class=\"elementor-widget-container\">\n\t\t\t\t\t\t\t\t\t<h6><span style=\"color: #000000\">Le Pr Olivier LAIREZ, le Pr Thibaud DAMY et les experts du R\u00e9seau Amylose vous proposent un rendez-vous bibliographique, la Bibli&rsquo;OSE, 100% digital, tous les 15 jours sur l&rsquo;amylose\u00a0<\/span><\/h6><h3 style=\"text-align: center\"><span style=\"color: #000000\">le Jeudi de 13h30 \u00e0 14h00.<\/span><\/h3><div><h6><span style=\"color: #000000\">Vous pourrez suivre toute l&rsquo;actualit\u00e9 de l&rsquo;amylose et interagir avec les experts de la Fili\u00e8re Cardiogen et du R\u00e9seau Amylose.<\/span><\/h6><h6><span style=\"color: #000000\">Un rendez-vous \u00e0 ne pas rater! Connectez vous aux sessions <a href=\"https:\/\/bibliose.org\/biblilive\/\" target=\"_blank\" rel=\"noopener\">en direct ICI.<\/a><\/span><\/h6><h6><span style=\"color: #000000\">Inscrivez-vous pour recevoir les liens de connexion mais aussi les podcasts et les vid\u00e9os de la Bibli&rsquo;OSE.<\/span><\/h6><h6><span style=\"color: #000000\">Pour consulter le calendrier des sessions live <a href=\"https:\/\/bibliose.org\/\" target=\"_blank\" rel=\"noopener\">CLIQUEZ ICI.<\/a><\/span><\/h6><h6><span style=\"color: #000000\">Chaque session, chaque article pr\u00e9sent\u00e9 est disponible en replay sur la plateforme<\/span> <a href=\"https:\/\/bibliose.org\/replay\/\" target=\"_blank\" rel=\"noopener\">BIBLIOSE<\/a> <span style=\"color: #000000\">et sur notre<\/span> <a href=\"https:\/\/www.youtube.com\/watch?v=ODEjbmQwU_g&amp;list=PLgcbJqP0xnzi_t6pS5Pm5N_TsA9x7EJ0-&amp;ab_channel=R%C3%A9seauAmylose\" target=\"_blank\" rel=\"noopener\">cha\u00eene YOUTUBE<\/a>. <span style=\"color: #000000\">Consultez toutes nos vid\u00e9os disponibles.\u00a0<\/span><\/h6><\/div>\t\t\t\t\t\t\t\t<\/div>\n\t\t\t\t<\/div>\n\t\t\t\t\t<\/div>\n\t\t<\/div>\n\t\t\t\t\t<\/div>\n\t\t<\/section>\n\t\t\t\t<section class=\"elementor-section elementor-top-section elementor-element elementor-element-08c41fa elementor-section-boxed elementor-section-height-default elementor-section-height-default\" data-id=\"08c41fa\" data-element_type=\"section\">\n\t\t\t\t\t\t<div class=\"elementor-container elementor-column-gap-default\">\n\t\t\t\t\t<div class=\"elementor-column elementor-col-66 elementor-top-column elementor-element elementor-element-7a4cfe3\" data-id=\"7a4cfe3\" data-element_type=\"column\">\n\t\t\t<div class=\"elementor-widget-wrap elementor-element-populated\">\n\t\t\t\t\t\t<div class=\"elementor-element elementor-element-a57ca5e elementor-widget elementor-widget-video\" data-id=\"a57ca5e\" data-element_type=\"widget\" data-settings=\"{&quot;youtube_url&quot;:&quot;https:\\\/\\\/www.youtube.com\\\/watch?v=_o4zDnxK7lY&amp;ab_channel=R%C3%A9seauAmylose&quot;,&quot;video_type&quot;:&quot;youtube&quot;,&quot;controls&quot;:&quot;yes&quot;}\" data-widget_type=\"video.default\">\n\t\t\t\t<div class=\"elementor-widget-container\">\n\t\t\t\t\t\t\t<div class=\"elementor-wrapper elementor-open-inline\">\n\t\t\t<div class=\"elementor-video\"><\/div>\t\t<\/div>\n\t\t\t\t\t\t<\/div>\n\t\t\t\t<\/div>\n\t\t\t\t\t<\/div>\n\t\t<\/div>\n\t\t\t\t<div class=\"elementor-column elementor-col-33 elementor-top-column elementor-element elementor-element-a13c2da\" data-id=\"a13c2da\" data-element_type=\"column\">\n\t\t\t<div class=\"elementor-widget-wrap elementor-element-populated\">\n\t\t\t\t\t\t<div class=\"elementor-element elementor-element-6fe700c elementor-cta--skin-cover elementor-animated-content elementor-bg-transform elementor-bg-transform-zoom-in elementor-widget elementor-widget-call-to-action\" data-id=\"6fe700c\" data-element_type=\"widget\" data-widget_type=\"call-to-action.default\">\n\t\t\t\t<div class=\"elementor-widget-container\">\n\t\t\t\t\t\t\t<a class=\"elementor-cta\" href=\"https:\/\/app.urlweb.pro\/s\/index.php?a=JTk2aSU5NnElOTclQUM=&#038;id=JTk4ayU5Nm4lOTclQUQ=\">\n\t\t\t\t\t<div class=\"elementor-cta__bg-wrapper\">\n\t\t\t\t<div class=\"elementor-cta__bg elementor-bg\" style=\"background-image: url(https:\/\/reseau-amylose.org\/jesuissoignant\/wp-content\/uploads\/sites\/5\/2020\/12\/amyloses_favicon4.png);\" role=\"img\" aria-label=\"amyloses_favicon4\"><\/div>\n\t\t\t\t<div class=\"elementor-cta__bg-overlay\"><\/div>\n\t\t\t<\/div>\n\t\t\t\t\t\t\t<div class=\"elementor-cta__content\">\n\t\t\t\t\n\t\t\t\t\t\t\t\t\t<h2 class=\"elementor-cta__title elementor-cta__content-item elementor-content-item elementor-animated-item--grow\">\n\t\t\t\t\t\tInscrivez-vous\t\t\t\t\t<\/h2>\n\t\t\t\t\n\t\t\t\t\n\t\t\t\t\t\t\t\t\t<div class=\"elementor-cta__button-wrapper elementor-cta__content-item elementor-content-item elementor-animated-item--grow\">\n\t\t\t\t\t<span class=\"elementor-cta__button elementor-button elementor-size-\">\n\t\t\t\t\t\tCliquez ici\t\t\t\t\t<\/span>\n\t\t\t\t\t<\/div>\n\t\t\t\t\t\t\t<\/div>\n\t\t\t\t\t\t<\/a>\n\t\t\t\t\t\t<\/div>\n\t\t\t\t<\/div>\n\t\t\t\t\t<\/div>\n\t\t<\/div>\n\t\t\t\t\t<\/div>\n\t\t<\/section>\n\t\t\t\t<section class=\"elementor-section elementor-top-section elementor-element elementor-element-29bc782 elementor-section-boxed elementor-section-height-default elementor-section-height-default\" data-id=\"29bc782\" data-element_type=\"section\">\n\t\t\t\t\t\t<div class=\"elementor-container elementor-column-gap-default\">\n\t\t\t\t\t<div class=\"elementor-column elementor-col-33 elementor-top-column elementor-element elementor-element-a6a7e06\" data-id=\"a6a7e06\" data-element_type=\"column\">\n\t\t\t<div class=\"elementor-widget-wrap\">\n\t\t\t\t\t\t\t<\/div>\n\t\t<\/div>\n\t\t\t\t<div class=\"elementor-column elementor-col-33 elementor-top-column elementor-element elementor-element-1d52852\" data-id=\"1d52852\" data-element_type=\"column\">\n\t\t\t<div class=\"elementor-widget-wrap elementor-element-populated\">\n\t\t\t\t\t\t<div class=\"elementor-element elementor-element-7dc36c6 elementor-widget elementor-widget-text-editor\" data-id=\"7dc36c6\" data-element_type=\"widget\" data-widget_type=\"text-editor.default\">\n\t\t\t\t<div class=\"elementor-widget-container\">\n\t\t\t\t\t\t\t\t\t<h4 style=\"text-align: center\"><a href=\"https:\/\/bibliose.org\/biblilive\/\" target=\"_blank\" rel=\"noopener\">Visionnez le live<\/a><\/h4><h4 style=\"text-align: center\"><a href=\"https:\/\/bibliose.org\/archives\/\">Consultez les replays <\/a><\/h4><h4 style=\"text-align: center\"><a href=\"https:\/\/bibliose.org\/calendrier\/\">et le calendrier des prochaines sessions\u00a0<\/a><\/h4><h4 style=\"text-align: center\"><a href=\"http:\/\/bibliose.org\/\">www.bibliose.org<\/a><\/h4>\t\t\t\t\t\t\t\t<\/div>\n\t\t\t\t<\/div>\n\t\t\t\t\t<\/div>\n\t\t<\/div>\n\t\t\t\t<div class=\"elementor-column elementor-col-33 elementor-top-column elementor-element elementor-element-1078cd5\" data-id=\"1078cd5\" data-element_type=\"column\">\n\t\t\t<div class=\"elementor-widget-wrap\">\n\t\t\t\t\t\t\t<\/div>\n\t\t<\/div>\n\t\t\t\t\t<\/div>\n\t\t<\/section>\n\t\t\t\t<\/div>\n\t\t","protected":false},"excerpt":{"rendered":"<p>Le Pr Olivier LAIREZ, le Pr Thibaud DAMY et les experts du R\u00e9seau Amylose vous proposent un rendez-vous bibliographique, la Bibli&rsquo;OSE, 100% digital, tous les 15 jours sur l&rsquo;amylose\u00a0 le Jeudi de 13h30 \u00e0 14h00. Vous pourrez suivre toute l&rsquo;actualit\u00e9 de l&rsquo;amylose et interagir avec les experts de la Fili\u00e8re Cardiogen et du R\u00e9seau Amylose. [&hellip;]<\/p>\n","protected":false},"author":1,"featured_media":0,"parent":0,"menu_order":0,"comment_status":"closed","ping_status":"closed","template":"","meta":{"_monsterinsights_skip_tracking":false,"_monsterinsights_sitenote_active":false,"_monsterinsights_sitenote_note":"","_monsterinsights_sitenote_category":0,"footnotes":""},"categories":[],"tags":[],"class_list":["post-2716","page","type-page","status-publish","hentry"],"yoast_head":"<!-- This site is optimized with the Yoast SEO plugin v25.5 - https:\/\/yoast.com\/wordpress\/plugins\/seo\/ -->\n<title>La Bibli&#039;OSE - R\u00e9seau Amylose<\/title>\n<meta name=\"robots\" content=\"index, follow, max-snippet:-1, max-image-preview:large, max-video-preview:-1\" \/>\n<link rel=\"canonical\" href=\"https:\/\/reseau-amylose.org\/jesuissoignant\/la-bibliose-2\/\" \/>\n<meta property=\"og:locale\" content=\"fr_FR\" \/>\n<meta property=\"og:type\" content=\"article\" \/>\n<meta property=\"og:title\" content=\"La Bibli&#039;OSE - R\u00e9seau Amylose\" \/>\n<meta property=\"og:description\" content=\"Le Pr Olivier LAIREZ, le Pr Thibaud DAMY et les experts du R\u00e9seau Amylose vous proposent un rendez-vous bibliographique, la Bibli&rsquo;OSE, 100% digital, tous les 15 jours sur l&rsquo;amylose\u00a0 le Jeudi de 13h30 \u00e0 14h00. Vous pourrez suivre toute l&rsquo;actualit\u00e9 de l&rsquo;amylose et interagir avec les experts de la Fili\u00e8re Cardiogen et du R\u00e9seau Amylose. [&hellip;]\" \/>\n<meta property=\"og:url\" content=\"https:\/\/reseau-amylose.org\/jesuissoignant\/la-bibliose-2\/\" \/>\n<meta property=\"og:site_name\" content=\"R\u00e9seau Amylose\" \/>\n<meta property=\"article:modified_time\" content=\"2022-07-08T08:31:45+00:00\" \/>\n<meta name=\"twitter:card\" content=\"summary_large_image\" \/>\n<meta name=\"twitter:label1\" content=\"Dur\u00e9e de lecture estim\u00e9e\" \/>\n\t<meta name=\"twitter:data1\" content=\"1 minute\" \/>\n<script type=\"application\/ld+json\" class=\"yoast-schema-graph\">{\"@context\":\"https:\/\/schema.org\",\"@graph\":[{\"@type\":\"WebPage\",\"@id\":\"https:\/\/reseau-amylose.org\/jesuissoignant\/la-bibliose-2\/\",\"url\":\"https:\/\/reseau-amylose.org\/jesuissoignant\/la-bibliose-2\/\",\"name\":\"La Bibli'OSE - R\u00e9seau Amylose\",\"isPartOf\":{\"@id\":\"https:\/\/reseau-amylose.org\/jesuissoignant\/#website\"},\"datePublished\":\"2020-12-04T12:59:22+00:00\",\"dateModified\":\"2022-07-08T08:31:45+00:00\",\"breadcrumb\":{\"@id\":\"https:\/\/reseau-amylose.org\/jesuissoignant\/la-bibliose-2\/#breadcrumb\"},\"inLanguage\":\"fr-FR\",\"potentialAction\":[{\"@type\":\"ReadAction\",\"target\":[\"https:\/\/reseau-amylose.org\/jesuissoignant\/la-bibliose-2\/\"]}]},{\"@type\":\"BreadcrumbList\",\"@id\":\"https:\/\/reseau-amylose.org\/jesuissoignant\/la-bibliose-2\/#breadcrumb\",\"itemListElement\":[{\"@type\":\"ListItem\",\"position\":1,\"name\":\"Accueil\",\"item\":\"https:\/\/reseau-amylose.org\/jesuissoignant\/\"},{\"@type\":\"ListItem\",\"position\":2,\"name\":\"La Bibli&rsquo;OSE\"}]},{\"@type\":\"WebSite\",\"@id\":\"https:\/\/reseau-amylose.org\/jesuissoignant\/#website\",\"url\":\"https:\/\/reseau-amylose.org\/jesuissoignant\/\",\"name\":\"R\u00e9seau Amylose\",\"description\":\"Centre de r\u00e9f\u00e9rence des amyloses cardiaques espace soignant\",\"potentialAction\":[{\"@type\":\"SearchAction\",\"target\":{\"@type\":\"EntryPoint\",\"urlTemplate\":\"https:\/\/reseau-amylose.org\/jesuissoignant\/?s={search_term_string}\"},\"query-input\":{\"@type\":\"PropertyValueSpecification\",\"valueRequired\":true,\"valueName\":\"search_term_string\"}}],\"inLanguage\":\"fr-FR\"}]}<\/script>\n<!-- \/ Yoast SEO plugin. -->","yoast_head_json":{"title":"La Bibli'OSE - R\u00e9seau Amylose","robots":{"index":"index","follow":"follow","max-snippet":"max-snippet:-1","max-image-preview":"max-image-preview:large","max-video-preview":"max-video-preview:-1"},"canonical":"https:\/\/reseau-amylose.org\/jesuissoignant\/la-bibliose-2\/","og_locale":"fr_FR","og_type":"article","og_title":"La Bibli'OSE - R\u00e9seau Amylose","og_description":"Le Pr Olivier LAIREZ, le Pr Thibaud DAMY et les experts du R\u00e9seau Amylose vous proposent un rendez-vous bibliographique, la Bibli&rsquo;OSE, 100% digital, tous les 15 jours sur l&rsquo;amylose\u00a0 le Jeudi de 13h30 \u00e0 14h00. Vous pourrez suivre toute l&rsquo;actualit\u00e9 de l&rsquo;amylose et interagir avec les experts de la Fili\u00e8re Cardiogen et du R\u00e9seau Amylose. [&hellip;]","og_url":"https:\/\/reseau-amylose.org\/jesuissoignant\/la-bibliose-2\/","og_site_name":"R\u00e9seau Amylose","article_modified_time":"2022-07-08T08:31:45+00:00","twitter_card":"summary_large_image","twitter_misc":{"Dur\u00e9e de lecture estim\u00e9e":"1 minute"},"schema":{"@context":"https:\/\/schema.org","@graph":[{"@type":"WebPage","@id":"https:\/\/reseau-amylose.org\/jesuissoignant\/la-bibliose-2\/","url":"https:\/\/reseau-amylose.org\/jesuissoignant\/la-bibliose-2\/","name":"La Bibli'OSE - R\u00e9seau Amylose","isPartOf":{"@id":"https:\/\/reseau-amylose.org\/jesuissoignant\/#website"},"datePublished":"2020-12-04T12:59:22+00:00","dateModified":"2022-07-08T08:31:45+00:00","breadcrumb":{"@id":"https:\/\/reseau-amylose.org\/jesuissoignant\/la-bibliose-2\/#breadcrumb"},"inLanguage":"fr-FR","potentialAction":[{"@type":"ReadAction","target":["https:\/\/reseau-amylose.org\/jesuissoignant\/la-bibliose-2\/"]}]},{"@type":"BreadcrumbList","@id":"https:\/\/reseau-amylose.org\/jesuissoignant\/la-bibliose-2\/#breadcrumb","itemListElement":[{"@type":"ListItem","position":1,"name":"Accueil","item":"https:\/\/reseau-amylose.org\/jesuissoignant\/"},{"@type":"ListItem","position":2,"name":"La Bibli&rsquo;OSE"}]},{"@type":"WebSite","@id":"https:\/\/reseau-amylose.org\/jesuissoignant\/#website","url":"https:\/\/reseau-amylose.org\/jesuissoignant\/","name":"R\u00e9seau Amylose","description":"Centre de r\u00e9f\u00e9rence des amyloses cardiaques espace soignant","potentialAction":[{"@type":"SearchAction","target":{"@type":"EntryPoint","urlTemplate":"https:\/\/reseau-amylose.org\/jesuissoignant\/?s={search_term_string}"},"query-input":{"@type":"PropertyValueSpecification","valueRequired":true,"valueName":"search_term_string"}}],"inLanguage":"fr-FR"}]}},"_links":{"self":[{"href":"https:\/\/reseau-amylose.org\/jesuissoignant\/wp-json\/wp\/v2\/pages\/2716","targetHints":{"allow":["GET"]}}],"collection":[{"href":"https:\/\/reseau-amylose.org\/jesuissoignant\/wp-json\/wp\/v2\/pages"}],"about":[{"href":"https:\/\/reseau-amylose.org\/jesuissoignant\/wp-json\/wp\/v2\/types\/page"}],"author":[{"embeddable":true,"href":"https:\/\/reseau-amylose.org\/jesuissoignant\/wp-json\/wp\/v2\/users\/1"}],"replies":[{"embeddable":true,"href":"https:\/\/reseau-amylose.org\/jesuissoignant\/wp-json\/wp\/v2\/comments?post=2716"}],"version-history":[{"count":19,"href":"https:\/\/reseau-amylose.org\/jesuissoignant\/wp-json\/wp\/v2\/pages\/2716\/revisions"}],"predecessor-version":[{"id":5477,"href":"https:\/\/reseau-amylose.org\/jesuissoignant\/wp-json\/wp\/v2\/pages\/2716\/revisions\/5477"}],"wp:attachment":[{"href":"https:\/\/reseau-amylose.org\/jesuissoignant\/wp-json\/wp\/v2\/media?parent=2716"}],"wp:term":[{"taxonomy":"category","embeddable":true,"href":"https:\/\/reseau-amylose.org\/jesuissoignant\/wp-json\/wp\/v2\/categories?post=2716"},{"taxonomy":"post_tag","embeddable":true,"href":"https:\/\/reseau-amylose.org\/jesuissoignant\/wp-json\/wp\/v2\/tags?post=2716"}],"curies":[{"name":"wp","href":"https:\/\/api.w.org\/{rel}","templated":true}]}}