{"id":141,"date":"2018-12-06T00:21:25","date_gmt":"2018-12-06T00:21:25","guid":{"rendered":"http:\/\/soignant.reseau-amylose.org\/?page_id=141"},"modified":"2022-06-13T15:22:40","modified_gmt":"2022-06-13T13:22:40","slug":"autres-videos-insuffisance-cardiaque","status":"publish","type":"page","link":"https:\/\/reseau-amylose.org\/jesuissoignant\/documentation\/autres-videos-insuffisance-cardiaque\/","title":{"rendered":"Autres vid\u00e9os : insuffisance cardiaque"},"content":{"rendered":"\t\t<div data-elementor-type=\"wp-post\" data-elementor-id=\"141\" class=\"elementor elementor-141\" data-elementor-post-type=\"page\">\n\t\t\t\t\t\t<section class=\"elementor-section elementor-top-section elementor-element elementor-element-34b1cec5 elementor-section-content-middle elementor-section-boxed elementor-section-height-default elementor-section-height-default\" data-id=\"34b1cec5\" data-element_type=\"section\" data-settings=\"{&quot;background_background&quot;:&quot;classic&quot;}\">\n\t\t\t\t\t\t<div class=\"elementor-container elementor-column-gap-no\">\n\t\t\t\t\t<div class=\"elementor-column elementor-col-100 elementor-top-column elementor-element elementor-element-60aebf57\" data-id=\"60aebf57\" data-element_type=\"column\">\n\t\t\t<div class=\"elementor-widget-wrap elementor-element-populated\">\n\t\t\t\t\t\t<div class=\"elementor-element elementor-element-1cd8df10 elementor-widget-divider--view-line elementor-widget elementor-widget-divider\" data-id=\"1cd8df10\" data-element_type=\"widget\" data-widget_type=\"divider.default\">\n\t\t\t\t<div class=\"elementor-widget-container\">\n\t\t\t\t\t\t\t<div class=\"elementor-divider\">\n\t\t\t<span class=\"elementor-divider-separator\">\n\t\t\t\t\t\t<\/span>\n\t\t<\/div>\n\t\t\t\t\t\t<\/div>\n\t\t\t\t<\/div>\n\t\t\t\t\t<\/div>\n\t\t<\/div>\n\t\t\t\t\t<\/div>\n\t\t<\/section>\n\t\t\t\t<section class=\"elementor-section elementor-top-section elementor-element elementor-element-7dd1b2c7 elementor-section-boxed elementor-section-height-default elementor-section-height-default\" data-id=\"7dd1b2c7\" data-element_type=\"section\">\n\t\t\t\t\t\t<div class=\"elementor-container elementor-column-gap-default\">\n\t\t\t\t\t<div class=\"elementor-column elementor-col-100 elementor-top-column elementor-element elementor-element-56877912\" data-id=\"56877912\" data-element_type=\"column\">\n\t\t\t<div class=\"elementor-widget-wrap elementor-element-populated\">\n\t\t\t\t\t\t<div class=\"elementor-element elementor-element-6d0f0686 elementor-widget elementor-widget-text-editor\" data-id=\"6d0f0686\" data-element_type=\"widget\" data-widget_type=\"text-editor.default\">\n\t\t\t\t<div class=\"elementor-widget-container\">\n\t\t\t\t\t\t\t\t\t<h6><span style=\"color: #4db8f0\"><strong>Des sympt\u00f4mes communs aux trois types d\u2019amylose<\/strong> <\/span><\/h6><h6>Dans cette vid\u00e9o, trois patients soign\u00e9s au sein du R\u00e9seau Amylose Mondor et du Centre R\u00e9f\u00e9rence Nationale des Amyloses Cardiaques expliquent leur parcours de soin et de vie. Essoufflement, fatigues, prise de poids, r\u00e9tention d\u2019eau (oed\u00e8mes des jambes) sont souvent les premiers signes cardiaques de l\u2019amylose. Ces sympt\u00f4mes sont tr\u00e8s fr\u00e9quents et peuvent se voir dans beaucoup de pathologies cardiaques pour autant ils sont tr\u00e8s fr\u00e9quents lors d\u2019une atteinte cardiaque amylo\u00efde. Ces trois patients d\u00e9crivent leurs sympt\u00f4mes communs, pour autant leur type d\u2019amylose et leur prise en charge a \u00e9t\u00e9 bien diff\u00e9rente et adapt\u00e9e \u00e0 leur type d\u2019amylose: AL, h\u00e9r\u00e9ditaire \u00e0 transthyr\u00e9tine et transthyr\u00e9tine sauvage.<\/h6>\t\t\t\t\t\t\t\t<\/div>\n\t\t\t\t<\/div>\n\t\t\t\t\t<\/div>\n\t\t<\/div>\n\t\t\t\t\t<\/div>\n\t\t<\/section>\n\t\t\t\t<section class=\"elementor-section elementor-top-section elementor-element elementor-element-4f25ce91 elementor-section-boxed elementor-section-height-default elementor-section-height-default\" data-id=\"4f25ce91\" data-element_type=\"section\">\n\t\t\t\t\t\t<div class=\"elementor-container elementor-column-gap-default\">\n\t\t\t\t\t<div class=\"elementor-column elementor-col-100 elementor-top-column elementor-element elementor-element-472c93da\" data-id=\"472c93da\" data-element_type=\"column\">\n\t\t\t<div class=\"elementor-widget-wrap elementor-element-populated\">\n\t\t\t\t\t\t<div class=\"elementor-element elementor-element-2ddf7d78 elementor-widget elementor-widget-video\" data-id=\"2ddf7d78\" data-element_type=\"widget\" data-settings=\"{&quot;youtube_url&quot;:&quot;https:\\\/\\\/www.youtube.com\\\/watch?v=rgQXRdL-CLg&quot;,&quot;video_type&quot;:&quot;youtube&quot;,&quot;controls&quot;:&quot;yes&quot;}\" data-widget_type=\"video.default\">\n\t\t\t\t<div class=\"elementor-widget-container\">\n\t\t\t\t\t\t\t<div class=\"elementor-wrapper elementor-open-inline\">\n\t\t\t<div class=\"elementor-video\"><\/div>\t\t<\/div>\n\t\t\t\t\t\t<\/div>\n\t\t\t\t<\/div>\n\t\t\t\t<div class=\"elementor-element elementor-element-c0da5c4 elementor-widget-divider--view-line elementor-widget elementor-widget-global elementor-global-355 elementor-widget-divider\" data-id=\"c0da5c4\" data-element_type=\"widget\" data-widget_type=\"divider.default\">\n\t\t\t\t<div class=\"elementor-widget-container\">\n\t\t\t\t\t\t\t<div class=\"elementor-divider\">\n\t\t\t<span class=\"elementor-divider-separator\">\n\t\t\t\t\t\t<\/span>\n\t\t<\/div>\n\t\t\t\t\t\t<\/div>\n\t\t\t\t<\/div>\n\t\t\t\t\t<\/div>\n\t\t<\/div>\n\t\t\t\t\t<\/div>\n\t\t<\/section>\n\t\t\t\t<section class=\"elementor-section elementor-top-section elementor-element elementor-element-6eebb7e elementor-section-boxed elementor-section-height-default elementor-section-height-default\" data-id=\"6eebb7e\" data-element_type=\"section\">\n\t\t\t\t\t\t<div class=\"elementor-container elementor-column-gap-default\">\n\t\t\t\t\t<div class=\"elementor-column elementor-col-100 elementor-top-column elementor-element elementor-element-7dbf8da\" data-id=\"7dbf8da\" data-element_type=\"column\">\n\t\t\t<div class=\"elementor-widget-wrap elementor-element-populated\">\n\t\t\t\t\t\t<div class=\"elementor-element elementor-element-f5591d3 elementor-widget elementor-widget-text-editor\" data-id=\"f5591d3\" data-element_type=\"widget\" data-widget_type=\"text-editor.default\">\n\t\t\t\t<div class=\"elementor-widget-container\">\n\t\t\t\t\t\t\t\t\t<h6 style=\"text-align: center\"><span style=\"color: #4db8f0\"><strong>Parcours de soins de l&rsquo;insuffisance cardiaque<\/strong><\/span><\/h6>\t\t\t\t\t\t\t\t<\/div>\n\t\t\t\t<\/div>\n\t\t\t\t\t<\/div>\n\t\t<\/div>\n\t\t\t\t\t<\/div>\n\t\t<\/section>\n\t\t\t\t<section class=\"elementor-section elementor-top-section elementor-element elementor-element-7871daaa elementor-section-boxed elementor-section-height-default elementor-section-height-default\" data-id=\"7871daaa\" data-element_type=\"section\">\n\t\t\t\t\t\t<div class=\"elementor-container elementor-column-gap-default\">\n\t\t\t\t\t<div class=\"elementor-column elementor-col-100 elementor-top-column elementor-element elementor-element-1cb37472\" data-id=\"1cb37472\" data-element_type=\"column\">\n\t\t\t<div class=\"elementor-widget-wrap elementor-element-populated\">\n\t\t\t\t\t\t<div class=\"elementor-element elementor-element-5137db5b elementor-widget elementor-widget-video\" data-id=\"5137db5b\" data-element_type=\"widget\" data-settings=\"{&quot;youtube_url&quot;:&quot;https:\\\/\\\/www.youtube.com\\\/watch?v=pE0V96ty5ds&quot;,&quot;video_type&quot;:&quot;youtube&quot;,&quot;controls&quot;:&quot;yes&quot;}\" data-widget_type=\"video.default\">\n\t\t\t\t<div class=\"elementor-widget-container\">\n\t\t\t\t\t\t\t<div class=\"elementor-wrapper elementor-open-inline\">\n\t\t\t<div class=\"elementor-video\"><\/div>\t\t<\/div>\n\t\t\t\t\t\t<\/div>\n\t\t\t\t<\/div>\n\t\t\t\t<div class=\"elementor-element elementor-element-808a124 elementor-widget-divider--view-line elementor-widget elementor-widget-divider\" data-id=\"808a124\" data-element_type=\"widget\" data-widget_type=\"divider.default\">\n\t\t\t\t<div class=\"elementor-widget-container\">\n\t\t\t\t\t\t\t<div class=\"elementor-divider\">\n\t\t\t<span class=\"elementor-divider-separator\">\n\t\t\t\t\t\t<\/span>\n\t\t<\/div>\n\t\t\t\t\t\t<\/div>\n\t\t\t\t<\/div>\n\t\t\t\t\t<\/div>\n\t\t<\/div>\n\t\t\t\t\t<\/div>\n\t\t<\/section>\n\t\t\t\t<\/div>\n\t\t","protected":false},"excerpt":{"rendered":"<p>Des sympt\u00f4mes communs aux trois types d\u2019amylose Dans cette vid\u00e9o, trois patients soign\u00e9s au sein du R\u00e9seau Amylose Mondor et du Centre R\u00e9f\u00e9rence Nationale des Amyloses Cardiaques expliquent leur parcours de soin et de vie. Essoufflement, fatigues, prise de poids, r\u00e9tention d\u2019eau (oed\u00e8mes des jambes) sont souvent les premiers signes cardiaques de l\u2019amylose. Ces sympt\u00f4mes [&hellip;]<\/p>\n","protected":false},"author":1,"featured_media":0,"parent":890,"menu_order":3,"comment_status":"closed","ping_status":"closed","template":"","meta":{"_monsterinsights_skip_tracking":false,"_monsterinsights_sitenote_active":false,"_monsterinsights_sitenote_note":"","_monsterinsights_sitenote_category":0,"footnotes":""},"categories":[],"tags":[],"class_list":["post-141","page","type-page","status-publish","hentry"],"yoast_head":"<!-- This site is optimized with the Yoast SEO plugin v25.5 - https:\/\/yoast.com\/wordpress\/plugins\/seo\/ -->\n<title>Autres vid\u00e9os : insuffisance cardiaque - R\u00e9seau Amylose<\/title>\n<meta name=\"robots\" content=\"index, follow, max-snippet:-1, max-image-preview:large, max-video-preview:-1\" \/>\n<link rel=\"canonical\" href=\"http:\/\/reseau-amylose.org\/jesuissoignant\/documentation\/autres-videos-insuffisance-cardiaque\/\" \/>\n<meta property=\"og:locale\" content=\"fr_FR\" \/>\n<meta property=\"og:type\" content=\"article\" \/>\n<meta property=\"og:title\" content=\"Autres vid\u00e9os : insuffisance cardiaque - R\u00e9seau Amylose\" \/>\n<meta property=\"og:description\" content=\"Des sympt\u00f4mes communs aux trois types d\u2019amylose Dans cette vid\u00e9o, trois patients soign\u00e9s au sein du R\u00e9seau Amylose Mondor et du Centre R\u00e9f\u00e9rence Nationale des Amyloses Cardiaques expliquent leur parcours de soin et de vie. Essoufflement, fatigues, prise de poids, r\u00e9tention d\u2019eau (oed\u00e8mes des jambes) sont souvent les premiers signes cardiaques de l\u2019amylose. Ces sympt\u00f4mes [&hellip;]\" \/>\n<meta property=\"og:url\" content=\"http:\/\/reseau-amylose.org\/jesuissoignant\/documentation\/autres-videos-insuffisance-cardiaque\/\" \/>\n<meta property=\"og:site_name\" content=\"R\u00e9seau Amylose\" \/>\n<meta property=\"article:modified_time\" content=\"2022-06-13T13:22:40+00:00\" \/>\n<meta name=\"twitter:card\" content=\"summary_large_image\" \/>\n<meta name=\"twitter:label1\" content=\"Dur\u00e9e de lecture estim\u00e9e\" \/>\n\t<meta name=\"twitter:data1\" content=\"1 minute\" \/>\n<script type=\"application\/ld+json\" class=\"yoast-schema-graph\">{\"@context\":\"https:\/\/schema.org\",\"@graph\":[{\"@type\":\"WebPage\",\"@id\":\"http:\/\/reseau-amylose.org\/jesuissoignant\/documentation\/autres-videos-insuffisance-cardiaque\/\",\"url\":\"http:\/\/reseau-amylose.org\/jesuissoignant\/documentation\/autres-videos-insuffisance-cardiaque\/\",\"name\":\"Autres vid\u00e9os : insuffisance cardiaque - R\u00e9seau Amylose\",\"isPartOf\":{\"@id\":\"https:\/\/reseau-amylose.org\/jesuissoignant\/#website\"},\"datePublished\":\"2018-12-06T00:21:25+00:00\",\"dateModified\":\"2022-06-13T13:22:40+00:00\",\"breadcrumb\":{\"@id\":\"http:\/\/reseau-amylose.org\/jesuissoignant\/documentation\/autres-videos-insuffisance-cardiaque\/#breadcrumb\"},\"inLanguage\":\"fr-FR\",\"potentialAction\":[{\"@type\":\"ReadAction\",\"target\":[\"http:\/\/reseau-amylose.org\/jesuissoignant\/documentation\/autres-videos-insuffisance-cardiaque\/\"]}]},{\"@type\":\"BreadcrumbList\",\"@id\":\"http:\/\/reseau-amylose.org\/jesuissoignant\/documentation\/autres-videos-insuffisance-cardiaque\/#breadcrumb\",\"itemListElement\":[{\"@type\":\"ListItem\",\"position\":1,\"name\":\"Accueil\",\"item\":\"https:\/\/reseau-amylose.org\/jesuissoignant\/\"},{\"@type\":\"ListItem\",\"position\":2,\"name\":\"Documentation\",\"item\":\"https:\/\/reseau-amylose.org\/jesuissoignant\/documentation\/\"},{\"@type\":\"ListItem\",\"position\":3,\"name\":\"Autres vid\u00e9os : insuffisance cardiaque\"}]},{\"@type\":\"WebSite\",\"@id\":\"https:\/\/reseau-amylose.org\/jesuissoignant\/#website\",\"url\":\"https:\/\/reseau-amylose.org\/jesuissoignant\/\",\"name\":\"R\u00e9seau Amylose\",\"description\":\"Centre de r\u00e9f\u00e9rence des amyloses cardiaques espace soignant\",\"potentialAction\":[{\"@type\":\"SearchAction\",\"target\":{\"@type\":\"EntryPoint\",\"urlTemplate\":\"https:\/\/reseau-amylose.org\/jesuissoignant\/?s={search_term_string}\"},\"query-input\":{\"@type\":\"PropertyValueSpecification\",\"valueRequired\":true,\"valueName\":\"search_term_string\"}}],\"inLanguage\":\"fr-FR\"}]}<\/script>\n<!-- \/ Yoast SEO plugin. -->","yoast_head_json":{"title":"Autres vid\u00e9os : insuffisance cardiaque - R\u00e9seau Amylose","robots":{"index":"index","follow":"follow","max-snippet":"max-snippet:-1","max-image-preview":"max-image-preview:large","max-video-preview":"max-video-preview:-1"},"canonical":"http:\/\/reseau-amylose.org\/jesuissoignant\/documentation\/autres-videos-insuffisance-cardiaque\/","og_locale":"fr_FR","og_type":"article","og_title":"Autres vid\u00e9os : insuffisance cardiaque - R\u00e9seau Amylose","og_description":"Des sympt\u00f4mes communs aux trois types d\u2019amylose Dans cette vid\u00e9o, trois patients soign\u00e9s au sein du R\u00e9seau Amylose Mondor et du Centre R\u00e9f\u00e9rence Nationale des Amyloses Cardiaques expliquent leur parcours de soin et de vie. Essoufflement, fatigues, prise de poids, r\u00e9tention d\u2019eau (oed\u00e8mes des jambes) sont souvent les premiers signes cardiaques de l\u2019amylose. Ces sympt\u00f4mes [&hellip;]","og_url":"http:\/\/reseau-amylose.org\/jesuissoignant\/documentation\/autres-videos-insuffisance-cardiaque\/","og_site_name":"R\u00e9seau Amylose","article_modified_time":"2022-06-13T13:22:40+00:00","twitter_card":"summary_large_image","twitter_misc":{"Dur\u00e9e de lecture estim\u00e9e":"1 minute"},"schema":{"@context":"https:\/\/schema.org","@graph":[{"@type":"WebPage","@id":"http:\/\/reseau-amylose.org\/jesuissoignant\/documentation\/autres-videos-insuffisance-cardiaque\/","url":"http:\/\/reseau-amylose.org\/jesuissoignant\/documentation\/autres-videos-insuffisance-cardiaque\/","name":"Autres vid\u00e9os : insuffisance cardiaque - R\u00e9seau Amylose","isPartOf":{"@id":"https:\/\/reseau-amylose.org\/jesuissoignant\/#website"},"datePublished":"2018-12-06T00:21:25+00:00","dateModified":"2022-06-13T13:22:40+00:00","breadcrumb":{"@id":"http:\/\/reseau-amylose.org\/jesuissoignant\/documentation\/autres-videos-insuffisance-cardiaque\/#breadcrumb"},"inLanguage":"fr-FR","potentialAction":[{"@type":"ReadAction","target":["http:\/\/reseau-amylose.org\/jesuissoignant\/documentation\/autres-videos-insuffisance-cardiaque\/"]}]},{"@type":"BreadcrumbList","@id":"http:\/\/reseau-amylose.org\/jesuissoignant\/documentation\/autres-videos-insuffisance-cardiaque\/#breadcrumb","itemListElement":[{"@type":"ListItem","position":1,"name":"Accueil","item":"https:\/\/reseau-amylose.org\/jesuissoignant\/"},{"@type":"ListItem","position":2,"name":"Documentation","item":"https:\/\/reseau-amylose.org\/jesuissoignant\/documentation\/"},{"@type":"ListItem","position":3,"name":"Autres vid\u00e9os : insuffisance cardiaque"}]},{"@type":"WebSite","@id":"https:\/\/reseau-amylose.org\/jesuissoignant\/#website","url":"https:\/\/reseau-amylose.org\/jesuissoignant\/","name":"R\u00e9seau Amylose","description":"Centre de r\u00e9f\u00e9rence des amyloses cardiaques espace soignant","potentialAction":[{"@type":"SearchAction","target":{"@type":"EntryPoint","urlTemplate":"https:\/\/reseau-amylose.org\/jesuissoignant\/?s={search_term_string}"},"query-input":{"@type":"PropertyValueSpecification","valueRequired":true,"valueName":"search_term_string"}}],"inLanguage":"fr-FR"}]}},"_links":{"self":[{"href":"https:\/\/reseau-amylose.org\/jesuissoignant\/wp-json\/wp\/v2\/pages\/141","targetHints":{"allow":["GET"]}}],"collection":[{"href":"https:\/\/reseau-amylose.org\/jesuissoignant\/wp-json\/wp\/v2\/pages"}],"about":[{"href":"https:\/\/reseau-amylose.org\/jesuissoignant\/wp-json\/wp\/v2\/types\/page"}],"author":[{"embeddable":true,"href":"https:\/\/reseau-amylose.org\/jesuissoignant\/wp-json\/wp\/v2\/users\/1"}],"replies":[{"embeddable":true,"href":"https:\/\/reseau-amylose.org\/jesuissoignant\/wp-json\/wp\/v2\/comments?post=141"}],"version-history":[{"count":6,"href":"https:\/\/reseau-amylose.org\/jesuissoignant\/wp-json\/wp\/v2\/pages\/141\/revisions"}],"predecessor-version":[{"id":5063,"href":"https:\/\/reseau-amylose.org\/jesuissoignant\/wp-json\/wp\/v2\/pages\/141\/revisions\/5063"}],"up":[{"embeddable":true,"href":"https:\/\/reseau-amylose.org\/jesuissoignant\/wp-json\/wp\/v2\/pages\/890"}],"wp:attachment":[{"href":"https:\/\/reseau-amylose.org\/jesuissoignant\/wp-json\/wp\/v2\/media?parent=141"}],"wp:term":[{"taxonomy":"category","embeddable":true,"href":"https:\/\/reseau-amylose.org\/jesuissoignant\/wp-json\/wp\/v2\/categories?post=141"},{"taxonomy":"post_tag","embeddable":true,"href":"https:\/\/reseau-amylose.org\/jesuissoignant\/wp-json\/wp\/v2\/tags?post=141"}],"curies":[{"name":"wp","href":"https:\/\/api.w.org\/{rel}","templated":true}]}}