{"id":97,"date":"2018-11-28T11:25:36","date_gmt":"2018-11-28T11:25:36","guid":{"rendered":"http:\/\/patient.reseau-amylose.org\/?page_id=84"},"modified":"2021-08-25T12:14:13","modified_gmt":"2021-08-25T10:14:13","slug":"engourdissement-ou-fourmillement-des-mains-et-syndrome-du-canal-carpien","status":"publish","type":"page","link":"https:\/\/reseau-amylose.org\/jesuispatient\/identifier-les-symptomes\/engourdissement-ou-fourmillement-des-mains-et-syndrome-du-canal-carpien\/","title":{"rendered":"Amylose : Engourdissement ou fourmillement des mains et syndrome du canal carpien"},"content":{"rendered":"\t\t<div data-elementor-type=\"wp-post\" data-elementor-id=\"97\" class=\"elementor elementor-97\" data-elementor-post-type=\"page\">\n\t\t\t\t\t\t<section class=\"elementor-section elementor-top-section elementor-element elementor-element-51dc8ef1 elementor-section-content-middle elementor-section-boxed elementor-section-height-default elementor-section-height-default\" data-id=\"51dc8ef1\" data-element_type=\"section\" data-settings=\"{&quot;background_background&quot;:&quot;classic&quot;}\">\n\t\t\t\t\t\t<div class=\"elementor-container elementor-column-gap-no\">\n\t\t\t\t\t<div class=\"elementor-column elementor-col-100 elementor-top-column elementor-element elementor-element-5e180d19\" data-id=\"5e180d19\" data-element_type=\"column\">\n\t\t\t<div class=\"elementor-widget-wrap elementor-element-populated\">\n\t\t\t\t\t\t<div class=\"elementor-element elementor-element-3a291ff6 elementor-widget-divider--view-line elementor-widget elementor-widget-divider\" data-id=\"3a291ff6\" data-element_type=\"widget\" data-widget_type=\"divider.default\">\n\t\t\t\t<div class=\"elementor-widget-container\">\n\t\t\t\t\t\t\t<div class=\"elementor-divider\">\n\t\t\t<span class=\"elementor-divider-separator\">\n\t\t\t\t\t\t<\/span>\n\t\t<\/div>\n\t\t\t\t\t\t<\/div>\n\t\t\t\t<\/div>\n\t\t\t\t<div class=\"elementor-element elementor-element-3e1a32f4 elementor-widget elementor-widget-heading\" data-id=\"3e1a32f4\" data-element_type=\"widget\" data-widget_type=\"heading.default\">\n\t\t\t\t<div class=\"elementor-widget-container\">\n\t\t\t\t\t<h6 class=\"elementor-heading-title elementor-size-default\"><h2 class=\"elementor-heading-title elementor-size-large elementor-inline-editing pen\" data-elementor-setting-key=\"title\" data-pen-placeholder=\"\u00c9crivez ici...\">Le canal carpien<\/h2><\/h6>\t\t\t\t<\/div>\n\t\t\t\t<\/div>\n\t\t\t\t\t<\/div>\n\t\t<\/div>\n\t\t\t\t\t<\/div>\n\t\t<\/section>\n\t\t\t\t<section class=\"elementor-section elementor-top-section elementor-element elementor-element-332ad124 elementor-section-boxed elementor-section-height-default elementor-section-height-default\" data-id=\"332ad124\" data-element_type=\"section\">\n\t\t\t\t\t\t<div class=\"elementor-container elementor-column-gap-default\">\n\t\t\t\t\t<div class=\"elementor-column elementor-col-100 elementor-top-column elementor-element elementor-element-6864e6d9\" data-id=\"6864e6d9\" data-element_type=\"column\">\n\t\t\t<div class=\"elementor-widget-wrap elementor-element-populated\">\n\t\t\t\t\t\t<div class=\"elementor-element elementor-element-7f1d1f51 elementor-widget elementor-widget-text-editor\" data-id=\"7f1d1f51\" data-element_type=\"widget\" data-widget_type=\"text-editor.default\">\n\t\t\t\t<div class=\"elementor-widget-container\">\n\t\t\t\t\t\t\t\t\t<h6><strong>Engourdissement ou fourmillement des mains dans l&rsquo;amylose :<\/strong> et si c&rsquo;\u00e9tait le canal carpien? Les sensations d\u2019engourdissement ou de fourmillement des mains sont tr\u00e8s \u00e9vocatrices du syndrome du canal carpien. Ces signes de fourmillements, ou de sensation d\u2019engourdissement touchent la main plus pr\u00e9cis\u00e9ment : le pouce, l\u2019index et le m\u00e9dium. Les sensations peuvent laisser rapidement place \u00e0 des douleurs qui peuvent parfois s\u2019\u00e9tendre vers l\u2019avant-bras et le coude. L\u2019atteinte des 2 mains est tr\u00e8s fr\u00e9quente. Le plus souvent, ces signes apparaissent la nuit et peuvent vous r\u00e9veiller en deuxi\u00e8me partie de nuit (vers 3h du matin). Ils disparaissent le plus souvent en secouant la main pendant quelques minutes. Il est important de consulter car en l\u2019absence de traitement, l\u2019atteinte des fibres motrices peut entrainer une diminution de la force de pr\u00e9hension du pouce avec un l\u00e2chage des objets source de handicap dans la vie quotidienne. L\u2019examen r\u00e9alis\u00e9 par votre m\u00e9decin va permettre d\u2019objectiver des signes objectifs du syndrome du canal carpien avec un trouble de la reconnaissance des petits objets les yeux ferm\u00e9s, une diminution du volume musculaire \u00e0 la base du pouce. Des man\u0153uvres comme, la pression du nerf m\u00e9dian ou la mise en flexion forc\u00e9e du poignet, peuvent d\u00e9clencher l\u2019apparition ou l\u2019accentuation des troubles. Un \u00e9lectromyogramme est souvent r\u00e9alis\u00e9 pour confirmer le diagnostic.<\/h6>\t\t\t\t\t\t\t\t<\/div>\n\t\t\t\t<\/div>\n\t\t\t\t\t<\/div>\n\t\t<\/div>\n\t\t\t\t\t<\/div>\n\t\t<\/section>\n\t\t\t\t<section class=\"elementor-section elementor-top-section elementor-element elementor-element-11599a elementor-section-boxed elementor-section-height-default elementor-section-height-default\" data-id=\"11599a\" data-element_type=\"section\">\n\t\t\t\t\t\t<div class=\"elementor-container elementor-column-gap-default\">\n\t\t\t\t\t<div class=\"elementor-column elementor-col-100 elementor-top-column elementor-element elementor-element-45592995\" data-id=\"45592995\" data-element_type=\"column\">\n\t\t\t<div class=\"elementor-widget-wrap elementor-element-populated\">\n\t\t\t\t\t\t<div class=\"elementor-element elementor-element-3c3ccd5d elementor-widget elementor-widget-text-editor\" data-id=\"3c3ccd5d\" data-element_type=\"widget\" data-widget_type=\"text-editor.default\">\n\t\t\t\t<div class=\"elementor-widget-container\">\n\t\t\t\t\t\t\t\t\t<h6><strong>Ce syndrome correspond \u00e0 la compression du nerf m\u00e9dian dans le poignet dans le canal carpien.<\/strong><\/h6><h6>Ce canal est inextensible et il contient le nerf m\u00e9dian et des tendons qui sont entour\u00e9s de synoviale. Ce nerf assure l\u2019innervation sensitive des pulpes du pouce, de l\u2019index et du majeur et l\u2019innervation motrice de certains muscles du pouce, les muscles th\u00e9nariens. En cas d\u2019amylose, les fibrilles amylo\u00efdes se d\u00e9posent dans la synoviale qui augmente d\u2019\u00e9paisseur. Le contenu du canal augmente de volume alors que le canal est inextensible. Les \u00e9l\u00e9ments constituant le canal se retrouvent comprim\u00e9s. Le premier \u00e9l\u00e9ment comprim\u00e9 et le plus fragile est le nerf m\u00e9dian. Le passage de l\u2019influx \u00e9lectrique est diminu\u00e9 et les premiers sympt\u00f4mes de la maladie apparaissent et progressent au fur et \u00e0 mesure que les d\u00e9p\u00f4ts augmentent. L\u2019amylose n\u2019est pas la seule maladie \u00e0 \u00eatre responsable du canal carpien ; il y a aussi l\u2019hypothyro\u00efdie, le diab\u00e8te, la polyarthrite rhumato\u00efde\u2026 et les travailleurs utilisant beaucoup leur poignet. Important \u00e0 savoir : L\u2019atteinte du canal carpien dans l\u2019amylose peut pr\u00e9c\u00e9der l\u2019atteinte cardiaque de plusieurs ann\u00e9es. Il est tr\u00e8s fr\u00e9quent de retrouver dans les ant\u00e9c\u00e9dents d\u2019un patient atteint de cardiopathie amylo\u00efde une intervention bilat\u00e9rale pour syndrome du canal carpien 5 \u00e0 10 ans avant les premiers sympt\u00f4mes.<\/h6>\t\t\t\t\t\t\t\t<\/div>\n\t\t\t\t<\/div>\n\t\t\t\t\t<\/div>\n\t\t<\/div>\n\t\t\t\t\t<\/div>\n\t\t<\/section>\n\t\t\t\t<section class=\"elementor-section elementor-top-section elementor-element elementor-element-1a8ccca8 elementor-section-boxed elementor-section-height-default elementor-section-height-default\" data-id=\"1a8ccca8\" data-element_type=\"section\">\n\t\t\t\t\t\t<div class=\"elementor-container elementor-column-gap-default\">\n\t\t\t\t\t<div class=\"elementor-column elementor-col-100 elementor-top-column elementor-element elementor-element-4c395ef1\" data-id=\"4c395ef1\" data-element_type=\"column\">\n\t\t\t<div class=\"elementor-widget-wrap elementor-element-populated\">\n\t\t\t\t\t\t<div class=\"elementor-element elementor-element-74aa9e58 elementor-widget elementor-widget-spacer\" data-id=\"74aa9e58\" data-element_type=\"widget\" data-widget_type=\"spacer.default\">\n\t\t\t\t<div class=\"elementor-widget-container\">\n\t\t\t\t\t\t\t<div class=\"elementor-spacer\">\n\t\t\t<div class=\"elementor-spacer-inner\"><\/div>\n\t\t<\/div>\n\t\t\t\t\t\t<\/div>\n\t\t\t\t<\/div>\n\t\t\t\t\t<\/div>\n\t\t<\/div>\n\t\t\t\t\t<\/div>\n\t\t<\/section>\n\t\t\t\t<\/div>\n\t\t","protected":false},"excerpt":{"rendered":"<p>Le canal carpien Engourdissement ou fourmillement des mains dans l&rsquo;amylose : et si c&rsquo;\u00e9tait le canal carpien? Les sensations d\u2019engourdissement ou de fourmillement des mains sont tr\u00e8s \u00e9vocatrices du syndrome du canal carpien. Ces signes de fourmillements, ou de sensation d\u2019engourdissement touchent la main plus pr\u00e9cis\u00e9ment : le pouce, l\u2019index et le m\u00e9dium. Les sensations [&hellip;]<\/p>\n","protected":false},"author":1,"featured_media":0,"parent":83,"menu_order":7,"comment_status":"closed","ping_status":"closed","template":"","meta":{"_monsterinsights_skip_tracking":false,"_monsterinsights_sitenote_active":false,"_monsterinsights_sitenote_note":"","_monsterinsights_sitenote_category":0,"footnotes":""},"categories":[],"tags":[],"class_list":["post-97","page","type-page","status-publish","hentry"],"yoast_head":"<!-- This site is optimized with the Yoast SEO plugin v25.5 - https:\/\/yoast.com\/wordpress\/plugins\/seo\/ -->\n<title>Amylose : Engourdissement ou fourmillement des mains et syndrome du canal carpien - R\u00e9seau Amylose Site Patient<\/title>\n<meta name=\"robots\" content=\"index, follow, max-snippet:-1, max-image-preview:large, max-video-preview:-1\" \/>\n<link rel=\"canonical\" href=\"https:\/\/reseau-amylose.org\/jesuispatient\/identifier-les-symptomes\/engourdissement-ou-fourmillement-des-mains-et-syndrome-du-canal-carpien\/\" \/>\n<meta property=\"og:locale\" content=\"fr_FR\" \/>\n<meta property=\"og:type\" content=\"article\" \/>\n<meta property=\"og:title\" content=\"Amylose : Engourdissement ou fourmillement des mains et syndrome du canal carpien - R\u00e9seau Amylose Site Patient\" \/>\n<meta property=\"og:description\" content=\"Le canal carpien Engourdissement ou fourmillement des mains dans l&rsquo;amylose : et si c&rsquo;\u00e9tait le canal carpien? Les sensations d\u2019engourdissement ou de fourmillement des mains sont tr\u00e8s \u00e9vocatrices du syndrome du canal carpien. Ces signes de fourmillements, ou de sensation d\u2019engourdissement touchent la main plus pr\u00e9cis\u00e9ment : le pouce, l\u2019index et le m\u00e9dium. Les sensations [&hellip;]\" \/>\n<meta property=\"og:url\" content=\"https:\/\/reseau-amylose.org\/jesuispatient\/identifier-les-symptomes\/engourdissement-ou-fourmillement-des-mains-et-syndrome-du-canal-carpien\/\" \/>\n<meta property=\"og:site_name\" content=\"R\u00e9seau Amylose Site Patient\" \/>\n<meta property=\"article:modified_time\" content=\"2021-08-25T10:14:13+00:00\" \/>\n<meta name=\"twitter:card\" content=\"summary_large_image\" \/>\n<meta name=\"twitter:label1\" content=\"Dur\u00e9e de lecture estim\u00e9e\" \/>\n\t<meta name=\"twitter:data1\" content=\"2 minutes\" \/>\n<script type=\"application\/ld+json\" class=\"yoast-schema-graph\">{\"@context\":\"https:\/\/schema.org\",\"@graph\":[{\"@type\":\"WebPage\",\"@id\":\"https:\/\/reseau-amylose.org\/jesuispatient\/identifier-les-symptomes\/engourdissement-ou-fourmillement-des-mains-et-syndrome-du-canal-carpien\/\",\"url\":\"https:\/\/reseau-amylose.org\/jesuispatient\/identifier-les-symptomes\/engourdissement-ou-fourmillement-des-mains-et-syndrome-du-canal-carpien\/\",\"name\":\"Amylose : Engourdissement ou fourmillement des mains et syndrome du canal carpien - R\u00e9seau Amylose Site Patient\",\"isPartOf\":{\"@id\":\"https:\/\/reseau-amylose.org\/jesuispatient\/#website\"},\"datePublished\":\"2018-11-28T11:25:36+00:00\",\"dateModified\":\"2021-08-25T10:14:13+00:00\",\"breadcrumb\":{\"@id\":\"https:\/\/reseau-amylose.org\/jesuispatient\/identifier-les-symptomes\/engourdissement-ou-fourmillement-des-mains-et-syndrome-du-canal-carpien\/#breadcrumb\"},\"inLanguage\":\"fr-FR\",\"potentialAction\":[{\"@type\":\"ReadAction\",\"target\":[\"https:\/\/reseau-amylose.org\/jesuispatient\/identifier-les-symptomes\/engourdissement-ou-fourmillement-des-mains-et-syndrome-du-canal-carpien\/\"]}]},{\"@type\":\"BreadcrumbList\",\"@id\":\"https:\/\/reseau-amylose.org\/jesuispatient\/identifier-les-symptomes\/engourdissement-ou-fourmillement-des-mains-et-syndrome-du-canal-carpien\/#breadcrumb\",\"itemListElement\":[{\"@type\":\"ListItem\",\"position\":1,\"name\":\"Accueil\",\"item\":\"https:\/\/reseau-amylose.org\/jesuispatient\/\"},{\"@type\":\"ListItem\",\"position\":2,\"name\":\"IDENTIFIER LES SYMPTOMES\",\"item\":\"https:\/\/reseau-amylose.org\/jesuispatient\/identifier-les-symptomes\/\"},{\"@type\":\"ListItem\",\"position\":3,\"name\":\"Amylose : Engourdissement ou fourmillement des mains et syndrome du canal carpien\"}]},{\"@type\":\"WebSite\",\"@id\":\"https:\/\/reseau-amylose.org\/jesuispatient\/#website\",\"url\":\"https:\/\/reseau-amylose.org\/jesuispatient\/\",\"name\":\"R\u00e9seau Amylose Site Patient\",\"description\":\"Centre de r\u00e9f\u00e9rence des amyloses cardiaques\",\"potentialAction\":[{\"@type\":\"SearchAction\",\"target\":{\"@type\":\"EntryPoint\",\"urlTemplate\":\"https:\/\/reseau-amylose.org\/jesuispatient\/?s={search_term_string}\"},\"query-input\":{\"@type\":\"PropertyValueSpecification\",\"valueRequired\":true,\"valueName\":\"search_term_string\"}}],\"inLanguage\":\"fr-FR\"}]}<\/script>\n<!-- \/ Yoast SEO plugin. -->","yoast_head_json":{"title":"Amylose : Engourdissement ou fourmillement des mains et syndrome du canal carpien - R\u00e9seau Amylose Site Patient","robots":{"index":"index","follow":"follow","max-snippet":"max-snippet:-1","max-image-preview":"max-image-preview:large","max-video-preview":"max-video-preview:-1"},"canonical":"https:\/\/reseau-amylose.org\/jesuispatient\/identifier-les-symptomes\/engourdissement-ou-fourmillement-des-mains-et-syndrome-du-canal-carpien\/","og_locale":"fr_FR","og_type":"article","og_title":"Amylose : Engourdissement ou fourmillement des mains et syndrome du canal carpien - R\u00e9seau Amylose Site Patient","og_description":"Le canal carpien Engourdissement ou fourmillement des mains dans l&rsquo;amylose : et si c&rsquo;\u00e9tait le canal carpien? Les sensations d\u2019engourdissement ou de fourmillement des mains sont tr\u00e8s \u00e9vocatrices du syndrome du canal carpien. Ces signes de fourmillements, ou de sensation d\u2019engourdissement touchent la main plus pr\u00e9cis\u00e9ment : le pouce, l\u2019index et le m\u00e9dium. Les sensations [&hellip;]","og_url":"https:\/\/reseau-amylose.org\/jesuispatient\/identifier-les-symptomes\/engourdissement-ou-fourmillement-des-mains-et-syndrome-du-canal-carpien\/","og_site_name":"R\u00e9seau Amylose Site Patient","article_modified_time":"2021-08-25T10:14:13+00:00","twitter_card":"summary_large_image","twitter_misc":{"Dur\u00e9e de lecture estim\u00e9e":"2 minutes"},"schema":{"@context":"https:\/\/schema.org","@graph":[{"@type":"WebPage","@id":"https:\/\/reseau-amylose.org\/jesuispatient\/identifier-les-symptomes\/engourdissement-ou-fourmillement-des-mains-et-syndrome-du-canal-carpien\/","url":"https:\/\/reseau-amylose.org\/jesuispatient\/identifier-les-symptomes\/engourdissement-ou-fourmillement-des-mains-et-syndrome-du-canal-carpien\/","name":"Amylose : Engourdissement ou fourmillement des mains et syndrome du canal carpien - R\u00e9seau Amylose Site Patient","isPartOf":{"@id":"https:\/\/reseau-amylose.org\/jesuispatient\/#website"},"datePublished":"2018-11-28T11:25:36+00:00","dateModified":"2021-08-25T10:14:13+00:00","breadcrumb":{"@id":"https:\/\/reseau-amylose.org\/jesuispatient\/identifier-les-symptomes\/engourdissement-ou-fourmillement-des-mains-et-syndrome-du-canal-carpien\/#breadcrumb"},"inLanguage":"fr-FR","potentialAction":[{"@type":"ReadAction","target":["https:\/\/reseau-amylose.org\/jesuispatient\/identifier-les-symptomes\/engourdissement-ou-fourmillement-des-mains-et-syndrome-du-canal-carpien\/"]}]},{"@type":"BreadcrumbList","@id":"https:\/\/reseau-amylose.org\/jesuispatient\/identifier-les-symptomes\/engourdissement-ou-fourmillement-des-mains-et-syndrome-du-canal-carpien\/#breadcrumb","itemListElement":[{"@type":"ListItem","position":1,"name":"Accueil","item":"https:\/\/reseau-amylose.org\/jesuispatient\/"},{"@type":"ListItem","position":2,"name":"IDENTIFIER LES SYMPTOMES","item":"https:\/\/reseau-amylose.org\/jesuispatient\/identifier-les-symptomes\/"},{"@type":"ListItem","position":3,"name":"Amylose : Engourdissement ou fourmillement des mains et syndrome du canal carpien"}]},{"@type":"WebSite","@id":"https:\/\/reseau-amylose.org\/jesuispatient\/#website","url":"https:\/\/reseau-amylose.org\/jesuispatient\/","name":"R\u00e9seau Amylose Site Patient","description":"Centre de r\u00e9f\u00e9rence des amyloses cardiaques","potentialAction":[{"@type":"SearchAction","target":{"@type":"EntryPoint","urlTemplate":"https:\/\/reseau-amylose.org\/jesuispatient\/?s={search_term_string}"},"query-input":{"@type":"PropertyValueSpecification","valueRequired":true,"valueName":"search_term_string"}}],"inLanguage":"fr-FR"}]}},"_links":{"self":[{"href":"https:\/\/reseau-amylose.org\/jesuispatient\/wp-json\/wp\/v2\/pages\/97","targetHints":{"allow":["GET"]}}],"collection":[{"href":"https:\/\/reseau-amylose.org\/jesuispatient\/wp-json\/wp\/v2\/pages"}],"about":[{"href":"https:\/\/reseau-amylose.org\/jesuispatient\/wp-json\/wp\/v2\/types\/page"}],"author":[{"embeddable":true,"href":"https:\/\/reseau-amylose.org\/jesuispatient\/wp-json\/wp\/v2\/users\/1"}],"replies":[{"embeddable":true,"href":"https:\/\/reseau-amylose.org\/jesuispatient\/wp-json\/wp\/v2\/comments?post=97"}],"version-history":[{"count":5,"href":"https:\/\/reseau-amylose.org\/jesuispatient\/wp-json\/wp\/v2\/pages\/97\/revisions"}],"predecessor-version":[{"id":3189,"href":"https:\/\/reseau-amylose.org\/jesuispatient\/wp-json\/wp\/v2\/pages\/97\/revisions\/3189"}],"up":[{"embeddable":true,"href":"https:\/\/reseau-amylose.org\/jesuispatient\/wp-json\/wp\/v2\/pages\/83"}],"wp:attachment":[{"href":"https:\/\/reseau-amylose.org\/jesuispatient\/wp-json\/wp\/v2\/media?parent=97"}],"wp:term":[{"taxonomy":"category","embeddable":true,"href":"https:\/\/reseau-amylose.org\/jesuispatient\/wp-json\/wp\/v2\/categories?post=97"},{"taxonomy":"post_tag","embeddable":true,"href":"https:\/\/reseau-amylose.org\/jesuispatient\/wp-json\/wp\/v2\/tags?post=97"}],"curies":[{"name":"wp","href":"https:\/\/api.w.org\/{rel}","templated":true}]}}