{"id":94,"date":"2018-11-28T11:24:08","date_gmt":"2018-11-28T11:24:08","guid":{"rendered":"http:\/\/patient.reseau-amylose.org\/?page_id=78"},"modified":"2021-05-12T10:46:24","modified_gmt":"2021-05-12T08:46:24","slug":"oedemes-perte-de-protides-dans-les-urines-la-nephropathie-amyloide","status":"publish","type":"page","link":"https:\/\/reseau-amylose.org\/jesuispatient\/identifier-les-symptomes\/oedemes-perte-de-protides-dans-les-urines-la-nephropathie-amyloide\/","title":{"rendered":"Oed\u00e8mes, perte de protides dans les urines\u00a0: la n\u00e9phropathie amylo\u00efde"},"content":{"rendered":"\t\t<div data-elementor-type=\"wp-post\" data-elementor-id=\"94\" class=\"elementor elementor-94\" data-elementor-post-type=\"page\">\n\t\t\t\t\t\t<section class=\"elementor-section elementor-top-section elementor-element elementor-element-57acf43 elementor-section-content-middle elementor-section-boxed elementor-section-height-default elementor-section-height-default\" data-id=\"57acf43\" data-element_type=\"section\" data-settings=\"{&quot;background_background&quot;:&quot;classic&quot;}\">\n\t\t\t\t\t\t<div class=\"elementor-container elementor-column-gap-no\">\n\t\t\t\t\t<div class=\"elementor-column elementor-col-100 elementor-top-column elementor-element elementor-element-33e1545c\" data-id=\"33e1545c\" data-element_type=\"column\">\n\t\t\t<div class=\"elementor-widget-wrap elementor-element-populated\">\n\t\t\t\t\t\t<div class=\"elementor-element elementor-element-74382aac elementor-widget-divider--view-line elementor-widget elementor-widget-divider\" data-id=\"74382aac\" data-element_type=\"widget\" data-widget_type=\"divider.default\">\n\t\t\t\t<div class=\"elementor-widget-container\">\n\t\t\t\t\t\t\t<div class=\"elementor-divider\">\n\t\t\t<span class=\"elementor-divider-separator\">\n\t\t\t\t\t\t<\/span>\n\t\t<\/div>\n\t\t\t\t\t\t<\/div>\n\t\t\t\t<\/div>\n\t\t\t\t<div class=\"elementor-element elementor-element-1f6fe044 elementor-widget elementor-widget-heading\" data-id=\"1f6fe044\" data-element_type=\"widget\" data-widget_type=\"heading.default\">\n\t\t\t\t<div class=\"elementor-widget-container\">\n\t\t\t\t\t<h6 class=\"elementor-heading-title elementor-size-default\"><h2 class=\"elementor-heading-title elementor-size-large elementor-inline-editing pen\" data-elementor-setting-key=\"title\" data-pen-placeholder=\"\u00c9crivez ici...\">N\u00e9phropathie amylo\u00efde <\/h2><\/h6>\t\t\t\t<\/div>\n\t\t\t\t<\/div>\n\t\t\t\t\t<\/div>\n\t\t<\/div>\n\t\t\t\t\t<\/div>\n\t\t<\/section>\n\t\t\t\t<section class=\"elementor-section elementor-top-section elementor-element elementor-element-78688315 elementor-section-boxed elementor-section-height-default elementor-section-height-default\" data-id=\"78688315\" data-element_type=\"section\">\n\t\t\t\t\t\t<div class=\"elementor-container elementor-column-gap-default\">\n\t\t\t\t\t<div class=\"elementor-column elementor-col-100 elementor-top-column elementor-element elementor-element-bbe9da9\" data-id=\"bbe9da9\" data-element_type=\"column\">\n\t\t\t<div class=\"elementor-widget-wrap elementor-element-populated\">\n\t\t\t\t\t\t<div class=\"elementor-element elementor-element-5eb601e1 elementor-widget elementor-widget-text-editor\" data-id=\"5eb601e1\" data-element_type=\"widget\" data-widget_type=\"text-editor.default\">\n\t\t\t\t<div class=\"elementor-widget-container\">\n\t\t\t\t\t\t\t\t\t<h6><strong>Oed\u00e8me et prot\u00e9inurie : La n\u00e9phropathie amylo\u00efde L\u2019atteinte r\u00e9nale est fr\u00e9quente dans les amyloses AL.<\/strong><\/h6><h6>Elle est li\u00e9e aux d\u00e9p\u00f4ts des prot\u00e9ines produites de fa\u00e7on anormale dans le rein. En fonction de l\u2019endroit du d\u00e9p\u00f4t (glom\u00e9rulaire ou tubulaire) l\u2019atteinte r\u00e9nale peut diff\u00e9rer. L\u2019atteinte glom\u00e9rulaire est la plus fr\u00e9quente et est responsable d\u2019une perte de la fonction de filtre r\u00e9nale (glom\u00e9rule) entrainant une \u00abfuite des prot\u00e9ines\u00bb dans les urines. Ce syndrome est appel\u00e9 \u00absyndrome n\u00e9phrotique\u00bb. Il peut-\u00eatre objectiv\u00e9 dans de nombreuses maladies r\u00e9nales. Le syndrome n\u00e9phrotique est d\u00e9fini biologiquement par une prot\u00e9inurie \u00e9lev\u00e9e et une hypoalbumin\u00e9mie. On retrouve la triade : la pr\u00e9sence d&rsquo;\u0153d\u00e8mes, une prot\u00e9inurie significative (c&rsquo;est-\u00e0-dire une perte urinaire de prot\u00e9ines sup\u00e9rieure \u00e0 3 grammes par jour) et une hypoprotid\u00e9mie (baisse de la concentration de prot\u00e9ines dans le sang \u00e0 moins de 60 grammes par litre, la concentration normale \u00e9tant d&rsquo;environ 65 g\/l).<\/h6><h6>L\u2019atteinte r\u00e9nale amylo\u00efde est donc recherch\u00e9e par le dosage des prot\u00e9ines (albumine) dans le sang et les urines. Le diagnostic justifie fr\u00e9quemment la r\u00e9alisation d\u2019une biopsie r\u00e9nale.<\/h6><h6><em>Vid\u00e9o : Approche n\u00e9phrologique Dr Philippe REMY, n\u00e9phrologue<\/em><\/h6>\t\t\t\t\t\t\t\t<\/div>\n\t\t\t\t<\/div>\n\t\t\t\t\t<\/div>\n\t\t<\/div>\n\t\t\t\t\t<\/div>\n\t\t<\/section>\n\t\t\t\t<section class=\"elementor-section elementor-top-section elementor-element elementor-element-4605936f elementor-section-boxed elementor-section-height-default elementor-section-height-default\" data-id=\"4605936f\" data-element_type=\"section\">\n\t\t\t\t\t\t<div class=\"elementor-container elementor-column-gap-default\">\n\t\t\t\t\t<div class=\"elementor-column elementor-col-100 elementor-top-column elementor-element elementor-element-40c1111e\" data-id=\"40c1111e\" data-element_type=\"column\">\n\t\t\t<div class=\"elementor-widget-wrap elementor-element-populated\">\n\t\t\t\t\t\t<div class=\"elementor-element elementor-element-3648763c elementor-widget elementor-widget-video\" data-id=\"3648763c\" data-element_type=\"widget\" data-settings=\"{&quot;youtube_url&quot;:&quot;https:\\\/\\\/www.youtube.com\\\/watch?v=70t-tCwwVdI&quot;,&quot;video_type&quot;:&quot;youtube&quot;,&quot;controls&quot;:&quot;yes&quot;}\" data-widget_type=\"video.default\">\n\t\t\t\t<div class=\"elementor-widget-container\">\n\t\t\t\t\t\t\t<div class=\"elementor-wrapper elementor-open-inline\">\n\t\t\t<div class=\"elementor-video\"><\/div>\t\t<\/div>\n\t\t\t\t\t\t<\/div>\n\t\t\t\t<\/div>\n\t\t\t\t\t<\/div>\n\t\t<\/div>\n\t\t\t\t\t<\/div>\n\t\t<\/section>\n\t\t\t\t<section class=\"elementor-section elementor-top-section elementor-element elementor-element-1571692 elementor-section-boxed elementor-section-height-default elementor-section-height-default\" data-id=\"1571692\" data-element_type=\"section\">\n\t\t\t\t\t\t<div class=\"elementor-container elementor-column-gap-default\">\n\t\t\t\t\t<div class=\"elementor-column elementor-col-100 elementor-top-column elementor-element elementor-element-23f83506\" data-id=\"23f83506\" data-element_type=\"column\">\n\t\t\t<div class=\"elementor-widget-wrap elementor-element-populated\">\n\t\t\t\t\t\t<div class=\"elementor-element elementor-element-701abf36 elementor-widget elementor-widget-spacer\" data-id=\"701abf36\" data-element_type=\"widget\" data-widget_type=\"spacer.default\">\n\t\t\t\t<div class=\"elementor-widget-container\">\n\t\t\t\t\t\t\t<div class=\"elementor-spacer\">\n\t\t\t<div class=\"elementor-spacer-inner\"><\/div>\n\t\t<\/div>\n\t\t\t\t\t\t<\/div>\n\t\t\t\t<\/div>\n\t\t\t\t\t<\/div>\n\t\t<\/div>\n\t\t\t\t\t<\/div>\n\t\t<\/section>\n\t\t\t\t<\/div>\n\t\t","protected":false},"excerpt":{"rendered":"<p>N\u00e9phropathie amylo\u00efde Oed\u00e8me et prot\u00e9inurie : La n\u00e9phropathie amylo\u00efde L\u2019atteinte r\u00e9nale est fr\u00e9quente dans les amyloses AL. Elle est li\u00e9e aux d\u00e9p\u00f4ts des prot\u00e9ines produites de fa\u00e7on anormale dans le rein. En fonction de l\u2019endroit du d\u00e9p\u00f4t (glom\u00e9rulaire ou tubulaire) l\u2019atteinte r\u00e9nale peut diff\u00e9rer. L\u2019atteinte glom\u00e9rulaire est la plus fr\u00e9quente et est responsable d\u2019une perte [&hellip;]<\/p>\n","protected":false},"author":1,"featured_media":0,"parent":83,"menu_order":4,"comment_status":"closed","ping_status":"closed","template":"","meta":{"_monsterinsights_skip_tracking":false,"_monsterinsights_sitenote_active":false,"_monsterinsights_sitenote_note":"","_monsterinsights_sitenote_category":0,"footnotes":""},"categories":[],"tags":[],"class_list":["post-94","page","type-page","status-publish","hentry"],"yoast_head":"<!-- This site is optimized with the Yoast SEO plugin v25.5 - https:\/\/yoast.com\/wordpress\/plugins\/seo\/ -->\n<title>Oed\u00e8mes, perte de protides dans les urines\u00a0: la n\u00e9phropathie amylo\u00efde - R\u00e9seau Amylose Site Patient<\/title>\n<meta name=\"robots\" content=\"index, follow, max-snippet:-1, max-image-preview:large, max-video-preview:-1\" \/>\n<link rel=\"canonical\" href=\"https:\/\/reseau-amylose.org\/jesuispatient\/identifier-les-symptomes\/oedemes-perte-de-protides-dans-les-urines-la-nephropathie-amyloide\/\" \/>\n<meta property=\"og:locale\" content=\"fr_FR\" \/>\n<meta property=\"og:type\" content=\"article\" \/>\n<meta property=\"og:title\" content=\"Oed\u00e8mes, perte de protides dans les urines\u00a0: la n\u00e9phropathie amylo\u00efde - R\u00e9seau Amylose Site Patient\" \/>\n<meta property=\"og:description\" content=\"N\u00e9phropathie amylo\u00efde Oed\u00e8me et prot\u00e9inurie : La n\u00e9phropathie amylo\u00efde L\u2019atteinte r\u00e9nale est fr\u00e9quente dans les amyloses AL. Elle est li\u00e9e aux d\u00e9p\u00f4ts des prot\u00e9ines produites de fa\u00e7on anormale dans le rein. En fonction de l\u2019endroit du d\u00e9p\u00f4t (glom\u00e9rulaire ou tubulaire) l\u2019atteinte r\u00e9nale peut diff\u00e9rer. L\u2019atteinte glom\u00e9rulaire est la plus fr\u00e9quente et est responsable d\u2019une perte [&hellip;]\" \/>\n<meta property=\"og:url\" content=\"https:\/\/reseau-amylose.org\/jesuispatient\/identifier-les-symptomes\/oedemes-perte-de-protides-dans-les-urines-la-nephropathie-amyloide\/\" \/>\n<meta property=\"og:site_name\" content=\"R\u00e9seau Amylose Site Patient\" \/>\n<meta property=\"article:modified_time\" content=\"2021-05-12T08:46:24+00:00\" \/>\n<meta name=\"twitter:card\" content=\"summary_large_image\" \/>\n<meta name=\"twitter:label1\" content=\"Dur\u00e9e de lecture estim\u00e9e\" \/>\n\t<meta name=\"twitter:data1\" content=\"1 minute\" \/>\n<script type=\"application\/ld+json\" class=\"yoast-schema-graph\">{\"@context\":\"https:\/\/schema.org\",\"@graph\":[{\"@type\":\"WebPage\",\"@id\":\"https:\/\/reseau-amylose.org\/jesuispatient\/identifier-les-symptomes\/oedemes-perte-de-protides-dans-les-urines-la-nephropathie-amyloide\/\",\"url\":\"https:\/\/reseau-amylose.org\/jesuispatient\/identifier-les-symptomes\/oedemes-perte-de-protides-dans-les-urines-la-nephropathie-amyloide\/\",\"name\":\"Oed\u00e8mes, perte de protides dans les urines\u00a0: la n\u00e9phropathie amylo\u00efde - R\u00e9seau Amylose Site Patient\",\"isPartOf\":{\"@id\":\"https:\/\/reseau-amylose.org\/jesuispatient\/#website\"},\"datePublished\":\"2018-11-28T11:24:08+00:00\",\"dateModified\":\"2021-05-12T08:46:24+00:00\",\"breadcrumb\":{\"@id\":\"https:\/\/reseau-amylose.org\/jesuispatient\/identifier-les-symptomes\/oedemes-perte-de-protides-dans-les-urines-la-nephropathie-amyloide\/#breadcrumb\"},\"inLanguage\":\"fr-FR\",\"potentialAction\":[{\"@type\":\"ReadAction\",\"target\":[\"https:\/\/reseau-amylose.org\/jesuispatient\/identifier-les-symptomes\/oedemes-perte-de-protides-dans-les-urines-la-nephropathie-amyloide\/\"]}]},{\"@type\":\"BreadcrumbList\",\"@id\":\"https:\/\/reseau-amylose.org\/jesuispatient\/identifier-les-symptomes\/oedemes-perte-de-protides-dans-les-urines-la-nephropathie-amyloide\/#breadcrumb\",\"itemListElement\":[{\"@type\":\"ListItem\",\"position\":1,\"name\":\"Accueil\",\"item\":\"https:\/\/reseau-amylose.org\/jesuispatient\/\"},{\"@type\":\"ListItem\",\"position\":2,\"name\":\"IDENTIFIER LES SYMPTOMES\",\"item\":\"https:\/\/reseau-amylose.org\/jesuispatient\/identifier-les-symptomes\/\"},{\"@type\":\"ListItem\",\"position\":3,\"name\":\"Oed\u00e8mes, perte de protides dans les urines\u00a0: la n\u00e9phropathie amylo\u00efde\"}]},{\"@type\":\"WebSite\",\"@id\":\"https:\/\/reseau-amylose.org\/jesuispatient\/#website\",\"url\":\"https:\/\/reseau-amylose.org\/jesuispatient\/\",\"name\":\"R\u00e9seau Amylose Site Patient\",\"description\":\"Centre de r\u00e9f\u00e9rence des amyloses cardiaques\",\"potentialAction\":[{\"@type\":\"SearchAction\",\"target\":{\"@type\":\"EntryPoint\",\"urlTemplate\":\"https:\/\/reseau-amylose.org\/jesuispatient\/?s={search_term_string}\"},\"query-input\":{\"@type\":\"PropertyValueSpecification\",\"valueRequired\":true,\"valueName\":\"search_term_string\"}}],\"inLanguage\":\"fr-FR\"}]}<\/script>\n<!-- \/ Yoast SEO plugin. -->","yoast_head_json":{"title":"Oed\u00e8mes, perte de protides dans les urines\u00a0: la n\u00e9phropathie amylo\u00efde - R\u00e9seau Amylose Site Patient","robots":{"index":"index","follow":"follow","max-snippet":"max-snippet:-1","max-image-preview":"max-image-preview:large","max-video-preview":"max-video-preview:-1"},"canonical":"https:\/\/reseau-amylose.org\/jesuispatient\/identifier-les-symptomes\/oedemes-perte-de-protides-dans-les-urines-la-nephropathie-amyloide\/","og_locale":"fr_FR","og_type":"article","og_title":"Oed\u00e8mes, perte de protides dans les urines\u00a0: la n\u00e9phropathie amylo\u00efde - R\u00e9seau Amylose Site Patient","og_description":"N\u00e9phropathie amylo\u00efde Oed\u00e8me et prot\u00e9inurie : La n\u00e9phropathie amylo\u00efde L\u2019atteinte r\u00e9nale est fr\u00e9quente dans les amyloses AL. Elle est li\u00e9e aux d\u00e9p\u00f4ts des prot\u00e9ines produites de fa\u00e7on anormale dans le rein. En fonction de l\u2019endroit du d\u00e9p\u00f4t (glom\u00e9rulaire ou tubulaire) l\u2019atteinte r\u00e9nale peut diff\u00e9rer. L\u2019atteinte glom\u00e9rulaire est la plus fr\u00e9quente et est responsable d\u2019une perte [&hellip;]","og_url":"https:\/\/reseau-amylose.org\/jesuispatient\/identifier-les-symptomes\/oedemes-perte-de-protides-dans-les-urines-la-nephropathie-amyloide\/","og_site_name":"R\u00e9seau Amylose Site Patient","article_modified_time":"2021-05-12T08:46:24+00:00","twitter_card":"summary_large_image","twitter_misc":{"Dur\u00e9e de lecture estim\u00e9e":"1 minute"},"schema":{"@context":"https:\/\/schema.org","@graph":[{"@type":"WebPage","@id":"https:\/\/reseau-amylose.org\/jesuispatient\/identifier-les-symptomes\/oedemes-perte-de-protides-dans-les-urines-la-nephropathie-amyloide\/","url":"https:\/\/reseau-amylose.org\/jesuispatient\/identifier-les-symptomes\/oedemes-perte-de-protides-dans-les-urines-la-nephropathie-amyloide\/","name":"Oed\u00e8mes, perte de protides dans les urines\u00a0: la n\u00e9phropathie amylo\u00efde - R\u00e9seau Amylose Site Patient","isPartOf":{"@id":"https:\/\/reseau-amylose.org\/jesuispatient\/#website"},"datePublished":"2018-11-28T11:24:08+00:00","dateModified":"2021-05-12T08:46:24+00:00","breadcrumb":{"@id":"https:\/\/reseau-amylose.org\/jesuispatient\/identifier-les-symptomes\/oedemes-perte-de-protides-dans-les-urines-la-nephropathie-amyloide\/#breadcrumb"},"inLanguage":"fr-FR","potentialAction":[{"@type":"ReadAction","target":["https:\/\/reseau-amylose.org\/jesuispatient\/identifier-les-symptomes\/oedemes-perte-de-protides-dans-les-urines-la-nephropathie-amyloide\/"]}]},{"@type":"BreadcrumbList","@id":"https:\/\/reseau-amylose.org\/jesuispatient\/identifier-les-symptomes\/oedemes-perte-de-protides-dans-les-urines-la-nephropathie-amyloide\/#breadcrumb","itemListElement":[{"@type":"ListItem","position":1,"name":"Accueil","item":"https:\/\/reseau-amylose.org\/jesuispatient\/"},{"@type":"ListItem","position":2,"name":"IDENTIFIER LES SYMPTOMES","item":"https:\/\/reseau-amylose.org\/jesuispatient\/identifier-les-symptomes\/"},{"@type":"ListItem","position":3,"name":"Oed\u00e8mes, perte de protides dans les urines\u00a0: la n\u00e9phropathie amylo\u00efde"}]},{"@type":"WebSite","@id":"https:\/\/reseau-amylose.org\/jesuispatient\/#website","url":"https:\/\/reseau-amylose.org\/jesuispatient\/","name":"R\u00e9seau Amylose Site Patient","description":"Centre de r\u00e9f\u00e9rence des amyloses cardiaques","potentialAction":[{"@type":"SearchAction","target":{"@type":"EntryPoint","urlTemplate":"https:\/\/reseau-amylose.org\/jesuispatient\/?s={search_term_string}"},"query-input":{"@type":"PropertyValueSpecification","valueRequired":true,"valueName":"search_term_string"}}],"inLanguage":"fr-FR"}]}},"_links":{"self":[{"href":"https:\/\/reseau-amylose.org\/jesuispatient\/wp-json\/wp\/v2\/pages\/94","targetHints":{"allow":["GET"]}}],"collection":[{"href":"https:\/\/reseau-amylose.org\/jesuispatient\/wp-json\/wp\/v2\/pages"}],"about":[{"href":"https:\/\/reseau-amylose.org\/jesuispatient\/wp-json\/wp\/v2\/types\/page"}],"author":[{"embeddable":true,"href":"https:\/\/reseau-amylose.org\/jesuispatient\/wp-json\/wp\/v2\/users\/1"}],"replies":[{"embeddable":true,"href":"https:\/\/reseau-amylose.org\/jesuispatient\/wp-json\/wp\/v2\/comments?post=94"}],"version-history":[{"count":4,"href":"https:\/\/reseau-amylose.org\/jesuispatient\/wp-json\/wp\/v2\/pages\/94\/revisions"}],"predecessor-version":[{"id":2915,"href":"https:\/\/reseau-amylose.org\/jesuispatient\/wp-json\/wp\/v2\/pages\/94\/revisions\/2915"}],"up":[{"embeddable":true,"href":"https:\/\/reseau-amylose.org\/jesuispatient\/wp-json\/wp\/v2\/pages\/83"}],"wp:attachment":[{"href":"https:\/\/reseau-amylose.org\/jesuispatient\/wp-json\/wp\/v2\/media?parent=94"}],"wp:term":[{"taxonomy":"category","embeddable":true,"href":"https:\/\/reseau-amylose.org\/jesuispatient\/wp-json\/wp\/v2\/categories?post=94"},{"taxonomy":"post_tag","embeddable":true,"href":"https:\/\/reseau-amylose.org\/jesuispatient\/wp-json\/wp\/v2\/tags?post=94"}],"curies":[{"name":"wp","href":"https:\/\/api.w.org\/{rel}","templated":true}]}}