{"id":93,"date":"2018-11-28T11:23:42","date_gmt":"2018-11-28T11:23:42","guid":{"rendered":"http:\/\/patient.reseau-amylose.org\/?page_id=76"},"modified":"2021-08-25T12:15:24","modified_gmt":"2021-08-25T10:15:24","slug":"essoufflement-oedemes-des-pieds-fatigue-la-cardiopathie-amyloide","status":"publish","type":"page","link":"https:\/\/reseau-amylose.org\/jesuispatient\/identifier-les-symptomes\/essoufflement-oedemes-des-pieds-fatigue-la-cardiopathie-amyloide\/","title":{"rendered":"Amylose : Essoufflement, Oed\u00e8mes des pieds, Fatigue\u00a0: la cardiopathie amylo\u00efde"},"content":{"rendered":"\t\t<div data-elementor-type=\"wp-post\" data-elementor-id=\"93\" class=\"elementor elementor-93\" data-elementor-post-type=\"page\">\n\t\t\t\t\t\t<section class=\"elementor-section elementor-top-section elementor-element elementor-element-cdfbcc2 elementor-section-content-middle elementor-section-boxed elementor-section-height-default elementor-section-height-default\" data-id=\"cdfbcc2\" data-element_type=\"section\" data-settings=\"{&quot;background_background&quot;:&quot;classic&quot;}\">\n\t\t\t\t\t\t<div class=\"elementor-container elementor-column-gap-no\">\n\t\t\t\t\t<div class=\"elementor-column elementor-col-100 elementor-top-column elementor-element elementor-element-16d895f7\" data-id=\"16d895f7\" data-element_type=\"column\">\n\t\t\t<div class=\"elementor-widget-wrap elementor-element-populated\">\n\t\t\t\t\t\t<div class=\"elementor-element elementor-element-13ec0418 elementor-widget-divider--view-line elementor-widget elementor-widget-divider\" data-id=\"13ec0418\" data-element_type=\"widget\" data-widget_type=\"divider.default\">\n\t\t\t\t<div class=\"elementor-widget-container\">\n\t\t\t\t\t\t\t<div class=\"elementor-divider\">\n\t\t\t<span class=\"elementor-divider-separator\">\n\t\t\t\t\t\t<\/span>\n\t\t<\/div>\n\t\t\t\t\t\t<\/div>\n\t\t\t\t<\/div>\n\t\t\t\t<div class=\"elementor-element elementor-element-1142a497 elementor-widget elementor-widget-heading\" data-id=\"1142a497\" data-element_type=\"widget\" data-widget_type=\"heading.default\">\n\t\t\t\t<div class=\"elementor-widget-container\">\n\t\t\t\t\t<h6 class=\"elementor-heading-title elementor-size-default\"><h2 class=\"elementor-heading-title elementor-size-large elementor-inline-editing pen\" data-elementor-setting-key=\"title\" data-pen-placeholder=\"\u00c9crivez ici...\">Cardiopathie amylo\u00efde <\/h2><\/h6>\t\t\t\t<\/div>\n\t\t\t\t<\/div>\n\t\t\t\t\t<\/div>\n\t\t<\/div>\n\t\t\t\t\t<\/div>\n\t\t<\/section>\n\t\t\t\t<section class=\"elementor-section elementor-top-section elementor-element elementor-element-35b328b8 elementor-section-boxed elementor-section-height-default elementor-section-height-default\" data-id=\"35b328b8\" data-element_type=\"section\">\n\t\t\t\t\t\t<div class=\"elementor-container elementor-column-gap-default\">\n\t\t\t\t\t<div class=\"elementor-column elementor-col-100 elementor-top-column elementor-element elementor-element-6c8a24ca\" data-id=\"6c8a24ca\" data-element_type=\"column\">\n\t\t\t<div class=\"elementor-widget-wrap elementor-element-populated\">\n\t\t\t\t\t\t<div class=\"elementor-element elementor-element-408ac42b elementor-widget elementor-widget-text-editor\" data-id=\"408ac42b\" data-element_type=\"widget\" data-widget_type=\"text-editor.default\">\n\t\t\t\t<div class=\"elementor-widget-container\">\n\t\t\t\t\t\t\t\t\t<h6><strong>Essoufflement, Oed\u00e8mes, Fatigue<\/strong> : les signes de l&rsquo;atteinte cardiaque amylo\u00efde L\u2019atteinte cardiaque amylo\u00efde est li\u00e9e aux d\u00e9p\u00f4ts de prot\u00e9ines au niveau du c\u0153ur.<\/h6><h6>Ces d\u00e9p\u00f4ts peuvent provoquer une atteinte du muscle cardiaque (d\u00e9p\u00f4ts au niveau du muscle) et\/ou une atteinte du rythme du c\u0153ur (d\u00e9p\u00f4ts sur les nerfs cardiaques). L\u2019atteinte du muscle cardiaque va g\u00eaner le fonctionnement de la pompe cardiaque pouvant conduire \u00e0 une insuffisance cardiaque qui se traduit par diff\u00e9rents sympt\u00f4mes : fatigue, essoufflement \u00e0 l\u2019effort puis au repos, r\u00e9tention d\u2019eau au niveau des jambes&#8230; Elle est \u00e9galement responsable de la survenue de trouble du rythme cardiaque.<\/h6><h6>Des sympt\u00f4mes communs aux trois types d&rsquo;amylose Essoufflement, fatigue, prise de poids, r\u00e9tention d&rsquo;eau (oed\u00e8mes des jambes) sont souvent les premiers signes cardiaques de l&rsquo;amylose. Ces sympt\u00f4mes sont tr\u00e8s fr\u00e9quents et peuvent se voir dans beaucoup de pathologies cardiaques pour autant ils sont tr\u00e8s fr\u00e9quents lors d&rsquo;une atteinte cardiaque amylo\u00efde.<\/h6><h6>Ces trois patients d\u00e9crivent leurs sympt\u00f4mes communs, pour autant leur type d&rsquo;amylose et leur prise en charge a \u00e9t\u00e9 bien diff\u00e9rente et adapt\u00e9e \u00e0 leur type d&rsquo;amylose: AL, h\u00e9r\u00e9ditaire \u00e0 transthyr\u00e9tine et transthyr\u00e9tine sauvage.<\/h6><h6><em>Dans cette vid\u00e9o, trois patients soign\u00e9s au sein du R\u00e9seau Amylose Mondor et du Centre R\u00e9f\u00e9rence Nationale des Amyloses Cardiaques expliquent leur parcours de soin et de vie au Pr Thibaud DAMY.<\/em><\/h6>\t\t\t\t\t\t\t\t<\/div>\n\t\t\t\t<\/div>\n\t\t\t\t\t<\/div>\n\t\t<\/div>\n\t\t\t\t\t<\/div>\n\t\t<\/section>\n\t\t\t\t<section class=\"elementor-section elementor-top-section elementor-element elementor-element-2039aa9a elementor-section-boxed elementor-section-height-default elementor-section-height-default\" data-id=\"2039aa9a\" data-element_type=\"section\">\n\t\t\t\t\t\t<div class=\"elementor-container elementor-column-gap-default\">\n\t\t\t\t\t<div class=\"elementor-column elementor-col-100 elementor-top-column elementor-element elementor-element-7745c058\" data-id=\"7745c058\" data-element_type=\"column\">\n\t\t\t<div class=\"elementor-widget-wrap elementor-element-populated\">\n\t\t\t\t\t\t<div class=\"elementor-element elementor-element-7e300d46 elementor-widget elementor-widget-video\" data-id=\"7e300d46\" data-element_type=\"widget\" data-settings=\"{&quot;youtube_url&quot;:&quot;https:\\\/\\\/www.youtube.com\\\/watch?v=rgQXRdL-CLg&quot;,&quot;video_type&quot;:&quot;youtube&quot;,&quot;controls&quot;:&quot;yes&quot;}\" data-widget_type=\"video.default\">\n\t\t\t\t<div class=\"elementor-widget-container\">\n\t\t\t\t\t\t\t<div class=\"elementor-wrapper elementor-open-inline\">\n\t\t\t<div class=\"elementor-video\"><\/div>\t\t<\/div>\n\t\t\t\t\t\t<\/div>\n\t\t\t\t<\/div>\n\t\t\t\t\t<\/div>\n\t\t<\/div>\n\t\t\t\t\t<\/div>\n\t\t<\/section>\n\t\t\t\t<section class=\"elementor-section elementor-top-section elementor-element elementor-element-2ee047e7 elementor-section-boxed elementor-section-height-default elementor-section-height-default\" data-id=\"2ee047e7\" data-element_type=\"section\">\n\t\t\t\t\t\t<div class=\"elementor-container elementor-column-gap-default\">\n\t\t\t\t\t<div class=\"elementor-column elementor-col-100 elementor-top-column elementor-element elementor-element-1b6690f6\" data-id=\"1b6690f6\" data-element_type=\"column\">\n\t\t\t<div class=\"elementor-widget-wrap elementor-element-populated\">\n\t\t\t\t\t\t<div class=\"elementor-element elementor-element-4949bebf elementor-widget elementor-widget-text-editor\" data-id=\"4949bebf\" data-element_type=\"widget\" data-widget_type=\"text-editor.default\">\n\t\t\t\t<div class=\"elementor-widget-container\">\n\t\t\t\t\t\t\t\t\t<h6>L\u2019atteinte de la conduction cardiaque (li\u00e9e \u00e0 l\u2019atteinte des fibres nerveuses cardiaques) peut aboutir \u00e0 des malaises voire \u00e0 des syncopes (pertes de connaissance) pouvant mener \u00e0 l\u2019implantation d\u2019un pace-maker. Lors du bilan cardiologique, le cardiologue va donc devoir rechercher et \u00e9valuer d\u2019une part une atteinte de la conduction \u00e9lectrique et du rythme cardiaque par la r\u00e9alisation d\u2019un \u00e9lectrocardiogramme (ECG) ou d\u2019un holter. Des explorations \u00e9lectrophysiologiques invasives par cath\u00e9ter sont fr\u00e9quemment n\u00e9cessaires. L\u2019atteinte du muscle cardiaque va \u00eatre \u00e9valu\u00e9e par l\u2019\u00e9chocardiographie et\/ou l\u2019IRM cardiaque.<\/h6><h6>L\u2019IRM permet de quantifier le degr\u00e9 de d\u00e9p\u00f4ts amylo\u00efdes au niveau cardiaque. L\u2019\u00e9chocardiographie permet d\u2019\u00e9valuer le retentissement des d\u00e9p\u00f4ts sur la fonction cardiaque. La r\u00e9alisation d\u2019une biopsie cardiaque peut-\u00eatre n\u00e9cessaire. Elle est r\u00e9alis\u00e9e par l\u2019utilisation de petit cath\u00e9ter \u00e9quip\u00e9 d\u2019un microtome ins\u00e9r\u00e9 dans une veine du cou ou de l\u2019aine sous anesth\u00e9sie locale.<\/h6><h6>Le m\u00e9decin pr\u00e9l\u00e8ve alors un millim\u00e8tre de tissus myocardique. Cet examen est non douloureux.<\/h6><h6><em>Pr Thibaud DAMY <\/em><\/h6><h6><em>Approche cardiologique Amylose cardiaque : pourquoi y penser ?<\/em><\/h6>\t\t\t\t\t\t\t\t<\/div>\n\t\t\t\t<\/div>\n\t\t\t\t\t<\/div>\n\t\t<\/div>\n\t\t\t\t\t<\/div>\n\t\t<\/section>\n\t\t\t\t<section class=\"elementor-section elementor-top-section elementor-element elementor-element-335a5627 elementor-section-boxed elementor-section-height-default elementor-section-height-default\" data-id=\"335a5627\" data-element_type=\"section\">\n\t\t\t\t\t\t<div class=\"elementor-container elementor-column-gap-default\">\n\t\t\t\t\t<div class=\"elementor-column elementor-col-100 elementor-top-column elementor-element elementor-element-451d8b22\" data-id=\"451d8b22\" data-element_type=\"column\">\n\t\t\t<div class=\"elementor-widget-wrap elementor-element-populated\">\n\t\t\t\t\t\t<div class=\"elementor-element elementor-element-1c6cca94 elementor-widget elementor-widget-video\" data-id=\"1c6cca94\" data-element_type=\"widget\" data-settings=\"{&quot;youtube_url&quot;:&quot;https:\\\/\\\/www.youtube.com\\\/watch?v=ZIDq2z8ZQ-M&quot;,&quot;video_type&quot;:&quot;youtube&quot;,&quot;controls&quot;:&quot;yes&quot;}\" data-widget_type=\"video.default\">\n\t\t\t\t<div class=\"elementor-widget-container\">\n\t\t\t\t\t\t\t<div class=\"elementor-wrapper elementor-open-inline\">\n\t\t\t<div class=\"elementor-video\"><\/div>\t\t<\/div>\n\t\t\t\t\t\t<\/div>\n\t\t\t\t<\/div>\n\t\t\t\t\t<\/div>\n\t\t<\/div>\n\t\t\t\t\t<\/div>\n\t\t<\/section>\n\t\t\t\t<\/div>\n\t\t","protected":false},"excerpt":{"rendered":"<p>Cardiopathie amylo\u00efde Essoufflement, Oed\u00e8mes, Fatigue : les signes de l&rsquo;atteinte cardiaque amylo\u00efde L\u2019atteinte cardiaque amylo\u00efde est li\u00e9e aux d\u00e9p\u00f4ts de prot\u00e9ines au niveau du c\u0153ur. Ces d\u00e9p\u00f4ts peuvent provoquer une atteinte du muscle cardiaque (d\u00e9p\u00f4ts au niveau du muscle) et\/ou une atteinte du rythme du c\u0153ur (d\u00e9p\u00f4ts sur les nerfs cardiaques). L\u2019atteinte du muscle cardiaque [&hellip;]<\/p>\n","protected":false},"author":1,"featured_media":0,"parent":83,"menu_order":3,"comment_status":"closed","ping_status":"closed","template":"","meta":{"_monsterinsights_skip_tracking":false,"_monsterinsights_sitenote_active":false,"_monsterinsights_sitenote_note":"","_monsterinsights_sitenote_category":0,"footnotes":""},"categories":[],"tags":[],"class_list":["post-93","page","type-page","status-publish","hentry"],"yoast_head":"<!-- This site is optimized with the Yoast SEO plugin v25.5 - https:\/\/yoast.com\/wordpress\/plugins\/seo\/ -->\n<title>Amylose : Essoufflement, Oed\u00e8mes des pieds, Fatigue\u00a0: la cardiopathie amylo\u00efde - R\u00e9seau Amylose Site Patient<\/title>\n<meta name=\"robots\" content=\"index, follow, max-snippet:-1, max-image-preview:large, max-video-preview:-1\" \/>\n<link rel=\"canonical\" href=\"https:\/\/reseau-amylose.org\/jesuispatient\/identifier-les-symptomes\/essoufflement-oedemes-des-pieds-fatigue-la-cardiopathie-amyloide\/\" \/>\n<meta property=\"og:locale\" content=\"fr_FR\" \/>\n<meta property=\"og:type\" content=\"article\" \/>\n<meta property=\"og:title\" content=\"Amylose : Essoufflement, Oed\u00e8mes des pieds, Fatigue\u00a0: la cardiopathie amylo\u00efde - R\u00e9seau Amylose Site Patient\" \/>\n<meta property=\"og:description\" content=\"Cardiopathie amylo\u00efde Essoufflement, Oed\u00e8mes, Fatigue : les signes de l&rsquo;atteinte cardiaque amylo\u00efde L\u2019atteinte cardiaque amylo\u00efde est li\u00e9e aux d\u00e9p\u00f4ts de prot\u00e9ines au niveau du c\u0153ur. Ces d\u00e9p\u00f4ts peuvent provoquer une atteinte du muscle cardiaque (d\u00e9p\u00f4ts au niveau du muscle) et\/ou une atteinte du rythme du c\u0153ur (d\u00e9p\u00f4ts sur les nerfs cardiaques). L\u2019atteinte du muscle cardiaque [&hellip;]\" \/>\n<meta property=\"og:url\" content=\"https:\/\/reseau-amylose.org\/jesuispatient\/identifier-les-symptomes\/essoufflement-oedemes-des-pieds-fatigue-la-cardiopathie-amyloide\/\" \/>\n<meta property=\"og:site_name\" content=\"R\u00e9seau Amylose Site Patient\" \/>\n<meta property=\"article:modified_time\" content=\"2021-08-25T10:15:24+00:00\" \/>\n<meta name=\"twitter:card\" content=\"summary_large_image\" \/>\n<meta name=\"twitter:label1\" content=\"Dur\u00e9e de lecture estim\u00e9e\" \/>\n\t<meta name=\"twitter:data1\" content=\"2 minutes\" \/>\n<script type=\"application\/ld+json\" class=\"yoast-schema-graph\">{\"@context\":\"https:\/\/schema.org\",\"@graph\":[{\"@type\":\"WebPage\",\"@id\":\"https:\/\/reseau-amylose.org\/jesuispatient\/identifier-les-symptomes\/essoufflement-oedemes-des-pieds-fatigue-la-cardiopathie-amyloide\/\",\"url\":\"https:\/\/reseau-amylose.org\/jesuispatient\/identifier-les-symptomes\/essoufflement-oedemes-des-pieds-fatigue-la-cardiopathie-amyloide\/\",\"name\":\"Amylose : Essoufflement, Oed\u00e8mes des pieds, Fatigue\u00a0: la cardiopathie amylo\u00efde - R\u00e9seau Amylose Site Patient\",\"isPartOf\":{\"@id\":\"https:\/\/reseau-amylose.org\/jesuispatient\/#website\"},\"datePublished\":\"2018-11-28T11:23:42+00:00\",\"dateModified\":\"2021-08-25T10:15:24+00:00\",\"breadcrumb\":{\"@id\":\"https:\/\/reseau-amylose.org\/jesuispatient\/identifier-les-symptomes\/essoufflement-oedemes-des-pieds-fatigue-la-cardiopathie-amyloide\/#breadcrumb\"},\"inLanguage\":\"fr-FR\",\"potentialAction\":[{\"@type\":\"ReadAction\",\"target\":[\"https:\/\/reseau-amylose.org\/jesuispatient\/identifier-les-symptomes\/essoufflement-oedemes-des-pieds-fatigue-la-cardiopathie-amyloide\/\"]}]},{\"@type\":\"BreadcrumbList\",\"@id\":\"https:\/\/reseau-amylose.org\/jesuispatient\/identifier-les-symptomes\/essoufflement-oedemes-des-pieds-fatigue-la-cardiopathie-amyloide\/#breadcrumb\",\"itemListElement\":[{\"@type\":\"ListItem\",\"position\":1,\"name\":\"Accueil\",\"item\":\"https:\/\/reseau-amylose.org\/jesuispatient\/\"},{\"@type\":\"ListItem\",\"position\":2,\"name\":\"IDENTIFIER LES SYMPTOMES\",\"item\":\"https:\/\/reseau-amylose.org\/jesuispatient\/identifier-les-symptomes\/\"},{\"@type\":\"ListItem\",\"position\":3,\"name\":\"Amylose : Essoufflement, Oed\u00e8mes des pieds, Fatigue\u00a0: la cardiopathie amylo\u00efde\"}]},{\"@type\":\"WebSite\",\"@id\":\"https:\/\/reseau-amylose.org\/jesuispatient\/#website\",\"url\":\"https:\/\/reseau-amylose.org\/jesuispatient\/\",\"name\":\"R\u00e9seau Amylose Site Patient\",\"description\":\"Centre de r\u00e9f\u00e9rence des amyloses cardiaques\",\"potentialAction\":[{\"@type\":\"SearchAction\",\"target\":{\"@type\":\"EntryPoint\",\"urlTemplate\":\"https:\/\/reseau-amylose.org\/jesuispatient\/?s={search_term_string}\"},\"query-input\":{\"@type\":\"PropertyValueSpecification\",\"valueRequired\":true,\"valueName\":\"search_term_string\"}}],\"inLanguage\":\"fr-FR\"}]}<\/script>\n<!-- \/ Yoast SEO plugin. -->","yoast_head_json":{"title":"Amylose : Essoufflement, Oed\u00e8mes des pieds, Fatigue\u00a0: la cardiopathie amylo\u00efde - R\u00e9seau Amylose Site Patient","robots":{"index":"index","follow":"follow","max-snippet":"max-snippet:-1","max-image-preview":"max-image-preview:large","max-video-preview":"max-video-preview:-1"},"canonical":"https:\/\/reseau-amylose.org\/jesuispatient\/identifier-les-symptomes\/essoufflement-oedemes-des-pieds-fatigue-la-cardiopathie-amyloide\/","og_locale":"fr_FR","og_type":"article","og_title":"Amylose : Essoufflement, Oed\u00e8mes des pieds, Fatigue\u00a0: la cardiopathie amylo\u00efde - R\u00e9seau Amylose Site Patient","og_description":"Cardiopathie amylo\u00efde Essoufflement, Oed\u00e8mes, Fatigue : les signes de l&rsquo;atteinte cardiaque amylo\u00efde L\u2019atteinte cardiaque amylo\u00efde est li\u00e9e aux d\u00e9p\u00f4ts de prot\u00e9ines au niveau du c\u0153ur. Ces d\u00e9p\u00f4ts peuvent provoquer une atteinte du muscle cardiaque (d\u00e9p\u00f4ts au niveau du muscle) et\/ou une atteinte du rythme du c\u0153ur (d\u00e9p\u00f4ts sur les nerfs cardiaques). L\u2019atteinte du muscle cardiaque [&hellip;]","og_url":"https:\/\/reseau-amylose.org\/jesuispatient\/identifier-les-symptomes\/essoufflement-oedemes-des-pieds-fatigue-la-cardiopathie-amyloide\/","og_site_name":"R\u00e9seau Amylose Site Patient","article_modified_time":"2021-08-25T10:15:24+00:00","twitter_card":"summary_large_image","twitter_misc":{"Dur\u00e9e de lecture estim\u00e9e":"2 minutes"},"schema":{"@context":"https:\/\/schema.org","@graph":[{"@type":"WebPage","@id":"https:\/\/reseau-amylose.org\/jesuispatient\/identifier-les-symptomes\/essoufflement-oedemes-des-pieds-fatigue-la-cardiopathie-amyloide\/","url":"https:\/\/reseau-amylose.org\/jesuispatient\/identifier-les-symptomes\/essoufflement-oedemes-des-pieds-fatigue-la-cardiopathie-amyloide\/","name":"Amylose : Essoufflement, Oed\u00e8mes des pieds, Fatigue\u00a0: la cardiopathie amylo\u00efde - R\u00e9seau Amylose Site Patient","isPartOf":{"@id":"https:\/\/reseau-amylose.org\/jesuispatient\/#website"},"datePublished":"2018-11-28T11:23:42+00:00","dateModified":"2021-08-25T10:15:24+00:00","breadcrumb":{"@id":"https:\/\/reseau-amylose.org\/jesuispatient\/identifier-les-symptomes\/essoufflement-oedemes-des-pieds-fatigue-la-cardiopathie-amyloide\/#breadcrumb"},"inLanguage":"fr-FR","potentialAction":[{"@type":"ReadAction","target":["https:\/\/reseau-amylose.org\/jesuispatient\/identifier-les-symptomes\/essoufflement-oedemes-des-pieds-fatigue-la-cardiopathie-amyloide\/"]}]},{"@type":"BreadcrumbList","@id":"https:\/\/reseau-amylose.org\/jesuispatient\/identifier-les-symptomes\/essoufflement-oedemes-des-pieds-fatigue-la-cardiopathie-amyloide\/#breadcrumb","itemListElement":[{"@type":"ListItem","position":1,"name":"Accueil","item":"https:\/\/reseau-amylose.org\/jesuispatient\/"},{"@type":"ListItem","position":2,"name":"IDENTIFIER LES SYMPTOMES","item":"https:\/\/reseau-amylose.org\/jesuispatient\/identifier-les-symptomes\/"},{"@type":"ListItem","position":3,"name":"Amylose : Essoufflement, Oed\u00e8mes des pieds, Fatigue\u00a0: la cardiopathie amylo\u00efde"}]},{"@type":"WebSite","@id":"https:\/\/reseau-amylose.org\/jesuispatient\/#website","url":"https:\/\/reseau-amylose.org\/jesuispatient\/","name":"R\u00e9seau Amylose Site Patient","description":"Centre de r\u00e9f\u00e9rence des amyloses cardiaques","potentialAction":[{"@type":"SearchAction","target":{"@type":"EntryPoint","urlTemplate":"https:\/\/reseau-amylose.org\/jesuispatient\/?s={search_term_string}"},"query-input":{"@type":"PropertyValueSpecification","valueRequired":true,"valueName":"search_term_string"}}],"inLanguage":"fr-FR"}]}},"_links":{"self":[{"href":"https:\/\/reseau-amylose.org\/jesuispatient\/wp-json\/wp\/v2\/pages\/93","targetHints":{"allow":["GET"]}}],"collection":[{"href":"https:\/\/reseau-amylose.org\/jesuispatient\/wp-json\/wp\/v2\/pages"}],"about":[{"href":"https:\/\/reseau-amylose.org\/jesuispatient\/wp-json\/wp\/v2\/types\/page"}],"author":[{"embeddable":true,"href":"https:\/\/reseau-amylose.org\/jesuispatient\/wp-json\/wp\/v2\/users\/1"}],"replies":[{"embeddable":true,"href":"https:\/\/reseau-amylose.org\/jesuispatient\/wp-json\/wp\/v2\/comments?post=93"}],"version-history":[{"count":5,"href":"https:\/\/reseau-amylose.org\/jesuispatient\/wp-json\/wp\/v2\/pages\/93\/revisions"}],"predecessor-version":[{"id":3190,"href":"https:\/\/reseau-amylose.org\/jesuispatient\/wp-json\/wp\/v2\/pages\/93\/revisions\/3190"}],"up":[{"embeddable":true,"href":"https:\/\/reseau-amylose.org\/jesuispatient\/wp-json\/wp\/v2\/pages\/83"}],"wp:attachment":[{"href":"https:\/\/reseau-amylose.org\/jesuispatient\/wp-json\/wp\/v2\/media?parent=93"}],"wp:term":[{"taxonomy":"category","embeddable":true,"href":"https:\/\/reseau-amylose.org\/jesuispatient\/wp-json\/wp\/v2\/categories?post=93"},{"taxonomy":"post_tag","embeddable":true,"href":"https:\/\/reseau-amylose.org\/jesuispatient\/wp-json\/wp\/v2\/tags?post=93"}],"curies":[{"name":"wp","href":"https:\/\/api.w.org\/{rel}","templated":true}]}}