{"id":4361,"date":"2026-01-23T14:26:33","date_gmt":"2026-01-23T13:26:33","guid":{"rendered":"https:\/\/reseau-amylose.org\/jesuispatient\/?page_id=4361"},"modified":"2026-01-23T16:37:39","modified_gmt":"2026-01-23T15:37:39","slug":"patients-etre-aidant","status":"publish","type":"page","link":"https:\/\/reseau-amylose.org\/jesuispatient\/patients-etre-aidant\/","title":{"rendered":"Qu\u2019est-ce qu\u2019\u00eatre aidant ?"},"content":{"rendered":"\t\t<div data-elementor-type=\"wp-page\" data-elementor-id=\"4361\" class=\"elementor elementor-4361\" data-elementor-post-type=\"page\">\n\t\t\t\t\t\t<section class=\"elementor-section elementor-top-section elementor-element elementor-element-ee02178 elementor-section-boxed elementor-section-height-default elementor-section-height-default\" data-id=\"ee02178\" data-element_type=\"section\" data-settings=\"{&quot;background_background&quot;:&quot;classic&quot;}\">\n\t\t\t\t\t\t<div class=\"elementor-container elementor-column-gap-default\">\n\t\t\t\t\t<div class=\"elementor-column elementor-col-100 elementor-top-column elementor-element elementor-element-789cbe5\" data-id=\"789cbe5\" data-element_type=\"column\">\n\t\t\t<div class=\"elementor-widget-wrap elementor-element-populated\">\n\t\t\t\t\t\t<div class=\"elementor-element elementor-element-22a93bd elementor-widget elementor-widget-heading\" data-id=\"22a93bd\" data-element_type=\"widget\" data-widget_type=\"heading.default\">\n\t\t\t\t<div class=\"elementor-widget-container\">\n\t\t\t\t\t<h1 class=\"elementor-heading-title elementor-size-default\">Qu\u2019est-ce qu\u2019\u00eatre aidant ? Comprendre le r\u00f4le essentiel de l\u2019aidant aupr\u00e8s d\u2019un proche atteint d\u2019amylose<\/h1>\t\t\t\t<\/div>\n\t\t\t\t<\/div>\n\t\t\t\t\t<\/div>\n\t\t<\/div>\n\t\t\t\t\t<\/div>\n\t\t<\/section>\n\t\t\t\t<section class=\"elementor-section elementor-top-section elementor-element elementor-element-d7d09e8 elementor-section-boxed elementor-section-height-default elementor-section-height-default\" data-id=\"d7d09e8\" data-element_type=\"section\">\n\t\t\t\t\t\t<div class=\"elementor-container elementor-column-gap-default\">\n\t\t\t\t\t<div class=\"elementor-column elementor-col-100 elementor-top-column elementor-element elementor-element-f370f40\" data-id=\"f370f40\" data-element_type=\"column\">\n\t\t\t<div class=\"elementor-widget-wrap elementor-element-populated\">\n\t\t\t\t\t\t<div class=\"elementor-element elementor-element-3af254a elementor-widget elementor-widget-text-editor\" data-id=\"3af254a\" data-element_type=\"widget\" data-widget_type=\"text-editor.default\">\n\t\t\t\t<div class=\"elementor-widget-container\">\n\t\t\t\t\t\t\t\t\t<p>Lorsqu\u2019une personne est atteinte d\u2019amylose, la maladie impacte bien plus que sa seule sant\u00e9. Elle transforme aussi le quotidien de ses proches. Parmi eux, une personne occupe souvent une place centrale : <strong>l\u2019aidant<\/strong>. \u00catre aidant, c\u2019est accompagner, soutenir, organiser, rassurer\u2026 parfois sans vraiment s\u2019en rendre compte, ni se reconna\u00eetre dans ce r\u00f4le.<\/p><p>L&rsquo;aidant a un r\u00f4le important pour le patient et les soignants, mais l\u2019aidant lui-m\u00eame peut avoir besoin d\u2019aide, de soutien ou de moments de distance.<\/p>\t\t\t\t\t\t\t\t<\/div>\n\t\t\t\t<\/div>\n\t\t\t\t\t<\/div>\n\t\t<\/div>\n\t\t\t\t\t<\/div>\n\t\t<\/section>\n\t\t\t\t<section class=\"elementor-section elementor-top-section elementor-element elementor-element-16b785c elementor-section-boxed elementor-section-height-default elementor-section-height-default\" data-id=\"16b785c\" data-element_type=\"section\">\n\t\t\t\t\t\t<div class=\"elementor-container elementor-column-gap-default\">\n\t\t\t\t\t<div class=\"elementor-column elementor-col-100 elementor-top-column elementor-element elementor-element-c201f6c\" data-id=\"c201f6c\" data-element_type=\"column\">\n\t\t\t<div class=\"elementor-widget-wrap elementor-element-populated\">\n\t\t\t\t\t\t<div class=\"elementor-element elementor-element-33584ce elementor-widget elementor-widget-heading\" data-id=\"33584ce\" data-element_type=\"widget\" data-widget_type=\"heading.default\">\n\t\t\t\t<div class=\"elementor-widget-container\">\n\t\t\t\t\t<h2 class=\"elementor-heading-title elementor-size-default\">Qu\u2019est-ce qu\u2019un aidant ?<\/h2>\t\t\t\t<\/div>\n\t\t\t\t<\/div>\n\t\t\t\t<div class=\"elementor-element elementor-element-2809822 elementor-widget elementor-widget-text-editor\" data-id=\"2809822\" data-element_type=\"widget\" data-widget_type=\"text-editor.default\">\n\t\t\t\t<div class=\"elementor-widget-container\">\n\t\t\t\t\t\t\t\t\t<p>L&rsquo;aidant est la personne qui apporte une aide r\u00e9guli\u00e8re au patient porteur d&rsquo;amylose. Il peut s\u2019agir :<\/p><ul><li>d\u2019un conjoint,<\/li><li>d\u2019un parent,<\/li><li>d\u2019un enfant,<\/li><li>d\u2019un membre de la famille,<\/li><li>ou d\u2019un proche (ami, voisin).<\/li><\/ul><p>Dans le cadre de l\u2019amylose, l\u2019aidant est souvent impliqu\u00e9 tr\u00e8s t\u00f4t, d\u00e8s les premi\u00e8res d\u00e9marches de diagnostic, puis tout au long du suivi m\u00e9dical.<\/p><p>La plupart du temps, <strong>l\u2019aidant n\u2019est pas un professionnel de sant\u00e9<\/strong>. Il agit par lien affectif, par engagement personnel, par amour ou par devoir familial.<\/p>\t\t\t\t\t\t\t\t<\/div>\n\t\t\t\t<\/div>\n\t\t\t\t\t<\/div>\n\t\t<\/div>\n\t\t\t\t\t<\/div>\n\t\t<\/section>\n\t\t\t\t<section class=\"elementor-section elementor-top-section elementor-element elementor-element-16f26af elementor-section-boxed elementor-section-height-default elementor-section-height-default\" data-id=\"16f26af\" data-element_type=\"section\">\n\t\t\t\t\t\t<div class=\"elementor-container elementor-column-gap-default\">\n\t\t\t\t\t<div class=\"elementor-column elementor-col-100 elementor-top-column elementor-element elementor-element-c97a5f3\" data-id=\"c97a5f3\" data-element_type=\"column\">\n\t\t\t<div class=\"elementor-widget-wrap elementor-element-populated\">\n\t\t\t\t\t\t<div class=\"elementor-element elementor-element-9da59e8 elementor-widget elementor-widget-heading\" data-id=\"9da59e8\" data-element_type=\"widget\" data-widget_type=\"heading.default\">\n\t\t\t\t<div class=\"elementor-widget-container\">\n\t\t\t\t\t<h2 class=\"elementor-heading-title elementor-size-default\">Le r\u00f4le de l\u2019aidant au quotidien<\/h2>\t\t\t\t<\/div>\n\t\t\t\t<\/div>\n\t\t\t\t<div class=\"elementor-element elementor-element-639fd46 elementor-widget elementor-widget-text-editor\" data-id=\"639fd46\" data-element_type=\"widget\" data-widget_type=\"text-editor.default\">\n\t\t\t\t<div class=\"elementor-widget-container\">\n\t\t\t\t\t\t\t\t\t<p>Le r\u00f4le de l\u2019aidant est multiple et \u00e9volue avec le temps et l\u2019\u00e9volution de la maladie.<\/p>\t\t\t\t\t\t\t\t<\/div>\n\t\t\t\t<\/div>\n\t\t\t\t\t<\/div>\n\t\t<\/div>\n\t\t\t\t\t<\/div>\n\t\t<\/section>\n\t\t\t\t<section class=\"elementor-section elementor-top-section elementor-element elementor-element-380b8f8 elementor-section-boxed elementor-section-height-default elementor-section-height-default\" data-id=\"380b8f8\" data-element_type=\"section\">\n\t\t\t\t\t\t<div class=\"elementor-container elementor-column-gap-default\">\n\t\t\t\t\t<div class=\"elementor-column elementor-col-50 elementor-top-column elementor-element elementor-element-91310b9\" data-id=\"91310b9\" data-element_type=\"column\">\n\t\t\t<div class=\"elementor-widget-wrap elementor-element-populated\">\n\t\t\t\t\t\t<div class=\"elementor-element elementor-element-904b682 elementor-widget elementor-widget-heading\" data-id=\"904b682\" data-element_type=\"widget\" data-widget_type=\"heading.default\">\n\t\t\t\t<div class=\"elementor-widget-container\">\n\t\t\t\t\t<h3 class=\"elementor-heading-title elementor-size-default\">Un soutien pratique<\/h3>\t\t\t\t<\/div>\n\t\t\t\t<\/div>\n\t\t\t\t<div class=\"elementor-element elementor-element-3b33668 elementor-widget elementor-widget-text-editor\" data-id=\"3b33668\" data-element_type=\"widget\" data-widget_type=\"text-editor.default\">\n\t\t\t\t<div class=\"elementor-widget-container\">\n\t\t\t\t\t\t\t\t\t<p>L\u2019aidant peut aider \u00e0 :<\/p><ul><li>organiser les rendez-vous m\u00e9dicaux,<\/li><li>g\u00e9rer les traitements,<\/li><li>accompagner le patient aux consultations,<\/li><li>coordonner les d\u00e9marches administratives,<\/li><li>faciliter la vie quotidienne (transports, repas, am\u00e9nagement du domicile).<\/li><\/ul>\t\t\t\t\t\t\t\t<\/div>\n\t\t\t\t<\/div>\n\t\t\t\t\t<\/div>\n\t\t<\/div>\n\t\t\t\t<div class=\"elementor-column elementor-col-50 elementor-top-column elementor-element elementor-element-6473beb\" data-id=\"6473beb\" data-element_type=\"column\">\n\t\t\t<div class=\"elementor-widget-wrap elementor-element-populated\">\n\t\t\t\t\t\t<div class=\"elementor-element elementor-element-881afbb elementor-widget elementor-widget-heading\" data-id=\"881afbb\" data-element_type=\"widget\" data-widget_type=\"heading.default\">\n\t\t\t\t<div class=\"elementor-widget-container\">\n\t\t\t\t\t<h3 class=\"elementor-heading-title elementor-size-default\">Un soutien moral et \u00e9motionnel<\/h3>\t\t\t\t<\/div>\n\t\t\t\t<\/div>\n\t\t\t\t<div class=\"elementor-element elementor-element-52059ff elementor-widget elementor-widget-text-editor\" data-id=\"52059ff\" data-element_type=\"widget\" data-widget_type=\"text-editor.default\">\n\t\t\t\t<div class=\"elementor-widget-container\">\n\t\t\t\t\t\t\t\t\t<p>Au-del\u00e0 des aspects pratiques, l\u2019aidant joue un r\u00f4le essentiel de soutien psychologique :<\/p><ul><li>\u00eatre pr\u00e9sent,<\/li><li>\u00e9couter,<\/li><li>rassurer,<\/li><li>aider le patient \u00e0 faire face aux incertitudes et aux inqui\u00e9tudes li\u00e9es \u00e0 la maladie.<\/li><\/ul><p>Cette pr\u00e9sence constante contribue fortement au bien-\u00eatre du patient.<\/p>\t\t\t\t\t\t\t\t<\/div>\n\t\t\t\t<\/div>\n\t\t\t\t\t<\/div>\n\t\t<\/div>\n\t\t\t\t\t<\/div>\n\t\t<\/section>\n\t\t\t\t<section class=\"elementor-section elementor-top-section elementor-element elementor-element-8530106 elementor-section-boxed elementor-section-height-default elementor-section-height-default\" data-id=\"8530106\" data-element_type=\"section\">\n\t\t\t\t\t\t<div class=\"elementor-container elementor-column-gap-default\">\n\t\t\t\t\t<div class=\"elementor-column elementor-col-100 elementor-top-column elementor-element elementor-element-09c92cf\" data-id=\"09c92cf\" data-element_type=\"column\">\n\t\t\t<div class=\"elementor-widget-wrap elementor-element-populated\">\n\t\t\t\t\t\t<div class=\"elementor-element elementor-element-5348bbc elementor-widget elementor-widget-heading\" data-id=\"5348bbc\" data-element_type=\"widget\" data-widget_type=\"heading.default\">\n\t\t\t\t<div class=\"elementor-widget-container\">\n\t\t\t\t\t<h2 class=\"elementor-heading-title elementor-size-default\">La place de l\u2019aidant dans la famille<\/h2>\t\t\t\t<\/div>\n\t\t\t\t<\/div>\n\t\t\t\t<div class=\"elementor-element elementor-element-e172df2 elementor-widget elementor-widget-text-editor\" data-id=\"e172df2\" data-element_type=\"widget\" data-widget_type=\"text-editor.default\">\n\t\t\t\t<div class=\"elementor-widget-container\">\n\t\t\t\t\t\t\t\t\t<p>\u00catre aidant modifie souvent les \u00e9quilibres familiaux. La relation entre le patient et l\u2019aidant peut \u00e9voluer, parfois de mani\u00e8re intense :<\/p><ul><li>changement des r\u00f4les au sein du couple ou de la famille,<\/li><li>responsabilit\u00e9s accrues,<\/li><li>sentiment de devoir \u00ab tenir \u00bb pour les autres.<\/li><\/ul><p>L\u2019aidant peut se retrouver au c\u0153ur de d\u00e9cisions importantes, tout en devant concilier ce r\u00f4le avec sa vie personnelle, professionnelle et familiale.<\/p>\t\t\t\t\t\t\t\t<\/div>\n\t\t\t\t<\/div>\n\t\t\t\t\t<\/div>\n\t\t<\/div>\n\t\t\t\t\t<\/div>\n\t\t<\/section>\n\t\t\t\t<section class=\"elementor-section elementor-top-section elementor-element elementor-element-b330437 elementor-section-boxed elementor-section-height-default elementor-section-height-default\" data-id=\"b330437\" data-element_type=\"section\">\n\t\t\t\t\t\t<div class=\"elementor-container elementor-column-gap-default\">\n\t\t\t\t\t<div class=\"elementor-column elementor-col-100 elementor-top-column elementor-element elementor-element-8edbf6a\" data-id=\"8edbf6a\" data-element_type=\"column\">\n\t\t\t<div class=\"elementor-widget-wrap elementor-element-populated\">\n\t\t\t\t\t\t<div class=\"elementor-element elementor-element-909b355 elementor-widget elementor-widget-heading\" data-id=\"909b355\" data-element_type=\"widget\" data-widget_type=\"heading.default\">\n\t\t\t\t<div class=\"elementor-widget-container\">\n\t\t\t\t\t<h2 class=\"elementor-heading-title elementor-size-default\">Un partenaire essentiel pour les soignants<\/h2>\t\t\t\t<\/div>\n\t\t\t\t<\/div>\n\t\t\t\t<div class=\"elementor-element elementor-element-bb32674 elementor-widget elementor-widget-text-editor\" data-id=\"bb32674\" data-element_type=\"widget\" data-widget_type=\"text-editor.default\">\n\t\t\t\t<div class=\"elementor-widget-container\">\n\t\t\t\t\t\t\t\t\t<p>Pour les \u00e9quipes m\u00e9dicales, l\u2019aidant est un <strong>interlocuteur cl\u00e9<\/strong>. Il peut :<\/p><ul><li>transmettre des informations pr\u00e9cieuses sur l\u2019\u00e9tat du patient,<\/li><li>rep\u00e9rer des sympt\u00f4mes ou des changements,<\/li><li>aider \u00e0 l\u2019observance des traitements,<\/li><li>faciliter la compr\u00e9hension des recommandations m\u00e9dicales.<\/li><\/ul><p>Lorsque le patient le souhaite, l\u2019aidant devient un v\u00e9ritable <strong>partenaire de soin<\/strong>, contribuant \u00e0 une prise en charge plus globale et plus adapt\u00e9e.<\/p><p>La pr\u00e9sence d\u2019un aidant permet souvent une meilleure continuit\u00e9 des soins, une anticipation des difficult\u00e9s, un maintien \u00e0 domicile plus serein, un sentiment de s\u00e9curit\u00e9 pour le patient.<\/p><p>Elle favorise \u00e9galement le dialogue entre le patient, les soignants et la famille.<\/p>\t\t\t\t\t\t\t\t<\/div>\n\t\t\t\t<\/div>\n\t\t\t\t\t<\/div>\n\t\t<\/div>\n\t\t\t\t\t<\/div>\n\t\t<\/section>\n\t\t\t\t<section class=\"elementor-section elementor-top-section elementor-element elementor-element-2ab3d2f elementor-section-boxed elementor-section-height-default elementor-section-height-default\" data-id=\"2ab3d2f\" data-element_type=\"section\">\n\t\t\t\t\t\t<div class=\"elementor-container elementor-column-gap-default\">\n\t\t\t\t\t<div class=\"elementor-column elementor-col-100 elementor-top-column elementor-element elementor-element-9af79b0\" data-id=\"9af79b0\" data-element_type=\"column\">\n\t\t\t<div class=\"elementor-widget-wrap elementor-element-populated\">\n\t\t\t\t\t\t<div class=\"elementor-element elementor-element-bc42901 elementor-widget elementor-widget-heading\" data-id=\"bc42901\" data-element_type=\"widget\" data-widget_type=\"heading.default\">\n\t\t\t\t<div class=\"elementor-widget-container\">\n\t\t\t\t\t<h2 class=\"elementor-heading-title elementor-size-default\">Quand l\u2019aidant a aussi besoin d\u2019aide<\/h2>\t\t\t\t<\/div>\n\t\t\t\t<\/div>\n\t\t\t\t<div class=\"elementor-element elementor-element-bfc7493 elementor-widget elementor-widget-text-editor\" data-id=\"bfc7493\" data-element_type=\"widget\" data-widget_type=\"text-editor.default\">\n\t\t\t\t<div class=\"elementor-widget-container\">\n\t\t\t\t\t\t\t\t\t<p>\u00catre aidant peut \u00eatre source de fatigue physique, \u00e9motionnelle et mentale. Il est fr\u00e9quent que l\u2019aidant :<\/p><ul><li>s\u2019oublie,<\/li><li>minimise ses propres besoins,<\/li><li>ressente de l\u2019\u00e9puisement ou un sentiment d\u2019isolement.<\/li><\/ul><p>Reconna\u00eetre ses limites n\u2019est pas un \u00e9chec. <strong>Prendre de la distance, demander de l\u2019aide ou du relais<\/strong> peut \u00eatre n\u00e9cessaire pour continuer \u00e0 accompagner son proche dans de bonnes conditions.<\/p>\t\t\t\t\t\t\t\t<\/div>\n\t\t\t\t<\/div>\n\t\t\t\t<div class=\"elementor-element elementor-element-57803a8 elementor-align-center elementor-widget elementor-widget-button\" data-id=\"57803a8\" data-element_type=\"widget\" data-widget_type=\"button.default\">\n\t\t\t\t<div class=\"elementor-widget-container\">\n\t\t\t\t\t\t\t\t\t<div class=\"elementor-button-wrapper\">\n\t\t\t\t\t<a class=\"elementor-button elementor-button-link elementor-size-sm\" href=\"https:\/\/reseau-amylose.org\/jesuispatient\/patients-sejours-de-repit\/\" target=\"_blank\">\n\t\t\t\t\t\t<span class=\"elementor-button-content-wrapper\">\n\t\t\t\t\t\t\t\t\t<span class=\"elementor-button-text\">Tout savoir sur les s\u00e9jours de r\u00e9pit<\/span>\n\t\t\t\t\t<\/span>\n\t\t\t\t\t<\/a>\n\t\t\t\t<\/div>\n\t\t\t\t\t\t\t\t<\/div>\n\t\t\t\t<\/div>\n\t\t\t\t<div class=\"elementor-element elementor-element-6d232a1 elementor-widget elementor-widget-text-editor\" data-id=\"6d232a1\" data-element_type=\"widget\" data-widget_type=\"text-editor.default\">\n\t\t\t\t<div class=\"elementor-widget-container\">\n\t\t\t\t\t\t\t\t\t<p>\u00catre aidant, c\u2019est occuper une place essentielle aupr\u00e8s d\u2019un proche atteint d\u2019amylose. Ce r\u00f4le, souvent invisible, est pourtant fondamental pour le patient comme pour les soignants. Reconna\u00eetre l\u2019importance de l\u2019aidant, c\u2019est aussi reconna\u00eetre son droit \u00e0 \u00eatre soutenu, \u00e9cout\u00e9 et accompagn\u00e9.<\/p><p>Au sein du R\u00e9seau Amylose, l\u2019aidant est consid\u00e9r\u00e9 comme un acteur \u00e0 part enti\u00e8re du parcours de soins, dont le bien-\u00eatre est indissociable de celui du patient<\/p>\t\t\t\t\t\t\t\t<\/div>\n\t\t\t\t<\/div>\n\t\t\t\t\t<\/div>\n\t\t<\/div>\n\t\t\t\t\t<\/div>\n\t\t<\/section>\n\t\t\t\t<\/div>\n\t\t","protected":false},"excerpt":{"rendered":"<p>Qu\u2019est-ce qu\u2019\u00eatre aidant ? Comprendre le r\u00f4le essentiel de l\u2019aidant aupr\u00e8s d\u2019un proche atteint d\u2019amylose Lorsqu\u2019une personne est atteinte d\u2019amylose, la maladie impacte bien plus que sa seule sant\u00e9. Elle transforme aussi le quotidien de ses proches. Parmi eux, une personne occupe souvent une place centrale : l\u2019aidant. \u00catre aidant, c\u2019est accompagner, soutenir, organiser, rassurer\u2026 [&hellip;]<\/p>\n","protected":false},"author":2,"featured_media":0,"parent":0,"menu_order":0,"comment_status":"closed","ping_status":"closed","template":"","meta":{"_monsterinsights_skip_tracking":false,"_monsterinsights_sitenote_active":false,"_monsterinsights_sitenote_note":"","_monsterinsights_sitenote_category":0,"footnotes":""},"categories":[],"tags":[],"class_list":["post-4361","page","type-page","status-publish","hentry"],"yoast_head":"<!-- This site is optimized with the Yoast SEO plugin v25.5 - https:\/\/yoast.com\/wordpress\/plugins\/seo\/ -->\n<title>Qu\u2019est-ce qu\u2019\u00eatre aidant ? - R\u00e9seau Amylose Site Patient<\/title>\n<meta name=\"description\" content=\"\u00catre aidant, c\u2019est accompagner un proche atteint d\u2019amylose au quotidien. D\u00e9couvrez le r\u00f4le du proche aidant\" \/>\n<meta name=\"robots\" content=\"index, follow, max-snippet:-1, max-image-preview:large, max-video-preview:-1\" \/>\n<link rel=\"canonical\" href=\"http:\/\/reseau-amylose.org\/jesuispatient\/patients-etre-aidant\/\" \/>\n<meta property=\"og:locale\" content=\"fr_FR\" \/>\n<meta property=\"og:type\" content=\"article\" \/>\n<meta property=\"og:title\" content=\"Qu\u2019est-ce qu\u2019\u00eatre aidant ? - R\u00e9seau Amylose Site Patient\" \/>\n<meta property=\"og:description\" content=\"\u00catre aidant, c\u2019est accompagner un proche atteint d\u2019amylose au quotidien. D\u00e9couvrez le r\u00f4le du proche aidant\" \/>\n<meta property=\"og:url\" content=\"http:\/\/reseau-amylose.org\/jesuispatient\/patients-etre-aidant\/\" \/>\n<meta property=\"og:site_name\" content=\"R\u00e9seau Amylose Site Patient\" \/>\n<meta property=\"article:modified_time\" content=\"2026-01-23T15:37:39+00:00\" \/>\n<meta name=\"twitter:card\" content=\"summary_large_image\" \/>\n<meta name=\"twitter:label1\" content=\"Dur\u00e9e de lecture estim\u00e9e\" \/>\n\t<meta name=\"twitter:data1\" content=\"3 minutes\" \/>\n<script type=\"application\/ld+json\" class=\"yoast-schema-graph\">{\"@context\":\"https:\/\/schema.org\",\"@graph\":[{\"@type\":\"WebPage\",\"@id\":\"http:\/\/reseau-amylose.org\/jesuispatient\/patients-etre-aidant\/\",\"url\":\"http:\/\/reseau-amylose.org\/jesuispatient\/patients-etre-aidant\/\",\"name\":\"Qu\u2019est-ce qu\u2019\u00eatre aidant ? - R\u00e9seau Amylose Site Patient\",\"isPartOf\":{\"@id\":\"https:\/\/reseau-amylose.org\/jesuispatient\/#website\"},\"datePublished\":\"2026-01-23T13:26:33+00:00\",\"dateModified\":\"2026-01-23T15:37:39+00:00\",\"description\":\"\u00catre aidant, c\u2019est accompagner un proche atteint d\u2019amylose au quotidien. D\u00e9couvrez le r\u00f4le du proche aidant\",\"breadcrumb\":{\"@id\":\"http:\/\/reseau-amylose.org\/jesuispatient\/patients-etre-aidant\/#breadcrumb\"},\"inLanguage\":\"fr-FR\",\"potentialAction\":[{\"@type\":\"ReadAction\",\"target\":[\"http:\/\/reseau-amylose.org\/jesuispatient\/patients-etre-aidant\/\"]}]},{\"@type\":\"BreadcrumbList\",\"@id\":\"http:\/\/reseau-amylose.org\/jesuispatient\/patients-etre-aidant\/#breadcrumb\",\"itemListElement\":[{\"@type\":\"ListItem\",\"position\":1,\"name\":\"Accueil\",\"item\":\"https:\/\/reseau-amylose.org\/jesuispatient\/\"},{\"@type\":\"ListItem\",\"position\":2,\"name\":\"Qu\u2019est-ce qu\u2019\u00eatre aidant ?\"}]},{\"@type\":\"WebSite\",\"@id\":\"https:\/\/reseau-amylose.org\/jesuispatient\/#website\",\"url\":\"https:\/\/reseau-amylose.org\/jesuispatient\/\",\"name\":\"R\u00e9seau Amylose Site Patient\",\"description\":\"Centre de r\u00e9f\u00e9rence des amyloses cardiaques\",\"potentialAction\":[{\"@type\":\"SearchAction\",\"target\":{\"@type\":\"EntryPoint\",\"urlTemplate\":\"https:\/\/reseau-amylose.org\/jesuispatient\/?s={search_term_string}\"},\"query-input\":{\"@type\":\"PropertyValueSpecification\",\"valueRequired\":true,\"valueName\":\"search_term_string\"}}],\"inLanguage\":\"fr-FR\"}]}<\/script>\n<!-- \/ Yoast SEO plugin. -->","yoast_head_json":{"title":"Qu\u2019est-ce qu\u2019\u00eatre aidant ? - R\u00e9seau Amylose Site Patient","description":"\u00catre aidant, c\u2019est accompagner un proche atteint d\u2019amylose au quotidien. D\u00e9couvrez le r\u00f4le du proche aidant","robots":{"index":"index","follow":"follow","max-snippet":"max-snippet:-1","max-image-preview":"max-image-preview:large","max-video-preview":"max-video-preview:-1"},"canonical":"http:\/\/reseau-amylose.org\/jesuispatient\/patients-etre-aidant\/","og_locale":"fr_FR","og_type":"article","og_title":"Qu\u2019est-ce qu\u2019\u00eatre aidant ? - R\u00e9seau Amylose Site Patient","og_description":"\u00catre aidant, c\u2019est accompagner un proche atteint d\u2019amylose au quotidien. D\u00e9couvrez le r\u00f4le du proche aidant","og_url":"http:\/\/reseau-amylose.org\/jesuispatient\/patients-etre-aidant\/","og_site_name":"R\u00e9seau Amylose Site Patient","article_modified_time":"2026-01-23T15:37:39+00:00","twitter_card":"summary_large_image","twitter_misc":{"Dur\u00e9e de lecture estim\u00e9e":"3 minutes"},"schema":{"@context":"https:\/\/schema.org","@graph":[{"@type":"WebPage","@id":"http:\/\/reseau-amylose.org\/jesuispatient\/patients-etre-aidant\/","url":"http:\/\/reseau-amylose.org\/jesuispatient\/patients-etre-aidant\/","name":"Qu\u2019est-ce qu\u2019\u00eatre aidant ? - R\u00e9seau Amylose Site Patient","isPartOf":{"@id":"https:\/\/reseau-amylose.org\/jesuispatient\/#website"},"datePublished":"2026-01-23T13:26:33+00:00","dateModified":"2026-01-23T15:37:39+00:00","description":"\u00catre aidant, c\u2019est accompagner un proche atteint d\u2019amylose au quotidien. D\u00e9couvrez le r\u00f4le du proche aidant","breadcrumb":{"@id":"http:\/\/reseau-amylose.org\/jesuispatient\/patients-etre-aidant\/#breadcrumb"},"inLanguage":"fr-FR","potentialAction":[{"@type":"ReadAction","target":["http:\/\/reseau-amylose.org\/jesuispatient\/patients-etre-aidant\/"]}]},{"@type":"BreadcrumbList","@id":"http:\/\/reseau-amylose.org\/jesuispatient\/patients-etre-aidant\/#breadcrumb","itemListElement":[{"@type":"ListItem","position":1,"name":"Accueil","item":"https:\/\/reseau-amylose.org\/jesuispatient\/"},{"@type":"ListItem","position":2,"name":"Qu\u2019est-ce qu\u2019\u00eatre aidant ?"}]},{"@type":"WebSite","@id":"https:\/\/reseau-amylose.org\/jesuispatient\/#website","url":"https:\/\/reseau-amylose.org\/jesuispatient\/","name":"R\u00e9seau Amylose Site Patient","description":"Centre de r\u00e9f\u00e9rence des amyloses cardiaques","potentialAction":[{"@type":"SearchAction","target":{"@type":"EntryPoint","urlTemplate":"https:\/\/reseau-amylose.org\/jesuispatient\/?s={search_term_string}"},"query-input":{"@type":"PropertyValueSpecification","valueRequired":true,"valueName":"search_term_string"}}],"inLanguage":"fr-FR"}]}},"_links":{"self":[{"href":"https:\/\/reseau-amylose.org\/jesuispatient\/wp-json\/wp\/v2\/pages\/4361","targetHints":{"allow":["GET"]}}],"collection":[{"href":"https:\/\/reseau-amylose.org\/jesuispatient\/wp-json\/wp\/v2\/pages"}],"about":[{"href":"https:\/\/reseau-amylose.org\/jesuispatient\/wp-json\/wp\/v2\/types\/page"}],"author":[{"embeddable":true,"href":"https:\/\/reseau-amylose.org\/jesuispatient\/wp-json\/wp\/v2\/users\/2"}],"replies":[{"embeddable":true,"href":"https:\/\/reseau-amylose.org\/jesuispatient\/wp-json\/wp\/v2\/comments?post=4361"}],"version-history":[{"count":16,"href":"https:\/\/reseau-amylose.org\/jesuispatient\/wp-json\/wp\/v2\/pages\/4361\/revisions"}],"predecessor-version":[{"id":4390,"href":"https:\/\/reseau-amylose.org\/jesuispatient\/wp-json\/wp\/v2\/pages\/4361\/revisions\/4390"}],"wp:attachment":[{"href":"https:\/\/reseau-amylose.org\/jesuispatient\/wp-json\/wp\/v2\/media?parent=4361"}],"wp:term":[{"taxonomy":"category","embeddable":true,"href":"https:\/\/reseau-amylose.org\/jesuispatient\/wp-json\/wp\/v2\/categories?post=4361"},{"taxonomy":"post_tag","embeddable":true,"href":"https:\/\/reseau-amylose.org\/jesuispatient\/wp-json\/wp\/v2\/tags?post=4361"}],"curies":[{"name":"wp","href":"https:\/\/api.w.org\/{rel}","templated":true}]}}