{"id":3740,"date":"2022-09-15T11:38:58","date_gmt":"2022-09-15T09:38:58","guid":{"rendered":"https:\/\/reseau-amylose.org\/jesuispatient\/?page_id=3740"},"modified":"2025-02-07T10:22:24","modified_gmt":"2025-02-07T09:22:24","slug":"temoignages","status":"publish","type":"page","link":"https:\/\/reseau-amylose.org\/jesuispatient\/temoignages\/","title":{"rendered":"T\u00e9moignages"},"content":{"rendered":"\t\t<div data-elementor-type=\"wp-page\" data-elementor-id=\"3740\" class=\"elementor elementor-3740\" data-elementor-post-type=\"page\">\n\t\t\t\t\t\t<section class=\"elementor-section elementor-top-section elementor-element elementor-element-e31b318 elementor-section-boxed elementor-section-height-default elementor-section-height-default\" data-id=\"e31b318\" data-element_type=\"section\" data-settings=\"{&quot;background_background&quot;:&quot;classic&quot;}\">\n\t\t\t\t\t\t<div class=\"elementor-container elementor-column-gap-default\">\n\t\t\t\t\t<div class=\"elementor-column elementor-col-100 elementor-top-column elementor-element elementor-element-71bd378\" data-id=\"71bd378\" data-element_type=\"column\">\n\t\t\t<div class=\"elementor-widget-wrap elementor-element-populated\">\n\t\t\t\t\t\t<div class=\"elementor-element elementor-element-929d68a elementor-widget elementor-widget-heading\" data-id=\"929d68a\" data-element_type=\"widget\" data-widget_type=\"heading.default\">\n\t\t\t\t<div class=\"elementor-widget-container\">\n\t\t\t\t\t<h2 class=\"elementor-heading-title elementor-size-default\">T\u00e9moignages<\/h2>\t\t\t\t<\/div>\n\t\t\t\t<\/div>\n\t\t\t\t<div class=\"elementor-element elementor-element-45e442c8 elementor-widget-divider--view-line elementor-widget elementor-widget-divider\" data-id=\"45e442c8\" data-element_type=\"widget\" data-widget_type=\"divider.default\">\n\t\t\t\t<div class=\"elementor-widget-container\">\n\t\t\t\t\t\t\t<div class=\"elementor-divider\">\n\t\t\t<span class=\"elementor-divider-separator\">\n\t\t\t\t\t\t<\/span>\n\t\t<\/div>\n\t\t\t\t\t\t<\/div>\n\t\t\t\t<\/div>\n\t\t\t\t<div class=\"elementor-element elementor-element-19c31dcc elementor-widget elementor-widget-heading\" data-id=\"19c31dcc\" data-element_type=\"widget\" data-widget_type=\"heading.default\">\n\t\t\t\t<div class=\"elementor-widget-container\">\n\t\t\t\t\t<h4 class=\"elementor-heading-title elementor-size-default\"><h2 class=\"elementor-heading-title elementor-size-large elementor-inline-editing pen\" data-elementor-setting-key=\"title\" data-pen-placeholder=\"\u00c9crivez ici...\">T\u00e9moignages de patients<\/h2><\/h4>\t\t\t\t<\/div>\n\t\t\t\t<\/div>\n\t\t\t\t\t<\/div>\n\t\t<\/div>\n\t\t\t\t\t<\/div>\n\t\t<\/section>\n\t\t\t\t<section class=\"elementor-section elementor-top-section elementor-element elementor-element-d8558a6 elementor-section-boxed elementor-section-height-default elementor-section-height-default\" data-id=\"d8558a6\" data-element_type=\"section\">\n\t\t\t\t\t\t<div class=\"elementor-container elementor-column-gap-default\">\n\t\t\t\t\t<div class=\"elementor-column elementor-col-100 elementor-top-column elementor-element elementor-element-37bd710\" data-id=\"37bd710\" data-element_type=\"column\">\n\t\t\t<div class=\"elementor-widget-wrap elementor-element-populated\">\n\t\t\t\t\t\t<div class=\"elementor-element elementor-element-7760782 elementor-widget elementor-widget-heading\" data-id=\"7760782\" data-element_type=\"widget\" data-widget_type=\"heading.default\">\n\t\t\t\t<div class=\"elementor-widget-container\">\n\t\t\t\t\t<h2 class=\"elementor-heading-title elementor-size-default\">T\u00e9moignage des bienfaits sur ma vie de la pose du pacemaker pour insuffisance chronotrope<\/h2>\t\t\t\t<\/div>\n\t\t\t\t<\/div>\n\t\t\t\t<div class=\"elementor-element elementor-element-8d1c088 elementor-widget elementor-widget-text-editor\" data-id=\"8d1c088\" data-element_type=\"widget\" data-widget_type=\"text-editor.default\">\n\t\t\t\t<div class=\"elementor-widget-container\">\n\t\t\t\t\t\t\t\t\t<div><em>Je suis une patiente de 55 ans atteinte d\u2019une amylose cardiaque \u00e0 transthyr\u00e9tine (TTR) avec insuffisance chronotrope, diagnostiqu\u00e9e il y a bient\u00f4t cinq ans.<\/em><br \/><em>J\u2019ai b\u00e9n\u00e9fici\u00e9 de la pose d\u2019un pacemaker il y a six mois et j\u2019aimerais vous faire part de l\u2019am\u00e9lioration significative de ma qualit\u00e9 de vie qui en r\u00e9sulte.<\/em><\/div><p><em>Sur le plan professionnel, j\u2019ai repris mon activit\u00e9 \u00e0 90 %, alors que la maladie m\u2019avait progressivement contrainte \u00e0 la r\u00e9duire de 25 %.<\/em><\/p><p><em>Avec la fatigue, la dur\u00e9e moyenne de mes nuits de sommeil \u00e9tait de 11 heures, contre 9 heures actuellement.<\/em><br \/><em>\u00c0 ces longues nuits s\u2019ajoutaient des siestes d\u2019environ 2 heures, trois fois par semaine. Aujourd\u2019hui, le besoin de faire la sieste a compl\u00e8tement disparu.<\/em><\/p><p><em>Au quotidien, je peux monter un \u00e9tage sans m\u2019arr\u00eater, m\u00eame avec une petite charge d\u2019environ 3 kg, alors qu\u2019auparavant, je devais faire une \u00e0 deux pauses, m\u00eame \u00e0 vide, avant la mise en place de la proth\u00e8se cardiaque.<\/em><br \/><em>Je me l\u00e8ve d\u00e9sormais d\u2019une chaise normalement, sans difficult\u00e9.<\/em><br \/><em>Je ne suis plus essouffl\u00e9e lors des t\u00e2ches quotidiennes et mon p\u00e9rim\u00e8tre de marche s\u2019est consid\u00e9rablement agrandi.<\/em><\/p><p><em>J\u2019ai repris une activit\u00e9 sportive avec plaisir, \u00e0 raison de 4 heures par semaine (marche, renforcement musculaire, yoga, natation).<\/em><\/p><p><em>Sur le plan cognitif, je ne perds plus mes mots et je peux \u00e0 nouveau organiser et classer, ce qui \u00e9tait devenu tr\u00e8s difficile.<\/em><br \/><em>Je peux \u00e9galement \u00e9largir ma vie sociale et reprendre des activit\u00e9s culturelles et cr\u00e9atives.<\/em><\/p><p><em>Aujourd\u2019hui, parce que je me sens mieux et que je retrouve l\u2019envie, je prends conscience de tout ce que je n\u2019arrivais plus \u00e0 faire avant l\u2019intervention.<\/em><\/p><p><em>Je terminerai par une anecdote que je trouve pertinente (!) : il m\u2019arrive encore fr\u00e9quemment de penser, avec frayeur, avoir oubli\u00e9 mon sac \u00e0 main\u2026 simplement parce que je ne le sens plus sur mon \u00e9paule ! Avant, je le portais comme un fardeau.<\/em><\/p>\t\t\t\t\t\t\t\t<\/div>\n\t\t\t\t<\/div>\n\t\t\t\t\t<\/div>\n\t\t<\/div>\n\t\t\t\t\t<\/div>\n\t\t<\/section>\n\t\t\t\t<section class=\"elementor-section elementor-top-section elementor-element elementor-element-ce398ad elementor-section-boxed elementor-section-height-default elementor-section-height-default\" data-id=\"ce398ad\" data-element_type=\"section\">\n\t\t\t\t\t\t<div class=\"elementor-container elementor-column-gap-default\">\n\t\t\t\t\t<div class=\"elementor-column elementor-col-50 elementor-top-column elementor-element elementor-element-7c14926\" data-id=\"7c14926\" data-element_type=\"column\">\n\t\t\t<div class=\"elementor-widget-wrap elementor-element-populated\">\n\t\t\t\t\t\t<div class=\"elementor-element elementor-element-7f08324 elementor-widget elementor-widget-heading\" data-id=\"7f08324\" data-element_type=\"widget\" data-widget_type=\"heading.default\">\n\t\t\t\t<div class=\"elementor-widget-container\">\n\t\t\t\t\t<h4 class=\"elementor-heading-title elementor-size-default\">\nT\u00e9moignage - Amylose ATTR H\u00e9r\u00e9ditaire\n    <\/h4>\t\t\t\t<\/div>\n\t\t\t\t<\/div>\n\t\t\t\t<div class=\"elementor-element elementor-element-e142548 elementor-widget elementor-widget-video\" data-id=\"e142548\" data-element_type=\"widget\" data-settings=\"{&quot;youtube_url&quot;:&quot;https:\\\/\\\/www.youtube.com\\\/watch?v=V7R1cZbQhDk&quot;,&quot;video_type&quot;:&quot;youtube&quot;,&quot;controls&quot;:&quot;yes&quot;}\" data-widget_type=\"video.default\">\n\t\t\t\t<div class=\"elementor-widget-container\">\n\t\t\t\t\t\t\t<div class=\"elementor-wrapper elementor-open-inline\">\n\t\t\t<div class=\"elementor-video\"><\/div>\t\t<\/div>\n\t\t\t\t\t\t<\/div>\n\t\t\t\t<\/div>\n\t\t\t\t\t<\/div>\n\t\t<\/div>\n\t\t\t\t<div class=\"elementor-column elementor-col-50 elementor-top-column elementor-element elementor-element-0907ac7\" data-id=\"0907ac7\" data-element_type=\"column\">\n\t\t\t<div class=\"elementor-widget-wrap elementor-element-populated\">\n\t\t\t\t\t\t<div class=\"elementor-element elementor-element-fadb56d elementor-widget elementor-widget-heading\" data-id=\"fadb56d\" data-element_type=\"widget\" data-widget_type=\"heading.default\">\n\t\t\t\t<div class=\"elementor-widget-container\">\n\t\t\t\t\t<h4 class=\"elementor-heading-title elementor-size-default\">T\u00e9moignages - Amylose ATTR Cardiaque sauvage, h\u00e9r\u00e9ditaire<\/h4>\t\t\t\t<\/div>\n\t\t\t\t<\/div>\n\t\t\t\t<div class=\"elementor-element elementor-element-db13d6f elementor-widget elementor-widget-video\" data-id=\"db13d6f\" data-element_type=\"widget\" data-settings=\"{&quot;youtube_url&quot;:&quot;https:\\\/\\\/www.youtube.com\\\/watch?v=tq3SBMOMpLM&amp;list=PLgcbJqP0xnzhhcAX9ma6FsYiUNlXfjcpm&amp;index=19&quot;,&quot;video_type&quot;:&quot;youtube&quot;,&quot;controls&quot;:&quot;yes&quot;}\" data-widget_type=\"video.default\">\n\t\t\t\t<div class=\"elementor-widget-container\">\n\t\t\t\t\t\t\t<div class=\"elementor-wrapper elementor-open-inline\">\n\t\t\t<div class=\"elementor-video\"><\/div>\t\t<\/div>\n\t\t\t\t\t\t<\/div>\n\t\t\t\t<\/div>\n\t\t\t\t\t<\/div>\n\t\t<\/div>\n\t\t\t\t\t<\/div>\n\t\t<\/section>\n\t\t\t\t<section class=\"elementor-section elementor-top-section elementor-element elementor-element-cddda1d elementor-section-boxed elementor-section-height-default elementor-section-height-default\" data-id=\"cddda1d\" data-element_type=\"section\">\n\t\t\t\t\t\t<div class=\"elementor-container elementor-column-gap-default\">\n\t\t\t\t\t<div class=\"elementor-column elementor-col-50 elementor-top-column elementor-element elementor-element-5600c4b\" data-id=\"5600c4b\" data-element_type=\"column\">\n\t\t\t<div class=\"elementor-widget-wrap elementor-element-populated\">\n\t\t\t\t\t\t<div class=\"elementor-element elementor-element-a830fd2 elementor-widget elementor-widget-heading\" data-id=\"a830fd2\" data-element_type=\"widget\" data-widget_type=\"heading.default\">\n\t\t\t\t<div class=\"elementor-widget-container\">\n\t\t\t\t\t<h4 class=\"elementor-heading-title elementor-size-default\">T\u00e9moignage - Amylose AA<\/h4>\t\t\t\t<\/div>\n\t\t\t\t<\/div>\n\t\t\t\t<div class=\"elementor-element elementor-element-7a56eb5 elementor-widget elementor-widget-video\" data-id=\"7a56eb5\" data-element_type=\"widget\" data-settings=\"{&quot;youtube_url&quot;:&quot;https:\\\/\\\/www.youtube.com\\\/watch?v=Jmaf1JBk15c&amp;list=PLgcbJqP0xnzhhcAX9ma6FsYiUNlXfjcpm&amp;index=21&quot;,&quot;video_type&quot;:&quot;youtube&quot;,&quot;controls&quot;:&quot;yes&quot;}\" data-widget_type=\"video.default\">\n\t\t\t\t<div class=\"elementor-widget-container\">\n\t\t\t\t\t\t\t<div class=\"elementor-wrapper elementor-open-inline\">\n\t\t\t<div class=\"elementor-video\"><\/div>\t\t<\/div>\n\t\t\t\t\t\t<\/div>\n\t\t\t\t<\/div>\n\t\t\t\t\t<\/div>\n\t\t<\/div>\n\t\t\t\t<div class=\"elementor-column elementor-col-50 elementor-top-column elementor-element elementor-element-1ca7e24\" data-id=\"1ca7e24\" data-element_type=\"column\">\n\t\t\t<div class=\"elementor-widget-wrap\">\n\t\t\t\t\t\t\t<\/div>\n\t\t<\/div>\n\t\t\t\t\t<\/div>\n\t\t<\/section>\n\t\t\t\t<section class=\"elementor-section elementor-top-section elementor-element elementor-element-c856de7 elementor-section-boxed elementor-section-height-default elementor-section-height-default\" data-id=\"c856de7\" data-element_type=\"section\">\n\t\t\t\t\t\t<div class=\"elementor-container elementor-column-gap-default\">\n\t\t\t\t\t<div class=\"elementor-column elementor-col-100 elementor-top-column elementor-element elementor-element-8a07407\" data-id=\"8a07407\" data-element_type=\"column\">\n\t\t\t<div class=\"elementor-widget-wrap elementor-element-populated\">\n\t\t\t\t\t\t<div class=\"elementor-element elementor-element-bb85573 elementor-widget elementor-widget-text-editor\" data-id=\"bb85573\" data-element_type=\"widget\" data-widget_type=\"text-editor.default\">\n\t\t\t\t<div class=\"elementor-widget-container\">\n\t\t\t\t\t\t\t\t\t<p style=\"font-weight: 400\"><strong><span style=\"color: #000000\">L&rsquo;amylose cardiaque transthyr\u00e9tine h\u00e9r\u00e9ditaire : Une histoire de famille!<\/span><\/strong><\/p><p><em>\u00ab\u00a0Je viens par le pr\u00e9sent courrier t\u00e9moigner sur la prise en charge et l\u2019accompagnement dont j\u2019ai b\u00e9n\u00e9fici\u00e9 dans le cadre du d\u00e9pistage de l\u2019amylose cardiaque. Mon p\u00e8re \u00e9tant accompagn\u00e9 dans ces soins pour l\u2019amylose par le service XX J\u2019ai pu suivre la totale d\u00e9gradation de l\u2019\u00e9tat de sant\u00e9 de mon p\u00e8re et constater la violence de cette maladie sur le corps de mon p\u00e8re. J\u2019ai particuli\u00e8rement \u00e9t\u00e9 marqu\u00e9 par cette maladie qui m\u2019a apport\u00e9 de grandes peurs. Mon p\u00e8re a eu une grande difficult\u00e9 \u00e0 vivre avec cette maladie qui le rongeait dans les d\u00e9placements, l\u2019alimentation et toutes les activit\u00e9s quotidiennes. J\u2019ai constat\u00e9 tardivement un abandon de son suivi de soin pour des raisons qui lui \u00e9taient personnelles. Gr\u00e2ce \u00e0 un rendez-vous en juillet 2019 organis\u00e9 par le Docteur XX\u00a0 pour mon P\u00e8re, mon fr\u00e8re et moi, j\u2019ai pu comprendre la situation sur la maladie et la rigueur indispensable d\u2019un suivi r\u00e9gulier dans le cadre du protocole de soin.<\/em><\/p><p><em>Dans le cadre du d\u00e9pistage de cette maladie g\u00e9n\u00e9tique mon fr\u00e8re et moi avons souhait\u00e9 r\u00e9aliser un conseil g\u00e9n\u00e9tique et r\u00e9aliser le test g\u00e9n\u00e9tique pour conna\u00eetre notre statut. Nous avons rencontr\u00e9 la conseill\u00e8re g\u00e9n\u00e9tique, la psychologue et le Pr X.<\/em><\/p><p><em>Quelques mois apr\u00e8s la r\u00e9alisation de la prise de sang, ce premier d\u00e9pistage, le professeur X m\u2019a re\u00e7u personnellement et m&rsquo;a annonc\u00e9 que j&rsquo;\u00e9tais porteur de l&rsquo;anomalie g\u00e9n\u00e9tique\u00a0 de l\u2019amylose cardiaque. J&rsquo;ai revu la psychologue du centre pour m&rsquo;aider.<\/em><\/p><p><em>C\u2019est alors qu\u2019une hospitalisation fut organis\u00e9e pour d\u00e9terminer le degr\u00e9 d\u2019\u00e9volution de la maladie.<\/em><\/p><p><em>Des examens furent alors programm\u00e9s et les professionnels de sant\u00e9 m\u2019ont tr\u00e8s bien accompagn\u00e9 durant cette hospitalisation particuli\u00e8rement anxiog\u00e8ne. Je peux t\u00e9moigner de la qualit\u00e9 du travail des professionnels de soin et de la clart\u00e9 des explications sur l\u2019ensemble des examens. Mes examens \u00e9taient normaux. J&rsquo;ai \u00e9t\u00e9 rassur\u00e9.<\/em><\/p><p><em>Accepter d&rsquo;\u00eatre porteur de la mutation et d&rsquo;attendre \u00e9ventuellement l&rsquo;apparition de la maladie prend du temps. Avec le souvenir de ce qui est arriv\u00e9\u00a0\u00e0 mon p\u00e8re \u00a0et sa souffrance impos\u00e9e par la maladie, j&rsquo;ai in\u00e9vitablement peur de ce qui risque de m&rsquo;arriver.<\/em><\/p><p><em>Le suivi pluriannuel constitue une \u00e9tape indispensable dans l\u2019\u00e9volution de mon \u00e9tat de sant\u00e9 et dans mon apaisement psychique. Je me trouve encadr\u00e9 par un dispositif de sant\u00e9 et bien accompagn\u00e9 ce qui me donne le sentiment de b\u00e9n\u00e9ficier d\u2019un r\u00e9el soutien et de la consid\u00e9ration individuelle. Ce sentiment de ne pas \u00eatre abandonn\u00e9 ou d\u00e9laiss\u00e9 m\u2019est tr\u00e8s rassurant et assez apaisant. De plus, durant le rendez-vous sur le suivi pluriannuel, le Docteur XX m\u2019apporte toutes les explications d\u2019une mani\u00e8re tr\u00e8s p\u00e9dagogique.<\/em><\/p><p><em>Je tiens par ce t\u00e9moignage \u00e0 remercier le Docteur XX ainsi que son service pour la qualit\u00e9 de leur travail et leur r\u00e9elle qualit\u00e9 humaine dans mon accompagnement.\u00a0\u00bb<\/em><\/p>\t\t\t\t\t\t\t\t<\/div>\n\t\t\t\t<\/div>\n\t\t\t\t\t<\/div>\n\t\t<\/div>\n\t\t\t\t\t<\/div>\n\t\t<\/section>\n\t\t\t\t<\/div>\n\t\t","protected":false},"excerpt":{"rendered":"<p>T\u00e9moignages T\u00e9moignages de patients T\u00e9moignage des bienfaits sur ma vie de la pose du pacemaker pour insuffisance chronotrope Je suis une patiente de 55 ans atteinte d\u2019une amylose cardiaque \u00e0 transthyr\u00e9tine (TTR) avec insuffisance chronotrope, diagnostiqu\u00e9e il y a bient\u00f4t cinq ans.J\u2019ai b\u00e9n\u00e9fici\u00e9 de la pose d\u2019un pacemaker il y a six mois et j\u2019aimerais [&hellip;]<\/p>\n","protected":false},"author":2,"featured_media":0,"parent":0,"menu_order":0,"comment_status":"closed","ping_status":"closed","template":"","meta":{"_monsterinsights_skip_tracking":false,"_monsterinsights_sitenote_active":false,"_monsterinsights_sitenote_note":"","_monsterinsights_sitenote_category":0,"footnotes":""},"categories":[],"tags":[],"class_list":["post-3740","page","type-page","status-publish","hentry"],"yoast_head":"<!-- This site is optimized with the Yoast SEO plugin v25.5 - https:\/\/yoast.com\/wordpress\/plugins\/seo\/ -->\n<title>T\u00e9moignages - R\u00e9seau Amylose Site Patient<\/title>\n<meta name=\"robots\" content=\"index, follow, max-snippet:-1, max-image-preview:large, max-video-preview:-1\" \/>\n<link rel=\"canonical\" href=\"https:\/\/reseau-amylose.org\/jesuispatient\/temoignages\/\" \/>\n<meta property=\"og:locale\" content=\"fr_FR\" \/>\n<meta property=\"og:type\" content=\"article\" \/>\n<meta property=\"og:title\" content=\"T\u00e9moignages - R\u00e9seau Amylose Site Patient\" \/>\n<meta property=\"og:description\" content=\"T\u00e9moignages T\u00e9moignages de patients T\u00e9moignage des bienfaits sur ma vie de la pose du pacemaker pour insuffisance chronotrope Je suis une patiente de 55 ans atteinte d\u2019une amylose cardiaque \u00e0 transthyr\u00e9tine (TTR) avec insuffisance chronotrope, diagnostiqu\u00e9e il y a bient\u00f4t cinq ans.J\u2019ai b\u00e9n\u00e9fici\u00e9 de la pose d\u2019un pacemaker il y a six mois et j\u2019aimerais [&hellip;]\" \/>\n<meta property=\"og:url\" content=\"https:\/\/reseau-amylose.org\/jesuispatient\/temoignages\/\" \/>\n<meta property=\"og:site_name\" content=\"R\u00e9seau Amylose Site Patient\" \/>\n<meta property=\"article:modified_time\" content=\"2025-02-07T09:22:24+00:00\" \/>\n<meta name=\"twitter:card\" content=\"summary_large_image\" \/>\n<meta name=\"twitter:label1\" content=\"Dur\u00e9e de lecture estim\u00e9e\" \/>\n\t<meta name=\"twitter:data1\" content=\"5 minutes\" \/>\n<script type=\"application\/ld+json\" class=\"yoast-schema-graph\">{\"@context\":\"https:\/\/schema.org\",\"@graph\":[{\"@type\":\"WebPage\",\"@id\":\"https:\/\/reseau-amylose.org\/jesuispatient\/temoignages\/\",\"url\":\"https:\/\/reseau-amylose.org\/jesuispatient\/temoignages\/\",\"name\":\"T\u00e9moignages - R\u00e9seau Amylose Site Patient\",\"isPartOf\":{\"@id\":\"https:\/\/reseau-amylose.org\/jesuispatient\/#website\"},\"datePublished\":\"2022-09-15T09:38:58+00:00\",\"dateModified\":\"2025-02-07T09:22:24+00:00\",\"breadcrumb\":{\"@id\":\"https:\/\/reseau-amylose.org\/jesuispatient\/temoignages\/#breadcrumb\"},\"inLanguage\":\"fr-FR\",\"potentialAction\":[{\"@type\":\"ReadAction\",\"target\":[\"https:\/\/reseau-amylose.org\/jesuispatient\/temoignages\/\"]}]},{\"@type\":\"BreadcrumbList\",\"@id\":\"https:\/\/reseau-amylose.org\/jesuispatient\/temoignages\/#breadcrumb\",\"itemListElement\":[{\"@type\":\"ListItem\",\"position\":1,\"name\":\"Accueil\",\"item\":\"https:\/\/reseau-amylose.org\/jesuispatient\/\"},{\"@type\":\"ListItem\",\"position\":2,\"name\":\"T\u00e9moignages\"}]},{\"@type\":\"WebSite\",\"@id\":\"https:\/\/reseau-amylose.org\/jesuispatient\/#website\",\"url\":\"https:\/\/reseau-amylose.org\/jesuispatient\/\",\"name\":\"R\u00e9seau Amylose Site Patient\",\"description\":\"Centre de r\u00e9f\u00e9rence des amyloses cardiaques\",\"potentialAction\":[{\"@type\":\"SearchAction\",\"target\":{\"@type\":\"EntryPoint\",\"urlTemplate\":\"https:\/\/reseau-amylose.org\/jesuispatient\/?s={search_term_string}\"},\"query-input\":{\"@type\":\"PropertyValueSpecification\",\"valueRequired\":true,\"valueName\":\"search_term_string\"}}],\"inLanguage\":\"fr-FR\"}]}<\/script>\n<!-- \/ Yoast SEO plugin. -->","yoast_head_json":{"title":"T\u00e9moignages - R\u00e9seau Amylose Site Patient","robots":{"index":"index","follow":"follow","max-snippet":"max-snippet:-1","max-image-preview":"max-image-preview:large","max-video-preview":"max-video-preview:-1"},"canonical":"https:\/\/reseau-amylose.org\/jesuispatient\/temoignages\/","og_locale":"fr_FR","og_type":"article","og_title":"T\u00e9moignages - R\u00e9seau Amylose Site Patient","og_description":"T\u00e9moignages T\u00e9moignages de patients T\u00e9moignage des bienfaits sur ma vie de la pose du pacemaker pour insuffisance chronotrope Je suis une patiente de 55 ans atteinte d\u2019une amylose cardiaque \u00e0 transthyr\u00e9tine (TTR) avec insuffisance chronotrope, diagnostiqu\u00e9e il y a bient\u00f4t cinq ans.J\u2019ai b\u00e9n\u00e9fici\u00e9 de la pose d\u2019un pacemaker il y a six mois et j\u2019aimerais [&hellip;]","og_url":"https:\/\/reseau-amylose.org\/jesuispatient\/temoignages\/","og_site_name":"R\u00e9seau Amylose Site Patient","article_modified_time":"2025-02-07T09:22:24+00:00","twitter_card":"summary_large_image","twitter_misc":{"Dur\u00e9e de lecture estim\u00e9e":"5 minutes"},"schema":{"@context":"https:\/\/schema.org","@graph":[{"@type":"WebPage","@id":"https:\/\/reseau-amylose.org\/jesuispatient\/temoignages\/","url":"https:\/\/reseau-amylose.org\/jesuispatient\/temoignages\/","name":"T\u00e9moignages - R\u00e9seau Amylose Site Patient","isPartOf":{"@id":"https:\/\/reseau-amylose.org\/jesuispatient\/#website"},"datePublished":"2022-09-15T09:38:58+00:00","dateModified":"2025-02-07T09:22:24+00:00","breadcrumb":{"@id":"https:\/\/reseau-amylose.org\/jesuispatient\/temoignages\/#breadcrumb"},"inLanguage":"fr-FR","potentialAction":[{"@type":"ReadAction","target":["https:\/\/reseau-amylose.org\/jesuispatient\/temoignages\/"]}]},{"@type":"BreadcrumbList","@id":"https:\/\/reseau-amylose.org\/jesuispatient\/temoignages\/#breadcrumb","itemListElement":[{"@type":"ListItem","position":1,"name":"Accueil","item":"https:\/\/reseau-amylose.org\/jesuispatient\/"},{"@type":"ListItem","position":2,"name":"T\u00e9moignages"}]},{"@type":"WebSite","@id":"https:\/\/reseau-amylose.org\/jesuispatient\/#website","url":"https:\/\/reseau-amylose.org\/jesuispatient\/","name":"R\u00e9seau Amylose Site Patient","description":"Centre de r\u00e9f\u00e9rence des amyloses cardiaques","potentialAction":[{"@type":"SearchAction","target":{"@type":"EntryPoint","urlTemplate":"https:\/\/reseau-amylose.org\/jesuispatient\/?s={search_term_string}"},"query-input":{"@type":"PropertyValueSpecification","valueRequired":true,"valueName":"search_term_string"}}],"inLanguage":"fr-FR"}]}},"_links":{"self":[{"href":"https:\/\/reseau-amylose.org\/jesuispatient\/wp-json\/wp\/v2\/pages\/3740","targetHints":{"allow":["GET"]}}],"collection":[{"href":"https:\/\/reseau-amylose.org\/jesuispatient\/wp-json\/wp\/v2\/pages"}],"about":[{"href":"https:\/\/reseau-amylose.org\/jesuispatient\/wp-json\/wp\/v2\/types\/page"}],"author":[{"embeddable":true,"href":"https:\/\/reseau-amylose.org\/jesuispatient\/wp-json\/wp\/v2\/users\/2"}],"replies":[{"embeddable":true,"href":"https:\/\/reseau-amylose.org\/jesuispatient\/wp-json\/wp\/v2\/comments?post=3740"}],"version-history":[{"count":28,"href":"https:\/\/reseau-amylose.org\/jesuispatient\/wp-json\/wp\/v2\/pages\/3740\/revisions"}],"predecessor-version":[{"id":4238,"href":"https:\/\/reseau-amylose.org\/jesuispatient\/wp-json\/wp\/v2\/pages\/3740\/revisions\/4238"}],"wp:attachment":[{"href":"https:\/\/reseau-amylose.org\/jesuispatient\/wp-json\/wp\/v2\/media?parent=3740"}],"wp:term":[{"taxonomy":"category","embeddable":true,"href":"https:\/\/reseau-amylose.org\/jesuispatient\/wp-json\/wp\/v2\/categories?post=3740"},{"taxonomy":"post_tag","embeddable":true,"href":"https:\/\/reseau-amylose.org\/jesuispatient\/wp-json\/wp\/v2\/tags?post=3740"}],"curies":[{"name":"wp","href":"https:\/\/api.w.org\/{rel}","templated":true}]}}