{"id":2507,"date":"2020-12-03T11:21:16","date_gmt":"2020-12-03T11:21:16","guid":{"rendered":"https:\/\/www.reseau-amylose.org\/jesuispatient\/?page_id=2507"},"modified":"2023-05-04T10:06:22","modified_gmt":"2023-05-04T08:06:22","slug":"le-suivi-psychologique","status":"publish","type":"page","link":"https:\/\/reseau-amylose.org\/jesuispatient\/le-suivi-psychologique\/","title":{"rendered":"Le suivi psychologique"},"content":{"rendered":"\t\t<div data-elementor-type=\"wp-page\" data-elementor-id=\"2507\" class=\"elementor elementor-2507\" data-elementor-post-type=\"page\">\n\t\t\t\t\t\t<section class=\"elementor-section elementor-top-section elementor-element elementor-element-51277082 elementor-section-content-middle elementor-section-boxed elementor-section-height-default elementor-section-height-default\" data-id=\"51277082\" data-element_type=\"section\" data-settings=\"{&quot;background_background&quot;:&quot;classic&quot;}\">\n\t\t\t\t\t\t<div class=\"elementor-container elementor-column-gap-no\">\n\t\t\t\t\t<div class=\"elementor-column elementor-col-100 elementor-top-column elementor-element elementor-element-5f416049\" data-id=\"5f416049\" data-element_type=\"column\">\n\t\t\t<div class=\"elementor-widget-wrap elementor-element-populated\">\n\t\t\t\t\t\t<div class=\"elementor-element elementor-element-4f09f942 elementor-widget-divider--view-line elementor-widget elementor-widget-divider\" data-id=\"4f09f942\" data-element_type=\"widget\" data-widget_type=\"divider.default\">\n\t\t\t\t<div class=\"elementor-widget-container\">\n\t\t\t\t\t\t\t<div class=\"elementor-divider\">\n\t\t\t<span class=\"elementor-divider-separator\">\n\t\t\t\t\t\t<\/span>\n\t\t<\/div>\n\t\t\t\t\t\t<\/div>\n\t\t\t\t<\/div>\n\t\t\t\t\t<\/div>\n\t\t<\/div>\n\t\t\t\t\t<\/div>\n\t\t<\/section>\n\t\t\t\t<section class=\"elementor-section elementor-top-section elementor-element elementor-element-398fa6e elementor-section-boxed elementor-section-height-default elementor-section-height-default\" data-id=\"398fa6e\" data-element_type=\"section\">\n\t\t\t\t\t\t<div class=\"elementor-container elementor-column-gap-default\">\n\t\t\t\t\t<div class=\"elementor-column elementor-col-100 elementor-top-column elementor-element elementor-element-bda2971\" data-id=\"bda2971\" data-element_type=\"column\">\n\t\t\t<div class=\"elementor-widget-wrap elementor-element-populated\">\n\t\t\t\t\t\t<div class=\"elementor-element elementor-element-890d80e elementor-widget elementor-widget-heading\" data-id=\"890d80e\" data-element_type=\"widget\" data-widget_type=\"heading.default\">\n\t\t\t\t<div class=\"elementor-widget-container\">\n\t\t\t\t\t<h4 class=\"elementor-heading-title elementor-size-default\">L\u2019amylose, une \u00e9preuve physique et psychologique <\/h4>\t\t\t\t<\/div>\n\t\t\t\t<\/div>\n\t\t\t\t<div class=\"elementor-element elementor-element-3658dd6 elementor-widget elementor-widget-text-editor\" data-id=\"3658dd6\" data-element_type=\"widget\" data-widget_type=\"text-editor.default\">\n\t\t\t\t<div class=\"elementor-widget-container\">\n\t\t\t\t\t\t\t\t\t<h6><span style=\"color: #000000\">L\u2019amylose est une maladie qui peut rendre votre quotidien difficile, elle est une \u00e9preuve physique autant que psychologique. Vous pouvez trouver du soutien aupr\u00e8s de la psychologue du Centre de r\u00e9f\u00e9rence qui connait les cons\u00e9quences possibles des amyloses cardiaques sur votre qualit\u00e9 de vie qui impactent \u00e9galement votre bien-\u00eatre. Elle vous propose une \u00e9coute attentive et du soutien, sans porter de jugements sur vos paroles avec le respect de la plus stricte confidentialit\u00e9. Vos proches et aidants b\u00e9n\u00e9ficient \u00e9galement de l\u2019accompagnement de la psychologue sur simple demande.<\/span><\/h6>\t\t\t\t\t\t\t\t<\/div>\n\t\t\t\t<\/div>\n\t\t\t\t\t<\/div>\n\t\t<\/div>\n\t\t\t\t\t<\/div>\n\t\t<\/section>\n\t\t\t\t<section class=\"elementor-section elementor-top-section elementor-element elementor-element-e66e2e4 elementor-section-boxed elementor-section-height-default elementor-section-height-default\" data-id=\"e66e2e4\" data-element_type=\"section\">\n\t\t\t\t\t\t<div class=\"elementor-container elementor-column-gap-default\">\n\t\t\t\t\t<div class=\"elementor-column elementor-col-100 elementor-top-column elementor-element elementor-element-7d21990\" data-id=\"7d21990\" data-element_type=\"column\">\n\t\t\t<div class=\"elementor-widget-wrap elementor-element-populated\">\n\t\t\t\t\t\t<div class=\"elementor-element elementor-element-d7c6c84 elementor-widget elementor-widget-heading\" data-id=\"d7c6c84\" data-element_type=\"widget\" data-widget_type=\"heading.default\">\n\t\t\t\t<div class=\"elementor-widget-container\">\n\t\t\t\t\t<h4 class=\"elementor-heading-title elementor-size-default\">Quand rencontrer la psychologue ? <\/h4>\t\t\t\t<\/div>\n\t\t\t\t<\/div>\n\t\t\t\t<div class=\"elementor-element elementor-element-9e79900 elementor-widget elementor-widget-text-editor\" data-id=\"9e79900\" data-element_type=\"widget\" data-widget_type=\"text-editor.default\">\n\t\t\t\t<div class=\"elementor-widget-container\">\n\t\t\t\t\t\t\t\t\t<h6><span style=\"color: #000000\">L\u2019annonce d\u2019une amylose, la mise en place d\u2019un traitement, une \u00e9volution de la maladie ou un changement de vie peuvent \u00eatre des moments difficiles \u00e0 traverser dans lesquels vous pouvez trouver de l\u2019aide et \u00eatre accompagn\u00e9 par la psychologue de notre centre.<\/span><\/h6><h6><span style=\"color: #000000\">Une inqui\u00e9tude, une tristesse, des difficult\u00e9s \u00e0 dormir, toutes les questions que vous vous posez et qui vous encombrent, ou le simple besoin de parler \u00e0 quelqu\u2019un de ce qui vous concerne, sont autant de motifs pour la rencontrer.<\/span><\/h6><h6><span style=\"color: #000000\">Vous pourrez lui parler librement de votre v\u00e9cu sans avoir \u00e0 censurer vos mots ou vos \u00e9motions que vous imaginez d\u00e9rangeants pour vos proches. Avoir un espace de parole \u00e0 soi permet d\u2019\u00eatre plus serein et plus disponible pour les autres.<\/span><\/h6><h6><span style=\"color: #000000\">Dans le cadre du diagnostic pr\u00e9-symptomatique de l\u2019amylose (conseil g\u00e9n\u00e9tique), la psychologue vous accompagne \u00e0 chaque \u00e9tape.<\/span><\/h6>\t\t\t\t\t\t\t\t<\/div>\n\t\t\t\t<\/div>\n\t\t\t\t\t<\/div>\n\t\t<\/div>\n\t\t\t\t\t<\/div>\n\t\t<\/section>\n\t\t\t\t<section class=\"elementor-section elementor-top-section elementor-element elementor-element-a23797c elementor-section-boxed elementor-section-height-default elementor-section-height-default\" data-id=\"a23797c\" data-element_type=\"section\">\n\t\t\t\t\t\t<div class=\"elementor-container elementor-column-gap-default\">\n\t\t\t\t\t<div class=\"elementor-column elementor-col-66 elementor-top-column elementor-element elementor-element-980a280\" data-id=\"980a280\" data-element_type=\"column\">\n\t\t\t<div class=\"elementor-widget-wrap elementor-element-populated\">\n\t\t\t\t\t\t<div class=\"elementor-element elementor-element-fd90eb7 elementor-widget elementor-widget-heading\" data-id=\"fd90eb7\" data-element_type=\"widget\" data-widget_type=\"heading.default\">\n\t\t\t\t<div class=\"elementor-widget-container\">\n\t\t\t\t\t<h4 class=\"elementor-heading-title elementor-size-default\">Comment rencontrer la psychologue du Centre de R\u00e9f\u00e9rence Amyloses Cardiaques (CRAC) ?<\/h4>\t\t\t\t<\/div>\n\t\t\t\t<\/div>\n\t\t\t\t<div class=\"elementor-element elementor-element-66d92a8 elementor-widget elementor-widget-text-editor\" data-id=\"66d92a8\" data-element_type=\"widget\" data-widget_type=\"text-editor.default\">\n\t\t\t\t<div class=\"elementor-widget-container\">\n\t\t\t\t\t\t\t\t\t<h5 style=\"text-align: center\">En hospitalisation\u00a0: sur simple demande au personnel soignant<\/h5><h5 style=\"text-align: center\">Sur rendez-vous\u00a0:<\/h5><h5 style=\"text-align: center\">\u00a0 \u00a0 \u00a0 \u00a0 \u00a0&#8211; En appelant notre secr\u00e9taire Isabelle Vallat T\u00e9l :01 49 81 22 53<\/h5><h5 style=\"text-align: center\">\u00a0 \u00a0 \u00a0 \u00a0 \u00a0&#8211; Par mail <a href=\"mailto:julie.pompougnac@aphp.fr\" target=\"_blank\" rel=\"noopener\">julie.pompougnac@aphp.fr<\/a><\/h5>\t\t\t\t\t\t\t\t<\/div>\n\t\t\t\t<\/div>\n\t\t\t\t\t<\/div>\n\t\t<\/div>\n\t\t\t\t<div class=\"elementor-column elementor-col-33 elementor-top-column elementor-element elementor-element-e46ba5d\" data-id=\"e46ba5d\" data-element_type=\"column\">\n\t\t\t<div class=\"elementor-widget-wrap elementor-element-populated\">\n\t\t\t\t\t\t<div class=\"elementor-element elementor-element-c72b0c6 elementor-widget elementor-widget-image\" data-id=\"c72b0c6\" data-element_type=\"widget\" data-widget_type=\"image.default\">\n\t\t\t\t<div class=\"elementor-widget-container\">\n\t\t\t\t\t\t\t\t\t\t\t\t<figure class=\"wp-caption\">\n\t\t\t\t\t\t\t\t\t\t<img fetchpriority=\"high\" decoding=\"async\" width=\"212\" height=\"258\" src=\"https:\/\/reseau-amylose.org\/jesuispatient\/wp-content\/uploads\/sites\/2\/2022\/08\/JuliePOMPOUGNAC.png\" class=\"attachment-medium size-medium wp-image-3702\" alt=\"\" \/>\t\t\t\t\t\t\t\t\t\t\t<figcaption class=\"widget-image-caption wp-caption-text\">Julie POMPOUGNAC - Psychologue du CRAC<\/figcaption>\n\t\t\t\t\t\t\t\t\t\t<\/figure>\n\t\t\t\t\t\t\t\t\t<\/div>\n\t\t\t\t<\/div>\n\t\t\t\t\t<\/div>\n\t\t<\/div>\n\t\t\t\t\t<\/div>\n\t\t<\/section>\n\t\t\t\t<section class=\"elementor-section elementor-top-section elementor-element elementor-element-6548adb elementor-section-boxed elementor-section-height-default elementor-section-height-default\" data-id=\"6548adb\" data-element_type=\"section\">\n\t\t\t\t\t\t<div class=\"elementor-container elementor-column-gap-default\">\n\t\t\t\t\t<div class=\"elementor-column elementor-col-100 elementor-top-column elementor-element elementor-element-4465162\" data-id=\"4465162\" data-element_type=\"column\">\n\t\t\t<div class=\"elementor-widget-wrap\">\n\t\t\t\t\t\t\t<\/div>\n\t\t<\/div>\n\t\t\t\t\t<\/div>\n\t\t<\/section>\n\t\t\t\t<section class=\"elementor-section elementor-top-section elementor-element elementor-element-13c12d3 elementor-section-boxed elementor-section-height-default elementor-section-height-default\" data-id=\"13c12d3\" data-element_type=\"section\">\n\t\t\t\t\t\t<div class=\"elementor-container elementor-column-gap-default\">\n\t\t\t\t\t<div class=\"elementor-column elementor-col-50 elementor-top-column elementor-element elementor-element-68fe1cb\" data-id=\"68fe1cb\" data-element_type=\"column\">\n\t\t\t<div class=\"elementor-widget-wrap elementor-element-populated\">\n\t\t\t\t\t\t<div class=\"elementor-element elementor-element-7eb7f4c elementor-widget elementor-widget-text-editor\" data-id=\"7eb7f4c\" data-element_type=\"widget\" data-widget_type=\"text-editor.default\">\n\t\t\t\t<div class=\"elementor-widget-container\">\n\t\t\t\t\t\t\t\t\t<h6><span style=\"text-decoration: underline\"><span style=\"color: #4db8f0\"><strong>Pour les patients : <\/strong><\/span><\/span><\/h6><h6><span style=\"color: #4db8f0\"><strong>Vos rencontres avec la psychologue du Centre de R\u00e9f\u00e9rence des Amyloses Cardiaques<\/strong><\/span><\/h6><p><span style=\"color: #4db8f0\"><em>Julie POMPOUGNAC<\/em><\/span><\/p>\t\t\t\t\t\t\t\t<\/div>\n\t\t\t\t<\/div>\n\t\t\t\t<div class=\"elementor-element elementor-element-aba9bce elementor-widget elementor-widget-video\" data-id=\"aba9bce\" data-element_type=\"widget\" data-settings=\"{&quot;youtube_url&quot;:&quot;https:\\\/\\\/www.youtube.com\\\/watch?v=ac3Ksg-yNn0&amp;ab_channel=R%C3%A9seauAmylose&quot;,&quot;video_type&quot;:&quot;youtube&quot;,&quot;controls&quot;:&quot;yes&quot;}\" data-widget_type=\"video.default\">\n\t\t\t\t<div class=\"elementor-widget-container\">\n\t\t\t\t\t\t\t<div class=\"elementor-wrapper elementor-open-inline\">\n\t\t\t<div class=\"elementor-video\"><\/div>\t\t<\/div>\n\t\t\t\t\t\t<\/div>\n\t\t\t\t<\/div>\n\t\t\t\t\t<\/div>\n\t\t<\/div>\n\t\t\t\t<div class=\"elementor-column elementor-col-50 elementor-top-column elementor-element elementor-element-b0635d9\" data-id=\"b0635d9\" data-element_type=\"column\">\n\t\t\t<div class=\"elementor-widget-wrap elementor-element-populated\">\n\t\t\t\t\t\t<div class=\"elementor-element elementor-element-079deda elementor-widget elementor-widget-text-editor\" data-id=\"079deda\" data-element_type=\"widget\" data-widget_type=\"text-editor.default\">\n\t\t\t\t<div class=\"elementor-widget-container\">\n\t\t\t\t\t\t\t\t\t<h6><span style=\"text-decoration: underline\"><span style=\"color: #4db8f0\"><strong>Pour les aidants : <\/strong><\/span><\/span><\/h6><h6><span style=\"color: #4db8f0\"><strong>Accompagnement psychologique de vos proches face \u00e0 l&rsquo;amylose et ses retentissements<\/strong><\/span><\/h6><p><span style=\"color: #4db8f0\"><em>Julie POMPOUGNAC<\/em><\/span><\/p>\t\t\t\t\t\t\t\t<\/div>\n\t\t\t\t<\/div>\n\t\t\t\t<div class=\"elementor-element elementor-element-92612fc elementor-widget elementor-widget-video\" data-id=\"92612fc\" data-element_type=\"widget\" data-settings=\"{&quot;youtube_url&quot;:&quot;https:\\\/\\\/www.youtube.com\\\/watch?v=MgzF9JpL3eI&amp;ab_channel=R%C3%A9seauAmylose&quot;,&quot;video_type&quot;:&quot;youtube&quot;,&quot;controls&quot;:&quot;yes&quot;}\" data-widget_type=\"video.default\">\n\t\t\t\t<div class=\"elementor-widget-container\">\n\t\t\t\t\t\t\t<div class=\"elementor-wrapper elementor-open-inline\">\n\t\t\t<div class=\"elementor-video\"><\/div>\t\t<\/div>\n\t\t\t\t\t\t<\/div>\n\t\t\t\t<\/div>\n\t\t\t\t\t<\/div>\n\t\t<\/div>\n\t\t\t\t\t<\/div>\n\t\t<\/section>\n\t\t\t\t<\/div>\n\t\t","protected":false},"excerpt":{"rendered":"<p>L\u2019amylose, une \u00e9preuve physique et psychologique L\u2019amylose est une maladie qui peut rendre votre quotidien difficile, elle est une \u00e9preuve physique autant que psychologique. Vous pouvez trouver du soutien aupr\u00e8s de la psychologue du Centre de r\u00e9f\u00e9rence qui connait les cons\u00e9quences possibles des amyloses cardiaques sur votre qualit\u00e9 de vie qui impactent \u00e9galement votre bien-\u00eatre. [&hellip;]<\/p>\n","protected":false},"author":1,"featured_media":0,"parent":0,"menu_order":0,"comment_status":"closed","ping_status":"closed","template":"","meta":{"_monsterinsights_skip_tracking":false,"_monsterinsights_sitenote_active":false,"_monsterinsights_sitenote_note":"","_monsterinsights_sitenote_category":0,"footnotes":""},"categories":[],"tags":[],"class_list":["post-2507","page","type-page","status-publish","hentry"],"yoast_head":"<!-- This site is optimized with the Yoast SEO plugin v25.5 - https:\/\/yoast.com\/wordpress\/plugins\/seo\/ -->\n<title>Le suivi psychologique - R\u00e9seau Amylose Site Patient<\/title>\n<meta name=\"robots\" content=\"index, follow, max-snippet:-1, max-image-preview:large, max-video-preview:-1\" \/>\n<link rel=\"canonical\" href=\"https:\/\/reseau-amylose.org\/jesuispatient\/le-suivi-psychologique\/\" \/>\n<meta property=\"og:locale\" content=\"fr_FR\" \/>\n<meta property=\"og:type\" content=\"article\" \/>\n<meta property=\"og:title\" content=\"Le suivi psychologique - R\u00e9seau Amylose Site Patient\" \/>\n<meta property=\"og:description\" content=\"L\u2019amylose, une \u00e9preuve physique et psychologique L\u2019amylose est une maladie qui peut rendre votre quotidien difficile, elle est une \u00e9preuve physique autant que psychologique. Vous pouvez trouver du soutien aupr\u00e8s de la psychologue du Centre de r\u00e9f\u00e9rence qui connait les cons\u00e9quences possibles des amyloses cardiaques sur votre qualit\u00e9 de vie qui impactent \u00e9galement votre bien-\u00eatre. [&hellip;]\" \/>\n<meta property=\"og:url\" content=\"https:\/\/reseau-amylose.org\/jesuispatient\/le-suivi-psychologique\/\" \/>\n<meta property=\"og:site_name\" content=\"R\u00e9seau Amylose Site Patient\" \/>\n<meta property=\"article:modified_time\" content=\"2023-05-04T08:06:22+00:00\" \/>\n<meta property=\"og:image\" content=\"https:\/\/reseau-amylose.org\/jesuispatient\/wp-content\/uploads\/sites\/2\/2022\/08\/JuliePOMPOUGNAC.png\" \/>\n<meta name=\"twitter:card\" content=\"summary_large_image\" \/>\n<meta name=\"twitter:label1\" content=\"Dur\u00e9e de lecture estim\u00e9e\" \/>\n\t<meta name=\"twitter:data1\" content=\"2 minutes\" \/>\n<script type=\"application\/ld+json\" class=\"yoast-schema-graph\">{\"@context\":\"https:\/\/schema.org\",\"@graph\":[{\"@type\":\"WebPage\",\"@id\":\"https:\/\/reseau-amylose.org\/jesuispatient\/le-suivi-psychologique\/\",\"url\":\"https:\/\/reseau-amylose.org\/jesuispatient\/le-suivi-psychologique\/\",\"name\":\"Le suivi psychologique - R\u00e9seau Amylose Site Patient\",\"isPartOf\":{\"@id\":\"https:\/\/reseau-amylose.org\/jesuispatient\/#website\"},\"primaryImageOfPage\":{\"@id\":\"https:\/\/reseau-amylose.org\/jesuispatient\/le-suivi-psychologique\/#primaryimage\"},\"image\":{\"@id\":\"https:\/\/reseau-amylose.org\/jesuispatient\/le-suivi-psychologique\/#primaryimage\"},\"thumbnailUrl\":\"https:\/\/reseau-amylose.org\/jesuispatient\/wp-content\/uploads\/sites\/2\/2022\/08\/JuliePOMPOUGNAC.png\",\"datePublished\":\"2020-12-03T11:21:16+00:00\",\"dateModified\":\"2023-05-04T08:06:22+00:00\",\"breadcrumb\":{\"@id\":\"https:\/\/reseau-amylose.org\/jesuispatient\/le-suivi-psychologique\/#breadcrumb\"},\"inLanguage\":\"fr-FR\",\"potentialAction\":[{\"@type\":\"ReadAction\",\"target\":[\"https:\/\/reseau-amylose.org\/jesuispatient\/le-suivi-psychologique\/\"]}]},{\"@type\":\"ImageObject\",\"inLanguage\":\"fr-FR\",\"@id\":\"https:\/\/reseau-amylose.org\/jesuispatient\/le-suivi-psychologique\/#primaryimage\",\"url\":\"https:\/\/reseau-amylose.org\/jesuispatient\/wp-content\/uploads\/sites\/2\/2022\/08\/JuliePOMPOUGNAC.png\",\"contentUrl\":\"https:\/\/reseau-amylose.org\/jesuispatient\/wp-content\/uploads\/sites\/2\/2022\/08\/JuliePOMPOUGNAC.png\",\"width\":212,\"height\":258},{\"@type\":\"BreadcrumbList\",\"@id\":\"https:\/\/reseau-amylose.org\/jesuispatient\/le-suivi-psychologique\/#breadcrumb\",\"itemListElement\":[{\"@type\":\"ListItem\",\"position\":1,\"name\":\"Accueil\",\"item\":\"https:\/\/reseau-amylose.org\/jesuispatient\/\"},{\"@type\":\"ListItem\",\"position\":2,\"name\":\"Le suivi psychologique\"}]},{\"@type\":\"WebSite\",\"@id\":\"https:\/\/reseau-amylose.org\/jesuispatient\/#website\",\"url\":\"https:\/\/reseau-amylose.org\/jesuispatient\/\",\"name\":\"R\u00e9seau Amylose Site Patient\",\"description\":\"Centre de r\u00e9f\u00e9rence des amyloses cardiaques\",\"potentialAction\":[{\"@type\":\"SearchAction\",\"target\":{\"@type\":\"EntryPoint\",\"urlTemplate\":\"https:\/\/reseau-amylose.org\/jesuispatient\/?s={search_term_string}\"},\"query-input\":{\"@type\":\"PropertyValueSpecification\",\"valueRequired\":true,\"valueName\":\"search_term_string\"}}],\"inLanguage\":\"fr-FR\"}]}<\/script>\n<!-- \/ Yoast SEO plugin. -->","yoast_head_json":{"title":"Le suivi psychologique - R\u00e9seau Amylose Site Patient","robots":{"index":"index","follow":"follow","max-snippet":"max-snippet:-1","max-image-preview":"max-image-preview:large","max-video-preview":"max-video-preview:-1"},"canonical":"https:\/\/reseau-amylose.org\/jesuispatient\/le-suivi-psychologique\/","og_locale":"fr_FR","og_type":"article","og_title":"Le suivi psychologique - R\u00e9seau Amylose Site Patient","og_description":"L\u2019amylose, une \u00e9preuve physique et psychologique L\u2019amylose est une maladie qui peut rendre votre quotidien difficile, elle est une \u00e9preuve physique autant que psychologique. Vous pouvez trouver du soutien aupr\u00e8s de la psychologue du Centre de r\u00e9f\u00e9rence qui connait les cons\u00e9quences possibles des amyloses cardiaques sur votre qualit\u00e9 de vie qui impactent \u00e9galement votre bien-\u00eatre. [&hellip;]","og_url":"https:\/\/reseau-amylose.org\/jesuispatient\/le-suivi-psychologique\/","og_site_name":"R\u00e9seau Amylose Site Patient","article_modified_time":"2023-05-04T08:06:22+00:00","og_image":[{"url":"https:\/\/reseau-amylose.org\/jesuispatient\/wp-content\/uploads\/sites\/2\/2022\/08\/JuliePOMPOUGNAC.png","type":"","width":"","height":""}],"twitter_card":"summary_large_image","twitter_misc":{"Dur\u00e9e de lecture estim\u00e9e":"2 minutes"},"schema":{"@context":"https:\/\/schema.org","@graph":[{"@type":"WebPage","@id":"https:\/\/reseau-amylose.org\/jesuispatient\/le-suivi-psychologique\/","url":"https:\/\/reseau-amylose.org\/jesuispatient\/le-suivi-psychologique\/","name":"Le suivi psychologique - R\u00e9seau Amylose Site Patient","isPartOf":{"@id":"https:\/\/reseau-amylose.org\/jesuispatient\/#website"},"primaryImageOfPage":{"@id":"https:\/\/reseau-amylose.org\/jesuispatient\/le-suivi-psychologique\/#primaryimage"},"image":{"@id":"https:\/\/reseau-amylose.org\/jesuispatient\/le-suivi-psychologique\/#primaryimage"},"thumbnailUrl":"https:\/\/reseau-amylose.org\/jesuispatient\/wp-content\/uploads\/sites\/2\/2022\/08\/JuliePOMPOUGNAC.png","datePublished":"2020-12-03T11:21:16+00:00","dateModified":"2023-05-04T08:06:22+00:00","breadcrumb":{"@id":"https:\/\/reseau-amylose.org\/jesuispatient\/le-suivi-psychologique\/#breadcrumb"},"inLanguage":"fr-FR","potentialAction":[{"@type":"ReadAction","target":["https:\/\/reseau-amylose.org\/jesuispatient\/le-suivi-psychologique\/"]}]},{"@type":"ImageObject","inLanguage":"fr-FR","@id":"https:\/\/reseau-amylose.org\/jesuispatient\/le-suivi-psychologique\/#primaryimage","url":"https:\/\/reseau-amylose.org\/jesuispatient\/wp-content\/uploads\/sites\/2\/2022\/08\/JuliePOMPOUGNAC.png","contentUrl":"https:\/\/reseau-amylose.org\/jesuispatient\/wp-content\/uploads\/sites\/2\/2022\/08\/JuliePOMPOUGNAC.png","width":212,"height":258},{"@type":"BreadcrumbList","@id":"https:\/\/reseau-amylose.org\/jesuispatient\/le-suivi-psychologique\/#breadcrumb","itemListElement":[{"@type":"ListItem","position":1,"name":"Accueil","item":"https:\/\/reseau-amylose.org\/jesuispatient\/"},{"@type":"ListItem","position":2,"name":"Le suivi psychologique"}]},{"@type":"WebSite","@id":"https:\/\/reseau-amylose.org\/jesuispatient\/#website","url":"https:\/\/reseau-amylose.org\/jesuispatient\/","name":"R\u00e9seau Amylose Site Patient","description":"Centre de r\u00e9f\u00e9rence des amyloses cardiaques","potentialAction":[{"@type":"SearchAction","target":{"@type":"EntryPoint","urlTemplate":"https:\/\/reseau-amylose.org\/jesuispatient\/?s={search_term_string}"},"query-input":{"@type":"PropertyValueSpecification","valueRequired":true,"valueName":"search_term_string"}}],"inLanguage":"fr-FR"}]}},"_links":{"self":[{"href":"https:\/\/reseau-amylose.org\/jesuispatient\/wp-json\/wp\/v2\/pages\/2507","targetHints":{"allow":["GET"]}}],"collection":[{"href":"https:\/\/reseau-amylose.org\/jesuispatient\/wp-json\/wp\/v2\/pages"}],"about":[{"href":"https:\/\/reseau-amylose.org\/jesuispatient\/wp-json\/wp\/v2\/types\/page"}],"author":[{"embeddable":true,"href":"https:\/\/reseau-amylose.org\/jesuispatient\/wp-json\/wp\/v2\/users\/1"}],"replies":[{"embeddable":true,"href":"https:\/\/reseau-amylose.org\/jesuispatient\/wp-json\/wp\/v2\/comments?post=2507"}],"version-history":[{"count":17,"href":"https:\/\/reseau-amylose.org\/jesuispatient\/wp-json\/wp\/v2\/pages\/2507\/revisions"}],"predecessor-version":[{"id":3823,"href":"https:\/\/reseau-amylose.org\/jesuispatient\/wp-json\/wp\/v2\/pages\/2507\/revisions\/3823"}],"wp:attachment":[{"href":"https:\/\/reseau-amylose.org\/jesuispatient\/wp-json\/wp\/v2\/media?parent=2507"}],"wp:term":[{"taxonomy":"category","embeddable":true,"href":"https:\/\/reseau-amylose.org\/jesuispatient\/wp-json\/wp\/v2\/categories?post=2507"},{"taxonomy":"post_tag","embeddable":true,"href":"https:\/\/reseau-amylose.org\/jesuispatient\/wp-json\/wp\/v2\/tags?post=2507"}],"curies":[{"name":"wp","href":"https:\/\/api.w.org\/{rel}","templated":true}]}}