{"id":132,"date":"2018-11-28T11:42:53","date_gmt":"2018-11-28T11:42:53","guid":{"rendered":"http:\/\/patient.reseau-amylose.org\/?page_id=132"},"modified":"2021-08-25T09:40:26","modified_gmt":"2021-08-25T07:40:26","slug":"etre-porteur-dune-mutation","status":"publish","type":"page","link":"https:\/\/reseau-amylose.org\/jesuispatient\/depistage-de-lamylose-ttr-hereditaire-le-conseil-genetique\/etre-porteur-dune-mutation\/","title":{"rendered":"\u00catre porteur d\u2019une mutation"},"content":{"rendered":"\t\t<div data-elementor-type=\"wp-post\" data-elementor-id=\"132\" class=\"elementor elementor-132\" data-elementor-post-type=\"page\">\n\t\t\t\t\t\t<section class=\"elementor-section elementor-top-section elementor-element elementor-element-e702474 elementor-section-content-middle elementor-section-boxed elementor-section-height-default elementor-section-height-default\" data-id=\"e702474\" data-element_type=\"section\" data-settings=\"{&quot;background_background&quot;:&quot;classic&quot;}\">\n\t\t\t\t\t\t<div class=\"elementor-container elementor-column-gap-no\">\n\t\t\t\t\t<div class=\"elementor-column elementor-col-100 elementor-top-column elementor-element elementor-element-70cf43ef\" data-id=\"70cf43ef\" data-element_type=\"column\">\n\t\t\t<div class=\"elementor-widget-wrap elementor-element-populated\">\n\t\t\t\t\t\t<div class=\"elementor-element elementor-element-108e6708 elementor-widget-divider--view-line elementor-widget elementor-widget-divider\" data-id=\"108e6708\" data-element_type=\"widget\" data-widget_type=\"divider.default\">\n\t\t\t\t<div class=\"elementor-widget-container\">\n\t\t\t\t\t\t\t<div class=\"elementor-divider\">\n\t\t\t<span class=\"elementor-divider-separator\">\n\t\t\t\t\t\t<\/span>\n\t\t<\/div>\n\t\t\t\t\t\t<\/div>\n\t\t\t\t<\/div>\n\t\t\t\t<div class=\"elementor-element elementor-element-1bc91964 elementor-widget elementor-widget-heading\" data-id=\"1bc91964\" data-element_type=\"widget\" data-widget_type=\"heading.default\">\n\t\t\t\t<div class=\"elementor-widget-container\">\n\t\t\t\t\t<h6 class=\"elementor-heading-title elementor-size-default\"><h2 class=\"elementor-heading-title elementor-size-large elementor-inline-editing pen\" data-elementor-setting-key=\"title\" data-pen-placeholder=\"\u00c9crivez ici...\">Mutations<\/h2><\/h6>\t\t\t\t<\/div>\n\t\t\t\t<\/div>\n\t\t\t\t\t<\/div>\n\t\t<\/div>\n\t\t\t\t\t<\/div>\n\t\t<\/section>\n\t\t\t\t<section class=\"elementor-section elementor-top-section elementor-element elementor-element-1366825 elementor-section-boxed elementor-section-height-default elementor-section-height-default\" data-id=\"1366825\" data-element_type=\"section\">\n\t\t\t\t\t\t<div class=\"elementor-container elementor-column-gap-default\">\n\t\t\t\t\t<div class=\"elementor-column elementor-col-100 elementor-top-column elementor-element elementor-element-c2eef6e\" data-id=\"c2eef6e\" data-element_type=\"column\">\n\t\t\t<div class=\"elementor-widget-wrap elementor-element-populated\">\n\t\t\t\t\t\t<div class=\"elementor-element elementor-element-f82b145 elementor-widget elementor-widget-text-editor\" data-id=\"f82b145\" data-element_type=\"widget\" data-widget_type=\"text-editor.default\">\n\t\t\t\t<div class=\"elementor-widget-container\">\n\t\t\t\t\t\t\t\t\t<p>\u00a0<\/p><h6><span style=\"color: #000000;\">\u00a0 L\u2019amylose est une maladie qui est li\u00e9e \u00e0 la production anormale de prot\u00e9ines qui acqui\u00e8rent la propri\u00e9t\u00e9 d\u2019infiltrer les organes et de bloquer leur fonctionnement. Des informations compl\u00e9mentaires sur la maladie sont disponibles sur notre site web et sur nos brochures.<\/span><\/h6><h6><span style=\"color: #000000;\">\u00a0 Dans l\u2019amylose, les enfants ou les fr\u00e8res et s\u0153urs d\u2019une personne malade ont un risque de 50% d\u2019\u00eatre porteur de la mutation familiale du g\u00e8ne responsable de l\u2019amylose (TTR ou autre)<\/span><\/h6><h6><span style=\"color: #000000;\"><strong>Etre porteur d\u2019une mutation du g\u00e8ne TTR ne signifie pas \u00eatre malade. <\/strong><\/span><\/h6><h6><span style=\"color: #000000;\"><strong>\u00a0 \u00a0\u00a0L\u2019amylose \u00a0<\/strong><\/span><\/h6><h6><span style=\"color: #000000;\">\u00a0 \u00a0 \u00a0 \u00a0 \u00a0 \u00a0 \u00a0 \u00a0 \u00a0 \u00a0 <img fetchpriority=\"high\" decoding=\"async\" class=\"alignnone size-medium wp-image-2275\" style=\"color: #333333;\" src=\"https:\/\/www.reseau-amylose.org\/jesuispatient\/storage\/sites\/11\/2020\/10\/muatation-300x196.png\" alt=\"\" width=\"300\" height=\"196\" srcset=\"https:\/\/reseau-amylose.org\/jesuispatient\/wp-content\/uploads\/sites\/2\/2020\/10\/muatation-300x196.png 300w, https:\/\/reseau-amylose.org\/jesuispatient\/wp-content\/uploads\/sites\/2\/2020\/10\/muatation.png 340w\" sizes=\"(max-width: 300px) 100vw, 300px\" \/><\/span><\/h6><p><span style=\"color: #000000;\">\u00a0 \u00a0 \u00a0 \u00a0 \u00a0 \u00a0 \u00a0 \u00a0 \u00a0 \u00a0 \u00a0<span style=\"color: #808080;\">Figure 1 : Transmission autosomique dominante<\/span><\/span><\/p><p><span style=\"color: #000000;\">\u00a0 <\/span><\/p><h6><span style=\"color: #000000;\">Il n\u2019est pas possible de pr\u00e9dire exactement \u00e0 quel \u00e2ge la maladie se d\u00e9clarera, ni comment, ni \u00e0 quelle vitesse la maladie progressera. On peut uniquement apporter quelques \u00e9l\u00e9ments de r\u00e9ponses par la connaissance de l\u2019histoire de la maladie dans la famille et de la mutation familiale.<\/span><\/h6><h6><span style=\"color: #000000;\"><strong>\u00a0 Si le r\u00e9sultat du test montre que vous n\u2019avez pas h\u00e9rit\u00e9 du g\u00e8ne mut\u00e9<\/strong>, vous n\u2019avez pas plus de risque que le reste de la population de d\u00e9velopper la maladie pr\u00e9sente dans votre famille et vous ne transmettrez pas ce risque \u00e0 vos enfants puisque vous ne poss\u00e9dez pas le g\u00e8ne mut\u00e9.<\/span><\/h6><h6><span style=\"color: #000000;\"><strong><u>\u00a0Si vous avez le projet d\u2019avoir un enfant<\/u><\/strong>, sachez que dans certains cas, il est possible de recourir \u00e0 un test pr\u00e9implantatoire ou \u00e0 un test pr\u00e9natal pour \u00e9viter de transmettre la maladie \u00e0 vos enfants. Renseignez-vous aupr\u00e8s de l\u2019\u00e9quipe.<\/span><\/h6>\t\t\t\t\t\t\t\t<\/div>\n\t\t\t\t<\/div>\n\t\t\t\t\t<\/div>\n\t\t<\/div>\n\t\t\t\t\t<\/div>\n\t\t<\/section>\n\t\t\t\t<section class=\"elementor-section elementor-top-section elementor-element elementor-element-7765d4c elementor-section-boxed elementor-section-height-default elementor-section-height-default\" data-id=\"7765d4c\" data-element_type=\"section\">\n\t\t\t\t\t\t<div class=\"elementor-container elementor-column-gap-default\">\n\t\t\t\t\t<div class=\"elementor-column elementor-col-50 elementor-top-column elementor-element elementor-element-cc33fce\" data-id=\"cc33fce\" data-element_type=\"column\">\n\t\t\t<div class=\"elementor-widget-wrap\">\n\t\t\t\t\t\t\t<\/div>\n\t\t<\/div>\n\t\t\t\t<div class=\"elementor-column elementor-col-50 elementor-top-column elementor-element elementor-element-61da61b\" data-id=\"61da61b\" data-element_type=\"column\">\n\t\t\t<div class=\"elementor-widget-wrap elementor-element-populated\">\n\t\t\t\t\t\t<div class=\"elementor-element elementor-element-6ed6d4b elementor-widget elementor-widget-text-editor\" data-id=\"6ed6d4b\" data-element_type=\"widget\" data-widget_type=\"text-editor.default\">\n\t\t\t\t<div class=\"elementor-widget-container\">\n\t\t\t\t\t\t\t\t\t<h6><strong><span style=\"color: #4db8f0;\">Les anomalies chez les sujets d&rsquo;origine Africaine ou Antillaise<\/span><\/strong><\/h6><p><em><span style=\"color: #4db8f0;\">Thibaud DAMY<\/span><\/em><\/p>\t\t\t\t\t\t\t\t<\/div>\n\t\t\t\t<\/div>\n\t\t\t\t<div class=\"elementor-element elementor-element-f99858a elementor-widget elementor-widget-video\" data-id=\"f99858a\" data-element_type=\"widget\" data-settings=\"{&quot;youtube_url&quot;:&quot;https:\\\/\\\/www.youtube.com\\\/watch?v=_pt-UI6-YUg&amp;ab_channel=R%C3%A9seauAmylose&quot;,&quot;video_type&quot;:&quot;youtube&quot;,&quot;controls&quot;:&quot;yes&quot;}\" data-widget_type=\"video.default\">\n\t\t\t\t<div class=\"elementor-widget-container\">\n\t\t\t\t\t\t\t<div class=\"elementor-wrapper elementor-open-inline\">\n\t\t\t<div class=\"elementor-video\"><\/div>\t\t<\/div>\n\t\t\t\t\t\t<\/div>\n\t\t\t\t<\/div>\n\t\t\t\t\t<\/div>\n\t\t<\/div>\n\t\t\t\t\t<\/div>\n\t\t<\/section>\n\t\t\t\t<\/div>\n\t\t","protected":false},"excerpt":{"rendered":"<p>Mutations &nbsp; L\u2019amylose est une maladie qui est li\u00e9e \u00e0 la production anormale de prot\u00e9ines qui acqui\u00e8rent la propri\u00e9t\u00e9 d\u2019infiltrer les organes et de bloquer leur fonctionnement. Des informations compl\u00e9mentaires sur la maladie sont disponibles sur notre site web et sur nos brochures. &nbsp; Dans l\u2019amylose, les enfants ou les fr\u00e8res et s\u0153urs d\u2019une personne [&hellip;]<\/p>\n","protected":false},"author":1,"featured_media":0,"parent":88,"menu_order":5,"comment_status":"closed","ping_status":"closed","template":"","meta":{"_monsterinsights_skip_tracking":false,"_monsterinsights_sitenote_active":false,"_monsterinsights_sitenote_note":"","_monsterinsights_sitenote_category":0,"footnotes":""},"categories":[],"tags":[],"class_list":["post-132","page","type-page","status-publish","hentry"],"yoast_head":"<!-- This site is optimized with the Yoast SEO plugin v25.5 - https:\/\/yoast.com\/wordpress\/plugins\/seo\/ -->\n<title>\u00catre porteur d\u2019une mutation - R\u00e9seau Amylose Site Patient<\/title>\n<meta name=\"robots\" content=\"index, follow, max-snippet:-1, max-image-preview:large, max-video-preview:-1\" \/>\n<link rel=\"canonical\" href=\"http:\/\/reseau-amylose.org\/jesuispatient\/depistage-de-lamylose-ttr-hereditaire-le-conseil-genetique\/etre-porteur-dune-mutation\/\" \/>\n<meta property=\"og:locale\" content=\"fr_FR\" \/>\n<meta property=\"og:type\" content=\"article\" \/>\n<meta property=\"og:title\" content=\"\u00catre porteur d\u2019une mutation - R\u00e9seau Amylose Site Patient\" \/>\n<meta property=\"og:description\" content=\"Mutations &nbsp; L\u2019amylose est une maladie qui est li\u00e9e \u00e0 la production anormale de prot\u00e9ines qui acqui\u00e8rent la propri\u00e9t\u00e9 d\u2019infiltrer les organes et de bloquer leur fonctionnement. Des informations compl\u00e9mentaires sur la maladie sont disponibles sur notre site web et sur nos brochures. &nbsp; Dans l\u2019amylose, les enfants ou les fr\u00e8res et s\u0153urs d\u2019une personne [&hellip;]\" \/>\n<meta property=\"og:url\" content=\"http:\/\/reseau-amylose.org\/jesuispatient\/depistage-de-lamylose-ttr-hereditaire-le-conseil-genetique\/etre-porteur-dune-mutation\/\" \/>\n<meta property=\"og:site_name\" content=\"R\u00e9seau Amylose Site Patient\" \/>\n<meta property=\"article:modified_time\" content=\"2021-08-25T07:40:26+00:00\" \/>\n<meta property=\"og:image\" content=\"https:\/\/www.reseau-amylose.org\/jesuispatient\/storage\/sites\/11\/2020\/10\/muatation-300x196.png\" \/>\n<meta name=\"twitter:card\" content=\"summary_large_image\" \/>\n<meta name=\"twitter:label1\" content=\"Dur\u00e9e de lecture estim\u00e9e\" \/>\n\t<meta name=\"twitter:data1\" content=\"2 minutes\" \/>\n<script type=\"application\/ld+json\" class=\"yoast-schema-graph\">{\"@context\":\"https:\/\/schema.org\",\"@graph\":[{\"@type\":\"WebPage\",\"@id\":\"http:\/\/reseau-amylose.org\/jesuispatient\/depistage-de-lamylose-ttr-hereditaire-le-conseil-genetique\/etre-porteur-dune-mutation\/\",\"url\":\"http:\/\/reseau-amylose.org\/jesuispatient\/depistage-de-lamylose-ttr-hereditaire-le-conseil-genetique\/etre-porteur-dune-mutation\/\",\"name\":\"\u00catre porteur d\u2019une mutation - R\u00e9seau Amylose Site Patient\",\"isPartOf\":{\"@id\":\"https:\/\/reseau-amylose.org\/jesuispatient\/#website\"},\"primaryImageOfPage\":{\"@id\":\"http:\/\/reseau-amylose.org\/jesuispatient\/depistage-de-lamylose-ttr-hereditaire-le-conseil-genetique\/etre-porteur-dune-mutation\/#primaryimage\"},\"image\":{\"@id\":\"http:\/\/reseau-amylose.org\/jesuispatient\/depistage-de-lamylose-ttr-hereditaire-le-conseil-genetique\/etre-porteur-dune-mutation\/#primaryimage\"},\"thumbnailUrl\":\"https:\/\/www.reseau-amylose.org\/jesuispatient\/storage\/sites\/11\/2020\/10\/muatation-300x196.png\",\"datePublished\":\"2018-11-28T11:42:53+00:00\",\"dateModified\":\"2021-08-25T07:40:26+00:00\",\"breadcrumb\":{\"@id\":\"http:\/\/reseau-amylose.org\/jesuispatient\/depistage-de-lamylose-ttr-hereditaire-le-conseil-genetique\/etre-porteur-dune-mutation\/#breadcrumb\"},\"inLanguage\":\"fr-FR\",\"potentialAction\":[{\"@type\":\"ReadAction\",\"target\":[\"http:\/\/reseau-amylose.org\/jesuispatient\/depistage-de-lamylose-ttr-hereditaire-le-conseil-genetique\/etre-porteur-dune-mutation\/\"]}]},{\"@type\":\"ImageObject\",\"inLanguage\":\"fr-FR\",\"@id\":\"http:\/\/reseau-amylose.org\/jesuispatient\/depistage-de-lamylose-ttr-hereditaire-le-conseil-genetique\/etre-porteur-dune-mutation\/#primaryimage\",\"url\":\"https:\/\/www.reseau-amylose.org\/jesuispatient\/storage\/sites\/11\/2020\/10\/muatation-300x196.png\",\"contentUrl\":\"https:\/\/www.reseau-amylose.org\/jesuispatient\/storage\/sites\/11\/2020\/10\/muatation-300x196.png\"},{\"@type\":\"BreadcrumbList\",\"@id\":\"http:\/\/reseau-amylose.org\/jesuispatient\/depistage-de-lamylose-ttr-hereditaire-le-conseil-genetique\/etre-porteur-dune-mutation\/#breadcrumb\",\"itemListElement\":[{\"@type\":\"ListItem\",\"position\":1,\"name\":\"Accueil\",\"item\":\"https:\/\/reseau-amylose.org\/jesuispatient\/\"},{\"@type\":\"ListItem\",\"position\":2,\"name\":\"DEPISTAGE\u00a0 DE L\u2019AMYLOSE TTR HEREDITAIRE\",\"item\":\"https:\/\/reseau-amylose.org\/jesuispatient\/depistage-de-lamylose-ttr-hereditaire-le-conseil-genetique\/\"},{\"@type\":\"ListItem\",\"position\":3,\"name\":\"\u00catre porteur d\u2019une mutation\"}]},{\"@type\":\"WebSite\",\"@id\":\"https:\/\/reseau-amylose.org\/jesuispatient\/#website\",\"url\":\"https:\/\/reseau-amylose.org\/jesuispatient\/\",\"name\":\"R\u00e9seau Amylose Site Patient\",\"description\":\"Centre de r\u00e9f\u00e9rence des amyloses cardiaques\",\"potentialAction\":[{\"@type\":\"SearchAction\",\"target\":{\"@type\":\"EntryPoint\",\"urlTemplate\":\"https:\/\/reseau-amylose.org\/jesuispatient\/?s={search_term_string}\"},\"query-input\":{\"@type\":\"PropertyValueSpecification\",\"valueRequired\":true,\"valueName\":\"search_term_string\"}}],\"inLanguage\":\"fr-FR\"}]}<\/script>\n<!-- \/ Yoast SEO plugin. -->","yoast_head_json":{"title":"\u00catre porteur d\u2019une mutation - R\u00e9seau Amylose Site Patient","robots":{"index":"index","follow":"follow","max-snippet":"max-snippet:-1","max-image-preview":"max-image-preview:large","max-video-preview":"max-video-preview:-1"},"canonical":"http:\/\/reseau-amylose.org\/jesuispatient\/depistage-de-lamylose-ttr-hereditaire-le-conseil-genetique\/etre-porteur-dune-mutation\/","og_locale":"fr_FR","og_type":"article","og_title":"\u00catre porteur d\u2019une mutation - R\u00e9seau Amylose Site Patient","og_description":"Mutations &nbsp; L\u2019amylose est une maladie qui est li\u00e9e \u00e0 la production anormale de prot\u00e9ines qui acqui\u00e8rent la propri\u00e9t\u00e9 d\u2019infiltrer les organes et de bloquer leur fonctionnement. Des informations compl\u00e9mentaires sur la maladie sont disponibles sur notre site web et sur nos brochures. &nbsp; Dans l\u2019amylose, les enfants ou les fr\u00e8res et s\u0153urs d\u2019une personne [&hellip;]","og_url":"http:\/\/reseau-amylose.org\/jesuispatient\/depistage-de-lamylose-ttr-hereditaire-le-conseil-genetique\/etre-porteur-dune-mutation\/","og_site_name":"R\u00e9seau Amylose Site Patient","article_modified_time":"2021-08-25T07:40:26+00:00","og_image":[{"url":"https:\/\/www.reseau-amylose.org\/jesuispatient\/storage\/sites\/11\/2020\/10\/muatation-300x196.png","type":"","width":"","height":""}],"twitter_card":"summary_large_image","twitter_misc":{"Dur\u00e9e de lecture estim\u00e9e":"2 minutes"},"schema":{"@context":"https:\/\/schema.org","@graph":[{"@type":"WebPage","@id":"http:\/\/reseau-amylose.org\/jesuispatient\/depistage-de-lamylose-ttr-hereditaire-le-conseil-genetique\/etre-porteur-dune-mutation\/","url":"http:\/\/reseau-amylose.org\/jesuispatient\/depistage-de-lamylose-ttr-hereditaire-le-conseil-genetique\/etre-porteur-dune-mutation\/","name":"\u00catre porteur d\u2019une mutation - R\u00e9seau Amylose Site Patient","isPartOf":{"@id":"https:\/\/reseau-amylose.org\/jesuispatient\/#website"},"primaryImageOfPage":{"@id":"http:\/\/reseau-amylose.org\/jesuispatient\/depistage-de-lamylose-ttr-hereditaire-le-conseil-genetique\/etre-porteur-dune-mutation\/#primaryimage"},"image":{"@id":"http:\/\/reseau-amylose.org\/jesuispatient\/depistage-de-lamylose-ttr-hereditaire-le-conseil-genetique\/etre-porteur-dune-mutation\/#primaryimage"},"thumbnailUrl":"https:\/\/www.reseau-amylose.org\/jesuispatient\/storage\/sites\/11\/2020\/10\/muatation-300x196.png","datePublished":"2018-11-28T11:42:53+00:00","dateModified":"2021-08-25T07:40:26+00:00","breadcrumb":{"@id":"http:\/\/reseau-amylose.org\/jesuispatient\/depistage-de-lamylose-ttr-hereditaire-le-conseil-genetique\/etre-porteur-dune-mutation\/#breadcrumb"},"inLanguage":"fr-FR","potentialAction":[{"@type":"ReadAction","target":["http:\/\/reseau-amylose.org\/jesuispatient\/depistage-de-lamylose-ttr-hereditaire-le-conseil-genetique\/etre-porteur-dune-mutation\/"]}]},{"@type":"ImageObject","inLanguage":"fr-FR","@id":"http:\/\/reseau-amylose.org\/jesuispatient\/depistage-de-lamylose-ttr-hereditaire-le-conseil-genetique\/etre-porteur-dune-mutation\/#primaryimage","url":"https:\/\/www.reseau-amylose.org\/jesuispatient\/storage\/sites\/11\/2020\/10\/muatation-300x196.png","contentUrl":"https:\/\/www.reseau-amylose.org\/jesuispatient\/storage\/sites\/11\/2020\/10\/muatation-300x196.png"},{"@type":"BreadcrumbList","@id":"http:\/\/reseau-amylose.org\/jesuispatient\/depistage-de-lamylose-ttr-hereditaire-le-conseil-genetique\/etre-porteur-dune-mutation\/#breadcrumb","itemListElement":[{"@type":"ListItem","position":1,"name":"Accueil","item":"https:\/\/reseau-amylose.org\/jesuispatient\/"},{"@type":"ListItem","position":2,"name":"DEPISTAGE\u00a0 DE L\u2019AMYLOSE TTR HEREDITAIRE","item":"https:\/\/reseau-amylose.org\/jesuispatient\/depistage-de-lamylose-ttr-hereditaire-le-conseil-genetique\/"},{"@type":"ListItem","position":3,"name":"\u00catre porteur d\u2019une mutation"}]},{"@type":"WebSite","@id":"https:\/\/reseau-amylose.org\/jesuispatient\/#website","url":"https:\/\/reseau-amylose.org\/jesuispatient\/","name":"R\u00e9seau Amylose Site Patient","description":"Centre de r\u00e9f\u00e9rence des amyloses cardiaques","potentialAction":[{"@type":"SearchAction","target":{"@type":"EntryPoint","urlTemplate":"https:\/\/reseau-amylose.org\/jesuispatient\/?s={search_term_string}"},"query-input":{"@type":"PropertyValueSpecification","valueRequired":true,"valueName":"search_term_string"}}],"inLanguage":"fr-FR"}]}},"_links":{"self":[{"href":"https:\/\/reseau-amylose.org\/jesuispatient\/wp-json\/wp\/v2\/pages\/132","targetHints":{"allow":["GET"]}}],"collection":[{"href":"https:\/\/reseau-amylose.org\/jesuispatient\/wp-json\/wp\/v2\/pages"}],"about":[{"href":"https:\/\/reseau-amylose.org\/jesuispatient\/wp-json\/wp\/v2\/types\/page"}],"author":[{"embeddable":true,"href":"https:\/\/reseau-amylose.org\/jesuispatient\/wp-json\/wp\/v2\/users\/1"}],"replies":[{"embeddable":true,"href":"https:\/\/reseau-amylose.org\/jesuispatient\/wp-json\/wp\/v2\/comments?post=132"}],"version-history":[{"count":4,"href":"https:\/\/reseau-amylose.org\/jesuispatient\/wp-json\/wp\/v2\/pages\/132\/revisions"}],"predecessor-version":[{"id":3164,"href":"https:\/\/reseau-amylose.org\/jesuispatient\/wp-json\/wp\/v2\/pages\/132\/revisions\/3164"}],"up":[{"embeddable":true,"href":"https:\/\/reseau-amylose.org\/jesuispatient\/wp-json\/wp\/v2\/pages\/88"}],"wp:attachment":[{"href":"https:\/\/reseau-amylose.org\/jesuispatient\/wp-json\/wp\/v2\/media?parent=132"}],"wp:term":[{"taxonomy":"category","embeddable":true,"href":"https:\/\/reseau-amylose.org\/jesuispatient\/wp-json\/wp\/v2\/categories?post=132"},{"taxonomy":"post_tag","embeddable":true,"href":"https:\/\/reseau-amylose.org\/jesuispatient\/wp-json\/wp\/v2\/tags?post=132"}],"curies":[{"name":"wp","href":"https:\/\/api.w.org\/{rel}","templated":true}]}}