{"id":120,"date":"2018-11-28T11:40:44","date_gmt":"2018-11-28T11:40:44","guid":{"rendered":"http:\/\/patient.reseau-amylose.org\/?page_id=120"},"modified":"2023-05-04T10:21:33","modified_gmt":"2023-05-04T08:21:33","slug":"neztoiles-lart-soignant-centre-sur-la-joie","status":"publish","type":"page","link":"https:\/\/reseau-amylose.org\/jesuispatient\/accompagnement-des-patients-et-des-aidants\/neztoiles-lart-soignant-centre-sur-la-joie\/","title":{"rendered":"Neztoiles, l&rsquo;art soignant centr\u00e9 sur la joie"},"content":{"rendered":"\t\t<div data-elementor-type=\"wp-post\" data-elementor-id=\"120\" class=\"elementor elementor-120\" data-elementor-post-type=\"page\">\n\t\t\t\t\t\t<section class=\"elementor-section elementor-top-section elementor-element elementor-element-66951a7e elementor-section-content-middle elementor-section-boxed elementor-section-height-default elementor-section-height-default\" data-id=\"66951a7e\" data-element_type=\"section\" data-settings=\"{&quot;background_background&quot;:&quot;classic&quot;}\">\n\t\t\t\t\t\t<div class=\"elementor-container elementor-column-gap-no\">\n\t\t\t\t\t<div class=\"elementor-column elementor-col-100 elementor-top-column elementor-element elementor-element-1a2976f1\" data-id=\"1a2976f1\" data-element_type=\"column\">\n\t\t\t<div class=\"elementor-widget-wrap elementor-element-populated\">\n\t\t\t\t\t\t<div class=\"elementor-element elementor-element-44821428 elementor-widget-divider--view-line elementor-widget elementor-widget-divider\" data-id=\"44821428\" data-element_type=\"widget\" data-widget_type=\"divider.default\">\n\t\t\t\t<div class=\"elementor-widget-container\">\n\t\t\t\t\t\t\t<div class=\"elementor-divider\">\n\t\t\t<span class=\"elementor-divider-separator\">\n\t\t\t\t\t\t<\/span>\n\t\t<\/div>\n\t\t\t\t\t\t<\/div>\n\t\t\t\t<\/div>\n\t\t\t\t<div class=\"elementor-element elementor-element-1e43d8a1 elementor-widget elementor-widget-heading\" data-id=\"1e43d8a1\" data-element_type=\"widget\" data-widget_type=\"heading.default\">\n\t\t\t\t<div class=\"elementor-widget-container\">\n\t\t\t\t\t<h6 class=\"elementor-heading-title elementor-size-default\"><h2 class=\"elementor-heading-title elementor-size-large elementor-inline-editing pen\" data-elementor-setting-key=\"title\" data-pen-placeholder=\"\u00c9crivez ici...\">Notre docteur de la joie <\/h2><\/h6>\t\t\t\t<\/div>\n\t\t\t\t<\/div>\n\t\t\t\t\t<\/div>\n\t\t<\/div>\n\t\t\t\t\t<\/div>\n\t\t<\/section>\n\t\t\t\t<section class=\"elementor-section elementor-top-section elementor-element elementor-element-736208cb elementor-section-boxed elementor-section-height-default elementor-section-height-default\" data-id=\"736208cb\" data-element_type=\"section\">\n\t\t\t\t\t\t<div class=\"elementor-container elementor-column-gap-default\">\n\t\t\t\t\t<div class=\"elementor-column elementor-col-100 elementor-top-column elementor-element elementor-element-2c1f9180\" data-id=\"2c1f9180\" data-element_type=\"column\">\n\t\t\t<div class=\"elementor-widget-wrap elementor-element-populated\">\n\t\t\t\t\t\t<div class=\"elementor-element elementor-element-7d8d1fb4 elementor-widget elementor-widget-text-editor\" data-id=\"7d8d1fb4\" data-element_type=\"widget\" data-widget_type=\"text-editor.default\">\n\t\t\t\t<div class=\"elementor-widget-container\">\n\t\t\t\t\t\t\t\t\t<section data-id=\"9928f34\" data-element_type=\"section\"><div><div><div data-id=\"6873663\" data-element_type=\"column\"><div><div><div data-id=\"182e685\" data-element_type=\"heading.default\"><div><h6><strong>Si on ne peut pas changer la vie, on peut changer le regard qu&rsquo;on a sur elle.<\/strong><\/h6><\/div><\/div><\/div><\/div><\/div><\/div><\/div><\/section>\t\t\t\t\t\t\t\t<\/div>\n\t\t\t\t<\/div>\n\t\t\t\t\t<\/div>\n\t\t<\/div>\n\t\t\t\t\t<\/div>\n\t\t<\/section>\n\t\t\t\t<section class=\"elementor-section elementor-top-section elementor-element elementor-element-45c9372f elementor-section-boxed elementor-section-height-default elementor-section-height-default\" data-id=\"45c9372f\" data-element_type=\"section\">\n\t\t\t\t\t\t<div class=\"elementor-container elementor-column-gap-default\">\n\t\t\t\t\t<div class=\"elementor-column elementor-col-100 elementor-top-column elementor-element elementor-element-ded4dcd\" data-id=\"ded4dcd\" data-element_type=\"column\">\n\t\t\t<div class=\"elementor-widget-wrap elementor-element-populated\">\n\t\t\t\t\t\t<div class=\"elementor-element elementor-element-362b3edc elementor-widget elementor-widget-text-editor\" data-id=\"362b3edc\" data-element_type=\"widget\" data-widget_type=\"text-editor.default\">\n\t\t\t\t<div class=\"elementor-widget-container\">\n\t\t\t\t\t\t\t\t\t<h6>Notre \u00ab Docteur de la joie \u00bb, Hysope vous accompagne, vous et votre entourage. Elle vous propose du mieux-\u00eatre, de l\u2019\u00e9vasion et un autre regard sur la maladie.<\/h6><h6 align=\"JUSTIFY\">La maladie et ses traitements peuvent \u00eatre source de difficult\u00e9, d\u2019inqui\u00e9tude ou de douleur morale. Chercheur de tr\u00e9sors, respirateur d&rsquo;h\u00f4pital, souffleur de paix\u2026 Anabelle vous accompagne, vous et votre entourage. Elle vous propose. Avec Neztoiles, elle vous propose du mieux-\u00eatre, de l\u2019\u00e9vasion, un autre regard sur la maladie et une rencontre \u00ab\u00a0profond\u00e9ment l\u00e9g\u00e8re\u00a0\u00bb en hospitalisation, les lundis au sein du centre de r\u00e9f\u00e9rence.<\/h6><h6><a href=\"http:\/\/www.neztoiles.com\">www.neztoiles.com<\/a><\/h6>\t\t\t\t\t\t\t\t<\/div>\n\t\t\t\t<\/div>\n\t\t\t\t\t<\/div>\n\t\t<\/div>\n\t\t\t\t\t<\/div>\n\t\t<\/section>\n\t\t\t\t<section class=\"elementor-section elementor-top-section elementor-element elementor-element-6db446fa elementor-section-boxed elementor-section-height-default elementor-section-height-default\" data-id=\"6db446fa\" data-element_type=\"section\">\n\t\t\t\t\t\t<div class=\"elementor-container elementor-column-gap-default\">\n\t\t\t\t\t<div class=\"elementor-column elementor-col-100 elementor-top-column elementor-element elementor-element-774754e8\" data-id=\"774754e8\" data-element_type=\"column\">\n\t\t\t<div class=\"elementor-widget-wrap elementor-element-populated\">\n\t\t\t\t\t\t<div class=\"elementor-element elementor-element-39e5ea9 elementor-widget elementor-widget-image\" data-id=\"39e5ea9\" data-element_type=\"widget\" data-widget_type=\"image.default\">\n\t\t\t\t<div class=\"elementor-widget-container\">\n\t\t\t\t\t\t\t\t\t\t\t\t\t\t\t<img fetchpriority=\"high\" decoding=\"async\" width=\"1024\" height=\"254\" src=\"https:\/\/reseau-amylose.org\/jesuispatient\/wp-content\/uploads\/sites\/2\/2022\/06\/Capture-de\u0301cran-2022-06-13-a\u0300-17.00.40-1024x254.png\" class=\"attachment-large size-large wp-image-3641\" alt=\"\" srcset=\"https:\/\/reseau-amylose.org\/jesuispatient\/wp-content\/uploads\/sites\/2\/2022\/06\/Capture-de\u0301cran-2022-06-13-a\u0300-17.00.40-1024x254.png 1024w, https:\/\/reseau-amylose.org\/jesuispatient\/wp-content\/uploads\/sites\/2\/2022\/06\/Capture-de\u0301cran-2022-06-13-a\u0300-17.00.40-300x74.png 300w, https:\/\/reseau-amylose.org\/jesuispatient\/wp-content\/uploads\/sites\/2\/2022\/06\/Capture-de\u0301cran-2022-06-13-a\u0300-17.00.40-768x190.png 768w, https:\/\/reseau-amylose.org\/jesuispatient\/wp-content\/uploads\/sites\/2\/2022\/06\/Capture-de\u0301cran-2022-06-13-a\u0300-17.00.40-1536x381.png 1536w, https:\/\/reseau-amylose.org\/jesuispatient\/wp-content\/uploads\/sites\/2\/2022\/06\/Capture-de\u0301cran-2022-06-13-a\u0300-17.00.40.png 1880w\" sizes=\"(max-width: 1024px) 100vw, 1024px\" \/>\t\t\t\t\t\t\t\t\t\t\t\t\t\t\t<\/div>\n\t\t\t\t<\/div>\n\t\t\t\t<div class=\"elementor-element elementor-element-6388950c elementor-widget elementor-widget-image\" data-id=\"6388950c\" data-element_type=\"widget\" data-widget_type=\"image.default\">\n\t\t\t\t<div class=\"elementor-widget-container\">\n\t\t\t\t\t\t\t\t\t\t\t\t\t\t\t\t<a href=\"http:\/\/reseau-amylose.org\/patient\/wp-content\/uploads\/2019\/01\/fee.jpg\" data-elementor-open-lightbox=\"yes\" data-e-action-hash=\"#elementor-action%3Aaction%3Dlightbox%26settings%3DeyJpZCI6IjcxNiIsInVybCI6ZmFsc2V9\">\n\t\t\t\t\t\t\t<img decoding=\"async\" src=\"http:\/\/reseau-amylose.org\/patient\/wp-content\/uploads\/2019\/01\/fee.jpg\" title=\"\" alt=\"\" loading=\"lazy\" \/>\t\t\t\t\t\t\t\t<\/a>\n\t\t\t\t\t\t\t\t\t\t\t\t\t\t\t<\/div>\n\t\t\t\t<\/div>\n\t\t\t\t<div class=\"elementor-element elementor-element-d9e7df8 elementor-widget elementor-widget-text-editor\" data-id=\"d9e7df8\" data-element_type=\"widget\" data-widget_type=\"text-editor.default\">\n\t\t\t\t<div class=\"elementor-widget-container\">\n\t\t\t\t\t\t\t\t\t<h6 style=\"font-weight: 400\"><span style=\"color: #000000\">L&rsquo;\u00e9quipe Neztoile propose \u00e9galement un temps de rencontre pour les aidants au CHU Henri Mondor.\u00a0<\/span><\/h6><h6 style=\"font-weight: 400;text-align: center\"><span style=\"color: #000000\">\u00a0L\u2019horaire du temps de rencontre : les jeudis de 16H30-19H30<\/span><\/h6><h6 style=\"font-weight: 400;text-align: center\"><span style=\"color: #000000\">Pour y participer, vous pouvez faire une demande \u00e0 Jean-Fran\u00e7ois de l&rsquo;association AFCA : 04 91 81 17 16<\/span><\/h6>\t\t\t\t\t\t\t\t<\/div>\n\t\t\t\t<\/div>\n\t\t\t\t\t<\/div>\n\t\t<\/div>\n\t\t\t\t\t<\/div>\n\t\t<\/section>\n\t\t\t\t<section class=\"elementor-section elementor-top-section elementor-element elementor-element-623df4e1 elementor-section-boxed elementor-section-height-default elementor-section-height-default\" data-id=\"623df4e1\" data-element_type=\"section\">\n\t\t\t\t\t\t<div class=\"elementor-container elementor-column-gap-default\">\n\t\t\t\t\t<div class=\"elementor-column elementor-col-100 elementor-top-column elementor-element elementor-element-635b739d\" data-id=\"635b739d\" data-element_type=\"column\">\n\t\t\t<div class=\"elementor-widget-wrap elementor-element-populated\">\n\t\t\t\t\t\t<div class=\"elementor-element elementor-element-598cf208 elementor-widget elementor-widget-spacer\" data-id=\"598cf208\" data-element_type=\"widget\" data-widget_type=\"spacer.default\">\n\t\t\t\t<div class=\"elementor-widget-container\">\n\t\t\t\t\t\t\t<div class=\"elementor-spacer\">\n\t\t\t<div class=\"elementor-spacer-inner\"><\/div>\n\t\t<\/div>\n\t\t\t\t\t\t<\/div>\n\t\t\t\t<\/div>\n\t\t\t\t\t<\/div>\n\t\t<\/div>\n\t\t\t\t\t<\/div>\n\t\t<\/section>\n\t\t\t\t<section class=\"elementor-section elementor-top-section elementor-element elementor-element-242a3b98 elementor-section-boxed elementor-section-height-default elementor-section-height-default\" data-id=\"242a3b98\" data-element_type=\"section\">\n\t\t\t\t\t\t<div class=\"elementor-container elementor-column-gap-default\">\n\t\t\t\t\t<div class=\"elementor-column elementor-col-100 elementor-top-column elementor-element elementor-element-521f79e6\" data-id=\"521f79e6\" data-element_type=\"column\">\n\t\t\t<div class=\"elementor-widget-wrap elementor-element-populated\">\n\t\t\t\t\t\t<div class=\"elementor-element elementor-element-138eab65 elementor-widget elementor-widget-spacer\" data-id=\"138eab65\" data-element_type=\"widget\" data-widget_type=\"spacer.default\">\n\t\t\t\t<div class=\"elementor-widget-container\">\n\t\t\t\t\t\t\t<div class=\"elementor-spacer\">\n\t\t\t<div class=\"elementor-spacer-inner\"><\/div>\n\t\t<\/div>\n\t\t\t\t\t\t<\/div>\n\t\t\t\t<\/div>\n\t\t\t\t\t<\/div>\n\t\t<\/div>\n\t\t\t\t\t<\/div>\n\t\t<\/section>\n\t\t\t\t<\/div>\n\t\t","protected":false},"excerpt":{"rendered":"<p>Notre docteur de la joie Si on ne peut pas changer la vie, on peut changer le regard qu&rsquo;on a sur elle. Notre \u00ab Docteur de la joie \u00bb, Hysope vous accompagne, vous et votre entourage. Elle vous propose du mieux-\u00eatre, de l\u2019\u00e9vasion et un autre regard sur la maladie. La maladie et ses traitements [&hellip;]<\/p>\n","protected":false},"author":1,"featured_media":0,"parent":87,"menu_order":5,"comment_status":"closed","ping_status":"closed","template":"","meta":{"_monsterinsights_skip_tracking":false,"_monsterinsights_sitenote_active":false,"_monsterinsights_sitenote_note":"","_monsterinsights_sitenote_category":0,"footnotes":""},"categories":[],"tags":[],"class_list":["post-120","page","type-page","status-publish","hentry"],"yoast_head":"<!-- This site is optimized with the Yoast SEO plugin v25.5 - https:\/\/yoast.com\/wordpress\/plugins\/seo\/ -->\n<title>Neztoiles, l&#039;art soignant centr\u00e9 sur la joie - R\u00e9seau Amylose Site Patient<\/title>\n<meta name=\"robots\" content=\"index, follow, max-snippet:-1, max-image-preview:large, max-video-preview:-1\" \/>\n<link rel=\"canonical\" href=\"https:\/\/reseau-amylose.org\/jesuispatient\/accompagnement-des-patients-et-des-aidants\/neztoiles-lart-soignant-centre-sur-la-joie\/\" \/>\n<meta property=\"og:locale\" content=\"fr_FR\" \/>\n<meta property=\"og:type\" content=\"article\" \/>\n<meta property=\"og:title\" content=\"Neztoiles, l&#039;art soignant centr\u00e9 sur la joie - R\u00e9seau Amylose Site Patient\" \/>\n<meta property=\"og:description\" content=\"Notre docteur de la joie Si on ne peut pas changer la vie, on peut changer le regard qu&rsquo;on a sur elle. Notre \u00ab Docteur de la joie \u00bb, Hysope vous accompagne, vous et votre entourage. Elle vous propose du mieux-\u00eatre, de l\u2019\u00e9vasion et un autre regard sur la maladie. La maladie et ses traitements [&hellip;]\" \/>\n<meta property=\"og:url\" content=\"https:\/\/reseau-amylose.org\/jesuispatient\/accompagnement-des-patients-et-des-aidants\/neztoiles-lart-soignant-centre-sur-la-joie\/\" \/>\n<meta property=\"og:site_name\" content=\"R\u00e9seau Amylose Site Patient\" \/>\n<meta property=\"article:modified_time\" content=\"2023-05-04T08:21:33+00:00\" \/>\n<meta property=\"og:image\" content=\"http:\/\/reseau-amylose.org\/patient\/wp-content\/uploads\/2019\/01\/fee.jpg\" \/>\n<meta name=\"twitter:card\" content=\"summary_large_image\" \/>\n<meta name=\"twitter:label1\" content=\"Dur\u00e9e de lecture estim\u00e9e\" \/>\n\t<meta name=\"twitter:data1\" content=\"2 minutes\" \/>\n<script type=\"application\/ld+json\" class=\"yoast-schema-graph\">{\"@context\":\"https:\/\/schema.org\",\"@graph\":[{\"@type\":\"WebPage\",\"@id\":\"https:\/\/reseau-amylose.org\/jesuispatient\/accompagnement-des-patients-et-des-aidants\/neztoiles-lart-soignant-centre-sur-la-joie\/\",\"url\":\"https:\/\/reseau-amylose.org\/jesuispatient\/accompagnement-des-patients-et-des-aidants\/neztoiles-lart-soignant-centre-sur-la-joie\/\",\"name\":\"Neztoiles, l'art soignant centr\u00e9 sur la joie - R\u00e9seau Amylose Site Patient\",\"isPartOf\":{\"@id\":\"https:\/\/reseau-amylose.org\/jesuispatient\/#website\"},\"primaryImageOfPage\":{\"@id\":\"https:\/\/reseau-amylose.org\/jesuispatient\/accompagnement-des-patients-et-des-aidants\/neztoiles-lart-soignant-centre-sur-la-joie\/#primaryimage\"},\"image\":{\"@id\":\"https:\/\/reseau-amylose.org\/jesuispatient\/accompagnement-des-patients-et-des-aidants\/neztoiles-lart-soignant-centre-sur-la-joie\/#primaryimage\"},\"thumbnailUrl\":\"http:\/\/reseau-amylose.org\/patient\/wp-content\/uploads\/2019\/01\/fee.jpg\",\"datePublished\":\"2018-11-28T11:40:44+00:00\",\"dateModified\":\"2023-05-04T08:21:33+00:00\",\"breadcrumb\":{\"@id\":\"https:\/\/reseau-amylose.org\/jesuispatient\/accompagnement-des-patients-et-des-aidants\/neztoiles-lart-soignant-centre-sur-la-joie\/#breadcrumb\"},\"inLanguage\":\"fr-FR\",\"potentialAction\":[{\"@type\":\"ReadAction\",\"target\":[\"https:\/\/reseau-amylose.org\/jesuispatient\/accompagnement-des-patients-et-des-aidants\/neztoiles-lart-soignant-centre-sur-la-joie\/\"]}]},{\"@type\":\"ImageObject\",\"inLanguage\":\"fr-FR\",\"@id\":\"https:\/\/reseau-amylose.org\/jesuispatient\/accompagnement-des-patients-et-des-aidants\/neztoiles-lart-soignant-centre-sur-la-joie\/#primaryimage\",\"url\":\"http:\/\/reseau-amylose.org\/patient\/wp-content\/uploads\/2019\/01\/fee.jpg\",\"contentUrl\":\"http:\/\/reseau-amylose.org\/patient\/wp-content\/uploads\/2019\/01\/fee.jpg\"},{\"@type\":\"BreadcrumbList\",\"@id\":\"https:\/\/reseau-amylose.org\/jesuispatient\/accompagnement-des-patients-et-des-aidants\/neztoiles-lart-soignant-centre-sur-la-joie\/#breadcrumb\",\"itemListElement\":[{\"@type\":\"ListItem\",\"position\":1,\"name\":\"Accueil\",\"item\":\"https:\/\/reseau-amylose.org\/jesuispatient\/\"},{\"@type\":\"ListItem\",\"position\":2,\"name\":\"ACCOMPAGNEMENT DES PATIENTS ET DES AIDANTS\",\"item\":\"https:\/\/reseau-amylose.org\/jesuispatient\/accompagnement-des-patients-et-des-aidants\/\"},{\"@type\":\"ListItem\",\"position\":3,\"name\":\"Neztoiles, l&rsquo;art soignant centr\u00e9 sur la joie\"}]},{\"@type\":\"WebSite\",\"@id\":\"https:\/\/reseau-amylose.org\/jesuispatient\/#website\",\"url\":\"https:\/\/reseau-amylose.org\/jesuispatient\/\",\"name\":\"R\u00e9seau Amylose Site Patient\",\"description\":\"Centre de r\u00e9f\u00e9rence des amyloses cardiaques\",\"potentialAction\":[{\"@type\":\"SearchAction\",\"target\":{\"@type\":\"EntryPoint\",\"urlTemplate\":\"https:\/\/reseau-amylose.org\/jesuispatient\/?s={search_term_string}\"},\"query-input\":{\"@type\":\"PropertyValueSpecification\",\"valueRequired\":true,\"valueName\":\"search_term_string\"}}],\"inLanguage\":\"fr-FR\"}]}<\/script>\n<!-- \/ Yoast SEO plugin. -->","yoast_head_json":{"title":"Neztoiles, l'art soignant centr\u00e9 sur la joie - R\u00e9seau Amylose Site Patient","robots":{"index":"index","follow":"follow","max-snippet":"max-snippet:-1","max-image-preview":"max-image-preview:large","max-video-preview":"max-video-preview:-1"},"canonical":"https:\/\/reseau-amylose.org\/jesuispatient\/accompagnement-des-patients-et-des-aidants\/neztoiles-lart-soignant-centre-sur-la-joie\/","og_locale":"fr_FR","og_type":"article","og_title":"Neztoiles, l'art soignant centr\u00e9 sur la joie - R\u00e9seau Amylose Site Patient","og_description":"Notre docteur de la joie Si on ne peut pas changer la vie, on peut changer le regard qu&rsquo;on a sur elle. Notre \u00ab Docteur de la joie \u00bb, Hysope vous accompagne, vous et votre entourage. Elle vous propose du mieux-\u00eatre, de l\u2019\u00e9vasion et un autre regard sur la maladie. La maladie et ses traitements [&hellip;]","og_url":"https:\/\/reseau-amylose.org\/jesuispatient\/accompagnement-des-patients-et-des-aidants\/neztoiles-lart-soignant-centre-sur-la-joie\/","og_site_name":"R\u00e9seau Amylose Site Patient","article_modified_time":"2023-05-04T08:21:33+00:00","og_image":[{"url":"http:\/\/reseau-amylose.org\/patient\/wp-content\/uploads\/2019\/01\/fee.jpg","type":"","width":"","height":""}],"twitter_card":"summary_large_image","twitter_misc":{"Dur\u00e9e de lecture estim\u00e9e":"2 minutes"},"schema":{"@context":"https:\/\/schema.org","@graph":[{"@type":"WebPage","@id":"https:\/\/reseau-amylose.org\/jesuispatient\/accompagnement-des-patients-et-des-aidants\/neztoiles-lart-soignant-centre-sur-la-joie\/","url":"https:\/\/reseau-amylose.org\/jesuispatient\/accompagnement-des-patients-et-des-aidants\/neztoiles-lart-soignant-centre-sur-la-joie\/","name":"Neztoiles, l'art soignant centr\u00e9 sur la joie - R\u00e9seau Amylose Site Patient","isPartOf":{"@id":"https:\/\/reseau-amylose.org\/jesuispatient\/#website"},"primaryImageOfPage":{"@id":"https:\/\/reseau-amylose.org\/jesuispatient\/accompagnement-des-patients-et-des-aidants\/neztoiles-lart-soignant-centre-sur-la-joie\/#primaryimage"},"image":{"@id":"https:\/\/reseau-amylose.org\/jesuispatient\/accompagnement-des-patients-et-des-aidants\/neztoiles-lart-soignant-centre-sur-la-joie\/#primaryimage"},"thumbnailUrl":"http:\/\/reseau-amylose.org\/patient\/wp-content\/uploads\/2019\/01\/fee.jpg","datePublished":"2018-11-28T11:40:44+00:00","dateModified":"2023-05-04T08:21:33+00:00","breadcrumb":{"@id":"https:\/\/reseau-amylose.org\/jesuispatient\/accompagnement-des-patients-et-des-aidants\/neztoiles-lart-soignant-centre-sur-la-joie\/#breadcrumb"},"inLanguage":"fr-FR","potentialAction":[{"@type":"ReadAction","target":["https:\/\/reseau-amylose.org\/jesuispatient\/accompagnement-des-patients-et-des-aidants\/neztoiles-lart-soignant-centre-sur-la-joie\/"]}]},{"@type":"ImageObject","inLanguage":"fr-FR","@id":"https:\/\/reseau-amylose.org\/jesuispatient\/accompagnement-des-patients-et-des-aidants\/neztoiles-lart-soignant-centre-sur-la-joie\/#primaryimage","url":"http:\/\/reseau-amylose.org\/patient\/wp-content\/uploads\/2019\/01\/fee.jpg","contentUrl":"http:\/\/reseau-amylose.org\/patient\/wp-content\/uploads\/2019\/01\/fee.jpg"},{"@type":"BreadcrumbList","@id":"https:\/\/reseau-amylose.org\/jesuispatient\/accompagnement-des-patients-et-des-aidants\/neztoiles-lart-soignant-centre-sur-la-joie\/#breadcrumb","itemListElement":[{"@type":"ListItem","position":1,"name":"Accueil","item":"https:\/\/reseau-amylose.org\/jesuispatient\/"},{"@type":"ListItem","position":2,"name":"ACCOMPAGNEMENT DES PATIENTS ET DES AIDANTS","item":"https:\/\/reseau-amylose.org\/jesuispatient\/accompagnement-des-patients-et-des-aidants\/"},{"@type":"ListItem","position":3,"name":"Neztoiles, l&rsquo;art soignant centr\u00e9 sur la joie"}]},{"@type":"WebSite","@id":"https:\/\/reseau-amylose.org\/jesuispatient\/#website","url":"https:\/\/reseau-amylose.org\/jesuispatient\/","name":"R\u00e9seau Amylose Site Patient","description":"Centre de r\u00e9f\u00e9rence des amyloses cardiaques","potentialAction":[{"@type":"SearchAction","target":{"@type":"EntryPoint","urlTemplate":"https:\/\/reseau-amylose.org\/jesuispatient\/?s={search_term_string}"},"query-input":{"@type":"PropertyValueSpecification","valueRequired":true,"valueName":"search_term_string"}}],"inLanguage":"fr-FR"}]}},"_links":{"self":[{"href":"https:\/\/reseau-amylose.org\/jesuispatient\/wp-json\/wp\/v2\/pages\/120","targetHints":{"allow":["GET"]}}],"collection":[{"href":"https:\/\/reseau-amylose.org\/jesuispatient\/wp-json\/wp\/v2\/pages"}],"about":[{"href":"https:\/\/reseau-amylose.org\/jesuispatient\/wp-json\/wp\/v2\/types\/page"}],"author":[{"embeddable":true,"href":"https:\/\/reseau-amylose.org\/jesuispatient\/wp-json\/wp\/v2\/users\/1"}],"replies":[{"embeddable":true,"href":"https:\/\/reseau-amylose.org\/jesuispatient\/wp-json\/wp\/v2\/comments?post=120"}],"version-history":[{"count":23,"href":"https:\/\/reseau-amylose.org\/jesuispatient\/wp-json\/wp\/v2\/pages\/120\/revisions"}],"predecessor-version":[{"id":3835,"href":"https:\/\/reseau-amylose.org\/jesuispatient\/wp-json\/wp\/v2\/pages\/120\/revisions\/3835"}],"up":[{"embeddable":true,"href":"https:\/\/reseau-amylose.org\/jesuispatient\/wp-json\/wp\/v2\/pages\/87"}],"wp:attachment":[{"href":"https:\/\/reseau-amylose.org\/jesuispatient\/wp-json\/wp\/v2\/media?parent=120"}],"wp:term":[{"taxonomy":"category","embeddable":true,"href":"https:\/\/reseau-amylose.org\/jesuispatient\/wp-json\/wp\/v2\/categories?post=120"},{"taxonomy":"post_tag","embeddable":true,"href":"https:\/\/reseau-amylose.org\/jesuispatient\/wp-json\/wp\/v2\/tags?post=120"}],"curies":[{"name":"wp","href":"https:\/\/api.w.org\/{rel}","templated":true}]}}