{"id":118,"date":"2018-11-28T11:39:57","date_gmt":"2018-11-28T11:39:57","guid":{"rendered":"http:\/\/patient.reseau-amylose.org\/?page_id=118"},"modified":"2021-08-25T09:26:49","modified_gmt":"2021-08-25T07:26:49","slug":"temps-de-rencontre-pour-les-aidants","status":"publish","type":"page","link":"https:\/\/reseau-amylose.org\/jesuispatient\/accompagnement-des-patients-et-des-aidants\/temps-de-rencontre-pour-les-aidants\/","title":{"rendered":"Temps de rencontre pour les aidants"},"content":{"rendered":"\t\t<div data-elementor-type=\"wp-post\" data-elementor-id=\"118\" class=\"elementor elementor-118\" data-elementor-post-type=\"page\">\n\t\t\t\t\t\t<section class=\"elementor-section elementor-top-section elementor-element elementor-element-3d45cbf6 elementor-section-content-middle elementor-section-boxed elementor-section-height-default elementor-section-height-default\" data-id=\"3d45cbf6\" data-element_type=\"section\" data-settings=\"{&quot;background_background&quot;:&quot;classic&quot;}\">\n\t\t\t\t\t\t<div class=\"elementor-container elementor-column-gap-no\">\n\t\t\t\t\t<div class=\"elementor-column elementor-col-100 elementor-top-column elementor-element elementor-element-1c6609ab\" data-id=\"1c6609ab\" data-element_type=\"column\">\n\t\t\t<div class=\"elementor-widget-wrap elementor-element-populated\">\n\t\t\t\t\t\t<div class=\"elementor-element elementor-element-3dcf6c02 elementor-widget-divider--view-line elementor-widget elementor-widget-divider\" data-id=\"3dcf6c02\" data-element_type=\"widget\" data-widget_type=\"divider.default\">\n\t\t\t\t<div class=\"elementor-widget-container\">\n\t\t\t\t\t\t\t<div class=\"elementor-divider\">\n\t\t\t<span class=\"elementor-divider-separator\">\n\t\t\t\t\t\t<\/span>\n\t\t<\/div>\n\t\t\t\t\t\t<\/div>\n\t\t\t\t<\/div>\n\t\t\t\t<div class=\"elementor-element elementor-element-17cf107c elementor-widget elementor-widget-heading\" data-id=\"17cf107c\" data-element_type=\"widget\" data-widget_type=\"heading.default\">\n\t\t\t\t<div class=\"elementor-widget-container\">\n\t\t\t\t\t<h6 class=\"elementor-heading-title elementor-size-default\"><h2 class=\"elementor-heading-title elementor-size-large elementor-inline-editing pen\" data-elementor-setting-key=\"title\" data-pen-placeholder=\"\u00c9crivez ici...\">Un temps pour les aidants<\/h2><\/h6>\t\t\t\t<\/div>\n\t\t\t\t<\/div>\n\t\t\t\t\t<\/div>\n\t\t<\/div>\n\t\t\t\t\t<\/div>\n\t\t<\/section>\n\t\t\t\t<section class=\"elementor-section elementor-top-section elementor-element elementor-element-1d9de165 elementor-section-boxed elementor-section-height-default elementor-section-height-default\" data-id=\"1d9de165\" data-element_type=\"section\">\n\t\t\t\t\t\t<div class=\"elementor-container elementor-column-gap-default\">\n\t\t\t\t\t<div class=\"elementor-column elementor-col-100 elementor-top-column elementor-element elementor-element-69bc6897\" data-id=\"69bc6897\" data-element_type=\"column\">\n\t\t\t<div class=\"elementor-widget-wrap elementor-element-populated\">\n\t\t\t\t\t\t<div class=\"elementor-element elementor-element-47174bf4 elementor-widget elementor-widget-text-editor\" data-id=\"47174bf4\" data-element_type=\"widget\" data-widget_type=\"text-editor.default\">\n\t\t\t\t<div class=\"elementor-widget-container\">\n\t\t\t\t\t\t\t\t\t<h6 align=\"JUSTIFY\">Notre soutien aux aidants\u00a0:<\/h6><h6 align=\"JUSTIFY\">Jean-Fran\u00e7ois Mercuriot,<\/h6><h6 align=\"JUSTIFY\">Membre de l\u2019Association Fran\u00e7aise Contre l\u2019Amylose<\/h6><h6 align=\"JUSTIFY\"><a href=\"http:\/\/www.amylose.asso.fr\">www.amylose.asso.fr<\/a><\/h6><h6>L\u2019amylose et ses traitements peuvent alt\u00e9rer votre qualit\u00e9 de vie et celle de votre famille, de vos proches, vos aidants. Afin de les accompagner, Jean- Fran\u00e7ois Mercuriot, membre de l\u2019Association Fran\u00e7aise Contre l\u2019Amylose, propose \u00e0 vos proches et aux membres de votre famille qui vous accompagnent au quotidien, une rencontre bienveillante et un partage d\u2019exp\u00e9rience, les jeudis apr\u00e8s-midi, au sein de centre de r\u00e9f\u00e9rence.<\/h6>\t\t\t\t\t\t\t\t<\/div>\n\t\t\t\t<\/div>\n\t\t\t\t\t<\/div>\n\t\t<\/div>\n\t\t\t\t\t<\/div>\n\t\t<\/section>\n\t\t\t\t<section class=\"elementor-section elementor-top-section elementor-element elementor-element-541d8f21 elementor-section-boxed elementor-section-height-default elementor-section-height-default\" data-id=\"541d8f21\" data-element_type=\"section\">\n\t\t\t\t\t\t<div class=\"elementor-container elementor-column-gap-default\">\n\t\t\t\t\t<div class=\"elementor-column elementor-col-100 elementor-top-column elementor-element elementor-element-26dff9d5\" data-id=\"26dff9d5\" data-element_type=\"column\">\n\t\t\t<div class=\"elementor-widget-wrap elementor-element-populated\">\n\t\t\t\t\t\t<div class=\"elementor-element elementor-element-d473de2 elementor-widget elementor-widget-spacer\" data-id=\"d473de2\" data-element_type=\"widget\" data-widget_type=\"spacer.default\">\n\t\t\t\t<div class=\"elementor-widget-container\">\n\t\t\t\t\t\t\t<div class=\"elementor-spacer\">\n\t\t\t<div class=\"elementor-spacer-inner\"><\/div>\n\t\t<\/div>\n\t\t\t\t\t\t<\/div>\n\t\t\t\t<\/div>\n\t\t\t\t\t<\/div>\n\t\t<\/div>\n\t\t\t\t\t<\/div>\n\t\t<\/section>\n\t\t\t\t<\/div>\n\t\t","protected":false},"excerpt":{"rendered":"<p>Un temps pour les aidants Notre soutien aux aidants&nbsp;: Jean-Fran\u00e7ois Mercuriot, Membre de l\u2019Association Fran\u00e7aise Contre l\u2019Amylose www.amylose.asso.fr L\u2019amylose et ses traitements peuvent alt\u00e9rer votre qualit\u00e9 de vie et celle de votre famille, de vos proches, vos aidants. Afin de les accompagner, Jean- Fran\u00e7ois Mercuriot, membre de l\u2019Association Fran\u00e7aise Contre l\u2019Amylose, propose \u00e0 vos proches [&hellip;]<\/p>\n","protected":false},"author":1,"featured_media":0,"parent":87,"menu_order":4,"comment_status":"closed","ping_status":"closed","template":"","meta":{"_monsterinsights_skip_tracking":false,"_monsterinsights_sitenote_active":false,"_monsterinsights_sitenote_note":"","_monsterinsights_sitenote_category":0,"footnotes":""},"categories":[],"tags":[],"class_list":["post-118","page","type-page","status-publish","hentry"],"yoast_head":"<!-- This site is optimized with the Yoast SEO plugin v25.5 - https:\/\/yoast.com\/wordpress\/plugins\/seo\/ -->\n<title>Temps de rencontre pour les aidants - R\u00e9seau Amylose Site Patient<\/title>\n<meta name=\"robots\" content=\"index, follow, max-snippet:-1, max-image-preview:large, max-video-preview:-1\" \/>\n<link rel=\"canonical\" href=\"https:\/\/reseau-amylose.org\/jesuispatient\/accompagnement-des-patients-et-des-aidants\/temps-de-rencontre-pour-les-aidants\/\" \/>\n<meta property=\"og:locale\" content=\"fr_FR\" \/>\n<meta property=\"og:type\" content=\"article\" \/>\n<meta property=\"og:title\" content=\"Temps de rencontre pour les aidants - R\u00e9seau Amylose Site Patient\" \/>\n<meta property=\"og:description\" content=\"Un temps pour les aidants Notre soutien aux aidants&nbsp;: Jean-Fran\u00e7ois Mercuriot, Membre de l\u2019Association Fran\u00e7aise Contre l\u2019Amylose www.amylose.asso.fr L\u2019amylose et ses traitements peuvent alt\u00e9rer votre qualit\u00e9 de vie et celle de votre famille, de vos proches, vos aidants. Afin de les accompagner, Jean- Fran\u00e7ois Mercuriot, membre de l\u2019Association Fran\u00e7aise Contre l\u2019Amylose, propose \u00e0 vos proches [&hellip;]\" \/>\n<meta property=\"og:url\" content=\"https:\/\/reseau-amylose.org\/jesuispatient\/accompagnement-des-patients-et-des-aidants\/temps-de-rencontre-pour-les-aidants\/\" \/>\n<meta property=\"og:site_name\" content=\"R\u00e9seau Amylose Site Patient\" \/>\n<meta property=\"article:modified_time\" content=\"2021-08-25T07:26:49+00:00\" \/>\n<meta name=\"twitter:card\" content=\"summary_large_image\" \/>\n<meta name=\"twitter:label1\" content=\"Dur\u00e9e de lecture estim\u00e9e\" \/>\n\t<meta name=\"twitter:data1\" content=\"1 minute\" \/>\n<script type=\"application\/ld+json\" class=\"yoast-schema-graph\">{\"@context\":\"https:\/\/schema.org\",\"@graph\":[{\"@type\":\"WebPage\",\"@id\":\"https:\/\/reseau-amylose.org\/jesuispatient\/accompagnement-des-patients-et-des-aidants\/temps-de-rencontre-pour-les-aidants\/\",\"url\":\"https:\/\/reseau-amylose.org\/jesuispatient\/accompagnement-des-patients-et-des-aidants\/temps-de-rencontre-pour-les-aidants\/\",\"name\":\"Temps de rencontre pour les aidants - R\u00e9seau Amylose Site Patient\",\"isPartOf\":{\"@id\":\"https:\/\/reseau-amylose.org\/jesuispatient\/#website\"},\"datePublished\":\"2018-11-28T11:39:57+00:00\",\"dateModified\":\"2021-08-25T07:26:49+00:00\",\"breadcrumb\":{\"@id\":\"https:\/\/reseau-amylose.org\/jesuispatient\/accompagnement-des-patients-et-des-aidants\/temps-de-rencontre-pour-les-aidants\/#breadcrumb\"},\"inLanguage\":\"fr-FR\",\"potentialAction\":[{\"@type\":\"ReadAction\",\"target\":[\"https:\/\/reseau-amylose.org\/jesuispatient\/accompagnement-des-patients-et-des-aidants\/temps-de-rencontre-pour-les-aidants\/\"]}]},{\"@type\":\"BreadcrumbList\",\"@id\":\"https:\/\/reseau-amylose.org\/jesuispatient\/accompagnement-des-patients-et-des-aidants\/temps-de-rencontre-pour-les-aidants\/#breadcrumb\",\"itemListElement\":[{\"@type\":\"ListItem\",\"position\":1,\"name\":\"Accueil\",\"item\":\"https:\/\/reseau-amylose.org\/jesuispatient\/\"},{\"@type\":\"ListItem\",\"position\":2,\"name\":\"ACCOMPAGNEMENT DES PATIENTS ET DES AIDANTS\",\"item\":\"https:\/\/reseau-amylose.org\/jesuispatient\/accompagnement-des-patients-et-des-aidants\/\"},{\"@type\":\"ListItem\",\"position\":3,\"name\":\"Temps de rencontre pour les aidants\"}]},{\"@type\":\"WebSite\",\"@id\":\"https:\/\/reseau-amylose.org\/jesuispatient\/#website\",\"url\":\"https:\/\/reseau-amylose.org\/jesuispatient\/\",\"name\":\"R\u00e9seau Amylose Site Patient\",\"description\":\"Centre de r\u00e9f\u00e9rence des amyloses cardiaques\",\"potentialAction\":[{\"@type\":\"SearchAction\",\"target\":{\"@type\":\"EntryPoint\",\"urlTemplate\":\"https:\/\/reseau-amylose.org\/jesuispatient\/?s={search_term_string}\"},\"query-input\":{\"@type\":\"PropertyValueSpecification\",\"valueRequired\":true,\"valueName\":\"search_term_string\"}}],\"inLanguage\":\"fr-FR\"}]}<\/script>\n<!-- \/ Yoast SEO plugin. -->","yoast_head_json":{"title":"Temps de rencontre pour les aidants - R\u00e9seau Amylose Site Patient","robots":{"index":"index","follow":"follow","max-snippet":"max-snippet:-1","max-image-preview":"max-image-preview:large","max-video-preview":"max-video-preview:-1"},"canonical":"https:\/\/reseau-amylose.org\/jesuispatient\/accompagnement-des-patients-et-des-aidants\/temps-de-rencontre-pour-les-aidants\/","og_locale":"fr_FR","og_type":"article","og_title":"Temps de rencontre pour les aidants - R\u00e9seau Amylose Site Patient","og_description":"Un temps pour les aidants Notre soutien aux aidants&nbsp;: Jean-Fran\u00e7ois Mercuriot, Membre de l\u2019Association Fran\u00e7aise Contre l\u2019Amylose www.amylose.asso.fr L\u2019amylose et ses traitements peuvent alt\u00e9rer votre qualit\u00e9 de vie et celle de votre famille, de vos proches, vos aidants. Afin de les accompagner, Jean- Fran\u00e7ois Mercuriot, membre de l\u2019Association Fran\u00e7aise Contre l\u2019Amylose, propose \u00e0 vos proches [&hellip;]","og_url":"https:\/\/reseau-amylose.org\/jesuispatient\/accompagnement-des-patients-et-des-aidants\/temps-de-rencontre-pour-les-aidants\/","og_site_name":"R\u00e9seau Amylose Site Patient","article_modified_time":"2021-08-25T07:26:49+00:00","twitter_card":"summary_large_image","twitter_misc":{"Dur\u00e9e de lecture estim\u00e9e":"1 minute"},"schema":{"@context":"https:\/\/schema.org","@graph":[{"@type":"WebPage","@id":"https:\/\/reseau-amylose.org\/jesuispatient\/accompagnement-des-patients-et-des-aidants\/temps-de-rencontre-pour-les-aidants\/","url":"https:\/\/reseau-amylose.org\/jesuispatient\/accompagnement-des-patients-et-des-aidants\/temps-de-rencontre-pour-les-aidants\/","name":"Temps de rencontre pour les aidants - R\u00e9seau Amylose Site Patient","isPartOf":{"@id":"https:\/\/reseau-amylose.org\/jesuispatient\/#website"},"datePublished":"2018-11-28T11:39:57+00:00","dateModified":"2021-08-25T07:26:49+00:00","breadcrumb":{"@id":"https:\/\/reseau-amylose.org\/jesuispatient\/accompagnement-des-patients-et-des-aidants\/temps-de-rencontre-pour-les-aidants\/#breadcrumb"},"inLanguage":"fr-FR","potentialAction":[{"@type":"ReadAction","target":["https:\/\/reseau-amylose.org\/jesuispatient\/accompagnement-des-patients-et-des-aidants\/temps-de-rencontre-pour-les-aidants\/"]}]},{"@type":"BreadcrumbList","@id":"https:\/\/reseau-amylose.org\/jesuispatient\/accompagnement-des-patients-et-des-aidants\/temps-de-rencontre-pour-les-aidants\/#breadcrumb","itemListElement":[{"@type":"ListItem","position":1,"name":"Accueil","item":"https:\/\/reseau-amylose.org\/jesuispatient\/"},{"@type":"ListItem","position":2,"name":"ACCOMPAGNEMENT DES PATIENTS ET DES AIDANTS","item":"https:\/\/reseau-amylose.org\/jesuispatient\/accompagnement-des-patients-et-des-aidants\/"},{"@type":"ListItem","position":3,"name":"Temps de rencontre pour les aidants"}]},{"@type":"WebSite","@id":"https:\/\/reseau-amylose.org\/jesuispatient\/#website","url":"https:\/\/reseau-amylose.org\/jesuispatient\/","name":"R\u00e9seau Amylose Site Patient","description":"Centre de r\u00e9f\u00e9rence des amyloses cardiaques","potentialAction":[{"@type":"SearchAction","target":{"@type":"EntryPoint","urlTemplate":"https:\/\/reseau-amylose.org\/jesuispatient\/?s={search_term_string}"},"query-input":{"@type":"PropertyValueSpecification","valueRequired":true,"valueName":"search_term_string"}}],"inLanguage":"fr-FR"}]}},"_links":{"self":[{"href":"https:\/\/reseau-amylose.org\/jesuispatient\/wp-json\/wp\/v2\/pages\/118","targetHints":{"allow":["GET"]}}],"collection":[{"href":"https:\/\/reseau-amylose.org\/jesuispatient\/wp-json\/wp\/v2\/pages"}],"about":[{"href":"https:\/\/reseau-amylose.org\/jesuispatient\/wp-json\/wp\/v2\/types\/page"}],"author":[{"embeddable":true,"href":"https:\/\/reseau-amylose.org\/jesuispatient\/wp-json\/wp\/v2\/users\/1"}],"replies":[{"embeddable":true,"href":"https:\/\/reseau-amylose.org\/jesuispatient\/wp-json\/wp\/v2\/comments?post=118"}],"version-history":[{"count":8,"href":"https:\/\/reseau-amylose.org\/jesuispatient\/wp-json\/wp\/v2\/pages\/118\/revisions"}],"predecessor-version":[{"id":3146,"href":"https:\/\/reseau-amylose.org\/jesuispatient\/wp-json\/wp\/v2\/pages\/118\/revisions\/3146"}],"up":[{"embeddable":true,"href":"https:\/\/reseau-amylose.org\/jesuispatient\/wp-json\/wp\/v2\/pages\/87"}],"wp:attachment":[{"href":"https:\/\/reseau-amylose.org\/jesuispatient\/wp-json\/wp\/v2\/media?parent=118"}],"wp:term":[{"taxonomy":"category","embeddable":true,"href":"https:\/\/reseau-amylose.org\/jesuispatient\/wp-json\/wp\/v2\/categories?post=118"},{"taxonomy":"post_tag","embeddable":true,"href":"https:\/\/reseau-amylose.org\/jesuispatient\/wp-json\/wp\/v2\/tags?post=118"}],"curies":[{"name":"wp","href":"https:\/\/api.w.org\/{rel}","templated":true}]}}