{"id":112,"date":"2018-11-28T11:38:07","date_gmt":"2018-11-28T11:38:07","guid":{"rendered":"http:\/\/patient.reseau-amylose.org\/?page_id=112"},"modified":"2022-08-03T14:54:09","modified_gmt":"2022-08-03T12:54:09","slug":"accompagnement-psycho-social","status":"publish","type":"page","link":"https:\/\/reseau-amylose.org\/jesuispatient\/accompagnement-des-patients-et-des-aidants\/accompagnement-psycho-social\/","title":{"rendered":"Accompagnement psycho-social"},"content":{"rendered":"\t\t<div data-elementor-type=\"wp-post\" data-elementor-id=\"112\" class=\"elementor elementor-112\" data-elementor-post-type=\"page\">\n\t\t\t\t\t\t<section class=\"elementor-section elementor-top-section elementor-element elementor-element-4d29b435 elementor-section-content-middle elementor-section-boxed elementor-section-height-default elementor-section-height-default\" data-id=\"4d29b435\" data-element_type=\"section\" data-settings=\"{&quot;background_background&quot;:&quot;classic&quot;}\">\n\t\t\t\t\t\t<div class=\"elementor-container elementor-column-gap-no\">\n\t\t\t\t\t<div class=\"elementor-column elementor-col-100 elementor-top-column elementor-element elementor-element-4f282730\" data-id=\"4f282730\" data-element_type=\"column\">\n\t\t\t<div class=\"elementor-widget-wrap elementor-element-populated\">\n\t\t\t\t\t\t<div class=\"elementor-element elementor-element-4937f8f1 elementor-widget-divider--view-line elementor-widget elementor-widget-divider\" data-id=\"4937f8f1\" data-element_type=\"widget\" data-widget_type=\"divider.default\">\n\t\t\t\t<div class=\"elementor-widget-container\">\n\t\t\t\t\t\t\t<div class=\"elementor-divider\">\n\t\t\t<span class=\"elementor-divider-separator\">\n\t\t\t\t\t\t<\/span>\n\t\t<\/div>\n\t\t\t\t\t\t<\/div>\n\t\t\t\t<\/div>\n\t\t\t\t<div class=\"elementor-element elementor-element-46e32786 elementor-widget elementor-widget-heading\" data-id=\"46e32786\" data-element_type=\"widget\" data-widget_type=\"heading.default\">\n\t\t\t\t<div class=\"elementor-widget-container\">\n\t\t\t\t\t<h6 class=\"elementor-heading-title elementor-size-default\"><h2 class=\"elementor-heading-title elementor-size-large elementor-inline-editing pen\" data-elementor-setting-key=\"title\" data-pen-placeholder=\"\u00c9crivez ici...\"> Accompagnement du patient<\/h2><\/h6>\t\t\t\t<\/div>\n\t\t\t\t<\/div>\n\t\t\t\t\t<\/div>\n\t\t<\/div>\n\t\t\t\t\t<\/div>\n\t\t<\/section>\n\t\t\t\t<section class=\"elementor-section elementor-top-section elementor-element elementor-element-2a2c65d4 elementor-section-boxed elementor-section-height-default elementor-section-height-default\" data-id=\"2a2c65d4\" data-element_type=\"section\">\n\t\t\t\t\t\t<div class=\"elementor-container elementor-column-gap-default\">\n\t\t\t\t\t<div class=\"elementor-column elementor-col-100 elementor-top-column elementor-element elementor-element-2567c040\" data-id=\"2567c040\" data-element_type=\"column\">\n\t\t\t<div class=\"elementor-widget-wrap elementor-element-populated\">\n\t\t\t\t\t\t<div class=\"elementor-element elementor-element-2259b2a elementor-widget elementor-widget-text-editor\" data-id=\"2259b2a\" data-element_type=\"widget\" data-widget_type=\"text-editor.default\">\n\t\t\t\t<div class=\"elementor-widget-container\">\n\t\t\t\t\t\t\t\t\t<h6 style=\"text-align: left\"><strong><span style=\"color: #4db8f0\">ACCOMPAGNEMENT PSYCHO-SOCIAL<\/span><\/strong><\/h6>\t\t\t\t\t\t\t\t<\/div>\n\t\t\t\t<\/div>\n\t\t\t\t<div class=\"elementor-element elementor-element-4aee892e elementor-widget elementor-widget-text-editor\" data-id=\"4aee892e\" data-element_type=\"widget\" data-widget_type=\"text-editor.default\">\n\t\t\t\t<div class=\"elementor-widget-container\">\n\t\t\t\t\t\t\t\t\t<h6><strong>ACCOMPAGNEMENT PSYCHOLOGIQUE<\/strong><\/h6><h6>Notre psychologue\u00a0:Julie Pompougnac<\/h6><h6>T\u00e9l\u00a0: 01 49 81 48 96 <a href=\"mailto:julie.pompougnac@aphp.fr\">julie.pompougnac@aphp.fr<\/a><\/h6><h6 align=\"JUSTIFY\">L\u2019amylose et ses traitements peuvent alt\u00e9rer votre qualit\u00e9 de vie et celle de vos proches. Ils peuvent \u00eatre source de difficult\u00e9, d\u2019inqui\u00e9tude ou de douleur morale. Notre psychologue vous propose une \u00e9coute et vous accompagne ainsi que vos proches, lors de votre hospitalisation, des consultations de Conseil g\u00e9n\u00e9tique ou \u00e0 votre demande sur rendez-vous.<\/h6>\t\t\t\t\t\t\t\t<\/div>\n\t\t\t\t<\/div>\n\t\t\t\t\t<\/div>\n\t\t<\/div>\n\t\t\t\t\t<\/div>\n\t\t<\/section>\n\t\t\t\t<section class=\"elementor-section elementor-top-section elementor-element elementor-element-6289c88 elementor-section-boxed elementor-section-height-default elementor-section-height-default\" data-id=\"6289c88\" data-element_type=\"section\">\n\t\t\t\t\t\t<div class=\"elementor-container elementor-column-gap-default\">\n\t\t\t\t\t<div class=\"elementor-column elementor-col-66 elementor-top-column elementor-element elementor-element-498121b\" data-id=\"498121b\" data-element_type=\"column\">\n\t\t\t<div class=\"elementor-widget-wrap\">\n\t\t\t\t\t\t\t<\/div>\n\t\t<\/div>\n\t\t\t\t<div class=\"elementor-column elementor-col-33 elementor-top-column elementor-element elementor-element-52a4689\" data-id=\"52a4689\" data-element_type=\"column\">\n\t\t\t<div class=\"elementor-widget-wrap elementor-element-populated\">\n\t\t\t\t\t\t<div class=\"elementor-element elementor-element-09d8301 elementor-widget elementor-widget-button\" data-id=\"09d8301\" data-element_type=\"widget\" data-widget_type=\"button.default\">\n\t\t\t\t<div class=\"elementor-widget-container\">\n\t\t\t\t\t\t\t\t\t<div class=\"elementor-button-wrapper\">\n\t\t\t\t\t<a class=\"elementor-button elementor-button-link elementor-size-md\" href=\"https:\/\/reseau-amylose.org\/jesuispatient\/le-suivi-psychologique\/\" target=\"_blank\">\n\t\t\t\t\t\t<span class=\"elementor-button-content-wrapper\">\n\t\t\t\t\t\t\t\t\t<span class=\"elementor-button-text\">Consultez la page \"Le suivi psychologique\"<\/span>\n\t\t\t\t\t<\/span>\n\t\t\t\t\t<\/a>\n\t\t\t\t<\/div>\n\t\t\t\t\t\t\t\t<\/div>\n\t\t\t\t<\/div>\n\t\t\t\t\t<\/div>\n\t\t<\/div>\n\t\t\t\t\t<\/div>\n\t\t<\/section>\n\t\t\t\t<section class=\"elementor-section elementor-top-section elementor-element elementor-element-700bb75c elementor-section-boxed elementor-section-height-default elementor-section-height-default\" data-id=\"700bb75c\" data-element_type=\"section\">\n\t\t\t\t\t\t<div class=\"elementor-container elementor-column-gap-default\">\n\t\t\t\t\t<div class=\"elementor-column elementor-col-100 elementor-top-column elementor-element elementor-element-1115111d\" data-id=\"1115111d\" data-element_type=\"column\">\n\t\t\t<div class=\"elementor-widget-wrap elementor-element-populated\">\n\t\t\t\t\t\t<div class=\"elementor-element elementor-element-4499cbe0 elementor-widget elementor-widget-text-editor\" data-id=\"4499cbe0\" data-element_type=\"widget\" data-widget_type=\"text-editor.default\">\n\t\t\t\t<div class=\"elementor-widget-container\">\n\t\t\t\t\t\t\t\t\t<h6><strong>ACCOMPAGNEMENT SOCIAL<\/strong><\/h6><h6 align=\"JUSTIFY\"><strong>Notre assistante de service social\u00a0: Agathe Englebert<\/strong><\/h6><h6>T\u00e9l: 01 49 81 22 72 ou son secr\u00e9tariat au : 0149814284<\/h6><h6><a href=\"mailto:agathe.englebert@aphp.fr\">agathe.englebert@aphp.fr<\/a><\/h6><h5 align=\"JUSTIFY\">La maladie peut engendrer des modifications de votre situation sociale, professionnelle et familiale. L\u2019assistante de service social est pr\u00e9sente du lundi au vendredi. Elle vous \u00e9coute, vous conseille, vous informe et vous accompagne dans vos diff\u00e9rentes d\u00e9marches sociales (acc\u00e8s aux soins et aux droits, orientation, retour au domicile). Elle peut vous rencontrer dans votre chambre ou dans son bureau sur rendez-vous.<\/h5>\t\t\t\t\t\t\t\t<\/div>\n\t\t\t\t<\/div>\n\t\t\t\t\t<\/div>\n\t\t<\/div>\n\t\t\t\t\t<\/div>\n\t\t<\/section>\n\t\t\t\t<section class=\"elementor-section elementor-top-section elementor-element elementor-element-12d26a1 elementor-section-boxed elementor-section-height-default elementor-section-height-default\" data-id=\"12d26a1\" data-element_type=\"section\">\n\t\t\t\t\t\t<div class=\"elementor-container elementor-column-gap-default\">\n\t\t\t\t\t<div class=\"elementor-column elementor-col-66 elementor-top-column elementor-element elementor-element-5cc9416\" data-id=\"5cc9416\" data-element_type=\"column\">\n\t\t\t<div class=\"elementor-widget-wrap\">\n\t\t\t\t\t\t\t<\/div>\n\t\t<\/div>\n\t\t\t\t<div class=\"elementor-column elementor-col-33 elementor-top-column elementor-element elementor-element-e0e1b59\" data-id=\"e0e1b59\" data-element_type=\"column\">\n\t\t\t<div class=\"elementor-widget-wrap elementor-element-populated\">\n\t\t\t\t\t\t<div class=\"elementor-element elementor-element-6cc3514 elementor-widget elementor-widget-button\" data-id=\"6cc3514\" data-element_type=\"widget\" data-widget_type=\"button.default\">\n\t\t\t\t<div class=\"elementor-widget-container\">\n\t\t\t\t\t\t\t\t\t<div class=\"elementor-button-wrapper\">\n\t\t\t\t\t<a class=\"elementor-button elementor-button-link elementor-size-md\" href=\"https:\/\/reseau-amylose.org\/jesuispatient\/les-consultations-avec-lassistante-sociale\/\" target=\"_blank\">\n\t\t\t\t\t\t<span class=\"elementor-button-content-wrapper\">\n\t\t\t\t\t\t\t\t\t<span class=\"elementor-button-text\">Consultez la page \"Le suivi avec l'assistante sociale\"<\/span>\n\t\t\t\t\t<\/span>\n\t\t\t\t\t<\/a>\n\t\t\t\t<\/div>\n\t\t\t\t\t\t\t\t<\/div>\n\t\t\t\t<\/div>\n\t\t\t\t\t<\/div>\n\t\t<\/div>\n\t\t\t\t\t<\/div>\n\t\t<\/section>\n\t\t\t\t<section class=\"elementor-section elementor-top-section elementor-element elementor-element-69ebf9be elementor-section-boxed elementor-section-height-default elementor-section-height-default\" data-id=\"69ebf9be\" data-element_type=\"section\">\n\t\t\t\t\t\t<div class=\"elementor-container elementor-column-gap-default\">\n\t\t\t\t\t<div class=\"elementor-column elementor-col-100 elementor-top-column elementor-element elementor-element-2138a4a4\" data-id=\"2138a4a4\" data-element_type=\"column\">\n\t\t\t<div class=\"elementor-widget-wrap elementor-element-populated\">\n\t\t\t\t\t\t<div class=\"elementor-element elementor-element-27d5e81 elementor-widget elementor-widget-heading\" data-id=\"27d5e81\" data-element_type=\"widget\" data-widget_type=\"heading.default\">\n\t\t\t\t<div class=\"elementor-widget-container\">\n\t\t\t\t\t<h6 class=\"elementor-heading-title elementor-size-default\">S'informer<\/h6>\t\t\t\t<\/div>\n\t\t\t\t<\/div>\n\t\t\t\t<div class=\"elementor-element elementor-element-5e5021a elementor-widget elementor-widget-text-editor\" data-id=\"5e5021a\" data-element_type=\"widget\" data-widget_type=\"text-editor.default\">\n\t\t\t\t<div class=\"elementor-widget-container\">\n\t\t\t\t\t\t\t\t\t<h6>Vous \u00eates admis \u00e0 l\u2019H\u00f4pital Henri Mondor dans le service de cardiologie. L\u2019assistante de service social vous \u00e9coute, vous conseille, vous informe et vous accompagne dans vos diff\u00e9rentes d\u00e9marches sociales.<\/h6><h6>L\u2019assistante de service social travaille en lien avec l\u2019\u00e9quipe pluridisciplinaire du r\u00e9seau amylose, elle a pour missions de favoriser\u202f: Votre acc\u00e8s aux soins (Ouverture de droits aupr\u00e8s de la s\u00e9curit\u00e9 sociale&#8230;) Votre acc\u00e8s aux droits (Protection juridique, difficult\u00e9s quotidiennes, professionnelles\u2026) Votre orientation en structure sanitaire ou m\u00e9dico-sociale. L\u2019organisation de votre retour au domicile. Elle intervient sur les probl\u00e9matiques sociales en lien avec la maladie.<\/h6>\t\t\t\t\t\t\t\t<\/div>\n\t\t\t\t<\/div>\n\t\t\t\t\t<\/div>\n\t\t<\/div>\n\t\t\t\t\t<\/div>\n\t\t<\/section>\n\t\t\t\t<section class=\"elementor-section elementor-top-section elementor-element elementor-element-6e88819e elementor-section-boxed elementor-section-height-default elementor-section-height-default\" data-id=\"6e88819e\" data-element_type=\"section\">\n\t\t\t\t\t\t<div class=\"elementor-container elementor-column-gap-default\">\n\t\t\t\t\t<div class=\"elementor-column elementor-col-100 elementor-top-column elementor-element elementor-element-47464297\" data-id=\"47464297\" data-element_type=\"column\">\n\t\t\t<div class=\"elementor-widget-wrap elementor-element-populated\">\n\t\t\t\t\t\t<div class=\"elementor-element elementor-element-50aa48e elementor-widget elementor-widget-heading\" data-id=\"50aa48e\" data-element_type=\"widget\" data-widget_type=\"heading.default\">\n\t\t\t\t<div class=\"elementor-widget-container\">\n\t\t\t\t\t<h6 class=\"elementor-heading-title elementor-size-default\">Vos besoins<\/h6>\t\t\t\t<\/div>\n\t\t\t\t<\/div>\n\t\t\t\t<div class=\"elementor-element elementor-element-5e570985 elementor-widget elementor-widget-text-editor\" data-id=\"5e570985\" data-element_type=\"widget\" data-widget_type=\"text-editor.default\">\n\t\t\t\t<div class=\"elementor-widget-container\">\n\t\t\t\t\t\t\t\t\t<h6>Un membre de votre famille est atteint d\u2019une amylose h\u00e9r\u00e9ditaire mais vous n\u2019avez aucun sympt\u00f4me. C&amp;r Une \u00e9valuation de vos besoins permet de vous orienter vers diff\u00e9rents dispositifs sociaux. L\u2019assistante de service social peut r\u00e9pondre \u00e0 vos interrogations lors d\u2019entretiens individuels (confidentiels) ou lors d\u2019ateliers collectifs mis en place par le r\u00e9seau Amylose dans le cadre de l\u2019\u00e9ducation th\u00e9rapeutique. Selon votre \u00e2ge, votre autonomie, votre lieu d\u2019habitation, votre situation familiale et professionnelle, vos ressources, il existe de nombreux dispositifs et diff\u00e9rentes aides qui peuvent am\u00e9liorer votre quotidien ainsi que celui de vos \u00e9ventuels aidants familiaux et amicausquo;est pour cela que l\u2019on parle de test \u00ab pr\u00e9-symptomatique \u00bb. Ce test pr\u00e9-symptomatique s\u2019adresse aux fr\u00e8res, s\u0153urs, enfants majeurs et parents d\u2019une personne atteinte d\u2019amylose h\u00e9r\u00e9ditaire et pour laquelle une mutation a \u00e9t\u00e9 identifi\u00e9e. Le test pr\u00e9-symptomatique \u00e9galement appel\u00e9 test pr\u00e9dictif vous permet de d\u00e9terminer si vous portez la m\u00eame mutation que votre parent malade. Dans le cas o\u00f9 vous \u00eates porteur de la mutation, vous \u00eates \u00e0 risque de d\u00e9velopper la m\u00eame maladie ult\u00e9rieurement et de la transmettre \u00e0 vos enfants. Suivant la mutation impliqu\u00e9e, vous pouvez \u00eatre porteur sans forc\u00e9ment d\u00e9velopper un jour la maladie. La connaissance de votre statut de porteur de la mutation familiale permet une surveillance m\u00e9dicale adapt\u00e9e et la mise en place d&rsquo;un traitement pr\u00e9coce. Le test g\u00e9n\u00e9tique n\u2019est pas obligatoire et d\u00e9pend des motivations de chacun. Il entraine des cons\u00e9quences personnelles et familiales non n\u00e9gligeables. Il est donc important de poser toutes les questions que vous souhaitez pour prendre votre d\u00e9cision de poursuivre ou non cette proc\u00e9dure. C\u2019est pour cela que l\u2019on parle de \u00ab conseil g\u00e9n\u00e9tique \u00bb.<\/h6>\t\t\t\t\t\t\t\t<\/div>\n\t\t\t\t<\/div>\n\t\t\t\t\t<\/div>\n\t\t<\/div>\n\t\t\t\t\t<\/div>\n\t\t<\/section>\n\t\t\t\t<section class=\"elementor-section elementor-top-section elementor-element elementor-element-2a13fb34 elementor-section-boxed elementor-section-height-default elementor-section-height-default\" data-id=\"2a13fb34\" data-element_type=\"section\">\n\t\t\t\t\t\t<div class=\"elementor-container elementor-column-gap-default\">\n\t\t\t\t\t<div class=\"elementor-column elementor-col-100 elementor-top-column elementor-element elementor-element-1a842b9e\" data-id=\"1a842b9e\" data-element_type=\"column\">\n\t\t\t<div class=\"elementor-widget-wrap elementor-element-populated\">\n\t\t\t\t\t\t<div class=\"elementor-element elementor-element-eaddf60 elementor-widget elementor-widget-heading\" data-id=\"eaddf60\" data-element_type=\"widget\" data-widget_type=\"heading.default\">\n\t\t\t\t<div class=\"elementor-widget-container\">\n\t\t\t\t\t<h6 class=\"elementor-heading-title elementor-size-default\">Apr\u00e8s l'hospitalisation<\/h6>\t\t\t\t<\/div>\n\t\t\t\t<\/div>\n\t\t\t\t<div class=\"elementor-element elementor-element-6da13ef1 elementor-widget elementor-widget-text-editor\" data-id=\"6da13ef1\" data-element_type=\"widget\" data-widget_type=\"text-editor.default\">\n\t\t\t\t<div class=\"elementor-widget-container\">\n\t\t\t\t\t\t\t\t\t<h6>Apr\u00e8s \u00e9valuation de votre situation, peuvent \u00eatre mis en place\u202f:\u00a0<\/h6><h6>Les soins de suite et de r\u00e9\u00e9ducation <b>(SSR) <\/b>dans les h\u00f4pitaux ou cliniques proches de chez vous, sur prescription m\u00e9dicale.\u00a0<\/h6><h6>Des aides au domicile\u202f:\u00a0\u00a0<\/h6><h6>Infirmiers \u00e0 domicile (Sur prescription m\u00e9dicale).\u00a0<\/h6><h6>Kin\u00e9sith\u00e9rapeute (Sur prescription m\u00e9dicale).\u00a0<\/h6><h6>Auxiliaire de vie.\u00a0<\/h6><h6>Aide-m\u00e9nag\u00e8re.\u00a0<\/h6><h6>Portage de repas.\u00a0\u00a0<\/h6><h6>T\u00e9l\u00e9 alarme\u2026<\/h6><h6>Un am\u00e9nagement possible du domicile.\u00a0<\/h6><h6>Chacune de ces prestations est partiellement\u00a0\u00a0 financ\u00e9e par diff\u00e9rents organismes tels que\u202f:\u00a0<\/h6><h6>La s\u00e9curit\u00e9 sociale\u00a0<\/h6><h6>Votre mutuelle\u00a0<\/h6><h6>Le conseil d\u00e9partemental (pour les personnes \u00e2g\u00e9es)\u00a0\u00a0<\/h6><h6>La Maison D\u00e9partementale des Personnes Handicap\u00e9es <b>(MDPH)<\/b>\u00a0<\/h6><h6>La Caisse R\u00e9gionale d\u2019Assurance Maladie d\u2019Ile de France (<b>CRAMIF)<\/b>\u00a0\u00a0<\/h6><h6>La Caisse d\u2019Allocations Familiales <b>(CAF)<\/b>\u00a0<\/h6><h6>Votre caisse de retraite\u00a0<\/h6><h6>L\u2019association fran\u00e7aise contre l\u2019Amylose\u00a0<\/h6><h6>Diverses associations en ville\u00a0<\/h6>\t\t\t\t\t\t\t\t<\/div>\n\t\t\t\t<\/div>\n\t\t\t\t\t<\/div>\n\t\t<\/div>\n\t\t\t\t\t<\/div>\n\t\t<\/section>\n\t\t\t\t<\/div>\n\t\t","protected":false},"excerpt":{"rendered":"<p>Accompagnement du patient ACCOMPAGNEMENT PSYCHO-SOCIAL ACCOMPAGNEMENT PSYCHOLOGIQUE Notre psychologue\u00a0:Julie Pompougnac T\u00e9l\u00a0: 01 49 81 48 96 julie.pompougnac@aphp.fr L\u2019amylose et ses traitements peuvent alt\u00e9rer votre qualit\u00e9 de vie et celle de vos proches. Ils peuvent \u00eatre source de difficult\u00e9, d\u2019inqui\u00e9tude ou de douleur morale. Notre psychologue vous propose une \u00e9coute et vous accompagne ainsi que vos [&hellip;]<\/p>\n","protected":false},"author":1,"featured_media":0,"parent":87,"menu_order":1,"comment_status":"closed","ping_status":"closed","template":"","meta":{"_monsterinsights_skip_tracking":false,"_monsterinsights_sitenote_active":false,"_monsterinsights_sitenote_note":"","_monsterinsights_sitenote_category":0,"footnotes":""},"categories":[],"tags":[],"class_list":["post-112","page","type-page","status-publish","hentry"],"yoast_head":"<!-- This site is optimized with the Yoast SEO plugin v25.5 - https:\/\/yoast.com\/wordpress\/plugins\/seo\/ -->\n<title>Accompagnement psycho-social - R\u00e9seau Amylose Site Patient<\/title>\n<meta name=\"robots\" content=\"index, follow, max-snippet:-1, max-image-preview:large, max-video-preview:-1\" \/>\n<link rel=\"canonical\" href=\"https:\/\/reseau-amylose.org\/jesuispatient\/accompagnement-des-patients-et-des-aidants\/accompagnement-psycho-social\/\" \/>\n<meta property=\"og:locale\" content=\"fr_FR\" \/>\n<meta property=\"og:type\" content=\"article\" \/>\n<meta property=\"og:title\" content=\"Accompagnement psycho-social - R\u00e9seau Amylose Site Patient\" \/>\n<meta property=\"og:description\" content=\"Accompagnement du patient ACCOMPAGNEMENT PSYCHO-SOCIAL ACCOMPAGNEMENT PSYCHOLOGIQUE Notre psychologue\u00a0:Julie Pompougnac T\u00e9l\u00a0: 01 49 81 48 96 julie.pompougnac@aphp.fr L\u2019amylose et ses traitements peuvent alt\u00e9rer votre qualit\u00e9 de vie et celle de vos proches. Ils peuvent \u00eatre source de difficult\u00e9, d\u2019inqui\u00e9tude ou de douleur morale. Notre psychologue vous propose une \u00e9coute et vous accompagne ainsi que vos [&hellip;]\" \/>\n<meta property=\"og:url\" content=\"https:\/\/reseau-amylose.org\/jesuispatient\/accompagnement-des-patients-et-des-aidants\/accompagnement-psycho-social\/\" \/>\n<meta property=\"og:site_name\" content=\"R\u00e9seau Amylose Site Patient\" \/>\n<meta property=\"article:modified_time\" content=\"2022-08-03T12:54:09+00:00\" \/>\n<meta name=\"twitter:card\" content=\"summary_large_image\" \/>\n<meta name=\"twitter:label1\" content=\"Dur\u00e9e de lecture estim\u00e9e\" \/>\n\t<meta name=\"twitter:data1\" content=\"4 minutes\" \/>\n<script type=\"application\/ld+json\" class=\"yoast-schema-graph\">{\"@context\":\"https:\/\/schema.org\",\"@graph\":[{\"@type\":\"WebPage\",\"@id\":\"https:\/\/reseau-amylose.org\/jesuispatient\/accompagnement-des-patients-et-des-aidants\/accompagnement-psycho-social\/\",\"url\":\"https:\/\/reseau-amylose.org\/jesuispatient\/accompagnement-des-patients-et-des-aidants\/accompagnement-psycho-social\/\",\"name\":\"Accompagnement psycho-social - R\u00e9seau Amylose Site Patient\",\"isPartOf\":{\"@id\":\"https:\/\/reseau-amylose.org\/jesuispatient\/#website\"},\"datePublished\":\"2018-11-28T11:38:07+00:00\",\"dateModified\":\"2022-08-03T12:54:09+00:00\",\"breadcrumb\":{\"@id\":\"https:\/\/reseau-amylose.org\/jesuispatient\/accompagnement-des-patients-et-des-aidants\/accompagnement-psycho-social\/#breadcrumb\"},\"inLanguage\":\"fr-FR\",\"potentialAction\":[{\"@type\":\"ReadAction\",\"target\":[\"https:\/\/reseau-amylose.org\/jesuispatient\/accompagnement-des-patients-et-des-aidants\/accompagnement-psycho-social\/\"]}]},{\"@type\":\"BreadcrumbList\",\"@id\":\"https:\/\/reseau-amylose.org\/jesuispatient\/accompagnement-des-patients-et-des-aidants\/accompagnement-psycho-social\/#breadcrumb\",\"itemListElement\":[{\"@type\":\"ListItem\",\"position\":1,\"name\":\"Accueil\",\"item\":\"https:\/\/reseau-amylose.org\/jesuispatient\/\"},{\"@type\":\"ListItem\",\"position\":2,\"name\":\"ACCOMPAGNEMENT DES PATIENTS ET DES AIDANTS\",\"item\":\"https:\/\/reseau-amylose.org\/jesuispatient\/accompagnement-des-patients-et-des-aidants\/\"},{\"@type\":\"ListItem\",\"position\":3,\"name\":\"Accompagnement psycho-social\"}]},{\"@type\":\"WebSite\",\"@id\":\"https:\/\/reseau-amylose.org\/jesuispatient\/#website\",\"url\":\"https:\/\/reseau-amylose.org\/jesuispatient\/\",\"name\":\"R\u00e9seau Amylose Site Patient\",\"description\":\"Centre de r\u00e9f\u00e9rence des amyloses cardiaques\",\"potentialAction\":[{\"@type\":\"SearchAction\",\"target\":{\"@type\":\"EntryPoint\",\"urlTemplate\":\"https:\/\/reseau-amylose.org\/jesuispatient\/?s={search_term_string}\"},\"query-input\":{\"@type\":\"PropertyValueSpecification\",\"valueRequired\":true,\"valueName\":\"search_term_string\"}}],\"inLanguage\":\"fr-FR\"}]}<\/script>\n<!-- \/ Yoast SEO plugin. -->","yoast_head_json":{"title":"Accompagnement psycho-social - R\u00e9seau Amylose Site Patient","robots":{"index":"index","follow":"follow","max-snippet":"max-snippet:-1","max-image-preview":"max-image-preview:large","max-video-preview":"max-video-preview:-1"},"canonical":"https:\/\/reseau-amylose.org\/jesuispatient\/accompagnement-des-patients-et-des-aidants\/accompagnement-psycho-social\/","og_locale":"fr_FR","og_type":"article","og_title":"Accompagnement psycho-social - R\u00e9seau Amylose Site Patient","og_description":"Accompagnement du patient ACCOMPAGNEMENT PSYCHO-SOCIAL ACCOMPAGNEMENT PSYCHOLOGIQUE Notre psychologue\u00a0:Julie Pompougnac T\u00e9l\u00a0: 01 49 81 48 96 julie.pompougnac@aphp.fr L\u2019amylose et ses traitements peuvent alt\u00e9rer votre qualit\u00e9 de vie et celle de vos proches. Ils peuvent \u00eatre source de difficult\u00e9, d\u2019inqui\u00e9tude ou de douleur morale. Notre psychologue vous propose une \u00e9coute et vous accompagne ainsi que vos [&hellip;]","og_url":"https:\/\/reseau-amylose.org\/jesuispatient\/accompagnement-des-patients-et-des-aidants\/accompagnement-psycho-social\/","og_site_name":"R\u00e9seau Amylose Site Patient","article_modified_time":"2022-08-03T12:54:09+00:00","twitter_card":"summary_large_image","twitter_misc":{"Dur\u00e9e de lecture estim\u00e9e":"4 minutes"},"schema":{"@context":"https:\/\/schema.org","@graph":[{"@type":"WebPage","@id":"https:\/\/reseau-amylose.org\/jesuispatient\/accompagnement-des-patients-et-des-aidants\/accompagnement-psycho-social\/","url":"https:\/\/reseau-amylose.org\/jesuispatient\/accompagnement-des-patients-et-des-aidants\/accompagnement-psycho-social\/","name":"Accompagnement psycho-social - R\u00e9seau Amylose Site Patient","isPartOf":{"@id":"https:\/\/reseau-amylose.org\/jesuispatient\/#website"},"datePublished":"2018-11-28T11:38:07+00:00","dateModified":"2022-08-03T12:54:09+00:00","breadcrumb":{"@id":"https:\/\/reseau-amylose.org\/jesuispatient\/accompagnement-des-patients-et-des-aidants\/accompagnement-psycho-social\/#breadcrumb"},"inLanguage":"fr-FR","potentialAction":[{"@type":"ReadAction","target":["https:\/\/reseau-amylose.org\/jesuispatient\/accompagnement-des-patients-et-des-aidants\/accompagnement-psycho-social\/"]}]},{"@type":"BreadcrumbList","@id":"https:\/\/reseau-amylose.org\/jesuispatient\/accompagnement-des-patients-et-des-aidants\/accompagnement-psycho-social\/#breadcrumb","itemListElement":[{"@type":"ListItem","position":1,"name":"Accueil","item":"https:\/\/reseau-amylose.org\/jesuispatient\/"},{"@type":"ListItem","position":2,"name":"ACCOMPAGNEMENT DES PATIENTS ET DES AIDANTS","item":"https:\/\/reseau-amylose.org\/jesuispatient\/accompagnement-des-patients-et-des-aidants\/"},{"@type":"ListItem","position":3,"name":"Accompagnement psycho-social"}]},{"@type":"WebSite","@id":"https:\/\/reseau-amylose.org\/jesuispatient\/#website","url":"https:\/\/reseau-amylose.org\/jesuispatient\/","name":"R\u00e9seau Amylose Site Patient","description":"Centre de r\u00e9f\u00e9rence des amyloses cardiaques","potentialAction":[{"@type":"SearchAction","target":{"@type":"EntryPoint","urlTemplate":"https:\/\/reseau-amylose.org\/jesuispatient\/?s={search_term_string}"},"query-input":{"@type":"PropertyValueSpecification","valueRequired":true,"valueName":"search_term_string"}}],"inLanguage":"fr-FR"}]}},"_links":{"self":[{"href":"https:\/\/reseau-amylose.org\/jesuispatient\/wp-json\/wp\/v2\/pages\/112","targetHints":{"allow":["GET"]}}],"collection":[{"href":"https:\/\/reseau-amylose.org\/jesuispatient\/wp-json\/wp\/v2\/pages"}],"about":[{"href":"https:\/\/reseau-amylose.org\/jesuispatient\/wp-json\/wp\/v2\/types\/page"}],"author":[{"embeddable":true,"href":"https:\/\/reseau-amylose.org\/jesuispatient\/wp-json\/wp\/v2\/users\/1"}],"replies":[{"embeddable":true,"href":"https:\/\/reseau-amylose.org\/jesuispatient\/wp-json\/wp\/v2\/comments?post=112"}],"version-history":[{"count":13,"href":"https:\/\/reseau-amylose.org\/jesuispatient\/wp-json\/wp\/v2\/pages\/112\/revisions"}],"predecessor-version":[{"id":3733,"href":"https:\/\/reseau-amylose.org\/jesuispatient\/wp-json\/wp\/v2\/pages\/112\/revisions\/3733"}],"up":[{"embeddable":true,"href":"https:\/\/reseau-amylose.org\/jesuispatient\/wp-json\/wp\/v2\/pages\/87"}],"wp:attachment":[{"href":"https:\/\/reseau-amylose.org\/jesuispatient\/wp-json\/wp\/v2\/media?parent=112"}],"wp:term":[{"taxonomy":"category","embeddable":true,"href":"https:\/\/reseau-amylose.org\/jesuispatient\/wp-json\/wp\/v2\/categories?post=112"},{"taxonomy":"post_tag","embeddable":true,"href":"https:\/\/reseau-amylose.org\/jesuispatient\/wp-json\/wp\/v2\/tags?post=112"}],"curies":[{"name":"wp","href":"https:\/\/api.w.org\/{rel}","templated":true}]}}