{"id":103,"date":"2018-11-28T11:28:20","date_gmt":"2018-11-28T11:28:20","guid":{"rendered":"http:\/\/patient.reseau-amylose.org\/?page_id=96"},"modified":"2022-06-13T16:48:56","modified_gmt":"2022-06-13T14:48:56","slug":"tout-depend-du-type-damylose","status":"publish","type":"page","link":"https:\/\/reseau-amylose.org\/jesuispatient\/les-traitements-des-amyloses\/tout-depend-du-type-damylose\/","title":{"rendered":"Tout d\u00e9pend du type d\u2019amylose"},"content":{"rendered":"\t\t<div data-elementor-type=\"wp-post\" data-elementor-id=\"103\" class=\"elementor elementor-103\" data-elementor-post-type=\"page\">\n\t\t\t\t\t\t<section class=\"elementor-section elementor-top-section elementor-element elementor-element-75d15162 elementor-section-content-middle elementor-section-boxed elementor-section-height-default elementor-section-height-default\" data-id=\"75d15162\" data-element_type=\"section\" data-settings=\"{&quot;background_background&quot;:&quot;classic&quot;}\">\n\t\t\t\t\t\t<div class=\"elementor-container elementor-column-gap-no\">\n\t\t\t\t\t<div class=\"elementor-column elementor-col-100 elementor-top-column elementor-element elementor-element-6c43559b\" data-id=\"6c43559b\" data-element_type=\"column\">\n\t\t\t<div class=\"elementor-widget-wrap elementor-element-populated\">\n\t\t\t\t\t\t<div class=\"elementor-element elementor-element-2f51f6d0 elementor-widget-divider--view-line elementor-widget elementor-widget-divider\" data-id=\"2f51f6d0\" data-element_type=\"widget\" data-widget_type=\"divider.default\">\n\t\t\t\t<div class=\"elementor-widget-container\">\n\t\t\t\t\t\t\t<div class=\"elementor-divider\">\n\t\t\t<span class=\"elementor-divider-separator\">\n\t\t\t\t\t\t<\/span>\n\t\t<\/div>\n\t\t\t\t\t\t<\/div>\n\t\t\t\t<\/div>\n\t\t\t\t<div class=\"elementor-element elementor-element-5a761522 elementor-widget elementor-widget-heading\" data-id=\"5a761522\" data-element_type=\"widget\" data-widget_type=\"heading.default\">\n\t\t\t\t<div class=\"elementor-widget-container\">\n\t\t\t\t\t<h6 class=\"elementor-heading-title elementor-size-default\"><h2 class=\"elementor-heading-title elementor-size-large elementor-inline-editing pen\" data-elementor-setting-key=\"title\" data-pen-placeholder=\"\u00c9crivez ici...\">Type de l'Amylose<\/h2><\/h6>\t\t\t\t<\/div>\n\t\t\t\t<\/div>\n\t\t\t\t\t<\/div>\n\t\t<\/div>\n\t\t\t\t\t<\/div>\n\t\t<\/section>\n\t\t\t\t<section class=\"elementor-section elementor-top-section elementor-element elementor-element-3c5e7881 elementor-section-boxed elementor-section-height-default elementor-section-height-default\" data-id=\"3c5e7881\" data-element_type=\"section\">\n\t\t\t\t\t\t<div class=\"elementor-container elementor-column-gap-default\">\n\t\t\t\t\t<div class=\"elementor-column elementor-col-100 elementor-top-column elementor-element elementor-element-3a5a9ed7\" data-id=\"3a5a9ed7\" data-element_type=\"column\">\n\t\t\t<div class=\"elementor-widget-wrap elementor-element-populated\">\n\t\t\t\t\t\t<div class=\"elementor-element elementor-element-a1dae3e elementor-widget elementor-widget-heading\" data-id=\"a1dae3e\" data-element_type=\"widget\" data-widget_type=\"heading.default\">\n\t\t\t\t<div class=\"elementor-widget-container\">\n\t\t\t\t\t<h6 class=\"elementor-heading-title elementor-size-default\">Amylose \u00e0 transthyr\u00e9tine h\u00e9r\u00e9ditaire\u200b<\/h6>\t\t\t\t<\/div>\n\t\t\t\t<\/div>\n\t\t\t\t<div class=\"elementor-element elementor-element-e7b50f5 elementor-widget elementor-widget-text-editor\" data-id=\"e7b50f5\" data-element_type=\"widget\" data-widget_type=\"text-editor.default\">\n\t\t\t\t<div class=\"elementor-widget-container\">\n\t\t\t\t\t\t\t\t\t<h6>Depuis plus de 10 ans, le traitement de l\u2019amylose h\u00e9r\u00e9ditaire \u00e0 transthyr\u00e9tine repose sur la transplantation h\u00e9patique qui permet d\u2019\u00e9liminer la production de transthyr\u00e9tine mut\u00e9e produite par le foie. Ainsi, l\u2019\u00e9volution de l\u2019amylose, en particulier l\u2019atteinte neurologique, est stabilis\u00e9e. Dans certains cas, des doubles greffes coeur-foie peuvent \u00eatre envisag\u00e9es en collaboration avec les \u00e9quipes chirurgicales cardiaque et h\u00e9patique (cf. article).<\/h6><h6>Depuis peu, la transplantation h\u00e9patique repr\u00e9sente la seule possibilit\u00e9 th\u00e9rapeutique dans l&rsquo;amylose h\u00e9r\u00e9ditaire en emp\u00eachant la production de transthyr\u00e9tine anormale. De nouveaux traitements m\u00e9dicamenteux sont maintenant accessibles ou sont en cours de d\u00e9veloppement. Le principe de ces m\u00e9dicaments est de limiter la formation des d\u00e9p\u00f4ts amylo\u00efdes en augmentant la stabilit\u00e9 des t\u00e9tram\u00e8res de transthyr\u00e9tine. L\u2019un d\u2019eux, le Vyndaquel (Tafamidis) a obtenu l\u2019autorisation de mise sur le march\u00e9 (AMM) aupr\u00e8s de l\u2019agence europ\u00e9enne du m\u00e9dicament (EMEA) en novembre 2011. Il est actuellement disponible en pharmacie hospitali\u00e8re sur prescription d\u2019un neurologue appartenant \u00e0 un centre expert. Il est destin\u00e9 aux patients autonomes \u00e0 la marche avec Une neuropathie amylo\u00efde document\u00e9e. D\u2019autres approches de traitement par th\u00e9rapie g\u00e9nique font l\u2019objet de d\u00e9veloppement sous forme d\u2019essais th\u00e9rapeutiques, notamment \u00e0 l\u2019h\u00f4pital Henri Mondor. Int\u00e9r\u00eat du compos\u00e9 ISIS-TTRrx dans le traitement des amyloses h\u00e9r\u00e9ditaires avec atteinte neurologique. Ce compos\u00e9 inhibe la production de transthyr\u00e9tine. Int\u00e9r\u00eat du tafamidis dans les amyloses h\u00e9r\u00e9ditaires et s\u00e9niles avec atteinte cardiaque. Ce compos\u00e9 stabilise le t\u00e9tram\u00e8re de la transthyr\u00e9tine.<\/h6>\t\t\t\t\t\t\t\t<\/div>\n\t\t\t\t<\/div>\n\t\t\t\t\t<\/div>\n\t\t<\/div>\n\t\t\t\t\t<\/div>\n\t\t<\/section>\n\t\t\t\t<section class=\"elementor-section elementor-top-section elementor-element elementor-element-74c00a67 elementor-section-boxed elementor-section-height-default elementor-section-height-default\" data-id=\"74c00a67\" data-element_type=\"section\">\n\t\t\t\t\t\t<div class=\"elementor-container elementor-column-gap-default\">\n\t\t\t\t\t<div class=\"elementor-column elementor-col-100 elementor-top-column elementor-element elementor-element-12b91325\" data-id=\"12b91325\" data-element_type=\"column\">\n\t\t\t<div class=\"elementor-widget-wrap elementor-element-populated\">\n\t\t\t\t\t\t<div class=\"elementor-element elementor-element-759a4646 elementor-widget elementor-widget-video\" data-id=\"759a4646\" data-element_type=\"widget\" data-settings=\"{&quot;youtube_url&quot;:&quot;https:\\\/\\\/www.youtube.com\\\/watch?v=bdHf6XL4uZo&quot;,&quot;video_type&quot;:&quot;youtube&quot;,&quot;controls&quot;:&quot;yes&quot;}\" data-widget_type=\"video.default\">\n\t\t\t\t<div class=\"elementor-widget-container\">\n\t\t\t\t\t\t\t<div class=\"elementor-wrapper elementor-open-inline\">\n\t\t\t<div class=\"elementor-video\"><\/div>\t\t<\/div>\n\t\t\t\t\t\t<\/div>\n\t\t\t\t<\/div>\n\t\t\t\t\t<\/div>\n\t\t<\/div>\n\t\t\t\t\t<\/div>\n\t\t<\/section>\n\t\t\t\t<section class=\"elementor-section elementor-top-section elementor-element elementor-element-2facc4b4 elementor-section-boxed elementor-section-height-default elementor-section-height-default\" data-id=\"2facc4b4\" data-element_type=\"section\">\n\t\t\t\t\t\t<div class=\"elementor-container elementor-column-gap-default\">\n\t\t\t\t\t<div class=\"elementor-column elementor-col-100 elementor-top-column elementor-element elementor-element-234f462b\" data-id=\"234f462b\" data-element_type=\"column\">\n\t\t\t<div class=\"elementor-widget-wrap elementor-element-populated\">\n\t\t\t\t\t\t<div class=\"elementor-element elementor-element-5b88a7c elementor-widget elementor-widget-heading\" data-id=\"5b88a7c\" data-element_type=\"widget\" data-widget_type=\"heading.default\">\n\t\t\t\t<div class=\"elementor-widget-container\">\n\t\t\t\t\t<h6 class=\"elementor-heading-title elementor-size-default\">Amylose AL<\/h6>\t\t\t\t<\/div>\n\t\t\t\t<\/div>\n\t\t\t\t<div class=\"elementor-element elementor-element-64922bd3 elementor-widget elementor-widget-text-editor\" data-id=\"64922bd3\" data-element_type=\"widget\" data-widget_type=\"text-editor.default\">\n\t\t\t\t<div class=\"elementor-widget-container\">\n\t\t\t\t\t\t\t\t\t<h6>Le traitement de l\u2019amylose AL repose sur une r\u00e9duction voire une suppression des cellules plasmocytaires produisant les immunoglobulines responsables des d\u00e9p\u00f4ts amylo\u00efdes par chimioth\u00e9rapie. L\u2019efficacit\u00e9 du traitement est suivie en dosant les chaines libres d\u2019immunoglobulines et la normalisation des marqueurs cardiaques (BNP, NTproBNP et troponine).<\/h6>\t\t\t\t\t\t\t\t<\/div>\n\t\t\t\t<\/div>\n\t\t\t\t\t<\/div>\n\t\t<\/div>\n\t\t\t\t\t<\/div>\n\t\t<\/section>\n\t\t\t\t<section class=\"elementor-section elementor-top-section elementor-element elementor-element-801f88e elementor-section-boxed elementor-section-height-default elementor-section-height-default\" data-id=\"801f88e\" data-element_type=\"section\">\n\t\t\t\t\t\t<div class=\"elementor-container elementor-column-gap-default\">\n\t\t\t\t\t<div class=\"elementor-column elementor-col-100 elementor-top-column elementor-element elementor-element-48ab065f\" data-id=\"48ab065f\" data-element_type=\"column\">\n\t\t\t<div class=\"elementor-widget-wrap elementor-element-populated\">\n\t\t\t\t\t\t<div class=\"elementor-element elementor-element-e91549d elementor-widget elementor-widget-heading\" data-id=\"e91549d\" data-element_type=\"widget\" data-widget_type=\"heading.default\">\n\t\t\t\t<div class=\"elementor-widget-container\">\n\t\t\t\t\t<h6 class=\"elementor-heading-title elementor-size-default\">Amylose s\u00e9nile<\/h6>\t\t\t\t<\/div>\n\t\t\t\t<\/div>\n\t\t\t\t<div class=\"elementor-element elementor-element-1446dffd elementor-widget elementor-widget-text-editor\" data-id=\"1446dffd\" data-element_type=\"widget\" data-widget_type=\"text-editor.default\">\n\t\t\t\t<div class=\"elementor-widget-container\">\n\t\t\t\t\t\t\t\t\t<h6>Le diagnostic de l&rsquo;amylose s\u00e9nile est souvent un diagnostic d&rsquo;\u00e9limination chez un patient pr\u00e9sentant une insuffisance cardiaque avec une hypertrophie cardiaque concentrique et ne peut \u00eatre pos\u00e9 qu&rsquo;apr\u00e8s avoir \u00e9limin\u00e9 les autres formes d&rsquo;amylose. Le diagnostic de certitude de l&rsquo;amylose s\u00e9nile ne peut \u00eatre fait qu&rsquo;en pr\u00e9sence d&rsquo;une biopsie myocardique trouvant des d\u00e9p\u00f4ts amylo\u00efdes transthyr\u00e9tine positifs. Toutefois, la r\u00e9alisation d&rsquo;une biopsie cardiaque pose des probl\u00e8mes \u00e9thiques chez le sujet \u00e2g\u00e9 du fait de ses potentielles complications (perforation myocardique, l\u00e9sions de la valve tricuspide). La preuve histologique de d\u00e9p\u00f4ts d&rsquo;amylose en cas d&rsquo;amylose s\u00e9nile syst\u00e9mique peut \u00eatre obtenue apr\u00e8s des biopsies de tissus non cardiaques (glandes salivaires, canaux carpiens, rectum, graisse abdominale) ou d&rsquo;aspiration \u00e0 l&rsquo;aiguille de graisse sous-cutan\u00e9e. Toutefois, dans l&rsquo;amylose s\u00e9nile syst\u00e9mique, la rentabilit\u00e9 des biopsies non cardiaques est plus faible que dans les autres formes d&rsquo;amylose et une n\u00e9gativit\u00e9 de ces biopsies ne permet pas d&rsquo;\u00e9liminer le diagnostic. Enfin, il existe des formes d&rsquo;amylose s\u00e9nile localis\u00e9es aux tissus pr\u00e9cit\u00e9s, c&rsquo;est-\u00e0-dire sans atteinte cardiaque. Toutefois, on ne peut \u00e9liminer que l&rsquo;atteinte cardiaque arrivera quelques ann\u00e9es apr\u00e8s. Ainsi des patients sans cardiopathie au moment de l&rsquo;analyse de biopsies de la synoviale r\u00e9alis\u00e9es pendant le traitement chirurgical de syndrome des canaux carpiens trouvant une amylose \u00e0 transthyr\u00e9tine, peuvent d\u00e9velopper une cardiopathie plusieurs ann\u00e9es apr\u00e8s. De plus, un ant\u00e9c\u00e9dent d&rsquo;intervention pour syndrome des canaux carpiens est fr\u00e9quemment trouv\u00e9 quatre \u00e0 cinq ans avant la d\u00e9couverte de l&rsquo;amylose s\u00e9nile syst\u00e9mique. La d\u00e9marche diagnostique devant une suspicion d&rsquo;amylose cardiaque est synth\u00e9tis\u00e9e sur la figure ci-dessous.<\/h6>\t\t\t\t\t\t\t\t<\/div>\n\t\t\t\t<\/div>\n\t\t\t\t\t<\/div>\n\t\t<\/div>\n\t\t\t\t\t<\/div>\n\t\t<\/section>\n\t\t\t\t<section class=\"elementor-section elementor-top-section elementor-element elementor-element-729cbea0 elementor-section-boxed elementor-section-height-default elementor-section-height-default\" data-id=\"729cbea0\" data-element_type=\"section\">\n\t\t\t\t\t\t<div class=\"elementor-container elementor-column-gap-default\">\n\t\t\t\t\t<div class=\"elementor-column elementor-col-100 elementor-top-column elementor-element elementor-element-35b37e67\" data-id=\"35b37e67\" data-element_type=\"column\">\n\t\t\t<div class=\"elementor-widget-wrap elementor-element-populated\">\n\t\t\t\t\t\t<div class=\"elementor-element elementor-element-ce87abf elementor-widget elementor-widget-image\" data-id=\"ce87abf\" data-element_type=\"widget\" data-widget_type=\"image.default\">\n\t\t\t\t<div class=\"elementor-widget-container\">\n\t\t\t\t\t\t\t\t\t\t\t\t\t\t\t<img decoding=\"async\" src=\"http:\/\/reseau-amylose.org\/patient\/wp-content\/uploads\/2019\/01\/schemadiag.jpg\" title=\"\" alt=\"\" loading=\"lazy\" \/>\t\t\t\t\t\t\t\t\t\t\t\t\t\t\t<\/div>\n\t\t\t\t<\/div>\n\t\t\t\t\t<\/div>\n\t\t<\/div>\n\t\t\t\t\t<\/div>\n\t\t<\/section>\n\t\t\t\t<section class=\"elementor-section elementor-top-section elementor-element elementor-element-15dd8220 elementor-section-boxed elementor-section-height-default elementor-section-height-default\" data-id=\"15dd8220\" data-element_type=\"section\">\n\t\t\t\t\t\t<div class=\"elementor-container elementor-column-gap-default\">\n\t\t\t\t\t<div class=\"elementor-column elementor-col-100 elementor-top-column elementor-element elementor-element-6a940057\" data-id=\"6a940057\" data-element_type=\"column\">\n\t\t\t<div class=\"elementor-widget-wrap elementor-element-populated\">\n\t\t\t\t\t\t<div class=\"elementor-element elementor-element-743a3f26 elementor-widget elementor-widget-text-editor\" data-id=\"743a3f26\" data-element_type=\"widget\" data-widget_type=\"text-editor.default\">\n\t\t\t\t<div class=\"elementor-widget-container\">\n\t\t\t\t\t\t\t\t\t<h6 align=\"JUSTIFY\">Strat\u00e9gie diagnostique devant une suspicion d&rsquo;amylose cardiaque(*) L&rsquo;IRM peut \u00eatre r\u00e9alis\u00e9e avec un pacemaker mais n\u00e9cessite la pr\u00e9sence d&rsquo;un rythmologue pour \u00e9teindre\/r\u00e9gler le pacemaker et le contr\u00f4ler apr\u00e8s l&rsquo;examen. L&rsquo;implantation de pacemaker IRM compatible chez les patients ayant une amylose cardiaque facilite l&rsquo;\u00e9volution de leur cardiopathie par IRM.<\/h6>\t\t\t\t\t\t\t\t<\/div>\n\t\t\t\t<\/div>\n\t\t\t\t\t<\/div>\n\t\t<\/div>\n\t\t\t\t\t<\/div>\n\t\t<\/section>\n\t\t\t\t<section class=\"elementor-section elementor-top-section elementor-element elementor-element-7bebdbd8 elementor-section-boxed elementor-section-height-default elementor-section-height-default\" data-id=\"7bebdbd8\" data-element_type=\"section\">\n\t\t\t\t\t\t<div class=\"elementor-container elementor-column-gap-default\">\n\t\t\t\t\t<div class=\"elementor-column elementor-col-100 elementor-top-column elementor-element elementor-element-3d6baaef\" data-id=\"3d6baaef\" data-element_type=\"column\">\n\t\t\t<div class=\"elementor-widget-wrap elementor-element-populated\">\n\t\t\t\t\t\t<div class=\"elementor-element elementor-element-35035ac6 elementor-widget elementor-widget-spacer\" data-id=\"35035ac6\" data-element_type=\"widget\" data-widget_type=\"spacer.default\">\n\t\t\t\t<div class=\"elementor-widget-container\">\n\t\t\t\t\t\t\t<div class=\"elementor-spacer\">\n\t\t\t<div class=\"elementor-spacer-inner\"><\/div>\n\t\t<\/div>\n\t\t\t\t\t\t<\/div>\n\t\t\t\t<\/div>\n\t\t\t\t\t<\/div>\n\t\t<\/div>\n\t\t\t\t\t<\/div>\n\t\t<\/section>\n\t\t\t\t<\/div>\n\t\t","protected":false},"excerpt":{"rendered":"<p>Type de l&rsquo;Amylose Amylose \u00e0 transthyr\u00e9tine h\u00e9r\u00e9ditaire\u200b Depuis plus de 10 ans, le traitement de l\u2019amylose h\u00e9r\u00e9ditaire \u00e0 transthyr\u00e9tine repose sur la transplantation h\u00e9patique qui permet d\u2019\u00e9liminer la production de transthyr\u00e9tine mut\u00e9e produite par le foie. Ainsi, l\u2019\u00e9volution de l\u2019amylose, en particulier l\u2019atteinte neurologique, est stabilis\u00e9e. Dans certains cas, des doubles greffes coeur-foie peuvent \u00eatre [&hellip;]<\/p>\n","protected":false},"author":1,"featured_media":0,"parent":85,"menu_order":2,"comment_status":"closed","ping_status":"closed","template":"","meta":{"_monsterinsights_skip_tracking":false,"_monsterinsights_sitenote_active":false,"_monsterinsights_sitenote_note":"","_monsterinsights_sitenote_category":0,"footnotes":""},"categories":[],"tags":[],"class_list":["post-103","page","type-page","status-publish","hentry"],"yoast_head":"<!-- This site is optimized with the Yoast SEO plugin v25.5 - https:\/\/yoast.com\/wordpress\/plugins\/seo\/ -->\n<title>Tout d\u00e9pend du type d\u2019amylose - R\u00e9seau Amylose Site Patient<\/title>\n<meta name=\"robots\" content=\"index, follow, max-snippet:-1, max-image-preview:large, max-video-preview:-1\" \/>\n<link rel=\"canonical\" href=\"https:\/\/reseau-amylose.org\/jesuispatient\/les-traitements-des-amyloses\/tout-depend-du-type-damylose\/\" \/>\n<meta property=\"og:locale\" content=\"fr_FR\" \/>\n<meta property=\"og:type\" content=\"article\" \/>\n<meta property=\"og:title\" content=\"Tout d\u00e9pend du type d\u2019amylose - R\u00e9seau Amylose Site Patient\" \/>\n<meta property=\"og:description\" content=\"Type de l&rsquo;Amylose Amylose \u00e0 transthyr\u00e9tine h\u00e9r\u00e9ditaire\u200b Depuis plus de 10 ans, le traitement de l\u2019amylose h\u00e9r\u00e9ditaire \u00e0 transthyr\u00e9tine repose sur la transplantation h\u00e9patique qui permet d\u2019\u00e9liminer la production de transthyr\u00e9tine mut\u00e9e produite par le foie. Ainsi, l\u2019\u00e9volution de l\u2019amylose, en particulier l\u2019atteinte neurologique, est stabilis\u00e9e. Dans certains cas, des doubles greffes coeur-foie peuvent \u00eatre [&hellip;]\" \/>\n<meta property=\"og:url\" content=\"https:\/\/reseau-amylose.org\/jesuispatient\/les-traitements-des-amyloses\/tout-depend-du-type-damylose\/\" \/>\n<meta property=\"og:site_name\" content=\"R\u00e9seau Amylose Site Patient\" \/>\n<meta property=\"article:modified_time\" content=\"2022-06-13T14:48:56+00:00\" \/>\n<meta property=\"og:image\" content=\"http:\/\/reseau-amylose.org\/patient\/wp-content\/uploads\/2019\/01\/schemadiag.jpg\" \/>\n<meta name=\"twitter:card\" content=\"summary_large_image\" \/>\n<meta name=\"twitter:label1\" content=\"Dur\u00e9e de lecture estim\u00e9e\" \/>\n\t<meta name=\"twitter:data1\" content=\"4 minutes\" \/>\n<script type=\"application\/ld+json\" class=\"yoast-schema-graph\">{\"@context\":\"https:\/\/schema.org\",\"@graph\":[{\"@type\":\"WebPage\",\"@id\":\"https:\/\/reseau-amylose.org\/jesuispatient\/les-traitements-des-amyloses\/tout-depend-du-type-damylose\/\",\"url\":\"https:\/\/reseau-amylose.org\/jesuispatient\/les-traitements-des-amyloses\/tout-depend-du-type-damylose\/\",\"name\":\"Tout d\u00e9pend du type d\u2019amylose - R\u00e9seau Amylose Site Patient\",\"isPartOf\":{\"@id\":\"https:\/\/reseau-amylose.org\/jesuispatient\/#website\"},\"primaryImageOfPage\":{\"@id\":\"https:\/\/reseau-amylose.org\/jesuispatient\/les-traitements-des-amyloses\/tout-depend-du-type-damylose\/#primaryimage\"},\"image\":{\"@id\":\"https:\/\/reseau-amylose.org\/jesuispatient\/les-traitements-des-amyloses\/tout-depend-du-type-damylose\/#primaryimage\"},\"thumbnailUrl\":\"http:\/\/reseau-amylose.org\/patient\/wp-content\/uploads\/2019\/01\/schemadiag.jpg\",\"datePublished\":\"2018-11-28T11:28:20+00:00\",\"dateModified\":\"2022-06-13T14:48:56+00:00\",\"breadcrumb\":{\"@id\":\"https:\/\/reseau-amylose.org\/jesuispatient\/les-traitements-des-amyloses\/tout-depend-du-type-damylose\/#breadcrumb\"},\"inLanguage\":\"fr-FR\",\"potentialAction\":[{\"@type\":\"ReadAction\",\"target\":[\"https:\/\/reseau-amylose.org\/jesuispatient\/les-traitements-des-amyloses\/tout-depend-du-type-damylose\/\"]}]},{\"@type\":\"ImageObject\",\"inLanguage\":\"fr-FR\",\"@id\":\"https:\/\/reseau-amylose.org\/jesuispatient\/les-traitements-des-amyloses\/tout-depend-du-type-damylose\/#primaryimage\",\"url\":\"http:\/\/reseau-amylose.org\/patient\/wp-content\/uploads\/2019\/01\/schemadiag.jpg\",\"contentUrl\":\"http:\/\/reseau-amylose.org\/patient\/wp-content\/uploads\/2019\/01\/schemadiag.jpg\"},{\"@type\":\"BreadcrumbList\",\"@id\":\"https:\/\/reseau-amylose.org\/jesuispatient\/les-traitements-des-amyloses\/tout-depend-du-type-damylose\/#breadcrumb\",\"itemListElement\":[{\"@type\":\"ListItem\",\"position\":1,\"name\":\"Accueil\",\"item\":\"https:\/\/reseau-amylose.org\/jesuispatient\/\"},{\"@type\":\"ListItem\",\"position\":2,\"name\":\"LES TRAITEMENTS DES AMYLOSES\",\"item\":\"https:\/\/reseau-amylose.org\/jesuispatient\/les-traitements-des-amyloses\/\"},{\"@type\":\"ListItem\",\"position\":3,\"name\":\"Tout d\u00e9pend du type d\u2019amylose\"}]},{\"@type\":\"WebSite\",\"@id\":\"https:\/\/reseau-amylose.org\/jesuispatient\/#website\",\"url\":\"https:\/\/reseau-amylose.org\/jesuispatient\/\",\"name\":\"R\u00e9seau Amylose Site Patient\",\"description\":\"Centre de r\u00e9f\u00e9rence des amyloses cardiaques\",\"potentialAction\":[{\"@type\":\"SearchAction\",\"target\":{\"@type\":\"EntryPoint\",\"urlTemplate\":\"https:\/\/reseau-amylose.org\/jesuispatient\/?s={search_term_string}\"},\"query-input\":{\"@type\":\"PropertyValueSpecification\",\"valueRequired\":true,\"valueName\":\"search_term_string\"}}],\"inLanguage\":\"fr-FR\"}]}<\/script>\n<!-- \/ Yoast SEO plugin. -->","yoast_head_json":{"title":"Tout d\u00e9pend du type d\u2019amylose - R\u00e9seau Amylose Site Patient","robots":{"index":"index","follow":"follow","max-snippet":"max-snippet:-1","max-image-preview":"max-image-preview:large","max-video-preview":"max-video-preview:-1"},"canonical":"https:\/\/reseau-amylose.org\/jesuispatient\/les-traitements-des-amyloses\/tout-depend-du-type-damylose\/","og_locale":"fr_FR","og_type":"article","og_title":"Tout d\u00e9pend du type d\u2019amylose - R\u00e9seau Amylose Site Patient","og_description":"Type de l&rsquo;Amylose Amylose \u00e0 transthyr\u00e9tine h\u00e9r\u00e9ditaire\u200b Depuis plus de 10 ans, le traitement de l\u2019amylose h\u00e9r\u00e9ditaire \u00e0 transthyr\u00e9tine repose sur la transplantation h\u00e9patique qui permet d\u2019\u00e9liminer la production de transthyr\u00e9tine mut\u00e9e produite par le foie. Ainsi, l\u2019\u00e9volution de l\u2019amylose, en particulier l\u2019atteinte neurologique, est stabilis\u00e9e. Dans certains cas, des doubles greffes coeur-foie peuvent \u00eatre [&hellip;]","og_url":"https:\/\/reseau-amylose.org\/jesuispatient\/les-traitements-des-amyloses\/tout-depend-du-type-damylose\/","og_site_name":"R\u00e9seau Amylose Site Patient","article_modified_time":"2022-06-13T14:48:56+00:00","og_image":[{"url":"http:\/\/reseau-amylose.org\/patient\/wp-content\/uploads\/2019\/01\/schemadiag.jpg","type":"","width":"","height":""}],"twitter_card":"summary_large_image","twitter_misc":{"Dur\u00e9e de lecture estim\u00e9e":"4 minutes"},"schema":{"@context":"https:\/\/schema.org","@graph":[{"@type":"WebPage","@id":"https:\/\/reseau-amylose.org\/jesuispatient\/les-traitements-des-amyloses\/tout-depend-du-type-damylose\/","url":"https:\/\/reseau-amylose.org\/jesuispatient\/les-traitements-des-amyloses\/tout-depend-du-type-damylose\/","name":"Tout d\u00e9pend du type d\u2019amylose - R\u00e9seau Amylose Site Patient","isPartOf":{"@id":"https:\/\/reseau-amylose.org\/jesuispatient\/#website"},"primaryImageOfPage":{"@id":"https:\/\/reseau-amylose.org\/jesuispatient\/les-traitements-des-amyloses\/tout-depend-du-type-damylose\/#primaryimage"},"image":{"@id":"https:\/\/reseau-amylose.org\/jesuispatient\/les-traitements-des-amyloses\/tout-depend-du-type-damylose\/#primaryimage"},"thumbnailUrl":"http:\/\/reseau-amylose.org\/patient\/wp-content\/uploads\/2019\/01\/schemadiag.jpg","datePublished":"2018-11-28T11:28:20+00:00","dateModified":"2022-06-13T14:48:56+00:00","breadcrumb":{"@id":"https:\/\/reseau-amylose.org\/jesuispatient\/les-traitements-des-amyloses\/tout-depend-du-type-damylose\/#breadcrumb"},"inLanguage":"fr-FR","potentialAction":[{"@type":"ReadAction","target":["https:\/\/reseau-amylose.org\/jesuispatient\/les-traitements-des-amyloses\/tout-depend-du-type-damylose\/"]}]},{"@type":"ImageObject","inLanguage":"fr-FR","@id":"https:\/\/reseau-amylose.org\/jesuispatient\/les-traitements-des-amyloses\/tout-depend-du-type-damylose\/#primaryimage","url":"http:\/\/reseau-amylose.org\/patient\/wp-content\/uploads\/2019\/01\/schemadiag.jpg","contentUrl":"http:\/\/reseau-amylose.org\/patient\/wp-content\/uploads\/2019\/01\/schemadiag.jpg"},{"@type":"BreadcrumbList","@id":"https:\/\/reseau-amylose.org\/jesuispatient\/les-traitements-des-amyloses\/tout-depend-du-type-damylose\/#breadcrumb","itemListElement":[{"@type":"ListItem","position":1,"name":"Accueil","item":"https:\/\/reseau-amylose.org\/jesuispatient\/"},{"@type":"ListItem","position":2,"name":"LES TRAITEMENTS DES AMYLOSES","item":"https:\/\/reseau-amylose.org\/jesuispatient\/les-traitements-des-amyloses\/"},{"@type":"ListItem","position":3,"name":"Tout d\u00e9pend du type d\u2019amylose"}]},{"@type":"WebSite","@id":"https:\/\/reseau-amylose.org\/jesuispatient\/#website","url":"https:\/\/reseau-amylose.org\/jesuispatient\/","name":"R\u00e9seau Amylose Site Patient","description":"Centre de r\u00e9f\u00e9rence des amyloses cardiaques","potentialAction":[{"@type":"SearchAction","target":{"@type":"EntryPoint","urlTemplate":"https:\/\/reseau-amylose.org\/jesuispatient\/?s={search_term_string}"},"query-input":{"@type":"PropertyValueSpecification","valueRequired":true,"valueName":"search_term_string"}}],"inLanguage":"fr-FR"}]}},"_links":{"self":[{"href":"https:\/\/reseau-amylose.org\/jesuispatient\/wp-json\/wp\/v2\/pages\/103","targetHints":{"allow":["GET"]}}],"collection":[{"href":"https:\/\/reseau-amylose.org\/jesuispatient\/wp-json\/wp\/v2\/pages"}],"about":[{"href":"https:\/\/reseau-amylose.org\/jesuispatient\/wp-json\/wp\/v2\/types\/page"}],"author":[{"embeddable":true,"href":"https:\/\/reseau-amylose.org\/jesuispatient\/wp-json\/wp\/v2\/users\/1"}],"replies":[{"embeddable":true,"href":"https:\/\/reseau-amylose.org\/jesuispatient\/wp-json\/wp\/v2\/comments?post=103"}],"version-history":[{"count":7,"href":"https:\/\/reseau-amylose.org\/jesuispatient\/wp-json\/wp\/v2\/pages\/103\/revisions"}],"predecessor-version":[{"id":3628,"href":"https:\/\/reseau-amylose.org\/jesuispatient\/wp-json\/wp\/v2\/pages\/103\/revisions\/3628"}],"up":[{"embeddable":true,"href":"https:\/\/reseau-amylose.org\/jesuispatient\/wp-json\/wp\/v2\/pages\/85"}],"wp:attachment":[{"href":"https:\/\/reseau-amylose.org\/jesuispatient\/wp-json\/wp\/v2\/media?parent=103"}],"wp:term":[{"taxonomy":"category","embeddable":true,"href":"https:\/\/reseau-amylose.org\/jesuispatient\/wp-json\/wp\/v2\/categories?post=103"},{"taxonomy":"post_tag","embeddable":true,"href":"https:\/\/reseau-amylose.org\/jesuispatient\/wp-json\/wp\/v2\/tags?post=103"}],"curies":[{"name":"wp","href":"https:\/\/api.w.org\/{rel}","templated":true}]}}