{"id":910,"date":"2019-06-05T09:53:45","date_gmt":"2019-06-05T07:53:45","guid":{"rendered":"http:\/\/www.reseau-amylose.org\/recherche\/clinical-research-for-carers\/the-different-projects"},"modified":"2019-06-05T09:53:45","modified_gmt":"2019-06-05T07:53:45","slug":"the-different-projects","status":"publish","type":"page","link":"http:\/\/reseau-amylose.org\/rechercheamylose\/clinical-research-for-carers\/the-different-projects\/","title":{"rendered":"The different projects"},"content":{"rendered":"\t\t<div data-elementor-type=\"wp-post\" data-elementor-id=\"910\" class=\"elementor elementor-910\" data-elementor-post-type=\"page\">\n\t\t\t\t\t\t<section class=\"elementor-section elementor-top-section elementor-element elementor-element-6d5f050e elementor-section-content-middle elementor-section-boxed elementor-section-height-default elementor-section-height-default\" data-id=\"6d5f050e\" data-element_type=\"section\" data-settings=\"{&quot;background_background&quot;:&quot;classic&quot;}\">\n\t\t\t\t\t\t<div class=\"elementor-container elementor-column-gap-no\">\n\t\t\t\t\t<div class=\"elementor-column elementor-col-100 elementor-top-column elementor-element elementor-element-52daf64e\" data-id=\"52daf64e\" data-element_type=\"column\">\n\t\t\t<div class=\"elementor-widget-wrap elementor-element-populated\">\n\t\t\t\t\t\t<div class=\"elementor-element elementor-element-2e0cadbd elementor-widget-divider--view-line elementor-widget elementor-widget-divider\" data-id=\"2e0cadbd\" data-element_type=\"widget\" data-widget_type=\"divider.default\">\n\t\t\t\t<div class=\"elementor-widget-container\">\n\t\t\t\t\t\t\t<div class=\"elementor-divider\">\n\t\t\t<span class=\"elementor-divider-separator\">\n\t\t\t\t\t\t<\/span>\n\t\t<\/div>\n\t\t\t\t\t\t<\/div>\n\t\t\t\t<\/div>\n\t\t\t\t\t<\/div>\n\t\t<\/div>\n\t\t\t\t\t<\/div>\n\t\t<\/section>\n\t\t\t\t<section class=\"elementor-section elementor-top-section elementor-element elementor-element-35aa6184 elementor-section-boxed elementor-section-height-default elementor-section-height-default\" data-id=\"35aa6184\" data-element_type=\"section\">\n\t\t\t\t\t\t<div class=\"elementor-container elementor-column-gap-default\">\n\t\t\t\t\t<div class=\"elementor-column elementor-col-100 elementor-top-column elementor-element elementor-element-571f48a2\" data-id=\"571f48a2\" data-element_type=\"column\">\n\t\t\t<div class=\"elementor-widget-wrap elementor-element-populated\">\n\t\t\t\t\t\t<div class=\"elementor-element elementor-element-14251ab4 elementor-widget elementor-widget-text-editor\" data-id=\"14251ab4\" data-element_type=\"widget\" data-widget_type=\"text-editor.default\">\n\t\t\t\t<div class=\"elementor-widget-container\">\n\t\t\t\t\t\t\t\t\t<h6><span style=\"color: #4db8f0;\"><strong>Non-interventional protocols (medication is not administered):<\/strong><\/span><\/h6>\n<h6>AmyloAFFECT: This questionnaire is meant to be taken during a check-up or a follow-up for heart failure. In this study, the answers from heart disease patients will be compared with those of cardiac amyloidosis patients. This aims to help doctors diagnose amyloidosis.<\/h6>\n<h6>This questionnaire is a self-assessment so it is up to the patient to fill it out. Questions focus on symptoms, when they first appeared and the patient\u2019s medical history. It is a very general questionnaire. This information will help us to create a diagnostic scoring system so that it will be easier to differentiate between a standard heart condition and amyloidosis. We also think this will help us to become more familiar with the different types of amyloidosis.<\/h6>\n<h6>AmyloCOLLECT: This involves preserving blood samples which are administered with specific markers which will help us to better understand heart failure\u2019s physiopathological mechanisms.<\/h6>\n<h6>Nutricoeur:<\/h6>\n<h6>The study aims to show that for patients with congestive heart failure, a program designed for dietary education, managing sodium intake and preventing malnutrition will be more effective than the usual dietary advice (which usually just focuses on sodium intake) that patients receive at unscheduled hospital visits six months after.<\/h6>\n<h6>The objectives are to:<\/h6>\n<ul>\n<li>\n<h6>Show that this new dietary education programme can improve nutrition, quality of life, practical application of dietary recommendations and the burden of being limited by a low-salt diet<\/h6>\n<\/li>\n<li>\n<h6>Show how useful educational materials are in setting up the new education programme for preventing malnutrition (personalised meal plans and recipes)<\/h6>\n<\/li>\n<li>\n<h6>Study the link between salt intake (prescribed and\/or actual consumption) in a low-salt diet and morbimortality, the quality of life and the difficulties of being limited by a low-salt diet. This secondary objective is based on recent studies which suggest that a strict low-salt diet could be damaging (in terms of morbimortality and moderately reduced salt-intake).<\/h6>\n<\/li>\n<li>\n<h6>To study the link between salt intake (prescribed and actually consumed) and energy and protein intake. The hypothesis underpinning this objective is that the stricter the low-salt diet, the weaker the balanced diet becomes if protein and energy intake are insufficient.<\/h6>\n<\/li>\n<\/ul>\n<h6>Inclusion criteria:<\/h6>\n<ul>\n<li>\n<h6>Chronic heart failure<\/h6>\n<\/li>\n<li>\n<h6>Cardiac decompensation in the last two years<\/h6>\n<\/li>\n<\/ul>\n<h6>Safe Home:<\/h6>\n<h6>This aims to show how safe and efficient home hospital visits are in comparison to standard hospitalisation for patients with chronic decompensated heart failure.<\/h6>\n<h6>\u00a0\u00a0\u00a0\u00a0\u00a0\u00a0\u00a0\u00a0\u00a0 Inclusion criteria:<\/h6>\n<ul>\n<li>\n<h6>Recurrent hospitalisation for cardiac decompensation<\/h6>\n<\/li>\n<li>\n<h6>Right-sided heart failure requiring IV diuretics<\/h6>\n<\/li>\n<li>\n<h6>Hospital home care within a maximum of four days after hospitalisation<\/h6>\n<\/li>\n<li>\n<h6>To diagnose patients in the 48h hospitalisation period<\/h6>\n<\/li>\n<\/ul>\n<h6>Exclusion criteria:<\/h6>\n<h6>Undetermined heart failure<\/h6>\n<h6><\/h6>\n<h6>AMYLO-CARTESIAN: This aims to evaluate the impact (morbidity and mortality) of cardiac transthyretin amyloid deposits (CA) and\/or cardiac retention of diphosphonates in scintigraphs in elderly patients with aortic stenosis who have had a valve replacement.<\/h6>\n<h6>The objectives are to:<\/h6>\n<ul>\n<li>\n<h6>Determine and compare the sensitivity and specificity of echocardiographs and MRIs when diagnosing cardiac amyloidosis.<\/h6>\n<\/li>\n<li>\n<h6>Determine how prevalent wild type transthyretin cardiac amyloids are in patients with calcific aortic stenosis who have had an aortic valve replacement.<\/h6>\n<\/li>\n<li>\n<h6>Start a bio-bank of blood samples and identify the biomarkers of wild type transthyretin cardiac amyloids, a sign that calcific aortic stenosis surgery or TAVI is needed.<\/h6>\n<\/li>\n<\/ul>\n<h6>Inclusion criteria:<\/h6>\n<ul>\n<li>\n<h6>Severe calcific aortic stenosis<\/h6>\n<\/li>\n<li>\n<h6>Patient age \u226570<\/h6>\n<\/li>\n<li>\n<h6>Ejection fraction \u02c260% or strain rate \u02c3 -17%<\/h6>\n<\/li>\n<\/ul>\n<h6>Exclusion criteria:<\/h6>\n<ul>\n<li>\n<h6>Other serious illnesses<\/h6>\n<\/li>\n<li>\n<h6>Illness which requires mitral valve surgery<\/h6>\n<\/li>\n<li>\n<h6>Aortic insufficiency (class \u02c3III)<\/h6>\n<\/li>\n<\/ul>\n<h6><\/h6>\n<h6>AMYLODEAFNESS: This study involves a hearing screening. Amyloid deposits can infiltrate different anatomical structures in the ear. Moreover, some diuretic treatments which are necessary to treat heart failure can sometimes cause hearing damage and cardiological problems can impair vascuralisation of the inner ear leading to decreased hearing. Having a better description of these anomalies could help diagnose patients with early-onset amyloidosis (particularly after a hearing check-up) and improve care for all patients with amyloidosis.<\/h6>\n<h6><\/h6>\n<h6>Interventional protocols (involving the administration of medication)<\/h6>\n<h6><\/h6>\n<h6>VICTORIA: This aims to evaluate how effectively Vericiguat, a stimulant taken orally consisting of soluble guanylate cyclase (sGC), can delay the first occurrence of the composite endpoints of death due to cardiovascular disease or hospitalisation due to heart failure in patients affected by heart failure with preserved ejection fraction receiving standard treatment, and this will be compared with a placebo.<\/h6>\n<h6>Population: Chronic heart failure patients<\/h6>\n<h6>Left ventricular ejection fraction \u02c245%<\/h6>\n<h6>Excludes: Amyloidosis and hypertrophic cardiomyopathy<\/h6>\n<h6>Inclusion criteria:<\/h6>\n<ul>\n<li>\n<h6>Optimisation of standard heart failure treatment<\/h6>\n<\/li>\n<li>\n<h6>Treated with diuretics administered by IV in the last 3 months or over the course of current hospitalisation<\/h6>\n<\/li>\n<\/ul>\n<h6>Exclusion criteria:<\/h6>\n<ul>\n<li>\n<h6>Patient has been treated with long-acting nitrates or nitric oxide donors or phosphodiesterase 5 inhibitors<\/h6>\n<\/li>\n<li>\n<h6>Patient has a primary cardiac valvulopathy needing medical intervention or has had valvular intervention in the last 3 months.<\/h6>\n<\/li>\n<li>\n<h6>Patient is presenting with symptoms of carotid stenosis, TIA or a stroke<\/h6>\n<\/li>\n<\/ul>\n<h6><\/h6>\n<h6>GALACTIC: This aims to evaluate how OMECAMTIV MECARBIL treatment affects time elapsed before death caused by cardiovascular problems or the first instance of heart failure (whichever comes first) in patients with chronic heart failure with reduced ejection fraction receiving standard treatment. This will be compared with a placebo.<\/h6>\n<h6>Population: Chronic heart failure<\/h6>\n<h6>Left ventricular ejection fraction \u226435%<\/h6>\n<h6>Excludes: Amyloidosis and hypertrophic cardiomyopathy<\/h6>\n<h6>Inclusion criteria:<\/h6>\n<ul>\n<li>\n<h6>Optimisation of standard heart failure treatment<\/h6>\n<\/li>\n<li>\n<h6>Hospitalisation for acute heart failure in the 6 months before randomisation<\/h6>\n<\/li>\n<\/ul>\n<h6>Exclusion criteria:<\/h6>\n<ul>\n<li>\n<h6>IV administration of inotrope or vasopressors \u2264 3 days before randomisation<\/h6>\n<\/li>\n<li>\n<h6>Having an implantable cardioverter-defibrillator or recently starting cardiac resynchronisation therapy<\/h6>\n<\/li>\n<li>\n<h6>Having a severe, untreated ventricular arrhythmia<\/h6>\n<\/li>\n<li>\n<h6>Symptomatic bradycardia or 2<sup>nd<\/sup>\/3<sup>rd<\/sup> degree heart block without a pacemaker<\/h6>\n<\/li>\n<\/ul>\n<h6><\/h6>\n<h6>SERENADE: This study aims to evaluate if 10 mg of macitentan can reduce natriuretic peptide level of \u2018N-terminal pro brain natriuretic peptide\u2019 (NT-pro-BNP) in comparison with a placebo in the 24<sup>th<\/sup> week of patients presenting with heart failure with preserved ejection fraction and a pulmonary vascular illness.<\/h6>\n<h6>The effect of the 10mg of macitentanin comparison to the placebo will be measured by:<\/h6>\n<ul>\n<li>\n<h6>Daily physical activity<\/h6>\n<\/li>\n<li>\n<h6>Quality of life<\/h6>\n<\/li>\n<li>\n<h6>The development of the heart failure<\/h6>\n<\/li>\n<\/ul>\n<h6>Ejection fraction \u2265 40% (no history of ejection fraction \u2264 40%)<\/h6>\n<h6>Excludes: Amyloidosis and hypertrophic cardiomyopathy<\/h6>\n<h6>Inclusion criteria:<\/h6>\n<ul>\n<li>\n<h6>Patients with heart failure with preserved ejection fraction<\/h6>\n<\/li>\n<li>\n<h6>Patients that have had cardiac catheterisation in the last 6 months with an end-expiratory pulmonary capillary pressure or a left ventricular end-diastolic pressure of \u02c315 mmHg.<\/h6>\n<\/li>\n<\/ul>\n<h6>OR a pulmonary vascular illness<\/h6>\n<h6>OR impaired right ventricular function:<\/h6>\n<ol start=\"2\">\n<li>\n<h6>Maximum tricuspid regurgitation speed of \u02c32.8m\/s or mean pulmonary arterial pressure of \u2265 25mmHg or systolic pulmonary arterial pressure \u02c340mmHg and tricuspid annular plane systolic excursion \u02c217mm or right ventricular fraction area change \u02c235% or tissue Doppler velocity of \u02c2 9.5cm\/s)<\/h6>\n<\/li>\n<li>\n<h6>Diastolic pulmonary vascular pressure gradient (DPG) \u02c3 5 mmHg<\/h6>\n<\/li>\n<li>\n<h6>Pulmonary vascular resistance (PVR) \u02c3 3 Wood units<\/h6>\n<\/li>\n<\/ol>\n<h6>Exclusion criteria:<\/h6>\n<ul>\n<li>\n<h6>Severe, untreated valvulopathy<\/h6>\n<\/li>\n<li>\n<h6>Indication that a transluminal angioplasty of the artery or a coronary artery bypass is needed<\/h6>\n<\/li>\n<li>\n<h6>Taking treatment for pulmonary arterial hypertension in the weeks before trial selection<\/h6>\n<\/li>\n<li>\n<h6>Treatment involving strong inducers or inhibitors of the isoenzyme Cytochrome P450 3A4 (CYP3A4) over the last few months<\/h6>\n<\/li>\n<li>\n<h6><strong>Patients who have had any surgical procedures<\/strong><\/h6>\n<\/li>\n<\/ul>\n\t\t\t\t\t\t\t\t<\/div>\n\t\t\t\t<\/div>\n\t\t\t\t<div class=\"elementor-element elementor-element-32553dc elementor-widget-divider--view-line elementor-widget elementor-widget-divider\" data-id=\"32553dc\" data-element_type=\"widget\" data-widget_type=\"divider.default\">\n\t\t\t\t<div class=\"elementor-widget-container\">\n\t\t\t\t\t\t\t<div class=\"elementor-divider\">\n\t\t\t<span class=\"elementor-divider-separator\">\n\t\t\t\t\t\t<\/span>\n\t\t<\/div>\n\t\t\t\t\t\t<\/div>\n\t\t\t\t<\/div>\n\t\t\t\t\t<\/div>\n\t\t<\/div>\n\t\t\t\t\t<\/div>\n\t\t<\/section>\n\t\t\t\t<section class=\"elementor-section elementor-top-section elementor-element elementor-element-5727004e elementor-section-boxed elementor-section-height-default elementor-section-height-default\" data-id=\"5727004e\" data-element_type=\"section\">\n\t\t\t\t\t\t<div class=\"elementor-container elementor-column-gap-default\">\n\t\t\t\t\t<div class=\"elementor-column elementor-col-100 elementor-top-column elementor-element elementor-element-b1b0d06\" data-id=\"b1b0d06\" data-element_type=\"column\">\n\t\t\t<div class=\"elementor-widget-wrap elementor-element-populated\">\n\t\t\t\t\t\t<div class=\"elementor-element elementor-element-3b1ecea3 elementor-widget elementor-widget-text-editor\" data-id=\"3b1ecea3\" data-element_type=\"widget\" data-widget_type=\"text-editor.default\">\n\t\t\t\t<div class=\"elementor-widget-container\">\n\t\t\t\t\t\t\t\t\t<h5 style=\"text-align: center;\"><span style=\"color: #4db8f0;\"><strong>Protocols to come<\/strong><\/span><\/h5>\n<h5>EXTENSION d\u2019ATTRACT:<\/h5>\n<h5>This aims to test how a new medication called Tafamidis affects patients with hereditary transthyretin cardiac amyloidosis or senile hereditary cardiac amyloidosis.<\/h5>\n<h5><\/h5>\n<h5>AMYLOGALLANTRY:<\/h5>\n<h5>This aims to test how epigallocatechin 3-gallate and doxycycline, separately or co-administered, affect changes in left ventricular longitudinal strain in the apex amongst patients with AL cardiac amyloidosis after one year.<\/h5>\n<h5>Main parameter: to improve or at least stabilise left ventricular longitudinal strain in the apex measured by echocardiograph.<\/h5>\n<h5>AMYLOGALILEO:<\/h5>\n<h5>This aims to test how diflunisal and epigallocatechin 3-gallate, separately or co-administered, affect left ventricular 2D strain and interventricular septal thickening 2 years after the development of transthyretin cardiac amyloidosis.<\/h5>\n<h5>The objectives are to:<\/h5>\n<ul>\n<li>\n<h5>Evaluate mortality and rehospitalisation rates for acute heart failure<\/h5>\n<\/li>\n<li>\n<h5>Evaluate the effects that treatments have on clinical, biological and echocardiographic parameters<\/h5>\n<\/li>\n<\/ul>\n<h5>AMYLOSHIATSU:<\/h5>\n<h5>This aims to evaluate the effect that shiatsu (self-massage) has on symptoms of amyloidosis and the impact it has on patients\u2019 quality of life.<\/h5>\n<h5>OBSAMYL:<\/h5>\n<h5>This aims to estimate the number of patients with transthyretin amyloidosis in France and evaluate the uses, tolerance and effectiveness of Tafamidis.<\/h5>\n\t\t\t\t\t\t\t\t<\/div>\n\t\t\t\t<\/div>\n\t\t\t\t\t<\/div>\n\t\t<\/div>\n\t\t\t\t\t<\/div>\n\t\t<\/section>\n\t\t\t\t<section class=\"elementor-section elementor-top-section elementor-element elementor-element-1943135c elementor-section-boxed elementor-section-height-default elementor-section-height-default\" data-id=\"1943135c\" data-element_type=\"section\">\n\t\t\t\t\t\t<div class=\"elementor-container elementor-column-gap-default\">\n\t\t\t\t\t<div class=\"elementor-column elementor-col-100 elementor-top-column elementor-element elementor-element-61cc0e2b\" data-id=\"61cc0e2b\" data-element_type=\"column\">\n\t\t\t<div class=\"elementor-widget-wrap elementor-element-populated\">\n\t\t\t\t\t\t<div class=\"elementor-element elementor-element-2b1ffe9f elementor-widget elementor-widget-spacer\" data-id=\"2b1ffe9f\" data-element_type=\"widget\" data-widget_type=\"spacer.default\">\n\t\t\t\t<div class=\"elementor-widget-container\">\n\t\t\t\t\t\t\t<div class=\"elementor-spacer\">\n\t\t\t<div class=\"elementor-spacer-inner\"><\/div>\n\t\t<\/div>\n\t\t\t\t\t\t<\/div>\n\t\t\t\t<\/div>\n\t\t\t\t\t<\/div>\n\t\t<\/div>\n\t\t\t\t\t<\/div>\n\t\t<\/section>\n\t\t\t\t<\/div>\n\t\t","protected":false},"excerpt":{"rendered":"<p>Non-interventional protocols (medication is not administered): AmyloAFFECT: This questionnaire is meant to be taken during a check-up or a follow-up for heart failure. In this study, the answers from heart disease patients will be compared with those of cardiac amyloidosis patients. This aims to help doctors diagnose amyloidosis. This questionnaire is a self-assessment so it [&hellip;]<\/p>\n","protected":false},"author":1,"featured_media":0,"parent":907,"menu_order":1,"comment_status":"closed","ping_status":"closed","template":"","meta":{"_monsterinsights_skip_tracking":false,"_monsterinsights_sitenote_active":false,"_monsterinsights_sitenote_note":"","_monsterinsights_sitenote_category":0,"footnotes":""},"categories":[],"tags":[],"class_list":["post-910","page","type-page","status-publish","hentry"],"yoast_head":"<!-- This site is optimized with the Yoast SEO plugin v25.5 - https:\/\/yoast.com\/wordpress\/plugins\/seo\/ -->\n<title>The different projects - R\u00e9seau Amylose Recherche<\/title>\n<meta name=\"robots\" content=\"index, follow, max-snippet:-1, max-image-preview:large, max-video-preview:-1\" \/>\n<link rel=\"canonical\" href=\"http:\/\/reseau-amylose.org\/rechercheamylose\/clinical-research-for-carers\/the-different-projects\/\" \/>\n<meta property=\"og:locale\" content=\"fr_FR\" \/>\n<meta property=\"og:type\" content=\"article\" \/>\n<meta property=\"og:title\" content=\"The different projects - R\u00e9seau Amylose Recherche\" \/>\n<meta property=\"og:description\" content=\"Non-interventional protocols (medication is not administered): AmyloAFFECT: This questionnaire is meant to be taken during a check-up or a follow-up for heart failure. In this study, the answers from heart disease patients will be compared with those of cardiac amyloidosis patients. This aims to help doctors diagnose amyloidosis. This questionnaire is a self-assessment so it [&hellip;]\" \/>\n<meta property=\"og:url\" content=\"http:\/\/reseau-amylose.org\/rechercheamylose\/clinical-research-for-carers\/the-different-projects\/\" \/>\n<meta property=\"og:site_name\" content=\"R\u00e9seau Amylose Recherche\" \/>\n<meta name=\"twitter:card\" content=\"summary_large_image\" \/>\n<meta name=\"twitter:label1\" content=\"Dur\u00e9e de lecture estim\u00e9e\" \/>\n\t<meta name=\"twitter:data1\" content=\"7 minutes\" \/>\n<script type=\"application\/ld+json\" class=\"yoast-schema-graph\">{\"@context\":\"https:\/\/schema.org\",\"@graph\":[{\"@type\":\"WebPage\",\"@id\":\"http:\/\/reseau-amylose.org\/rechercheamylose\/clinical-research-for-carers\/the-different-projects\/\",\"url\":\"http:\/\/reseau-amylose.org\/rechercheamylose\/clinical-research-for-carers\/the-different-projects\/\",\"name\":\"The different projects - R\u00e9seau Amylose Recherche\",\"isPartOf\":{\"@id\":\"https:\/\/reseau-amylose.org\/rechercheamylose\/#website\"},\"datePublished\":\"2019-06-05T07:53:45+00:00\",\"breadcrumb\":{\"@id\":\"http:\/\/reseau-amylose.org\/rechercheamylose\/clinical-research-for-carers\/the-different-projects\/#breadcrumb\"},\"inLanguage\":\"fr-FR\",\"potentialAction\":[{\"@type\":\"ReadAction\",\"target\":[\"http:\/\/reseau-amylose.org\/rechercheamylose\/clinical-research-for-carers\/the-different-projects\/\"]}]},{\"@type\":\"BreadcrumbList\",\"@id\":\"http:\/\/reseau-amylose.org\/rechercheamylose\/clinical-research-for-carers\/the-different-projects\/#breadcrumb\",\"itemListElement\":[{\"@type\":\"ListItem\",\"position\":1,\"name\":\"Accueil\",\"item\":\"https:\/\/reseau-amylose.org\/rechercheamylose\/\"},{\"@type\":\"ListItem\",\"position\":2,\"name\":\"Clinical research for carers\",\"item\":\"http:\/\/reseau-amylose.org\/rechercheamylose\/clinical-research-for-carers\/\"},{\"@type\":\"ListItem\",\"position\":3,\"name\":\"The different projects\"}]},{\"@type\":\"WebSite\",\"@id\":\"https:\/\/reseau-amylose.org\/rechercheamylose\/#website\",\"url\":\"https:\/\/reseau-amylose.org\/rechercheamylose\/\",\"name\":\"R\u00e9seau Amylose Recherche\",\"description\":\"Centre de r\u00e9f\u00e9rence des amyloses cardiaques\",\"potentialAction\":[{\"@type\":\"SearchAction\",\"target\":{\"@type\":\"EntryPoint\",\"urlTemplate\":\"https:\/\/reseau-amylose.org\/rechercheamylose\/?s={search_term_string}\"},\"query-input\":{\"@type\":\"PropertyValueSpecification\",\"valueRequired\":true,\"valueName\":\"search_term_string\"}}],\"inLanguage\":\"fr-FR\"}]}<\/script>\n<!-- \/ Yoast SEO plugin. -->","yoast_head_json":{"title":"The different projects - R\u00e9seau Amylose Recherche","robots":{"index":"index","follow":"follow","max-snippet":"max-snippet:-1","max-image-preview":"max-image-preview:large","max-video-preview":"max-video-preview:-1"},"canonical":"http:\/\/reseau-amylose.org\/rechercheamylose\/clinical-research-for-carers\/the-different-projects\/","og_locale":"fr_FR","og_type":"article","og_title":"The different projects - R\u00e9seau Amylose Recherche","og_description":"Non-interventional protocols (medication is not administered): AmyloAFFECT: This questionnaire is meant to be taken during a check-up or a follow-up for heart failure. In this study, the answers from heart disease patients will be compared with those of cardiac amyloidosis patients. This aims to help doctors diagnose amyloidosis. This questionnaire is a self-assessment so it [&hellip;]","og_url":"http:\/\/reseau-amylose.org\/rechercheamylose\/clinical-research-for-carers\/the-different-projects\/","og_site_name":"R\u00e9seau Amylose Recherche","twitter_card":"summary_large_image","twitter_misc":{"Dur\u00e9e de lecture estim\u00e9e":"7 minutes"},"schema":{"@context":"https:\/\/schema.org","@graph":[{"@type":"WebPage","@id":"http:\/\/reseau-amylose.org\/rechercheamylose\/clinical-research-for-carers\/the-different-projects\/","url":"http:\/\/reseau-amylose.org\/rechercheamylose\/clinical-research-for-carers\/the-different-projects\/","name":"The different projects - R\u00e9seau Amylose Recherche","isPartOf":{"@id":"https:\/\/reseau-amylose.org\/rechercheamylose\/#website"},"datePublished":"2019-06-05T07:53:45+00:00","breadcrumb":{"@id":"http:\/\/reseau-amylose.org\/rechercheamylose\/clinical-research-for-carers\/the-different-projects\/#breadcrumb"},"inLanguage":"fr-FR","potentialAction":[{"@type":"ReadAction","target":["http:\/\/reseau-amylose.org\/rechercheamylose\/clinical-research-for-carers\/the-different-projects\/"]}]},{"@type":"BreadcrumbList","@id":"http:\/\/reseau-amylose.org\/rechercheamylose\/clinical-research-for-carers\/the-different-projects\/#breadcrumb","itemListElement":[{"@type":"ListItem","position":1,"name":"Accueil","item":"https:\/\/reseau-amylose.org\/rechercheamylose\/"},{"@type":"ListItem","position":2,"name":"Clinical research for carers","item":"http:\/\/reseau-amylose.org\/rechercheamylose\/clinical-research-for-carers\/"},{"@type":"ListItem","position":3,"name":"The different projects"}]},{"@type":"WebSite","@id":"https:\/\/reseau-amylose.org\/rechercheamylose\/#website","url":"https:\/\/reseau-amylose.org\/rechercheamylose\/","name":"R\u00e9seau Amylose Recherche","description":"Centre de r\u00e9f\u00e9rence des amyloses cardiaques","potentialAction":[{"@type":"SearchAction","target":{"@type":"EntryPoint","urlTemplate":"https:\/\/reseau-amylose.org\/rechercheamylose\/?s={search_term_string}"},"query-input":{"@type":"PropertyValueSpecification","valueRequired":true,"valueName":"search_term_string"}}],"inLanguage":"fr-FR"}]}},"_links":{"self":[{"href":"http:\/\/reseau-amylose.org\/rechercheamylose\/wp-json\/wp\/v2\/pages\/910","targetHints":{"allow":["GET"]}}],"collection":[{"href":"http:\/\/reseau-amylose.org\/rechercheamylose\/wp-json\/wp\/v2\/pages"}],"about":[{"href":"http:\/\/reseau-amylose.org\/rechercheamylose\/wp-json\/wp\/v2\/types\/page"}],"author":[{"embeddable":true,"href":"http:\/\/reseau-amylose.org\/rechercheamylose\/wp-json\/wp\/v2\/users\/1"}],"replies":[{"embeddable":true,"href":"http:\/\/reseau-amylose.org\/rechercheamylose\/wp-json\/wp\/v2\/comments?post=910"}],"version-history":[{"count":0,"href":"http:\/\/reseau-amylose.org\/rechercheamylose\/wp-json\/wp\/v2\/pages\/910\/revisions"}],"up":[{"embeddable":true,"href":"http:\/\/reseau-amylose.org\/rechercheamylose\/wp-json\/wp\/v2\/pages\/907"}],"wp:attachment":[{"href":"http:\/\/reseau-amylose.org\/rechercheamylose\/wp-json\/wp\/v2\/media?parent=910"}],"wp:term":[{"taxonomy":"category","embeddable":true,"href":"http:\/\/reseau-amylose.org\/rechercheamylose\/wp-json\/wp\/v2\/categories?post=910"},{"taxonomy":"post_tag","embeddable":true,"href":"http:\/\/reseau-amylose.org\/rechercheamylose\/wp-json\/wp\/v2\/tags?post=910"}],"curies":[{"name":"wp","href":"https:\/\/api.w.org\/{rel}","templated":true}]}}