{"id":91,"date":"2018-12-05T13:13:33","date_gmt":"2018-12-05T13:13:33","guid":{"rendered":"http:\/\/recherche.reseau-amylose.org\/?page_id=59"},"modified":"2022-04-15T07:16:22","modified_gmt":"2022-04-15T05:16:22","slug":"pourquoi-venir-vers-nous","status":"publish","type":"page","link":"http:\/\/reseau-amylose.org\/rechercheamylose\/la-recherche-clinique-pour-les-industriels\/pourquoi-venir-vers-nous\/","title":{"rendered":"Pourquoi venir vers nous ?"},"content":{"rendered":"\t\t<div data-elementor-type=\"wp-post\" data-elementor-id=\"91\" class=\"elementor elementor-91\" data-elementor-post-type=\"page\">\n\t\t\t\t\t\t<section class=\"elementor-section elementor-top-section elementor-element elementor-element-1e51cc9 elementor-section-content-middle elementor-section-boxed elementor-section-height-default elementor-section-height-default\" data-id=\"1e51cc9\" data-element_type=\"section\" data-settings=\"{&quot;background_background&quot;:&quot;classic&quot;}\">\n\t\t\t\t\t\t<div class=\"elementor-container elementor-column-gap-no\">\n\t\t\t\t\t<div class=\"elementor-column elementor-col-100 elementor-top-column elementor-element elementor-element-95853af\" data-id=\"95853af\" data-element_type=\"column\">\n\t\t\t<div class=\"elementor-widget-wrap elementor-element-populated\">\n\t\t\t\t\t\t<div class=\"elementor-element elementor-element-49a1fdb3 elementor-widget-divider--view-line elementor-widget elementor-widget-divider\" data-id=\"49a1fdb3\" data-element_type=\"widget\" data-widget_type=\"divider.default\">\n\t\t\t\t<div class=\"elementor-widget-container\">\n\t\t\t\t\t\t\t<div class=\"elementor-divider\">\n\t\t\t<span class=\"elementor-divider-separator\">\n\t\t\t\t\t\t<\/span>\n\t\t<\/div>\n\t\t\t\t\t\t<\/div>\n\t\t\t\t<\/div>\n\t\t\t\t<div class=\"elementor-element elementor-element-da1b1a2 elementor-widget elementor-widget-heading\" data-id=\"da1b1a2\" data-element_type=\"widget\" data-widget_type=\"heading.default\">\n\t\t\t\t<div class=\"elementor-widget-container\">\n\t\t\t\t\t<h4 class=\"elementor-heading-title elementor-size-default\">Comment puis-je m'impliquer ?<\/h4>\t\t\t\t<\/div>\n\t\t\t\t<\/div>\n\t\t\t\t\t<\/div>\n\t\t<\/div>\n\t\t\t\t\t<\/div>\n\t\t<\/section>\n\t\t\t\t<section class=\"elementor-section elementor-top-section elementor-element elementor-element-fa29b09 elementor-section-boxed elementor-section-height-default elementor-section-height-default\" data-id=\"fa29b09\" data-element_type=\"section\">\n\t\t\t\t\t\t<div class=\"elementor-container elementor-column-gap-default\">\n\t\t\t\t\t<div class=\"elementor-column elementor-col-100 elementor-top-column elementor-element elementor-element-b453964\" data-id=\"b453964\" data-element_type=\"column\">\n\t\t\t<div class=\"elementor-widget-wrap elementor-element-populated\">\n\t\t\t\t\t\t<div class=\"elementor-element elementor-element-87db7d9 elementor-widget elementor-widget-heading\" data-id=\"87db7d9\" data-element_type=\"widget\" data-widget_type=\"heading.default\">\n\t\t\t\t<div class=\"elementor-widget-container\">\n\t\t\t\t\t<h2 class=\"elementor-heading-title elementor-size-default\">HEART's Foundation<\/h2>\t\t\t\t<\/div>\n\t\t\t\t<\/div>\n\t\t\t\t<div class=\"elementor-element elementor-element-37d96e0 elementor-widget elementor-widget-heading\" data-id=\"37d96e0\" data-element_type=\"widget\" data-widget_type=\"heading.default\">\n\t\t\t\t<div class=\"elementor-widget-container\">\n\t\t\t\t\t<h4 class=\"elementor-heading-title elementor-size-default\">Combattre ensemble l'amylose<\/h4>\t\t\t\t<\/div>\n\t\t\t\t<\/div>\n\t\t\t\t\t<\/div>\n\t\t<\/div>\n\t\t\t\t\t<\/div>\n\t\t<\/section>\n\t\t\t\t<section class=\"elementor-section elementor-top-section elementor-element elementor-element-f938592 elementor-section-boxed elementor-section-height-default elementor-section-height-default\" data-id=\"f938592\" data-element_type=\"section\">\n\t\t\t\t\t\t<div class=\"elementor-container elementor-column-gap-default\">\n\t\t\t\t\t<div class=\"elementor-column elementor-col-50 elementor-top-column elementor-element elementor-element-3ad7b76\" data-id=\"3ad7b76\" data-element_type=\"column\">\n\t\t\t<div class=\"elementor-widget-wrap elementor-element-populated\">\n\t\t\t\t\t\t<div class=\"elementor-element elementor-element-abd8f33 elementor-widget elementor-widget-text-editor\" data-id=\"abd8f33\" data-element_type=\"widget\" data-widget_type=\"text-editor.default\">\n\t\t\t\t<div class=\"elementor-widget-container\">\n\t\t\t\t\t\t\t\t\t<h6>\u00a0<\/h6><h6><span style=\"color: #000000;\">Faites partie de nos recherches<\/span><\/h6><h6><span style=\"color: #000000;\">Visitez un Centre<\/span><\/h6><h6><span style=\"color: #000000;\">Venez \u00e0 un \u00e9v\u00e8nement<\/span><\/h6><h6><span style=\"color: #000000;\">Suivez notre fil d&rsquo;actualit\u00e9<\/span><\/h6><h6><span style=\"color: #000000;\">Faites un don aujourd&rsquo;hui<\/span><\/h6><h6><span style=\"color: #000000;\">\u00a0<\/span><\/h6>\t\t\t\t\t\t\t\t<\/div>\n\t\t\t\t<\/div>\n\t\t\t\t\t<\/div>\n\t\t<\/div>\n\t\t\t\t<div class=\"elementor-column elementor-col-50 elementor-top-column elementor-element elementor-element-0fe0939\" data-id=\"0fe0939\" data-element_type=\"column\">\n\t\t\t<div class=\"elementor-widget-wrap elementor-element-populated\">\n\t\t\t\t\t\t<div class=\"elementor-element elementor-element-3ec1441 elementor-cta--skin-cover elementor-animated-content elementor-bg-transform elementor-bg-transform-zoom-in elementor-widget elementor-widget-call-to-action\" data-id=\"3ec1441\" data-element_type=\"widget\" data-widget_type=\"call-to-action.default\">\n\t\t\t\t<div class=\"elementor-widget-container\">\n\t\t\t\t\t\t\t<div class=\"elementor-cta\">\n\t\t\t\t\t<div class=\"elementor-cta__bg-wrapper\">\n\t\t\t\t<div class=\"elementor-cta__bg elementor-bg\" style=\"background-image: url(http:\/\/reseau-amylose.org\/rechercheamylose\/wp-content\/uploads\/sites\/3\/2020\/10\/Capture-de\u0301cran-2020-10-27-a\u0300-15.59.00.png);\" role=\"img\" aria-label=\"Capture d\u2019e\u0301cran 2020-10-27 a\u0300 15.59.00\"><\/div>\n\t\t\t\t<div class=\"elementor-cta__bg-overlay\"><\/div>\n\t\t\t<\/div>\n\t\t\t\t\t\t\t<div class=\"elementor-cta__content\">\n\t\t\t\t\n\t\t\t\t\t\t\t\t\t<h2 class=\"elementor-cta__title elementor-cta__content-item elementor-content-item elementor-animated-item--grow\">\n\t\t\t\t\t\tHEART's Foundation\t\t\t\t\t<\/h2>\n\t\t\t\t\n\t\t\t\t\n\t\t\t\t\t\t\t\t\t<div class=\"elementor-cta__button-wrapper elementor-cta__content-item elementor-content-item elementor-animated-item--grow\">\n\t\t\t\t\t<a class=\"elementor-cta__button elementor-button elementor-size-md\" href=\"https:\/\/hearts-foundation.org\/get-involved\/\">\n\t\t\t\t\t\tCliquer ici\t\t\t\t\t<\/a>\n\t\t\t\t\t<\/div>\n\t\t\t\t\t\t\t<\/div>\n\t\t\t\t\t\t<\/div>\n\t\t\t\t\t\t<\/div>\n\t\t\t\t<\/div>\n\t\t\t\t\t<\/div>\n\t\t<\/div>\n\t\t\t\t\t<\/div>\n\t\t<\/section>\n\t\t\t\t<section class=\"elementor-section elementor-top-section elementor-element elementor-element-6db50f5 elementor-section-boxed elementor-section-height-default elementor-section-height-default\" data-id=\"6db50f5\" data-element_type=\"section\">\n\t\t\t\t\t\t<div class=\"elementor-container elementor-column-gap-default\">\n\t\t\t\t\t<div class=\"elementor-column elementor-col-100 elementor-top-column elementor-element elementor-element-08cfa42\" data-id=\"08cfa42\" data-element_type=\"column\">\n\t\t\t<div class=\"elementor-widget-wrap elementor-element-populated\">\n\t\t\t\t\t\t<div class=\"elementor-element elementor-element-efbf251 elementor-widget elementor-widget-text-editor\" data-id=\"efbf251\" data-element_type=\"widget\" data-widget_type=\"text-editor.default\">\n\t\t\t\t<div class=\"elementor-widget-container\">\n\t\t\t\t\t\t\t\t\t<h6><span style=\"color: #000000;\">HEARTS&rsquo; FOUNDATION soutient tout type de projet pour am\u00e9liorer la prise en charge des patients atteints d&rsquo;amyloses cardiaques.<\/span><\/h6><h6><span style=\"color: #000000;\">Si vous avez un projet vous pouvez demander \u00e0 \u00eatre soutenu par HEART&rsquo;S FOUNDATION pour construire votre projet, impliquer des centres investigateurs et obtenir un soutien financier.<\/span><\/h6>\t\t\t\t\t\t\t\t<\/div>\n\t\t\t\t<\/div>\n\t\t\t\t\t<\/div>\n\t\t<\/div>\n\t\t\t\t\t<\/div>\n\t\t<\/section>\n\t\t\t\t<\/div>\n\t\t","protected":false},"excerpt":{"rendered":"<p>Comment puis-je m&rsquo;impliquer ? HEART&rsquo;s Foundation Combattre ensemble l&rsquo;amylose &nbsp; Faites partie de nos recherches Visitez un Centre Venez \u00e0 un \u00e9v\u00e8nement Suivez notre fil d&rsquo;actualit\u00e9 Faites un don aujourd&rsquo;hui &nbsp; HEART&rsquo;s Foundation Cliquer ici HEARTS&rsquo; FOUNDATION soutient tout type de projet pour am\u00e9liorer la prise en charge des patients atteints d&rsquo;amyloses cardiaques. Si vous [&hellip;]<\/p>\n","protected":false},"author":1,"featured_media":0,"parent":77,"menu_order":2,"comment_status":"closed","ping_status":"closed","template":"","meta":{"_monsterinsights_skip_tracking":false,"_monsterinsights_sitenote_active":false,"_monsterinsights_sitenote_note":"","_monsterinsights_sitenote_category":0,"footnotes":""},"categories":[],"tags":[],"class_list":["post-91","page","type-page","status-publish","hentry"],"yoast_head":"<!-- This site is optimized with the Yoast SEO plugin v25.5 - https:\/\/yoast.com\/wordpress\/plugins\/seo\/ -->\n<title>Pourquoi venir vers nous ? - R\u00e9seau Amylose Recherche<\/title>\n<meta name=\"description\" content=\"HEART&#039;S FOUNDATION - organisation internationale sans but lucratif qui lutte contre l\u2019amylose. Healthcare European Amyloidosis Registry (HEAR)\" \/>\n<meta name=\"robots\" content=\"index, follow, max-snippet:-1, max-image-preview:large, max-video-preview:-1\" \/>\n<link rel=\"canonical\" href=\"http:\/\/reseau-amylose.org\/rechercheamylose\/la-recherche-clinique-pour-les-industriels\/pourquoi-venir-vers-nous\/\" \/>\n<meta property=\"og:locale\" content=\"fr_FR\" \/>\n<meta property=\"og:type\" content=\"article\" \/>\n<meta property=\"og:title\" content=\"Pourquoi venir vers nous ? - R\u00e9seau Amylose Recherche\" \/>\n<meta property=\"og:description\" content=\"HEART&#039;S FOUNDATION - organisation internationale sans but lucratif qui lutte contre l\u2019amylose. Healthcare European Amyloidosis Registry (HEAR)\" \/>\n<meta property=\"og:url\" content=\"http:\/\/reseau-amylose.org\/rechercheamylose\/la-recherche-clinique-pour-les-industriels\/pourquoi-venir-vers-nous\/\" \/>\n<meta property=\"og:site_name\" content=\"R\u00e9seau Amylose Recherche\" \/>\n<meta property=\"article:modified_time\" content=\"2022-04-15T05:16:22+00:00\" \/>\n<meta name=\"twitter:card\" content=\"summary_large_image\" \/>\n<meta name=\"twitter:label1\" content=\"Dur\u00e9e de lecture estim\u00e9e\" \/>\n\t<meta name=\"twitter:data1\" content=\"1 minute\" \/>\n<script type=\"application\/ld+json\" class=\"yoast-schema-graph\">{\"@context\":\"https:\/\/schema.org\",\"@graph\":[{\"@type\":\"WebPage\",\"@id\":\"http:\/\/reseau-amylose.org\/rechercheamylose\/la-recherche-clinique-pour-les-industriels\/pourquoi-venir-vers-nous\/\",\"url\":\"http:\/\/reseau-amylose.org\/rechercheamylose\/la-recherche-clinique-pour-les-industriels\/pourquoi-venir-vers-nous\/\",\"name\":\"Pourquoi venir vers nous ? - R\u00e9seau Amylose Recherche\",\"isPartOf\":{\"@id\":\"https:\/\/reseau-amylose.org\/rechercheamylose\/#website\"},\"datePublished\":\"2018-12-05T13:13:33+00:00\",\"dateModified\":\"2022-04-15T05:16:22+00:00\",\"description\":\"HEART'S FOUNDATION - organisation internationale sans but lucratif qui lutte contre l\u2019amylose. Healthcare European Amyloidosis Registry (HEAR)\",\"breadcrumb\":{\"@id\":\"http:\/\/reseau-amylose.org\/rechercheamylose\/la-recherche-clinique-pour-les-industriels\/pourquoi-venir-vers-nous\/#breadcrumb\"},\"inLanguage\":\"fr-FR\",\"potentialAction\":[{\"@type\":\"ReadAction\",\"target\":[\"http:\/\/reseau-amylose.org\/rechercheamylose\/la-recherche-clinique-pour-les-industriels\/pourquoi-venir-vers-nous\/\"]}]},{\"@type\":\"BreadcrumbList\",\"@id\":\"http:\/\/reseau-amylose.org\/rechercheamylose\/la-recherche-clinique-pour-les-industriels\/pourquoi-venir-vers-nous\/#breadcrumb\",\"itemListElement\":[{\"@type\":\"ListItem\",\"position\":1,\"name\":\"Accueil\",\"item\":\"https:\/\/reseau-amylose.org\/rechercheamylose\/\"},{\"@type\":\"ListItem\",\"position\":2,\"name\":\"Recherche pour les industriels\",\"item\":\"https:\/\/reseau-amylose.org\/rechercheamylose\/la-recherche-clinique-pour-les-industriels\/\"},{\"@type\":\"ListItem\",\"position\":3,\"name\":\"Pourquoi venir vers nous ?\"}]},{\"@type\":\"WebSite\",\"@id\":\"https:\/\/reseau-amylose.org\/rechercheamylose\/#website\",\"url\":\"https:\/\/reseau-amylose.org\/rechercheamylose\/\",\"name\":\"R\u00e9seau Amylose Recherche\",\"description\":\"Centre de r\u00e9f\u00e9rence des amyloses cardiaques\",\"potentialAction\":[{\"@type\":\"SearchAction\",\"target\":{\"@type\":\"EntryPoint\",\"urlTemplate\":\"https:\/\/reseau-amylose.org\/rechercheamylose\/?s={search_term_string}\"},\"query-input\":{\"@type\":\"PropertyValueSpecification\",\"valueRequired\":true,\"valueName\":\"search_term_string\"}}],\"inLanguage\":\"fr-FR\"}]}<\/script>\n<!-- \/ Yoast SEO plugin. -->","yoast_head_json":{"title":"Pourquoi venir vers nous ? - R\u00e9seau Amylose Recherche","description":"HEART'S FOUNDATION - organisation internationale sans but lucratif qui lutte contre l\u2019amylose. Healthcare European Amyloidosis Registry (HEAR)","robots":{"index":"index","follow":"follow","max-snippet":"max-snippet:-1","max-image-preview":"max-image-preview:large","max-video-preview":"max-video-preview:-1"},"canonical":"http:\/\/reseau-amylose.org\/rechercheamylose\/la-recherche-clinique-pour-les-industriels\/pourquoi-venir-vers-nous\/","og_locale":"fr_FR","og_type":"article","og_title":"Pourquoi venir vers nous ? - R\u00e9seau Amylose Recherche","og_description":"HEART'S FOUNDATION - organisation internationale sans but lucratif qui lutte contre l\u2019amylose. Healthcare European Amyloidosis Registry (HEAR)","og_url":"http:\/\/reseau-amylose.org\/rechercheamylose\/la-recherche-clinique-pour-les-industriels\/pourquoi-venir-vers-nous\/","og_site_name":"R\u00e9seau Amylose Recherche","article_modified_time":"2022-04-15T05:16:22+00:00","twitter_card":"summary_large_image","twitter_misc":{"Dur\u00e9e de lecture estim\u00e9e":"1 minute"},"schema":{"@context":"https:\/\/schema.org","@graph":[{"@type":"WebPage","@id":"http:\/\/reseau-amylose.org\/rechercheamylose\/la-recherche-clinique-pour-les-industriels\/pourquoi-venir-vers-nous\/","url":"http:\/\/reseau-amylose.org\/rechercheamylose\/la-recherche-clinique-pour-les-industriels\/pourquoi-venir-vers-nous\/","name":"Pourquoi venir vers nous ? - R\u00e9seau Amylose Recherche","isPartOf":{"@id":"https:\/\/reseau-amylose.org\/rechercheamylose\/#website"},"datePublished":"2018-12-05T13:13:33+00:00","dateModified":"2022-04-15T05:16:22+00:00","description":"HEART'S FOUNDATION - organisation internationale sans but lucratif qui lutte contre l\u2019amylose. Healthcare European Amyloidosis Registry (HEAR)","breadcrumb":{"@id":"http:\/\/reseau-amylose.org\/rechercheamylose\/la-recherche-clinique-pour-les-industriels\/pourquoi-venir-vers-nous\/#breadcrumb"},"inLanguage":"fr-FR","potentialAction":[{"@type":"ReadAction","target":["http:\/\/reseau-amylose.org\/rechercheamylose\/la-recherche-clinique-pour-les-industriels\/pourquoi-venir-vers-nous\/"]}]},{"@type":"BreadcrumbList","@id":"http:\/\/reseau-amylose.org\/rechercheamylose\/la-recherche-clinique-pour-les-industriels\/pourquoi-venir-vers-nous\/#breadcrumb","itemListElement":[{"@type":"ListItem","position":1,"name":"Accueil","item":"https:\/\/reseau-amylose.org\/rechercheamylose\/"},{"@type":"ListItem","position":2,"name":"Recherche pour les industriels","item":"https:\/\/reseau-amylose.org\/rechercheamylose\/la-recherche-clinique-pour-les-industriels\/"},{"@type":"ListItem","position":3,"name":"Pourquoi venir vers nous ?"}]},{"@type":"WebSite","@id":"https:\/\/reseau-amylose.org\/rechercheamylose\/#website","url":"https:\/\/reseau-amylose.org\/rechercheamylose\/","name":"R\u00e9seau Amylose Recherche","description":"Centre de r\u00e9f\u00e9rence des amyloses cardiaques","potentialAction":[{"@type":"SearchAction","target":{"@type":"EntryPoint","urlTemplate":"https:\/\/reseau-amylose.org\/rechercheamylose\/?s={search_term_string}"},"query-input":{"@type":"PropertyValueSpecification","valueRequired":true,"valueName":"search_term_string"}}],"inLanguage":"fr-FR"}]}},"_links":{"self":[{"href":"http:\/\/reseau-amylose.org\/rechercheamylose\/wp-json\/wp\/v2\/pages\/91","targetHints":{"allow":["GET"]}}],"collection":[{"href":"http:\/\/reseau-amylose.org\/rechercheamylose\/wp-json\/wp\/v2\/pages"}],"about":[{"href":"http:\/\/reseau-amylose.org\/rechercheamylose\/wp-json\/wp\/v2\/types\/page"}],"author":[{"embeddable":true,"href":"http:\/\/reseau-amylose.org\/rechercheamylose\/wp-json\/wp\/v2\/users\/1"}],"replies":[{"embeddable":true,"href":"http:\/\/reseau-amylose.org\/rechercheamylose\/wp-json\/wp\/v2\/comments?post=91"}],"version-history":[{"count":4,"href":"http:\/\/reseau-amylose.org\/rechercheamylose\/wp-json\/wp\/v2\/pages\/91\/revisions"}],"predecessor-version":[{"id":3356,"href":"http:\/\/reseau-amylose.org\/rechercheamylose\/wp-json\/wp\/v2\/pages\/91\/revisions\/3356"}],"up":[{"embeddable":true,"href":"http:\/\/reseau-amylose.org\/rechercheamylose\/wp-json\/wp\/v2\/pages\/77"}],"wp:attachment":[{"href":"http:\/\/reseau-amylose.org\/rechercheamylose\/wp-json\/wp\/v2\/media?parent=91"}],"wp:term":[{"taxonomy":"category","embeddable":true,"href":"http:\/\/reseau-amylose.org\/rechercheamylose\/wp-json\/wp\/v2\/categories?post=91"},{"taxonomy":"post_tag","embeddable":true,"href":"http:\/\/reseau-amylose.org\/rechercheamylose\/wp-json\/wp\/v2\/tags?post=91"}],"curies":[{"name":"wp","href":"https:\/\/api.w.org\/{rel}","templated":true}]}}