{"id":90,"date":"2018-12-05T13:13:16","date_gmt":"2018-12-05T13:13:16","guid":{"rendered":"http:\/\/recherche.reseau-amylose.org\/?page_id=57"},"modified":"2022-04-15T07:15:40","modified_gmt":"2022-04-15T05:15:40","slug":"pourquoi-nous-contacter","status":"publish","type":"page","link":"http:\/\/reseau-amylose.org\/rechercheamylose\/la-recherche-clinique-pour-les-industriels\/pourquoi-nous-contacter\/","title":{"rendered":"Pourquoi nous contacter ?"},"content":{"rendered":"\t\t<div data-elementor-type=\"wp-post\" data-elementor-id=\"90\" class=\"elementor elementor-90\" data-elementor-post-type=\"page\">\n\t\t\t\t\t\t<section class=\"elementor-section elementor-top-section elementor-element elementor-element-7734258 elementor-section-content-middle elementor-section-boxed elementor-section-height-default elementor-section-height-default\" data-id=\"7734258\" data-element_type=\"section\" data-settings=\"{&quot;background_background&quot;:&quot;classic&quot;}\">\n\t\t\t\t\t\t<div class=\"elementor-container elementor-column-gap-no\">\n\t\t\t\t\t<div class=\"elementor-column elementor-col-100 elementor-top-column elementor-element elementor-element-6149d910\" data-id=\"6149d910\" data-element_type=\"column\">\n\t\t\t<div class=\"elementor-widget-wrap elementor-element-populated\">\n\t\t\t\t\t\t<div class=\"elementor-element elementor-element-38403e64 elementor-widget-divider--view-line elementor-widget elementor-widget-divider\" data-id=\"38403e64\" data-element_type=\"widget\" data-widget_type=\"divider.default\">\n\t\t\t\t<div class=\"elementor-widget-container\">\n\t\t\t\t\t\t\t<div class=\"elementor-divider\">\n\t\t\t<span class=\"elementor-divider-separator\">\n\t\t\t\t\t\t<\/span>\n\t\t<\/div>\n\t\t\t\t\t\t<\/div>\n\t\t\t\t<\/div>\n\t\t\t\t<div class=\"elementor-element elementor-element-25b263e5 elementor-widget elementor-widget-heading\" data-id=\"25b263e5\" data-element_type=\"widget\" data-widget_type=\"heading.default\">\n\t\t\t\t<div class=\"elementor-widget-container\">\n\t\t\t\t\t<h6 class=\"elementor-heading-title elementor-size-default\"><h2 class=\"elementor-heading-title elementor-size-large elementor-inline-editing pen\" data-elementor-setting-key=\"title\" data-pen-placeholder=\"\u00c9crivez ici...\">Notre fondation<\/h2><\/h6>\t\t\t\t<\/div>\n\t\t\t\t<\/div>\n\t\t\t\t\t<\/div>\n\t\t<\/div>\n\t\t\t\t\t<\/div>\n\t\t<\/section>\n\t\t\t\t<section class=\"elementor-section elementor-top-section elementor-element elementor-element-bcaa6db elementor-section-boxed elementor-section-height-default elementor-section-height-default\" data-id=\"bcaa6db\" data-element_type=\"section\">\n\t\t\t\t\t\t<div class=\"elementor-container elementor-column-gap-default\">\n\t\t\t\t\t<div class=\"elementor-column elementor-col-100 elementor-top-column elementor-element elementor-element-c1bc12e\" data-id=\"c1bc12e\" data-element_type=\"column\">\n\t\t\t<div class=\"elementor-widget-wrap elementor-element-populated\">\n\t\t\t\t\t\t<div class=\"elementor-element elementor-element-89e0c14 elementor-widget elementor-widget-heading\" data-id=\"89e0c14\" data-element_type=\"widget\" data-widget_type=\"heading.default\">\n\t\t\t\t<div class=\"elementor-widget-container\">\n\t\t\t\t\t<h2 class=\"elementor-heading-title elementor-size-default\">HEART's Foundation<\/h2>\t\t\t\t<\/div>\n\t\t\t\t<\/div>\n\t\t\t\t<div class=\"elementor-element elementor-element-eb16212 elementor-widget elementor-widget-heading\" data-id=\"eb16212\" data-element_type=\"widget\" data-widget_type=\"heading.default\">\n\t\t\t\t<div class=\"elementor-widget-container\">\n\t\t\t\t\t<h4 class=\"elementor-heading-title elementor-size-default\">Combattre ensemble l'amylose<\/h4>\t\t\t\t<\/div>\n\t\t\t\t<\/div>\n\t\t\t\t\t<\/div>\n\t\t<\/div>\n\t\t\t\t\t<\/div>\n\t\t<\/section>\n\t\t\t\t<section class=\"elementor-section elementor-top-section elementor-element elementor-element-ea56ba5 elementor-section-boxed elementor-section-height-default elementor-section-height-default\" data-id=\"ea56ba5\" data-element_type=\"section\">\n\t\t\t\t\t\t<div class=\"elementor-container elementor-column-gap-default\">\n\t\t\t\t\t<div class=\"elementor-column elementor-col-100 elementor-top-column elementor-element elementor-element-89aad4a\" data-id=\"89aad4a\" data-element_type=\"column\">\n\t\t\t<div class=\"elementor-widget-wrap elementor-element-populated\">\n\t\t\t\t\t\t<div class=\"elementor-element elementor-element-ff0533d elementor-widget elementor-widget-text-editor\" data-id=\"ff0533d\" data-element_type=\"widget\" data-widget_type=\"text-editor.default\">\n\t\t\t\t<div class=\"elementor-widget-container\">\n\t\t\t\t\t\t\t\t\t<h6><span style=\"color: #000000;\">HEART&rsquo;s est une organisation internationale sans but lucratif qui lutte contre l&rsquo;amylose. Notre approche communautaire fournit des recherches, des diagnostiques et des soins de pointe pour mieux prendre en charge et accompagner nos patients.<\/span><\/h6>\t\t\t\t\t\t\t\t<\/div>\n\t\t\t\t<\/div>\n\t\t\t\t\t<\/div>\n\t\t<\/div>\n\t\t\t\t\t<\/div>\n\t\t<\/section>\n\t\t\t\t<section class=\"elementor-section elementor-top-section elementor-element elementor-element-2d422ee elementor-section-boxed elementor-section-height-default elementor-section-height-default\" data-id=\"2d422ee\" data-element_type=\"section\">\n\t\t\t\t\t\t<div class=\"elementor-container elementor-column-gap-default\">\n\t\t\t\t\t<div class=\"elementor-column elementor-col-50 elementor-top-column elementor-element elementor-element-1e7f8cd\" data-id=\"1e7f8cd\" data-element_type=\"column\">\n\t\t\t<div class=\"elementor-widget-wrap elementor-element-populated\">\n\t\t\t\t\t\t<div class=\"elementor-element elementor-element-af3d19b elementor-widget elementor-widget-text-editor\" data-id=\"af3d19b\" data-element_type=\"widget\" data-widget_type=\"text-editor.default\">\n\t\t\t\t<div class=\"elementor-widget-container\">\n\t\t\t\t\t\t\t\t\t<h6><span style=\"color: #000000;\">Collect\u00e9 dans nos centres, partout en France, le registre HEAR fournit des donn\u00e9es d\u00e9taill\u00e9es qui nous aideront \u00e0 lutter ensemble contre l&rsquo;amylose.\u00a0<\/span><\/h6>\t\t\t\t\t\t\t\t<\/div>\n\t\t\t\t<\/div>\n\t\t\t\t<div class=\"elementor-element elementor-element-88bb9ee elementor-widget elementor-widget-heading\" data-id=\"88bb9ee\" data-element_type=\"widget\" data-widget_type=\"heading.default\">\n\t\t\t\t<div class=\"elementor-widget-container\">\n\t\t\t\t\t<h3 class=\"elementor-heading-title elementor-size-default\">Notre recherche am\u00e9liore des vies <\/h3>\t\t\t\t<\/div>\n\t\t\t\t<\/div>\n\t\t\t\t<div class=\"elementor-element elementor-element-dcc2312 elementor-widget elementor-widget-text-editor\" data-id=\"dcc2312\" data-element_type=\"widget\" data-widget_type=\"text-editor.default\">\n\t\t\t\t<div class=\"elementor-widget-container\">\n\t\t\t\t\t\t\t\t\t<h5><span style=\"color: #000000;\"><strong>Meilleur diagnostic<\/strong><\/span><\/h5><p><span style=\"color: #000000;\">D\u00e9velopper des outils innovants pour fournir des diagnostics plus rapides et plus pr\u00e9cis.\u00a0<\/span><\/p><h5><span style=\"color: #000000;\"><strong>De meilleurs traitements<\/strong><\/span><\/h5><p><span style=\"color: #000000;\">Trouver de nouvelles m\u00e9thodes pour ralentir et \u00e9liminer les d\u00e9p\u00f4ts de fibres dans les organes ainsi que pour minimiser et \u00e9liminer les sympt\u00f4mes.\u00a0<\/span><\/p><h5><span style=\"color: #000000;\"><strong>Meilleurs pronostics et suivi<\/strong><\/span><\/h5><p><span style=\"color: #000000;\">Cr\u00e9er un suivi personnalis\u00e9 plus pr\u00e9cis pour les patients individuels, ainsi que pour fournir une meilleure compr\u00e9hension de la malade aux soignants.\u00a0<\/span><\/p>\t\t\t\t\t\t\t\t<\/div>\n\t\t\t\t<\/div>\n\t\t\t\t\t<\/div>\n\t\t<\/div>\n\t\t\t\t<div class=\"elementor-column elementor-col-50 elementor-top-column elementor-element elementor-element-ad5ebf3\" data-id=\"ad5ebf3\" data-element_type=\"column\">\n\t\t\t<div class=\"elementor-widget-wrap elementor-element-populated\">\n\t\t\t\t\t\t<div class=\"elementor-element elementor-element-9e09d46 elementor-cta--skin-cover elementor-animated-content elementor-bg-transform elementor-bg-transform-zoom-in elementor-widget elementor-widget-call-to-action\" data-id=\"9e09d46\" data-element_type=\"widget\" data-widget_type=\"call-to-action.default\">\n\t\t\t\t<div class=\"elementor-widget-container\">\n\t\t\t\t\t\t\t<div class=\"elementor-cta\">\n\t\t\t\t\t<div class=\"elementor-cta__bg-wrapper\">\n\t\t\t\t<div class=\"elementor-cta__bg elementor-bg\" style=\"background-image: url(http:\/\/reseau-amylose.org\/rechercheamylose\/wp-content\/uploads\/sites\/3\/2020\/10\/Capture-de\u0301cran-2020-10-27-a\u0300-15.59.00.png);\" role=\"img\" aria-label=\"Capture d\u2019e\u0301cran 2020-10-27 a\u0300 15.59.00\"><\/div>\n\t\t\t\t<div class=\"elementor-cta__bg-overlay\"><\/div>\n\t\t\t<\/div>\n\t\t\t\t\t\t\t<div class=\"elementor-cta__content\">\n\t\t\t\t\n\t\t\t\t\t\t\t\t\t<h2 class=\"elementor-cta__title elementor-cta__content-item elementor-content-item elementor-animated-item--grow\">\n\t\t\t\t\t\tHEART's Foundation\t\t\t\t\t<\/h2>\n\t\t\t\t\n\t\t\t\t\n\t\t\t\t\t\t\t\t\t<div class=\"elementor-cta__button-wrapper elementor-cta__content-item elementor-content-item elementor-animated-item--grow\">\n\t\t\t\t\t<a class=\"elementor-cta__button elementor-button elementor-size-md\" href=\"https:\/\/hearts-foundation.org\/about-hearts\/commitments\/\">\n\t\t\t\t\t\tCliquer ici\t\t\t\t\t<\/a>\n\t\t\t\t\t<\/div>\n\t\t\t\t\t\t\t<\/div>\n\t\t\t\t\t\t<\/div>\n\t\t\t\t\t\t<\/div>\n\t\t\t\t<\/div>\n\t\t\t\t\t<\/div>\n\t\t<\/div>\n\t\t\t\t\t<\/div>\n\t\t<\/section>\n\t\t\t\t<\/div>\n\t\t","protected":false},"excerpt":{"rendered":"<p>Notre fondation HEART&rsquo;s Foundation Combattre ensemble l&rsquo;amylose HEART&rsquo;s est une organisation internationale sans but lucratif qui lutte contre l&rsquo;amylose. Notre approche communautaire fournit des recherches, des diagnostiques et des soins de pointe pour mieux prendre en charge et accompagner nos patients. Collect\u00e9 dans nos centres, partout en France, le registre HEAR fournit des donn\u00e9es d\u00e9taill\u00e9es [&hellip;]<\/p>\n","protected":false},"author":1,"featured_media":0,"parent":77,"menu_order":1,"comment_status":"closed","ping_status":"closed","template":"","meta":{"_monsterinsights_skip_tracking":false,"_monsterinsights_sitenote_active":false,"_monsterinsights_sitenote_note":"","_monsterinsights_sitenote_category":0,"footnotes":""},"categories":[],"tags":[],"class_list":["post-90","page","type-page","status-publish","hentry"],"yoast_head":"<!-- This site is optimized with the Yoast SEO plugin v25.5 - https:\/\/yoast.com\/wordpress\/plugins\/seo\/ -->\n<title>Pourquoi nous contacter ? - R\u00e9seau Amylose Recherche<\/title>\n<meta name=\"description\" content=\"HEART&#039;S FOUNDATION - organisation internationale sans but lucratif qui lutte contre l\u2019amylose. Healthcare European Amyloidosis Registry (HEAR)\" \/>\n<meta name=\"robots\" content=\"index, follow, max-snippet:-1, max-image-preview:large, max-video-preview:-1\" \/>\n<link rel=\"canonical\" href=\"https:\/\/reseau-amylose.org\/rechercheamylose\/la-recherche-clinique-pour-les-industriels\/pourquoi-nous-contacter\/\" \/>\n<meta property=\"og:locale\" content=\"fr_FR\" \/>\n<meta property=\"og:type\" content=\"article\" \/>\n<meta property=\"og:title\" content=\"Pourquoi nous contacter ? - R\u00e9seau Amylose Recherche\" \/>\n<meta property=\"og:description\" content=\"HEART&#039;S FOUNDATION - organisation internationale sans but lucratif qui lutte contre l\u2019amylose. Healthcare European Amyloidosis Registry (HEAR)\" \/>\n<meta property=\"og:url\" content=\"https:\/\/reseau-amylose.org\/rechercheamylose\/la-recherche-clinique-pour-les-industriels\/pourquoi-nous-contacter\/\" \/>\n<meta property=\"og:site_name\" content=\"R\u00e9seau Amylose Recherche\" \/>\n<meta property=\"article:modified_time\" content=\"2022-04-15T05:15:40+00:00\" \/>\n<meta name=\"twitter:card\" content=\"summary_large_image\" \/>\n<meta name=\"twitter:label1\" content=\"Dur\u00e9e de lecture estim\u00e9e\" \/>\n\t<meta name=\"twitter:data1\" content=\"1 minute\" \/>\n<script type=\"application\/ld+json\" class=\"yoast-schema-graph\">{\"@context\":\"https:\/\/schema.org\",\"@graph\":[{\"@type\":\"WebPage\",\"@id\":\"https:\/\/reseau-amylose.org\/rechercheamylose\/la-recherche-clinique-pour-les-industriels\/pourquoi-nous-contacter\/\",\"url\":\"https:\/\/reseau-amylose.org\/rechercheamylose\/la-recherche-clinique-pour-les-industriels\/pourquoi-nous-contacter\/\",\"name\":\"Pourquoi nous contacter ? - R\u00e9seau Amylose Recherche\",\"isPartOf\":{\"@id\":\"https:\/\/reseau-amylose.org\/rechercheamylose\/#website\"},\"datePublished\":\"2018-12-05T13:13:16+00:00\",\"dateModified\":\"2022-04-15T05:15:40+00:00\",\"description\":\"HEART'S FOUNDATION - organisation internationale sans but lucratif qui lutte contre l\u2019amylose. Healthcare European Amyloidosis Registry (HEAR)\",\"breadcrumb\":{\"@id\":\"https:\/\/reseau-amylose.org\/rechercheamylose\/la-recherche-clinique-pour-les-industriels\/pourquoi-nous-contacter\/#breadcrumb\"},\"inLanguage\":\"fr-FR\",\"potentialAction\":[{\"@type\":\"ReadAction\",\"target\":[\"https:\/\/reseau-amylose.org\/rechercheamylose\/la-recherche-clinique-pour-les-industriels\/pourquoi-nous-contacter\/\"]}]},{\"@type\":\"BreadcrumbList\",\"@id\":\"https:\/\/reseau-amylose.org\/rechercheamylose\/la-recherche-clinique-pour-les-industriels\/pourquoi-nous-contacter\/#breadcrumb\",\"itemListElement\":[{\"@type\":\"ListItem\",\"position\":1,\"name\":\"Accueil\",\"item\":\"https:\/\/reseau-amylose.org\/rechercheamylose\/\"},{\"@type\":\"ListItem\",\"position\":2,\"name\":\"Recherche pour les industriels\",\"item\":\"https:\/\/reseau-amylose.org\/rechercheamylose\/la-recherche-clinique-pour-les-industriels\/\"},{\"@type\":\"ListItem\",\"position\":3,\"name\":\"Pourquoi nous contacter ?\"}]},{\"@type\":\"WebSite\",\"@id\":\"https:\/\/reseau-amylose.org\/rechercheamylose\/#website\",\"url\":\"https:\/\/reseau-amylose.org\/rechercheamylose\/\",\"name\":\"R\u00e9seau Amylose Recherche\",\"description\":\"Centre de r\u00e9f\u00e9rence des amyloses cardiaques\",\"potentialAction\":[{\"@type\":\"SearchAction\",\"target\":{\"@type\":\"EntryPoint\",\"urlTemplate\":\"https:\/\/reseau-amylose.org\/rechercheamylose\/?s={search_term_string}\"},\"query-input\":{\"@type\":\"PropertyValueSpecification\",\"valueRequired\":true,\"valueName\":\"search_term_string\"}}],\"inLanguage\":\"fr-FR\"}]}<\/script>\n<!-- \/ Yoast SEO plugin. -->","yoast_head_json":{"title":"Pourquoi nous contacter ? - R\u00e9seau Amylose Recherche","description":"HEART'S FOUNDATION - organisation internationale sans but lucratif qui lutte contre l\u2019amylose. Healthcare European Amyloidosis Registry (HEAR)","robots":{"index":"index","follow":"follow","max-snippet":"max-snippet:-1","max-image-preview":"max-image-preview:large","max-video-preview":"max-video-preview:-1"},"canonical":"https:\/\/reseau-amylose.org\/rechercheamylose\/la-recherche-clinique-pour-les-industriels\/pourquoi-nous-contacter\/","og_locale":"fr_FR","og_type":"article","og_title":"Pourquoi nous contacter ? - R\u00e9seau Amylose Recherche","og_description":"HEART'S FOUNDATION - organisation internationale sans but lucratif qui lutte contre l\u2019amylose. Healthcare European Amyloidosis Registry (HEAR)","og_url":"https:\/\/reseau-amylose.org\/rechercheamylose\/la-recherche-clinique-pour-les-industriels\/pourquoi-nous-contacter\/","og_site_name":"R\u00e9seau Amylose Recherche","article_modified_time":"2022-04-15T05:15:40+00:00","twitter_card":"summary_large_image","twitter_misc":{"Dur\u00e9e de lecture estim\u00e9e":"1 minute"},"schema":{"@context":"https:\/\/schema.org","@graph":[{"@type":"WebPage","@id":"https:\/\/reseau-amylose.org\/rechercheamylose\/la-recherche-clinique-pour-les-industriels\/pourquoi-nous-contacter\/","url":"https:\/\/reseau-amylose.org\/rechercheamylose\/la-recherche-clinique-pour-les-industriels\/pourquoi-nous-contacter\/","name":"Pourquoi nous contacter ? - R\u00e9seau Amylose Recherche","isPartOf":{"@id":"https:\/\/reseau-amylose.org\/rechercheamylose\/#website"},"datePublished":"2018-12-05T13:13:16+00:00","dateModified":"2022-04-15T05:15:40+00:00","description":"HEART'S FOUNDATION - organisation internationale sans but lucratif qui lutte contre l\u2019amylose. Healthcare European Amyloidosis Registry (HEAR)","breadcrumb":{"@id":"https:\/\/reseau-amylose.org\/rechercheamylose\/la-recherche-clinique-pour-les-industriels\/pourquoi-nous-contacter\/#breadcrumb"},"inLanguage":"fr-FR","potentialAction":[{"@type":"ReadAction","target":["https:\/\/reseau-amylose.org\/rechercheamylose\/la-recherche-clinique-pour-les-industriels\/pourquoi-nous-contacter\/"]}]},{"@type":"BreadcrumbList","@id":"https:\/\/reseau-amylose.org\/rechercheamylose\/la-recherche-clinique-pour-les-industriels\/pourquoi-nous-contacter\/#breadcrumb","itemListElement":[{"@type":"ListItem","position":1,"name":"Accueil","item":"https:\/\/reseau-amylose.org\/rechercheamylose\/"},{"@type":"ListItem","position":2,"name":"Recherche pour les industriels","item":"https:\/\/reseau-amylose.org\/rechercheamylose\/la-recherche-clinique-pour-les-industriels\/"},{"@type":"ListItem","position":3,"name":"Pourquoi nous contacter ?"}]},{"@type":"WebSite","@id":"https:\/\/reseau-amylose.org\/rechercheamylose\/#website","url":"https:\/\/reseau-amylose.org\/rechercheamylose\/","name":"R\u00e9seau Amylose Recherche","description":"Centre de r\u00e9f\u00e9rence des amyloses cardiaques","potentialAction":[{"@type":"SearchAction","target":{"@type":"EntryPoint","urlTemplate":"https:\/\/reseau-amylose.org\/rechercheamylose\/?s={search_term_string}"},"query-input":{"@type":"PropertyValueSpecification","valueRequired":true,"valueName":"search_term_string"}}],"inLanguage":"fr-FR"}]}},"_links":{"self":[{"href":"http:\/\/reseau-amylose.org\/rechercheamylose\/wp-json\/wp\/v2\/pages\/90","targetHints":{"allow":["GET"]}}],"collection":[{"href":"http:\/\/reseau-amylose.org\/rechercheamylose\/wp-json\/wp\/v2\/pages"}],"about":[{"href":"http:\/\/reseau-amylose.org\/rechercheamylose\/wp-json\/wp\/v2\/types\/page"}],"author":[{"embeddable":true,"href":"http:\/\/reseau-amylose.org\/rechercheamylose\/wp-json\/wp\/v2\/users\/1"}],"replies":[{"embeddable":true,"href":"http:\/\/reseau-amylose.org\/rechercheamylose\/wp-json\/wp\/v2\/comments?post=90"}],"version-history":[{"count":8,"href":"http:\/\/reseau-amylose.org\/rechercheamylose\/wp-json\/wp\/v2\/pages\/90\/revisions"}],"predecessor-version":[{"id":3355,"href":"http:\/\/reseau-amylose.org\/rechercheamylose\/wp-json\/wp\/v2\/pages\/90\/revisions\/3355"}],"up":[{"embeddable":true,"href":"http:\/\/reseau-amylose.org\/rechercheamylose\/wp-json\/wp\/v2\/pages\/77"}],"wp:attachment":[{"href":"http:\/\/reseau-amylose.org\/rechercheamylose\/wp-json\/wp\/v2\/media?parent=90"}],"wp:term":[{"taxonomy":"category","embeddable":true,"href":"http:\/\/reseau-amylose.org\/rechercheamylose\/wp-json\/wp\/v2\/categories?post=90"},{"taxonomy":"post_tag","embeddable":true,"href":"http:\/\/reseau-amylose.org\/rechercheamylose\/wp-json\/wp\/v2\/tags?post=90"}],"curies":[{"name":"wp","href":"https:\/\/api.w.org\/{rel}","templated":true}]}}