{"id":899,"date":"2019-06-05T09:49:42","date_gmt":"2019-06-05T07:49:42","guid":{"rendered":"http:\/\/www.reseau-amylose.org\/recherche\/clinical-research-for-patients\/different-protocols"},"modified":"2019-06-05T09:49:42","modified_gmt":"2019-06-05T07:49:42","slug":"different-protocols","status":"publish","type":"page","link":"http:\/\/reseau-amylose.org\/rechercheamylose\/clinical-research-for-patients\/different-protocols\/","title":{"rendered":"Different protocols"},"content":{"rendered":"\t\t<div data-elementor-type=\"wp-post\" data-elementor-id=\"899\" class=\"elementor elementor-899 elementor-bc-flex-widget\" data-elementor-post-type=\"page\">\n\t\t\t\t\t\t<section class=\"elementor-section elementor-top-section elementor-element elementor-element-410ab740 elementor-section-content-middle elementor-section-boxed elementor-section-height-default elementor-section-height-default\" data-id=\"410ab740\" data-element_type=\"section\" data-settings=\"{&quot;background_background&quot;:&quot;classic&quot;}\">\n\t\t\t\t\t\t<div class=\"elementor-container elementor-column-gap-no\">\n\t\t\t\t\t<div class=\"elementor-column elementor-col-100 elementor-top-column elementor-element elementor-element-bb8dfe2\" data-id=\"bb8dfe2\" data-element_type=\"column\">\n\t\t\t<div class=\"elementor-widget-wrap elementor-element-populated\">\n\t\t\t\t\t\t<div class=\"elementor-element elementor-element-2b1d040a elementor-widget-divider--view-line elementor-widget elementor-widget-divider\" data-id=\"2b1d040a\" data-element_type=\"widget\" data-widget_type=\"divider.default\">\n\t\t\t\t<div class=\"elementor-widget-container\">\n\t\t\t\t\t\t\t<div class=\"elementor-divider\">\n\t\t\t<span class=\"elementor-divider-separator\">\n\t\t\t\t\t\t<\/span>\n\t\t<\/div>\n\t\t\t\t\t\t<\/div>\n\t\t\t\t<\/div>\n\t\t\t\t<div class=\"elementor-element elementor-element-3034a1cc elementor-widget elementor-widget-heading\" data-id=\"3034a1cc\" data-element_type=\"widget\" data-widget_type=\"heading.default\">\n\t\t\t\t<div class=\"elementor-widget-container\">\n\t\t\t\t\t<h6 class=\"elementor-heading-title elementor-size-default\"><h2 class=\"elementor-heading-title elementor-size-large elementor-inline-editing pen\" data-elementor-setting-key=\"title\" data-pen-placeholder=\"\u00c9crivez ici...\">Quels sont les diff\u00e9rents protocoles?<\/h2><\/h6>\t\t\t\t<\/div>\n\t\t\t\t<\/div>\n\t\t\t\t\t<\/div>\n\t\t<\/div>\n\t\t\t\t\t<\/div>\n\t\t<\/section>\n\t\t\t\t<section class=\"elementor-section elementor-top-section elementor-element elementor-element-211fa835 elementor-section-boxed elementor-section-height-default elementor-section-height-default\" data-id=\"211fa835\" data-element_type=\"section\">\n\t\t\t\t\t\t<div class=\"elementor-container elementor-column-gap-default\">\n\t\t\t\t\t<div class=\"elementor-column elementor-col-100 elementor-top-column elementor-element elementor-element-761119c3\" data-id=\"761119c3\" data-element_type=\"column\">\n\t\t\t<div class=\"elementor-widget-wrap elementor-element-populated\">\n\t\t\t\t\t\t<div class=\"elementor-element elementor-element-6fef7e4d elementor-widget elementor-widget-text-editor\" data-id=\"6fef7e4d\" data-element_type=\"widget\" data-widget_type=\"text-editor.default\">\n\t\t\t\t<div class=\"elementor-widget-container\">\n\t\t\t\t\t\t\t\t\t<h6 style=\"text-align: left;\"><span style=\"color: #4db8f0;\"><strong>Non-interventional study protocols (medication is not administered):<\/strong><\/span><\/h6>\n<h6>AmyloAFFECT: Questionnaire concerning cardiac and extra-cardiac symptoms to develop a diagnostic tool<\/h6>\n<h6>AmyloCOLLECT: Blood samples are kept for scientific research: different markers are administered to understand the physiopathological mechanisms involved in heart failure<\/h6>\n<h6>NUTRICOEUR: Measures the impact of dietary education focusing on:<\/h6>\n<ul>\n<li>\n<h6>Preventing malnutrition<\/h6>\n<\/li>\n<li>\n<h6>Reducing morbidity<\/h6>\n<\/li>\n<li>\n<h6>Improving quality of life for patients with chronic heart failure<\/h6>\n<\/li>\n<\/ul>\n<h6>SAFE HOME: Aims to evaluate the safety and efficiency of home hospital visits in comparison to standard hospitalisation for decompensated heart failure.<\/h6>\n<h6>AMYLO-CARTESIAN: Aims to determine the prevalence of transthyretin amyloidosis among elderly patients with aortic stenosis.<\/h6>\n<h6>AMYLODEAFNESS: Aims to research the prevalence and characteristics of changes in auditory functioning in amyloidosis patients.<\/h6>\n\t\t\t\t\t\t\t\t<\/div>\n\t\t\t\t<\/div>\n\t\t\t\t\t<\/div>\n\t\t<\/div>\n\t\t\t\t\t<\/div>\n\t\t<\/section>\n\t\t\t\t<section class=\"elementor-section elementor-top-section elementor-element elementor-element-60144ba2 elementor-section-boxed elementor-section-height-default elementor-section-height-default\" data-id=\"60144ba2\" data-element_type=\"section\">\n\t\t\t\t\t\t<div class=\"elementor-container elementor-column-gap-default\">\n\t\t\t\t\t<div class=\"elementor-column elementor-col-100 elementor-top-column elementor-element elementor-element-7941962f\" data-id=\"7941962f\" data-element_type=\"column\">\n\t\t\t<div class=\"elementor-widget-wrap elementor-element-populated\">\n\t\t\t\t\t\t<div class=\"elementor-element elementor-element-279629a elementor-widget-divider--view-line elementor-widget elementor-widget-divider\" data-id=\"279629a\" data-element_type=\"widget\" data-widget_type=\"divider.default\">\n\t\t\t\t<div class=\"elementor-widget-container\">\n\t\t\t\t\t\t\t<div class=\"elementor-divider\">\n\t\t\t<span class=\"elementor-divider-separator\">\n\t\t\t\t\t\t<\/span>\n\t\t<\/div>\n\t\t\t\t\t\t<\/div>\n\t\t\t\t<\/div>\n\t\t\t\t\t<\/div>\n\t\t<\/div>\n\t\t\t\t\t<\/div>\n\t\t<\/section>\n\t\t\t\t<section class=\"elementor-section elementor-top-section elementor-element elementor-element-6df7feb5 elementor-section-boxed elementor-section-height-default elementor-section-height-default\" data-id=\"6df7feb5\" data-element_type=\"section\">\n\t\t\t\t\t\t<div class=\"elementor-container elementor-column-gap-default\">\n\t\t\t\t\t<div class=\"elementor-column elementor-col-100 elementor-top-column elementor-element elementor-element-7266bd32\" data-id=\"7266bd32\" data-element_type=\"column\">\n\t\t\t<div class=\"elementor-widget-wrap elementor-element-populated\">\n\t\t\t\t\t\t<div class=\"elementor-element elementor-element-30cc0cf7 elementor-widget elementor-widget-text-editor\" data-id=\"30cc0cf7\" data-element_type=\"widget\" data-widget_type=\"text-editor.default\">\n\t\t\t\t<div class=\"elementor-widget-container\">\n\t\t\t\t\t\t\t\t\t<h6><span style=\"color: #4db8f0;\"><strong>Interventional protocols (medication is administered):<br \/>\n<\/strong><\/span><\/h6>\n<h6>Victoria: Aims to evaluate the effectiveness of VERICIGUAT (vasodilator) in chronic heart failure<\/h6>\n<h6>Galactic: Aims to evaluate the effectiveness of L\u2019OMECAMTIV MERCABIL in chronic heart failure<\/h6>\n<h6>Amylogallantry: Aims to investigate the effects of EGCG and Doxycycline in patients with AL amyloidosis<\/h6>\n<h6>Amylogalileo: Aims to investigate the effects of EGCG in patients with TTR amyloidosis.<\/h6>\n<h6>Amyloshiatsu: Aims to evaluate the effects of shiatsu (a form of self-massage) on amyloidosis symptoms and its impact on patients\u2019 quality of life<\/h6>\n<h6>Obsamyl: Aims to estimate the number of patients affected by TTR amyloidosis in France and to evaluate the terms of use, tolerance and \u2018effectiveness\u2019 of Tafamidis.<\/h6>\n\t\t\t\t\t\t\t\t<\/div>\n\t\t\t\t<\/div>\n\t\t\t\t\t<\/div>\n\t\t<\/div>\n\t\t\t\t\t<\/div>\n\t\t<\/section>\n\t\t\t\t<section class=\"elementor-section elementor-top-section elementor-element elementor-element-53b90f5d elementor-section-boxed elementor-section-height-default elementor-section-height-default\" data-id=\"53b90f5d\" data-element_type=\"section\">\n\t\t\t\t\t\t<div class=\"elementor-container elementor-column-gap-default\">\n\t\t\t\t\t<div class=\"elementor-column elementor-col-100 elementor-top-column elementor-element elementor-element-12b24944\" data-id=\"12b24944\" data-element_type=\"column\">\n\t\t\t<div class=\"elementor-widget-wrap elementor-element-populated\">\n\t\t\t\t\t\t<div class=\"elementor-element elementor-element-5f105a53 elementor-widget elementor-widget-spacer\" data-id=\"5f105a53\" data-element_type=\"widget\" data-widget_type=\"spacer.default\">\n\t\t\t\t<div class=\"elementor-widget-container\">\n\t\t\t\t\t\t\t<div class=\"elementor-spacer\">\n\t\t\t<div class=\"elementor-spacer-inner\"><\/div>\n\t\t<\/div>\n\t\t\t\t\t\t<\/div>\n\t\t\t\t<\/div>\n\t\t\t\t\t<\/div>\n\t\t<\/div>\n\t\t\t\t\t<\/div>\n\t\t<\/section>\n\t\t\t\t<\/div>\n\t\t","protected":false},"excerpt":{"rendered":"<p>Quels sont les diff\u00e9rents protocoles? Non-interventional study protocols (medication is not administered): AmyloAFFECT: Questionnaire concerning cardiac and extra-cardiac symptoms to develop a diagnostic tool AmyloCOLLECT: Blood samples are kept for scientific research: different markers are administered to understand the physiopathological mechanisms involved in heart failure NUTRICOEUR: Measures the impact of dietary education focusing on: Preventing [&hellip;]<\/p>\n","protected":false},"author":1,"featured_media":0,"parent":873,"menu_order":7,"comment_status":"closed","ping_status":"closed","template":"","meta":{"_monsterinsights_skip_tracking":false,"_monsterinsights_sitenote_active":false,"_monsterinsights_sitenote_note":"","_monsterinsights_sitenote_category":0,"footnotes":""},"categories":[],"tags":[],"class_list":["post-899","page","type-page","status-publish","hentry"],"yoast_head":"<!-- This site is optimized with the Yoast SEO plugin v25.5 - https:\/\/yoast.com\/wordpress\/plugins\/seo\/ -->\n<title>Different protocols - R\u00e9seau Amylose Recherche<\/title>\n<meta name=\"robots\" content=\"index, follow, max-snippet:-1, max-image-preview:large, max-video-preview:-1\" \/>\n<link rel=\"canonical\" href=\"http:\/\/reseau-amylose.org\/rechercheamylose\/clinical-research-for-patients\/different-protocols\/\" \/>\n<meta property=\"og:locale\" content=\"fr_FR\" \/>\n<meta property=\"og:type\" content=\"article\" \/>\n<meta property=\"og:title\" content=\"Different protocols - R\u00e9seau Amylose Recherche\" \/>\n<meta property=\"og:description\" content=\"Quels sont les diff\u00e9rents protocoles? Non-interventional study protocols (medication is not administered): AmyloAFFECT: Questionnaire concerning cardiac and extra-cardiac symptoms to develop a diagnostic tool AmyloCOLLECT: Blood samples are kept for scientific research: different markers are administered to understand the physiopathological mechanisms involved in heart failure NUTRICOEUR: Measures the impact of dietary education focusing on: Preventing [&hellip;]\" \/>\n<meta property=\"og:url\" content=\"http:\/\/reseau-amylose.org\/rechercheamylose\/clinical-research-for-patients\/different-protocols\/\" \/>\n<meta property=\"og:site_name\" content=\"R\u00e9seau Amylose Recherche\" \/>\n<meta name=\"twitter:card\" content=\"summary_large_image\" \/>\n<meta name=\"twitter:label1\" content=\"Dur\u00e9e de lecture estim\u00e9e\" \/>\n\t<meta name=\"twitter:data1\" content=\"1 minute\" \/>\n<script type=\"application\/ld+json\" class=\"yoast-schema-graph\">{\"@context\":\"https:\/\/schema.org\",\"@graph\":[{\"@type\":\"WebPage\",\"@id\":\"http:\/\/reseau-amylose.org\/rechercheamylose\/clinical-research-for-patients\/different-protocols\/\",\"url\":\"http:\/\/reseau-amylose.org\/rechercheamylose\/clinical-research-for-patients\/different-protocols\/\",\"name\":\"Different protocols - R\u00e9seau Amylose Recherche\",\"isPartOf\":{\"@id\":\"https:\/\/reseau-amylose.org\/rechercheamylose\/#website\"},\"datePublished\":\"2019-06-05T07:49:42+00:00\",\"breadcrumb\":{\"@id\":\"http:\/\/reseau-amylose.org\/rechercheamylose\/clinical-research-for-patients\/different-protocols\/#breadcrumb\"},\"inLanguage\":\"fr-FR\",\"potentialAction\":[{\"@type\":\"ReadAction\",\"target\":[\"http:\/\/reseau-amylose.org\/rechercheamylose\/clinical-research-for-patients\/different-protocols\/\"]}]},{\"@type\":\"BreadcrumbList\",\"@id\":\"http:\/\/reseau-amylose.org\/rechercheamylose\/clinical-research-for-patients\/different-protocols\/#breadcrumb\",\"itemListElement\":[{\"@type\":\"ListItem\",\"position\":1,\"name\":\"Accueil\",\"item\":\"https:\/\/reseau-amylose.org\/rechercheamylose\/\"},{\"@type\":\"ListItem\",\"position\":2,\"name\":\"Clinical research for patients\",\"item\":\"https:\/\/reseau-amylose.org\/rechercheamylose\/clinical-research-for-patients\/\"},{\"@type\":\"ListItem\",\"position\":3,\"name\":\"Different protocols\"}]},{\"@type\":\"WebSite\",\"@id\":\"https:\/\/reseau-amylose.org\/rechercheamylose\/#website\",\"url\":\"https:\/\/reseau-amylose.org\/rechercheamylose\/\",\"name\":\"R\u00e9seau Amylose Recherche\",\"description\":\"Centre de r\u00e9f\u00e9rence des amyloses cardiaques\",\"potentialAction\":[{\"@type\":\"SearchAction\",\"target\":{\"@type\":\"EntryPoint\",\"urlTemplate\":\"https:\/\/reseau-amylose.org\/rechercheamylose\/?s={search_term_string}\"},\"query-input\":{\"@type\":\"PropertyValueSpecification\",\"valueRequired\":true,\"valueName\":\"search_term_string\"}}],\"inLanguage\":\"fr-FR\"}]}<\/script>\n<!-- \/ Yoast SEO plugin. -->","yoast_head_json":{"title":"Different protocols - R\u00e9seau Amylose Recherche","robots":{"index":"index","follow":"follow","max-snippet":"max-snippet:-1","max-image-preview":"max-image-preview:large","max-video-preview":"max-video-preview:-1"},"canonical":"http:\/\/reseau-amylose.org\/rechercheamylose\/clinical-research-for-patients\/different-protocols\/","og_locale":"fr_FR","og_type":"article","og_title":"Different protocols - R\u00e9seau Amylose Recherche","og_description":"Quels sont les diff\u00e9rents protocoles? Non-interventional study protocols (medication is not administered): AmyloAFFECT: Questionnaire concerning cardiac and extra-cardiac symptoms to develop a diagnostic tool AmyloCOLLECT: Blood samples are kept for scientific research: different markers are administered to understand the physiopathological mechanisms involved in heart failure NUTRICOEUR: Measures the impact of dietary education focusing on: Preventing [&hellip;]","og_url":"http:\/\/reseau-amylose.org\/rechercheamylose\/clinical-research-for-patients\/different-protocols\/","og_site_name":"R\u00e9seau Amylose Recherche","twitter_card":"summary_large_image","twitter_misc":{"Dur\u00e9e de lecture estim\u00e9e":"1 minute"},"schema":{"@context":"https:\/\/schema.org","@graph":[{"@type":"WebPage","@id":"http:\/\/reseau-amylose.org\/rechercheamylose\/clinical-research-for-patients\/different-protocols\/","url":"http:\/\/reseau-amylose.org\/rechercheamylose\/clinical-research-for-patients\/different-protocols\/","name":"Different protocols - R\u00e9seau Amylose Recherche","isPartOf":{"@id":"https:\/\/reseau-amylose.org\/rechercheamylose\/#website"},"datePublished":"2019-06-05T07:49:42+00:00","breadcrumb":{"@id":"http:\/\/reseau-amylose.org\/rechercheamylose\/clinical-research-for-patients\/different-protocols\/#breadcrumb"},"inLanguage":"fr-FR","potentialAction":[{"@type":"ReadAction","target":["http:\/\/reseau-amylose.org\/rechercheamylose\/clinical-research-for-patients\/different-protocols\/"]}]},{"@type":"BreadcrumbList","@id":"http:\/\/reseau-amylose.org\/rechercheamylose\/clinical-research-for-patients\/different-protocols\/#breadcrumb","itemListElement":[{"@type":"ListItem","position":1,"name":"Accueil","item":"https:\/\/reseau-amylose.org\/rechercheamylose\/"},{"@type":"ListItem","position":2,"name":"Clinical research for patients","item":"https:\/\/reseau-amylose.org\/rechercheamylose\/clinical-research-for-patients\/"},{"@type":"ListItem","position":3,"name":"Different protocols"}]},{"@type":"WebSite","@id":"https:\/\/reseau-amylose.org\/rechercheamylose\/#website","url":"https:\/\/reseau-amylose.org\/rechercheamylose\/","name":"R\u00e9seau Amylose Recherche","description":"Centre de r\u00e9f\u00e9rence des amyloses cardiaques","potentialAction":[{"@type":"SearchAction","target":{"@type":"EntryPoint","urlTemplate":"https:\/\/reseau-amylose.org\/rechercheamylose\/?s={search_term_string}"},"query-input":{"@type":"PropertyValueSpecification","valueRequired":true,"valueName":"search_term_string"}}],"inLanguage":"fr-FR"}]}},"_links":{"self":[{"href":"http:\/\/reseau-amylose.org\/rechercheamylose\/wp-json\/wp\/v2\/pages\/899","targetHints":{"allow":["GET"]}}],"collection":[{"href":"http:\/\/reseau-amylose.org\/rechercheamylose\/wp-json\/wp\/v2\/pages"}],"about":[{"href":"http:\/\/reseau-amylose.org\/rechercheamylose\/wp-json\/wp\/v2\/types\/page"}],"author":[{"embeddable":true,"href":"http:\/\/reseau-amylose.org\/rechercheamylose\/wp-json\/wp\/v2\/users\/1"}],"replies":[{"embeddable":true,"href":"http:\/\/reseau-amylose.org\/rechercheamylose\/wp-json\/wp\/v2\/comments?post=899"}],"version-history":[{"count":0,"href":"http:\/\/reseau-amylose.org\/rechercheamylose\/wp-json\/wp\/v2\/pages\/899\/revisions"}],"up":[{"embeddable":true,"href":"http:\/\/reseau-amylose.org\/rechercheamylose\/wp-json\/wp\/v2\/pages\/873"}],"wp:attachment":[{"href":"http:\/\/reseau-amylose.org\/rechercheamylose\/wp-json\/wp\/v2\/media?parent=899"}],"wp:term":[{"taxonomy":"category","embeddable":true,"href":"http:\/\/reseau-amylose.org\/rechercheamylose\/wp-json\/wp\/v2\/categories?post=899"},{"taxonomy":"post_tag","embeddable":true,"href":"http:\/\/reseau-amylose.org\/rechercheamylose\/wp-json\/wp\/v2\/tags?post=899"}],"curies":[{"name":"wp","href":"https:\/\/api.w.org\/{rel}","templated":true}]}}