{"id":875,"date":"2019-06-05T09:39:54","date_gmt":"2019-06-05T07:39:54","guid":{"rendered":"http:\/\/www.reseau-amylose.org\/recherche\/clinical-research-for-patients\/clinical-research"},"modified":"2019-06-05T09:39:54","modified_gmt":"2019-06-05T07:39:54","slug":"clinical-research","status":"publish","type":"page","link":"http:\/\/reseau-amylose.org\/rechercheamylose\/clinical-research-for-patients\/clinical-research\/","title":{"rendered":"Clinical research"},"content":{"rendered":"\t\t<div data-elementor-type=\"wp-post\" data-elementor-id=\"875\" class=\"elementor elementor-875\" data-elementor-post-type=\"page\">\n\t\t\t\t\t\t<section class=\"elementor-section elementor-top-section elementor-element elementor-element-6b413dc0 elementor-section-content-middle elementor-section-boxed elementor-section-height-default elementor-section-height-default\" data-id=\"6b413dc0\" data-element_type=\"section\" data-settings=\"{&quot;background_background&quot;:&quot;classic&quot;}\">\n\t\t\t\t\t\t<div class=\"elementor-container elementor-column-gap-no\">\n\t\t\t\t\t<div class=\"elementor-column elementor-col-100 elementor-top-column elementor-element elementor-element-11acee12\" data-id=\"11acee12\" data-element_type=\"column\">\n\t\t\t<div class=\"elementor-widget-wrap elementor-element-populated\">\n\t\t\t\t\t\t<div class=\"elementor-element elementor-element-64ec73d5 elementor-widget-divider--view-line elementor-widget elementor-widget-divider\" data-id=\"64ec73d5\" data-element_type=\"widget\" data-widget_type=\"divider.default\">\n\t\t\t\t<div class=\"elementor-widget-container\">\n\t\t\t\t\t\t\t<div class=\"elementor-divider\">\n\t\t\t<span class=\"elementor-divider-separator\">\n\t\t\t\t\t\t<\/span>\n\t\t<\/div>\n\t\t\t\t\t\t<\/div>\n\t\t\t\t<\/div>\n\t\t\t\t<div class=\"elementor-element elementor-element-70638ec1 elementor-widget elementor-widget-heading\" data-id=\"70638ec1\" data-element_type=\"widget\" data-widget_type=\"heading.default\">\n\t\t\t\t<div class=\"elementor-widget-container\">\n\t\t\t\t\t<h6 class=\"elementor-heading-title elementor-size-default\"><h2 class=\"elementor-heading-title elementor-size-large elementor-inline-editing pen\" data-elementor-setting-key=\"title\" data-pen-placeholder=\"\u00c9crivez ici...\">Qu\u2019est-ce que la recherche Clinique ? <\/h2><\/h6>\t\t\t\t<\/div>\n\t\t\t\t<\/div>\n\t\t\t\t\t<\/div>\n\t\t<\/div>\n\t\t\t\t\t<\/div>\n\t\t<\/section>\n\t\t\t\t<section class=\"elementor-section elementor-top-section elementor-element elementor-element-61427f31 elementor-section-boxed elementor-section-height-default elementor-section-height-default\" data-id=\"61427f31\" data-element_type=\"section\">\n\t\t\t\t\t\t<div class=\"elementor-container elementor-column-gap-default\">\n\t\t\t\t\t<div class=\"elementor-column elementor-col-100 elementor-top-column elementor-element elementor-element-515b0cd9\" data-id=\"515b0cd9\" data-element_type=\"column\">\n\t\t\t<div class=\"elementor-widget-wrap elementor-element-populated\">\n\t\t\t\t\t\t<div class=\"elementor-element elementor-element-11cb983a elementor-widget elementor-widget-text-editor\" data-id=\"11cb983a\" data-element_type=\"widget\" data-widget_type=\"text-editor.default\">\n\t\t\t\t<div class=\"elementor-widget-container\">\n\t\t\t\t\t\t\t\t\t<h5>Patients are at the heart of clinical research, with the goal being to improve patient health. Patients can become an active part of research by taking part in clinical trials.<\/h5>\n<h5>Through clinical research, we aim to improve and expand knowledge of this illness so that diagnostic tools can be put in place and new treatments can be developed. This scientific approach aims to show that molecules with therapeutic properties in plant and cell models can be used to treat people.<\/h5>\n<h5><span style=\"color: #4db8f0;\"><strong>As clinical research is split into several stages, you can join at different points:\u00a0\u00a0<\/strong><\/span><\/h5>\n<h5>Stage 1: Is this treatment dangerous for people?<\/h5>\n<h5>Stage 2: What is the correct dosage for this medication?<\/h5>\n<h5>Stage 3: Is this treatment more effective than placebo\/the standard treatment?<\/h5>\n<h5>Stage 4: Are there side effects? Or further benefits?<\/h5>\n<h5>For the cardiac amyloidosis and cardiomyopathy network, clinical trials mean that we can put forward new, innovative treatments for patients.<\/h5>\n\t\t\t\t\t\t\t\t<\/div>\n\t\t\t\t<\/div>\n\t\t\t\t\t<\/div>\n\t\t<\/div>\n\t\t\t\t\t<\/div>\n\t\t<\/section>\n\t\t\t\t<\/div>\n\t\t","protected":false},"excerpt":{"rendered":"<p>Qu\u2019est-ce que la recherche Clinique ? Patients are at the heart of clinical research, with the goal being to improve patient health. Patients can become an active part of research by taking part in clinical trials. Through clinical research, we aim to improve and expand knowledge of this illness so that diagnostic tools can be [&hellip;]<\/p>\n","protected":false},"author":1,"featured_media":0,"parent":873,"menu_order":1,"comment_status":"closed","ping_status":"closed","template":"","meta":{"_monsterinsights_skip_tracking":false,"_monsterinsights_sitenote_active":false,"_monsterinsights_sitenote_note":"","_monsterinsights_sitenote_category":0,"footnotes":""},"categories":[],"tags":[],"class_list":["post-875","page","type-page","status-publish","hentry"],"yoast_head":"<!-- This site is optimized with the Yoast SEO plugin v25.5 - https:\/\/yoast.com\/wordpress\/plugins\/seo\/ -->\n<title>Clinical research - R\u00e9seau Amylose Recherche<\/title>\n<meta name=\"robots\" content=\"index, follow, max-snippet:-1, max-image-preview:large, max-video-preview:-1\" \/>\n<link rel=\"canonical\" href=\"http:\/\/reseau-amylose.org\/rechercheamylose\/clinical-research-for-patients\/clinical-research\/\" \/>\n<meta property=\"og:locale\" content=\"fr_FR\" \/>\n<meta property=\"og:type\" content=\"article\" \/>\n<meta property=\"og:title\" content=\"Clinical research - R\u00e9seau Amylose Recherche\" \/>\n<meta property=\"og:description\" content=\"Qu\u2019est-ce que la recherche Clinique ? Patients are at the heart of clinical research, with the goal being to improve patient health. Patients can become an active part of research by taking part in clinical trials. Through clinical research, we aim to improve and expand knowledge of this illness so that diagnostic tools can be [&hellip;]\" \/>\n<meta property=\"og:url\" content=\"http:\/\/reseau-amylose.org\/rechercheamylose\/clinical-research-for-patients\/clinical-research\/\" \/>\n<meta property=\"og:site_name\" content=\"R\u00e9seau Amylose Recherche\" \/>\n<meta name=\"twitter:card\" content=\"summary_large_image\" \/>\n<meta name=\"twitter:label1\" content=\"Dur\u00e9e de lecture estim\u00e9e\" \/>\n\t<meta name=\"twitter:data1\" content=\"1 minute\" \/>\n<script type=\"application\/ld+json\" class=\"yoast-schema-graph\">{\"@context\":\"https:\/\/schema.org\",\"@graph\":[{\"@type\":\"WebPage\",\"@id\":\"http:\/\/reseau-amylose.org\/rechercheamylose\/clinical-research-for-patients\/clinical-research\/\",\"url\":\"http:\/\/reseau-amylose.org\/rechercheamylose\/clinical-research-for-patients\/clinical-research\/\",\"name\":\"Clinical research - R\u00e9seau Amylose Recherche\",\"isPartOf\":{\"@id\":\"https:\/\/reseau-amylose.org\/rechercheamylose\/#website\"},\"datePublished\":\"2019-06-05T07:39:54+00:00\",\"breadcrumb\":{\"@id\":\"http:\/\/reseau-amylose.org\/rechercheamylose\/clinical-research-for-patients\/clinical-research\/#breadcrumb\"},\"inLanguage\":\"fr-FR\",\"potentialAction\":[{\"@type\":\"ReadAction\",\"target\":[\"http:\/\/reseau-amylose.org\/rechercheamylose\/clinical-research-for-patients\/clinical-research\/\"]}]},{\"@type\":\"BreadcrumbList\",\"@id\":\"http:\/\/reseau-amylose.org\/rechercheamylose\/clinical-research-for-patients\/clinical-research\/#breadcrumb\",\"itemListElement\":[{\"@type\":\"ListItem\",\"position\":1,\"name\":\"Accueil\",\"item\":\"https:\/\/reseau-amylose.org\/rechercheamylose\/\"},{\"@type\":\"ListItem\",\"position\":2,\"name\":\"Clinical research for patients\",\"item\":\"https:\/\/reseau-amylose.org\/rechercheamylose\/clinical-research-for-patients\/\"},{\"@type\":\"ListItem\",\"position\":3,\"name\":\"Clinical research\"}]},{\"@type\":\"WebSite\",\"@id\":\"https:\/\/reseau-amylose.org\/rechercheamylose\/#website\",\"url\":\"https:\/\/reseau-amylose.org\/rechercheamylose\/\",\"name\":\"R\u00e9seau Amylose Recherche\",\"description\":\"Centre de r\u00e9f\u00e9rence des amyloses cardiaques\",\"potentialAction\":[{\"@type\":\"SearchAction\",\"target\":{\"@type\":\"EntryPoint\",\"urlTemplate\":\"https:\/\/reseau-amylose.org\/rechercheamylose\/?s={search_term_string}\"},\"query-input\":{\"@type\":\"PropertyValueSpecification\",\"valueRequired\":true,\"valueName\":\"search_term_string\"}}],\"inLanguage\":\"fr-FR\"}]}<\/script>\n<!-- \/ Yoast SEO plugin. -->","yoast_head_json":{"title":"Clinical research - R\u00e9seau Amylose Recherche","robots":{"index":"index","follow":"follow","max-snippet":"max-snippet:-1","max-image-preview":"max-image-preview:large","max-video-preview":"max-video-preview:-1"},"canonical":"http:\/\/reseau-amylose.org\/rechercheamylose\/clinical-research-for-patients\/clinical-research\/","og_locale":"fr_FR","og_type":"article","og_title":"Clinical research - R\u00e9seau Amylose Recherche","og_description":"Qu\u2019est-ce que la recherche Clinique ? Patients are at the heart of clinical research, with the goal being to improve patient health. Patients can become an active part of research by taking part in clinical trials. Through clinical research, we aim to improve and expand knowledge of this illness so that diagnostic tools can be [&hellip;]","og_url":"http:\/\/reseau-amylose.org\/rechercheamylose\/clinical-research-for-patients\/clinical-research\/","og_site_name":"R\u00e9seau Amylose Recherche","twitter_card":"summary_large_image","twitter_misc":{"Dur\u00e9e de lecture estim\u00e9e":"1 minute"},"schema":{"@context":"https:\/\/schema.org","@graph":[{"@type":"WebPage","@id":"http:\/\/reseau-amylose.org\/rechercheamylose\/clinical-research-for-patients\/clinical-research\/","url":"http:\/\/reseau-amylose.org\/rechercheamylose\/clinical-research-for-patients\/clinical-research\/","name":"Clinical research - R\u00e9seau Amylose Recherche","isPartOf":{"@id":"https:\/\/reseau-amylose.org\/rechercheamylose\/#website"},"datePublished":"2019-06-05T07:39:54+00:00","breadcrumb":{"@id":"http:\/\/reseau-amylose.org\/rechercheamylose\/clinical-research-for-patients\/clinical-research\/#breadcrumb"},"inLanguage":"fr-FR","potentialAction":[{"@type":"ReadAction","target":["http:\/\/reseau-amylose.org\/rechercheamylose\/clinical-research-for-patients\/clinical-research\/"]}]},{"@type":"BreadcrumbList","@id":"http:\/\/reseau-amylose.org\/rechercheamylose\/clinical-research-for-patients\/clinical-research\/#breadcrumb","itemListElement":[{"@type":"ListItem","position":1,"name":"Accueil","item":"https:\/\/reseau-amylose.org\/rechercheamylose\/"},{"@type":"ListItem","position":2,"name":"Clinical research for patients","item":"https:\/\/reseau-amylose.org\/rechercheamylose\/clinical-research-for-patients\/"},{"@type":"ListItem","position":3,"name":"Clinical research"}]},{"@type":"WebSite","@id":"https:\/\/reseau-amylose.org\/rechercheamylose\/#website","url":"https:\/\/reseau-amylose.org\/rechercheamylose\/","name":"R\u00e9seau Amylose Recherche","description":"Centre de r\u00e9f\u00e9rence des amyloses cardiaques","potentialAction":[{"@type":"SearchAction","target":{"@type":"EntryPoint","urlTemplate":"https:\/\/reseau-amylose.org\/rechercheamylose\/?s={search_term_string}"},"query-input":{"@type":"PropertyValueSpecification","valueRequired":true,"valueName":"search_term_string"}}],"inLanguage":"fr-FR"}]}},"_links":{"self":[{"href":"http:\/\/reseau-amylose.org\/rechercheamylose\/wp-json\/wp\/v2\/pages\/875","targetHints":{"allow":["GET"]}}],"collection":[{"href":"http:\/\/reseau-amylose.org\/rechercheamylose\/wp-json\/wp\/v2\/pages"}],"about":[{"href":"http:\/\/reseau-amylose.org\/rechercheamylose\/wp-json\/wp\/v2\/types\/page"}],"author":[{"embeddable":true,"href":"http:\/\/reseau-amylose.org\/rechercheamylose\/wp-json\/wp\/v2\/users\/1"}],"replies":[{"embeddable":true,"href":"http:\/\/reseau-amylose.org\/rechercheamylose\/wp-json\/wp\/v2\/comments?post=875"}],"version-history":[{"count":0,"href":"http:\/\/reseau-amylose.org\/rechercheamylose\/wp-json\/wp\/v2\/pages\/875\/revisions"}],"up":[{"embeddable":true,"href":"http:\/\/reseau-amylose.org\/rechercheamylose\/wp-json\/wp\/v2\/pages\/873"}],"wp:attachment":[{"href":"http:\/\/reseau-amylose.org\/rechercheamylose\/wp-json\/wp\/v2\/media?parent=875"}],"wp:term":[{"taxonomy":"category","embeddable":true,"href":"http:\/\/reseau-amylose.org\/rechercheamylose\/wp-json\/wp\/v2\/categories?post=875"},{"taxonomy":"post_tag","embeddable":true,"href":"http:\/\/reseau-amylose.org\/rechercheamylose\/wp-json\/wp\/v2\/tags?post=875"}],"curies":[{"name":"wp","href":"https:\/\/api.w.org\/{rel}","templated":true}]}}