{"id":81,"date":"2018-12-05T10:38:41","date_gmt":"2018-12-05T10:38:41","guid":{"rendered":"http:\/\/recherche.reseau-amylose.org\/?page_id=39"},"modified":"2022-04-15T06:26:06","modified_gmt":"2022-04-15T04:26:06","slug":"votre-role","status":"publish","type":"page","link":"http:\/\/reseau-amylose.org\/rechercheamylose\/la-recherche-clinique-pour-les-patients\/votre-role\/","title":{"rendered":"Votre r\u00f4le"},"content":{"rendered":"\t\t<div data-elementor-type=\"wp-post\" data-elementor-id=\"81\" class=\"elementor elementor-81\" data-elementor-post-type=\"page\">\n\t\t\t\t\t\t<section class=\"elementor-section elementor-top-section elementor-element elementor-element-1970ecc elementor-section-content-middle elementor-section-boxed elementor-section-height-default elementor-section-height-default\" data-id=\"1970ecc\" data-element_type=\"section\" data-settings=\"{&quot;background_background&quot;:&quot;classic&quot;}\">\n\t\t\t\t\t\t<div class=\"elementor-container elementor-column-gap-no\">\n\t\t\t\t\t<div class=\"elementor-column elementor-col-100 elementor-top-column elementor-element elementor-element-21f7f80\" data-id=\"21f7f80\" data-element_type=\"column\">\n\t\t\t<div class=\"elementor-widget-wrap elementor-element-populated\">\n\t\t\t\t\t\t<div class=\"elementor-element elementor-element-4cacb4d9 elementor-widget-divider--view-line elementor-widget elementor-widget-divider\" data-id=\"4cacb4d9\" data-element_type=\"widget\" data-widget_type=\"divider.default\">\n\t\t\t\t<div class=\"elementor-widget-container\">\n\t\t\t\t\t\t\t<div class=\"elementor-divider\">\n\t\t\t<span class=\"elementor-divider-separator\">\n\t\t\t\t\t\t<\/span>\n\t\t<\/div>\n\t\t\t\t\t\t<\/div>\n\t\t\t\t<\/div>\n\t\t\t\t<div class=\"elementor-element elementor-element-1cf8c11b elementor-widget elementor-widget-heading\" data-id=\"1cf8c11b\" data-element_type=\"widget\" data-widget_type=\"heading.default\">\n\t\t\t\t<div class=\"elementor-widget-container\">\n\t\t\t\t\t<h6 class=\"elementor-heading-title elementor-size-default\"><h2 class=\"elementor-heading-title elementor-size-large elementor-inline-editing pen\" data-elementor-setting-key=\"title\" data-pen-placeholder=\"\u00c9crivez ici...\">Quel est votre r\u00f4le?<\/h2><\/h6>\t\t\t\t<\/div>\n\t\t\t\t<\/div>\n\t\t\t\t\t<\/div>\n\t\t<\/div>\n\t\t\t\t\t<\/div>\n\t\t<\/section>\n\t\t\t\t<section class=\"elementor-section elementor-top-section elementor-element elementor-element-684bbb6f elementor-section-boxed elementor-section-height-default elementor-section-height-default\" data-id=\"684bbb6f\" data-element_type=\"section\">\n\t\t\t\t\t\t<div class=\"elementor-container elementor-column-gap-default\">\n\t\t\t\t\t<div class=\"elementor-column elementor-col-100 elementor-top-column elementor-element elementor-element-50f8b96e\" data-id=\"50f8b96e\" data-element_type=\"column\">\n\t\t\t<div class=\"elementor-widget-wrap elementor-element-populated\">\n\t\t\t\t\t\t<div class=\"elementor-element elementor-element-533f6a80 elementor-widget elementor-widget-text-editor\" data-id=\"533f6a80\" data-element_type=\"widget\" data-widget_type=\"text-editor.default\">\n\t\t\t\t<div class=\"elementor-widget-container\">\n\t\t\t\t\t\t\t\t\t<h5>Lors d\u2019une hospitalisation ou d\u2019une consultation, votre m\u00e9decin pourra vous proposer de participer \u00e0 un projet de recherche. <strong>Afin de prendre votre d\u00e9cision, vous devez comprendre le projet, son int\u00e9r\u00eat et ses cons\u00e9quences<\/strong>. Cela n\u00e9cessite que vous soyez inform\u00e9 et que vous ayez bien compris le projet qui vous est propos\u00e9. Pour prendre votre d\u00e9cision, vous pouvez poser toutes les questions que vous voulez et vous disposez d\u2019un d\u00e9lai de r\u00e9flexion.\u00a0\u00a0<\/h5><h5><strong>Une fois que votre d\u00e9cision est prise, si vous acceptez de participer nous aurons besoin de recueillir votre accord par la signature d\u2019un document: le consentement<\/strong>. Un exemplaire de ce document vous sera remis.\u00a0\u00a0<\/h5><h5>Une fois que vous aurez sign\u00e9 le consentement, vous serez inclus dans l\u2019\u00e9tude. Cela implique que vous devrez vous conformer aux exigences du protocole de recherche (fr\u00e9quences des visites, prise du m\u00e9dicament \u00e0 l\u2019\u00e9tude, examens\u2026), et ce, principalement pour des raisons de s\u00e9curit\u00e9.<\/h5>\t\t\t\t\t\t\t\t<\/div>\n\t\t\t\t<\/div>\n\t\t\t\t\t<\/div>\n\t\t<\/div>\n\t\t\t\t\t<\/div>\n\t\t<\/section>\n\t\t\t\t<section class=\"elementor-section elementor-top-section elementor-element elementor-element-5807159c elementor-section-boxed elementor-section-height-default elementor-section-height-default\" data-id=\"5807159c\" data-element_type=\"section\">\n\t\t\t\t\t\t<div class=\"elementor-container elementor-column-gap-default\">\n\t\t\t\t\t<div class=\"elementor-column elementor-col-100 elementor-top-column elementor-element elementor-element-1618c334\" data-id=\"1618c334\" data-element_type=\"column\">\n\t\t\t<div class=\"elementor-widget-wrap elementor-element-populated\">\n\t\t\t\t\t\t<div class=\"elementor-element elementor-element-3947ffa1 elementor-widget elementor-widget-spacer\" data-id=\"3947ffa1\" data-element_type=\"widget\" data-widget_type=\"spacer.default\">\n\t\t\t\t<div class=\"elementor-widget-container\">\n\t\t\t\t\t\t\t<div class=\"elementor-spacer\">\n\t\t\t<div class=\"elementor-spacer-inner\"><\/div>\n\t\t<\/div>\n\t\t\t\t\t\t<\/div>\n\t\t\t\t<\/div>\n\t\t\t\t\t<\/div>\n\t\t<\/div>\n\t\t\t\t\t<\/div>\n\t\t<\/section>\n\t\t\t\t<\/div>\n\t\t","protected":false},"excerpt":{"rendered":"<p>Quel est votre r\u00f4le? Lors d\u2019une hospitalisation ou d\u2019une consultation, votre m\u00e9decin pourra vous proposer de participer \u00e0 un projet de recherche. Afin de prendre votre d\u00e9cision, vous devez comprendre le projet, son int\u00e9r\u00eat et ses cons\u00e9quences. Cela n\u00e9cessite que vous soyez inform\u00e9 et que vous ayez bien compris le projet qui vous est propos\u00e9. [&hellip;]<\/p>\n","protected":false},"author":1,"featured_media":0,"parent":75,"menu_order":4,"comment_status":"closed","ping_status":"closed","template":"","meta":{"_monsterinsights_skip_tracking":false,"_monsterinsights_sitenote_active":false,"_monsterinsights_sitenote_note":"","_monsterinsights_sitenote_category":0,"footnotes":""},"categories":[],"tags":[],"class_list":["post-81","page","type-page","status-publish","hentry"],"yoast_head":"<!-- This site is optimized with the Yoast SEO plugin v25.5 - https:\/\/yoast.com\/wordpress\/plugins\/seo\/ -->\n<title>Votre r\u00f4le - R\u00e9seau Amylose Recherche<\/title>\n<meta name=\"description\" content=\"Votre m\u00e9decin peut vous proposer de participer \u00e0 un projet de recherche. Vous devez comprendre le projet, son int\u00e9r\u00eat et ses cons\u00e9quences...\" \/>\n<meta name=\"robots\" content=\"index, follow, max-snippet:-1, max-image-preview:large, max-video-preview:-1\" \/>\n<link rel=\"canonical\" href=\"https:\/\/reseau-amylose.org\/rechercheamylose\/la-recherche-clinique-pour-les-patients\/votre-role\/\" \/>\n<meta property=\"og:locale\" content=\"fr_FR\" \/>\n<meta property=\"og:type\" content=\"article\" \/>\n<meta property=\"og:title\" content=\"Votre r\u00f4le - R\u00e9seau Amylose Recherche\" \/>\n<meta property=\"og:description\" content=\"Votre m\u00e9decin peut vous proposer de participer \u00e0 un projet de recherche. Vous devez comprendre le projet, son int\u00e9r\u00eat et ses cons\u00e9quences...\" \/>\n<meta property=\"og:url\" content=\"https:\/\/reseau-amylose.org\/rechercheamylose\/la-recherche-clinique-pour-les-patients\/votre-role\/\" \/>\n<meta property=\"og:site_name\" content=\"R\u00e9seau Amylose Recherche\" \/>\n<meta property=\"article:modified_time\" content=\"2022-04-15T04:26:06+00:00\" \/>\n<meta name=\"twitter:card\" content=\"summary_large_image\" \/>\n<meta name=\"twitter:label1\" content=\"Dur\u00e9e de lecture estim\u00e9e\" \/>\n\t<meta name=\"twitter:data1\" content=\"1 minute\" \/>\n<script type=\"application\/ld+json\" class=\"yoast-schema-graph\">{\"@context\":\"https:\/\/schema.org\",\"@graph\":[{\"@type\":\"WebPage\",\"@id\":\"https:\/\/reseau-amylose.org\/rechercheamylose\/la-recherche-clinique-pour-les-patients\/votre-role\/\",\"url\":\"https:\/\/reseau-amylose.org\/rechercheamylose\/la-recherche-clinique-pour-les-patients\/votre-role\/\",\"name\":\"Votre r\u00f4le - R\u00e9seau Amylose Recherche\",\"isPartOf\":{\"@id\":\"https:\/\/reseau-amylose.org\/rechercheamylose\/#website\"},\"datePublished\":\"2018-12-05T10:38:41+00:00\",\"dateModified\":\"2022-04-15T04:26:06+00:00\",\"description\":\"Votre m\u00e9decin peut vous proposer de participer \u00e0 un projet de recherche. Vous devez comprendre le projet, son int\u00e9r\u00eat et ses cons\u00e9quences...\",\"breadcrumb\":{\"@id\":\"https:\/\/reseau-amylose.org\/rechercheamylose\/la-recherche-clinique-pour-les-patients\/votre-role\/#breadcrumb\"},\"inLanguage\":\"fr-FR\",\"potentialAction\":[{\"@type\":\"ReadAction\",\"target\":[\"https:\/\/reseau-amylose.org\/rechercheamylose\/la-recherche-clinique-pour-les-patients\/votre-role\/\"]}]},{\"@type\":\"BreadcrumbList\",\"@id\":\"https:\/\/reseau-amylose.org\/rechercheamylose\/la-recherche-clinique-pour-les-patients\/votre-role\/#breadcrumb\",\"itemListElement\":[{\"@type\":\"ListItem\",\"position\":1,\"name\":\"Accueil\",\"item\":\"https:\/\/reseau-amylose.org\/rechercheamylose\/\"},{\"@type\":\"ListItem\",\"position\":2,\"name\":\"Recherche pour les patients\",\"item\":\"https:\/\/reseau-amylose.org\/rechercheamylose\/la-recherche-clinique-pour-les-patients\/\"},{\"@type\":\"ListItem\",\"position\":3,\"name\":\"Votre r\u00f4le\"}]},{\"@type\":\"WebSite\",\"@id\":\"https:\/\/reseau-amylose.org\/rechercheamylose\/#website\",\"url\":\"https:\/\/reseau-amylose.org\/rechercheamylose\/\",\"name\":\"R\u00e9seau Amylose Recherche\",\"description\":\"Centre de r\u00e9f\u00e9rence des amyloses cardiaques\",\"potentialAction\":[{\"@type\":\"SearchAction\",\"target\":{\"@type\":\"EntryPoint\",\"urlTemplate\":\"https:\/\/reseau-amylose.org\/rechercheamylose\/?s={search_term_string}\"},\"query-input\":{\"@type\":\"PropertyValueSpecification\",\"valueRequired\":true,\"valueName\":\"search_term_string\"}}],\"inLanguage\":\"fr-FR\"}]}<\/script>\n<!-- \/ Yoast SEO plugin. -->","yoast_head_json":{"title":"Votre r\u00f4le - R\u00e9seau Amylose Recherche","description":"Votre m\u00e9decin peut vous proposer de participer \u00e0 un projet de recherche. Vous devez comprendre le projet, son int\u00e9r\u00eat et ses cons\u00e9quences...","robots":{"index":"index","follow":"follow","max-snippet":"max-snippet:-1","max-image-preview":"max-image-preview:large","max-video-preview":"max-video-preview:-1"},"canonical":"https:\/\/reseau-amylose.org\/rechercheamylose\/la-recherche-clinique-pour-les-patients\/votre-role\/","og_locale":"fr_FR","og_type":"article","og_title":"Votre r\u00f4le - R\u00e9seau Amylose Recherche","og_description":"Votre m\u00e9decin peut vous proposer de participer \u00e0 un projet de recherche. Vous devez comprendre le projet, son int\u00e9r\u00eat et ses cons\u00e9quences...","og_url":"https:\/\/reseau-amylose.org\/rechercheamylose\/la-recherche-clinique-pour-les-patients\/votre-role\/","og_site_name":"R\u00e9seau Amylose Recherche","article_modified_time":"2022-04-15T04:26:06+00:00","twitter_card":"summary_large_image","twitter_misc":{"Dur\u00e9e de lecture estim\u00e9e":"1 minute"},"schema":{"@context":"https:\/\/schema.org","@graph":[{"@type":"WebPage","@id":"https:\/\/reseau-amylose.org\/rechercheamylose\/la-recherche-clinique-pour-les-patients\/votre-role\/","url":"https:\/\/reseau-amylose.org\/rechercheamylose\/la-recherche-clinique-pour-les-patients\/votre-role\/","name":"Votre r\u00f4le - R\u00e9seau Amylose Recherche","isPartOf":{"@id":"https:\/\/reseau-amylose.org\/rechercheamylose\/#website"},"datePublished":"2018-12-05T10:38:41+00:00","dateModified":"2022-04-15T04:26:06+00:00","description":"Votre m\u00e9decin peut vous proposer de participer \u00e0 un projet de recherche. Vous devez comprendre le projet, son int\u00e9r\u00eat et ses cons\u00e9quences...","breadcrumb":{"@id":"https:\/\/reseau-amylose.org\/rechercheamylose\/la-recherche-clinique-pour-les-patients\/votre-role\/#breadcrumb"},"inLanguage":"fr-FR","potentialAction":[{"@type":"ReadAction","target":["https:\/\/reseau-amylose.org\/rechercheamylose\/la-recherche-clinique-pour-les-patients\/votre-role\/"]}]},{"@type":"BreadcrumbList","@id":"https:\/\/reseau-amylose.org\/rechercheamylose\/la-recherche-clinique-pour-les-patients\/votre-role\/#breadcrumb","itemListElement":[{"@type":"ListItem","position":1,"name":"Accueil","item":"https:\/\/reseau-amylose.org\/rechercheamylose\/"},{"@type":"ListItem","position":2,"name":"Recherche pour les patients","item":"https:\/\/reseau-amylose.org\/rechercheamylose\/la-recherche-clinique-pour-les-patients\/"},{"@type":"ListItem","position":3,"name":"Votre r\u00f4le"}]},{"@type":"WebSite","@id":"https:\/\/reseau-amylose.org\/rechercheamylose\/#website","url":"https:\/\/reseau-amylose.org\/rechercheamylose\/","name":"R\u00e9seau Amylose Recherche","description":"Centre de r\u00e9f\u00e9rence des amyloses cardiaques","potentialAction":[{"@type":"SearchAction","target":{"@type":"EntryPoint","urlTemplate":"https:\/\/reseau-amylose.org\/rechercheamylose\/?s={search_term_string}"},"query-input":{"@type":"PropertyValueSpecification","valueRequired":true,"valueName":"search_term_string"}}],"inLanguage":"fr-FR"}]}},"_links":{"self":[{"href":"http:\/\/reseau-amylose.org\/rechercheamylose\/wp-json\/wp\/v2\/pages\/81","targetHints":{"allow":["GET"]}}],"collection":[{"href":"http:\/\/reseau-amylose.org\/rechercheamylose\/wp-json\/wp\/v2\/pages"}],"about":[{"href":"http:\/\/reseau-amylose.org\/rechercheamylose\/wp-json\/wp\/v2\/types\/page"}],"author":[{"embeddable":true,"href":"http:\/\/reseau-amylose.org\/rechercheamylose\/wp-json\/wp\/v2\/users\/1"}],"replies":[{"embeddable":true,"href":"http:\/\/reseau-amylose.org\/rechercheamylose\/wp-json\/wp\/v2\/comments?post=81"}],"version-history":[{"count":11,"href":"http:\/\/reseau-amylose.org\/rechercheamylose\/wp-json\/wp\/v2\/pages\/81\/revisions"}],"predecessor-version":[{"id":3348,"href":"http:\/\/reseau-amylose.org\/rechercheamylose\/wp-json\/wp\/v2\/pages\/81\/revisions\/3348"}],"up":[{"embeddable":true,"href":"http:\/\/reseau-amylose.org\/rechercheamylose\/wp-json\/wp\/v2\/pages\/75"}],"wp:attachment":[{"href":"http:\/\/reseau-amylose.org\/rechercheamylose\/wp-json\/wp\/v2\/media?parent=81"}],"wp:term":[{"taxonomy":"category","embeddable":true,"href":"http:\/\/reseau-amylose.org\/rechercheamylose\/wp-json\/wp\/v2\/categories?post=81"},{"taxonomy":"post_tag","embeddable":true,"href":"http:\/\/reseau-amylose.org\/rechercheamylose\/wp-json\/wp\/v2\/tags?post=81"}],"curies":[{"name":"wp","href":"https:\/\/api.w.org\/{rel}","templated":true}]}}