{"id":3396,"date":"2022-07-11T15:57:56","date_gmt":"2022-07-11T13:57:56","guid":{"rendered":"https:\/\/reseau-amylose.org\/rechercheamylose\/?page_id=3396"},"modified":"2022-07-11T15:58:01","modified_gmt":"2022-07-11T13:58:01","slug":"registre-hear","status":"publish","type":"page","link":"http:\/\/reseau-amylose.org\/rechercheamylose\/registre-hear\/","title":{"rendered":"Registre HEAR"},"content":{"rendered":"","protected":false},"excerpt":{"rendered":"","protected":false},"author":2,"featured_media":0,"parent":0,"menu_order":0,"comment_status":"closed","ping_status":"closed","template":"","meta":{"_monsterinsights_skip_tracking":false,"_monsterinsights_sitenote_active":false,"_monsterinsights_sitenote_note":"","_monsterinsights_sitenote_category":0,"footnotes":""},"categories":[],"tags":[],"class_list":["post-3396","page","type-page","status-publish","hentry"],"yoast_head":"<!-- This site is optimized with the Yoast SEO plugin v25.5 - https:\/\/yoast.com\/wordpress\/plugins\/seo\/ -->\n<title>Registre HEAR - R\u00e9seau Amylose Recherche<\/title>\n<meta name=\"description\" content=\"Le Registre HEAR : Healthcare European Amyloidosis Registry - plus de 2600 patients inclus - objectifs - methodologie - gouvernance...\" \/>\n<meta name=\"robots\" content=\"index, follow, max-snippet:-1, max-image-preview:large, max-video-preview:-1\" \/>\n<link rel=\"canonical\" href=\"http:\/\/reseau-amylose.org\/rechercheamylose\/registre-hear\/\" \/>\n<meta property=\"og:locale\" content=\"fr_FR\" \/>\n<meta property=\"og:type\" content=\"article\" \/>\n<meta property=\"og:title\" content=\"Registre HEAR - R\u00e9seau Amylose Recherche\" \/>\n<meta property=\"og:description\" content=\"Le Registre HEAR : Healthcare European Amyloidosis Registry - plus de 2600 patients inclus - objectifs - methodologie - gouvernance...\" \/>\n<meta property=\"og:url\" content=\"http:\/\/reseau-amylose.org\/rechercheamylose\/registre-hear\/\" \/>\n<meta property=\"og:site_name\" content=\"R\u00e9seau Amylose Recherche\" \/>\n<meta property=\"article:modified_time\" content=\"2022-07-11T13:58:01+00:00\" \/>\n<meta name=\"twitter:card\" content=\"summary_large_image\" \/>\n<script type=\"application\/ld+json\" class=\"yoast-schema-graph\">{\"@context\":\"https:\/\/schema.org\",\"@graph\":[{\"@type\":\"WebPage\",\"@id\":\"http:\/\/reseau-amylose.org\/rechercheamylose\/registre-hear\/\",\"url\":\"http:\/\/reseau-amylose.org\/rechercheamylose\/registre-hear\/\",\"name\":\"Registre HEAR - R\u00e9seau Amylose Recherche\",\"isPartOf\":{\"@id\":\"http:\/\/reseau-amylose.org\/rechercheamylose\/#website\"},\"datePublished\":\"2022-07-11T13:57:56+00:00\",\"dateModified\":\"2022-07-11T13:58:01+00:00\",\"description\":\"Le Registre HEAR : Healthcare European Amyloidosis Registry - plus de 2600 patients inclus - objectifs - methodologie - gouvernance...\",\"breadcrumb\":{\"@id\":\"http:\/\/reseau-amylose.org\/rechercheamylose\/registre-hear\/#breadcrumb\"},\"inLanguage\":\"fr-FR\",\"potentialAction\":[{\"@type\":\"ReadAction\",\"target\":[\"http:\/\/reseau-amylose.org\/rechercheamylose\/registre-hear\/\"]}]},{\"@type\":\"BreadcrumbList\",\"@id\":\"http:\/\/reseau-amylose.org\/rechercheamylose\/registre-hear\/#breadcrumb\",\"itemListElement\":[{\"@type\":\"ListItem\",\"position\":1,\"name\":\"Accueil\",\"item\":\"http:\/\/reseau-amylose.org\/rechercheamylose\/\"},{\"@type\":\"ListItem\",\"position\":2,\"name\":\"Registre HEAR\"}]},{\"@type\":\"WebSite\",\"@id\":\"http:\/\/reseau-amylose.org\/rechercheamylose\/#website\",\"url\":\"http:\/\/reseau-amylose.org\/rechercheamylose\/\",\"name\":\"R\u00e9seau Amylose Recherche\",\"description\":\"Centre de r\u00e9f\u00e9rence des amyloses cardiaques\",\"potentialAction\":[{\"@type\":\"SearchAction\",\"target\":{\"@type\":\"EntryPoint\",\"urlTemplate\":\"http:\/\/reseau-amylose.org\/rechercheamylose\/?s={search_term_string}\"},\"query-input\":{\"@type\":\"PropertyValueSpecification\",\"valueRequired\":true,\"valueName\":\"search_term_string\"}}],\"inLanguage\":\"fr-FR\"}]}<\/script>\n<!-- \/ Yoast SEO plugin. -->","yoast_head_json":{"title":"Registre HEAR - R\u00e9seau Amylose Recherche","description":"Le Registre HEAR : Healthcare European Amyloidosis Registry - plus de 2600 patients inclus - objectifs - methodologie - gouvernance...","robots":{"index":"index","follow":"follow","max-snippet":"max-snippet:-1","max-image-preview":"max-image-preview:large","max-video-preview":"max-video-preview:-1"},"canonical":"http:\/\/reseau-amylose.org\/rechercheamylose\/registre-hear\/","og_locale":"fr_FR","og_type":"article","og_title":"Registre HEAR - R\u00e9seau Amylose Recherche","og_description":"Le Registre HEAR : Healthcare European Amyloidosis Registry - plus de 2600 patients inclus - objectifs - methodologie - gouvernance...","og_url":"http:\/\/reseau-amylose.org\/rechercheamylose\/registre-hear\/","og_site_name":"R\u00e9seau Amylose Recherche","article_modified_time":"2022-07-11T13:58:01+00:00","twitter_card":"summary_large_image","schema":{"@context":"https:\/\/schema.org","@graph":[{"@type":"WebPage","@id":"http:\/\/reseau-amylose.org\/rechercheamylose\/registre-hear\/","url":"http:\/\/reseau-amylose.org\/rechercheamylose\/registre-hear\/","name":"Registre HEAR - R\u00e9seau Amylose Recherche","isPartOf":{"@id":"http:\/\/reseau-amylose.org\/rechercheamylose\/#website"},"datePublished":"2022-07-11T13:57:56+00:00","dateModified":"2022-07-11T13:58:01+00:00","description":"Le Registre HEAR : Healthcare European Amyloidosis Registry - plus de 2600 patients inclus - objectifs - methodologie - gouvernance...","breadcrumb":{"@id":"http:\/\/reseau-amylose.org\/rechercheamylose\/registre-hear\/#breadcrumb"},"inLanguage":"fr-FR","potentialAction":[{"@type":"ReadAction","target":["http:\/\/reseau-amylose.org\/rechercheamylose\/registre-hear\/"]}]},{"@type":"BreadcrumbList","@id":"http:\/\/reseau-amylose.org\/rechercheamylose\/registre-hear\/#breadcrumb","itemListElement":[{"@type":"ListItem","position":1,"name":"Accueil","item":"http:\/\/reseau-amylose.org\/rechercheamylose\/"},{"@type":"ListItem","position":2,"name":"Registre HEAR"}]},{"@type":"WebSite","@id":"http:\/\/reseau-amylose.org\/rechercheamylose\/#website","url":"http:\/\/reseau-amylose.org\/rechercheamylose\/","name":"R\u00e9seau Amylose Recherche","description":"Centre de r\u00e9f\u00e9rence des amyloses cardiaques","potentialAction":[{"@type":"SearchAction","target":{"@type":"EntryPoint","urlTemplate":"http:\/\/reseau-amylose.org\/rechercheamylose\/?s={search_term_string}"},"query-input":{"@type":"PropertyValueSpecification","valueRequired":true,"valueName":"search_term_string"}}],"inLanguage":"fr-FR"}]}},"_links":{"self":[{"href":"http:\/\/reseau-amylose.org\/rechercheamylose\/wp-json\/wp\/v2\/pages\/3396","targetHints":{"allow":["GET"]}}],"collection":[{"href":"http:\/\/reseau-amylose.org\/rechercheamylose\/wp-json\/wp\/v2\/pages"}],"about":[{"href":"http:\/\/reseau-amylose.org\/rechercheamylose\/wp-json\/wp\/v2\/types\/page"}],"author":[{"embeddable":true,"href":"http:\/\/reseau-amylose.org\/rechercheamylose\/wp-json\/wp\/v2\/users\/2"}],"replies":[{"embeddable":true,"href":"http:\/\/reseau-amylose.org\/rechercheamylose\/wp-json\/wp\/v2\/comments?post=3396"}],"version-history":[{"count":1,"href":"http:\/\/reseau-amylose.org\/rechercheamylose\/wp-json\/wp\/v2\/pages\/3396\/revisions"}],"predecessor-version":[{"id":3397,"href":"http:\/\/reseau-amylose.org\/rechercheamylose\/wp-json\/wp\/v2\/pages\/3396\/revisions\/3397"}],"wp:attachment":[{"href":"http:\/\/reseau-amylose.org\/rechercheamylose\/wp-json\/wp\/v2\/media?parent=3396"}],"wp:term":[{"taxonomy":"category","embeddable":true,"href":"http:\/\/reseau-amylose.org\/rechercheamylose\/wp-json\/wp\/v2\/categories?post=3396"},{"taxonomy":"post_tag","embeddable":true,"href":"http:\/\/reseau-amylose.org\/rechercheamylose\/wp-json\/wp\/v2\/tags?post=3396"}],"curies":[{"name":"wp","href":"https:\/\/api.w.org\/{rel}","templated":true}]}}