{"id":4145,"date":"2021-06-03T15:51:27","date_gmt":"2021-06-03T13:51:27","guid":{"rendered":"https:\/\/reseau-amylose.org\/jesuissoignant\/?page_id=4145"},"modified":"2021-06-03T16:12:51","modified_gmt":"2021-06-03T14:12:51","slug":"le-traitement-des-amyloses-neurologiques-a-transthyretine-hereditaires","status":"publish","type":"page","link":"http:\/\/reseau-amylose.org\/jesuissoignant\/le-traitement-des-amyloses-neurologiques-a-transthyretine-hereditaires\/","title":{"rendered":"Le traitement des amyloses neurologiques \u00e0 transthyr\u00e9tine h\u00e9r\u00e9ditaires"},"content":{"rendered":"\t\t<div data-elementor-type=\"wp-page\" data-elementor-id=\"4145\" class=\"elementor elementor-4145\" data-elementor-post-type=\"page\">\n\t\t\t\t\t\t<section class=\"elementor-section elementor-top-section elementor-element elementor-element-ef142ed elementor-section-content-middle elementor-section-boxed elementor-section-height-default elementor-section-height-default\" data-id=\"ef142ed\" data-element_type=\"section\" data-settings=\"{&quot;background_background&quot;:&quot;classic&quot;}\">\n\t\t\t\t\t\t<div class=\"elementor-container elementor-column-gap-no\">\n\t\t\t\t\t<div class=\"elementor-column elementor-col-100 elementor-top-column elementor-element elementor-element-25773150\" data-id=\"25773150\" data-element_type=\"column\">\n\t\t\t<div class=\"elementor-widget-wrap elementor-element-populated\">\n\t\t\t\t\t\t<div class=\"elementor-element elementor-element-1d7aecf6 elementor-widget-divider--view-line elementor-widget elementor-widget-divider\" data-id=\"1d7aecf6\" data-element_type=\"widget\" data-widget_type=\"divider.default\">\n\t\t\t\t<div class=\"elementor-widget-container\">\n\t\t\t\t\t\t\t<div class=\"elementor-divider\">\n\t\t\t<span class=\"elementor-divider-separator\">\n\t\t\t\t\t\t<\/span>\n\t\t<\/div>\n\t\t\t\t\t\t<\/div>\n\t\t\t\t<\/div>\n\t\t\t\t<div class=\"elementor-element elementor-element-f612e8b elementor-widget elementor-widget-heading\" data-id=\"f612e8b\" data-element_type=\"widget\" data-widget_type=\"heading.default\">\n\t\t\t\t<div class=\"elementor-widget-container\">\n\t\t\t\t\t<h6 class=\"elementor-heading-title elementor-size-default\"><h2 class=\"elementor-heading-title elementor-size-large elementor-inline-editing pen\" data-elementor-setting-key=\"title\" data-pen-placeholder=\"\u00c9crivez ici...\">Les traitements de l'amylose<\/h2><\/h6>\t\t\t\t<\/div>\n\t\t\t\t<\/div>\n\t\t\t\t\t<\/div>\n\t\t<\/div>\n\t\t\t\t\t<\/div>\n\t\t<\/section>\n\t\t\t\t<section class=\"elementor-section elementor-top-section elementor-element elementor-element-7086d28 elementor-section-boxed elementor-section-height-default elementor-section-height-default\" data-id=\"7086d28\" data-element_type=\"section\">\n\t\t\t\t\t\t<div class=\"elementor-container elementor-column-gap-default\">\n\t\t\t\t\t<div class=\"elementor-column elementor-col-66 elementor-top-column elementor-element elementor-element-82c756d\" data-id=\"82c756d\" data-element_type=\"column\">\n\t\t\t<div class=\"elementor-widget-wrap elementor-element-populated\">\n\t\t\t\t\t\t<div class=\"elementor-element elementor-element-b376616 elementor-widget elementor-widget-video\" data-id=\"b376616\" data-element_type=\"widget\" data-settings=\"{&quot;youtube_url&quot;:&quot;https:\\\/\\\/www.youtube.com\\\/watch?v=8wzkzgZqyAY&amp;ab_channel=R%C3%A9seauAmylose&quot;,&quot;video_type&quot;:&quot;youtube&quot;,&quot;controls&quot;:&quot;yes&quot;}\" data-widget_type=\"video.default\">\n\t\t\t\t<div class=\"elementor-widget-container\">\n\t\t\t\t\t\t\t<div class=\"elementor-wrapper elementor-open-inline\">\n\t\t\t<div class=\"elementor-video\"><\/div>\t\t<\/div>\n\t\t\t\t\t\t<\/div>\n\t\t\t\t<\/div>\n\t\t\t\t\t<\/div>\n\t\t<\/div>\n\t\t\t\t<div class=\"elementor-column elementor-col-33 elementor-top-column elementor-element elementor-element-abe020b\" data-id=\"abe020b\" data-element_type=\"column\">\n\t\t\t<div class=\"elementor-widget-wrap elementor-element-populated\">\n\t\t\t\t\t\t<div class=\"elementor-element elementor-element-aec1ed0 elementor-widget elementor-widget-text-editor\" data-id=\"aec1ed0\" data-element_type=\"widget\" data-widget_type=\"text-editor.default\">\n\t\t\t\t<div class=\"elementor-widget-container\">\n\t\t\t\t\t\t\t\t\t<p><strong><span style=\"color: #4db8f0\">L&rsquo;int\u00e9r\u00eat de la scintigraphie r\u00e9nale au DMSA dans les amyloses<\/span><\/strong><\/p><p><em><span style=\"color: #4db8f0\">Vincent AUDARD<\/span><\/em><\/p>\t\t\t\t\t\t\t\t<\/div>\n\t\t\t\t<\/div>\n\t\t\t\t\t<\/div>\n\t\t<\/div>\n\t\t\t\t\t<\/div>\n\t\t<\/section>\n\t\t\t\t<section class=\"elementor-section elementor-top-section elementor-element elementor-element-149a8a1 elementor-section-boxed elementor-section-height-default elementor-section-height-default\" data-id=\"149a8a1\" data-element_type=\"section\">\n\t\t\t\t\t\t<div class=\"elementor-container elementor-column-gap-default\">\n\t\t\t\t\t<div class=\"elementor-column elementor-col-33 elementor-top-column elementor-element elementor-element-8752ac4\" data-id=\"8752ac4\" data-element_type=\"column\">\n\t\t\t<div class=\"elementor-widget-wrap elementor-element-populated\">\n\t\t\t\t\t\t<div class=\"elementor-element elementor-element-7c9f0e0 elementor-widget elementor-widget-text-editor\" data-id=\"7c9f0e0\" data-element_type=\"widget\" data-widget_type=\"text-editor.default\">\n\t\t\t\t<div class=\"elementor-widget-container\">\n\t\t\t\t\t\t\t\t\t<p><strong><span style=\"color: #4db8f0\">Impact cardiaque des traitements neurologiques des amyloses TTR<\/span><\/strong><\/p><p><em><span style=\"color: #4db8f0\">Ludivine ELHIAOU<\/span><\/em><\/p>\t\t\t\t\t\t\t\t<\/div>\n\t\t\t\t<\/div>\n\t\t\t\t<div class=\"elementor-element elementor-element-172a13d elementor-widget elementor-widget-video\" data-id=\"172a13d\" data-element_type=\"widget\" data-settings=\"{&quot;youtube_url&quot;:&quot;https:\\\/\\\/www.youtube.com\\\/watch?v=o-QozspfOGw&amp;ab_channel=R%C3%A9seauAmylose&quot;,&quot;video_type&quot;:&quot;youtube&quot;,&quot;controls&quot;:&quot;yes&quot;}\" data-widget_type=\"video.default\">\n\t\t\t\t<div class=\"elementor-widget-container\">\n\t\t\t\t\t\t\t<div class=\"elementor-wrapper elementor-open-inline\">\n\t\t\t<div class=\"elementor-video\"><\/div>\t\t<\/div>\n\t\t\t\t\t\t<\/div>\n\t\t\t\t<\/div>\n\t\t\t\t\t<\/div>\n\t\t<\/div>\n\t\t\t\t<div class=\"elementor-column elementor-col-33 elementor-top-column elementor-element elementor-element-70cc358\" data-id=\"70cc358\" data-element_type=\"column\">\n\t\t\t<div class=\"elementor-widget-wrap elementor-element-populated\">\n\t\t\t\t\t\t<div class=\"elementor-element elementor-element-7893541 elementor-widget elementor-widget-text-editor\" data-id=\"7893541\" data-element_type=\"widget\" data-widget_type=\"text-editor.default\">\n\t\t\t\t<div class=\"elementor-widget-container\">\n\t\t\t\t\t\t\t\t\t<p><strong><span style=\"color: #4db8f0\">La transplantation h\u00e9patique dans les amyloses \u00e0 transthyr\u00e9tine<\/span><\/strong><\/p><p><em><span style=\"color: #4db8f0\">Cyrille FERAY<\/span><\/em><\/p>\t\t\t\t\t\t\t\t<\/div>\n\t\t\t\t<\/div>\n\t\t\t\t<div class=\"elementor-element elementor-element-3fe6397 elementor-widget elementor-widget-video\" data-id=\"3fe6397\" data-element_type=\"widget\" data-settings=\"{&quot;youtube_url&quot;:&quot;https:\\\/\\\/www.youtube.com\\\/watch?v=xKPVIvshG3k&amp;ab_channel=R%C3%A9seauAmylose&quot;,&quot;video_type&quot;:&quot;youtube&quot;,&quot;controls&quot;:&quot;yes&quot;}\" data-widget_type=\"video.default\">\n\t\t\t\t<div class=\"elementor-widget-container\">\n\t\t\t\t\t\t\t<div class=\"elementor-wrapper elementor-open-inline\">\n\t\t\t<div class=\"elementor-video\"><\/div>\t\t<\/div>\n\t\t\t\t\t\t<\/div>\n\t\t\t\t<\/div>\n\t\t\t\t\t<\/div>\n\t\t<\/div>\n\t\t\t\t<div class=\"elementor-column elementor-col-33 elementor-top-column elementor-element elementor-element-0befc05\" data-id=\"0befc05\" data-element_type=\"column\">\n\t\t\t<div class=\"elementor-widget-wrap elementor-element-populated\">\n\t\t\t\t\t\t<div class=\"elementor-element elementor-element-81b9570 elementor-widget elementor-widget-text-editor\" data-id=\"81b9570\" data-element_type=\"widget\" data-widget_type=\"text-editor.default\">\n\t\t\t\t<div class=\"elementor-widget-container\">\n\t\t\t\t\t\t\t\t\t<p><strong><span style=\"color: #4db8f0\">La transplantation h\u00e9patique dans l&rsquo;amylose &#8211; Pour qui ?\u00a0<\/span><\/strong><\/p><p><em><span style=\"color: #4db8f0\">Daniel AZOULAY<\/span><\/em><\/p>\t\t\t\t\t\t\t\t<\/div>\n\t\t\t\t<\/div>\n\t\t\t\t<div class=\"elementor-element elementor-element-bd21085 elementor-widget elementor-widget-video\" data-id=\"bd21085\" data-element_type=\"widget\" data-settings=\"{&quot;youtube_url&quot;:&quot;https:\\\/\\\/www.youtube.com\\\/watch?v=bdHf6XL4uZo&amp;ab_channel=R%C3%A9seauAmylose&quot;,&quot;video_type&quot;:&quot;youtube&quot;,&quot;controls&quot;:&quot;yes&quot;}\" data-widget_type=\"video.default\">\n\t\t\t\t<div class=\"elementor-widget-container\">\n\t\t\t\t\t\t\t<div class=\"elementor-wrapper elementor-open-inline\">\n\t\t\t<div class=\"elementor-video\"><\/div>\t\t<\/div>\n\t\t\t\t\t\t<\/div>\n\t\t\t\t<\/div>\n\t\t\t\t\t<\/div>\n\t\t<\/div>\n\t\t\t\t\t<\/div>\n\t\t<\/section>\n\t\t\t\t<\/div>\n\t\t","protected":false},"excerpt":{"rendered":"<p>Les traitements de l&rsquo;amylose https:\/\/www.youtube.com\/watch?v=8wzkzgZqyAY&#038;ab_channel=R%C3%A9seauAmylose L&rsquo;int\u00e9r\u00eat de la scintigraphie r\u00e9nale au DMSA dans les amyloses Vincent AUDARD Impact cardiaque des traitements neurologiques des amyloses TTR Ludivine ELHIAOU https:\/\/www.youtube.com\/watch?v=o-QozspfOGw&#038;ab_channel=R%C3%A9seauAmylose La transplantation h\u00e9patique dans les amyloses \u00e0 transthyr\u00e9tine Cyrille FERAY https:\/\/www.youtube.com\/watch?v=xKPVIvshG3k&#038;ab_channel=R%C3%A9seauAmylose La transplantation h\u00e9patique dans l&rsquo;amylose &#8211; Pour qui ?\u00a0 Daniel AZOULAY https:\/\/www.youtube.com\/watch?v=bdHf6XL4uZo&#038;ab_channel=R%C3%A9seauAmylose<\/p>\n","protected":false},"author":2,"featured_media":0,"parent":0,"menu_order":0,"comment_status":"closed","ping_status":"closed","template":"","meta":{"_monsterinsights_skip_tracking":false,"_monsterinsights_sitenote_active":false,"_monsterinsights_sitenote_note":"","_monsterinsights_sitenote_category":0,"footnotes":""},"categories":[],"tags":[],"class_list":["post-4145","page","type-page","status-publish","hentry"],"yoast_head":"<!-- This site is optimized with the Yoast SEO plugin v25.5 - https:\/\/yoast.com\/wordpress\/plugins\/seo\/ -->\n<title>Le traitement des amyloses neurologiques \u00e0 transthyr\u00e9tine h\u00e9r\u00e9ditaires - R\u00e9seau Amylose<\/title>\n<meta name=\"robots\" content=\"index, follow, max-snippet:-1, max-image-preview:large, max-video-preview:-1\" \/>\n<link rel=\"canonical\" href=\"http:\/\/reseau-amylose.org\/jesuissoignant\/le-traitement-des-amyloses-neurologiques-a-transthyretine-hereditaires\/\" \/>\n<meta property=\"og:locale\" content=\"fr_FR\" \/>\n<meta property=\"og:type\" content=\"article\" \/>\n<meta property=\"og:title\" content=\"Le traitement des amyloses neurologiques \u00e0 transthyr\u00e9tine h\u00e9r\u00e9ditaires - R\u00e9seau Amylose\" \/>\n<meta property=\"og:description\" content=\"Les traitements de l&rsquo;amylose https:\/\/www.youtube.com\/watch?v=8wzkzgZqyAY&#038;ab_channel=R%C3%A9seauAmylose L&rsquo;int\u00e9r\u00eat de la scintigraphie r\u00e9nale au DMSA dans les amyloses Vincent AUDARD Impact cardiaque des traitements neurologiques des amyloses TTR Ludivine ELHIAOU https:\/\/www.youtube.com\/watch?v=o-QozspfOGw&#038;ab_channel=R%C3%A9seauAmylose La transplantation h\u00e9patique dans les amyloses \u00e0 transthyr\u00e9tine Cyrille FERAY https:\/\/www.youtube.com\/watch?v=xKPVIvshG3k&#038;ab_channel=R%C3%A9seauAmylose La transplantation h\u00e9patique dans l&rsquo;amylose &#8211; Pour qui ?\u00a0 Daniel AZOULAY https:\/\/www.youtube.com\/watch?v=bdHf6XL4uZo&#038;ab_channel=R%C3%A9seauAmylose\" \/>\n<meta property=\"og:url\" content=\"http:\/\/reseau-amylose.org\/jesuissoignant\/le-traitement-des-amyloses-neurologiques-a-transthyretine-hereditaires\/\" \/>\n<meta property=\"og:site_name\" content=\"R\u00e9seau Amylose\" \/>\n<meta property=\"article:modified_time\" content=\"2021-06-03T14:12:51+00:00\" \/>\n<meta name=\"twitter:card\" content=\"summary_large_image\" \/>\n<script type=\"application\/ld+json\" class=\"yoast-schema-graph\">{\"@context\":\"https:\/\/schema.org\",\"@graph\":[{\"@type\":\"WebPage\",\"@id\":\"http:\/\/reseau-amylose.org\/jesuissoignant\/le-traitement-des-amyloses-neurologiques-a-transthyretine-hereditaires\/\",\"url\":\"http:\/\/reseau-amylose.org\/jesuissoignant\/le-traitement-des-amyloses-neurologiques-a-transthyretine-hereditaires\/\",\"name\":\"Le traitement des amyloses neurologiques \u00e0 transthyr\u00e9tine h\u00e9r\u00e9ditaires - R\u00e9seau Amylose\",\"isPartOf\":{\"@id\":\"https:\/\/reseau-amylose.org\/jesuissoignant\/#website\"},\"datePublished\":\"2021-06-03T13:51:27+00:00\",\"dateModified\":\"2021-06-03T14:12:51+00:00\",\"breadcrumb\":{\"@id\":\"http:\/\/reseau-amylose.org\/jesuissoignant\/le-traitement-des-amyloses-neurologiques-a-transthyretine-hereditaires\/#breadcrumb\"},\"inLanguage\":\"fr-FR\",\"potentialAction\":[{\"@type\":\"ReadAction\",\"target\":[\"http:\/\/reseau-amylose.org\/jesuissoignant\/le-traitement-des-amyloses-neurologiques-a-transthyretine-hereditaires\/\"]}]},{\"@type\":\"BreadcrumbList\",\"@id\":\"http:\/\/reseau-amylose.org\/jesuissoignant\/le-traitement-des-amyloses-neurologiques-a-transthyretine-hereditaires\/#breadcrumb\",\"itemListElement\":[{\"@type\":\"ListItem\",\"position\":1,\"name\":\"Accueil\",\"item\":\"https:\/\/reseau-amylose.org\/jesuissoignant\/\"},{\"@type\":\"ListItem\",\"position\":2,\"name\":\"Le traitement des amyloses neurologiques \u00e0 transthyr\u00e9tine h\u00e9r\u00e9ditaires\"}]},{\"@type\":\"WebSite\",\"@id\":\"https:\/\/reseau-amylose.org\/jesuissoignant\/#website\",\"url\":\"https:\/\/reseau-amylose.org\/jesuissoignant\/\",\"name\":\"R\u00e9seau Amylose\",\"description\":\"Centre de r\u00e9f\u00e9rence des amyloses cardiaques espace soignant\",\"potentialAction\":[{\"@type\":\"SearchAction\",\"target\":{\"@type\":\"EntryPoint\",\"urlTemplate\":\"https:\/\/reseau-amylose.org\/jesuissoignant\/?s={search_term_string}\"},\"query-input\":{\"@type\":\"PropertyValueSpecification\",\"valueRequired\":true,\"valueName\":\"search_term_string\"}}],\"inLanguage\":\"fr-FR\"}]}<\/script>\n<!-- \/ Yoast SEO plugin. -->","yoast_head_json":{"title":"Le traitement des amyloses neurologiques \u00e0 transthyr\u00e9tine h\u00e9r\u00e9ditaires - R\u00e9seau Amylose","robots":{"index":"index","follow":"follow","max-snippet":"max-snippet:-1","max-image-preview":"max-image-preview:large","max-video-preview":"max-video-preview:-1"},"canonical":"http:\/\/reseau-amylose.org\/jesuissoignant\/le-traitement-des-amyloses-neurologiques-a-transthyretine-hereditaires\/","og_locale":"fr_FR","og_type":"article","og_title":"Le traitement des amyloses neurologiques \u00e0 transthyr\u00e9tine h\u00e9r\u00e9ditaires - R\u00e9seau Amylose","og_description":"Les traitements de l&rsquo;amylose https:\/\/www.youtube.com\/watch?v=8wzkzgZqyAY&#038;ab_channel=R%C3%A9seauAmylose L&rsquo;int\u00e9r\u00eat de la scintigraphie r\u00e9nale au DMSA dans les amyloses Vincent AUDARD Impact cardiaque des traitements neurologiques des amyloses TTR Ludivine ELHIAOU https:\/\/www.youtube.com\/watch?v=o-QozspfOGw&#038;ab_channel=R%C3%A9seauAmylose La transplantation h\u00e9patique dans les amyloses \u00e0 transthyr\u00e9tine Cyrille FERAY https:\/\/www.youtube.com\/watch?v=xKPVIvshG3k&#038;ab_channel=R%C3%A9seauAmylose La transplantation h\u00e9patique dans l&rsquo;amylose &#8211; Pour qui ?\u00a0 Daniel AZOULAY https:\/\/www.youtube.com\/watch?v=bdHf6XL4uZo&#038;ab_channel=R%C3%A9seauAmylose","og_url":"http:\/\/reseau-amylose.org\/jesuissoignant\/le-traitement-des-amyloses-neurologiques-a-transthyretine-hereditaires\/","og_site_name":"R\u00e9seau Amylose","article_modified_time":"2021-06-03T14:12:51+00:00","twitter_card":"summary_large_image","schema":{"@context":"https:\/\/schema.org","@graph":[{"@type":"WebPage","@id":"http:\/\/reseau-amylose.org\/jesuissoignant\/le-traitement-des-amyloses-neurologiques-a-transthyretine-hereditaires\/","url":"http:\/\/reseau-amylose.org\/jesuissoignant\/le-traitement-des-amyloses-neurologiques-a-transthyretine-hereditaires\/","name":"Le traitement des amyloses neurologiques \u00e0 transthyr\u00e9tine h\u00e9r\u00e9ditaires - R\u00e9seau Amylose","isPartOf":{"@id":"https:\/\/reseau-amylose.org\/jesuissoignant\/#website"},"datePublished":"2021-06-03T13:51:27+00:00","dateModified":"2021-06-03T14:12:51+00:00","breadcrumb":{"@id":"http:\/\/reseau-amylose.org\/jesuissoignant\/le-traitement-des-amyloses-neurologiques-a-transthyretine-hereditaires\/#breadcrumb"},"inLanguage":"fr-FR","potentialAction":[{"@type":"ReadAction","target":["http:\/\/reseau-amylose.org\/jesuissoignant\/le-traitement-des-amyloses-neurologiques-a-transthyretine-hereditaires\/"]}]},{"@type":"BreadcrumbList","@id":"http:\/\/reseau-amylose.org\/jesuissoignant\/le-traitement-des-amyloses-neurologiques-a-transthyretine-hereditaires\/#breadcrumb","itemListElement":[{"@type":"ListItem","position":1,"name":"Accueil","item":"https:\/\/reseau-amylose.org\/jesuissoignant\/"},{"@type":"ListItem","position":2,"name":"Le traitement des amyloses neurologiques \u00e0 transthyr\u00e9tine h\u00e9r\u00e9ditaires"}]},{"@type":"WebSite","@id":"https:\/\/reseau-amylose.org\/jesuissoignant\/#website","url":"https:\/\/reseau-amylose.org\/jesuissoignant\/","name":"R\u00e9seau Amylose","description":"Centre de r\u00e9f\u00e9rence des amyloses cardiaques espace soignant","potentialAction":[{"@type":"SearchAction","target":{"@type":"EntryPoint","urlTemplate":"https:\/\/reseau-amylose.org\/jesuissoignant\/?s={search_term_string}"},"query-input":{"@type":"PropertyValueSpecification","valueRequired":true,"valueName":"search_term_string"}}],"inLanguage":"fr-FR"}]}},"_links":{"self":[{"href":"http:\/\/reseau-amylose.org\/jesuissoignant\/wp-json\/wp\/v2\/pages\/4145","targetHints":{"allow":["GET"]}}],"collection":[{"href":"http:\/\/reseau-amylose.org\/jesuissoignant\/wp-json\/wp\/v2\/pages"}],"about":[{"href":"http:\/\/reseau-amylose.org\/jesuissoignant\/wp-json\/wp\/v2\/types\/page"}],"author":[{"embeddable":true,"href":"http:\/\/reseau-amylose.org\/jesuissoignant\/wp-json\/wp\/v2\/users\/2"}],"replies":[{"embeddable":true,"href":"http:\/\/reseau-amylose.org\/jesuissoignant\/wp-json\/wp\/v2\/comments?post=4145"}],"version-history":[{"count":12,"href":"http:\/\/reseau-amylose.org\/jesuissoignant\/wp-json\/wp\/v2\/pages\/4145\/revisions"}],"predecessor-version":[{"id":4226,"href":"http:\/\/reseau-amylose.org\/jesuissoignant\/wp-json\/wp\/v2\/pages\/4145\/revisions\/4226"}],"wp:attachment":[{"href":"http:\/\/reseau-amylose.org\/jesuissoignant\/wp-json\/wp\/v2\/media?parent=4145"}],"wp:term":[{"taxonomy":"category","embeddable":true,"href":"http:\/\/reseau-amylose.org\/jesuissoignant\/wp-json\/wp\/v2\/categories?post=4145"},{"taxonomy":"post_tag","embeddable":true,"href":"http:\/\/reseau-amylose.org\/jesuissoignant\/wp-json\/wp\/v2\/tags?post=4145"}],"curies":[{"name":"wp","href":"https:\/\/api.w.org\/{rel}","templated":true}]}}