{"id":92,"date":"2018-11-28T11:20:53","date_gmt":"2018-11-28T11:20:53","guid":{"rendered":"http:\/\/patient.reseau-amylose.org\/?page_id=71"},"modified":"2021-05-12T10:45:31","modified_gmt":"2021-05-12T08:45:31","slug":"1-fatigue-essoufflement-picotements-vertiges-malaises-gonflement-des-pieds-prise-de-poids-perte-de-poids-trouble-de-la-voix-surdite","status":"publish","type":"page","link":"http:\/\/reseau-amylose.org\/jesuispatient\/identifier-les-symptomes\/1-fatigue-essoufflement-picotements-vertiges-malaises-gonflement-des-pieds-prise-de-poids-perte-de-poids-trouble-de-la-voix-surdite\/","title":{"rendered":"Amylose : Fatigue, Essoufflement, Picotements, Vertiges, Malaises, Gonflement des pieds, Prise de poids, Perte de poids, Trouble de la voix, Surdit\u00e9"},"content":{"rendered":"\t\t<div data-elementor-type=\"wp-post\" data-elementor-id=\"92\" class=\"elementor elementor-92\" data-elementor-post-type=\"page\">\n\t\t\t\t\t\t<section class=\"elementor-section elementor-top-section elementor-element elementor-element-17e4be05 elementor-section-content-middle elementor-section-boxed elementor-section-height-default elementor-section-height-default\" data-id=\"17e4be05\" data-element_type=\"section\" data-settings=\"{&quot;background_background&quot;:&quot;classic&quot;}\">\n\t\t\t\t\t\t<div class=\"elementor-container elementor-column-gap-no\">\n\t\t\t\t\t<div class=\"elementor-column elementor-col-100 elementor-top-column elementor-element elementor-element-7eb9b015\" data-id=\"7eb9b015\" data-element_type=\"column\">\n\t\t\t<div class=\"elementor-widget-wrap elementor-element-populated\">\n\t\t\t\t\t\t<div class=\"elementor-element elementor-element-28ec48a4 elementor-widget-divider--view-line elementor-widget elementor-widget-divider\" data-id=\"28ec48a4\" data-element_type=\"widget\" data-widget_type=\"divider.default\">\n\t\t\t\t<div class=\"elementor-widget-container\">\n\t\t\t\t\t\t\t<div class=\"elementor-divider\">\n\t\t\t<span class=\"elementor-divider-separator\">\n\t\t\t\t\t\t<\/span>\n\t\t<\/div>\n\t\t\t\t\t\t<\/div>\n\t\t\t\t<\/div>\n\t\t\t\t<div class=\"elementor-element elementor-element-6bca14e3 elementor-widget elementor-widget-heading\" data-id=\"6bca14e3\" data-element_type=\"widget\" data-widget_type=\"heading.default\">\n\t\t\t\t<div class=\"elementor-widget-container\">\n\t\t\t\t\t<h6 class=\"elementor-heading-title elementor-size-default\"><h2 class=\"elementor-heading-title elementor-size-large elementor-inline-editing pen\" data-elementor-setting-key=\"title\" data-pen-placeholder=\"\u00c9crivez ici...\">Les signes fonctionnels ou sympt\u00f4mes des amyloses<\/h2><\/h6>\t\t\t\t<\/div>\n\t\t\t\t<\/div>\n\t\t\t\t\t<\/div>\n\t\t<\/div>\n\t\t\t\t\t<\/div>\n\t\t<\/section>\n\t\t\t\t<section class=\"elementor-section elementor-top-section elementor-element elementor-element-43a225ad elementor-section-boxed elementor-section-height-default elementor-section-height-default\" data-id=\"43a225ad\" data-element_type=\"section\">\n\t\t\t\t\t\t<div class=\"elementor-container elementor-column-gap-default\">\n\t\t\t\t\t<div class=\"elementor-column elementor-col-100 elementor-top-column elementor-element elementor-element-7ceafb98\" data-id=\"7ceafb98\" data-element_type=\"column\">\n\t\t\t<div class=\"elementor-widget-wrap elementor-element-populated\">\n\t\t\t\t\t\t<div class=\"elementor-element elementor-element-b2cfac4 elementor-widget elementor-widget-text-editor\" data-id=\"b2cfac4\" data-element_type=\"widget\" data-widget_type=\"text-editor.default\">\n\t\t\t\t<div class=\"elementor-widget-container\">\n\t\t\t\t\t\t\t\t\t<h6>Les sympt\u00f4mes de l&rsquo;amylose sont nombreux. Ceci explique souvent pourquoi il est difficile de faire le diagnostic des amyloses. Un patient peut avoir un seul signe ou plusieurs. Chaque type d&rsquo;amylose est associ\u00e9 \u00e0 une fr\u00e9quence plus \u00e9lev\u00e9e de certains signes. Toutefois la pr\u00e9sentation clinique (les signes) varient d&rsquo;un patient \u00e0 l&rsquo;autre. Les signes peuvent appara\u00eetre ensemble ou progressivement sur plusieurs semaines ou mois.<\/h6><h6>Les sympt\u00f4mes les plus fr\u00e9quents sont : Fatigue Essoufflement Picotements dans les mains et\/ou les pieds Perte ou prise de poids Trouble de transit \u00e0 type de diarrh\u00e9e ou constipation T\u00e2ches rouges sur les paupi\u00e8res, le visage ou le tronc Ant\u00e9c\u00e9dents de syndrome du canal carpien Canal lombaire \u00e9troit. Surdit\u00e9.<\/h6>\t\t\t\t\t\t\t\t<\/div>\n\t\t\t\t<\/div>\n\t\t\t\t\t<\/div>\n\t\t<\/div>\n\t\t\t\t\t<\/div>\n\t\t<\/section>\n\t\t\t\t<section class=\"elementor-section elementor-top-section elementor-element elementor-element-6075780f elementor-section-boxed elementor-section-height-default elementor-section-height-default\" data-id=\"6075780f\" data-element_type=\"section\">\n\t\t\t\t\t\t<div class=\"elementor-container elementor-column-gap-default\">\n\t\t\t\t\t<div class=\"elementor-column elementor-col-100 elementor-top-column elementor-element elementor-element-21a9e257\" data-id=\"21a9e257\" data-element_type=\"column\">\n\t\t\t<div class=\"elementor-widget-wrap elementor-element-populated\">\n\t\t\t\t\t\t<div class=\"elementor-element elementor-element-7f87e644 elementor-widget elementor-widget-spacer\" data-id=\"7f87e644\" data-element_type=\"widget\" data-widget_type=\"spacer.default\">\n\t\t\t\t<div class=\"elementor-widget-container\">\n\t\t\t\t\t\t\t<div class=\"elementor-spacer\">\n\t\t\t<div class=\"elementor-spacer-inner\"><\/div>\n\t\t<\/div>\n\t\t\t\t\t\t<\/div>\n\t\t\t\t<\/div>\n\t\t\t\t\t<\/div>\n\t\t<\/div>\n\t\t\t\t\t<\/div>\n\t\t<\/section>\n\t\t\t\t<\/div>\n\t\t","protected":false},"excerpt":{"rendered":"<p>Les signes fonctionnels ou sympt\u00f4mes des amyloses Les sympt\u00f4mes de l&rsquo;amylose sont nombreux. Ceci explique souvent pourquoi il est difficile de faire le diagnostic des amyloses. Un patient peut avoir un seul signe ou plusieurs. Chaque type d&rsquo;amylose est associ\u00e9 \u00e0 une fr\u00e9quence plus \u00e9lev\u00e9e de certains signes. Toutefois la pr\u00e9sentation clinique (les signes) varient [&hellip;]<\/p>\n","protected":false},"author":1,"featured_media":0,"parent":83,"menu_order":1,"comment_status":"closed","ping_status":"closed","template":"","meta":{"_monsterinsights_skip_tracking":false,"_monsterinsights_sitenote_active":false,"_monsterinsights_sitenote_note":"","_monsterinsights_sitenote_category":0,"footnotes":""},"categories":[],"tags":[],"class_list":["post-92","page","type-page","status-publish","hentry"],"yoast_head":"<!-- This site is optimized with the Yoast SEO plugin v25.5 - https:\/\/yoast.com\/wordpress\/plugins\/seo\/ -->\n<title>Amylose : Fatigue, Essoufflement, Picotements, Vertiges, Malaises, Gonflement des pieds, Prise de poids, Perte de poids, Trouble de la voix, Surdit\u00e9 - R\u00e9seau Amylose Site Patient<\/title>\n<meta name=\"description\" content=\"Fatigue, Essoufflement, Picotements, Vertiges, Malaises, Gonflement des pieds, Prise et perte de poids, Trouble de la voix, Surdit\u00e9, sympt\u00f4mes, amylose\" \/>\n<meta name=\"robots\" content=\"index, follow, max-snippet:-1, max-image-preview:large, max-video-preview:-1\" \/>\n<link rel=\"canonical\" href=\"https:\/\/reseau-amylose.org\/jesuispatient\/identifier-les-symptomes\/1-fatigue-essoufflement-picotements-vertiges-malaises-gonflement-des-pieds-prise-de-poids-perte-de-poids-trouble-de-la-voix-surdite\/\" \/>\n<meta property=\"og:locale\" content=\"fr_FR\" \/>\n<meta property=\"og:type\" content=\"article\" \/>\n<meta property=\"og:title\" content=\"Amylose : Fatigue, Essoufflement, Picotements, Vertiges, Malaises, Gonflement des pieds, Prise de poids, Perte de poids, Trouble de la voix, Surdit\u00e9 - R\u00e9seau Amylose Site Patient\" \/>\n<meta property=\"og:description\" content=\"Fatigue, Essoufflement, Picotements, Vertiges, Malaises, Gonflement des pieds, Prise et perte de poids, Trouble de la voix, Surdit\u00e9, sympt\u00f4mes, amylose\" \/>\n<meta property=\"og:url\" content=\"https:\/\/reseau-amylose.org\/jesuispatient\/identifier-les-symptomes\/1-fatigue-essoufflement-picotements-vertiges-malaises-gonflement-des-pieds-prise-de-poids-perte-de-poids-trouble-de-la-voix-surdite\/\" \/>\n<meta property=\"og:site_name\" content=\"R\u00e9seau Amylose Site Patient\" \/>\n<meta property=\"article:modified_time\" content=\"2021-05-12T08:45:31+00:00\" \/>\n<meta name=\"twitter:card\" content=\"summary_large_image\" \/>\n<meta name=\"twitter:label1\" content=\"Dur\u00e9e de lecture estim\u00e9e\" \/>\n\t<meta name=\"twitter:data1\" content=\"1 minute\" \/>\n<script type=\"application\/ld+json\" class=\"yoast-schema-graph\">{\"@context\":\"https:\/\/schema.org\",\"@graph\":[{\"@type\":\"WebPage\",\"@id\":\"https:\/\/reseau-amylose.org\/jesuispatient\/identifier-les-symptomes\/1-fatigue-essoufflement-picotements-vertiges-malaises-gonflement-des-pieds-prise-de-poids-perte-de-poids-trouble-de-la-voix-surdite\/\",\"url\":\"https:\/\/reseau-amylose.org\/jesuispatient\/identifier-les-symptomes\/1-fatigue-essoufflement-picotements-vertiges-malaises-gonflement-des-pieds-prise-de-poids-perte-de-poids-trouble-de-la-voix-surdite\/\",\"name\":\"Amylose : Fatigue, Essoufflement, Picotements, Vertiges, Malaises, Gonflement des pieds, Prise de poids, Perte de poids, Trouble de la voix, Surdit\u00e9 - R\u00e9seau Amylose Site Patient\",\"isPartOf\":{\"@id\":\"https:\/\/reseau-amylose.org\/jesuispatient\/#website\"},\"datePublished\":\"2018-11-28T11:20:53+00:00\",\"dateModified\":\"2021-05-12T08:45:31+00:00\",\"description\":\"Fatigue, Essoufflement, Picotements, Vertiges, Malaises, Gonflement des pieds, Prise et perte de poids, Trouble de la voix, Surdit\u00e9, sympt\u00f4mes, amylose\",\"breadcrumb\":{\"@id\":\"https:\/\/reseau-amylose.org\/jesuispatient\/identifier-les-symptomes\/1-fatigue-essoufflement-picotements-vertiges-malaises-gonflement-des-pieds-prise-de-poids-perte-de-poids-trouble-de-la-voix-surdite\/#breadcrumb\"},\"inLanguage\":\"fr-FR\",\"potentialAction\":[{\"@type\":\"ReadAction\",\"target\":[\"https:\/\/reseau-amylose.org\/jesuispatient\/identifier-les-symptomes\/1-fatigue-essoufflement-picotements-vertiges-malaises-gonflement-des-pieds-prise-de-poids-perte-de-poids-trouble-de-la-voix-surdite\/\"]}]},{\"@type\":\"BreadcrumbList\",\"@id\":\"https:\/\/reseau-amylose.org\/jesuispatient\/identifier-les-symptomes\/1-fatigue-essoufflement-picotements-vertiges-malaises-gonflement-des-pieds-prise-de-poids-perte-de-poids-trouble-de-la-voix-surdite\/#breadcrumb\",\"itemListElement\":[{\"@type\":\"ListItem\",\"position\":1,\"name\":\"Accueil\",\"item\":\"https:\/\/reseau-amylose.org\/jesuispatient\/\"},{\"@type\":\"ListItem\",\"position\":2,\"name\":\"IDENTIFIER LES SYMPTOMES\",\"item\":\"https:\/\/reseau-amylose.org\/jesuispatient\/identifier-les-symptomes\/\"},{\"@type\":\"ListItem\",\"position\":3,\"name\":\"Amylose : Fatigue, Essoufflement, Picotements, Vertiges, Malaises, Gonflement des pieds, Prise de poids, Perte de poids, Trouble de la voix, Surdit\u00e9\"}]},{\"@type\":\"WebSite\",\"@id\":\"https:\/\/reseau-amylose.org\/jesuispatient\/#website\",\"url\":\"https:\/\/reseau-amylose.org\/jesuispatient\/\",\"name\":\"R\u00e9seau Amylose Site Patient\",\"description\":\"Centre de r\u00e9f\u00e9rence des amyloses cardiaques\",\"potentialAction\":[{\"@type\":\"SearchAction\",\"target\":{\"@type\":\"EntryPoint\",\"urlTemplate\":\"https:\/\/reseau-amylose.org\/jesuispatient\/?s={search_term_string}\"},\"query-input\":{\"@type\":\"PropertyValueSpecification\",\"valueRequired\":true,\"valueName\":\"search_term_string\"}}],\"inLanguage\":\"fr-FR\"}]}<\/script>\n<!-- \/ Yoast SEO plugin. -->","yoast_head_json":{"title":"Amylose : Fatigue, Essoufflement, Picotements, Vertiges, Malaises, Gonflement des pieds, Prise de poids, Perte de poids, Trouble de la voix, Surdit\u00e9 - R\u00e9seau Amylose Site Patient","description":"Fatigue, Essoufflement, Picotements, Vertiges, Malaises, Gonflement des pieds, Prise et perte de poids, Trouble de la voix, Surdit\u00e9, sympt\u00f4mes, amylose","robots":{"index":"index","follow":"follow","max-snippet":"max-snippet:-1","max-image-preview":"max-image-preview:large","max-video-preview":"max-video-preview:-1"},"canonical":"https:\/\/reseau-amylose.org\/jesuispatient\/identifier-les-symptomes\/1-fatigue-essoufflement-picotements-vertiges-malaises-gonflement-des-pieds-prise-de-poids-perte-de-poids-trouble-de-la-voix-surdite\/","og_locale":"fr_FR","og_type":"article","og_title":"Amylose : Fatigue, Essoufflement, Picotements, Vertiges, Malaises, Gonflement des pieds, Prise de poids, Perte de poids, Trouble de la voix, Surdit\u00e9 - R\u00e9seau Amylose Site Patient","og_description":"Fatigue, Essoufflement, Picotements, Vertiges, Malaises, Gonflement des pieds, Prise et perte de poids, Trouble de la voix, Surdit\u00e9, sympt\u00f4mes, amylose","og_url":"https:\/\/reseau-amylose.org\/jesuispatient\/identifier-les-symptomes\/1-fatigue-essoufflement-picotements-vertiges-malaises-gonflement-des-pieds-prise-de-poids-perte-de-poids-trouble-de-la-voix-surdite\/","og_site_name":"R\u00e9seau Amylose Site Patient","article_modified_time":"2021-05-12T08:45:31+00:00","twitter_card":"summary_large_image","twitter_misc":{"Dur\u00e9e de lecture estim\u00e9e":"1 minute"},"schema":{"@context":"https:\/\/schema.org","@graph":[{"@type":"WebPage","@id":"https:\/\/reseau-amylose.org\/jesuispatient\/identifier-les-symptomes\/1-fatigue-essoufflement-picotements-vertiges-malaises-gonflement-des-pieds-prise-de-poids-perte-de-poids-trouble-de-la-voix-surdite\/","url":"https:\/\/reseau-amylose.org\/jesuispatient\/identifier-les-symptomes\/1-fatigue-essoufflement-picotements-vertiges-malaises-gonflement-des-pieds-prise-de-poids-perte-de-poids-trouble-de-la-voix-surdite\/","name":"Amylose : Fatigue, Essoufflement, Picotements, Vertiges, Malaises, Gonflement des pieds, Prise de poids, Perte de poids, Trouble de la voix, Surdit\u00e9 - R\u00e9seau Amylose Site Patient","isPartOf":{"@id":"https:\/\/reseau-amylose.org\/jesuispatient\/#website"},"datePublished":"2018-11-28T11:20:53+00:00","dateModified":"2021-05-12T08:45:31+00:00","description":"Fatigue, Essoufflement, Picotements, Vertiges, Malaises, Gonflement des pieds, Prise et perte de poids, Trouble de la voix, Surdit\u00e9, sympt\u00f4mes, amylose","breadcrumb":{"@id":"https:\/\/reseau-amylose.org\/jesuispatient\/identifier-les-symptomes\/1-fatigue-essoufflement-picotements-vertiges-malaises-gonflement-des-pieds-prise-de-poids-perte-de-poids-trouble-de-la-voix-surdite\/#breadcrumb"},"inLanguage":"fr-FR","potentialAction":[{"@type":"ReadAction","target":["https:\/\/reseau-amylose.org\/jesuispatient\/identifier-les-symptomes\/1-fatigue-essoufflement-picotements-vertiges-malaises-gonflement-des-pieds-prise-de-poids-perte-de-poids-trouble-de-la-voix-surdite\/"]}]},{"@type":"BreadcrumbList","@id":"https:\/\/reseau-amylose.org\/jesuispatient\/identifier-les-symptomes\/1-fatigue-essoufflement-picotements-vertiges-malaises-gonflement-des-pieds-prise-de-poids-perte-de-poids-trouble-de-la-voix-surdite\/#breadcrumb","itemListElement":[{"@type":"ListItem","position":1,"name":"Accueil","item":"https:\/\/reseau-amylose.org\/jesuispatient\/"},{"@type":"ListItem","position":2,"name":"IDENTIFIER LES SYMPTOMES","item":"https:\/\/reseau-amylose.org\/jesuispatient\/identifier-les-symptomes\/"},{"@type":"ListItem","position":3,"name":"Amylose : Fatigue, Essoufflement, Picotements, Vertiges, Malaises, Gonflement des pieds, Prise de poids, Perte de poids, Trouble de la voix, Surdit\u00e9"}]},{"@type":"WebSite","@id":"https:\/\/reseau-amylose.org\/jesuispatient\/#website","url":"https:\/\/reseau-amylose.org\/jesuispatient\/","name":"R\u00e9seau Amylose Site Patient","description":"Centre de r\u00e9f\u00e9rence des amyloses cardiaques","potentialAction":[{"@type":"SearchAction","target":{"@type":"EntryPoint","urlTemplate":"https:\/\/reseau-amylose.org\/jesuispatient\/?s={search_term_string}"},"query-input":{"@type":"PropertyValueSpecification","valueRequired":true,"valueName":"search_term_string"}}],"inLanguage":"fr-FR"}]}},"_links":{"self":[{"href":"http:\/\/reseau-amylose.org\/jesuispatient\/wp-json\/wp\/v2\/pages\/92","targetHints":{"allow":["GET"]}}],"collection":[{"href":"http:\/\/reseau-amylose.org\/jesuispatient\/wp-json\/wp\/v2\/pages"}],"about":[{"href":"http:\/\/reseau-amylose.org\/jesuispatient\/wp-json\/wp\/v2\/types\/page"}],"author":[{"embeddable":true,"href":"http:\/\/reseau-amylose.org\/jesuispatient\/wp-json\/wp\/v2\/users\/1"}],"replies":[{"embeddable":true,"href":"http:\/\/reseau-amylose.org\/jesuispatient\/wp-json\/wp\/v2\/comments?post=92"}],"version-history":[{"count":3,"href":"http:\/\/reseau-amylose.org\/jesuispatient\/wp-json\/wp\/v2\/pages\/92\/revisions"}],"predecessor-version":[{"id":2905,"href":"http:\/\/reseau-amylose.org\/jesuispatient\/wp-json\/wp\/v2\/pages\/92\/revisions\/2905"}],"up":[{"embeddable":true,"href":"http:\/\/reseau-amylose.org\/jesuispatient\/wp-json\/wp\/v2\/pages\/83"}],"wp:attachment":[{"href":"http:\/\/reseau-amylose.org\/jesuispatient\/wp-json\/wp\/v2\/media?parent=92"}],"wp:term":[{"taxonomy":"category","embeddable":true,"href":"http:\/\/reseau-amylose.org\/jesuispatient\/wp-json\/wp\/v2\/categories?post=92"},{"taxonomy":"post_tag","embeddable":true,"href":"http:\/\/reseau-amylose.org\/jesuispatient\/wp-json\/wp\/v2\/tags?post=92"}],"curies":[{"name":"wp","href":"https:\/\/api.w.org\/{rel}","templated":true}]}}