{"id":1534,"date":"2019-06-05T09:36:13","date_gmt":"2019-06-05T07:36:13","guid":{"rendered":"http:\/\/reseau-amylose.org\/patient\/detecting-hereditary-ttr-amyloidosis-genetic-counselling\/do-i-have-to-take-the-genetic-test"},"modified":"2019-06-05T09:36:13","modified_gmt":"2019-06-05T07:36:13","slug":"do-i-have-to-take-the-genetic-test","status":"publish","type":"page","link":"http:\/\/reseau-amylose.org\/jesuispatient\/detecting-hereditary-ttr-amyloidosis-genetic-counselling\/do-i-have-to-take-the-genetic-test\/","title":{"rendered":"Do I have to take the genetic test?"},"content":{"rendered":"\t\t<div data-elementor-type=\"wp-post\" data-elementor-id=\"1534\" class=\"elementor elementor-1534 elementor-bc-flex-widget\" data-elementor-post-type=\"page\">\n\t\t\t\t\t\t<section class=\"elementor-section elementor-top-section elementor-element elementor-element-41887510 elementor-section-content-middle elementor-section-boxed elementor-section-height-default elementor-section-height-default\" data-id=\"41887510\" data-element_type=\"section\" data-settings=\"{&quot;background_background&quot;:&quot;classic&quot;}\">\n\t\t\t\t\t\t<div class=\"elementor-container elementor-column-gap-no\">\n\t\t\t\t\t<div class=\"elementor-column elementor-col-100 elementor-top-column elementor-element elementor-element-59aa80bd\" data-id=\"59aa80bd\" data-element_type=\"column\">\n\t\t\t<div class=\"elementor-widget-wrap elementor-element-populated\">\n\t\t\t\t\t\t<div class=\"elementor-element elementor-element-5d106388 elementor-widget-divider--view-line elementor-widget elementor-widget-divider\" data-id=\"5d106388\" data-element_type=\"widget\" data-widget_type=\"divider.default\">\n\t\t\t\t<div class=\"elementor-widget-container\">\n\t\t\t\t\t\t\t<div class=\"elementor-divider\">\n\t\t\t<span class=\"elementor-divider-separator\">\n\t\t\t\t\t\t<\/span>\n\t\t<\/div>\n\t\t\t\t\t\t<\/div>\n\t\t\t\t<\/div>\n\t\t\t\t<div class=\"elementor-element elementor-element-57cd2467 elementor-widget elementor-widget-heading\" data-id=\"57cd2467\" data-element_type=\"widget\" data-widget_type=\"heading.default\">\n\t\t\t\t<div class=\"elementor-widget-container\">\n\t\t\t\t\t<h6 class=\"elementor-heading-title elementor-size-default\"><h2 class=\"elementor-heading-title elementor-size-large elementor-inline-editing pen\" data-elementor-setting-key=\"title\" data-pen-placeholder=\"\u00c9crivez ici...\">Le test g\u00e9n\u00e9tique<\/h2><\/h6>\t\t\t\t<\/div>\n\t\t\t\t<\/div>\n\t\t\t\t\t<\/div>\n\t\t<\/div>\n\t\t\t\t\t<\/div>\n\t\t<\/section>\n\t\t\t\t<section class=\"elementor-section elementor-top-section elementor-element elementor-element-305cb2f elementor-section-boxed elementor-section-height-default elementor-section-height-default\" data-id=\"305cb2f\" data-element_type=\"section\">\n\t\t\t\t\t\t<div class=\"elementor-container elementor-column-gap-default\">\n\t\t\t\t\t<div class=\"elementor-column elementor-col-100 elementor-top-column elementor-element elementor-element-745d54e\" data-id=\"745d54e\" data-element_type=\"column\">\n\t\t\t<div class=\"elementor-widget-wrap elementor-element-populated\">\n\t\t\t\t\t\t<div class=\"elementor-element elementor-element-ac2535f elementor-widget elementor-widget-text-editor\" data-id=\"ac2535f\" data-element_type=\"widget\" data-widget_type=\"text-editor.default\">\n\t\t\t\t<div class=\"elementor-widget-container\">\n\t\t\t\t\t\t\t\t\t<h6>Taking the genetic test is a personal choice which does not have to be influenced by family or doctors. The process can be stopped at any point, if so desired, and the patient can take their time to consider the options.<\/h6>\n\t\t\t\t\t\t\t\t<\/div>\n\t\t\t\t<\/div>\n\t\t\t\t\t<\/div>\n\t\t<\/div>\n\t\t\t\t\t<\/div>\n\t\t<\/section>\n\t\t\t\t<\/div>\n\t\t","protected":false},"excerpt":{"rendered":"<p>Le test g\u00e9n\u00e9tique Taking the genetic test is a personal choice which does not have to be influenced by family or doctors. The process can be stopped at any point, if so desired, and the patient can take their time to consider the options.<\/p>\n","protected":false},"author":1,"featured_media":0,"parent":1518,"menu_order":3,"comment_status":"closed","ping_status":"closed","template":"","meta":{"_monsterinsights_skip_tracking":false,"_monsterinsights_sitenote_active":false,"_monsterinsights_sitenote_note":"","_monsterinsights_sitenote_category":0,"footnotes":""},"categories":[],"tags":[],"class_list":["post-1534","page","type-page","status-publish","hentry"],"yoast_head":"<!-- This site is optimized with the Yoast SEO plugin v25.5 - https:\/\/yoast.com\/wordpress\/plugins\/seo\/ -->\n<title>Do I have to take the genetic test? - R\u00e9seau Amylose Site Patient<\/title>\n<meta name=\"robots\" content=\"index, follow, max-snippet:-1, max-image-preview:large, max-video-preview:-1\" \/>\n<link rel=\"canonical\" href=\"https:\/\/reseau-amylose.org\/jesuispatient\/detecting-hereditary-ttr-amyloidosis-genetic-counselling\/do-i-have-to-take-the-genetic-test\/\" \/>\n<meta property=\"og:locale\" content=\"fr_FR\" \/>\n<meta property=\"og:type\" content=\"article\" \/>\n<meta property=\"og:title\" content=\"Do I have to take the genetic test? - R\u00e9seau Amylose Site Patient\" \/>\n<meta property=\"og:description\" content=\"Le test g\u00e9n\u00e9tique Taking the genetic test is a personal choice which does not have to be influenced by family or doctors. The process can be stopped at any point, if so desired, and the patient can take their time to consider the options.\" \/>\n<meta property=\"og:url\" content=\"https:\/\/reseau-amylose.org\/jesuispatient\/detecting-hereditary-ttr-amyloidosis-genetic-counselling\/do-i-have-to-take-the-genetic-test\/\" \/>\n<meta property=\"og:site_name\" content=\"R\u00e9seau Amylose Site Patient\" \/>\n<meta name=\"twitter:card\" content=\"summary_large_image\" \/>\n<script type=\"application\/ld+json\" class=\"yoast-schema-graph\">{\"@context\":\"https:\/\/schema.org\",\"@graph\":[{\"@type\":\"WebPage\",\"@id\":\"https:\/\/reseau-amylose.org\/jesuispatient\/detecting-hereditary-ttr-amyloidosis-genetic-counselling\/do-i-have-to-take-the-genetic-test\/\",\"url\":\"https:\/\/reseau-amylose.org\/jesuispatient\/detecting-hereditary-ttr-amyloidosis-genetic-counselling\/do-i-have-to-take-the-genetic-test\/\",\"name\":\"Do I have to take the genetic test? - R\u00e9seau Amylose Site Patient\",\"isPartOf\":{\"@id\":\"https:\/\/reseau-amylose.org\/jesuispatient\/#website\"},\"datePublished\":\"2019-06-05T07:36:13+00:00\",\"breadcrumb\":{\"@id\":\"https:\/\/reseau-amylose.org\/jesuispatient\/detecting-hereditary-ttr-amyloidosis-genetic-counselling\/do-i-have-to-take-the-genetic-test\/#breadcrumb\"},\"inLanguage\":\"fr-FR\",\"potentialAction\":[{\"@type\":\"ReadAction\",\"target\":[\"https:\/\/reseau-amylose.org\/jesuispatient\/detecting-hereditary-ttr-amyloidosis-genetic-counselling\/do-i-have-to-take-the-genetic-test\/\"]}]},{\"@type\":\"BreadcrumbList\",\"@id\":\"https:\/\/reseau-amylose.org\/jesuispatient\/detecting-hereditary-ttr-amyloidosis-genetic-counselling\/do-i-have-to-take-the-genetic-test\/#breadcrumb\",\"itemListElement\":[{\"@type\":\"ListItem\",\"position\":1,\"name\":\"Accueil\",\"item\":\"https:\/\/reseau-amylose.org\/jesuispatient\/\"},{\"@type\":\"ListItem\",\"position\":2,\"name\":\"DETECTING HEREDITARY TTR AMYLOIDOSIS: GENETIC COUNSELLING\",\"item\":\"https:\/\/reseau-amylose.org\/jesuispatient\/detecting-hereditary-ttr-amyloidosis-genetic-counselling\/\"},{\"@type\":\"ListItem\",\"position\":3,\"name\":\"Do I have to take the genetic test?\"}]},{\"@type\":\"WebSite\",\"@id\":\"https:\/\/reseau-amylose.org\/jesuispatient\/#website\",\"url\":\"https:\/\/reseau-amylose.org\/jesuispatient\/\",\"name\":\"R\u00e9seau Amylose Site Patient\",\"description\":\"Centre de r\u00e9f\u00e9rence des amyloses cardiaques\",\"potentialAction\":[{\"@type\":\"SearchAction\",\"target\":{\"@type\":\"EntryPoint\",\"urlTemplate\":\"https:\/\/reseau-amylose.org\/jesuispatient\/?s={search_term_string}\"},\"query-input\":{\"@type\":\"PropertyValueSpecification\",\"valueRequired\":true,\"valueName\":\"search_term_string\"}}],\"inLanguage\":\"fr-FR\"}]}<\/script>\n<!-- \/ Yoast SEO plugin. -->","yoast_head_json":{"title":"Do I have to take the genetic test? - R\u00e9seau Amylose Site Patient","robots":{"index":"index","follow":"follow","max-snippet":"max-snippet:-1","max-image-preview":"max-image-preview:large","max-video-preview":"max-video-preview:-1"},"canonical":"https:\/\/reseau-amylose.org\/jesuispatient\/detecting-hereditary-ttr-amyloidosis-genetic-counselling\/do-i-have-to-take-the-genetic-test\/","og_locale":"fr_FR","og_type":"article","og_title":"Do I have to take the genetic test? - R\u00e9seau Amylose Site Patient","og_description":"Le test g\u00e9n\u00e9tique Taking the genetic test is a personal choice which does not have to be influenced by family or doctors. The process can be stopped at any point, if so desired, and the patient can take their time to consider the options.","og_url":"https:\/\/reseau-amylose.org\/jesuispatient\/detecting-hereditary-ttr-amyloidosis-genetic-counselling\/do-i-have-to-take-the-genetic-test\/","og_site_name":"R\u00e9seau Amylose Site Patient","twitter_card":"summary_large_image","schema":{"@context":"https:\/\/schema.org","@graph":[{"@type":"WebPage","@id":"https:\/\/reseau-amylose.org\/jesuispatient\/detecting-hereditary-ttr-amyloidosis-genetic-counselling\/do-i-have-to-take-the-genetic-test\/","url":"https:\/\/reseau-amylose.org\/jesuispatient\/detecting-hereditary-ttr-amyloidosis-genetic-counselling\/do-i-have-to-take-the-genetic-test\/","name":"Do I have to take the genetic test? - R\u00e9seau Amylose Site Patient","isPartOf":{"@id":"https:\/\/reseau-amylose.org\/jesuispatient\/#website"},"datePublished":"2019-06-05T07:36:13+00:00","breadcrumb":{"@id":"https:\/\/reseau-amylose.org\/jesuispatient\/detecting-hereditary-ttr-amyloidosis-genetic-counselling\/do-i-have-to-take-the-genetic-test\/#breadcrumb"},"inLanguage":"fr-FR","potentialAction":[{"@type":"ReadAction","target":["https:\/\/reseau-amylose.org\/jesuispatient\/detecting-hereditary-ttr-amyloidosis-genetic-counselling\/do-i-have-to-take-the-genetic-test\/"]}]},{"@type":"BreadcrumbList","@id":"https:\/\/reseau-amylose.org\/jesuispatient\/detecting-hereditary-ttr-amyloidosis-genetic-counselling\/do-i-have-to-take-the-genetic-test\/#breadcrumb","itemListElement":[{"@type":"ListItem","position":1,"name":"Accueil","item":"https:\/\/reseau-amylose.org\/jesuispatient\/"},{"@type":"ListItem","position":2,"name":"DETECTING HEREDITARY TTR AMYLOIDOSIS: GENETIC COUNSELLING","item":"https:\/\/reseau-amylose.org\/jesuispatient\/detecting-hereditary-ttr-amyloidosis-genetic-counselling\/"},{"@type":"ListItem","position":3,"name":"Do I have to take the genetic test?"}]},{"@type":"WebSite","@id":"https:\/\/reseau-amylose.org\/jesuispatient\/#website","url":"https:\/\/reseau-amylose.org\/jesuispatient\/","name":"R\u00e9seau Amylose Site Patient","description":"Centre de r\u00e9f\u00e9rence des amyloses cardiaques","potentialAction":[{"@type":"SearchAction","target":{"@type":"EntryPoint","urlTemplate":"https:\/\/reseau-amylose.org\/jesuispatient\/?s={search_term_string}"},"query-input":{"@type":"PropertyValueSpecification","valueRequired":true,"valueName":"search_term_string"}}],"inLanguage":"fr-FR"}]}},"_links":{"self":[{"href":"http:\/\/reseau-amylose.org\/jesuispatient\/wp-json\/wp\/v2\/pages\/1534","targetHints":{"allow":["GET"]}}],"collection":[{"href":"http:\/\/reseau-amylose.org\/jesuispatient\/wp-json\/wp\/v2\/pages"}],"about":[{"href":"http:\/\/reseau-amylose.org\/jesuispatient\/wp-json\/wp\/v2\/types\/page"}],"author":[{"embeddable":true,"href":"http:\/\/reseau-amylose.org\/jesuispatient\/wp-json\/wp\/v2\/users\/1"}],"replies":[{"embeddable":true,"href":"http:\/\/reseau-amylose.org\/jesuispatient\/wp-json\/wp\/v2\/comments?post=1534"}],"version-history":[{"count":0,"href":"http:\/\/reseau-amylose.org\/jesuispatient\/wp-json\/wp\/v2\/pages\/1534\/revisions"}],"up":[{"embeddable":true,"href":"http:\/\/reseau-amylose.org\/jesuispatient\/wp-json\/wp\/v2\/pages\/1518"}],"wp:attachment":[{"href":"http:\/\/reseau-amylose.org\/jesuispatient\/wp-json\/wp\/v2\/media?parent=1534"}],"wp:term":[{"taxonomy":"category","embeddable":true,"href":"http:\/\/reseau-amylose.org\/jesuispatient\/wp-json\/wp\/v2\/categories?post=1534"},{"taxonomy":"post_tag","embeddable":true,"href":"http:\/\/reseau-amylose.org\/jesuispatient\/wp-json\/wp\/v2\/tags?post=1534"}],"curies":[{"name":"wp","href":"https:\/\/api.w.org\/{rel}","templated":true}]}}