{"id":1472,"date":"2019-06-05T09:08:20","date_gmt":"2019-06-05T07:08:20","guid":{"rendered":"http:\/\/reseau-amylose.org\/patient\/living-with-amyloidosis\/group-workshops-for-patients-and-carers"},"modified":"2019-06-05T09:08:20","modified_gmt":"2019-06-05T07:08:20","slug":"group-workshops-for-patients-and-carers","status":"publish","type":"page","link":"http:\/\/reseau-amylose.org\/jesuispatient\/living-with-amyloidosis\/group-workshops-for-patients-and-carers\/","title":{"rendered":"Group workshops for patients and carers"},"content":{"rendered":"\t\t<div data-elementor-type=\"wp-post\" data-elementor-id=\"1472\" class=\"elementor elementor-1472 elementor-bc-flex-widget\" data-elementor-post-type=\"page\">\n\t\t\t\t\t\t<section class=\"elementor-section elementor-top-section elementor-element elementor-element-406e047b elementor-section-content-middle elementor-section-boxed elementor-section-height-default elementor-section-height-default\" data-id=\"406e047b\" data-element_type=\"section\" data-settings=\"{&quot;background_background&quot;:&quot;classic&quot;}\">\n\t\t\t\t\t\t<div class=\"elementor-container elementor-column-gap-no\">\n\t\t\t\t\t<div class=\"elementor-column elementor-col-100 elementor-top-column elementor-element elementor-element-a2c1f33\" data-id=\"a2c1f33\" data-element_type=\"column\">\n\t\t\t<div class=\"elementor-widget-wrap elementor-element-populated\">\n\t\t\t\t\t\t<div class=\"elementor-element elementor-element-6311491c elementor-widget-divider--view-line elementor-widget elementor-widget-divider\" data-id=\"6311491c\" data-element_type=\"widget\" data-widget_type=\"divider.default\">\n\t\t\t\t<div class=\"elementor-widget-container\">\n\t\t\t\t\t\t\t<div class=\"elementor-divider\">\n\t\t\t<span class=\"elementor-divider-separator\">\n\t\t\t\t\t\t<\/span>\n\t\t<\/div>\n\t\t\t\t\t\t<\/div>\n\t\t\t\t<\/div>\n\t\t\t\t<div class=\"elementor-element elementor-element-27852542 elementor-widget elementor-widget-heading\" data-id=\"27852542\" data-element_type=\"widget\" data-widget_type=\"heading.default\">\n\t\t\t\t<div class=\"elementor-widget-container\">\n\t\t\t\t\t<h6 class=\"elementor-heading-title elementor-size-default\"><h2 class=\"elementor-heading-title elementor-size-large elementor-inline-editing pen\" data-elementor-setting-key=\"title\" data-pen-placeholder=\"\u00c9crivez ici...\">Patients et Aidants<\/h2><\/h6>\t\t\t\t<\/div>\n\t\t\t\t<\/div>\n\t\t\t\t\t<\/div>\n\t\t<\/div>\n\t\t\t\t\t<\/div>\n\t\t<\/section>\n\t\t\t\t<section class=\"elementor-section elementor-top-section elementor-element elementor-element-374d7c12 elementor-section-boxed elementor-section-height-default elementor-section-height-default\" data-id=\"374d7c12\" data-element_type=\"section\">\n\t\t\t\t\t\t<div class=\"elementor-container elementor-column-gap-default\">\n\t\t\t\t\t<div class=\"elementor-column elementor-col-100 elementor-top-column elementor-element elementor-element-71c53b01\" data-id=\"71c53b01\" data-element_type=\"column\">\n\t\t\t<div class=\"elementor-widget-wrap elementor-element-populated\">\n\t\t\t\t\t\t<div class=\"elementor-element elementor-element-783547db elementor-widget elementor-widget-text-editor\" data-id=\"783547db\" data-element_type=\"widget\" data-widget_type=\"text-editor.default\">\n\t\t\t\t<div class=\"elementor-widget-container\">\n\t\t\t\t\t\t\t\t\t<h6>These workshops provide a friendly atmosphere for patients to share tips and ideas with others, covering topics such as symptoms of amyloidosis, care, rehabilitation, diet, managing everyday life and preventing risks. These workshops are led by specialists who are highly trained in their subjects: nurses, dieticians, doctors, genetic counsellors, occupational therapists, sports instructors, etc.<\/h6>\n\t\t\t\t\t\t\t\t<\/div>\n\t\t\t\t<\/div>\n\t\t\t\t\t<\/div>\n\t\t<\/div>\n\t\t\t\t\t<\/div>\n\t\t<\/section>\n\t\t\t\t<section class=\"elementor-section elementor-top-section elementor-element elementor-element-7e4cd784 elementor-section-boxed elementor-section-height-default elementor-section-height-default\" data-id=\"7e4cd784\" data-element_type=\"section\">\n\t\t\t\t\t\t<div class=\"elementor-container elementor-column-gap-default\">\n\t\t\t\t\t<div class=\"elementor-column elementor-col-100 elementor-top-column elementor-element elementor-element-6b95c3eb\" data-id=\"6b95c3eb\" data-element_type=\"column\">\n\t\t\t<div class=\"elementor-widget-wrap elementor-element-populated\">\n\t\t\t\t\t\t<div class=\"elementor-element elementor-element-5fdedf74 elementor-widget elementor-widget-image\" data-id=\"5fdedf74\" data-element_type=\"widget\" data-widget_type=\"image.default\">\n\t\t\t\t<div class=\"elementor-widget-container\">\n\t\t\t\t\t\t\t\t\t\t\t\t<figure class=\"wp-caption\">\n\t\t\t\t\t\t\t\t\t\t\t<a href=\"http:\/\/reseau-amylose.org\/patient\/wp-content\/uploads\/2019\/03\/Atelier-MODIF-2-groupe-et-tableau-DIET-IC.jpg\" data-elementor-open-lightbox=\"yes\" data-e-action-hash=\"#elementor-action%3Aaction%3Dlightbox%26settings%3DeyJpZCI6MTIwMSwidXJsIjpmYWxzZX0%3D\">\n\t\t\t\t\t\t\t<img decoding=\"async\" src=\"http:\/\/reseau-amylose.org\/patient\/wp-content\/uploads\/2019\/03\/Atelier-MODIF-2-groupe-et-tableau-DIET-IC.jpg\" title=\"\" alt=\"\" loading=\"lazy\" \/>\t\t\t\t\t\t\t\t<\/a>\n\t\t\t\t\t\t\t\t\t\t\t<figcaption class=\"widget-image-caption wp-caption-text\"><\/figcaption>\n\t\t\t\t\t\t\t\t\t\t<\/figure>\n\t\t\t\t\t\t\t\t\t<\/div>\n\t\t\t\t<\/div>\n\t\t\t\t\t<\/div>\n\t\t<\/div>\n\t\t\t\t\t<\/div>\n\t\t<\/section>\n\t\t\t\t<section class=\"elementor-section elementor-top-section elementor-element elementor-element-7aca2815 elementor-section-boxed elementor-section-height-default elementor-section-height-default\" data-id=\"7aca2815\" data-element_type=\"section\">\n\t\t\t\t\t\t<div class=\"elementor-container elementor-column-gap-default\">\n\t\t\t\t\t<div class=\"elementor-column elementor-col-100 elementor-top-column elementor-element elementor-element-221dc72e\" data-id=\"221dc72e\" data-element_type=\"column\">\n\t\t\t<div class=\"elementor-widget-wrap elementor-element-populated\">\n\t\t\t\t\t\t<div class=\"elementor-element elementor-element-75b41939 elementor-widget elementor-widget-text-editor\" data-id=\"75b41939\" data-element_type=\"widget\" data-widget_type=\"text-editor.default\">\n\t\t\t\t<div class=\"elementor-widget-container\">\n\t\t\t\t\t\t\t\t\t<h6>As well as the workshops, we also offer advice on the different kinds of daily assistance which are available. Patients can learn more about this by talking to our social assistants and taking part in sessions with our psychologist. The autohypnosis workshop is led by experienced nurses and takes on a psychophysical approach to help you deal with the pain and stress that this illness can cause. Please note that all workshops are in French.<\/h6>\n\t\t\t\t\t\t\t\t<\/div>\n\t\t\t\t<\/div>\n\t\t\t\t\t<\/div>\n\t\t<\/div>\n\t\t\t\t\t<\/div>\n\t\t<\/section>\n\t\t\t\t<section class=\"elementor-section elementor-top-section elementor-element elementor-element-724a9ec9 elementor-section-boxed elementor-section-height-default elementor-section-height-default\" data-id=\"724a9ec9\" data-element_type=\"section\">\n\t\t\t\t\t\t<div class=\"elementor-container elementor-column-gap-default\">\n\t\t\t\t\t<div class=\"elementor-column elementor-col-100 elementor-top-column elementor-element elementor-element-15c8c64f\" data-id=\"15c8c64f\" data-element_type=\"column\">\n\t\t\t<div class=\"elementor-widget-wrap elementor-element-populated\">\n\t\t\t\t\t\t<div class=\"elementor-element elementor-element-79799c66 elementor-widget elementor-widget-image\" data-id=\"79799c66\" data-element_type=\"widget\" data-widget_type=\"image.default\">\n\t\t\t\t<div class=\"elementor-widget-container\">\n\t\t\t\t\t\t\t\t\t\t\t\t<figure class=\"wp-caption\">\n\t\t\t\t\t\t\t\t\t\t\t<a href=\"http:\/\/reseau-amylose.org\/patient\/wp-content\/uploads\/2019\/01\/sphere.png\" data-elementor-open-lightbox=\"yes\" data-e-action-hash=\"#elementor-action%3Aaction%3Dlightbox%26settings%3DeyJpZCI6ODA4LCJ1cmwiOmZhbHNlfQ%3D%3D\">\n\t\t\t\t\t\t\t<img decoding=\"async\" src=\"http:\/\/reseau-amylose.org\/patient\/wp-content\/uploads\/2019\/01\/sphere.png\" title=\"\" alt=\"\" loading=\"lazy\" \/>\t\t\t\t\t\t\t\t<\/a>\n\t\t\t\t\t\t\t\t\t\t\t<figcaption class=\"widget-image-caption wp-caption-text\"><\/figcaption>\n\t\t\t\t\t\t\t\t\t\t<\/figure>\n\t\t\t\t\t\t\t\t\t<\/div>\n\t\t\t\t<\/div>\n\t\t\t\t\t<\/div>\n\t\t<\/div>\n\t\t\t\t\t<\/div>\n\t\t<\/section>\n\t\t\t\t<\/div>\n\t\t","protected":false},"excerpt":{"rendered":"<p>Patients et Aidants These workshops provide a friendly atmosphere for patients to share tips and ideas with others, covering topics such as symptoms of amyloidosis, care, rehabilitation, diet, managing everyday life and preventing risks. These workshops are led by specialists who are highly trained in their subjects: nurses, dieticians, doctors, genetic counsellors, occupational therapists, sports [&hellip;]<\/p>\n","protected":false},"author":1,"featured_media":0,"parent":1460,"menu_order":3,"comment_status":"closed","ping_status":"closed","template":"","meta":{"_monsterinsights_skip_tracking":false,"_monsterinsights_sitenote_active":false,"_monsterinsights_sitenote_note":"","_monsterinsights_sitenote_category":0,"footnotes":""},"categories":[],"tags":[],"class_list":["post-1472","page","type-page","status-publish","hentry"],"yoast_head":"<!-- This site is optimized with the Yoast SEO plugin v25.5 - https:\/\/yoast.com\/wordpress\/plugins\/seo\/ -->\n<title>Group workshops for patients and carers - R\u00e9seau Amylose Site Patient<\/title>\n<meta name=\"robots\" content=\"index, follow, max-snippet:-1, max-image-preview:large, max-video-preview:-1\" \/>\n<link rel=\"canonical\" href=\"http:\/\/reseau-amylose.org\/jesuispatient\/living-with-amyloidosis\/group-workshops-for-patients-and-carers\/\" \/>\n<meta property=\"og:locale\" content=\"fr_FR\" \/>\n<meta property=\"og:type\" content=\"article\" \/>\n<meta property=\"og:title\" content=\"Group workshops for patients and carers - R\u00e9seau Amylose Site Patient\" \/>\n<meta property=\"og:description\" content=\"Patients et Aidants These workshops provide a friendly atmosphere for patients to share tips and ideas with others, covering topics such as symptoms of amyloidosis, care, rehabilitation, diet, managing everyday life and preventing risks. These workshops are led by specialists who are highly trained in their subjects: nurses, dieticians, doctors, genetic counsellors, occupational therapists, sports [&hellip;]\" \/>\n<meta property=\"og:url\" content=\"http:\/\/reseau-amylose.org\/jesuispatient\/living-with-amyloidosis\/group-workshops-for-patients-and-carers\/\" \/>\n<meta property=\"og:site_name\" content=\"R\u00e9seau Amylose Site Patient\" \/>\n<meta property=\"og:image\" content=\"http:\/\/reseau-amylose.org\/patient\/wp-content\/uploads\/2019\/03\/Atelier-MODIF-2-groupe-et-tableau-DIET-IC-1024x648.jpg\" \/>\n<meta name=\"twitter:card\" content=\"summary_large_image\" \/>\n<meta name=\"twitter:label1\" content=\"Dur\u00e9e de lecture estim\u00e9e\" \/>\n\t<meta name=\"twitter:data1\" content=\"1 minute\" \/>\n<script type=\"application\/ld+json\" class=\"yoast-schema-graph\">{\"@context\":\"https:\/\/schema.org\",\"@graph\":[{\"@type\":\"WebPage\",\"@id\":\"http:\/\/reseau-amylose.org\/jesuispatient\/living-with-amyloidosis\/group-workshops-for-patients-and-carers\/\",\"url\":\"http:\/\/reseau-amylose.org\/jesuispatient\/living-with-amyloidosis\/group-workshops-for-patients-and-carers\/\",\"name\":\"Group workshops for patients and carers - R\u00e9seau Amylose Site Patient\",\"isPartOf\":{\"@id\":\"https:\/\/reseau-amylose.org\/jesuispatient\/#website\"},\"primaryImageOfPage\":{\"@id\":\"http:\/\/reseau-amylose.org\/jesuispatient\/living-with-amyloidosis\/group-workshops-for-patients-and-carers\/#primaryimage\"},\"image\":{\"@id\":\"http:\/\/reseau-amylose.org\/jesuispatient\/living-with-amyloidosis\/group-workshops-for-patients-and-carers\/#primaryimage\"},\"thumbnailUrl\":\"http:\/\/reseau-amylose.org\/patient\/wp-content\/uploads\/2019\/03\/Atelier-MODIF-2-groupe-et-tableau-DIET-IC-1024x648.jpg\",\"datePublished\":\"2019-06-05T07:08:20+00:00\",\"breadcrumb\":{\"@id\":\"http:\/\/reseau-amylose.org\/jesuispatient\/living-with-amyloidosis\/group-workshops-for-patients-and-carers\/#breadcrumb\"},\"inLanguage\":\"fr-FR\",\"potentialAction\":[{\"@type\":\"ReadAction\",\"target\":[\"http:\/\/reseau-amylose.org\/jesuispatient\/living-with-amyloidosis\/group-workshops-for-patients-and-carers\/\"]}]},{\"@type\":\"ImageObject\",\"inLanguage\":\"fr-FR\",\"@id\":\"http:\/\/reseau-amylose.org\/jesuispatient\/living-with-amyloidosis\/group-workshops-for-patients-and-carers\/#primaryimage\",\"url\":\"http:\/\/reseau-amylose.org\/patient\/wp-content\/uploads\/2019\/03\/Atelier-MODIF-2-groupe-et-tableau-DIET-IC-1024x648.jpg\",\"contentUrl\":\"http:\/\/reseau-amylose.org\/patient\/wp-content\/uploads\/2019\/03\/Atelier-MODIF-2-groupe-et-tableau-DIET-IC-1024x648.jpg\"},{\"@type\":\"BreadcrumbList\",\"@id\":\"http:\/\/reseau-amylose.org\/jesuispatient\/living-with-amyloidosis\/group-workshops-for-patients-and-carers\/#breadcrumb\",\"itemListElement\":[{\"@type\":\"ListItem\",\"position\":1,\"name\":\"Accueil\",\"item\":\"https:\/\/reseau-amylose.org\/jesuispatient\/\"},{\"@type\":\"ListItem\",\"position\":2,\"name\":\"LIVING WITH AMYLOIDOSIS\",\"item\":\"http:\/\/reseau-amylose.org\/jesuispatient\/living-with-amyloidosis\/\"},{\"@type\":\"ListItem\",\"position\":3,\"name\":\"Group workshops for patients and carers\"}]},{\"@type\":\"WebSite\",\"@id\":\"https:\/\/reseau-amylose.org\/jesuispatient\/#website\",\"url\":\"https:\/\/reseau-amylose.org\/jesuispatient\/\",\"name\":\"R\u00e9seau Amylose Site Patient\",\"description\":\"Centre de r\u00e9f\u00e9rence des amyloses cardiaques\",\"potentialAction\":[{\"@type\":\"SearchAction\",\"target\":{\"@type\":\"EntryPoint\",\"urlTemplate\":\"https:\/\/reseau-amylose.org\/jesuispatient\/?s={search_term_string}\"},\"query-input\":{\"@type\":\"PropertyValueSpecification\",\"valueRequired\":true,\"valueName\":\"search_term_string\"}}],\"inLanguage\":\"fr-FR\"}]}<\/script>\n<!-- \/ Yoast SEO plugin. -->","yoast_head_json":{"title":"Group workshops for patients and carers - R\u00e9seau Amylose Site Patient","robots":{"index":"index","follow":"follow","max-snippet":"max-snippet:-1","max-image-preview":"max-image-preview:large","max-video-preview":"max-video-preview:-1"},"canonical":"http:\/\/reseau-amylose.org\/jesuispatient\/living-with-amyloidosis\/group-workshops-for-patients-and-carers\/","og_locale":"fr_FR","og_type":"article","og_title":"Group workshops for patients and carers - R\u00e9seau Amylose Site Patient","og_description":"Patients et Aidants These workshops provide a friendly atmosphere for patients to share tips and ideas with others, covering topics such as symptoms of amyloidosis, care, rehabilitation, diet, managing everyday life and preventing risks. These workshops are led by specialists who are highly trained in their subjects: nurses, dieticians, doctors, genetic counsellors, occupational therapists, sports [&hellip;]","og_url":"http:\/\/reseau-amylose.org\/jesuispatient\/living-with-amyloidosis\/group-workshops-for-patients-and-carers\/","og_site_name":"R\u00e9seau Amylose Site Patient","og_image":[{"url":"http:\/\/reseau-amylose.org\/patient\/wp-content\/uploads\/2019\/03\/Atelier-MODIF-2-groupe-et-tableau-DIET-IC-1024x648.jpg","type":"","width":"","height":""}],"twitter_card":"summary_large_image","twitter_misc":{"Dur\u00e9e de lecture estim\u00e9e":"1 minute"},"schema":{"@context":"https:\/\/schema.org","@graph":[{"@type":"WebPage","@id":"http:\/\/reseau-amylose.org\/jesuispatient\/living-with-amyloidosis\/group-workshops-for-patients-and-carers\/","url":"http:\/\/reseau-amylose.org\/jesuispatient\/living-with-amyloidosis\/group-workshops-for-patients-and-carers\/","name":"Group workshops for patients and carers - R\u00e9seau Amylose Site Patient","isPartOf":{"@id":"https:\/\/reseau-amylose.org\/jesuispatient\/#website"},"primaryImageOfPage":{"@id":"http:\/\/reseau-amylose.org\/jesuispatient\/living-with-amyloidosis\/group-workshops-for-patients-and-carers\/#primaryimage"},"image":{"@id":"http:\/\/reseau-amylose.org\/jesuispatient\/living-with-amyloidosis\/group-workshops-for-patients-and-carers\/#primaryimage"},"thumbnailUrl":"http:\/\/reseau-amylose.org\/patient\/wp-content\/uploads\/2019\/03\/Atelier-MODIF-2-groupe-et-tableau-DIET-IC-1024x648.jpg","datePublished":"2019-06-05T07:08:20+00:00","breadcrumb":{"@id":"http:\/\/reseau-amylose.org\/jesuispatient\/living-with-amyloidosis\/group-workshops-for-patients-and-carers\/#breadcrumb"},"inLanguage":"fr-FR","potentialAction":[{"@type":"ReadAction","target":["http:\/\/reseau-amylose.org\/jesuispatient\/living-with-amyloidosis\/group-workshops-for-patients-and-carers\/"]}]},{"@type":"ImageObject","inLanguage":"fr-FR","@id":"http:\/\/reseau-amylose.org\/jesuispatient\/living-with-amyloidosis\/group-workshops-for-patients-and-carers\/#primaryimage","url":"http:\/\/reseau-amylose.org\/patient\/wp-content\/uploads\/2019\/03\/Atelier-MODIF-2-groupe-et-tableau-DIET-IC-1024x648.jpg","contentUrl":"http:\/\/reseau-amylose.org\/patient\/wp-content\/uploads\/2019\/03\/Atelier-MODIF-2-groupe-et-tableau-DIET-IC-1024x648.jpg"},{"@type":"BreadcrumbList","@id":"http:\/\/reseau-amylose.org\/jesuispatient\/living-with-amyloidosis\/group-workshops-for-patients-and-carers\/#breadcrumb","itemListElement":[{"@type":"ListItem","position":1,"name":"Accueil","item":"https:\/\/reseau-amylose.org\/jesuispatient\/"},{"@type":"ListItem","position":2,"name":"LIVING WITH AMYLOIDOSIS","item":"http:\/\/reseau-amylose.org\/jesuispatient\/living-with-amyloidosis\/"},{"@type":"ListItem","position":3,"name":"Group workshops for patients and carers"}]},{"@type":"WebSite","@id":"https:\/\/reseau-amylose.org\/jesuispatient\/#website","url":"https:\/\/reseau-amylose.org\/jesuispatient\/","name":"R\u00e9seau Amylose Site Patient","description":"Centre de r\u00e9f\u00e9rence des amyloses cardiaques","potentialAction":[{"@type":"SearchAction","target":{"@type":"EntryPoint","urlTemplate":"https:\/\/reseau-amylose.org\/jesuispatient\/?s={search_term_string}"},"query-input":{"@type":"PropertyValueSpecification","valueRequired":true,"valueName":"search_term_string"}}],"inLanguage":"fr-FR"}]}},"_links":{"self":[{"href":"http:\/\/reseau-amylose.org\/jesuispatient\/wp-json\/wp\/v2\/pages\/1472","targetHints":{"allow":["GET"]}}],"collection":[{"href":"http:\/\/reseau-amylose.org\/jesuispatient\/wp-json\/wp\/v2\/pages"}],"about":[{"href":"http:\/\/reseau-amylose.org\/jesuispatient\/wp-json\/wp\/v2\/types\/page"}],"author":[{"embeddable":true,"href":"http:\/\/reseau-amylose.org\/jesuispatient\/wp-json\/wp\/v2\/users\/1"}],"replies":[{"embeddable":true,"href":"http:\/\/reseau-amylose.org\/jesuispatient\/wp-json\/wp\/v2\/comments?post=1472"}],"version-history":[{"count":0,"href":"http:\/\/reseau-amylose.org\/jesuispatient\/wp-json\/wp\/v2\/pages\/1472\/revisions"}],"up":[{"embeddable":true,"href":"http:\/\/reseau-amylose.org\/jesuispatient\/wp-json\/wp\/v2\/pages\/1460"}],"wp:attachment":[{"href":"http:\/\/reseau-amylose.org\/jesuispatient\/wp-json\/wp\/v2\/media?parent=1472"}],"wp:term":[{"taxonomy":"category","embeddable":true,"href":"http:\/\/reseau-amylose.org\/jesuispatient\/wp-json\/wp\/v2\/categories?post=1472"},{"taxonomy":"post_tag","embeddable":true,"href":"http:\/\/reseau-amylose.org\/jesuispatient\/wp-json\/wp\/v2\/tags?post=1472"}],"curies":[{"name":"wp","href":"https:\/\/api.w.org\/{rel}","templated":true}]}}