{"id":1405,"date":"2019-06-04T16:26:11","date_gmt":"2019-06-04T14:26:11","guid":{"rendered":"http:\/\/reseau-amylose.org\/patient\/identifying-the-symptoms\/tingling-loss-of-sensation-in-the-hands-and-feet-amyloid-neuropathy"},"modified":"2019-06-04T16:26:11","modified_gmt":"2019-06-04T14:26:11","slug":"tingling-loss-of-sensation-in-the-hands-and-feet-amyloid-neuropathy","status":"publish","type":"page","link":"http:\/\/reseau-amylose.org\/jesuispatient\/identifying-the-symptoms\/tingling-loss-of-sensation-in-the-hands-and-feet-amyloid-neuropathy\/","title":{"rendered":"Tingling, loss of sensation (in the hands and feet): Amyloid Neuropathy"},"content":{"rendered":"\t\t<div data-elementor-type=\"wp-post\" data-elementor-id=\"1405\" class=\"elementor elementor-1405 elementor-bc-flex-widget\" data-elementor-post-type=\"page\">\n\t\t\t\t\t\t<section class=\"elementor-section elementor-top-section elementor-element elementor-element-55e83d34 elementor-section-content-middle elementor-section-boxed elementor-section-height-default elementor-section-height-default\" data-id=\"55e83d34\" data-element_type=\"section\" data-settings=\"{&quot;background_background&quot;:&quot;classic&quot;}\">\n\t\t\t\t\t\t<div class=\"elementor-container elementor-column-gap-no\">\n\t\t\t\t\t<div class=\"elementor-column elementor-col-100 elementor-top-column elementor-element elementor-element-69d316d9\" data-id=\"69d316d9\" data-element_type=\"column\">\n\t\t\t<div class=\"elementor-widget-wrap elementor-element-populated\">\n\t\t\t\t\t\t<div class=\"elementor-element elementor-element-4e2b0fc5 elementor-widget-divider--view-line elementor-widget elementor-widget-divider\" data-id=\"4e2b0fc5\" data-element_type=\"widget\" data-widget_type=\"divider.default\">\n\t\t\t\t<div class=\"elementor-widget-container\">\n\t\t\t\t\t\t\t<div class=\"elementor-divider\">\n\t\t\t<span class=\"elementor-divider-separator\">\n\t\t\t\t\t\t<\/span>\n\t\t<\/div>\n\t\t\t\t\t\t<\/div>\n\t\t\t\t<\/div>\n\t\t\t\t<div class=\"elementor-element elementor-element-5f7f69be elementor-widget elementor-widget-heading\" data-id=\"5f7f69be\" data-element_type=\"widget\" data-widget_type=\"heading.default\">\n\t\t\t\t<div class=\"elementor-widget-container\">\n\t\t\t\t\t<h6 class=\"elementor-heading-title elementor-size-default\"><h2 class=\"elementor-heading-title elementor-size-large elementor-inline-editing pen\" data-elementor-setting-key=\"title\" data-pen-placeholder=\"\u00c9crivez ici...\">Neuropathie amylo\u00efde <\/h2><\/h6>\t\t\t\t<\/div>\n\t\t\t\t<\/div>\n\t\t\t\t\t<\/div>\n\t\t<\/div>\n\t\t\t\t\t<\/div>\n\t\t<\/section>\n\t\t\t\t<section class=\"elementor-section elementor-top-section elementor-element elementor-element-6387fbc8 elementor-section-boxed elementor-section-height-default elementor-section-height-default\" data-id=\"6387fbc8\" data-element_type=\"section\">\n\t\t\t\t\t\t<div class=\"elementor-container elementor-column-gap-default\">\n\t\t\t\t\t<div class=\"elementor-column elementor-col-100 elementor-top-column elementor-element elementor-element-2052e581\" data-id=\"2052e581\" data-element_type=\"column\">\n\t\t\t<div class=\"elementor-widget-wrap elementor-element-populated\">\n\t\t\t\t\t\t<div class=\"elementor-element elementor-element-7e290218 elementor-widget elementor-widget-text-editor\" data-id=\"7e290218\" data-element_type=\"widget\" data-widget_type=\"text-editor.default\">\n\t\t\t\t<div class=\"elementor-widget-container\">\n\t\t\t\t\t\t\t\t\t<h6>Amyloid neuropathy generally starts by affecting physical sensation, causing numbness and pain which initially affect the feet. This progressively spreads to the other limbs: first to the hands and then the rest of the upper limbs. This can develop into mobility problems, starting in the feet, and progressing in the same way as the numbness and pain, which can cause the hands and feet to function differently. The speed and degree to which nerve damage occurs varies depending on the type of amyloidosis. It also differs from patient to patient.<\/h6>\n<h6>Diagnosis is made through clinical examination and electromyogram. If the \u2018vegetative\u2019 nerves are damaged, this often causes sensory and motor problems. The \u2018vegetative\u2019 nerves control the body\u2019s autonomic functions (digestion, sexual function, urinary processes, sustaining blood pressure when standing).<\/h6>\n<h6>Symptoms indicating autonomic damage are: Dizziness when standing up (orthostatic hypotension) which can cause fainting, early satiety, nausea, vomiting, stubborn constipation or diarrhoea which can sometimes be explosive after eating, or even an alternation between these two sorts of bowel problems. Patients might also experience problems with their genitalia and urination. These problems often start prematurely in men.<\/h6>\n<h6>Having carpal tunnel syndrome is also common amongst those who have amyloidosis. This results in pains, pins and needles and electric shock sensations in the palm side of the first three fingers of each hand. These symptoms are at their most noticeable during the night. Motor dysfunction can occur if there is no surgical intervention. The multitude of symptoms can confuse matters and patients can undergo many tests without obtaining a diagnosis.<\/h6>\n<h6>Diagram of the organs which can be affected by dysautonomia<\/h6>\n\t\t\t\t\t\t\t\t<\/div>\n\t\t\t\t<\/div>\n\t\t\t\t\t<\/div>\n\t\t<\/div>\n\t\t\t\t\t<\/div>\n\t\t<\/section>\n\t\t\t\t<section class=\"elementor-section elementor-top-section elementor-element elementor-element-2f1a9f8a elementor-section-boxed elementor-section-height-default elementor-section-height-default\" data-id=\"2f1a9f8a\" data-element_type=\"section\">\n\t\t\t\t\t\t<div class=\"elementor-container elementor-column-gap-default\">\n\t\t\t\t\t<div class=\"elementor-column elementor-col-100 elementor-top-column elementor-element elementor-element-38885af\" data-id=\"38885af\" data-element_type=\"column\">\n\t\t\t<div class=\"elementor-widget-wrap elementor-element-populated\">\n\t\t\t\t\t\t<div class=\"elementor-element elementor-element-780338f8 elementor-widget elementor-widget-image\" data-id=\"780338f8\" data-element_type=\"widget\" data-widget_type=\"image.default\">\n\t\t\t\t<div class=\"elementor-widget-container\">\n\t\t\t\t\t\t\t\t\t\t\t\t\t\t\t\t<a href=\"http:\/\/reseau-amylose.org\/patient\/wp-content\/uploads\/2019\/01\/schemaorgane.png\" data-elementor-open-lightbox=\"yes\" data-e-action-hash=\"#elementor-action%3Aaction%3Dlightbox%26settings%3DeyJpZCI6NjgxLCJ1cmwiOmZhbHNlfQ%3D%3D\">\n\t\t\t\t\t\t\t<img decoding=\"async\" src=\"http:\/\/reseau-amylose.org\/patient\/wp-content\/uploads\/2019\/01\/schemaorgane.png\" title=\"\" alt=\"\" loading=\"lazy\" \/>\t\t\t\t\t\t\t\t<\/a>\n\t\t\t\t\t\t\t\t\t\t\t\t\t\t\t<\/div>\n\t\t\t\t<\/div>\n\t\t\t\t\t<\/div>\n\t\t<\/div>\n\t\t\t\t\t<\/div>\n\t\t<\/section>\n\t\t\t\t<section class=\"elementor-section elementor-top-section elementor-element elementor-element-53cebcf8 elementor-section-boxed elementor-section-height-default elementor-section-height-default\" data-id=\"53cebcf8\" data-element_type=\"section\">\n\t\t\t\t\t\t<div class=\"elementor-container elementor-column-gap-default\">\n\t\t\t\t\t<div class=\"elementor-column elementor-col-100 elementor-top-column elementor-element elementor-element-694ff4fc\" data-id=\"694ff4fc\" data-element_type=\"column\">\n\t\t\t<div class=\"elementor-widget-wrap elementor-element-populated\">\n\t\t\t\t\t\t<div class=\"elementor-element elementor-element-c76d547 elementor-widget elementor-widget-video\" data-id=\"c76d547\" data-element_type=\"widget\" data-settings=\"{&quot;youtube_url&quot;:&quot;https:\\\/\\\/www.youtube.com\\\/watch?v=eW_HCS03S6I&quot;,&quot;video_type&quot;:&quot;youtube&quot;,&quot;controls&quot;:&quot;yes&quot;}\" data-widget_type=\"video.default\">\n\t\t\t\t<div class=\"elementor-widget-container\">\n\t\t\t\t\t\t\t<div class=\"elementor-wrapper elementor-open-inline\">\n\t\t\t<div class=\"elementor-video\"><\/div>\t\t<\/div>\n\t\t\t\t\t\t<\/div>\n\t\t\t\t<\/div>\n\t\t\t\t\t<\/div>\n\t\t<\/div>\n\t\t\t\t\t<\/div>\n\t\t<\/section>\n\t\t\t\t<section class=\"elementor-section elementor-top-section elementor-element elementor-element-364f81a8 elementor-section-boxed elementor-section-height-default elementor-section-height-default\" data-id=\"364f81a8\" data-element_type=\"section\">\n\t\t\t\t\t\t<div class=\"elementor-container elementor-column-gap-default\">\n\t\t\t\t\t<div class=\"elementor-column elementor-col-100 elementor-top-column elementor-element elementor-element-48e8274\" data-id=\"48e8274\" data-element_type=\"column\">\n\t\t\t<div class=\"elementor-widget-wrap elementor-element-populated\">\n\t\t\t\t\t\t<div class=\"elementor-element elementor-element-6ea8038a elementor-widget elementor-widget-spacer\" data-id=\"6ea8038a\" data-element_type=\"widget\" data-widget_type=\"spacer.default\">\n\t\t\t\t<div class=\"elementor-widget-container\">\n\t\t\t\t\t\t\t<div class=\"elementor-spacer\">\n\t\t\t<div class=\"elementor-spacer-inner\"><\/div>\n\t\t<\/div>\n\t\t\t\t\t\t<\/div>\n\t\t\t\t<\/div>\n\t\t\t\t\t<\/div>\n\t\t<\/div>\n\t\t\t\t\t<\/div>\n\t\t<\/section>\n\t\t\t\t<\/div>\n\t\t","protected":false},"excerpt":{"rendered":"<p>Neuropathie amylo\u00efde Amyloid neuropathy generally starts by affecting physical sensation, causing numbness and pain which initially affect the feet. This progressively spreads to the other limbs: first to the hands and then the rest of the upper limbs. This can develop into mobility problems, starting in the feet, and progressing in the same way as [&hellip;]<\/p>\n","protected":false},"author":1,"featured_media":0,"parent":1395,"menu_order":2,"comment_status":"closed","ping_status":"closed","template":"","meta":{"_monsterinsights_skip_tracking":false,"_monsterinsights_sitenote_active":false,"_monsterinsights_sitenote_note":"","_monsterinsights_sitenote_category":0,"footnotes":""},"categories":[],"tags":[],"class_list":["post-1405","page","type-page","status-publish","hentry"],"yoast_head":"<!-- This site is optimized with the Yoast SEO plugin v25.5 - https:\/\/yoast.com\/wordpress\/plugins\/seo\/ -->\n<title>Tingling, loss of sensation (in the hands and feet): Amyloid Neuropathy - R\u00e9seau Amylose Site Patient<\/title>\n<meta name=\"robots\" content=\"index, follow, max-snippet:-1, max-image-preview:large, max-video-preview:-1\" \/>\n<link rel=\"canonical\" href=\"https:\/\/reseau-amylose.org\/jesuispatient\/identifying-the-symptoms\/tingling-loss-of-sensation-in-the-hands-and-feet-amyloid-neuropathy\/\" \/>\n<meta property=\"og:locale\" content=\"fr_FR\" \/>\n<meta property=\"og:type\" content=\"article\" \/>\n<meta property=\"og:title\" content=\"Tingling, loss of sensation (in the hands and feet): Amyloid Neuropathy - R\u00e9seau Amylose Site Patient\" \/>\n<meta property=\"og:description\" content=\"Neuropathie amylo\u00efde Amyloid neuropathy generally starts by affecting physical sensation, causing numbness and pain which initially affect the feet. This progressively spreads to the other limbs: first to the hands and then the rest of the upper limbs. This can develop into mobility problems, starting in the feet, and progressing in the same way as [&hellip;]\" \/>\n<meta property=\"og:url\" content=\"https:\/\/reseau-amylose.org\/jesuispatient\/identifying-the-symptoms\/tingling-loss-of-sensation-in-the-hands-and-feet-amyloid-neuropathy\/\" \/>\n<meta property=\"og:site_name\" content=\"R\u00e9seau Amylose Site Patient\" \/>\n<meta property=\"og:image\" content=\"http:\/\/reseau-amylose.org\/patient\/wp-content\/uploads\/2019\/01\/schemaorgane.png\" \/>\n<meta name=\"twitter:card\" content=\"summary_large_image\" \/>\n<meta name=\"twitter:label1\" content=\"Dur\u00e9e de lecture estim\u00e9e\" \/>\n\t<meta name=\"twitter:data1\" content=\"1 minute\" \/>\n<script type=\"application\/ld+json\" class=\"yoast-schema-graph\">{\"@context\":\"https:\/\/schema.org\",\"@graph\":[{\"@type\":\"WebPage\",\"@id\":\"https:\/\/reseau-amylose.org\/jesuispatient\/identifying-the-symptoms\/tingling-loss-of-sensation-in-the-hands-and-feet-amyloid-neuropathy\/\",\"url\":\"https:\/\/reseau-amylose.org\/jesuispatient\/identifying-the-symptoms\/tingling-loss-of-sensation-in-the-hands-and-feet-amyloid-neuropathy\/\",\"name\":\"Tingling, loss of sensation (in the hands and feet): Amyloid Neuropathy - R\u00e9seau Amylose Site Patient\",\"isPartOf\":{\"@id\":\"https:\/\/reseau-amylose.org\/jesuispatient\/#website\"},\"primaryImageOfPage\":{\"@id\":\"https:\/\/reseau-amylose.org\/jesuispatient\/identifying-the-symptoms\/tingling-loss-of-sensation-in-the-hands-and-feet-amyloid-neuropathy\/#primaryimage\"},\"image\":{\"@id\":\"https:\/\/reseau-amylose.org\/jesuispatient\/identifying-the-symptoms\/tingling-loss-of-sensation-in-the-hands-and-feet-amyloid-neuropathy\/#primaryimage\"},\"thumbnailUrl\":\"http:\/\/reseau-amylose.org\/patient\/wp-content\/uploads\/2019\/01\/schemaorgane.png\",\"datePublished\":\"2019-06-04T14:26:11+00:00\",\"breadcrumb\":{\"@id\":\"https:\/\/reseau-amylose.org\/jesuispatient\/identifying-the-symptoms\/tingling-loss-of-sensation-in-the-hands-and-feet-amyloid-neuropathy\/#breadcrumb\"},\"inLanguage\":\"fr-FR\",\"potentialAction\":[{\"@type\":\"ReadAction\",\"target\":[\"https:\/\/reseau-amylose.org\/jesuispatient\/identifying-the-symptoms\/tingling-loss-of-sensation-in-the-hands-and-feet-amyloid-neuropathy\/\"]}]},{\"@type\":\"ImageObject\",\"inLanguage\":\"fr-FR\",\"@id\":\"https:\/\/reseau-amylose.org\/jesuispatient\/identifying-the-symptoms\/tingling-loss-of-sensation-in-the-hands-and-feet-amyloid-neuropathy\/#primaryimage\",\"url\":\"http:\/\/reseau-amylose.org\/patient\/wp-content\/uploads\/2019\/01\/schemaorgane.png\",\"contentUrl\":\"http:\/\/reseau-amylose.org\/patient\/wp-content\/uploads\/2019\/01\/schemaorgane.png\"},{\"@type\":\"BreadcrumbList\",\"@id\":\"https:\/\/reseau-amylose.org\/jesuispatient\/identifying-the-symptoms\/tingling-loss-of-sensation-in-the-hands-and-feet-amyloid-neuropathy\/#breadcrumb\",\"itemListElement\":[{\"@type\":\"ListItem\",\"position\":1,\"name\":\"Accueil\",\"item\":\"https:\/\/reseau-amylose.org\/jesuispatient\/\"},{\"@type\":\"ListItem\",\"position\":2,\"name\":\"IDENTIFYING THE SYMPTOMS\",\"item\":\"https:\/\/reseau-amylose.org\/jesuispatient\/identifying-the-symptoms\/\"},{\"@type\":\"ListItem\",\"position\":3,\"name\":\"Tingling, loss of sensation (in the hands and feet): Amyloid Neuropathy\"}]},{\"@type\":\"WebSite\",\"@id\":\"https:\/\/reseau-amylose.org\/jesuispatient\/#website\",\"url\":\"https:\/\/reseau-amylose.org\/jesuispatient\/\",\"name\":\"R\u00e9seau Amylose Site Patient\",\"description\":\"Centre de r\u00e9f\u00e9rence des amyloses cardiaques\",\"potentialAction\":[{\"@type\":\"SearchAction\",\"target\":{\"@type\":\"EntryPoint\",\"urlTemplate\":\"https:\/\/reseau-amylose.org\/jesuispatient\/?s={search_term_string}\"},\"query-input\":{\"@type\":\"PropertyValueSpecification\",\"valueRequired\":true,\"valueName\":\"search_term_string\"}}],\"inLanguage\":\"fr-FR\"}]}<\/script>\n<!-- \/ Yoast SEO plugin. -->","yoast_head_json":{"title":"Tingling, loss of sensation (in the hands and feet): Amyloid Neuropathy - R\u00e9seau Amylose Site Patient","robots":{"index":"index","follow":"follow","max-snippet":"max-snippet:-1","max-image-preview":"max-image-preview:large","max-video-preview":"max-video-preview:-1"},"canonical":"https:\/\/reseau-amylose.org\/jesuispatient\/identifying-the-symptoms\/tingling-loss-of-sensation-in-the-hands-and-feet-amyloid-neuropathy\/","og_locale":"fr_FR","og_type":"article","og_title":"Tingling, loss of sensation (in the hands and feet): Amyloid Neuropathy - R\u00e9seau Amylose Site Patient","og_description":"Neuropathie amylo\u00efde Amyloid neuropathy generally starts by affecting physical sensation, causing numbness and pain which initially affect the feet. This progressively spreads to the other limbs: first to the hands and then the rest of the upper limbs. This can develop into mobility problems, starting in the feet, and progressing in the same way as [&hellip;]","og_url":"https:\/\/reseau-amylose.org\/jesuispatient\/identifying-the-symptoms\/tingling-loss-of-sensation-in-the-hands-and-feet-amyloid-neuropathy\/","og_site_name":"R\u00e9seau Amylose Site Patient","og_image":[{"url":"http:\/\/reseau-amylose.org\/patient\/wp-content\/uploads\/2019\/01\/schemaorgane.png","type":"","width":"","height":""}],"twitter_card":"summary_large_image","twitter_misc":{"Dur\u00e9e de lecture estim\u00e9e":"1 minute"},"schema":{"@context":"https:\/\/schema.org","@graph":[{"@type":"WebPage","@id":"https:\/\/reseau-amylose.org\/jesuispatient\/identifying-the-symptoms\/tingling-loss-of-sensation-in-the-hands-and-feet-amyloid-neuropathy\/","url":"https:\/\/reseau-amylose.org\/jesuispatient\/identifying-the-symptoms\/tingling-loss-of-sensation-in-the-hands-and-feet-amyloid-neuropathy\/","name":"Tingling, loss of sensation (in the hands and feet): Amyloid Neuropathy - R\u00e9seau Amylose Site Patient","isPartOf":{"@id":"https:\/\/reseau-amylose.org\/jesuispatient\/#website"},"primaryImageOfPage":{"@id":"https:\/\/reseau-amylose.org\/jesuispatient\/identifying-the-symptoms\/tingling-loss-of-sensation-in-the-hands-and-feet-amyloid-neuropathy\/#primaryimage"},"image":{"@id":"https:\/\/reseau-amylose.org\/jesuispatient\/identifying-the-symptoms\/tingling-loss-of-sensation-in-the-hands-and-feet-amyloid-neuropathy\/#primaryimage"},"thumbnailUrl":"http:\/\/reseau-amylose.org\/patient\/wp-content\/uploads\/2019\/01\/schemaorgane.png","datePublished":"2019-06-04T14:26:11+00:00","breadcrumb":{"@id":"https:\/\/reseau-amylose.org\/jesuispatient\/identifying-the-symptoms\/tingling-loss-of-sensation-in-the-hands-and-feet-amyloid-neuropathy\/#breadcrumb"},"inLanguage":"fr-FR","potentialAction":[{"@type":"ReadAction","target":["https:\/\/reseau-amylose.org\/jesuispatient\/identifying-the-symptoms\/tingling-loss-of-sensation-in-the-hands-and-feet-amyloid-neuropathy\/"]}]},{"@type":"ImageObject","inLanguage":"fr-FR","@id":"https:\/\/reseau-amylose.org\/jesuispatient\/identifying-the-symptoms\/tingling-loss-of-sensation-in-the-hands-and-feet-amyloid-neuropathy\/#primaryimage","url":"http:\/\/reseau-amylose.org\/patient\/wp-content\/uploads\/2019\/01\/schemaorgane.png","contentUrl":"http:\/\/reseau-amylose.org\/patient\/wp-content\/uploads\/2019\/01\/schemaorgane.png"},{"@type":"BreadcrumbList","@id":"https:\/\/reseau-amylose.org\/jesuispatient\/identifying-the-symptoms\/tingling-loss-of-sensation-in-the-hands-and-feet-amyloid-neuropathy\/#breadcrumb","itemListElement":[{"@type":"ListItem","position":1,"name":"Accueil","item":"https:\/\/reseau-amylose.org\/jesuispatient\/"},{"@type":"ListItem","position":2,"name":"IDENTIFYING THE SYMPTOMS","item":"https:\/\/reseau-amylose.org\/jesuispatient\/identifying-the-symptoms\/"},{"@type":"ListItem","position":3,"name":"Tingling, loss of sensation (in the hands and feet): Amyloid Neuropathy"}]},{"@type":"WebSite","@id":"https:\/\/reseau-amylose.org\/jesuispatient\/#website","url":"https:\/\/reseau-amylose.org\/jesuispatient\/","name":"R\u00e9seau Amylose Site Patient","description":"Centre de r\u00e9f\u00e9rence des amyloses cardiaques","potentialAction":[{"@type":"SearchAction","target":{"@type":"EntryPoint","urlTemplate":"https:\/\/reseau-amylose.org\/jesuispatient\/?s={search_term_string}"},"query-input":{"@type":"PropertyValueSpecification","valueRequired":true,"valueName":"search_term_string"}}],"inLanguage":"fr-FR"}]}},"_links":{"self":[{"href":"http:\/\/reseau-amylose.org\/jesuispatient\/wp-json\/wp\/v2\/pages\/1405","targetHints":{"allow":["GET"]}}],"collection":[{"href":"http:\/\/reseau-amylose.org\/jesuispatient\/wp-json\/wp\/v2\/pages"}],"about":[{"href":"http:\/\/reseau-amylose.org\/jesuispatient\/wp-json\/wp\/v2\/types\/page"}],"author":[{"embeddable":true,"href":"http:\/\/reseau-amylose.org\/jesuispatient\/wp-json\/wp\/v2\/users\/1"}],"replies":[{"embeddable":true,"href":"http:\/\/reseau-amylose.org\/jesuispatient\/wp-json\/wp\/v2\/comments?post=1405"}],"version-history":[{"count":0,"href":"http:\/\/reseau-amylose.org\/jesuispatient\/wp-json\/wp\/v2\/pages\/1405\/revisions"}],"up":[{"embeddable":true,"href":"http:\/\/reseau-amylose.org\/jesuispatient\/wp-json\/wp\/v2\/pages\/1395"}],"wp:attachment":[{"href":"http:\/\/reseau-amylose.org\/jesuispatient\/wp-json\/wp\/v2\/media?parent=1405"}],"wp:term":[{"taxonomy":"category","embeddable":true,"href":"http:\/\/reseau-amylose.org\/jesuispatient\/wp-json\/wp\/v2\/categories?post=1405"},{"taxonomy":"post_tag","embeddable":true,"href":"http:\/\/reseau-amylose.org\/jesuispatient\/wp-json\/wp\/v2\/tags?post=1405"}],"curies":[{"name":"wp","href":"https:\/\/api.w.org\/{rel}","templated":true}]}}