{"id":128,"date":"2018-11-28T11:42:14","date_gmt":"2018-11-28T11:42:14","guid":{"rendered":"http:\/\/patient.reseau-amylose.org\/?page_id=128"},"modified":"2021-08-25T09:40:54","modified_gmt":"2021-08-25T07:40:54","slug":"la-consultation-de-conseil-genetique-en-pratique","status":"publish","type":"page","link":"http:\/\/reseau-amylose.org\/jesuispatient\/depistage-de-lamylose-ttr-hereditaire-le-conseil-genetique\/la-consultation-de-conseil-genetique-en-pratique\/","title":{"rendered":"La consultation de conseil g\u00e9n\u00e9tique, en pratique"},"content":{"rendered":"\t\t<div data-elementor-type=\"wp-post\" data-elementor-id=\"128\" class=\"elementor elementor-128\" data-elementor-post-type=\"page\">\n\t\t\t\t\t\t<section class=\"elementor-section elementor-top-section elementor-element elementor-element-7ebfc8c9 elementor-section-content-middle elementor-section-boxed elementor-section-height-default elementor-section-height-default\" data-id=\"7ebfc8c9\" data-element_type=\"section\" data-settings=\"{&quot;background_background&quot;:&quot;classic&quot;}\">\n\t\t\t\t\t\t<div class=\"elementor-container elementor-column-gap-no\">\n\t\t\t\t\t<div class=\"elementor-column elementor-col-100 elementor-top-column elementor-element elementor-element-2d95717c\" data-id=\"2d95717c\" data-element_type=\"column\">\n\t\t\t<div class=\"elementor-widget-wrap elementor-element-populated\">\n\t\t\t\t\t\t<div class=\"elementor-element elementor-element-2e29db38 elementor-widget-divider--view-line elementor-widget elementor-widget-divider\" data-id=\"2e29db38\" data-element_type=\"widget\" data-widget_type=\"divider.default\">\n\t\t\t\t<div class=\"elementor-widget-container\">\n\t\t\t\t\t\t\t<div class=\"elementor-divider\">\n\t\t\t<span class=\"elementor-divider-separator\">\n\t\t\t\t\t\t<\/span>\n\t\t<\/div>\n\t\t\t\t\t\t<\/div>\n\t\t\t\t<\/div>\n\t\t\t\t<div class=\"elementor-element elementor-element-46c4fd4a elementor-widget elementor-widget-heading\" data-id=\"46c4fd4a\" data-element_type=\"widget\" data-widget_type=\"heading.default\">\n\t\t\t\t<div class=\"elementor-widget-container\">\n\t\t\t\t\t<h6 class=\"elementor-heading-title elementor-size-default\"><h2 class=\"elementor-heading-title elementor-size-large elementor-inline-editing pen\" data-elementor-setting-key=\"title\" data-pen-placeholder=\"\u00c9crivez ici...\">Consultation g\u00e9n\u00e9tique<\/h2><\/h6>\t\t\t\t<\/div>\n\t\t\t\t<\/div>\n\t\t\t\t\t<\/div>\n\t\t<\/div>\n\t\t\t\t\t<\/div>\n\t\t<\/section>\n\t\t\t\t<section class=\"elementor-section elementor-top-section elementor-element elementor-element-e6ac91e elementor-section-boxed elementor-section-height-default elementor-section-height-default\" data-id=\"e6ac91e\" data-element_type=\"section\">\n\t\t\t\t\t\t<div class=\"elementor-container elementor-column-gap-default\">\n\t\t\t\t\t<div class=\"elementor-column elementor-col-100 elementor-top-column elementor-element elementor-element-bfbd717\" data-id=\"bfbd717\" data-element_type=\"column\">\n\t\t\t<div class=\"elementor-widget-wrap elementor-element-populated\">\n\t\t\t\t\t\t<div class=\"elementor-element elementor-element-6111c47 elementor-widget elementor-widget-text-editor\" data-id=\"6111c47\" data-element_type=\"widget\" data-widget_type=\"text-editor.default\">\n\t\t\t\t<div class=\"elementor-widget-container\">\n\t\t\t\t\t\t\t\t\t<h6>\u00a0<\/h6><h6><span style=\"color: #000000;\">On vous a propos\u00e9 de faire un test g\u00e9n\u00e9tique dans le cadre d\u2019un conseil g\u00e9n\u00e9tique car un membre de votre famille est atteint d\u2019une amylose h\u00e9r\u00e9ditaire. <strong><u>Ce test consiste en une prise de sang de 5ml<\/u>.<\/strong><\/span><\/h6><h6 style=\"text-align: center;\"><a href=\"https:\/\/www.reseau-amylose.org\/jesuispatient\/depistage-de-lamylose-ttr-hereditaire-le-conseil-genetique\/la-demarche-de-conseil-genetique\/\" target=\"_blank\" rel=\"noopener\"><span style=\"color: #000000;\"><strong>Pour connaitre les diff\u00e9rentes \u00e9tapes du test g\u00e9ntique CLIQUEZ ICI<\/strong><\/span><\/a><\/h6>\t\t\t\t\t\t\t\t<\/div>\n\t\t\t\t<\/div>\n\t\t\t\t\t<\/div>\n\t\t<\/div>\n\t\t\t\t\t<\/div>\n\t\t<\/section>\n\t\t\t\t<section class=\"elementor-section elementor-top-section elementor-element elementor-element-b392ac1 elementor-section-boxed elementor-section-height-default elementor-section-height-default\" data-id=\"b392ac1\" data-element_type=\"section\">\n\t\t\t\t\t\t<div class=\"elementor-container elementor-column-gap-default\">\n\t\t\t\t\t<div class=\"elementor-column elementor-col-50 elementor-top-column elementor-element elementor-element-a8c1e69\" data-id=\"a8c1e69\" data-element_type=\"column\">\n\t\t\t<div class=\"elementor-widget-wrap elementor-element-populated\">\n\t\t\t\t\t\t<div class=\"elementor-element elementor-element-3feec0c elementor-widget elementor-widget-text-editor\" data-id=\"3feec0c\" data-element_type=\"widget\" data-widget_type=\"text-editor.default\">\n\t\t\t\t<div class=\"elementor-widget-container\">\n\t\t\t\t\t\t\t\t\t<h6><strong><span style=\"color: #4db8f0;\">Le Conseil G\u00e9n\u00e9tique pour les Amyloses Cardiaques<\/span><\/strong><\/h6><p><em><span style=\"color: #4db8f0;\">B\u00e9r\u00e9nice HEBRARD<\/span><\/em><\/p>\t\t\t\t\t\t\t\t<\/div>\n\t\t\t\t<\/div>\n\t\t\t\t<div class=\"elementor-element elementor-element-2f94bdb elementor-widget elementor-widget-video\" data-id=\"2f94bdb\" data-element_type=\"widget\" data-settings=\"{&quot;youtube_url&quot;:&quot;https:\\\/\\\/www.youtube.com\\\/watch?v=rzSsQwLH-SI&amp;ab_channel=R%C3%A9seauAmylose&quot;,&quot;video_type&quot;:&quot;youtube&quot;,&quot;controls&quot;:&quot;yes&quot;}\" data-widget_type=\"video.default\">\n\t\t\t\t<div class=\"elementor-widget-container\">\n\t\t\t\t\t\t\t<div class=\"elementor-wrapper elementor-open-inline\">\n\t\t\t<div class=\"elementor-video\"><\/div>\t\t<\/div>\n\t\t\t\t\t\t<\/div>\n\t\t\t\t<\/div>\n\t\t\t\t\t<\/div>\n\t\t<\/div>\n\t\t\t\t<div class=\"elementor-column elementor-col-50 elementor-top-column elementor-element elementor-element-d034779\" data-id=\"d034779\" data-element_type=\"column\">\n\t\t\t<div class=\"elementor-widget-wrap elementor-element-populated\">\n\t\t\t\t\t\t<div class=\"elementor-element elementor-element-e0ca60c elementor-widget elementor-widget-text-editor\" data-id=\"e0ca60c\" data-element_type=\"widget\" data-widget_type=\"text-editor.default\">\n\t\t\t\t<div class=\"elementor-widget-container\">\n\t\t\t\t\t\t\t\t\t<p>\u00a0<\/p><p>\u00a0<\/p><p>\u00a0<\/p><p>\u00a0<\/p><p>\u00a0<\/p><p>\u00a0<\/p>\t\t\t\t\t\t\t\t<\/div>\n\t\t\t\t<\/div>\n\t\t\t\t<div class=\"elementor-element elementor-element-845ac7e elementor-align-center elementor-widget elementor-widget-button\" data-id=\"845ac7e\" data-element_type=\"widget\" data-widget_type=\"button.default\">\n\t\t\t\t<div class=\"elementor-widget-container\">\n\t\t\t\t\t\t\t\t\t<div class=\"elementor-button-wrapper\">\n\t\t\t\t\t<a class=\"elementor-button elementor-button-link elementor-size-md\" href=\"https:\/\/www.reseau-amylose.org\/jesuispatient\/triptyques-du-centre-de-reference-des-amyloses-cardiaques-chu-henri-mondor\/\">\n\t\t\t\t\t\t<span class=\"elementor-button-content-wrapper\">\n\t\t\t\t\t\t\t\t\t<span class=\"elementor-button-text\">T\u00e9l\u00e9chargez le triptyque - Le conseil g\u00e9n\u00e9tique<\/span>\n\t\t\t\t\t<\/span>\n\t\t\t\t\t<\/a>\n\t\t\t\t<\/div>\n\t\t\t\t\t\t\t\t<\/div>\n\t\t\t\t<\/div>\n\t\t\t\t\t<\/div>\n\t\t<\/div>\n\t\t\t\t\t<\/div>\n\t\t<\/section>\n\t\t\t\t<\/div>\n\t\t","protected":false},"excerpt":{"rendered":"<p>Consultation g\u00e9n\u00e9tique On vous a propos\u00e9 de faire un test g\u00e9n\u00e9tique dans le cadre d\u2019un conseil g\u00e9n\u00e9tique car un membre de votre famille est atteint d\u2019une amylose h\u00e9r\u00e9ditaire. Ce test consiste en une prise de sang de 5ml. Pour connaitre les diff\u00e9rentes \u00e9tapes du test g\u00e9ntique CLIQUEZ ICI Le Conseil G\u00e9n\u00e9tique pour les Amyloses Cardiaques [&hellip;]<\/p>\n","protected":false},"author":1,"featured_media":0,"parent":88,"menu_order":4,"comment_status":"closed","ping_status":"closed","template":"","meta":{"_monsterinsights_skip_tracking":false,"_monsterinsights_sitenote_active":false,"_monsterinsights_sitenote_note":"","_monsterinsights_sitenote_category":0,"footnotes":""},"categories":[],"tags":[],"class_list":["post-128","page","type-page","status-publish","hentry"],"yoast_head":"<!-- This site is optimized with the Yoast SEO plugin v25.5 - https:\/\/yoast.com\/wordpress\/plugins\/seo\/ -->\n<title>La consultation de conseil g\u00e9n\u00e9tique, en pratique - R\u00e9seau Amylose Site Patient<\/title>\n<meta name=\"robots\" content=\"index, follow, max-snippet:-1, max-image-preview:large, max-video-preview:-1\" \/>\n<link rel=\"canonical\" href=\"http:\/\/reseau-amylose.org\/jesuispatient\/depistage-de-lamylose-ttr-hereditaire-le-conseil-genetique\/la-consultation-de-conseil-genetique-en-pratique\/\" \/>\n<meta property=\"og:locale\" content=\"fr_FR\" \/>\n<meta property=\"og:type\" content=\"article\" \/>\n<meta property=\"og:title\" content=\"La consultation de conseil g\u00e9n\u00e9tique, en pratique - R\u00e9seau Amylose Site Patient\" \/>\n<meta property=\"og:description\" content=\"Consultation g\u00e9n\u00e9tique On vous a propos\u00e9 de faire un test g\u00e9n\u00e9tique dans le cadre d\u2019un conseil g\u00e9n\u00e9tique car un membre de votre famille est atteint d\u2019une amylose h\u00e9r\u00e9ditaire. Ce test consiste en une prise de sang de 5ml. Pour connaitre les diff\u00e9rentes \u00e9tapes du test g\u00e9ntique CLIQUEZ ICI Le Conseil G\u00e9n\u00e9tique pour les Amyloses Cardiaques [&hellip;]\" \/>\n<meta property=\"og:url\" content=\"http:\/\/reseau-amylose.org\/jesuispatient\/depistage-de-lamylose-ttr-hereditaire-le-conseil-genetique\/la-consultation-de-conseil-genetique-en-pratique\/\" \/>\n<meta property=\"og:site_name\" content=\"R\u00e9seau Amylose Site Patient\" \/>\n<meta property=\"article:modified_time\" content=\"2021-08-25T07:40:54+00:00\" \/>\n<meta name=\"twitter:card\" content=\"summary_large_image\" \/>\n<meta name=\"twitter:label1\" content=\"Dur\u00e9e de lecture estim\u00e9e\" \/>\n\t<meta name=\"twitter:data1\" content=\"1 minute\" \/>\n<script type=\"application\/ld+json\" class=\"yoast-schema-graph\">{\"@context\":\"https:\/\/schema.org\",\"@graph\":[{\"@type\":\"WebPage\",\"@id\":\"http:\/\/reseau-amylose.org\/jesuispatient\/depistage-de-lamylose-ttr-hereditaire-le-conseil-genetique\/la-consultation-de-conseil-genetique-en-pratique\/\",\"url\":\"http:\/\/reseau-amylose.org\/jesuispatient\/depistage-de-lamylose-ttr-hereditaire-le-conseil-genetique\/la-consultation-de-conseil-genetique-en-pratique\/\",\"name\":\"La consultation de conseil g\u00e9n\u00e9tique, en pratique - R\u00e9seau Amylose Site Patient\",\"isPartOf\":{\"@id\":\"https:\/\/reseau-amylose.org\/jesuispatient\/#website\"},\"datePublished\":\"2018-11-28T11:42:14+00:00\",\"dateModified\":\"2021-08-25T07:40:54+00:00\",\"breadcrumb\":{\"@id\":\"http:\/\/reseau-amylose.org\/jesuispatient\/depistage-de-lamylose-ttr-hereditaire-le-conseil-genetique\/la-consultation-de-conseil-genetique-en-pratique\/#breadcrumb\"},\"inLanguage\":\"fr-FR\",\"potentialAction\":[{\"@type\":\"ReadAction\",\"target\":[\"http:\/\/reseau-amylose.org\/jesuispatient\/depistage-de-lamylose-ttr-hereditaire-le-conseil-genetique\/la-consultation-de-conseil-genetique-en-pratique\/\"]}]},{\"@type\":\"BreadcrumbList\",\"@id\":\"http:\/\/reseau-amylose.org\/jesuispatient\/depistage-de-lamylose-ttr-hereditaire-le-conseil-genetique\/la-consultation-de-conseil-genetique-en-pratique\/#breadcrumb\",\"itemListElement\":[{\"@type\":\"ListItem\",\"position\":1,\"name\":\"Accueil\",\"item\":\"https:\/\/reseau-amylose.org\/jesuispatient\/\"},{\"@type\":\"ListItem\",\"position\":2,\"name\":\"DEPISTAGE\u00a0 DE L\u2019AMYLOSE TTR HEREDITAIRE\",\"item\":\"http:\/\/reseau-amylose.org\/jesuispatient\/depistage-de-lamylose-ttr-hereditaire-le-conseil-genetique\/\"},{\"@type\":\"ListItem\",\"position\":3,\"name\":\"La consultation de conseil g\u00e9n\u00e9tique, en pratique\"}]},{\"@type\":\"WebSite\",\"@id\":\"https:\/\/reseau-amylose.org\/jesuispatient\/#website\",\"url\":\"https:\/\/reseau-amylose.org\/jesuispatient\/\",\"name\":\"R\u00e9seau Amylose Site Patient\",\"description\":\"Centre de r\u00e9f\u00e9rence des amyloses cardiaques\",\"potentialAction\":[{\"@type\":\"SearchAction\",\"target\":{\"@type\":\"EntryPoint\",\"urlTemplate\":\"https:\/\/reseau-amylose.org\/jesuispatient\/?s={search_term_string}\"},\"query-input\":{\"@type\":\"PropertyValueSpecification\",\"valueRequired\":true,\"valueName\":\"search_term_string\"}}],\"inLanguage\":\"fr-FR\"}]}<\/script>\n<!-- \/ Yoast SEO plugin. -->","yoast_head_json":{"title":"La consultation de conseil g\u00e9n\u00e9tique, en pratique - R\u00e9seau Amylose Site Patient","robots":{"index":"index","follow":"follow","max-snippet":"max-snippet:-1","max-image-preview":"max-image-preview:large","max-video-preview":"max-video-preview:-1"},"canonical":"http:\/\/reseau-amylose.org\/jesuispatient\/depistage-de-lamylose-ttr-hereditaire-le-conseil-genetique\/la-consultation-de-conseil-genetique-en-pratique\/","og_locale":"fr_FR","og_type":"article","og_title":"La consultation de conseil g\u00e9n\u00e9tique, en pratique - R\u00e9seau Amylose Site Patient","og_description":"Consultation g\u00e9n\u00e9tique On vous a propos\u00e9 de faire un test g\u00e9n\u00e9tique dans le cadre d\u2019un conseil g\u00e9n\u00e9tique car un membre de votre famille est atteint d\u2019une amylose h\u00e9r\u00e9ditaire. Ce test consiste en une prise de sang de 5ml. Pour connaitre les diff\u00e9rentes \u00e9tapes du test g\u00e9ntique CLIQUEZ ICI Le Conseil G\u00e9n\u00e9tique pour les Amyloses Cardiaques [&hellip;]","og_url":"http:\/\/reseau-amylose.org\/jesuispatient\/depistage-de-lamylose-ttr-hereditaire-le-conseil-genetique\/la-consultation-de-conseil-genetique-en-pratique\/","og_site_name":"R\u00e9seau Amylose Site Patient","article_modified_time":"2021-08-25T07:40:54+00:00","twitter_card":"summary_large_image","twitter_misc":{"Dur\u00e9e de lecture estim\u00e9e":"1 minute"},"schema":{"@context":"https:\/\/schema.org","@graph":[{"@type":"WebPage","@id":"http:\/\/reseau-amylose.org\/jesuispatient\/depistage-de-lamylose-ttr-hereditaire-le-conseil-genetique\/la-consultation-de-conseil-genetique-en-pratique\/","url":"http:\/\/reseau-amylose.org\/jesuispatient\/depistage-de-lamylose-ttr-hereditaire-le-conseil-genetique\/la-consultation-de-conseil-genetique-en-pratique\/","name":"La consultation de conseil g\u00e9n\u00e9tique, en pratique - R\u00e9seau Amylose Site Patient","isPartOf":{"@id":"https:\/\/reseau-amylose.org\/jesuispatient\/#website"},"datePublished":"2018-11-28T11:42:14+00:00","dateModified":"2021-08-25T07:40:54+00:00","breadcrumb":{"@id":"http:\/\/reseau-amylose.org\/jesuispatient\/depistage-de-lamylose-ttr-hereditaire-le-conseil-genetique\/la-consultation-de-conseil-genetique-en-pratique\/#breadcrumb"},"inLanguage":"fr-FR","potentialAction":[{"@type":"ReadAction","target":["http:\/\/reseau-amylose.org\/jesuispatient\/depistage-de-lamylose-ttr-hereditaire-le-conseil-genetique\/la-consultation-de-conseil-genetique-en-pratique\/"]}]},{"@type":"BreadcrumbList","@id":"http:\/\/reseau-amylose.org\/jesuispatient\/depistage-de-lamylose-ttr-hereditaire-le-conseil-genetique\/la-consultation-de-conseil-genetique-en-pratique\/#breadcrumb","itemListElement":[{"@type":"ListItem","position":1,"name":"Accueil","item":"https:\/\/reseau-amylose.org\/jesuispatient\/"},{"@type":"ListItem","position":2,"name":"DEPISTAGE\u00a0 DE L\u2019AMYLOSE TTR HEREDITAIRE","item":"http:\/\/reseau-amylose.org\/jesuispatient\/depistage-de-lamylose-ttr-hereditaire-le-conseil-genetique\/"},{"@type":"ListItem","position":3,"name":"La consultation de conseil g\u00e9n\u00e9tique, en pratique"}]},{"@type":"WebSite","@id":"https:\/\/reseau-amylose.org\/jesuispatient\/#website","url":"https:\/\/reseau-amylose.org\/jesuispatient\/","name":"R\u00e9seau Amylose Site Patient","description":"Centre de r\u00e9f\u00e9rence des amyloses cardiaques","potentialAction":[{"@type":"SearchAction","target":{"@type":"EntryPoint","urlTemplate":"https:\/\/reseau-amylose.org\/jesuispatient\/?s={search_term_string}"},"query-input":{"@type":"PropertyValueSpecification","valueRequired":true,"valueName":"search_term_string"}}],"inLanguage":"fr-FR"}]}},"_links":{"self":[{"href":"http:\/\/reseau-amylose.org\/jesuispatient\/wp-json\/wp\/v2\/pages\/128","targetHints":{"allow":["GET"]}}],"collection":[{"href":"http:\/\/reseau-amylose.org\/jesuispatient\/wp-json\/wp\/v2\/pages"}],"about":[{"href":"http:\/\/reseau-amylose.org\/jesuispatient\/wp-json\/wp\/v2\/types\/page"}],"author":[{"embeddable":true,"href":"http:\/\/reseau-amylose.org\/jesuispatient\/wp-json\/wp\/v2\/users\/1"}],"replies":[{"embeddable":true,"href":"http:\/\/reseau-amylose.org\/jesuispatient\/wp-json\/wp\/v2\/comments?post=128"}],"version-history":[{"count":6,"href":"http:\/\/reseau-amylose.org\/jesuispatient\/wp-json\/wp\/v2\/pages\/128\/revisions"}],"predecessor-version":[{"id":3166,"href":"http:\/\/reseau-amylose.org\/jesuispatient\/wp-json\/wp\/v2\/pages\/128\/revisions\/3166"}],"up":[{"embeddable":true,"href":"http:\/\/reseau-amylose.org\/jesuispatient\/wp-json\/wp\/v2\/pages\/88"}],"wp:attachment":[{"href":"http:\/\/reseau-amylose.org\/jesuispatient\/wp-json\/wp\/v2\/media?parent=128"}],"wp:term":[{"taxonomy":"category","embeddable":true,"href":"http:\/\/reseau-amylose.org\/jesuispatient\/wp-json\/wp\/v2\/categories?post=128"},{"taxonomy":"post_tag","embeddable":true,"href":"http:\/\/reseau-amylose.org\/jesuispatient\/wp-json\/wp\/v2\/tags?post=128"}],"curies":[{"name":"wp","href":"https:\/\/api.w.org\/{rel}","templated":true}]}}